{"id":9515,"date":"2024-05-01T22:45:08","date_gmt":"2024-05-01T20:45:08","guid":{"rendered":"https:\/\/www.zillions.nl\/?post_type=product&#038;p=9515"},"modified":"2026-02-13T11:49:16","modified_gmt":"2026-02-13T10:49:16","slug":"vitra-eames-ea208-zwart-softpad-leer-chroom","status":"publish","type":"product","link":"https:\/\/www.zillions.nl\/de\/product\/vitra-eames-ea208-zwart-softpad-leer-chroom\/","title":{"rendered":"Vitra Eames EA 208 Softpad Schwarzes Leder \u2013 Chrom"},"content":{"rendered":"<p><span style=\"font-weight: 400\">Vitra Eames EA 208 Konferenzstuhl schwarzes Leder \u2013 Chrom<\/span><br style=\"font-weight: 400\" \/><br style=\"font-weight: 400\" \/><span style=\"font-weight: 400\">Die Kissen dieses Vitra EA 208 B\u00fcrostuhls mit niedriger R\u00fcckenlehne sind aus schwarzem Leder gefertigt, was f\u00fcr einen luxuri\u00f6sen und zeitlosen Look sorgt. Der Stuhl verf\u00fcgt \u00fcber ein verchromtes Aluminiumgeh\u00e4use, das f\u00fcr einen gl\u00e4nzenden Effekt sorgt. Dies tr\u00e4gt nicht nur zu einem klassischen Look bei, sondern ist auch eine nachhaltige Wahl, da das Aluminium am Ende seiner Lebensdauer f\u00fcr 90% wieder recycelt werden kann. Der Stuhl ist original 100% und verf\u00fcgt \u00fcber alle Sicherheitsmerkmale.<\/span><br style=\"font-weight: 400\" \/><b><strong><br \/>\nZustand:<\/strong><\/b><span style=\"font-weight: 400\">\u00a0Ausstellungszustand: im Neuzustand<\/span><br style=\"font-weight: 400\" \/><br style=\"font-weight: 400\" \/><b><strong>Lieferung ab Lager<\/strong><\/b><br style=\"font-weight: 400\" \/><br style=\"font-weight: 400\" \/><b><strong>Hinweis:\u00a0<\/strong><\/b><span style=\"font-weight: 400\">Die angezeigten Preise sind\u00a0<\/span><u style=\"font-weight: 400\">pro St\u00fcck<\/u><span style=\"font-weight: 400\">!<\/span><\/p>\n<p style=\"font-weight: 400\">Der Vitra EA 208 ist ein B\u00fcrostuhl der \u201eSoft Pad Group\u201c, der 1969 von Charles und Ray Eames entworfen wurde. Obwohl das Design dem der \u201eAluminum Group\u201c \u00e4hnelt, zeichnet sich die Soft Pad-Kollektion durch einen weicheren, luxuri\u00f6seren Lederbezug aus, der f\u00fcr zus\u00e4tzlichen Komfort sorgt. Der Stuhl bietet au\u00dfergew\u00f6hnlichen Sitzkomfort durch den verstellbaren Neigungsmechanismus und das sich dem K\u00f6rper anpassende Design. Mit seinem eleganten und zeitlosen Design eignet sich der Stuhl besonders f\u00fcr Chefb\u00fcros und ist wie die Aluminium-Kollektion ein wichtiger Beitrag zum modernen M\u00f6beldesign.<\/p>\n<p style=\"font-weight: 400\"><span style=\"font-weight: 400\">Spezifikationen:<\/span><br style=\"font-weight: 400\" \/><b><strong>Sitz:<\/strong><\/b><span style=\"font-weight: 400\"> Leder, schwarz; drehbar<\/span><br style=\"font-weight: 400\" \/><b><strong>Rahmen:<\/strong><\/b><span style=\"font-weight: 400\">\u00a0Aluminium, verchromt<\/span><br style=\"font-weight: 400\" \/><b><strong>R\u00fcckenlehne:<\/strong><\/b><span style=\"font-weight: 400\">\u00a0halbhoch; 41 cm<\/span><br style=\"font-weight: 400\" \/><b><strong>Armlehne:<\/strong><\/b><span style=\"font-weight: 400\">\u00a023,3 cm hoch<\/span><br style=\"font-weight: 400\" \/><b><strong>Sitzh\u00f6he:<\/strong><\/b><span style=\"font-weight: 400\">\u00a043cm; nicht h\u00f6henverstellbar<\/span><br style=\"font-weight: 400\" \/><b><strong>Volle H\u00f6he:<\/strong><\/b><span style=\"font-weight: 400\">\u00a084 cm<\/span><br style=\"font-weight: 400\" \/><b><strong>Sitzbreite:<\/strong><\/b><span style=\"font-weight: 400\">\u00a052,5 cm<\/span><br style=\"font-weight: 400\" \/><b><strong>Sitztiefe:<\/strong><\/b><span style=\"font-weight: 400\">\u00a045 cm<\/span><br style=\"font-weight: 400\" \/><br style=\"font-weight: 400\" \/><span style=\"font-weight: 400\">Wenn Sie Fragen haben oder einen unverbindlichen Besichtigungstermin vereinbaren m\u00f6chten, k\u00f6nnen Sie sich gerne an uns wenden. Lieferung durch unseren eigenen Lieferservice m\u00f6glich! Besuchen Sie unsere Website f\u00fcr viele weitere Designartikel!<\/span><br style=\"font-weight: 400\" \/><b><strong><br \/>\nKontaktdaten (Besuch nach Vereinbarung):<\/strong><\/b><br style=\"font-weight: 400\" \/><span style=\"font-weight: 400\">Industrieweg 21<\/span><br style=\"font-weight: 400\" \/><span style=\"font-weight: 400\">4131NK Vianen<\/span><br style=\"font-weight: 400\" \/><span style=\"font-weight: 400\">info@zillions.nl<\/span><br style=\"font-weight: 400\" \/><span style=\"font-weight: 400\">030 20 72 146<\/span><br style=\"font-weight: 400\" \/><br style=\"font-weight: 400\" \/><span style=\"font-weight: 400\">F\u00fcr viel mehr Design sehen Sie sich alle unsere Anzeigen f\u00fcr Top-Marken an, wie zum Beispiel:<\/span><br style=\"font-weight: 400\" \/><span style=\"font-weight: 400\">Artimide, Floss, Vitra, Eames Herman Miller, Artifort, B&amp;B Italia, Ahrend, Interstuhl, Grahl, Hay, Norman Copenhagen, Cassina, Artifort, Gispen, Leolux, Montis, Arne Jacobsen, Bert Plantagie, Design auf Lager, Rolf Benz, Jori , Harvink usw.<\/span><br style=\"font-weight: 400\" \/><br style=\"font-weight: 400\" \/><span style=\"font-weight: 400\">Design von Top-Designern: unter anderem<\/span><br style=\"font-weight: 400\" \/><span style=\"font-weight: 400\">Arne Jacobsen, Charles Eames, Cees Braakman, Eero Saarinen, Poul Henningsen, Poul Kjaerholm, Verner Panton, Martin Visser, Mart Stam, Eileen Gray, Gerrit Rietveld, Pierre Paulin, Ko Liang Ie, Marcel Breuer, Rob Parry, Vico Magistretti, Hans Wegner, Borge Mogensen, Finn Juhl, Grete Jalk, Osvaldo Borsani, Isamu Noguchi, George Nelson, Geoffrey Harcourt, Ilmari Tapiovaara, Ferdinand Solere, Joe Colombo Friso Kramer, Harry Bertoia, Lisa Pape, Ettore Sottsass Paul Schuitema Bruno Mathsson<\/span><\/p>","protected":false},"excerpt":{"rendered":"<p>Vitra Eames EA 208 conferentiestoel zwart leer \u2013 chroomDe kussens van deze Vitra EA 208 bureaustoel met lage rug, zijn uitgevoerd in zwart leer, wat zorgt voor een luxe en tijdloze uitstraling. De stoel heeft een behuizing van verchroomd aluminium, wat zorgt voor een glanzend effect. Dit draagt niet alleen bij aan een klassieke uitstraling, [&hellip;]<\/p>\n","protected":false},"featured_media":18698,"template":"","meta":{"_acf_changed":false},"product_brand":[202],"product_cat":[16,185],"product_tag":[322],"class_list":{"0":"post-9515","1":"product","2":"type-product","3":"status-publish","4":"has-post-thumbnail","6":"product_brand-vitra","7":"product_cat-alle-producten","8":"product_cat-stoelen","9":"product_tag-vitra","10":"pa_brands-vitra","12":"first","13":"instock","14":"purchasable","15":"product-type-simple"},"acf":[],"yoast_head":"<!-- This site is optimized with the Yoast SEO plugin v27.5 - https:\/\/yoast.com\/product\/yoast-seo-wordpress\/ -->\n<title>Vitra Eames EA 208 Softpad Zwart Leer - Chroom - Zillions: nieuw en gebruikt design meubilair en stoelen<\/title>\n<meta name=\"robots\" content=\"index, follow, max-snippet:-1, max-image-preview:large, max-video-preview:-1\" \/>\n<link rel=\"canonical\" href=\"https:\/\/www.zillions.nl\/de\/product\/vitra-eames-ea208-zwart-softpad-leer-chroom\/\" \/>\n<meta property=\"og:locale\" content=\"de_DE\" \/>\n<meta property=\"og:type\" content=\"article\" \/>\n<meta property=\"og:title\" content=\"Vitra Eames EA 208 Softpad Zwart Leer - Chroom - Zillions: nieuw en gebruikt design meubilair en stoelen\" \/>\n<meta property=\"og:description\" content=\"Vitra Eames EA 208 conferentiestoel zwart leer \u2013 chroomDe kussens van deze Vitra EA 208 bureaustoel met lage rug, zijn uitgevoerd in zwart leer, wat zorgt voor een luxe en tijdloze uitstraling. De stoel heeft een behuizing van verchroomd aluminium, wat zorgt voor een glanzend effect. Dit draagt niet alleen bij aan een klassieke uitstraling, [&hellip;]\" \/>\n<meta property=\"og:url\" content=\"https:\/\/www.zillions.nl\/de\/product\/vitra-eames-ea208-zwart-softpad-leer-chroom\/\" \/>\n<meta property=\"og:site_name\" content=\"Zillions: nieuw en gebruikt design meubilair en stoelen\" \/>\n<meta property=\"article:modified_time\" content=\"2026-02-13T10:49:16+00:00\" \/>\n<meta property=\"og:image\" content=\"https:\/\/www.zillions.nl\/wp-content\/uploads\/2024\/05\/207-4-650x650-1.jpg\" \/>\n\t<meta property=\"og:image:width\" content=\"650\" \/>\n\t<meta property=\"og:image:height\" content=\"650\" \/>\n\t<meta property=\"og:image:type\" content=\"image\/jpeg\" \/>\n<meta name=\"twitter:card\" content=\"summary_large_image\" \/>\n<meta name=\"twitter:label1\" content=\"Est. reading time\" \/>\n\t<meta name=\"twitter:data1\" content=\"3 minutes\" \/>\n<script type=\"application\/ld+json\" class=\"yoast-schema-graph\">{\"@context\":\"https:\\\/\\\/schema.org\",\"@graph\":[{\"@type\":\"WebPage\",\"@id\":\"https:\\\/\\\/www.zillions.nl\\\/product\\\/vitra-eames-ea208-zwart-softpad-leer-chroom\\\/\",\"url\":\"https:\\\/\\\/www.zillions.nl\\\/product\\\/vitra-eames-ea208-zwart-softpad-leer-chroom\\\/\",\"name\":\"Vitra Eames EA 208 Softpad Zwart Leer - Chroom - Zillions: nieuw en gebruikt design meubilair en stoelen\",\"isPartOf\":{\"@id\":\"https:\\\/\\\/www.zillions.nl\\\/de\\\/#website\"},\"primaryImageOfPage\":{\"@id\":\"https:\\\/\\\/www.zillions.nl\\\/product\\\/vitra-eames-ea208-zwart-softpad-leer-chroom\\\/#primaryimage\"},\"image\":{\"@id\":\"https:\\\/\\\/www.zillions.nl\\\/product\\\/vitra-eames-ea208-zwart-softpad-leer-chroom\\\/#primaryimage\"},\"thumbnailUrl\":\"https:\\\/\\\/www.zillions.nl\\\/wp-content\\\/uploads\\\/2024\\\/05\\\/207-4-650x650-1.jpg\",\"datePublished\":\"2024-05-01T20:45:08+00:00\",\"dateModified\":\"2026-02-13T10:49:16+00:00\",\"breadcrumb\":{\"@id\":\"https:\\\/\\\/www.zillions.nl\\\/product\\\/vitra-eames-ea208-zwart-softpad-leer-chroom\\\/#breadcrumb\"},\"inLanguage\":\"de-DE\",\"potentialAction\":[{\"@type\":\"ReadAction\",\"target\":[\"https:\\\/\\\/www.zillions.nl\\\/product\\\/vitra-eames-ea208-zwart-softpad-leer-chroom\\\/\"]}]},{\"@type\":\"ImageObject\",\"inLanguage\":\"de-DE\",\"@id\":\"https:\\\/\\\/www.zillions.nl\\\/product\\\/vitra-eames-ea208-zwart-softpad-leer-chroom\\\/#primaryimage\",\"url\":\"https:\\\/\\\/www.zillions.nl\\\/wp-content\\\/uploads\\\/2024\\\/05\\\/207-4-650x650-1.jpg\",\"contentUrl\":\"https:\\\/\\\/www.zillions.nl\\\/wp-content\\\/uploads\\\/2024\\\/05\\\/207-4-650x650-1.jpg\",\"width\":650,\"height\":650},{\"@type\":\"BreadcrumbList\",\"@id\":\"https:\\\/\\\/www.zillions.nl\\\/product\\\/vitra-eames-ea208-zwart-softpad-leer-chroom\\\/#breadcrumb\",\"itemListElement\":[{\"@type\":\"ListItem\",\"position\":1,\"name\":\"Home\",\"item\":\"https:\\\/\\\/www.zillions.nl\\\/\"},{\"@type\":\"ListItem\",\"position\":2,\"name\":\"Shop\",\"item\":\"https:\\\/\\\/www.zillions.nl\\\/shop\\\/\"},{\"@type\":\"ListItem\",\"position\":3,\"name\":\"Vitra Eames EA 208 Softpad Zwart Leer &#8211; Chroom\"}]},{\"@type\":\"WebSite\",\"@id\":\"https:\\\/\\\/www.zillions.nl\\\/de\\\/#website\",\"url\":\"https:\\\/\\\/www.zillions.nl\\\/de\\\/\",\"name\":\"Zillions: nieuw en gebruikt design meubilair en stoelen\",\"description\":\"Welkom bij Zillions: Zillions is gespecialiseerd in nieuw en gebruikt design meubilair en stoelen.\",\"publisher\":{\"@id\":\"https:\\\/\\\/www.zillions.nl\\\/de\\\/#organization\"},\"potentialAction\":[{\"@type\":\"SearchAction\",\"target\":{\"@type\":\"EntryPoint\",\"urlTemplate\":\"https:\\\/\\\/www.zillions.nl\\\/de\\\/?s={search_term_string}\"},\"query-input\":{\"@type\":\"PropertyValueSpecification\",\"valueRequired\":true,\"valueName\":\"search_term_string\"}}],\"inLanguage\":\"de-DE\"},{\"@type\":\"Organization\",\"@id\":\"https:\\\/\\\/www.zillions.nl\\\/de\\\/#organization\",\"name\":\"Zillions: nieuw en gebruikt design meubilair en stoelen\",\"url\":\"https:\\\/\\\/www.zillions.nl\\\/de\\\/\",\"logo\":{\"@type\":\"ImageObject\",\"inLanguage\":\"de-DE\",\"@id\":\"https:\\\/\\\/www.zillions.nl\\\/de\\\/#\\\/schema\\\/logo\\\/image\\\/\",\"url\":\"https:\\\/\\\/www.zillions.nl\\\/wp-content\\\/uploads\\\/2022\\\/11\\\/zillions.svg\",\"contentUrl\":\"https:\\\/\\\/www.zillions.nl\\\/wp-content\\\/uploads\\\/2022\\\/11\\\/zillions.svg\",\"width\":208,\"height\":53,\"caption\":\"Zillions: nieuw en gebruikt design meubilair en stoelen\"},\"image\":{\"@id\":\"https:\\\/\\\/www.zillions.nl\\\/de\\\/#\\\/schema\\\/logo\\\/image\\\/\"}}]}<\/script>\n<!-- \/ Yoast SEO plugin. -->","yoast_head_json":{"title":"Vitra Eames EA 208 Softpad Schwarzes Leder - Chrom - Zillions: Neue und gebrauchte Designerm\u00f6bel und St\u00fchle","robots":{"index":"index","follow":"follow","max-snippet":"max-snippet:-1","max-image-preview":"max-image-preview:large","max-video-preview":"max-video-preview:-1"},"canonical":"https:\/\/www.zillions.nl\/de\/product\/vitra-eames-ea208-zwart-softpad-leer-chroom\/","og_locale":"de_DE","og_type":"article","og_title":"Vitra Eames EA 208 Softpad Zwart Leer - Chroom - Zillions: nieuw en gebruikt design meubilair en stoelen","og_description":"Vitra Eames EA 208 conferentiestoel zwart leer \u2013 chroomDe kussens van deze Vitra EA 208 bureaustoel met lage rug, zijn uitgevoerd in zwart leer, wat zorgt voor een luxe en tijdloze uitstraling. De stoel heeft een behuizing van verchroomd aluminium, wat zorgt voor een glanzend effect. Dit draagt niet alleen bij aan een klassieke uitstraling, [&hellip;]","og_url":"https:\/\/www.zillions.nl\/de\/product\/vitra-eames-ea208-zwart-softpad-leer-chroom\/","og_site_name":"Zillions: nieuw en gebruikt design meubilair en stoelen","article_modified_time":"2026-02-13T10:49:16+00:00","og_image":[{"width":650,"height":650,"url":"https:\/\/www.zillions.nl\/wp-content\/uploads\/2024\/05\/207-4-650x650-1.jpg","type":"image\/jpeg"}],"twitter_card":"summary_large_image","twitter_misc":{"Est. reading time":"3 minutes"},"schema":{"@context":"https:\/\/schema.org","@graph":[{"@type":"WebPage","@id":"https:\/\/www.zillions.nl\/product\/vitra-eames-ea208-zwart-softpad-leer-chroom\/","url":"https:\/\/www.zillions.nl\/product\/vitra-eames-ea208-zwart-softpad-leer-chroom\/","name":"Vitra Eames EA 208 Softpad Schwarzes Leder - Chrom - Zillions: Neue und gebrauchte Designerm\u00f6bel und St\u00fchle","isPartOf":{"@id":"https:\/\/www.zillions.nl\/de\/#website"},"primaryImageOfPage":{"@id":"https:\/\/www.zillions.nl\/product\/vitra-eames-ea208-zwart-softpad-leer-chroom\/#primaryimage"},"image":{"@id":"https:\/\/www.zillions.nl\/product\/vitra-eames-ea208-zwart-softpad-leer-chroom\/#primaryimage"},"thumbnailUrl":"https:\/\/www.zillions.nl\/wp-content\/uploads\/2024\/05\/207-4-650x650-1.jpg","datePublished":"2024-05-01T20:45:08+00:00","dateModified":"2026-02-13T10:49:16+00:00","breadcrumb":{"@id":"https:\/\/www.zillions.nl\/product\/vitra-eames-ea208-zwart-softpad-leer-chroom\/#breadcrumb"},"inLanguage":"de-DE","potentialAction":[{"@type":"ReadAction","target":["https:\/\/www.zillions.nl\/product\/vitra-eames-ea208-zwart-softpad-leer-chroom\/"]}]},{"@type":"ImageObject","inLanguage":"de-DE","@id":"https:\/\/www.zillions.nl\/product\/vitra-eames-ea208-zwart-softpad-leer-chroom\/#primaryimage","url":"https:\/\/www.zillions.nl\/wp-content\/uploads\/2024\/05\/207-4-650x650-1.jpg","contentUrl":"https:\/\/www.zillions.nl\/wp-content\/uploads\/2024\/05\/207-4-650x650-1.jpg","width":650,"height":650},{"@type":"BreadcrumbList","@id":"https:\/\/www.zillions.nl\/product\/vitra-eames-ea208-zwart-softpad-leer-chroom\/#breadcrumb","itemListElement":[{"@type":"ListItem","position":1,"name":"Home","item":"https:\/\/www.zillions.nl\/"},{"@type":"ListItem","position":2,"name":"Shop","item":"https:\/\/www.zillions.nl\/shop\/"},{"@type":"ListItem","position":3,"name":"Vitra Eames EA 208 Softpad Zwart Leer &#8211; Chroom"}]},{"@type":"WebSite","@id":"https:\/\/www.zillions.nl\/de\/#website","url":"https:\/\/www.zillions.nl\/de\/","name":"Zillionen: neue und gebrauchte Designerm\u00f6bel und St\u00fchle","description":"Willkommen bei Zillions: Zillions ist auf neue und gebrauchte Designm\u00f6bel und St\u00fchle spezialisiert.","publisher":{"@id":"https:\/\/www.zillions.nl\/de\/#organization"},"potentialAction":[{"@type":"SearchAction","target":{"@type":"EntryPoint","urlTemplate":"https:\/\/www.zillions.nl\/de\/?s={search_term_string}"},"query-input":{"@type":"PropertyValueSpecification","valueRequired":true,"valueName":"search_term_string"}}],"inLanguage":"de-DE"},{"@type":"Organization","@id":"https:\/\/www.zillions.nl\/de\/#organization","name":"Zillionen: neue und gebrauchte Designerm\u00f6bel und St\u00fchle","url":"https:\/\/www.zillions.nl\/de\/","logo":{"@type":"ImageObject","inLanguage":"de-DE","@id":"https:\/\/www.zillions.nl\/de\/#\/schema\/logo\/image\/","url":"https:\/\/www.zillions.nl\/wp-content\/uploads\/2022\/11\/zillions.svg","contentUrl":"https:\/\/www.zillions.nl\/wp-content\/uploads\/2022\/11\/zillions.svg","width":208,"height":53,"caption":"Zillions: nieuw en gebruikt design meubilair en stoelen"},"image":{"@id":"https:\/\/www.zillions.nl\/de\/#\/schema\/logo\/image\/"}}]}},"_links":{"self":[{"href":"https:\/\/www.zillions.nl\/de\/wp-json\/wp\/v2\/product\/9515","targetHints":{"allow":["GET"]}}],"collection":[{"href":"https:\/\/www.zillions.nl\/de\/wp-json\/wp\/v2\/product"}],"about":[{"href":"https:\/\/www.zillions.nl\/de\/wp-json\/wp\/v2\/types\/product"}],"wp:featuredmedia":[{"embeddable":true,"href":"https:\/\/www.zillions.nl\/de\/wp-json\/wp\/v2\/media\/18698"}],"wp:attachment":[{"href":"https:\/\/www.zillions.nl\/de\/wp-json\/wp\/v2\/media?parent=9515"}],"wp:term":[{"taxonomy":"product_brand","embeddable":true,"href":"https:\/\/www.zillions.nl\/de\/wp-json\/wp\/v2\/product_brand?post=9515"},{"taxonomy":"product_cat","embeddable":true,"href":"https:\/\/www.zillions.nl\/de\/wp-json\/wp\/v2\/product_cat?post=9515"},{"taxonomy":"product_tag","embeddable":true,"href":"https:\/\/www.zillions.nl\/de\/wp-json\/wp\/v2\/product_tag?post=9515"}],"curies":[{"name":"wp","href":"https:\/\/api.w.org\/{rel}","templated":true}]}}