{"id":9268,"date":"2024-03-12T20:34:12","date_gmt":"2024-03-12T19:34:12","guid":{"rendered":"https:\/\/www.zillions.nl\/?post_type=product&#038;p=9268"},"modified":"2024-11-25T14:50:11","modified_gmt":"2024-11-25T13:50:11","slug":"gubi-bat-stoel-zwart-nieuw","status":"publish","type":"product","link":"https:\/\/www.zillions.nl\/de\/product\/gubi-bat-stoel-zwart-nieuw\/","title":{"rendered":"Gubi Bat Stuhl Schwarz Neu"},"content":{"rendered":"<p>Gubi Bat Stuhl Schwarz Schwarz Neu<\/p>\n<p>Der\u00a0<strong>Gubi Bat Stuhl mit schwarzem Gestell<\/strong>\u00a0ist ein Design von\u00a0<strong>GamFratesi<\/strong>.<br \/>\nBei der Gestaltung dieses Entwurfs lie\u00df sich Gam Fratesi von der Natur und insbesondere von den Eigenschaften der Fledermaus inspirieren. Daher der Name Bat. Die organischen Linien der Sitzschale orientieren sich an der Fl\u00fcgelspannweite der Fledermaus und schaffen eine einladende Sitzgelegenheit. Gam Fratesi hat einen eleganten und modernen Stuhl geschaffen, der zudem guten Komfort bietet.<\/p>\n<p>Die Sitzschale des Stuhls besteht aus Polypropylen, wodurch der Stuhl leicht ist. Der Sockel besteht aus Aluminium und ist schwarz pulverbeschichtet. Die Sitzschale ist in Schwarz gehalten.<br \/>\nDieser Stuhl wird standardm\u00e4\u00dfig mit Kunststoffgleitern geliefert.<\/p>\n<p>Suchen Sie das gewisse Extra an Komfort? Der Bat Chair ist auch in einer gepolsterten Version erh\u00e4ltlich. Werfen Sie einen Blick auf die Produktfamilie.<\/p>\n<p>Gubi Bat Stuhl mit schwarzem Gestell<\/p>\n<p>Material: Polypropylen, Aluminium<\/p>\n<p>&nbsp;<\/p>\n<p>Wenn Sie Fragen haben oder einen unverbindlichen Besichtigungstermin vereinbaren m\u00f6chten, k\u00f6nnen Sie sich gerne an uns wenden. Lieferung durch unseren eigenen Lieferservice m\u00f6glich! Besuchen Sie unsere Website f\u00fcr viele weitere Designartikel!<\/p>\n<p><strong>Kontaktdaten (Besuch nach Vereinbarung):<\/strong><br \/>\nIndustrieweg 21<br \/>\n4131NK Vianen<br \/>\ninfo@zillions.nl<br \/>\n030 20 72 146<\/p>\n<p>Weitere Designerm\u00f6bel finden Sie in allen unseren Anzeigen f\u00fcr Top-Marken wie:<br \/>\nArtimide, Floss, Vitra, Eames Herman Miller, Artifort, B&amp;B Italia, Ahrend, Interstuhl, Grahl, Hay, Norman Copenhagen, Cassina, Artifort, Gispen, Leolux, Montis, Arne Jacobsen, Bert Plantagie, Design auf Lager, Rolf Benz, Jori , Harvink usw.<\/p>\n<p>Design von Top-Designern: unter anderem<\/p>\n<p>Arne Jacobsen, Charles Eames, Cees Braakman, Eero Saarinen, Poul Henningsen, Poul Kjaerholm, Verner Panton, Martin Visser, Mart Stam, Eileen Gray, Gerrit Rietveld, Pierre Paulin, Ko Liang Ie, Marcel Breuer, Rob Parry, Vico Magistretti, Hans Wegner, Borge Mogensen, Finn Juhl, Grete Jalk, Osvaldo Borsani, Isamu Noguchi, George Nelson, Geoffrey Harcourt, Ilmari Tapiovaara, Ferdinand Solere, Joe Colombo Friso Kramer, Harry Bertoia, Lisa Pape, Ettore Sottsass Paul Schuitema Bruno Mathsson<\/p>","protected":false},"excerpt":{"rendered":"<p>Gubi Bat stoel Zwart Zwart\u00a0 Nieuw De\u00a0Gubi\u00a0Bat Stoel Zwart Onderstel\u00a0is een ontwerp van\u00a0GamFratesi. Bij het ontwerpen van dit design heeft Gam Fratesi zich laten inspireren door de natuur en in het bijzonder door de eigenschappen van de vleermuis. Vandaar de naam Bat. De organische lijnen van de zitschaal zijn gebaseerd op de spanwijdte van de [&hellip;]<\/p>\n","protected":false},"featured_media":9996,"template":"","meta":{"_acf_changed":false},"product_brand":[260,206],"product_cat":[16,185],"product_tag":[339,330],"class_list":{"0":"post-9268","1":"product","2":"type-product","3":"status-publish","4":"has-post-thumbnail","6":"product_brand-gubi","7":"product_brand-overigen","8":"product_cat-alle-producten","9":"product_cat-stoelen","10":"product_tag-gubi","11":"product_tag-overigen","12":"pa_brands-gubi","13":"pa_brands-overigen","15":"first","16":"instock","17":"sale","18":"purchasable","19":"product-type-simple"},"acf":[],"yoast_head":"<!-- This site is optimized with the Yoast SEO plugin v27.5 - https:\/\/yoast.com\/product\/yoast-seo-wordpress\/ -->\n<title>Gubi Bat stoel Zwart Nieuw - Zillions: nieuw en gebruikt design meubilair en stoelen<\/title>\n<meta name=\"robots\" content=\"index, follow, max-snippet:-1, max-image-preview:large, max-video-preview:-1\" \/>\n<link rel=\"canonical\" href=\"https:\/\/www.zillions.nl\/de\/product\/gubi-bat-stoel-zwart-nieuw\/\" \/>\n<meta property=\"og:locale\" content=\"de_DE\" \/>\n<meta property=\"og:type\" content=\"article\" \/>\n<meta property=\"og:title\" content=\"Gubi Bat stoel Zwart Nieuw - Zillions: nieuw en gebruikt design meubilair en stoelen\" \/>\n<meta property=\"og:description\" content=\"Gubi Bat stoel Zwart Zwart\u00a0 Nieuw De\u00a0Gubi\u00a0Bat Stoel Zwart Onderstel\u00a0is een ontwerp van\u00a0GamFratesi. Bij het ontwerpen van dit design heeft Gam Fratesi zich laten inspireren door de natuur en in het bijzonder door de eigenschappen van de vleermuis. Vandaar de naam Bat. De organische lijnen van de zitschaal zijn gebaseerd op de spanwijdte van de [&hellip;]\" \/>\n<meta property=\"og:url\" content=\"https:\/\/www.zillions.nl\/de\/product\/gubi-bat-stoel-zwart-nieuw\/\" \/>\n<meta property=\"og:site_name\" content=\"Zillions: nieuw en gebruikt design meubilair en stoelen\" \/>\n<meta property=\"article:modified_time\" content=\"2024-11-25T13:50:11+00:00\" \/>\n<meta property=\"og:image\" content=\"https:\/\/e5jwo4fi6hz.exactdn.com\/wp-content\/uploads\/2024\/03\/Gubi-Bat-stoel-Zwart-Nieuw-26-6-24-21-1.jpg?strip=all&lossy=1&quality=75&ssl=1\" \/>\n\t<meta property=\"og:image:width\" content=\"1080\" \/>\n\t<meta property=\"og:image:height\" content=\"1080\" \/>\n\t<meta property=\"og:image:type\" content=\"image\/jpeg\" \/>\n<meta name=\"twitter:card\" content=\"summary_large_image\" \/>\n<meta name=\"twitter:label1\" content=\"Est. reading time\" \/>\n\t<meta name=\"twitter:data1\" content=\"2 minutes\" \/>\n<script type=\"application\/ld+json\" class=\"yoast-schema-graph\">{\"@context\":\"https:\\\/\\\/schema.org\",\"@graph\":[{\"@type\":\"WebPage\",\"@id\":\"https:\\\/\\\/www.zillions.nl\\\/product\\\/gubi-bat-stoel-zwart-nieuw\\\/\",\"url\":\"https:\\\/\\\/www.zillions.nl\\\/product\\\/gubi-bat-stoel-zwart-nieuw\\\/\",\"name\":\"Gubi Bat stoel Zwart Nieuw - Zillions: nieuw en gebruikt design meubilair en stoelen\",\"isPartOf\":{\"@id\":\"https:\\\/\\\/www.zillions.nl\\\/de\\\/#website\"},\"primaryImageOfPage\":{\"@id\":\"https:\\\/\\\/www.zillions.nl\\\/product\\\/gubi-bat-stoel-zwart-nieuw\\\/#primaryimage\"},\"image\":{\"@id\":\"https:\\\/\\\/www.zillions.nl\\\/product\\\/gubi-bat-stoel-zwart-nieuw\\\/#primaryimage\"},\"thumbnailUrl\":\"https:\\\/\\\/www.zillions.nl\\\/wp-content\\\/uploads\\\/2024\\\/03\\\/Gubi-Bat-stoel-Zwart-Nieuw-26-6-24-21-1.jpg\",\"datePublished\":\"2024-03-12T19:34:12+00:00\",\"dateModified\":\"2024-11-25T13:50:11+00:00\",\"breadcrumb\":{\"@id\":\"https:\\\/\\\/www.zillions.nl\\\/product\\\/gubi-bat-stoel-zwart-nieuw\\\/#breadcrumb\"},\"inLanguage\":\"de-DE\",\"potentialAction\":[{\"@type\":\"ReadAction\",\"target\":[\"https:\\\/\\\/www.zillions.nl\\\/product\\\/gubi-bat-stoel-zwart-nieuw\\\/\"]}]},{\"@type\":\"ImageObject\",\"inLanguage\":\"de-DE\",\"@id\":\"https:\\\/\\\/www.zillions.nl\\\/product\\\/gubi-bat-stoel-zwart-nieuw\\\/#primaryimage\",\"url\":\"https:\\\/\\\/www.zillions.nl\\\/wp-content\\\/uploads\\\/2024\\\/03\\\/Gubi-Bat-stoel-Zwart-Nieuw-26-6-24-21-1.jpg\",\"contentUrl\":\"https:\\\/\\\/www.zillions.nl\\\/wp-content\\\/uploads\\\/2024\\\/03\\\/Gubi-Bat-stoel-Zwart-Nieuw-26-6-24-21-1.jpg\",\"width\":1080,\"height\":1080},{\"@type\":\"BreadcrumbList\",\"@id\":\"https:\\\/\\\/www.zillions.nl\\\/product\\\/gubi-bat-stoel-zwart-nieuw\\\/#breadcrumb\",\"itemListElement\":[{\"@type\":\"ListItem\",\"position\":1,\"name\":\"Home\",\"item\":\"https:\\\/\\\/www.zillions.nl\\\/\"},{\"@type\":\"ListItem\",\"position\":2,\"name\":\"Shop\",\"item\":\"https:\\\/\\\/www.zillions.nl\\\/shop\\\/\"},{\"@type\":\"ListItem\",\"position\":3,\"name\":\"Gubi Bat stoel Zwart Nieuw\"}]},{\"@type\":\"WebSite\",\"@id\":\"https:\\\/\\\/www.zillions.nl\\\/de\\\/#website\",\"url\":\"https:\\\/\\\/www.zillions.nl\\\/de\\\/\",\"name\":\"Zillions: nieuw en gebruikt design meubilair en stoelen\",\"description\":\"Welkom bij Zillions: Zillions is gespecialiseerd in nieuw en gebruikt design meubilair en stoelen.\",\"publisher\":{\"@id\":\"https:\\\/\\\/www.zillions.nl\\\/de\\\/#organization\"},\"potentialAction\":[{\"@type\":\"SearchAction\",\"target\":{\"@type\":\"EntryPoint\",\"urlTemplate\":\"https:\\\/\\\/www.zillions.nl\\\/de\\\/?s={search_term_string}\"},\"query-input\":{\"@type\":\"PropertyValueSpecification\",\"valueRequired\":true,\"valueName\":\"search_term_string\"}}],\"inLanguage\":\"de-DE\"},{\"@type\":\"Organization\",\"@id\":\"https:\\\/\\\/www.zillions.nl\\\/de\\\/#organization\",\"name\":\"Zillions: nieuw en gebruikt design meubilair en stoelen\",\"url\":\"https:\\\/\\\/www.zillions.nl\\\/de\\\/\",\"logo\":{\"@type\":\"ImageObject\",\"inLanguage\":\"de-DE\",\"@id\":\"https:\\\/\\\/www.zillions.nl\\\/de\\\/#\\\/schema\\\/logo\\\/image\\\/\",\"url\":\"https:\\\/\\\/www.zillions.nl\\\/wp-content\\\/uploads\\\/2022\\\/11\\\/zillions.svg\",\"contentUrl\":\"https:\\\/\\\/www.zillions.nl\\\/wp-content\\\/uploads\\\/2022\\\/11\\\/zillions.svg\",\"width\":208,\"height\":53,\"caption\":\"Zillions: nieuw en gebruikt design meubilair en stoelen\"},\"image\":{\"@id\":\"https:\\\/\\\/www.zillions.nl\\\/de\\\/#\\\/schema\\\/logo\\\/image\\\/\"}}]}<\/script>\n<!-- \/ Yoast SEO plugin. -->","yoast_head_json":{"title":"Gubi Bat stoel Zwart Nieuw - Zillions: nieuw en gebruikt design meubilair en stoelen","robots":{"index":"index","follow":"follow","max-snippet":"max-snippet:-1","max-image-preview":"max-image-preview:large","max-video-preview":"max-video-preview:-1"},"canonical":"https:\/\/www.zillions.nl\/de\/product\/gubi-bat-stoel-zwart-nieuw\/","og_locale":"de_DE","og_type":"article","og_title":"Gubi Bat stoel Zwart Nieuw - Zillions: nieuw en gebruikt design meubilair en stoelen","og_description":"Gubi Bat stoel Zwart Zwart\u00a0 Nieuw De\u00a0Gubi\u00a0Bat Stoel Zwart Onderstel\u00a0is een ontwerp van\u00a0GamFratesi. Bij het ontwerpen van dit design heeft Gam Fratesi zich laten inspireren door de natuur en in het bijzonder door de eigenschappen van de vleermuis. Vandaar de naam Bat. De organische lijnen van de zitschaal zijn gebaseerd op de spanwijdte van de [&hellip;]","og_url":"https:\/\/www.zillions.nl\/de\/product\/gubi-bat-stoel-zwart-nieuw\/","og_site_name":"Zillions: nieuw en gebruikt design meubilair en stoelen","article_modified_time":"2024-11-25T13:50:11+00:00","og_image":[{"width":1080,"height":1080,"url":"https:\/\/e5jwo4fi6hz.exactdn.com\/wp-content\/uploads\/2024\/03\/Gubi-Bat-stoel-Zwart-Nieuw-26-6-24-21-1.jpg?strip=all&lossy=1&quality=75&ssl=1","type":"image\/jpeg"}],"twitter_card":"summary_large_image","twitter_misc":{"Est. reading time":"2 minutes"},"schema":{"@context":"https:\/\/schema.org","@graph":[{"@type":"WebPage","@id":"https:\/\/www.zillions.nl\/product\/gubi-bat-stoel-zwart-nieuw\/","url":"https:\/\/www.zillions.nl\/product\/gubi-bat-stoel-zwart-nieuw\/","name":"Gubi Bat stoel Zwart Nieuw - Zillions: nieuw en gebruikt design meubilair en stoelen","isPartOf":{"@id":"https:\/\/www.zillions.nl\/de\/#website"},"primaryImageOfPage":{"@id":"https:\/\/www.zillions.nl\/product\/gubi-bat-stoel-zwart-nieuw\/#primaryimage"},"image":{"@id":"https:\/\/www.zillions.nl\/product\/gubi-bat-stoel-zwart-nieuw\/#primaryimage"},"thumbnailUrl":"https:\/\/www.zillions.nl\/wp-content\/uploads\/2024\/03\/Gubi-Bat-stoel-Zwart-Nieuw-26-6-24-21-1.jpg","datePublished":"2024-03-12T19:34:12+00:00","dateModified":"2024-11-25T13:50:11+00:00","breadcrumb":{"@id":"https:\/\/www.zillions.nl\/product\/gubi-bat-stoel-zwart-nieuw\/#breadcrumb"},"inLanguage":"de-DE","potentialAction":[{"@type":"ReadAction","target":["https:\/\/www.zillions.nl\/product\/gubi-bat-stoel-zwart-nieuw\/"]}]},{"@type":"ImageObject","inLanguage":"de-DE","@id":"https:\/\/www.zillions.nl\/product\/gubi-bat-stoel-zwart-nieuw\/#primaryimage","url":"https:\/\/www.zillions.nl\/wp-content\/uploads\/2024\/03\/Gubi-Bat-stoel-Zwart-Nieuw-26-6-24-21-1.jpg","contentUrl":"https:\/\/www.zillions.nl\/wp-content\/uploads\/2024\/03\/Gubi-Bat-stoel-Zwart-Nieuw-26-6-24-21-1.jpg","width":1080,"height":1080},{"@type":"BreadcrumbList","@id":"https:\/\/www.zillions.nl\/product\/gubi-bat-stoel-zwart-nieuw\/#breadcrumb","itemListElement":[{"@type":"ListItem","position":1,"name":"Home","item":"https:\/\/www.zillions.nl\/"},{"@type":"ListItem","position":2,"name":"Shop","item":"https:\/\/www.zillions.nl\/shop\/"},{"@type":"ListItem","position":3,"name":"Gubi Bat stoel Zwart Nieuw"}]},{"@type":"WebSite","@id":"https:\/\/www.zillions.nl\/de\/#website","url":"https:\/\/www.zillions.nl\/de\/","name":"Zillionen: neue und gebrauchte Designerm\u00f6bel und St\u00fchle","description":"Willkommen bei Zillions: Zillions ist auf neue und gebrauchte Designm\u00f6bel und St\u00fchle spezialisiert.","publisher":{"@id":"https:\/\/www.zillions.nl\/de\/#organization"},"potentialAction":[{"@type":"SearchAction","target":{"@type":"EntryPoint","urlTemplate":"https:\/\/www.zillions.nl\/de\/?s={search_term_string}"},"query-input":{"@type":"PropertyValueSpecification","valueRequired":true,"valueName":"search_term_string"}}],"inLanguage":"de-DE"},{"@type":"Organization","@id":"https:\/\/www.zillions.nl\/de\/#organization","name":"Zillionen: neue und gebrauchte Designerm\u00f6bel und St\u00fchle","url":"https:\/\/www.zillions.nl\/de\/","logo":{"@type":"ImageObject","inLanguage":"de-DE","@id":"https:\/\/www.zillions.nl\/de\/#\/schema\/logo\/image\/","url":"https:\/\/www.zillions.nl\/wp-content\/uploads\/2022\/11\/zillions.svg","contentUrl":"https:\/\/www.zillions.nl\/wp-content\/uploads\/2022\/11\/zillions.svg","width":208,"height":53,"caption":"Zillions: nieuw en gebruikt design meubilair en stoelen"},"image":{"@id":"https:\/\/www.zillions.nl\/de\/#\/schema\/logo\/image\/"}}]}},"_links":{"self":[{"href":"https:\/\/www.zillions.nl\/de\/wp-json\/wp\/v2\/product\/9268","targetHints":{"allow":["GET"]}}],"collection":[{"href":"https:\/\/www.zillions.nl\/de\/wp-json\/wp\/v2\/product"}],"about":[{"href":"https:\/\/www.zillions.nl\/de\/wp-json\/wp\/v2\/types\/product"}],"wp:featuredmedia":[{"embeddable":true,"href":"https:\/\/www.zillions.nl\/de\/wp-json\/wp\/v2\/media\/9996"}],"wp:attachment":[{"href":"https:\/\/www.zillions.nl\/de\/wp-json\/wp\/v2\/media?parent=9268"}],"wp:term":[{"taxonomy":"product_brand","embeddable":true,"href":"https:\/\/www.zillions.nl\/de\/wp-json\/wp\/v2\/product_brand?post=9268"},{"taxonomy":"product_cat","embeddable":true,"href":"https:\/\/www.zillions.nl\/de\/wp-json\/wp\/v2\/product_cat?post=9268"},{"taxonomy":"product_tag","embeddable":true,"href":"https:\/\/www.zillions.nl\/de\/wp-json\/wp\/v2\/product_tag?post=9268"}],"curies":[{"name":"wp","href":"https:\/\/api.w.org\/{rel}","templated":true}]}}