{"id":9104,"date":"2024-03-09T18:28:11","date_gmt":"2024-03-09T17:28:11","guid":{"rendered":"https:\/\/www.zillions.nl\/?post_type=product&#038;p=9104"},"modified":"2026-01-13T11:34:43","modified_gmt":"2026-01-13T10:34:43","slug":"vitra-maarten-v-severen-04-bureaustoel-grijs","status":"publish","type":"product","link":"https:\/\/www.zillions.nl\/de\/product\/vitra-maarten-v-severen-04-bureaustoel-grijs\/","title":{"rendered":"Vitra Maarten van Severen .04 B\u00fcrostuhl Grau"},"content":{"rendered":"<p>Vitra Maarten van Severen Empfangsthekenstuhl Grau<\/p>\n<p>Im Neuzustand (Ausstellungsmodell)<\/p>\n<p>Vitra .04 Counter\/Empfangsthekenstuhl, fahrbar<\/p>\n<ul>\n<li>\n<ul>\n<li>Breite: 56,5 cm<\/li>\n<li>Tiefe: 44,6 cm<\/li>\n<li>H\u00f6he: 107,5 \u2013 119 cm<\/li>\n<li>Sitzh\u00f6he: 68 \u2013 79,5 cm<\/li>\n<\/ul>\n<\/li>\n<\/ul>\n<p>Wenn Sie Fragen haben oder einen unverbindlichen Besichtigungstermin vereinbaren m\u00f6chten, k\u00f6nnen Sie sich gerne an uns wenden. Lieferung durch unseren eigenen Lieferservice m\u00f6glich! Besuchen Sie unsere Website f\u00fcr viele weitere Designartikel!<\/p>\n<p>Kontaktdaten (Besuch nach Vereinbarung):<br \/>\nIndustrieweg 21<br \/>\n4131NK Vianen<br \/>\ninfo@zillions.nl<br \/>\n030 20 72 146<\/p>\n<p>F\u00fcr viel mehr Design sehen Sie sich alle unsere Anzeigen f\u00fcr Top-Marken an, wie zum Beispiel:<br \/>\nArtimide, Floss, Vitra, Eames Herman Miller, Artifort, B&amp;B Italia, Ahrend, Interstuhl, Grahl, Hay, Norman Copenhagen, Cassina, Artifort, Gispen, Leolux, Montis, Arne Jacobsen, Bert Plantagie, Design auf Lager, Rolf Benz, Jori , Harvink usw.<\/p>\n<p>Design von Top-Designern: unter anderem<\/p>\n<p>Arne Jacobsen, Charles Eames, Cees Braakman, Eero Saarinen, Poul Henningsen, Poul Kjaerholm, Verner Panton, Martin Visser, Mart Stam, Eileen Gray, Gerrit Rietveld, Pierre Paulin, Ko Liang Ie, Marcel Breuer, Rob Parry, Vico Magistretti, Hans Wegner, Borge Mogensen, Finn Juhl, Grete Jalk, Osvaldo Borsani, Isamu Noguchi, George Nelson, Geoffrey Harcourt, Ilmari Tapiovaara, Ferdinand Solere, Joe Colombo Friso Kramer, Harry Bertoia, Lisa Pape, Ettore Sottsass Paul Schuitema Bruno Mathsson<\/p>","protected":false},"excerpt":{"rendered":"<p>Vitra Maarten van Severen Receptie balie stoel Grijs Verkeerd in nieuwstaat ( showroom model) Vitra .04 Counter\/Receptie balie stoel, verrijdbaar Breedte: 56,5 cm Diepte: 44,6 cm Hoogte: 107,5 &#8211; 119 cm Zithoogte: 68 &#8211; 79,5 cm Voor vragen of het vrijblijvend maken van een afspraak om de artikelen te bekijken neem gerust contact met ons [&hellip;]<\/p>\n","protected":false},"featured_media":12383,"template":"","meta":{"_acf_changed":false},"product_brand":[202],"product_cat":[16,186,192],"product_tag":[322],"class_list":{"0":"post-9104","1":"product","2":"type-product","3":"status-publish","4":"has-post-thumbnail","6":"product_brand-vitra","7":"product_cat-alle-producten","8":"product_cat-bureaustoelen","9":"product_cat-krukken","10":"product_tag-vitra","11":"product_shipping_class-product-shipping","12":"pa_brands-vitra","14":"first","15":"outofstock","16":"sale","17":"purchasable","18":"product-type-simple"},"acf":[],"yoast_head":"<!-- This site is optimized with the Yoast SEO plugin v27.5 - https:\/\/yoast.com\/product\/yoast-seo-wordpress\/ -->\n<title>Vitra Maarten van Severen .04 Bureaustoel Grijs - Zillions: nieuw en gebruikt design meubilair en stoelen<\/title>\n<meta name=\"robots\" content=\"index, follow, max-snippet:-1, max-image-preview:large, max-video-preview:-1\" \/>\n<link rel=\"canonical\" href=\"https:\/\/www.zillions.nl\/de\/product\/vitra-maarten-v-severen-04-bureaustoel-grijs\/\" \/>\n<meta property=\"og:locale\" content=\"de_DE\" \/>\n<meta property=\"og:type\" content=\"article\" \/>\n<meta property=\"og:title\" content=\"Vitra Maarten van Severen .04 Bureaustoel Grijs - Zillions: nieuw en gebruikt design meubilair en stoelen\" \/>\n<meta property=\"og:description\" content=\"Vitra Maarten van Severen Receptie balie stoel Grijs Verkeerd in nieuwstaat ( showroom model) Vitra .04 Counter\/Receptie balie stoel, verrijdbaar Breedte: 56,5 cm Diepte: 44,6 cm Hoogte: 107,5 &#8211; 119 cm Zithoogte: 68 &#8211; 79,5 cm Voor vragen of het vrijblijvend maken van een afspraak om de artikelen te bekijken neem gerust contact met ons [&hellip;]\" \/>\n<meta property=\"og:url\" content=\"https:\/\/www.zillions.nl\/de\/product\/vitra-maarten-v-severen-04-bureaustoel-grijs\/\" \/>\n<meta property=\"og:site_name\" content=\"Zillions: nieuw en gebruikt design meubilair en stoelen\" \/>\n<meta property=\"article:modified_time\" content=\"2026-01-13T10:34:43+00:00\" \/>\n<meta property=\"og:image\" content=\"https:\/\/www.zillions.nl\/wp-content\/uploads\/2024\/03\/CAM00312.jpg\" \/>\n\t<meta property=\"og:image:width\" content=\"1080\" \/>\n\t<meta property=\"og:image:height\" content=\"1080\" \/>\n\t<meta property=\"og:image:type\" content=\"image\/jpeg\" \/>\n<meta name=\"twitter:card\" content=\"summary_large_image\" \/>\n<meta name=\"twitter:label1\" content=\"Est. reading time\" \/>\n\t<meta name=\"twitter:data1\" content=\"2 minutes\" \/>\n<script type=\"application\/ld+json\" class=\"yoast-schema-graph\">{\"@context\":\"https:\\\/\\\/schema.org\",\"@graph\":[{\"@type\":\"WebPage\",\"@id\":\"https:\\\/\\\/www.zillions.nl\\\/product\\\/vitra-maarten-v-severen-04-bureaustoel-grijs\\\/\",\"url\":\"https:\\\/\\\/www.zillions.nl\\\/product\\\/vitra-maarten-v-severen-04-bureaustoel-grijs\\\/\",\"name\":\"Vitra Maarten van Severen .04 Bureaustoel Grijs - Zillions: nieuw en gebruikt design meubilair en stoelen\",\"isPartOf\":{\"@id\":\"https:\\\/\\\/www.zillions.nl\\\/de\\\/#website\"},\"primaryImageOfPage\":{\"@id\":\"https:\\\/\\\/www.zillions.nl\\\/product\\\/vitra-maarten-v-severen-04-bureaustoel-grijs\\\/#primaryimage\"},\"image\":{\"@id\":\"https:\\\/\\\/www.zillions.nl\\\/product\\\/vitra-maarten-v-severen-04-bureaustoel-grijs\\\/#primaryimage\"},\"thumbnailUrl\":\"https:\\\/\\\/www.zillions.nl\\\/wp-content\\\/uploads\\\/2024\\\/03\\\/CAM00312.jpg\",\"datePublished\":\"2024-03-09T17:28:11+00:00\",\"dateModified\":\"2026-01-13T10:34:43+00:00\",\"breadcrumb\":{\"@id\":\"https:\\\/\\\/www.zillions.nl\\\/product\\\/vitra-maarten-v-severen-04-bureaustoel-grijs\\\/#breadcrumb\"},\"inLanguage\":\"de-DE\",\"potentialAction\":[{\"@type\":\"ReadAction\",\"target\":[\"https:\\\/\\\/www.zillions.nl\\\/product\\\/vitra-maarten-v-severen-04-bureaustoel-grijs\\\/\"]}]},{\"@type\":\"ImageObject\",\"inLanguage\":\"de-DE\",\"@id\":\"https:\\\/\\\/www.zillions.nl\\\/product\\\/vitra-maarten-v-severen-04-bureaustoel-grijs\\\/#primaryimage\",\"url\":\"https:\\\/\\\/www.zillions.nl\\\/wp-content\\\/uploads\\\/2024\\\/03\\\/CAM00312.jpg\",\"contentUrl\":\"https:\\\/\\\/www.zillions.nl\\\/wp-content\\\/uploads\\\/2024\\\/03\\\/CAM00312.jpg\",\"width\":1080,\"height\":1080},{\"@type\":\"BreadcrumbList\",\"@id\":\"https:\\\/\\\/www.zillions.nl\\\/product\\\/vitra-maarten-v-severen-04-bureaustoel-grijs\\\/#breadcrumb\",\"itemListElement\":[{\"@type\":\"ListItem\",\"position\":1,\"name\":\"Home\",\"item\":\"https:\\\/\\\/www.zillions.nl\\\/\"},{\"@type\":\"ListItem\",\"position\":2,\"name\":\"Shop\",\"item\":\"https:\\\/\\\/www.zillions.nl\\\/shop\\\/\"},{\"@type\":\"ListItem\",\"position\":3,\"name\":\"Vitra Maarten van Severen .04 Bureaustoel Grijs\"}]},{\"@type\":\"WebSite\",\"@id\":\"https:\\\/\\\/www.zillions.nl\\\/de\\\/#website\",\"url\":\"https:\\\/\\\/www.zillions.nl\\\/de\\\/\",\"name\":\"Zillions: nieuw en gebruikt design meubilair en stoelen\",\"description\":\"Welkom bij Zillions: Zillions is gespecialiseerd in nieuw en gebruikt design meubilair en stoelen.\",\"publisher\":{\"@id\":\"https:\\\/\\\/www.zillions.nl\\\/de\\\/#organization\"},\"potentialAction\":[{\"@type\":\"SearchAction\",\"target\":{\"@type\":\"EntryPoint\",\"urlTemplate\":\"https:\\\/\\\/www.zillions.nl\\\/de\\\/?s={search_term_string}\"},\"query-input\":{\"@type\":\"PropertyValueSpecification\",\"valueRequired\":true,\"valueName\":\"search_term_string\"}}],\"inLanguage\":\"de-DE\"},{\"@type\":\"Organization\",\"@id\":\"https:\\\/\\\/www.zillions.nl\\\/de\\\/#organization\",\"name\":\"Zillions: nieuw en gebruikt design meubilair en stoelen\",\"url\":\"https:\\\/\\\/www.zillions.nl\\\/de\\\/\",\"logo\":{\"@type\":\"ImageObject\",\"inLanguage\":\"de-DE\",\"@id\":\"https:\\\/\\\/www.zillions.nl\\\/de\\\/#\\\/schema\\\/logo\\\/image\\\/\",\"url\":\"https:\\\/\\\/www.zillions.nl\\\/wp-content\\\/uploads\\\/2022\\\/11\\\/zillions.svg\",\"contentUrl\":\"https:\\\/\\\/www.zillions.nl\\\/wp-content\\\/uploads\\\/2022\\\/11\\\/zillions.svg\",\"width\":208,\"height\":53,\"caption\":\"Zillions: nieuw en gebruikt design meubilair en stoelen\"},\"image\":{\"@id\":\"https:\\\/\\\/www.zillions.nl\\\/de\\\/#\\\/schema\\\/logo\\\/image\\\/\"}}]}<\/script>\n<!-- \/ Yoast SEO plugin. -->","yoast_head_json":{"title":"Vitra Maarten van Severen .04 B\u00fcrostuhl Grau - Zillions: Neue und gebrauchte Designerm\u00f6bel und St\u00fchle","robots":{"index":"index","follow":"follow","max-snippet":"max-snippet:-1","max-image-preview":"max-image-preview:large","max-video-preview":"max-video-preview:-1"},"canonical":"https:\/\/www.zillions.nl\/de\/product\/vitra-maarten-v-severen-04-bureaustoel-grijs\/","og_locale":"de_DE","og_type":"article","og_title":"Vitra Maarten van Severen .04 Bureaustoel Grijs - Zillions: nieuw en gebruikt design meubilair en stoelen","og_description":"Vitra Maarten van Severen Receptie balie stoel Grijs Verkeerd in nieuwstaat ( showroom model) Vitra .04 Counter\/Receptie balie stoel, verrijdbaar Breedte: 56,5 cm Diepte: 44,6 cm Hoogte: 107,5 &#8211; 119 cm Zithoogte: 68 &#8211; 79,5 cm Voor vragen of het vrijblijvend maken van een afspraak om de artikelen te bekijken neem gerust contact met ons [&hellip;]","og_url":"https:\/\/www.zillions.nl\/de\/product\/vitra-maarten-v-severen-04-bureaustoel-grijs\/","og_site_name":"Zillions: nieuw en gebruikt design meubilair en stoelen","article_modified_time":"2026-01-13T10:34:43+00:00","og_image":[{"width":1080,"height":1080,"url":"https:\/\/www.zillions.nl\/wp-content\/uploads\/2024\/03\/CAM00312.jpg","type":"image\/jpeg"}],"twitter_card":"summary_large_image","twitter_misc":{"Est. reading time":"2 minutes"},"schema":{"@context":"https:\/\/schema.org","@graph":[{"@type":"WebPage","@id":"https:\/\/www.zillions.nl\/product\/vitra-maarten-v-severen-04-bureaustoel-grijs\/","url":"https:\/\/www.zillions.nl\/product\/vitra-maarten-v-severen-04-bureaustoel-grijs\/","name":"Vitra Maarten van Severen .04 B\u00fcrostuhl Grau - Zillions: Neue und gebrauchte Designerm\u00f6bel und St\u00fchle","isPartOf":{"@id":"https:\/\/www.zillions.nl\/de\/#website"},"primaryImageOfPage":{"@id":"https:\/\/www.zillions.nl\/product\/vitra-maarten-v-severen-04-bureaustoel-grijs\/#primaryimage"},"image":{"@id":"https:\/\/www.zillions.nl\/product\/vitra-maarten-v-severen-04-bureaustoel-grijs\/#primaryimage"},"thumbnailUrl":"https:\/\/www.zillions.nl\/wp-content\/uploads\/2024\/03\/CAM00312.jpg","datePublished":"2024-03-09T17:28:11+00:00","dateModified":"2026-01-13T10:34:43+00:00","breadcrumb":{"@id":"https:\/\/www.zillions.nl\/product\/vitra-maarten-v-severen-04-bureaustoel-grijs\/#breadcrumb"},"inLanguage":"de-DE","potentialAction":[{"@type":"ReadAction","target":["https:\/\/www.zillions.nl\/product\/vitra-maarten-v-severen-04-bureaustoel-grijs\/"]}]},{"@type":"ImageObject","inLanguage":"de-DE","@id":"https:\/\/www.zillions.nl\/product\/vitra-maarten-v-severen-04-bureaustoel-grijs\/#primaryimage","url":"https:\/\/www.zillions.nl\/wp-content\/uploads\/2024\/03\/CAM00312.jpg","contentUrl":"https:\/\/www.zillions.nl\/wp-content\/uploads\/2024\/03\/CAM00312.jpg","width":1080,"height":1080},{"@type":"BreadcrumbList","@id":"https:\/\/www.zillions.nl\/product\/vitra-maarten-v-severen-04-bureaustoel-grijs\/#breadcrumb","itemListElement":[{"@type":"ListItem","position":1,"name":"Home","item":"https:\/\/www.zillions.nl\/"},{"@type":"ListItem","position":2,"name":"Shop","item":"https:\/\/www.zillions.nl\/shop\/"},{"@type":"ListItem","position":3,"name":"Vitra Maarten van Severen .04 Bureaustoel Grijs"}]},{"@type":"WebSite","@id":"https:\/\/www.zillions.nl\/de\/#website","url":"https:\/\/www.zillions.nl\/de\/","name":"Zillionen: neue und gebrauchte Designerm\u00f6bel und St\u00fchle","description":"Willkommen bei Zillions: Zillions ist auf neue und gebrauchte Designm\u00f6bel und St\u00fchle spezialisiert.","publisher":{"@id":"https:\/\/www.zillions.nl\/de\/#organization"},"potentialAction":[{"@type":"SearchAction","target":{"@type":"EntryPoint","urlTemplate":"https:\/\/www.zillions.nl\/de\/?s={search_term_string}"},"query-input":{"@type":"PropertyValueSpecification","valueRequired":true,"valueName":"search_term_string"}}],"inLanguage":"de-DE"},{"@type":"Organization","@id":"https:\/\/www.zillions.nl\/de\/#organization","name":"Zillionen: neue und gebrauchte Designerm\u00f6bel und St\u00fchle","url":"https:\/\/www.zillions.nl\/de\/","logo":{"@type":"ImageObject","inLanguage":"de-DE","@id":"https:\/\/www.zillions.nl\/de\/#\/schema\/logo\/image\/","url":"https:\/\/www.zillions.nl\/wp-content\/uploads\/2022\/11\/zillions.svg","contentUrl":"https:\/\/www.zillions.nl\/wp-content\/uploads\/2022\/11\/zillions.svg","width":208,"height":53,"caption":"Zillions: nieuw en gebruikt design meubilair en stoelen"},"image":{"@id":"https:\/\/www.zillions.nl\/de\/#\/schema\/logo\/image\/"}}]}},"_links":{"self":[{"href":"https:\/\/www.zillions.nl\/de\/wp-json\/wp\/v2\/product\/9104","targetHints":{"allow":["GET"]}}],"collection":[{"href":"https:\/\/www.zillions.nl\/de\/wp-json\/wp\/v2\/product"}],"about":[{"href":"https:\/\/www.zillions.nl\/de\/wp-json\/wp\/v2\/types\/product"}],"wp:featuredmedia":[{"embeddable":true,"href":"https:\/\/www.zillions.nl\/de\/wp-json\/wp\/v2\/media\/12383"}],"wp:attachment":[{"href":"https:\/\/www.zillions.nl\/de\/wp-json\/wp\/v2\/media?parent=9104"}],"wp:term":[{"taxonomy":"product_brand","embeddable":true,"href":"https:\/\/www.zillions.nl\/de\/wp-json\/wp\/v2\/product_brand?post=9104"},{"taxonomy":"product_cat","embeddable":true,"href":"https:\/\/www.zillions.nl\/de\/wp-json\/wp\/v2\/product_cat?post=9104"},{"taxonomy":"product_tag","embeddable":true,"href":"https:\/\/www.zillions.nl\/de\/wp-json\/wp\/v2\/product_tag?post=9104"}],"curies":[{"name":"wp","href":"https:\/\/api.w.org\/{rel}","templated":true}]}}