{"id":9025,"date":"2024-03-06T19:55:29","date_gmt":"2024-03-06T18:55:29","guid":{"rendered":"https:\/\/www.zillions.nl\/?post_type=product&#038;p=9025"},"modified":"2026-03-15T11:08:17","modified_gmt":"2026-03-15T10:08:17","slug":"vitra-maarten-van-severen-03-stoel-zwart-niet-stapelbaar","status":"publish","type":"product","link":"https:\/\/www.zillions.nl\/de\/product\/vitra-maarten-van-severen-03-stoel-zwart-niet-stapelbaar\/","title":{"rendered":"Vitra Maarten van Severen .03 Stuhl Schwarz \u2013 Nicht stapelbar"},"content":{"rendered":"<p>Vitra Maarten van Severen .03 Schwarz \u2013 nicht stapelbar (stapelbare Optionen finden Sie in unseren anderen Angeboten).<\/p>\n<p>Wundersch\u00f6ne Designst\u00fchle von Vitra.<br \/>\nDesign Maarten van Severen.<br \/>\nDie perfekten St\u00fchle f\u00fcr Zuhause, B\u00fcro und Gastronomie.<\/p>\n<p>In sehr gepflegtem, jungem gebrauchten Zustand.<\/p>\n<p>Die Lieferung ist mit unserem eigenen Lieferservice m\u00f6glich<\/p>\n<p>Lieferung ab Lager.<\/p>\n<p>Bei Fragen oder zur Vereinbarung eines unverbindlichen Besichtigungstermins kontaktieren Sie uns bitte. Die Lieferung erfolgt \u00fcber unseren eigenen Lieferservice.<\/p>\n<p>Besuchen Sie unsere Website f\u00fcr viele weitere Designartikel!<\/p>\n<p><strong>Kontaktdaten (Besuch nach Vereinbarung):<\/strong><br \/>\nMillionen<br \/>\nIndustrieweg 21<br \/>\n4131nk Vianen<br \/>\ninfo@zillions.nl<br \/>\n030 20 72 146<\/p>\n<p>Weitere Designerm\u00f6bel finden Sie in allen unseren Anzeigen f\u00fcr Top-Marken wie:<\/p>\n<p>Artimide, Floss, Vitra, Eames Herman Miller, Artifort, B&amp;B Italia, Ahrend, Interstuhl, Grahl, Hay, Norman Copenhagen, Cassina, Artifort, Gispen, Leolux, Montis, Arne Jacobsen, Bert Plantagie, Design on Stock, Rolf Benz, Jori , Harvink usw. Design von Top-Designern: darunter Arne Jacobsen, Charles Eames, Cees Braakman, Eero Saarinen, Poul Henningsen, Poul Kjaerholm, Verner Panton, Martin Visser, Mart Stam, Eileen Gray, Gerrit Rietveld, Pierre Paulin, Ko Liang Ie, Marcel Breuer, Rob Parry, Vico Magistretti, Hans Wegner, Borge Magsen, Finn Juhl, Grete Jalk, Osvaldo Borsani, Isamu Noguchi, George Nelson, Geoffrey Harcourt, Ilmari Tapiovaara, Ferdinand Solere, Joe Colombo Friso Kramer, Harry Bertoia, Lisa Pape, ettore sottsass paul schuitema bruno mathsson<\/p>","protected":false},"excerpt":{"rendered":"<p>Vitra Maarten van Severen .03 Zwart &#8211; niet stapelbaar (zie voor wel stapelbaar onze overige advertenties). Prachtige design stoelen van vitra. Design Maarten van Severen. Perfecte stoelen voor thuis, kantoor en horeca. Verkerend in zeer nette jonggebruikte conditie. Bezorgen kan met onze eigen bezorgdienst Uit voorraad leverbaar. Voor vragen of het vrijblijvend maken van een [&hellip;]<\/p>\n","protected":false},"featured_media":10182,"template":"","meta":{"_acf_changed":false},"product_brand":[202],"product_cat":[16,185],"product_tag":[322],"class_list":{"0":"post-9025","1":"product","2":"type-product","3":"status-publish","4":"has-post-thumbnail","6":"product_brand-vitra","7":"product_cat-alle-producten","8":"product_cat-stoelen","9":"product_tag-vitra","10":"pa_brands-vitra","12":"first","13":"instock","14":"purchasable","15":"product-type-simple"},"acf":[],"yoast_head":"<!-- This site is optimized with the Yoast SEO plugin v27.5 - https:\/\/yoast.com\/product\/yoast-seo-wordpress\/ -->\n<title>Vitra Maarten van Severen .03 Stoel Zwart - Niet Stapelbaar - Zillions: nieuw en gebruikt design meubilair en stoelen<\/title>\n<meta name=\"robots\" content=\"index, follow, max-snippet:-1, max-image-preview:large, max-video-preview:-1\" \/>\n<link rel=\"canonical\" href=\"https:\/\/www.zillions.nl\/de\/product\/vitra-maarten-van-severen-03-stoel-zwart-niet-stapelbaar\/\" \/>\n<meta property=\"og:locale\" content=\"de_DE\" \/>\n<meta property=\"og:type\" content=\"article\" \/>\n<meta property=\"og:title\" content=\"Vitra Maarten van Severen .03 Stoel Zwart - Niet Stapelbaar - Zillions: nieuw en gebruikt design meubilair en stoelen\" \/>\n<meta property=\"og:description\" content=\"Vitra Maarten van Severen .03 Zwart &#8211; niet stapelbaar (zie voor wel stapelbaar onze overige advertenties). Prachtige design stoelen van vitra. Design Maarten van Severen. Perfecte stoelen voor thuis, kantoor en horeca. Verkerend in zeer nette jonggebruikte conditie. Bezorgen kan met onze eigen bezorgdienst Uit voorraad leverbaar. Voor vragen of het vrijblijvend maken van een [&hellip;]\" \/>\n<meta property=\"og:url\" content=\"https:\/\/www.zillions.nl\/de\/product\/vitra-maarten-van-severen-03-stoel-zwart-niet-stapelbaar\/\" \/>\n<meta property=\"og:site_name\" content=\"Zillions: nieuw en gebruikt design meubilair en stoelen\" \/>\n<meta property=\"article:modified_time\" content=\"2026-03-15T10:08:17+00:00\" \/>\n<meta property=\"og:image\" content=\"https:\/\/www.zillions.nl\/wp-content\/uploads\/2024\/03\/meubels-25-10-366.jpg\" \/>\n\t<meta property=\"og:image:width\" content=\"1080\" \/>\n\t<meta property=\"og:image:height\" content=\"1080\" \/>\n\t<meta property=\"og:image:type\" content=\"image\/jpeg\" \/>\n<meta name=\"twitter:card\" content=\"summary_large_image\" \/>\n<meta name=\"twitter:label1\" content=\"Est. reading time\" \/>\n\t<meta name=\"twitter:data1\" content=\"2 minutes\" \/>\n<script type=\"application\/ld+json\" class=\"yoast-schema-graph\">{\"@context\":\"https:\\\/\\\/schema.org\",\"@graph\":[{\"@type\":\"WebPage\",\"@id\":\"https:\\\/\\\/www.zillions.nl\\\/product\\\/vitra-maarten-van-severen-03-stoel-zwart-niet-stapelbaar\\\/\",\"url\":\"https:\\\/\\\/www.zillions.nl\\\/product\\\/vitra-maarten-van-severen-03-stoel-zwart-niet-stapelbaar\\\/\",\"name\":\"Vitra Maarten van Severen .03 Stoel Zwart - Niet Stapelbaar - Zillions: nieuw en gebruikt design meubilair en stoelen\",\"isPartOf\":{\"@id\":\"https:\\\/\\\/www.zillions.nl\\\/de\\\/#website\"},\"primaryImageOfPage\":{\"@id\":\"https:\\\/\\\/www.zillions.nl\\\/product\\\/vitra-maarten-van-severen-03-stoel-zwart-niet-stapelbaar\\\/#primaryimage\"},\"image\":{\"@id\":\"https:\\\/\\\/www.zillions.nl\\\/product\\\/vitra-maarten-van-severen-03-stoel-zwart-niet-stapelbaar\\\/#primaryimage\"},\"thumbnailUrl\":\"https:\\\/\\\/www.zillions.nl\\\/wp-content\\\/uploads\\\/2024\\\/03\\\/meubels-25-10-366.jpg\",\"datePublished\":\"2024-03-06T18:55:29+00:00\",\"dateModified\":\"2026-03-15T10:08:17+00:00\",\"breadcrumb\":{\"@id\":\"https:\\\/\\\/www.zillions.nl\\\/product\\\/vitra-maarten-van-severen-03-stoel-zwart-niet-stapelbaar\\\/#breadcrumb\"},\"inLanguage\":\"de-DE\",\"potentialAction\":[{\"@type\":\"ReadAction\",\"target\":[\"https:\\\/\\\/www.zillions.nl\\\/product\\\/vitra-maarten-van-severen-03-stoel-zwart-niet-stapelbaar\\\/\"]}]},{\"@type\":\"ImageObject\",\"inLanguage\":\"de-DE\",\"@id\":\"https:\\\/\\\/www.zillions.nl\\\/product\\\/vitra-maarten-van-severen-03-stoel-zwart-niet-stapelbaar\\\/#primaryimage\",\"url\":\"https:\\\/\\\/www.zillions.nl\\\/wp-content\\\/uploads\\\/2024\\\/03\\\/meubels-25-10-366.jpg\",\"contentUrl\":\"https:\\\/\\\/www.zillions.nl\\\/wp-content\\\/uploads\\\/2024\\\/03\\\/meubels-25-10-366.jpg\",\"width\":1080,\"height\":1080},{\"@type\":\"BreadcrumbList\",\"@id\":\"https:\\\/\\\/www.zillions.nl\\\/product\\\/vitra-maarten-van-severen-03-stoel-zwart-niet-stapelbaar\\\/#breadcrumb\",\"itemListElement\":[{\"@type\":\"ListItem\",\"position\":1,\"name\":\"Home\",\"item\":\"https:\\\/\\\/www.zillions.nl\\\/\"},{\"@type\":\"ListItem\",\"position\":2,\"name\":\"Shop\",\"item\":\"https:\\\/\\\/www.zillions.nl\\\/shop\\\/\"},{\"@type\":\"ListItem\",\"position\":3,\"name\":\"Vitra Maarten van Severen .03 Stoel Zwart &#8211; Niet Stapelbaar\"}]},{\"@type\":\"WebSite\",\"@id\":\"https:\\\/\\\/www.zillions.nl\\\/de\\\/#website\",\"url\":\"https:\\\/\\\/www.zillions.nl\\\/de\\\/\",\"name\":\"Zillions: nieuw en gebruikt design meubilair en stoelen\",\"description\":\"Welkom bij Zillions: Zillions is gespecialiseerd in nieuw en gebruikt design meubilair en stoelen.\",\"publisher\":{\"@id\":\"https:\\\/\\\/www.zillions.nl\\\/de\\\/#organization\"},\"potentialAction\":[{\"@type\":\"SearchAction\",\"target\":{\"@type\":\"EntryPoint\",\"urlTemplate\":\"https:\\\/\\\/www.zillions.nl\\\/de\\\/?s={search_term_string}\"},\"query-input\":{\"@type\":\"PropertyValueSpecification\",\"valueRequired\":true,\"valueName\":\"search_term_string\"}}],\"inLanguage\":\"de-DE\"},{\"@type\":\"Organization\",\"@id\":\"https:\\\/\\\/www.zillions.nl\\\/de\\\/#organization\",\"name\":\"Zillions: nieuw en gebruikt design meubilair en stoelen\",\"url\":\"https:\\\/\\\/www.zillions.nl\\\/de\\\/\",\"logo\":{\"@type\":\"ImageObject\",\"inLanguage\":\"de-DE\",\"@id\":\"https:\\\/\\\/www.zillions.nl\\\/de\\\/#\\\/schema\\\/logo\\\/image\\\/\",\"url\":\"https:\\\/\\\/www.zillions.nl\\\/wp-content\\\/uploads\\\/2022\\\/11\\\/zillions.svg\",\"contentUrl\":\"https:\\\/\\\/www.zillions.nl\\\/wp-content\\\/uploads\\\/2022\\\/11\\\/zillions.svg\",\"width\":208,\"height\":53,\"caption\":\"Zillions: nieuw en gebruikt design meubilair en stoelen\"},\"image\":{\"@id\":\"https:\\\/\\\/www.zillions.nl\\\/de\\\/#\\\/schema\\\/logo\\\/image\\\/\"}}]}<\/script>\n<!-- \/ Yoast SEO plugin. -->","yoast_head_json":{"title":"Vitra Maarten van Severen .03 Stuhl Schwarz \u2013 Nicht stapelbar \u2013 Zillions: Neue und gebrauchte Designerm\u00f6bel und St\u00fchle","robots":{"index":"index","follow":"follow","max-snippet":"max-snippet:-1","max-image-preview":"max-image-preview:large","max-video-preview":"max-video-preview:-1"},"canonical":"https:\/\/www.zillions.nl\/de\/product\/vitra-maarten-van-severen-03-stoel-zwart-niet-stapelbaar\/","og_locale":"de_DE","og_type":"article","og_title":"Vitra Maarten van Severen .03 Stoel Zwart - Niet Stapelbaar - Zillions: nieuw en gebruikt design meubilair en stoelen","og_description":"Vitra Maarten van Severen .03 Zwart &#8211; niet stapelbaar (zie voor wel stapelbaar onze overige advertenties). Prachtige design stoelen van vitra. Design Maarten van Severen. Perfecte stoelen voor thuis, kantoor en horeca. Verkerend in zeer nette jonggebruikte conditie. Bezorgen kan met onze eigen bezorgdienst Uit voorraad leverbaar. Voor vragen of het vrijblijvend maken van een [&hellip;]","og_url":"https:\/\/www.zillions.nl\/de\/product\/vitra-maarten-van-severen-03-stoel-zwart-niet-stapelbaar\/","og_site_name":"Zillions: nieuw en gebruikt design meubilair en stoelen","article_modified_time":"2026-03-15T10:08:17+00:00","og_image":[{"width":1080,"height":1080,"url":"https:\/\/www.zillions.nl\/wp-content\/uploads\/2024\/03\/meubels-25-10-366.jpg","type":"image\/jpeg"}],"twitter_card":"summary_large_image","twitter_misc":{"Est. reading time":"2 minutes"},"schema":{"@context":"https:\/\/schema.org","@graph":[{"@type":"WebPage","@id":"https:\/\/www.zillions.nl\/product\/vitra-maarten-van-severen-03-stoel-zwart-niet-stapelbaar\/","url":"https:\/\/www.zillions.nl\/product\/vitra-maarten-van-severen-03-stoel-zwart-niet-stapelbaar\/","name":"Vitra Maarten van Severen .03 Stuhl Schwarz \u2013 Nicht stapelbar \u2013 Zillions: Neue und gebrauchte Designerm\u00f6bel und St\u00fchle","isPartOf":{"@id":"https:\/\/www.zillions.nl\/de\/#website"},"primaryImageOfPage":{"@id":"https:\/\/www.zillions.nl\/product\/vitra-maarten-van-severen-03-stoel-zwart-niet-stapelbaar\/#primaryimage"},"image":{"@id":"https:\/\/www.zillions.nl\/product\/vitra-maarten-van-severen-03-stoel-zwart-niet-stapelbaar\/#primaryimage"},"thumbnailUrl":"https:\/\/www.zillions.nl\/wp-content\/uploads\/2024\/03\/meubels-25-10-366.jpg","datePublished":"2024-03-06T18:55:29+00:00","dateModified":"2026-03-15T10:08:17+00:00","breadcrumb":{"@id":"https:\/\/www.zillions.nl\/product\/vitra-maarten-van-severen-03-stoel-zwart-niet-stapelbaar\/#breadcrumb"},"inLanguage":"de-DE","potentialAction":[{"@type":"ReadAction","target":["https:\/\/www.zillions.nl\/product\/vitra-maarten-van-severen-03-stoel-zwart-niet-stapelbaar\/"]}]},{"@type":"ImageObject","inLanguage":"de-DE","@id":"https:\/\/www.zillions.nl\/product\/vitra-maarten-van-severen-03-stoel-zwart-niet-stapelbaar\/#primaryimage","url":"https:\/\/www.zillions.nl\/wp-content\/uploads\/2024\/03\/meubels-25-10-366.jpg","contentUrl":"https:\/\/www.zillions.nl\/wp-content\/uploads\/2024\/03\/meubels-25-10-366.jpg","width":1080,"height":1080},{"@type":"BreadcrumbList","@id":"https:\/\/www.zillions.nl\/product\/vitra-maarten-van-severen-03-stoel-zwart-niet-stapelbaar\/#breadcrumb","itemListElement":[{"@type":"ListItem","position":1,"name":"Home","item":"https:\/\/www.zillions.nl\/"},{"@type":"ListItem","position":2,"name":"Shop","item":"https:\/\/www.zillions.nl\/shop\/"},{"@type":"ListItem","position":3,"name":"Vitra Maarten van Severen .03 Stoel Zwart &#8211; Niet Stapelbaar"}]},{"@type":"WebSite","@id":"https:\/\/www.zillions.nl\/de\/#website","url":"https:\/\/www.zillions.nl\/de\/","name":"Zillionen: neue und gebrauchte Designerm\u00f6bel und St\u00fchle","description":"Willkommen bei Zillions: Zillions ist auf neue und gebrauchte Designm\u00f6bel und St\u00fchle spezialisiert.","publisher":{"@id":"https:\/\/www.zillions.nl\/de\/#organization"},"potentialAction":[{"@type":"SearchAction","target":{"@type":"EntryPoint","urlTemplate":"https:\/\/www.zillions.nl\/de\/?s={search_term_string}"},"query-input":{"@type":"PropertyValueSpecification","valueRequired":true,"valueName":"search_term_string"}}],"inLanguage":"de-DE"},{"@type":"Organization","@id":"https:\/\/www.zillions.nl\/de\/#organization","name":"Zillionen: neue und gebrauchte Designerm\u00f6bel und St\u00fchle","url":"https:\/\/www.zillions.nl\/de\/","logo":{"@type":"ImageObject","inLanguage":"de-DE","@id":"https:\/\/www.zillions.nl\/de\/#\/schema\/logo\/image\/","url":"https:\/\/www.zillions.nl\/wp-content\/uploads\/2022\/11\/zillions.svg","contentUrl":"https:\/\/www.zillions.nl\/wp-content\/uploads\/2022\/11\/zillions.svg","width":208,"height":53,"caption":"Zillions: nieuw en gebruikt design meubilair en stoelen"},"image":{"@id":"https:\/\/www.zillions.nl\/de\/#\/schema\/logo\/image\/"}}]}},"_links":{"self":[{"href":"https:\/\/www.zillions.nl\/de\/wp-json\/wp\/v2\/product\/9025","targetHints":{"allow":["GET"]}}],"collection":[{"href":"https:\/\/www.zillions.nl\/de\/wp-json\/wp\/v2\/product"}],"about":[{"href":"https:\/\/www.zillions.nl\/de\/wp-json\/wp\/v2\/types\/product"}],"wp:featuredmedia":[{"embeddable":true,"href":"https:\/\/www.zillions.nl\/de\/wp-json\/wp\/v2\/media\/10182"}],"wp:attachment":[{"href":"https:\/\/www.zillions.nl\/de\/wp-json\/wp\/v2\/media?parent=9025"}],"wp:term":[{"taxonomy":"product_brand","embeddable":true,"href":"https:\/\/www.zillions.nl\/de\/wp-json\/wp\/v2\/product_brand?post=9025"},{"taxonomy":"product_cat","embeddable":true,"href":"https:\/\/www.zillions.nl\/de\/wp-json\/wp\/v2\/product_cat?post=9025"},{"taxonomy":"product_tag","embeddable":true,"href":"https:\/\/www.zillions.nl\/de\/wp-json\/wp\/v2\/product_tag?post=9025"}],"curies":[{"name":"wp","href":"https:\/\/api.w.org\/{rel}","templated":true}]}}