{"id":8905,"date":"2024-03-01T21:05:22","date_gmt":"2024-03-01T20:05:22","guid":{"rendered":"https:\/\/www.zillions.nl\/?post_type=product&#038;p=8905"},"modified":"2026-01-16T14:34:43","modified_gmt":"2026-01-16T13:34:43","slug":"vitra-hella-jongerius-poldersofa-xs-wit-leer-lmtd","status":"publish","type":"product","link":"https:\/\/www.zillions.nl\/de\/product\/vitra-hella-jongerius-poldersofa-xs-wit-leer-lmtd\/","title":{"rendered":"Vitra Hella Jongerius Poldersofa Xs Wei\u00dfes Leder LMTD"},"content":{"rendered":"<p data-start=\"73\" data-end=\"146\">Vitra Hella Jongerius Polder Sofa Wei\u00dfes Leder \u2013 mit Armlehne<\/p>\n<p data-start=\"148\" data-end=\"417\">Das ikonische Vitra Polder Sofa, entworfen von Hella Jongerius, ist bekannt f\u00fcr sein verspieltes, asymmetrisches Design und seinen au\u00dfergew\u00f6hnlichen Sitzkomfort. Diese Ausf\u00fchrung ist aus edlem wei\u00dfen Leder gefertigt und mit kontrastierenden Ziern\u00e4hten an Kissen und Armlehnen versehen. Als limitierte Auflage ist dieses Modell ein echter Blickfang. Die Kombination aus niederl\u00e4ndischem Design, Komfort und unverwechselbarem Charakter macht dieses Sofa unglaublich beliebt. Die asymmetrischen Sitze, die Metallkn\u00f6pfe und die integrierte Plattform auf einer Seite verleihen ihm einen einzigartigen und funktionalen Look. Das Vitra Polder Sofa ist nicht nur ein Design-Statement, sondern auch ein wunderbarer Ort zum Entspannen. Das Sofa ist original (100%) und verf\u00fcgt \u00fcber alle Authentizit\u00e4tsmerkmale.<\/p>\n<p><strong>Zustand<\/strong>: neu; 100% neu, unbenutzt, in versiegelter Verpackung<\/p>\n<p><strong>Lieferung ab Lager<\/strong><\/p>\n<p><strong>Hinweis:<\/strong> Die angegebenen Preise verstehen sich pro St\u00fcck!<\/p>\n<p data-start=\"848\" data-end=\"921\">Ma\u00dfe:<br data-start=\"863\" data-end=\"866\" \/><strong>H\u00f6he<\/strong>: 78 cm<br data-start=\"879\" data-end=\"882\" \/><strong>Breite<\/strong>220 cm<br data-start=\"897\" data-end=\"900\" \/><strong>Tiefe<\/strong>: 96 \/ 100 cm<\/p>\n<p data-prosemirror-content-type=\"node\" data-prosemirror-node-name=\"paragraph\" data-prosemirror-node-block=\"true\" data-pm-slice=\"1 1 []\">Wenn Sie Fragen haben oder einen unverbindlichen Besichtigungstermin vereinbaren m\u00f6chten, k\u00f6nnen Sie sich gerne an uns wenden. Lieferung durch unseren eigenen Lieferservice m\u00f6glich! Besuchen Sie unsere Website f\u00fcr viele weitere Designartikel!<\/p>\n<p data-start=\"1407\" data-end=\"1518\" data-is-last-node=\"\" data-is-only-node=\"\"><strong data-start=\"1407\" data-end=\"1448\">Kontaktdaten (Besuch nach Vereinbarung):<\/strong><br data-start=\"1448\" data-end=\"1451\" \/>Industrieweg 21<br data-start=\"1466\" data-end=\"1469\" \/>4131 NK Vianen<br data-start=\"1483\" data-end=\"1486\" \/><a class=\"decorated-link cursor-pointer\" rel=\"noopener\" data-start=\"1486\" data-end=\"1502\">info@zillions.nl<\/a><br data-start=\"1502\" data-end=\"1505\" \/>030 20 72 146<\/p>","protected":false},"excerpt":{"rendered":"<p>Vitra Hella Jongerius Polder Sofa Wit leer \u2013 met armsteun De iconische Polder Sofa van Vitra is ontworpen door Hella Jongerius en staat bekend om haar speelse, asymmetrische ontwerp en uitzonderlijk zitcomfort. Deze uitvoering is uitgevoerd in prachtig exclusief wit leer met contrasterende stiknaden op de kussens en armsteun. Dit model is in beperkte oplage [&hellip;]<\/p>\n","protected":false},"featured_media":8906,"template":"","meta":{"_acf_changed":false},"product_brand":[202],"product_cat":[16,189],"product_tag":[322],"class_list":{"0":"post-8905","1":"product","2":"type-product","3":"status-publish","4":"has-post-thumbnail","6":"product_brand-vitra","7":"product_cat-alle-producten","8":"product_cat-banken","9":"product_tag-vitra","10":"pa_brands-vitra","12":"first","13":"instock","14":"sale","15":"purchasable","16":"product-type-simple"},"acf":[],"yoast_head":"<!-- This site is optimized with the Yoast SEO plugin v27.5 - https:\/\/yoast.com\/product\/yoast-seo-wordpress\/ -->\n<title>Vitra Hella Jongerius Poldersofa Xs Wit Leer LMTD - Zillions: nieuw en gebruikt design meubilair en stoelen<\/title>\n<meta name=\"description\" content=\"Vitra Hella Jongerius Poldersofa Xs Wit Leer LMTD | Eenvoudig te bestellen via onze webshop. Ontdek dit model en vele anderen in ons ruime assortiment!\" \/>\n<meta name=\"robots\" content=\"index, follow, max-snippet:-1, max-image-preview:large, max-video-preview:-1\" \/>\n<link rel=\"canonical\" href=\"https:\/\/www.zillions.nl\/de\/product\/vitra-hella-jongerius-poldersofa-xs-wit-leer-lmtd\/\" \/>\n<meta property=\"og:locale\" content=\"de_DE\" \/>\n<meta property=\"og:type\" content=\"article\" \/>\n<meta property=\"og:title\" content=\"Vitra Hella Jongerius Poldersofa Xs Wit Leer LMTD - Zillions: nieuw en gebruikt design meubilair en stoelen\" \/>\n<meta property=\"og:description\" content=\"Vitra Hella Jongerius Poldersofa Xs Wit Leer LMTD | Eenvoudig te bestellen via onze webshop. Ontdek dit model en vele anderen in ons ruime assortiment!\" \/>\n<meta property=\"og:url\" content=\"https:\/\/www.zillions.nl\/de\/product\/vitra-hella-jongerius-poldersofa-xs-wit-leer-lmtd\/\" \/>\n<meta property=\"og:site_name\" content=\"Zillions: nieuw en gebruikt design meubilair en stoelen\" \/>\n<meta property=\"article:modified_time\" content=\"2026-01-16T13:34:43+00:00\" \/>\n<meta property=\"og:image\" content=\"https:\/\/www.zillions.nl\/wp-content\/uploads\/2024\/03\/Polder-Wit-Xs-10-scaled.jpg\" \/>\n\t<meta property=\"og:image:width\" content=\"1440\" \/>\n\t<meta property=\"og:image:height\" content=\"1080\" \/>\n\t<meta property=\"og:image:type\" content=\"image\/jpeg\" \/>\n<meta name=\"twitter:card\" content=\"summary_large_image\" \/>\n<meta name=\"twitter:label1\" content=\"Est. reading time\" \/>\n\t<meta name=\"twitter:data1\" content=\"2 minutes\" \/>\n<script type=\"application\/ld+json\" class=\"yoast-schema-graph\">{\"@context\":\"https:\\\/\\\/schema.org\",\"@graph\":[{\"@type\":\"WebPage\",\"@id\":\"https:\\\/\\\/www.zillions.nl\\\/product\\\/vitra-hella-jongerius-poldersofa-xs-wit-leer-lmtd\\\/\",\"url\":\"https:\\\/\\\/www.zillions.nl\\\/product\\\/vitra-hella-jongerius-poldersofa-xs-wit-leer-lmtd\\\/\",\"name\":\"Vitra Hella Jongerius Poldersofa Xs Wit Leer LMTD - Zillions: nieuw en gebruikt design meubilair en stoelen\",\"isPartOf\":{\"@id\":\"https:\\\/\\\/www.zillions.nl\\\/de\\\/#website\"},\"primaryImageOfPage\":{\"@id\":\"https:\\\/\\\/www.zillions.nl\\\/product\\\/vitra-hella-jongerius-poldersofa-xs-wit-leer-lmtd\\\/#primaryimage\"},\"image\":{\"@id\":\"https:\\\/\\\/www.zillions.nl\\\/product\\\/vitra-hella-jongerius-poldersofa-xs-wit-leer-lmtd\\\/#primaryimage\"},\"thumbnailUrl\":\"https:\\\/\\\/www.zillions.nl\\\/wp-content\\\/uploads\\\/2024\\\/03\\\/Polder-Wit-Xs-10-scaled.jpg\",\"datePublished\":\"2024-03-01T20:05:22+00:00\",\"dateModified\":\"2026-01-16T13:34:43+00:00\",\"description\":\"Vitra Hella Jongerius Poldersofa Xs Wit Leer LMTD | Eenvoudig te bestellen via onze webshop. Ontdek dit model en vele anderen in ons ruime assortiment!\",\"breadcrumb\":{\"@id\":\"https:\\\/\\\/www.zillions.nl\\\/product\\\/vitra-hella-jongerius-poldersofa-xs-wit-leer-lmtd\\\/#breadcrumb\"},\"inLanguage\":\"de-DE\",\"potentialAction\":[{\"@type\":\"ReadAction\",\"target\":[\"https:\\\/\\\/www.zillions.nl\\\/product\\\/vitra-hella-jongerius-poldersofa-xs-wit-leer-lmtd\\\/\"]}]},{\"@type\":\"ImageObject\",\"inLanguage\":\"de-DE\",\"@id\":\"https:\\\/\\\/www.zillions.nl\\\/product\\\/vitra-hella-jongerius-poldersofa-xs-wit-leer-lmtd\\\/#primaryimage\",\"url\":\"https:\\\/\\\/www.zillions.nl\\\/wp-content\\\/uploads\\\/2024\\\/03\\\/Polder-Wit-Xs-10-scaled.jpg\",\"contentUrl\":\"https:\\\/\\\/www.zillions.nl\\\/wp-content\\\/uploads\\\/2024\\\/03\\\/Polder-Wit-Xs-10-scaled.jpg\",\"width\":1440,\"height\":1080},{\"@type\":\"BreadcrumbList\",\"@id\":\"https:\\\/\\\/www.zillions.nl\\\/product\\\/vitra-hella-jongerius-poldersofa-xs-wit-leer-lmtd\\\/#breadcrumb\",\"itemListElement\":[{\"@type\":\"ListItem\",\"position\":1,\"name\":\"Home\",\"item\":\"https:\\\/\\\/www.zillions.nl\\\/\"},{\"@type\":\"ListItem\",\"position\":2,\"name\":\"Shop\",\"item\":\"https:\\\/\\\/www.zillions.nl\\\/shop\\\/\"},{\"@type\":\"ListItem\",\"position\":3,\"name\":\"Vitra Hella Jongerius Poldersofa Xs Wit Leer LMTD\"}]},{\"@type\":\"WebSite\",\"@id\":\"https:\\\/\\\/www.zillions.nl\\\/de\\\/#website\",\"url\":\"https:\\\/\\\/www.zillions.nl\\\/de\\\/\",\"name\":\"Zillions: nieuw en gebruikt design meubilair en stoelen\",\"description\":\"Welkom bij Zillions: Zillions is gespecialiseerd in nieuw en gebruikt design meubilair en stoelen.\",\"publisher\":{\"@id\":\"https:\\\/\\\/www.zillions.nl\\\/de\\\/#organization\"},\"potentialAction\":[{\"@type\":\"SearchAction\",\"target\":{\"@type\":\"EntryPoint\",\"urlTemplate\":\"https:\\\/\\\/www.zillions.nl\\\/de\\\/?s={search_term_string}\"},\"query-input\":{\"@type\":\"PropertyValueSpecification\",\"valueRequired\":true,\"valueName\":\"search_term_string\"}}],\"inLanguage\":\"de-DE\"},{\"@type\":\"Organization\",\"@id\":\"https:\\\/\\\/www.zillions.nl\\\/de\\\/#organization\",\"name\":\"Zillions: nieuw en gebruikt design meubilair en stoelen\",\"url\":\"https:\\\/\\\/www.zillions.nl\\\/de\\\/\",\"logo\":{\"@type\":\"ImageObject\",\"inLanguage\":\"de-DE\",\"@id\":\"https:\\\/\\\/www.zillions.nl\\\/de\\\/#\\\/schema\\\/logo\\\/image\\\/\",\"url\":\"https:\\\/\\\/www.zillions.nl\\\/wp-content\\\/uploads\\\/2022\\\/11\\\/zillions.svg\",\"contentUrl\":\"https:\\\/\\\/www.zillions.nl\\\/wp-content\\\/uploads\\\/2022\\\/11\\\/zillions.svg\",\"width\":208,\"height\":53,\"caption\":\"Zillions: nieuw en gebruikt design meubilair en stoelen\"},\"image\":{\"@id\":\"https:\\\/\\\/www.zillions.nl\\\/de\\\/#\\\/schema\\\/logo\\\/image\\\/\"}}]}<\/script>\n<!-- \/ Yoast SEO plugin. -->","yoast_head_json":{"title":"Vitra Hella Jongerius Poldersofa XS Wei\u00dfes Leder LMTD - Zillions: Neue und gebrauchte Designm\u00f6bel und St\u00fchle","description":"Vitra Hella Jongerius Polder Sofa XS Wei\u00dfes Leder LMTD | Bestellen Sie bequem in unserem Webshop. Entdecken Sie dieses und viele weitere Modelle aus unserem umfangreichen Sortiment!","robots":{"index":"index","follow":"follow","max-snippet":"max-snippet:-1","max-image-preview":"max-image-preview:large","max-video-preview":"max-video-preview:-1"},"canonical":"https:\/\/www.zillions.nl\/de\/product\/vitra-hella-jongerius-poldersofa-xs-wit-leer-lmtd\/","og_locale":"de_DE","og_type":"article","og_title":"Vitra Hella Jongerius Poldersofa Xs Wit Leer LMTD - Zillions: nieuw en gebruikt design meubilair en stoelen","og_description":"Vitra Hella Jongerius Poldersofa Xs Wit Leer LMTD | Eenvoudig te bestellen via onze webshop. Ontdek dit model en vele anderen in ons ruime assortiment!","og_url":"https:\/\/www.zillions.nl\/de\/product\/vitra-hella-jongerius-poldersofa-xs-wit-leer-lmtd\/","og_site_name":"Zillions: nieuw en gebruikt design meubilair en stoelen","article_modified_time":"2026-01-16T13:34:43+00:00","og_image":[{"width":1440,"height":1080,"url":"https:\/\/www.zillions.nl\/wp-content\/uploads\/2024\/03\/Polder-Wit-Xs-10-scaled.jpg","type":"image\/jpeg"}],"twitter_card":"summary_large_image","twitter_misc":{"Est. reading time":"2 minutes"},"schema":{"@context":"https:\/\/schema.org","@graph":[{"@type":"WebPage","@id":"https:\/\/www.zillions.nl\/product\/vitra-hella-jongerius-poldersofa-xs-wit-leer-lmtd\/","url":"https:\/\/www.zillions.nl\/product\/vitra-hella-jongerius-poldersofa-xs-wit-leer-lmtd\/","name":"Vitra Hella Jongerius Poldersofa XS Wei\u00dfes Leder LMTD - Zillions: Neue und gebrauchte Designm\u00f6bel und St\u00fchle","isPartOf":{"@id":"https:\/\/www.zillions.nl\/de\/#website"},"primaryImageOfPage":{"@id":"https:\/\/www.zillions.nl\/product\/vitra-hella-jongerius-poldersofa-xs-wit-leer-lmtd\/#primaryimage"},"image":{"@id":"https:\/\/www.zillions.nl\/product\/vitra-hella-jongerius-poldersofa-xs-wit-leer-lmtd\/#primaryimage"},"thumbnailUrl":"https:\/\/www.zillions.nl\/wp-content\/uploads\/2024\/03\/Polder-Wit-Xs-10-scaled.jpg","datePublished":"2024-03-01T20:05:22+00:00","dateModified":"2026-01-16T13:34:43+00:00","description":"Vitra Hella Jongerius Polder Sofa XS Wei\u00dfes Leder LMTD | Bestellen Sie bequem in unserem Webshop. Entdecken Sie dieses und viele weitere Modelle aus unserem umfangreichen Sortiment!","breadcrumb":{"@id":"https:\/\/www.zillions.nl\/product\/vitra-hella-jongerius-poldersofa-xs-wit-leer-lmtd\/#breadcrumb"},"inLanguage":"de-DE","potentialAction":[{"@type":"ReadAction","target":["https:\/\/www.zillions.nl\/product\/vitra-hella-jongerius-poldersofa-xs-wit-leer-lmtd\/"]}]},{"@type":"ImageObject","inLanguage":"de-DE","@id":"https:\/\/www.zillions.nl\/product\/vitra-hella-jongerius-poldersofa-xs-wit-leer-lmtd\/#primaryimage","url":"https:\/\/www.zillions.nl\/wp-content\/uploads\/2024\/03\/Polder-Wit-Xs-10-scaled.jpg","contentUrl":"https:\/\/www.zillions.nl\/wp-content\/uploads\/2024\/03\/Polder-Wit-Xs-10-scaled.jpg","width":1440,"height":1080},{"@type":"BreadcrumbList","@id":"https:\/\/www.zillions.nl\/product\/vitra-hella-jongerius-poldersofa-xs-wit-leer-lmtd\/#breadcrumb","itemListElement":[{"@type":"ListItem","position":1,"name":"Home","item":"https:\/\/www.zillions.nl\/"},{"@type":"ListItem","position":2,"name":"Shop","item":"https:\/\/www.zillions.nl\/shop\/"},{"@type":"ListItem","position":3,"name":"Vitra Hella Jongerius Poldersofa Xs Wit Leer LMTD"}]},{"@type":"WebSite","@id":"https:\/\/www.zillions.nl\/de\/#website","url":"https:\/\/www.zillions.nl\/de\/","name":"Zillionen: neue und gebrauchte Designerm\u00f6bel und St\u00fchle","description":"Willkommen bei Zillions: Zillions ist auf neue und gebrauchte Designm\u00f6bel und St\u00fchle spezialisiert.","publisher":{"@id":"https:\/\/www.zillions.nl\/de\/#organization"},"potentialAction":[{"@type":"SearchAction","target":{"@type":"EntryPoint","urlTemplate":"https:\/\/www.zillions.nl\/de\/?s={search_term_string}"},"query-input":{"@type":"PropertyValueSpecification","valueRequired":true,"valueName":"search_term_string"}}],"inLanguage":"de-DE"},{"@type":"Organization","@id":"https:\/\/www.zillions.nl\/de\/#organization","name":"Zillionen: neue und gebrauchte Designerm\u00f6bel und St\u00fchle","url":"https:\/\/www.zillions.nl\/de\/","logo":{"@type":"ImageObject","inLanguage":"de-DE","@id":"https:\/\/www.zillions.nl\/de\/#\/schema\/logo\/image\/","url":"https:\/\/www.zillions.nl\/wp-content\/uploads\/2022\/11\/zillions.svg","contentUrl":"https:\/\/www.zillions.nl\/wp-content\/uploads\/2022\/11\/zillions.svg","width":208,"height":53,"caption":"Zillions: nieuw en gebruikt design meubilair en stoelen"},"image":{"@id":"https:\/\/www.zillions.nl\/de\/#\/schema\/logo\/image\/"}}]}},"_links":{"self":[{"href":"https:\/\/www.zillions.nl\/de\/wp-json\/wp\/v2\/product\/8905","targetHints":{"allow":["GET"]}}],"collection":[{"href":"https:\/\/www.zillions.nl\/de\/wp-json\/wp\/v2\/product"}],"about":[{"href":"https:\/\/www.zillions.nl\/de\/wp-json\/wp\/v2\/types\/product"}],"wp:featuredmedia":[{"embeddable":true,"href":"https:\/\/www.zillions.nl\/de\/wp-json\/wp\/v2\/media\/8906"}],"wp:attachment":[{"href":"https:\/\/www.zillions.nl\/de\/wp-json\/wp\/v2\/media?parent=8905"}],"wp:term":[{"taxonomy":"product_brand","embeddable":true,"href":"https:\/\/www.zillions.nl\/de\/wp-json\/wp\/v2\/product_brand?post=8905"},{"taxonomy":"product_cat","embeddable":true,"href":"https:\/\/www.zillions.nl\/de\/wp-json\/wp\/v2\/product_cat?post=8905"},{"taxonomy":"product_tag","embeddable":true,"href":"https:\/\/www.zillions.nl\/de\/wp-json\/wp\/v2\/product_tag?post=8905"}],"curies":[{"name":"wp","href":"https:\/\/api.w.org\/{rel}","templated":true}]}}