{"id":8893,"date":"2024-02-28T11:35:58","date_gmt":"2024-02-28T10:35:58","guid":{"rendered":"https:\/\/www.zillions.nl\/?post_type=product&#038;p=8893"},"modified":"2026-01-14T13:39:50","modified_gmt":"2026-01-14T12:39:50","slug":"vitra-maarten-v-severen-03-bordeauxrood-stapelbaar","status":"publish","type":"product","link":"https:\/\/www.zillions.nl\/de\/product\/vitra-maarten-v-severen-03-bordeauxrood-stapelbaar\/","title":{"rendered":"Vitra Maarten v Severen .03 Bordeaux Red \u2013 Stapelbar"},"content":{"rendered":"<p style=\"font-weight: 400\">Vitra Maarten van Severen .03 Stuhl in Burgund<\/p>\n<p style=\"font-weight: 400\">Der minimalistische Vitra .03 Stuhl, entworfen von Maarten van Severen, verf\u00fcgt \u00fcber eine burgunderfarbene Sitzfl\u00e4che und ein hellgraues Aluminiumgestell. Die flexible Sitzfl\u00e4che passt sich dezent dem K\u00f6rper an, w\u00e4hrend der obere Teil der R\u00fcckenlehne beim Zur\u00fccklehnen sanft nachgibt und so optimalen Sitzkomfort gew\u00e4hrleistet. Sein zeitloses Design und die hochwertige Verarbeitung machen den .03 zu einer stilvollen und langlebigen Wahl f\u00fcr Besprechungsr\u00e4ume, Esszimmer oder moderne Arbeitsr\u00e4ume. Der Stuhl ist original 100% und verf\u00fcgt \u00fcber alle Echtheitsmerkmale.<\/p>\n<p style=\"font-weight: 400\"><strong>Zustand: <\/strong>Zustand im Ausstellungsraum; im Neuzustand<\/p>\n<p style=\"font-weight: 400\"><strong>Lieferung ab Lager<\/strong><\/p>\n<p style=\"font-weight: 400\"><strong>Hinweis: <\/strong>Die angezeigten Preise sind <u>pro St\u00fcck<\/u>!<\/p>\n<p style=\"font-weight: 400\">Spezifikationen:<br \/>\n<strong>Sitz:<\/strong> Schaum, burgunderrot<br \/>\n<strong>Rahmen:<\/strong> Aluminium, grau<br \/>\n<strong>R\u00fcckenlehne:<\/strong> 37 cm<br \/>\n<strong>Sitzh\u00f6he:<\/strong> 42 cm<br \/>\n<strong>Sitzbreite:<\/strong> 38 cm<br \/>\n<strong>Sitztiefe:<\/strong> 45 cm<br \/>\n<strong>Volle H\u00f6he:<\/strong> 79 cm<br \/>\n<strong>Volle Breite: <\/strong>38 cm<br \/>\n<strong>Volle Tiefe: <\/strong>53 cm<\/p>\n<p style=\"font-weight: 400\">Wenn Sie Fragen haben oder einen unverbindlichen Besichtigungstermin vereinbaren m\u00f6chten, k\u00f6nnen Sie sich gerne an uns wenden. Lieferung durch unseren eigenen Lieferservice m\u00f6glich! Besuchen Sie unsere Website f\u00fcr viele weitere Designartikel!<\/p>\n<p><strong>Kontaktdaten (Besuch nach Vereinbarung):<\/strong><span style=\"font-weight: 400\"><br \/>\nIndustrieweg 21<br \/>\n4131NK Vianen<br \/>\ninfo@zillions.nl<br \/>\n030 20 72 146<\/span><\/p>","protected":false},"excerpt":{"rendered":"<p>Vitra Maarten van Severen .03 stoel in bordeauxrood Deze minimalistische Vitra .03 stoel, ontworpen door Maarten van Severen, is uitgevoerd met een bordeauxrode zitting en een lichtgrijs aluminium frame. De flexibele zitting past zich subtiel aan het lichaam aan, terwijl het bovenste deel van de rugleuning licht mee veert bij het achteroverleunen, wat zorgt voor [&hellip;]<\/p>\n","protected":false},"featured_media":18169,"template":"","meta":{"_acf_changed":false},"product_brand":[202],"product_cat":[16,185],"product_tag":[322],"class_list":{"0":"post-8893","1":"product","2":"type-product","3":"status-publish","4":"has-post-thumbnail","6":"product_brand-vitra","7":"product_cat-alle-producten","8":"product_cat-stoelen","9":"product_tag-vitra","10":"pa_brands-vitra","12":"first","13":"outofstock","14":"purchasable","15":"product-type-simple"},"acf":[],"yoast_head":"<!-- This site is optimized with the Yoast SEO plugin v27.5 - https:\/\/yoast.com\/product\/yoast-seo-wordpress\/ -->\n<title>Vitra Maarten v Severen .03 Bordeauxrood - Stapelbaar<\/title>\n<meta name=\"description\" content=\"Vitra Maarten van Severen .03 stoel in bordeauxrood | Eenvoudig te bestellen via onze webshop. Ontdek dit model en vele anderen in ons ruime assortiment!\" \/>\n<meta name=\"robots\" content=\"index, follow, max-snippet:-1, max-image-preview:large, max-video-preview:-1\" \/>\n<link rel=\"canonical\" href=\"https:\/\/www.zillions.nl\/de\/product\/vitra-maarten-v-severen-03-bordeauxrood-stapelbaar\/\" \/>\n<meta property=\"og:locale\" content=\"de_DE\" \/>\n<meta property=\"og:type\" content=\"article\" \/>\n<meta property=\"og:title\" content=\"Vitra Maarten v Severen .03 Bordeauxrood - Stapelbaar\" \/>\n<meta property=\"og:description\" content=\"Vitra Maarten van Severen .03 stoel in bordeauxrood | Eenvoudig te bestellen via onze webshop. Ontdek dit model en vele anderen in ons ruime assortiment!\" \/>\n<meta property=\"og:url\" content=\"https:\/\/www.zillions.nl\/de\/product\/vitra-maarten-v-severen-03-bordeauxrood-stapelbaar\/\" \/>\n<meta property=\"og:site_name\" content=\"Zillions: nieuw en gebruikt design meubilair en stoelen\" \/>\n<meta property=\"article:modified_time\" content=\"2026-01-14T12:39:50+00:00\" \/>\n<meta property=\"og:image\" content=\"https:\/\/www.zillions.nl\/wp-content\/uploads\/2024\/02\/Vitra-.03-Maarten-van-Severen-Bordeaux-_NM14047-1.jpg\" \/>\n\t<meta property=\"og:image:width\" content=\"1080\" \/>\n\t<meta property=\"og:image:height\" content=\"1080\" \/>\n\t<meta property=\"og:image:type\" content=\"image\/jpeg\" \/>\n<meta name=\"twitter:card\" content=\"summary_large_image\" \/>\n<meta name=\"twitter:label1\" content=\"Est. reading time\" \/>\n\t<meta name=\"twitter:data1\" content=\"2 minutes\" \/>\n<script type=\"application\/ld+json\" class=\"yoast-schema-graph\">{\"@context\":\"https:\\\/\\\/schema.org\",\"@graph\":[{\"@type\":\"WebPage\",\"@id\":\"https:\\\/\\\/www.zillions.nl\\\/product\\\/vitra-maarten-v-severen-03-bordeauxrood-stapelbaar\\\/\",\"url\":\"https:\\\/\\\/www.zillions.nl\\\/product\\\/vitra-maarten-v-severen-03-bordeauxrood-stapelbaar\\\/\",\"name\":\"Vitra Maarten v Severen .03 Bordeauxrood - Stapelbaar\",\"isPartOf\":{\"@id\":\"https:\\\/\\\/www.zillions.nl\\\/de\\\/#website\"},\"primaryImageOfPage\":{\"@id\":\"https:\\\/\\\/www.zillions.nl\\\/product\\\/vitra-maarten-v-severen-03-bordeauxrood-stapelbaar\\\/#primaryimage\"},\"image\":{\"@id\":\"https:\\\/\\\/www.zillions.nl\\\/product\\\/vitra-maarten-v-severen-03-bordeauxrood-stapelbaar\\\/#primaryimage\"},\"thumbnailUrl\":\"https:\\\/\\\/www.zillions.nl\\\/wp-content\\\/uploads\\\/2024\\\/02\\\/Vitra-.03-Maarten-van-Severen-Bordeaux-_NM14047-1.jpg\",\"datePublished\":\"2024-02-28T10:35:58+00:00\",\"dateModified\":\"2026-01-14T12:39:50+00:00\",\"description\":\"Vitra Maarten van Severen .03 stoel in bordeauxrood | Eenvoudig te bestellen via onze webshop. Ontdek dit model en vele anderen in ons ruime assortiment!\",\"breadcrumb\":{\"@id\":\"https:\\\/\\\/www.zillions.nl\\\/product\\\/vitra-maarten-v-severen-03-bordeauxrood-stapelbaar\\\/#breadcrumb\"},\"inLanguage\":\"de-DE\",\"potentialAction\":[{\"@type\":\"ReadAction\",\"target\":[\"https:\\\/\\\/www.zillions.nl\\\/product\\\/vitra-maarten-v-severen-03-bordeauxrood-stapelbaar\\\/\"]}]},{\"@type\":\"ImageObject\",\"inLanguage\":\"de-DE\",\"@id\":\"https:\\\/\\\/www.zillions.nl\\\/product\\\/vitra-maarten-v-severen-03-bordeauxrood-stapelbaar\\\/#primaryimage\",\"url\":\"https:\\\/\\\/www.zillions.nl\\\/wp-content\\\/uploads\\\/2024\\\/02\\\/Vitra-.03-Maarten-van-Severen-Bordeaux-_NM14047-1.jpg\",\"contentUrl\":\"https:\\\/\\\/www.zillions.nl\\\/wp-content\\\/uploads\\\/2024\\\/02\\\/Vitra-.03-Maarten-van-Severen-Bordeaux-_NM14047-1.jpg\",\"width\":1080,\"height\":1080},{\"@type\":\"BreadcrumbList\",\"@id\":\"https:\\\/\\\/www.zillions.nl\\\/product\\\/vitra-maarten-v-severen-03-bordeauxrood-stapelbaar\\\/#breadcrumb\",\"itemListElement\":[{\"@type\":\"ListItem\",\"position\":1,\"name\":\"Home\",\"item\":\"https:\\\/\\\/www.zillions.nl\\\/\"},{\"@type\":\"ListItem\",\"position\":2,\"name\":\"Shop\",\"item\":\"https:\\\/\\\/www.zillions.nl\\\/shop\\\/\"},{\"@type\":\"ListItem\",\"position\":3,\"name\":\"Vitra Maarten v Severen .03 Bordeauxrood &#8211; Stapelbaar\"}]},{\"@type\":\"WebSite\",\"@id\":\"https:\\\/\\\/www.zillions.nl\\\/de\\\/#website\",\"url\":\"https:\\\/\\\/www.zillions.nl\\\/de\\\/\",\"name\":\"Zillions: nieuw en gebruikt design meubilair en stoelen\",\"description\":\"Welkom bij Zillions: Zillions is gespecialiseerd in nieuw en gebruikt design meubilair en stoelen.\",\"publisher\":{\"@id\":\"https:\\\/\\\/www.zillions.nl\\\/de\\\/#organization\"},\"potentialAction\":[{\"@type\":\"SearchAction\",\"target\":{\"@type\":\"EntryPoint\",\"urlTemplate\":\"https:\\\/\\\/www.zillions.nl\\\/de\\\/?s={search_term_string}\"},\"query-input\":{\"@type\":\"PropertyValueSpecification\",\"valueRequired\":true,\"valueName\":\"search_term_string\"}}],\"inLanguage\":\"de-DE\"},{\"@type\":\"Organization\",\"@id\":\"https:\\\/\\\/www.zillions.nl\\\/de\\\/#organization\",\"name\":\"Zillions: nieuw en gebruikt design meubilair en stoelen\",\"url\":\"https:\\\/\\\/www.zillions.nl\\\/de\\\/\",\"logo\":{\"@type\":\"ImageObject\",\"inLanguage\":\"de-DE\",\"@id\":\"https:\\\/\\\/www.zillions.nl\\\/de\\\/#\\\/schema\\\/logo\\\/image\\\/\",\"url\":\"https:\\\/\\\/www.zillions.nl\\\/wp-content\\\/uploads\\\/2022\\\/11\\\/zillions.svg\",\"contentUrl\":\"https:\\\/\\\/www.zillions.nl\\\/wp-content\\\/uploads\\\/2022\\\/11\\\/zillions.svg\",\"width\":208,\"height\":53,\"caption\":\"Zillions: nieuw en gebruikt design meubilair en stoelen\"},\"image\":{\"@id\":\"https:\\\/\\\/www.zillions.nl\\\/de\\\/#\\\/schema\\\/logo\\\/image\\\/\"}}]}<\/script>\n<!-- \/ Yoast SEO plugin. -->","yoast_head_json":{"title":"Vitra Maarten v Severen .03 Bordeauxrot \u2013 stapelbar","description":"Vitra Maarten van Severen .03 Stuhl in Burgunderrot | Bestellen Sie bequem in unserem Webshop. Entdecken Sie dieses und viele weitere Modelle aus unserem umfangreichen Sortiment!","robots":{"index":"index","follow":"follow","max-snippet":"max-snippet:-1","max-image-preview":"max-image-preview:large","max-video-preview":"max-video-preview:-1"},"canonical":"https:\/\/www.zillions.nl\/de\/product\/vitra-maarten-v-severen-03-bordeauxrood-stapelbaar\/","og_locale":"de_DE","og_type":"article","og_title":"Vitra Maarten v Severen .03 Bordeauxrood - Stapelbaar","og_description":"Vitra Maarten van Severen .03 stoel in bordeauxrood | Eenvoudig te bestellen via onze webshop. Ontdek dit model en vele anderen in ons ruime assortiment!","og_url":"https:\/\/www.zillions.nl\/de\/product\/vitra-maarten-v-severen-03-bordeauxrood-stapelbaar\/","og_site_name":"Zillions: nieuw en gebruikt design meubilair en stoelen","article_modified_time":"2026-01-14T12:39:50+00:00","og_image":[{"width":1080,"height":1080,"url":"https:\/\/www.zillions.nl\/wp-content\/uploads\/2024\/02\/Vitra-.03-Maarten-van-Severen-Bordeaux-_NM14047-1.jpg","type":"image\/jpeg"}],"twitter_card":"summary_large_image","twitter_misc":{"Est. reading time":"2 minutes"},"schema":{"@context":"https:\/\/schema.org","@graph":[{"@type":"WebPage","@id":"https:\/\/www.zillions.nl\/product\/vitra-maarten-v-severen-03-bordeauxrood-stapelbaar\/","url":"https:\/\/www.zillions.nl\/product\/vitra-maarten-v-severen-03-bordeauxrood-stapelbaar\/","name":"Vitra Maarten v Severen .03 Bordeauxrot \u2013 stapelbar","isPartOf":{"@id":"https:\/\/www.zillions.nl\/de\/#website"},"primaryImageOfPage":{"@id":"https:\/\/www.zillions.nl\/product\/vitra-maarten-v-severen-03-bordeauxrood-stapelbaar\/#primaryimage"},"image":{"@id":"https:\/\/www.zillions.nl\/product\/vitra-maarten-v-severen-03-bordeauxrood-stapelbaar\/#primaryimage"},"thumbnailUrl":"https:\/\/www.zillions.nl\/wp-content\/uploads\/2024\/02\/Vitra-.03-Maarten-van-Severen-Bordeaux-_NM14047-1.jpg","datePublished":"2024-02-28T10:35:58+00:00","dateModified":"2026-01-14T12:39:50+00:00","description":"Vitra Maarten van Severen .03 Stuhl in Burgunderrot | Bestellen Sie bequem in unserem Webshop. Entdecken Sie dieses und viele weitere Modelle aus unserem umfangreichen Sortiment!","breadcrumb":{"@id":"https:\/\/www.zillions.nl\/product\/vitra-maarten-v-severen-03-bordeauxrood-stapelbaar\/#breadcrumb"},"inLanguage":"de-DE","potentialAction":[{"@type":"ReadAction","target":["https:\/\/www.zillions.nl\/product\/vitra-maarten-v-severen-03-bordeauxrood-stapelbaar\/"]}]},{"@type":"ImageObject","inLanguage":"de-DE","@id":"https:\/\/www.zillions.nl\/product\/vitra-maarten-v-severen-03-bordeauxrood-stapelbaar\/#primaryimage","url":"https:\/\/www.zillions.nl\/wp-content\/uploads\/2024\/02\/Vitra-.03-Maarten-van-Severen-Bordeaux-_NM14047-1.jpg","contentUrl":"https:\/\/www.zillions.nl\/wp-content\/uploads\/2024\/02\/Vitra-.03-Maarten-van-Severen-Bordeaux-_NM14047-1.jpg","width":1080,"height":1080},{"@type":"BreadcrumbList","@id":"https:\/\/www.zillions.nl\/product\/vitra-maarten-v-severen-03-bordeauxrood-stapelbaar\/#breadcrumb","itemListElement":[{"@type":"ListItem","position":1,"name":"Home","item":"https:\/\/www.zillions.nl\/"},{"@type":"ListItem","position":2,"name":"Shop","item":"https:\/\/www.zillions.nl\/shop\/"},{"@type":"ListItem","position":3,"name":"Vitra Maarten v Severen .03 Bordeauxrood &#8211; Stapelbaar"}]},{"@type":"WebSite","@id":"https:\/\/www.zillions.nl\/de\/#website","url":"https:\/\/www.zillions.nl\/de\/","name":"Zillionen: neue und gebrauchte Designerm\u00f6bel und St\u00fchle","description":"Willkommen bei Zillions: Zillions ist auf neue und gebrauchte Designm\u00f6bel und St\u00fchle spezialisiert.","publisher":{"@id":"https:\/\/www.zillions.nl\/de\/#organization"},"potentialAction":[{"@type":"SearchAction","target":{"@type":"EntryPoint","urlTemplate":"https:\/\/www.zillions.nl\/de\/?s={search_term_string}"},"query-input":{"@type":"PropertyValueSpecification","valueRequired":true,"valueName":"search_term_string"}}],"inLanguage":"de-DE"},{"@type":"Organization","@id":"https:\/\/www.zillions.nl\/de\/#organization","name":"Zillionen: neue und gebrauchte Designerm\u00f6bel und St\u00fchle","url":"https:\/\/www.zillions.nl\/de\/","logo":{"@type":"ImageObject","inLanguage":"de-DE","@id":"https:\/\/www.zillions.nl\/de\/#\/schema\/logo\/image\/","url":"https:\/\/www.zillions.nl\/wp-content\/uploads\/2022\/11\/zillions.svg","contentUrl":"https:\/\/www.zillions.nl\/wp-content\/uploads\/2022\/11\/zillions.svg","width":208,"height":53,"caption":"Zillions: nieuw en gebruikt design meubilair en stoelen"},"image":{"@id":"https:\/\/www.zillions.nl\/de\/#\/schema\/logo\/image\/"}}]}},"_links":{"self":[{"href":"https:\/\/www.zillions.nl\/de\/wp-json\/wp\/v2\/product\/8893","targetHints":{"allow":["GET"]}}],"collection":[{"href":"https:\/\/www.zillions.nl\/de\/wp-json\/wp\/v2\/product"}],"about":[{"href":"https:\/\/www.zillions.nl\/de\/wp-json\/wp\/v2\/types\/product"}],"wp:featuredmedia":[{"embeddable":true,"href":"https:\/\/www.zillions.nl\/de\/wp-json\/wp\/v2\/media\/18169"}],"wp:attachment":[{"href":"https:\/\/www.zillions.nl\/de\/wp-json\/wp\/v2\/media?parent=8893"}],"wp:term":[{"taxonomy":"product_brand","embeddable":true,"href":"https:\/\/www.zillions.nl\/de\/wp-json\/wp\/v2\/product_brand?post=8893"},{"taxonomy":"product_cat","embeddable":true,"href":"https:\/\/www.zillions.nl\/de\/wp-json\/wp\/v2\/product_cat?post=8893"},{"taxonomy":"product_tag","embeddable":true,"href":"https:\/\/www.zillions.nl\/de\/wp-json\/wp\/v2\/product_tag?post=8893"}],"curies":[{"name":"wp","href":"https:\/\/api.w.org\/{rel}","templated":true}]}}