{"id":8865,"date":"2024-02-23T10:00:47","date_gmt":"2024-02-23T09:00:47","guid":{"rendered":"https:\/\/www.zillions.nl\/?post_type=product&#038;p=8865"},"modified":"2026-01-14T11:57:44","modified_gmt":"2026-01-14T10:57:44","slug":"leolux-scylla-fauteuil-blauw-wit-gestreept","status":"publish","type":"product","link":"https:\/\/www.zillions.nl\/de\/product\/leolux-scylla-fauteuil-blauw-wit-gestreept\/","title":{"rendered":"Leolux Scylla Sessel niedrig blau\/wei\u00df gestreift \u2013 Chrom"},"content":{"rendered":"<p data-start=\"150\" data-end=\"218\">Leolux Scylla-Sessel mit niedriger R\u00fcckenlehne aus blau\/wei\u00df gestreiftem Stoff.<\/p>\n<p data-start=\"220\" data-end=\"697\">Dieser stilvolle Leolux Scylla-Sessel, entworfen von Gerard Vollenbrock, ist mit einem blau-wei\u00df gestreiften Stoff bezogen, der ihm einen frischen und modernen Look verleiht. Die Seitenteile und Armlehnen sind mit blauem Leder bezogen, was einen sch\u00f6nen Kontrast zur hellen Polsterung bildet und dem Design ein edles Finish verleiht. Der Sessel verf\u00fcgt \u00fcber ein verchromtes Stahlgestell, das ihm ein schlichtes und zeitloses Aussehen verleiht. Der Sessel ist original 100% und verf\u00fcgt \u00fcber alle Echtheitsmerkmale.<\/p>\n<p data-start=\"806\" data-end=\"853\"><strong data-start=\"806\" data-end=\"819\">Zustand:<\/strong> Ausstellungsraumzustand; in Neuzustand<\/p>\n<p data-start=\"806\" data-end=\"853\"><strong>Lieferung ab Lager<\/strong><\/p>\n<p data-start=\"923\" data-end=\"974\"><strong data-start=\"923\" data-end=\"934\">Hinweis:<\/strong> Die angegebenen Preise verstehen sich pro St\u00fcck!<\/p>\n<p data-start=\"976\" data-end=\"1331\">Spezifikationen:<br data-start=\"994\" data-end=\"997\" \/>Sitz: Stoff, blau\/wei\u00df; gestreift<br data-start=\"1032\" data-end=\"1035\" \/>Seiten: blaues Leder<br data-start=\"1057\" data-end=\"1060\" \/>Armlehnen: blaues Leder<br data-start=\"1083\" data-end=\"1086\" \/>Gestell: Stahl, verchromt<br data-start=\"1110\" data-end=\"1113\" \/>Armlehne: 21 cm hoch<br data-start=\"1135\" data-end=\"1138\" \/>R\u00fcckenlehne: 43 cm; niedrig<br data-start=\"1161\" data-end=\"1164\" \/>Sitzh\u00f6he: 43 cm<br data-start=\"1180\" data-end=\"1183\" \/>Sitzbreite: 55 cm<br data-start=\"1200\" data-end=\"1203\" \/>Sitztiefe: 55 cm<br data-start=\"1219\" data-end=\"1222\" data-is-only-node=\"\" \/>Gesamth\u00f6he: 73 cm<br data-start=\"1245\" data-end=\"1248\" \/>Gesamtbreite: 74 cm<br data-start=\"1272\" data-end=\"1275\" \/>Gesamttiefe: 84 cm<\/p>\n<p data-start=\"1364\" data-end=\"1601\">Bei Fragen oder zur Vereinbarung eines Besichtigungstermins kontaktieren Sie uns gerne. Die Lieferung erfolgt \u00fcber unseren eigenen Lieferservice! Besuchen Sie unsere Website f\u00fcr noch mehr Designerartikel!<\/p>\n<p data-start=\"1603\" data-end=\"1716\"><strong data-start=\"1603\" data-end=\"1644\">Kontaktdaten (Besuch nach Vereinbarung):<\/strong><br data-start=\"1644\" data-end=\"1647\" \/>Industrieweg 21<br data-start=\"1662\" data-end=\"1665\" \/>4131 NK Vianen<br data-start=\"1679\" data-end=\"1682\" \/><a class=\"decorated-link cursor-pointer\" rel=\"noopener\" data-start=\"1682\" data-end=\"1698\">info@zillions.nl<\/a><br data-start=\"1698\" data-end=\"1701\" \/>030 20 72 146<\/p>","protected":false},"excerpt":{"rendered":"<p>Leolux Scylla fauteuil met lage rug in blauw\/wit gestreepte stof. Deze stijlvolle Leolux Scylla fauteuil, ontworpen door Gerard Vollenbrock, is uitgevoerd in een blauw\/wit gestreepte stof die zorgt voor een frisse en eigentijdse uitstraling. De zijkanten en armleggers zijn bekleed met blauw leder, wat een mooi contrast vormt met de lichte stoffering en het ontwerp [&hellip;]<\/p>\n","protected":false},"featured_media":9165,"template":"","meta":{"_acf_changed":false},"product_brand":[225],"product_cat":[16,188],"product_tag":[325],"class_list":{"0":"post-8865","1":"product","2":"type-product","3":"status-publish","4":"has-post-thumbnail","6":"product_brand-leolux","7":"product_cat-alle-producten","8":"product_cat-fauteuils","9":"product_tag-leolux","10":"pa_brands-leolux","12":"first","13":"outofstock","14":"purchasable","15":"product-type-simple"},"acf":[],"yoast_head":"<!-- This site is optimized with the Yoast SEO plugin v27.5 - https:\/\/yoast.com\/product\/yoast-seo-wordpress\/ -->\n<title>Leolux Scylla Fauteuil Laag Blauw\/Wit Gestreept - Chroom - Zillions: nieuw en gebruikt design meubilair en stoelen<\/title>\n<meta name=\"robots\" content=\"index, follow, max-snippet:-1, max-image-preview:large, max-video-preview:-1\" \/>\n<link rel=\"canonical\" href=\"https:\/\/www.zillions.nl\/de\/product\/leolux-scylla-fauteuil-blauw-wit-gestreept\/\" \/>\n<meta property=\"og:locale\" content=\"de_DE\" \/>\n<meta property=\"og:type\" content=\"article\" \/>\n<meta property=\"og:title\" content=\"Leolux Scylla Fauteuil Laag Blauw\/Wit Gestreept - Chroom - Zillions: nieuw en gebruikt design meubilair en stoelen\" \/>\n<meta property=\"og:description\" content=\"Leolux Scylla fauteuil met lage rug in blauw\/wit gestreepte stof. Deze stijlvolle Leolux Scylla fauteuil, ontworpen door Gerard Vollenbrock, is uitgevoerd in een blauw\/wit gestreepte stof die zorgt voor een frisse en eigentijdse uitstraling. De zijkanten en armleggers zijn bekleed met blauw leder, wat een mooi contrast vormt met de lichte stoffering en het ontwerp [&hellip;]\" \/>\n<meta property=\"og:url\" content=\"https:\/\/www.zillions.nl\/de\/product\/leolux-scylla-fauteuil-blauw-wit-gestreept\/\" \/>\n<meta property=\"og:site_name\" content=\"Zillions: nieuw en gebruikt design meubilair en stoelen\" \/>\n<meta property=\"article:modified_time\" content=\"2026-01-14T10:57:44+00:00\" \/>\n<meta property=\"og:image\" content=\"https:\/\/www.zillions.nl\/wp-content\/uploads\/2024\/02\/1x-Leolux-Scylla-blauw-gestreept-_NM14090.jpg\" \/>\n\t<meta property=\"og:image:width\" content=\"1080\" \/>\n\t<meta property=\"og:image:height\" content=\"1080\" \/>\n\t<meta property=\"og:image:type\" content=\"image\/jpeg\" \/>\n<meta name=\"twitter:card\" content=\"summary_large_image\" \/>\n<meta name=\"twitter:label1\" content=\"Est. reading time\" \/>\n\t<meta name=\"twitter:data1\" content=\"2 minutes\" \/>\n<script type=\"application\/ld+json\" class=\"yoast-schema-graph\">{\"@context\":\"https:\\\/\\\/schema.org\",\"@graph\":[{\"@type\":\"WebPage\",\"@id\":\"https:\\\/\\\/www.zillions.nl\\\/product\\\/leolux-scylla-fauteuil-blauw-wit-gestreept\\\/\",\"url\":\"https:\\\/\\\/www.zillions.nl\\\/product\\\/leolux-scylla-fauteuil-blauw-wit-gestreept\\\/\",\"name\":\"Leolux Scylla Fauteuil Laag Blauw\\\/Wit Gestreept - Chroom - Zillions: nieuw en gebruikt design meubilair en stoelen\",\"isPartOf\":{\"@id\":\"https:\\\/\\\/www.zillions.nl\\\/de\\\/#website\"},\"primaryImageOfPage\":{\"@id\":\"https:\\\/\\\/www.zillions.nl\\\/product\\\/leolux-scylla-fauteuil-blauw-wit-gestreept\\\/#primaryimage\"},\"image\":{\"@id\":\"https:\\\/\\\/www.zillions.nl\\\/product\\\/leolux-scylla-fauteuil-blauw-wit-gestreept\\\/#primaryimage\"},\"thumbnailUrl\":\"https:\\\/\\\/www.zillions.nl\\\/wp-content\\\/uploads\\\/2024\\\/02\\\/1x-Leolux-Scylla-blauw-gestreept-_NM14090.jpg\",\"datePublished\":\"2024-02-23T09:00:47+00:00\",\"dateModified\":\"2026-01-14T10:57:44+00:00\",\"breadcrumb\":{\"@id\":\"https:\\\/\\\/www.zillions.nl\\\/product\\\/leolux-scylla-fauteuil-blauw-wit-gestreept\\\/#breadcrumb\"},\"inLanguage\":\"de-DE\",\"potentialAction\":[{\"@type\":\"ReadAction\",\"target\":[\"https:\\\/\\\/www.zillions.nl\\\/product\\\/leolux-scylla-fauteuil-blauw-wit-gestreept\\\/\"]}]},{\"@type\":\"ImageObject\",\"inLanguage\":\"de-DE\",\"@id\":\"https:\\\/\\\/www.zillions.nl\\\/product\\\/leolux-scylla-fauteuil-blauw-wit-gestreept\\\/#primaryimage\",\"url\":\"https:\\\/\\\/www.zillions.nl\\\/wp-content\\\/uploads\\\/2024\\\/02\\\/1x-Leolux-Scylla-blauw-gestreept-_NM14090.jpg\",\"contentUrl\":\"https:\\\/\\\/www.zillions.nl\\\/wp-content\\\/uploads\\\/2024\\\/02\\\/1x-Leolux-Scylla-blauw-gestreept-_NM14090.jpg\",\"width\":1080,\"height\":1080},{\"@type\":\"BreadcrumbList\",\"@id\":\"https:\\\/\\\/www.zillions.nl\\\/product\\\/leolux-scylla-fauteuil-blauw-wit-gestreept\\\/#breadcrumb\",\"itemListElement\":[{\"@type\":\"ListItem\",\"position\":1,\"name\":\"Home\",\"item\":\"https:\\\/\\\/www.zillions.nl\\\/\"},{\"@type\":\"ListItem\",\"position\":2,\"name\":\"Shop\",\"item\":\"https:\\\/\\\/www.zillions.nl\\\/shop\\\/\"},{\"@type\":\"ListItem\",\"position\":3,\"name\":\"Leolux Scylla Fauteuil Laag Blauw\\\/Wit Gestreept &#8211; Chroom\"}]},{\"@type\":\"WebSite\",\"@id\":\"https:\\\/\\\/www.zillions.nl\\\/de\\\/#website\",\"url\":\"https:\\\/\\\/www.zillions.nl\\\/de\\\/\",\"name\":\"Zillions: nieuw en gebruikt design meubilair en stoelen\",\"description\":\"Welkom bij Zillions: Zillions is gespecialiseerd in nieuw en gebruikt design meubilair en stoelen.\",\"publisher\":{\"@id\":\"https:\\\/\\\/www.zillions.nl\\\/de\\\/#organization\"},\"potentialAction\":[{\"@type\":\"SearchAction\",\"target\":{\"@type\":\"EntryPoint\",\"urlTemplate\":\"https:\\\/\\\/www.zillions.nl\\\/de\\\/?s={search_term_string}\"},\"query-input\":{\"@type\":\"PropertyValueSpecification\",\"valueRequired\":true,\"valueName\":\"search_term_string\"}}],\"inLanguage\":\"de-DE\"},{\"@type\":\"Organization\",\"@id\":\"https:\\\/\\\/www.zillions.nl\\\/de\\\/#organization\",\"name\":\"Zillions: nieuw en gebruikt design meubilair en stoelen\",\"url\":\"https:\\\/\\\/www.zillions.nl\\\/de\\\/\",\"logo\":{\"@type\":\"ImageObject\",\"inLanguage\":\"de-DE\",\"@id\":\"https:\\\/\\\/www.zillions.nl\\\/de\\\/#\\\/schema\\\/logo\\\/image\\\/\",\"url\":\"https:\\\/\\\/www.zillions.nl\\\/wp-content\\\/uploads\\\/2022\\\/11\\\/zillions.svg\",\"contentUrl\":\"https:\\\/\\\/www.zillions.nl\\\/wp-content\\\/uploads\\\/2022\\\/11\\\/zillions.svg\",\"width\":208,\"height\":53,\"caption\":\"Zillions: nieuw en gebruikt design meubilair en stoelen\"},\"image\":{\"@id\":\"https:\\\/\\\/www.zillions.nl\\\/de\\\/#\\\/schema\\\/logo\\\/image\\\/\"}}]}<\/script>\n<!-- \/ Yoast SEO plugin. -->","yoast_head_json":{"title":"Leolux Scylla Sessel, niedrig, blau\/wei\u00df gestreift, Chrom \u2013 Zillions: Neue und gebrauchte Designerm\u00f6bel und St\u00fchle","robots":{"index":"index","follow":"follow","max-snippet":"max-snippet:-1","max-image-preview":"max-image-preview:large","max-video-preview":"max-video-preview:-1"},"canonical":"https:\/\/www.zillions.nl\/de\/product\/leolux-scylla-fauteuil-blauw-wit-gestreept\/","og_locale":"de_DE","og_type":"article","og_title":"Leolux Scylla Fauteuil Laag Blauw\/Wit Gestreept - Chroom - Zillions: nieuw en gebruikt design meubilair en stoelen","og_description":"Leolux Scylla fauteuil met lage rug in blauw\/wit gestreepte stof. Deze stijlvolle Leolux Scylla fauteuil, ontworpen door Gerard Vollenbrock, is uitgevoerd in een blauw\/wit gestreepte stof die zorgt voor een frisse en eigentijdse uitstraling. De zijkanten en armleggers zijn bekleed met blauw leder, wat een mooi contrast vormt met de lichte stoffering en het ontwerp [&hellip;]","og_url":"https:\/\/www.zillions.nl\/de\/product\/leolux-scylla-fauteuil-blauw-wit-gestreept\/","og_site_name":"Zillions: nieuw en gebruikt design meubilair en stoelen","article_modified_time":"2026-01-14T10:57:44+00:00","og_image":[{"width":1080,"height":1080,"url":"https:\/\/www.zillions.nl\/wp-content\/uploads\/2024\/02\/1x-Leolux-Scylla-blauw-gestreept-_NM14090.jpg","type":"image\/jpeg"}],"twitter_card":"summary_large_image","twitter_misc":{"Est. reading time":"2 minutes"},"schema":{"@context":"https:\/\/schema.org","@graph":[{"@type":"WebPage","@id":"https:\/\/www.zillions.nl\/product\/leolux-scylla-fauteuil-blauw-wit-gestreept\/","url":"https:\/\/www.zillions.nl\/product\/leolux-scylla-fauteuil-blauw-wit-gestreept\/","name":"Leolux Scylla Sessel, niedrig, blau\/wei\u00df gestreift, Chrom \u2013 Zillions: Neue und gebrauchte Designerm\u00f6bel und St\u00fchle","isPartOf":{"@id":"https:\/\/www.zillions.nl\/de\/#website"},"primaryImageOfPage":{"@id":"https:\/\/www.zillions.nl\/product\/leolux-scylla-fauteuil-blauw-wit-gestreept\/#primaryimage"},"image":{"@id":"https:\/\/www.zillions.nl\/product\/leolux-scylla-fauteuil-blauw-wit-gestreept\/#primaryimage"},"thumbnailUrl":"https:\/\/www.zillions.nl\/wp-content\/uploads\/2024\/02\/1x-Leolux-Scylla-blauw-gestreept-_NM14090.jpg","datePublished":"2024-02-23T09:00:47+00:00","dateModified":"2026-01-14T10:57:44+00:00","breadcrumb":{"@id":"https:\/\/www.zillions.nl\/product\/leolux-scylla-fauteuil-blauw-wit-gestreept\/#breadcrumb"},"inLanguage":"de-DE","potentialAction":[{"@type":"ReadAction","target":["https:\/\/www.zillions.nl\/product\/leolux-scylla-fauteuil-blauw-wit-gestreept\/"]}]},{"@type":"ImageObject","inLanguage":"de-DE","@id":"https:\/\/www.zillions.nl\/product\/leolux-scylla-fauteuil-blauw-wit-gestreept\/#primaryimage","url":"https:\/\/www.zillions.nl\/wp-content\/uploads\/2024\/02\/1x-Leolux-Scylla-blauw-gestreept-_NM14090.jpg","contentUrl":"https:\/\/www.zillions.nl\/wp-content\/uploads\/2024\/02\/1x-Leolux-Scylla-blauw-gestreept-_NM14090.jpg","width":1080,"height":1080},{"@type":"BreadcrumbList","@id":"https:\/\/www.zillions.nl\/product\/leolux-scylla-fauteuil-blauw-wit-gestreept\/#breadcrumb","itemListElement":[{"@type":"ListItem","position":1,"name":"Home","item":"https:\/\/www.zillions.nl\/"},{"@type":"ListItem","position":2,"name":"Shop","item":"https:\/\/www.zillions.nl\/shop\/"},{"@type":"ListItem","position":3,"name":"Leolux Scylla Fauteuil Laag Blauw\/Wit Gestreept &#8211; Chroom"}]},{"@type":"WebSite","@id":"https:\/\/www.zillions.nl\/de\/#website","url":"https:\/\/www.zillions.nl\/de\/","name":"Zillionen: neue und gebrauchte Designerm\u00f6bel und St\u00fchle","description":"Willkommen bei Zillions: Zillions ist auf neue und gebrauchte Designm\u00f6bel und St\u00fchle spezialisiert.","publisher":{"@id":"https:\/\/www.zillions.nl\/de\/#organization"},"potentialAction":[{"@type":"SearchAction","target":{"@type":"EntryPoint","urlTemplate":"https:\/\/www.zillions.nl\/de\/?s={search_term_string}"},"query-input":{"@type":"PropertyValueSpecification","valueRequired":true,"valueName":"search_term_string"}}],"inLanguage":"de-DE"},{"@type":"Organization","@id":"https:\/\/www.zillions.nl\/de\/#organization","name":"Zillionen: neue und gebrauchte Designerm\u00f6bel und St\u00fchle","url":"https:\/\/www.zillions.nl\/de\/","logo":{"@type":"ImageObject","inLanguage":"de-DE","@id":"https:\/\/www.zillions.nl\/de\/#\/schema\/logo\/image\/","url":"https:\/\/www.zillions.nl\/wp-content\/uploads\/2022\/11\/zillions.svg","contentUrl":"https:\/\/www.zillions.nl\/wp-content\/uploads\/2022\/11\/zillions.svg","width":208,"height":53,"caption":"Zillions: nieuw en gebruikt design meubilair en stoelen"},"image":{"@id":"https:\/\/www.zillions.nl\/de\/#\/schema\/logo\/image\/"}}]}},"_links":{"self":[{"href":"https:\/\/www.zillions.nl\/de\/wp-json\/wp\/v2\/product\/8865","targetHints":{"allow":["GET"]}}],"collection":[{"href":"https:\/\/www.zillions.nl\/de\/wp-json\/wp\/v2\/product"}],"about":[{"href":"https:\/\/www.zillions.nl\/de\/wp-json\/wp\/v2\/types\/product"}],"wp:featuredmedia":[{"embeddable":true,"href":"https:\/\/www.zillions.nl\/de\/wp-json\/wp\/v2\/media\/9165"}],"wp:attachment":[{"href":"https:\/\/www.zillions.nl\/de\/wp-json\/wp\/v2\/media?parent=8865"}],"wp:term":[{"taxonomy":"product_brand","embeddable":true,"href":"https:\/\/www.zillions.nl\/de\/wp-json\/wp\/v2\/product_brand?post=8865"},{"taxonomy":"product_cat","embeddable":true,"href":"https:\/\/www.zillions.nl\/de\/wp-json\/wp\/v2\/product_cat?post=8865"},{"taxonomy":"product_tag","embeddable":true,"href":"https:\/\/www.zillions.nl\/de\/wp-json\/wp\/v2\/product_tag?post=8865"}],"curies":[{"name":"wp","href":"https:\/\/api.w.org\/{rel}","templated":true}]}}