{"id":8640,"date":"2024-01-23T11:28:13","date_gmt":"2024-01-23T10:28:13","guid":{"rendered":"https:\/\/www.zillions.nl\/?post_type=product&#038;p=8640"},"modified":"2025-11-10T16:57:59","modified_gmt":"2025-11-10T15:57:59","slug":"leolux-scylla-fauteuil-lage-rug-rode-stof","status":"publish","type":"product","link":"https:\/\/www.zillions.nl\/de\/product\/leolux-scylla-fauteuil-lage-rug-rode-stof\/","title":{"rendered":"Leolux Scylla Sessel Low Red Stoff \u2013 Chrom"},"content":{"rendered":"<p data-start=\"150\" data-end=\"202\">Leolux Scylla-Sessel mit niedriger R\u00fcckenlehne aus rotem Stoff.<\/p>\n<p data-start=\"204\" data-end=\"666\">Dieser wundersch\u00f6ne Leolux Scylla-Sessel, entworfen von Gerard Vollenbrock, ist mit rotem Stoff bezogen und sorgt so f\u00fcr einen stilvollen und zeitlosen Look. Der Sessel verf\u00fcgt \u00fcber ein Chromgestell und bildet zusammen mit den roten Lederarmlehnen ein harmonisches Ganzes. Dank seines ergonomischen Designs und der bequemen Sitzfl\u00e4che vereint dieser Sessel Design und Funktionalit\u00e4t perfekt. Der Sessel ist ein 100%-Original und verf\u00fcgt \u00fcber alle Echtheitsmerkmale.<\/p>\n<p data-start=\"782\" data-end=\"829\"><strong data-start=\"782\" data-end=\"795\">Zustand:<\/strong> Ausstellungsraumzustand; in Neuzustand<\/p>\n<p data-start=\"898\" data-end=\"936\"><strong data-start=\"898\" data-end=\"934\">Lieferung ab Lager\u00a0<\/strong><\/p>\n<p data-start=\"938\" data-end=\"989\"><strong data-start=\"938\" data-end=\"949\">Hinweis:<\/strong> Die angegebenen Preise verstehen sich pro St\u00fcck!<\/p>\n<p data-start=\"991\" data-end=\"1324\"><strong data-start=\"991\" data-end=\"1009\">Spezifikationen:<\/strong><br data-start=\"1009\" data-end=\"1012\" \/>Sitz: Stoff, rot<br data-start=\"1051\" data-end=\"1054\" \/>Gestell: Stahl, verchromt<br data-start=\"1078\" data-end=\"1081\" \/>Armlehne: 21 cm hoch<br data-start=\"1103\" data-end=\"1106\" \/>Armlehnen: rotes Leder<br data-start=\"1128\" data-end=\"1131\" \/>R\u00fcckenlehne: 43 cm; niedrig<br data-start=\"1154\" data-end=\"1157\" \/>Sitzh\u00f6he: 43 cm<br data-start=\"1173\" data-end=\"1176\" \/>Sitzbreite: 55 cm<br data-start=\"1193\" data-end=\"1196\" \/>Sitztiefe: 55 cm<br data-start=\"1212\" data-end=\"1215\" \/>Gesamth\u00f6he: 73 cm<br data-start=\"1238\" data-end=\"1241\" data-is-only-node=\"\" \/>Gesamtbreite: 74 cm<br data-start=\"1265\" data-end=\"1268\" \/>Gesamttiefe: 84 cm<\/p>\n<p data-start=\"1357\" data-end=\"1594\">Bei Fragen oder zur Vereinbarung eines Besichtigungstermins kontaktieren Sie uns gerne. Die Lieferung erfolgt \u00fcber unseren eigenen Lieferservice! Besuchen Sie unsere Website f\u00fcr noch mehr Designerartikel!<\/p>\n<p data-start=\"1596\" data-end=\"1709\"><strong data-start=\"1596\" data-end=\"1637\">Kontaktdaten (Besuch nach Vereinbarung):<\/strong><br data-start=\"1637\" data-end=\"1640\" \/>Industrieweg 21<br data-start=\"1655\" data-end=\"1658\" \/>4131 NK Vianen<br data-start=\"1672\" data-end=\"1675\" \/><a class=\"decorated-link cursor-pointer\" rel=\"noopener\" data-start=\"1675\" data-end=\"1691\">info@zillions.nl<\/a><br data-start=\"1691\" data-end=\"1694\" \/>030 20 72 146<\/p>","protected":false},"excerpt":{"rendered":"<p>Leolux Scylla fauteuil met lage rug in rode stof. Deze prachtige Leolux Scylla fauteuil, ontworpen door Gerard Vollenbrock, is uitgevoerd in rode stof die zorgt voor een stijlvolle en tijdloze uitstraling. de fauteuil is voorzien van een chromen frame en vormt samen met de rode lederen armleggers een harmonieus geheel. Dankzij de ergonomische vormgeving en [&hellip;]<\/p>\n","protected":false},"featured_media":18683,"template":"","meta":{"_acf_changed":false},"product_brand":[225],"product_cat":[16,188],"product_tag":[325],"class_list":{"0":"post-8640","1":"product","2":"type-product","3":"status-publish","4":"has-post-thumbnail","6":"product_brand-leolux","7":"product_cat-alle-producten","8":"product_cat-fauteuils","9":"product_tag-leolux","10":"pa_brands-leolux","12":"first","13":"outofstock","14":"purchasable","15":"product-type-simple"},"acf":[],"yoast_head":"<!-- This site is optimized with the Yoast SEO plugin v27.5 - https:\/\/yoast.com\/product\/yoast-seo-wordpress\/ -->\n<title>Leolux Scylla fauteuil Laag Rode Stof - Chroom - Zillions: nieuw en gebruikt design meubilair en stoelen<\/title>\n<meta name=\"robots\" content=\"index, follow, max-snippet:-1, max-image-preview:large, max-video-preview:-1\" \/>\n<link rel=\"canonical\" href=\"https:\/\/www.zillions.nl\/de\/product\/leolux-scylla-fauteuil-lage-rug-rode-stof\/\" \/>\n<meta property=\"og:locale\" content=\"de_DE\" \/>\n<meta property=\"og:type\" content=\"article\" \/>\n<meta property=\"og:title\" content=\"Leolux Scylla fauteuil Laag Rode Stof - Chroom - Zillions: nieuw en gebruikt design meubilair en stoelen\" \/>\n<meta property=\"og:description\" content=\"Leolux Scylla fauteuil met lage rug in rode stof. Deze prachtige Leolux Scylla fauteuil, ontworpen door Gerard Vollenbrock, is uitgevoerd in rode stof die zorgt voor een stijlvolle en tijdloze uitstraling. de fauteuil is voorzien van een chromen frame en vormt samen met de rode lederen armleggers een harmonieus geheel. Dankzij de ergonomische vormgeving en [&hellip;]\" \/>\n<meta property=\"og:url\" content=\"https:\/\/www.zillions.nl\/de\/product\/leolux-scylla-fauteuil-lage-rug-rode-stof\/\" \/>\n<meta property=\"og:site_name\" content=\"Zillions: nieuw en gebruikt design meubilair en stoelen\" \/>\n<meta property=\"article:modified_time\" content=\"2025-11-10T15:57:59+00:00\" \/>\n<meta property=\"og:image\" content=\"https:\/\/www.zillions.nl\/wp-content\/uploads\/2024\/01\/NM13513-650x650-1.jpg\" \/>\n\t<meta property=\"og:image:width\" content=\"650\" \/>\n\t<meta property=\"og:image:height\" content=\"650\" \/>\n\t<meta property=\"og:image:type\" content=\"image\/jpeg\" \/>\n<meta name=\"twitter:card\" content=\"summary_large_image\" \/>\n<meta name=\"twitter:label1\" content=\"Est. reading time\" \/>\n\t<meta name=\"twitter:data1\" content=\"2 minutes\" \/>\n<script type=\"application\/ld+json\" class=\"yoast-schema-graph\">{\"@context\":\"https:\\\/\\\/schema.org\",\"@graph\":[{\"@type\":\"WebPage\",\"@id\":\"https:\\\/\\\/www.zillions.nl\\\/product\\\/leolux-scylla-fauteuil-lage-rug-rode-stof\\\/\",\"url\":\"https:\\\/\\\/www.zillions.nl\\\/product\\\/leolux-scylla-fauteuil-lage-rug-rode-stof\\\/\",\"name\":\"Leolux Scylla fauteuil Laag Rode Stof - Chroom - Zillions: nieuw en gebruikt design meubilair en stoelen\",\"isPartOf\":{\"@id\":\"https:\\\/\\\/www.zillions.nl\\\/de\\\/#website\"},\"primaryImageOfPage\":{\"@id\":\"https:\\\/\\\/www.zillions.nl\\\/product\\\/leolux-scylla-fauteuil-lage-rug-rode-stof\\\/#primaryimage\"},\"image\":{\"@id\":\"https:\\\/\\\/www.zillions.nl\\\/product\\\/leolux-scylla-fauteuil-lage-rug-rode-stof\\\/#primaryimage\"},\"thumbnailUrl\":\"https:\\\/\\\/www.zillions.nl\\\/wp-content\\\/uploads\\\/2024\\\/01\\\/NM13513-650x650-1.jpg\",\"datePublished\":\"2024-01-23T10:28:13+00:00\",\"dateModified\":\"2025-11-10T15:57:59+00:00\",\"breadcrumb\":{\"@id\":\"https:\\\/\\\/www.zillions.nl\\\/product\\\/leolux-scylla-fauteuil-lage-rug-rode-stof\\\/#breadcrumb\"},\"inLanguage\":\"de-DE\",\"potentialAction\":[{\"@type\":\"ReadAction\",\"target\":[\"https:\\\/\\\/www.zillions.nl\\\/product\\\/leolux-scylla-fauteuil-lage-rug-rode-stof\\\/\"]}]},{\"@type\":\"ImageObject\",\"inLanguage\":\"de-DE\",\"@id\":\"https:\\\/\\\/www.zillions.nl\\\/product\\\/leolux-scylla-fauteuil-lage-rug-rode-stof\\\/#primaryimage\",\"url\":\"https:\\\/\\\/www.zillions.nl\\\/wp-content\\\/uploads\\\/2024\\\/01\\\/NM13513-650x650-1.jpg\",\"contentUrl\":\"https:\\\/\\\/www.zillions.nl\\\/wp-content\\\/uploads\\\/2024\\\/01\\\/NM13513-650x650-1.jpg\",\"width\":650,\"height\":650},{\"@type\":\"BreadcrumbList\",\"@id\":\"https:\\\/\\\/www.zillions.nl\\\/product\\\/leolux-scylla-fauteuil-lage-rug-rode-stof\\\/#breadcrumb\",\"itemListElement\":[{\"@type\":\"ListItem\",\"position\":1,\"name\":\"Home\",\"item\":\"https:\\\/\\\/www.zillions.nl\\\/\"},{\"@type\":\"ListItem\",\"position\":2,\"name\":\"Shop\",\"item\":\"https:\\\/\\\/www.zillions.nl\\\/shop\\\/\"},{\"@type\":\"ListItem\",\"position\":3,\"name\":\"Leolux Scylla fauteuil Laag Rode Stof &#8211; Chroom\"}]},{\"@type\":\"WebSite\",\"@id\":\"https:\\\/\\\/www.zillions.nl\\\/de\\\/#website\",\"url\":\"https:\\\/\\\/www.zillions.nl\\\/de\\\/\",\"name\":\"Zillions: nieuw en gebruikt design meubilair en stoelen\",\"description\":\"Welkom bij Zillions: Zillions is gespecialiseerd in nieuw en gebruikt design meubilair en stoelen.\",\"publisher\":{\"@id\":\"https:\\\/\\\/www.zillions.nl\\\/de\\\/#organization\"},\"potentialAction\":[{\"@type\":\"SearchAction\",\"target\":{\"@type\":\"EntryPoint\",\"urlTemplate\":\"https:\\\/\\\/www.zillions.nl\\\/de\\\/?s={search_term_string}\"},\"query-input\":{\"@type\":\"PropertyValueSpecification\",\"valueRequired\":true,\"valueName\":\"search_term_string\"}}],\"inLanguage\":\"de-DE\"},{\"@type\":\"Organization\",\"@id\":\"https:\\\/\\\/www.zillions.nl\\\/de\\\/#organization\",\"name\":\"Zillions: nieuw en gebruikt design meubilair en stoelen\",\"url\":\"https:\\\/\\\/www.zillions.nl\\\/de\\\/\",\"logo\":{\"@type\":\"ImageObject\",\"inLanguage\":\"de-DE\",\"@id\":\"https:\\\/\\\/www.zillions.nl\\\/de\\\/#\\\/schema\\\/logo\\\/image\\\/\",\"url\":\"https:\\\/\\\/www.zillions.nl\\\/wp-content\\\/uploads\\\/2022\\\/11\\\/zillions.svg\",\"contentUrl\":\"https:\\\/\\\/www.zillions.nl\\\/wp-content\\\/uploads\\\/2022\\\/11\\\/zillions.svg\",\"width\":208,\"height\":53,\"caption\":\"Zillions: nieuw en gebruikt design meubilair en stoelen\"},\"image\":{\"@id\":\"https:\\\/\\\/www.zillions.nl\\\/de\\\/#\\\/schema\\\/logo\\\/image\\\/\"}}]}<\/script>\n<!-- \/ Yoast SEO plugin. -->","yoast_head_json":{"title":"Leolux Scylla Sessel, niedrig, roter Stoff, Chrom \u2013 Zillions: Neue und gebrauchte Designerm\u00f6bel und St\u00fchle","robots":{"index":"index","follow":"follow","max-snippet":"max-snippet:-1","max-image-preview":"max-image-preview:large","max-video-preview":"max-video-preview:-1"},"canonical":"https:\/\/www.zillions.nl\/de\/product\/leolux-scylla-fauteuil-lage-rug-rode-stof\/","og_locale":"de_DE","og_type":"article","og_title":"Leolux Scylla fauteuil Laag Rode Stof - Chroom - Zillions: nieuw en gebruikt design meubilair en stoelen","og_description":"Leolux Scylla fauteuil met lage rug in rode stof. Deze prachtige Leolux Scylla fauteuil, ontworpen door Gerard Vollenbrock, is uitgevoerd in rode stof die zorgt voor een stijlvolle en tijdloze uitstraling. de fauteuil is voorzien van een chromen frame en vormt samen met de rode lederen armleggers een harmonieus geheel. Dankzij de ergonomische vormgeving en [&hellip;]","og_url":"https:\/\/www.zillions.nl\/de\/product\/leolux-scylla-fauteuil-lage-rug-rode-stof\/","og_site_name":"Zillions: nieuw en gebruikt design meubilair en stoelen","article_modified_time":"2025-11-10T15:57:59+00:00","og_image":[{"width":650,"height":650,"url":"https:\/\/www.zillions.nl\/wp-content\/uploads\/2024\/01\/NM13513-650x650-1.jpg","type":"image\/jpeg"}],"twitter_card":"summary_large_image","twitter_misc":{"Est. reading time":"2 minutes"},"schema":{"@context":"https:\/\/schema.org","@graph":[{"@type":"WebPage","@id":"https:\/\/www.zillions.nl\/product\/leolux-scylla-fauteuil-lage-rug-rode-stof\/","url":"https:\/\/www.zillions.nl\/product\/leolux-scylla-fauteuil-lage-rug-rode-stof\/","name":"Leolux Scylla Sessel, niedrig, roter Stoff, Chrom \u2013 Zillions: Neue und gebrauchte Designerm\u00f6bel und St\u00fchle","isPartOf":{"@id":"https:\/\/www.zillions.nl\/de\/#website"},"primaryImageOfPage":{"@id":"https:\/\/www.zillions.nl\/product\/leolux-scylla-fauteuil-lage-rug-rode-stof\/#primaryimage"},"image":{"@id":"https:\/\/www.zillions.nl\/product\/leolux-scylla-fauteuil-lage-rug-rode-stof\/#primaryimage"},"thumbnailUrl":"https:\/\/www.zillions.nl\/wp-content\/uploads\/2024\/01\/NM13513-650x650-1.jpg","datePublished":"2024-01-23T10:28:13+00:00","dateModified":"2025-11-10T15:57:59+00:00","breadcrumb":{"@id":"https:\/\/www.zillions.nl\/product\/leolux-scylla-fauteuil-lage-rug-rode-stof\/#breadcrumb"},"inLanguage":"de-DE","potentialAction":[{"@type":"ReadAction","target":["https:\/\/www.zillions.nl\/product\/leolux-scylla-fauteuil-lage-rug-rode-stof\/"]}]},{"@type":"ImageObject","inLanguage":"de-DE","@id":"https:\/\/www.zillions.nl\/product\/leolux-scylla-fauteuil-lage-rug-rode-stof\/#primaryimage","url":"https:\/\/www.zillions.nl\/wp-content\/uploads\/2024\/01\/NM13513-650x650-1.jpg","contentUrl":"https:\/\/www.zillions.nl\/wp-content\/uploads\/2024\/01\/NM13513-650x650-1.jpg","width":650,"height":650},{"@type":"BreadcrumbList","@id":"https:\/\/www.zillions.nl\/product\/leolux-scylla-fauteuil-lage-rug-rode-stof\/#breadcrumb","itemListElement":[{"@type":"ListItem","position":1,"name":"Home","item":"https:\/\/www.zillions.nl\/"},{"@type":"ListItem","position":2,"name":"Shop","item":"https:\/\/www.zillions.nl\/shop\/"},{"@type":"ListItem","position":3,"name":"Leolux Scylla fauteuil Laag Rode Stof &#8211; Chroom"}]},{"@type":"WebSite","@id":"https:\/\/www.zillions.nl\/de\/#website","url":"https:\/\/www.zillions.nl\/de\/","name":"Zillionen: neue und gebrauchte Designerm\u00f6bel und St\u00fchle","description":"Willkommen bei Zillions: Zillions ist auf neue und gebrauchte Designm\u00f6bel und St\u00fchle spezialisiert.","publisher":{"@id":"https:\/\/www.zillions.nl\/de\/#organization"},"potentialAction":[{"@type":"SearchAction","target":{"@type":"EntryPoint","urlTemplate":"https:\/\/www.zillions.nl\/de\/?s={search_term_string}"},"query-input":{"@type":"PropertyValueSpecification","valueRequired":true,"valueName":"search_term_string"}}],"inLanguage":"de-DE"},{"@type":"Organization","@id":"https:\/\/www.zillions.nl\/de\/#organization","name":"Zillionen: neue und gebrauchte Designerm\u00f6bel und St\u00fchle","url":"https:\/\/www.zillions.nl\/de\/","logo":{"@type":"ImageObject","inLanguage":"de-DE","@id":"https:\/\/www.zillions.nl\/de\/#\/schema\/logo\/image\/","url":"https:\/\/www.zillions.nl\/wp-content\/uploads\/2022\/11\/zillions.svg","contentUrl":"https:\/\/www.zillions.nl\/wp-content\/uploads\/2022\/11\/zillions.svg","width":208,"height":53,"caption":"Zillions: nieuw en gebruikt design meubilair en stoelen"},"image":{"@id":"https:\/\/www.zillions.nl\/de\/#\/schema\/logo\/image\/"}}]}},"_links":{"self":[{"href":"https:\/\/www.zillions.nl\/de\/wp-json\/wp\/v2\/product\/8640","targetHints":{"allow":["GET"]}}],"collection":[{"href":"https:\/\/www.zillions.nl\/de\/wp-json\/wp\/v2\/product"}],"about":[{"href":"https:\/\/www.zillions.nl\/de\/wp-json\/wp\/v2\/types\/product"}],"wp:featuredmedia":[{"embeddable":true,"href":"https:\/\/www.zillions.nl\/de\/wp-json\/wp\/v2\/media\/18683"}],"wp:attachment":[{"href":"https:\/\/www.zillions.nl\/de\/wp-json\/wp\/v2\/media?parent=8640"}],"wp:term":[{"taxonomy":"product_brand","embeddable":true,"href":"https:\/\/www.zillions.nl\/de\/wp-json\/wp\/v2\/product_brand?post=8640"},{"taxonomy":"product_cat","embeddable":true,"href":"https:\/\/www.zillions.nl\/de\/wp-json\/wp\/v2\/product_cat?post=8640"},{"taxonomy":"product_tag","embeddable":true,"href":"https:\/\/www.zillions.nl\/de\/wp-json\/wp\/v2\/product_tag?post=8640"}],"curies":[{"name":"wp","href":"https:\/\/api.w.org\/{rel}","templated":true}]}}