{"id":8249,"date":"2024-01-08T22:20:08","date_gmt":"2024-01-08T21:20:08","guid":{"rendered":"https:\/\/www.zillions.nl\/?post_type=product&#038;p=8249"},"modified":"2025-05-20T16:20:10","modified_gmt":"2025-05-20T14:20:10","slug":"fritz-hansen-swan-chair-cognac-leer","status":"publish","type":"product","link":"https:\/\/www.zillions.nl\/de\/product\/fritz-hansen-swan-chair-cognac-leer\/","title":{"rendered":"Fritz Hansen Swan Chair Walnuss Grace Leder"},"content":{"rendered":"<p>Der Fritz Hansen Swan Chair Loungesessel wurde von Arne Jacobsen entworfen.<\/p>\n<p>Der Swan Chair Loungesessel von Fritz Hansen hat eine Breite von 74 Zentimetern, eine Tiefe von 68 Zentimetern und eine H\u00f6he von 77 Zentimetern. Die Sitzh\u00f6he betr\u00e4gt 40 Zentimeter und ist leicht nach hinten geneigt. Die Basis besteht aus matt poliertem Aluminium und die Sitzfl\u00e4che aus robustem Polyurethanschaum und ist aus Walnuss-Grace-Leder (Farbe Cognac) gefertigt.<\/p>\n<p>Die St\u00fchle sind neu im Karton. Beinhaltet alle Verschl\u00fcsselungen, Authentizit\u00e4tsmerkmale und Dokumentationen.<\/p>\n<p>Wenn Sie Fragen haben oder einen unverbindlichen Besichtigungstermin vereinbaren m\u00f6chten, k\u00f6nnen Sie sich gerne an uns wenden. Lieferung durch unseren eigenen Lieferservice m\u00f6glich! Besuchen Sie unsere Website f\u00fcr viele weitere Designartikel!<\/p>\n<p><strong>Kontaktdaten (Besuch nach Vereinbarung):<\/strong><br \/>\nIndustrieweg 21<br \/>\n4131NK Vianen<br \/>\ninfo@zillions.nl<br \/>\n030 20 72 146<\/p>\n<p>Weitere Designerm\u00f6bel finden Sie in allen unseren Anzeigen f\u00fcr Top-Marken wie:<br \/>\nArtimide, Floss, Vitra, Eames Herman Miller, Artifort, B&amp;B Italia, Ahrend, Interstuhl, Grahl, Hay, Norman Copenhagen, Cassina, Artifort, Gispen, Leolux, Montis, Arne Jacobsen, Bert Plantagie, Design auf Lager, Rolf Benz, Jori , Harvink usw.<\/p>\n<p>Design von Top-Designern: unter anderem<\/p>\n<p>Arne Jacobsen, Charles Eames, Cees Braakman, Eero Saarinen, Poul Henningsen, Poul Kjaerholm, Verner Panton, Martin Visser, Mart Stam, Eileen Gray, Gerrit Rietveld, Pierre Paulin, Ko Liang Ie, Marcel Breuer, Rob Parry, Vico Magistretti, Hans Wegner, Borge Mogensen, Finn Juhl, Grete Jalk, Osvaldo Borsani, Isamu Noguchi, George Nelson, Geoffrey Harcourt, Ilmari Tapiovaara, Ferdinand Solere, Joe Colombo Friso Kramer, Harry Bertoia, Lisa Pape, Ettore Sottsass Paul Schuitema Bruno Mathsson<\/p>","protected":false},"excerpt":{"rendered":"<p>De Fritz Hansen Swan Chair loungestoel is ontworpen door Arne Jacobsen. De Swan Chair loungestoel van Fritz Hansen heeft een breedte van 74 centimeter, een diepte van 68 centimeter en een hoogte van 77 centimeter. De zithoogte is 40 centimeter en helt een beetje naar achteren. Het onderstel is van mat gepolijst aluminium en de [&hellip;]<\/p>\n","protected":false},"featured_media":8328,"template":"","meta":{"_acf_changed":false},"product_brand":[233],"product_cat":[16,188,185],"product_tag":[333],"class_list":{"0":"post-8249","1":"product","2":"type-product","3":"status-publish","4":"has-post-thumbnail","6":"product_brand-fritz-hansen","7":"product_cat-alle-producten","8":"product_cat-fauteuils","9":"product_cat-stoelen","10":"product_tag-fritz-hansen","11":"pa_brands-fritz-hansen","13":"first","14":"instock","15":"sale","16":"purchasable","17":"product-type-simple"},"acf":[],"yoast_head":"<!-- This site is optimized with the Yoast SEO plugin v27.5 - https:\/\/yoast.com\/product\/yoast-seo-wordpress\/ -->\n<title>Fritz Hansen Swan Chair Walnoot Grace Leer - Zillions: nieuw en gebruikt design meubilair en stoelen<\/title>\n<meta name=\"description\" content=\"Fritz Hansen Swan Chair 50% Korting op de nieuwprijs rest voorraad Op =Op Bezorgen kan met onze eigen bezorgdienst Nieuw in de doos\" \/>\n<meta name=\"robots\" content=\"index, follow, max-snippet:-1, max-image-preview:large, max-video-preview:-1\" \/>\n<link rel=\"canonical\" href=\"https:\/\/www.zillions.nl\/de\/product\/fritz-hansen-swan-chair-cognac-leer\/\" \/>\n<meta property=\"og:locale\" content=\"de_DE\" \/>\n<meta property=\"og:type\" content=\"article\" \/>\n<meta property=\"og:title\" content=\"Fritz Hansen Swan Chair Walnoot Grace Leer - Zillions: nieuw en gebruikt design meubilair en stoelen\" \/>\n<meta property=\"og:description\" content=\"Fritz Hansen Swan Chair 50% Korting op de nieuwprijs rest voorraad Op =Op Bezorgen kan met onze eigen bezorgdienst Nieuw in de doos\" \/>\n<meta property=\"og:url\" content=\"https:\/\/www.zillions.nl\/de\/product\/fritz-hansen-swan-chair-cognac-leer\/\" \/>\n<meta property=\"og:site_name\" content=\"Zillions: nieuw en gebruikt design meubilair en stoelen\" \/>\n<meta property=\"article:modified_time\" content=\"2025-05-20T14:20:10+00:00\" \/>\n<meta property=\"og:image\" content=\"https:\/\/www.zillions.nl\/wp-content\/uploads\/2024\/01\/NM13400.jpg\" \/>\n\t<meta property=\"og:image:width\" content=\"1080\" \/>\n\t<meta property=\"og:image:height\" content=\"1080\" \/>\n\t<meta property=\"og:image:type\" content=\"image\/jpeg\" \/>\n<meta name=\"twitter:card\" content=\"summary_large_image\" \/>\n<meta name=\"twitter:label1\" content=\"Est. reading time\" \/>\n\t<meta name=\"twitter:data1\" content=\"2 minutes\" \/>\n<script type=\"application\/ld+json\" class=\"yoast-schema-graph\">{\"@context\":\"https:\\\/\\\/schema.org\",\"@graph\":[{\"@type\":\"WebPage\",\"@id\":\"https:\\\/\\\/www.zillions.nl\\\/product\\\/fritz-hansen-swan-chair-cognac-leer\\\/\",\"url\":\"https:\\\/\\\/www.zillions.nl\\\/product\\\/fritz-hansen-swan-chair-cognac-leer\\\/\",\"name\":\"Fritz Hansen Swan Chair Walnoot Grace Leer - Zillions: nieuw en gebruikt design meubilair en stoelen\",\"isPartOf\":{\"@id\":\"https:\\\/\\\/www.zillions.nl\\\/de\\\/#website\"},\"primaryImageOfPage\":{\"@id\":\"https:\\\/\\\/www.zillions.nl\\\/product\\\/fritz-hansen-swan-chair-cognac-leer\\\/#primaryimage\"},\"image\":{\"@id\":\"https:\\\/\\\/www.zillions.nl\\\/product\\\/fritz-hansen-swan-chair-cognac-leer\\\/#primaryimage\"},\"thumbnailUrl\":\"https:\\\/\\\/www.zillions.nl\\\/wp-content\\\/uploads\\\/2024\\\/01\\\/NM13400.jpg\",\"datePublished\":\"2024-01-08T21:20:08+00:00\",\"dateModified\":\"2025-05-20T14:20:10+00:00\",\"description\":\"Fritz Hansen Swan Chair 50% Korting op de nieuwprijs rest voorraad Op =Op Bezorgen kan met onze eigen bezorgdienst Nieuw in de doos\",\"breadcrumb\":{\"@id\":\"https:\\\/\\\/www.zillions.nl\\\/product\\\/fritz-hansen-swan-chair-cognac-leer\\\/#breadcrumb\"},\"inLanguage\":\"de-DE\",\"potentialAction\":[{\"@type\":\"ReadAction\",\"target\":[\"https:\\\/\\\/www.zillions.nl\\\/product\\\/fritz-hansen-swan-chair-cognac-leer\\\/\"]}]},{\"@type\":\"ImageObject\",\"inLanguage\":\"de-DE\",\"@id\":\"https:\\\/\\\/www.zillions.nl\\\/product\\\/fritz-hansen-swan-chair-cognac-leer\\\/#primaryimage\",\"url\":\"https:\\\/\\\/www.zillions.nl\\\/wp-content\\\/uploads\\\/2024\\\/01\\\/NM13400.jpg\",\"contentUrl\":\"https:\\\/\\\/www.zillions.nl\\\/wp-content\\\/uploads\\\/2024\\\/01\\\/NM13400.jpg\",\"width\":1080,\"height\":1080},{\"@type\":\"BreadcrumbList\",\"@id\":\"https:\\\/\\\/www.zillions.nl\\\/product\\\/fritz-hansen-swan-chair-cognac-leer\\\/#breadcrumb\",\"itemListElement\":[{\"@type\":\"ListItem\",\"position\":1,\"name\":\"Home\",\"item\":\"https:\\\/\\\/www.zillions.nl\\\/\"},{\"@type\":\"ListItem\",\"position\":2,\"name\":\"Shop\",\"item\":\"https:\\\/\\\/www.zillions.nl\\\/shop\\\/\"},{\"@type\":\"ListItem\",\"position\":3,\"name\":\"Fritz Hansen Swan Chair Walnoot Grace Leer\"}]},{\"@type\":\"WebSite\",\"@id\":\"https:\\\/\\\/www.zillions.nl\\\/de\\\/#website\",\"url\":\"https:\\\/\\\/www.zillions.nl\\\/de\\\/\",\"name\":\"Zillions: nieuw en gebruikt design meubilair en stoelen\",\"description\":\"Welkom bij Zillions: Zillions is gespecialiseerd in nieuw en gebruikt design meubilair en stoelen.\",\"publisher\":{\"@id\":\"https:\\\/\\\/www.zillions.nl\\\/de\\\/#organization\"},\"potentialAction\":[{\"@type\":\"SearchAction\",\"target\":{\"@type\":\"EntryPoint\",\"urlTemplate\":\"https:\\\/\\\/www.zillions.nl\\\/de\\\/?s={search_term_string}\"},\"query-input\":{\"@type\":\"PropertyValueSpecification\",\"valueRequired\":true,\"valueName\":\"search_term_string\"}}],\"inLanguage\":\"de-DE\"},{\"@type\":\"Organization\",\"@id\":\"https:\\\/\\\/www.zillions.nl\\\/de\\\/#organization\",\"name\":\"Zillions: nieuw en gebruikt design meubilair en stoelen\",\"url\":\"https:\\\/\\\/www.zillions.nl\\\/de\\\/\",\"logo\":{\"@type\":\"ImageObject\",\"inLanguage\":\"de-DE\",\"@id\":\"https:\\\/\\\/www.zillions.nl\\\/de\\\/#\\\/schema\\\/logo\\\/image\\\/\",\"url\":\"https:\\\/\\\/www.zillions.nl\\\/wp-content\\\/uploads\\\/2022\\\/11\\\/zillions.svg\",\"contentUrl\":\"https:\\\/\\\/www.zillions.nl\\\/wp-content\\\/uploads\\\/2022\\\/11\\\/zillions.svg\",\"width\":208,\"height\":53,\"caption\":\"Zillions: nieuw en gebruikt design meubilair en stoelen\"},\"image\":{\"@id\":\"https:\\\/\\\/www.zillions.nl\\\/de\\\/#\\\/schema\\\/logo\\\/image\\\/\"}}]}<\/script>\n<!-- \/ Yoast SEO plugin. -->","yoast_head_json":{"title":"Fritz Hansen Schwanenstuhl, Walnuss, Grace-Leder \u2013 Zillions: Neue und gebrauchte Designm\u00f6bel und St\u00fchle","description":"Fritz Hansen Schwanensessel 50% \u2013 Sonderangebot auf den Neupreis, solange der Vorrat reicht. Lieferung mit unserem eigenen Lieferservice m\u00f6glich. Neu und originalverpackt.","robots":{"index":"index","follow":"follow","max-snippet":"max-snippet:-1","max-image-preview":"max-image-preview:large","max-video-preview":"max-video-preview:-1"},"canonical":"https:\/\/www.zillions.nl\/de\/product\/fritz-hansen-swan-chair-cognac-leer\/","og_locale":"de_DE","og_type":"article","og_title":"Fritz Hansen Swan Chair Walnoot Grace Leer - Zillions: nieuw en gebruikt design meubilair en stoelen","og_description":"Fritz Hansen Swan Chair 50% Korting op de nieuwprijs rest voorraad Op =Op Bezorgen kan met onze eigen bezorgdienst Nieuw in de doos","og_url":"https:\/\/www.zillions.nl\/de\/product\/fritz-hansen-swan-chair-cognac-leer\/","og_site_name":"Zillions: nieuw en gebruikt design meubilair en stoelen","article_modified_time":"2025-05-20T14:20:10+00:00","og_image":[{"width":1080,"height":1080,"url":"https:\/\/www.zillions.nl\/wp-content\/uploads\/2024\/01\/NM13400.jpg","type":"image\/jpeg"}],"twitter_card":"summary_large_image","twitter_misc":{"Est. reading time":"2 minutes"},"schema":{"@context":"https:\/\/schema.org","@graph":[{"@type":"WebPage","@id":"https:\/\/www.zillions.nl\/product\/fritz-hansen-swan-chair-cognac-leer\/","url":"https:\/\/www.zillions.nl\/product\/fritz-hansen-swan-chair-cognac-leer\/","name":"Fritz Hansen Schwanenstuhl, Walnuss, Grace-Leder \u2013 Zillions: Neue und gebrauchte Designm\u00f6bel und St\u00fchle","isPartOf":{"@id":"https:\/\/www.zillions.nl\/de\/#website"},"primaryImageOfPage":{"@id":"https:\/\/www.zillions.nl\/product\/fritz-hansen-swan-chair-cognac-leer\/#primaryimage"},"image":{"@id":"https:\/\/www.zillions.nl\/product\/fritz-hansen-swan-chair-cognac-leer\/#primaryimage"},"thumbnailUrl":"https:\/\/www.zillions.nl\/wp-content\/uploads\/2024\/01\/NM13400.jpg","datePublished":"2024-01-08T21:20:08+00:00","dateModified":"2025-05-20T14:20:10+00:00","description":"Fritz Hansen Schwanensessel 50% \u2013 Sonderangebot auf den Neupreis, solange der Vorrat reicht. Lieferung mit unserem eigenen Lieferservice m\u00f6glich. Neu und originalverpackt.","breadcrumb":{"@id":"https:\/\/www.zillions.nl\/product\/fritz-hansen-swan-chair-cognac-leer\/#breadcrumb"},"inLanguage":"de-DE","potentialAction":[{"@type":"ReadAction","target":["https:\/\/www.zillions.nl\/product\/fritz-hansen-swan-chair-cognac-leer\/"]}]},{"@type":"ImageObject","inLanguage":"de-DE","@id":"https:\/\/www.zillions.nl\/product\/fritz-hansen-swan-chair-cognac-leer\/#primaryimage","url":"https:\/\/www.zillions.nl\/wp-content\/uploads\/2024\/01\/NM13400.jpg","contentUrl":"https:\/\/www.zillions.nl\/wp-content\/uploads\/2024\/01\/NM13400.jpg","width":1080,"height":1080},{"@type":"BreadcrumbList","@id":"https:\/\/www.zillions.nl\/product\/fritz-hansen-swan-chair-cognac-leer\/#breadcrumb","itemListElement":[{"@type":"ListItem","position":1,"name":"Home","item":"https:\/\/www.zillions.nl\/"},{"@type":"ListItem","position":2,"name":"Shop","item":"https:\/\/www.zillions.nl\/shop\/"},{"@type":"ListItem","position":3,"name":"Fritz Hansen Swan Chair Walnoot Grace Leer"}]},{"@type":"WebSite","@id":"https:\/\/www.zillions.nl\/de\/#website","url":"https:\/\/www.zillions.nl\/de\/","name":"Zillionen: neue und gebrauchte Designerm\u00f6bel und St\u00fchle","description":"Willkommen bei Zillions: Zillions ist auf neue und gebrauchte Designm\u00f6bel und St\u00fchle spezialisiert.","publisher":{"@id":"https:\/\/www.zillions.nl\/de\/#organization"},"potentialAction":[{"@type":"SearchAction","target":{"@type":"EntryPoint","urlTemplate":"https:\/\/www.zillions.nl\/de\/?s={search_term_string}"},"query-input":{"@type":"PropertyValueSpecification","valueRequired":true,"valueName":"search_term_string"}}],"inLanguage":"de-DE"},{"@type":"Organization","@id":"https:\/\/www.zillions.nl\/de\/#organization","name":"Zillionen: neue und gebrauchte Designerm\u00f6bel und St\u00fchle","url":"https:\/\/www.zillions.nl\/de\/","logo":{"@type":"ImageObject","inLanguage":"de-DE","@id":"https:\/\/www.zillions.nl\/de\/#\/schema\/logo\/image\/","url":"https:\/\/www.zillions.nl\/wp-content\/uploads\/2022\/11\/zillions.svg","contentUrl":"https:\/\/www.zillions.nl\/wp-content\/uploads\/2022\/11\/zillions.svg","width":208,"height":53,"caption":"Zillions: nieuw en gebruikt design meubilair en stoelen"},"image":{"@id":"https:\/\/www.zillions.nl\/de\/#\/schema\/logo\/image\/"}}]}},"_links":{"self":[{"href":"https:\/\/www.zillions.nl\/de\/wp-json\/wp\/v2\/product\/8249","targetHints":{"allow":["GET"]}}],"collection":[{"href":"https:\/\/www.zillions.nl\/de\/wp-json\/wp\/v2\/product"}],"about":[{"href":"https:\/\/www.zillions.nl\/de\/wp-json\/wp\/v2\/types\/product"}],"wp:featuredmedia":[{"embeddable":true,"href":"https:\/\/www.zillions.nl\/de\/wp-json\/wp\/v2\/media\/8328"}],"wp:attachment":[{"href":"https:\/\/www.zillions.nl\/de\/wp-json\/wp\/v2\/media?parent=8249"}],"wp:term":[{"taxonomy":"product_brand","embeddable":true,"href":"https:\/\/www.zillions.nl\/de\/wp-json\/wp\/v2\/product_brand?post=8249"},{"taxonomy":"product_cat","embeddable":true,"href":"https:\/\/www.zillions.nl\/de\/wp-json\/wp\/v2\/product_cat?post=8249"},{"taxonomy":"product_tag","embeddable":true,"href":"https:\/\/www.zillions.nl\/de\/wp-json\/wp\/v2\/product_tag?post=8249"}],"curies":[{"name":"wp","href":"https:\/\/api.w.org\/{rel}","templated":true}]}}