{"id":8204,"date":"2023-12-31T18:48:59","date_gmt":"2023-12-31T17:48:59","guid":{"rendered":"https:\/\/www.zillions.nl\/?post_type=product&#038;p=8204"},"modified":"2025-12-29T19:11:55","modified_gmt":"2025-12-29T18:11:55","slug":"vitra-hella-jongergerius-poldersofa-xl-beige-bruin-mix","status":"publish","type":"product","link":"https:\/\/www.zillions.nl\/de\/product\/vitra-hella-jongergerius-poldersofa-xl-beige-bruin-mix\/","title":{"rendered":"Vitra Hella Jongergerius Poldersofa XL Beige-Braun-Mix"},"content":{"rendered":"<p>Das Vitra Polder Sofa wurde von Hella Jongerius entworfen.<\/p>\n<p>Der niederl\u00e4ndische Designer (der mittlerweile auf der ganzen Welt bekannt ist) lie\u00df sich von der niederl\u00e4ndischen Polderlandschaft inspirieren. Die Polder-Landschaft mit ihren Ebenen und Schichten spiegelt sich deutlich im Design des Polder-Sofas wider.<\/p>\n<p>Gepolstert mit einem Stoffmix aus verschiedenen beigen und braunen Stoffen, mit Armlehne auf der rechten Seite.<\/p>\n<p>Es handelt sich um eine Version, die nicht mehr hergestellt wird; ein echtes Sammlerst\u00fcck!<\/p>\n<p>Sonderpreis, da es sich um ein Ausstellungsmodell handelt.<\/p>\n<p>Ma\u00dfe B 295 cm T 95 cm<\/p>\n<p>Preis pro St\u00fcck \u20ac 3450,-<\/p>\n<p>Wenn Sie Fragen haben oder einen unverbindlichen Besichtigungstermin vereinbaren m\u00f6chten, k\u00f6nnen Sie sich gerne an uns wenden. Lieferung durch unseren eigenen Lieferservice m\u00f6glich! Besuchen Sie unsere Website f\u00fcr viele weitere Designartikel!<\/p>\n<p><strong>Kontaktdaten (Besuch nach Vereinbarung):<\/strong><br \/>\nIndustrieweg 21<br \/>\n4131NK Vianen<br \/>\ninfo@zillions.nl<br \/>\n030 20 72 146<\/p>\n<p>Weitere Designerm\u00f6bel finden Sie in allen unseren Anzeigen f\u00fcr Top-Marken wie:<br \/>\nArtimide, Floss, Vitra, Eames Herman Miller, Artifort, B&amp;B Italia, Ahrend, Interstuhl, Grahl, Hay, Norman Copenhagen, Cassina, Artifort, Gispen, Leolux, Montis, Arne Jacobsen, Bert Plantagie, Design auf Lager, Rolf Benz, Jori , Harvink usw.<\/p>\n<p>Design von Top-Designern: unter anderem<\/p>\n<p>Arne Jacobsen, Charles Eames, Cees Braakman, Eero Saarinen, Poul Henningsen, Poul Kjaerholm, Verner Panton, Martin Visser, Mart Stam, Eileen Gray, Gerrit Rietveld, Pierre Paulin, Ko Liang Ie, Marcel Breuer, Rob Parry, Vico Magistretti, Hans Wegner, Borge Mogensen, Finn Juhl, Grete Jalk, Osvaldo Borsani, Isamu Noguchi, George Nelson, Geoffrey Harcourt, Ilmari Tapiovaara, Ferdinand Solere, Joe Colombo Friso Kramer, Harry Bertoia, Lisa Pape, Ettore Sottsass Paul Schuitema Bruno Mathsson<\/p>\n<p>&nbsp;<\/p>\n<p>&nbsp;<\/p>\n<p>&nbsp;<\/p>","protected":false},"excerpt":{"rendered":"<p>De Vitra Polder Sofa is ontworpen door Hella Jongerius. De Nederlandse ontwerpster (die inmiddels bekend is over de hele wereld), lied zich bij het ontwerp inspireren door het Nederlandse polderlandschap. Het Polderlandschap,\u00a0met vlakke en lagen, is duidelijk terug te zien in het ontwerp van de Polder Sofa. Bekleed met een stof mix van verschillende beige [&hellip;]<\/p>\n","protected":false},"featured_media":8217,"template":"","meta":{"_acf_changed":false},"product_brand":[202],"product_cat":[16,189],"product_tag":[322],"class_list":{"0":"post-8204","1":"product","2":"type-product","3":"status-publish","4":"has-post-thumbnail","6":"product_brand-vitra","7":"product_cat-alle-producten","8":"product_cat-banken","9":"product_tag-vitra","10":"pa_brands-vitra","12":"first","13":"outofstock","14":"purchasable","15":"product-type-simple"},"acf":[],"yoast_head":"<!-- This site is optimized with the Yoast SEO plugin v27.5 - https:\/\/yoast.com\/product\/yoast-seo-wordpress\/ -->\n<title>Vitra Hella Jongergerius Poldersofa XL Beige bruin mix - Zillions: nieuw en gebruikt design meubilair en stoelen<\/title>\n<meta name=\"robots\" content=\"index, follow, max-snippet:-1, max-image-preview:large, max-video-preview:-1\" \/>\n<link rel=\"canonical\" href=\"https:\/\/www.zillions.nl\/de\/product\/vitra-hella-jongergerius-poldersofa-xl-beige-bruin-mix\/\" \/>\n<meta property=\"og:locale\" content=\"de_DE\" \/>\n<meta property=\"og:type\" content=\"article\" \/>\n<meta property=\"og:title\" content=\"Vitra Hella Jongergerius Poldersofa XL Beige bruin mix - Zillions: nieuw en gebruikt design meubilair en stoelen\" \/>\n<meta property=\"og:description\" content=\"De Vitra Polder Sofa is ontworpen door Hella Jongerius. De Nederlandse ontwerpster (die inmiddels bekend is over de hele wereld), lied zich bij het ontwerp inspireren door het Nederlandse polderlandschap. Het Polderlandschap,\u00a0met vlakke en lagen, is duidelijk terug te zien in het ontwerp van de Polder Sofa. Bekleed met een stof mix van verschillende beige [&hellip;]\" \/>\n<meta property=\"og:url\" content=\"https:\/\/www.zillions.nl\/de\/product\/vitra-hella-jongergerius-poldersofa-xl-beige-bruin-mix\/\" \/>\n<meta property=\"og:site_name\" content=\"Zillions: nieuw en gebruikt design meubilair en stoelen\" \/>\n<meta property=\"article:modified_time\" content=\"2025-12-29T18:11:55+00:00\" \/>\n<meta property=\"og:image\" content=\"https:\/\/www.zillions.nl\/wp-content\/uploads\/2023\/12\/poldersofa-beige-xl-1-scaled.jpg\" \/>\n\t<meta property=\"og:image:width\" content=\"1440\" \/>\n\t<meta property=\"og:image:height\" content=\"1080\" \/>\n\t<meta property=\"og:image:type\" content=\"image\/jpeg\" \/>\n<meta name=\"twitter:card\" content=\"summary_large_image\" \/>\n<meta name=\"twitter:label1\" content=\"Est. reading time\" \/>\n\t<meta name=\"twitter:data1\" content=\"2 minutes\" \/>\n<script type=\"application\/ld+json\" class=\"yoast-schema-graph\">{\"@context\":\"https:\\\/\\\/schema.org\",\"@graph\":[{\"@type\":\"WebPage\",\"@id\":\"https:\\\/\\\/www.zillions.nl\\\/product\\\/vitra-hella-jongergerius-poldersofa-xl-beige-bruin-mix\\\/\",\"url\":\"https:\\\/\\\/www.zillions.nl\\\/product\\\/vitra-hella-jongergerius-poldersofa-xl-beige-bruin-mix\\\/\",\"name\":\"Vitra Hella Jongergerius Poldersofa XL Beige bruin mix - Zillions: nieuw en gebruikt design meubilair en stoelen\",\"isPartOf\":{\"@id\":\"https:\\\/\\\/www.zillions.nl\\\/de\\\/#website\"},\"primaryImageOfPage\":{\"@id\":\"https:\\\/\\\/www.zillions.nl\\\/product\\\/vitra-hella-jongergerius-poldersofa-xl-beige-bruin-mix\\\/#primaryimage\"},\"image\":{\"@id\":\"https:\\\/\\\/www.zillions.nl\\\/product\\\/vitra-hella-jongergerius-poldersofa-xl-beige-bruin-mix\\\/#primaryimage\"},\"thumbnailUrl\":\"https:\\\/\\\/www.zillions.nl\\\/wp-content\\\/uploads\\\/2023\\\/12\\\/poldersofa-beige-xl-1-scaled.jpg\",\"datePublished\":\"2023-12-31T17:48:59+00:00\",\"dateModified\":\"2025-12-29T18:11:55+00:00\",\"breadcrumb\":{\"@id\":\"https:\\\/\\\/www.zillions.nl\\\/product\\\/vitra-hella-jongergerius-poldersofa-xl-beige-bruin-mix\\\/#breadcrumb\"},\"inLanguage\":\"de-DE\",\"potentialAction\":[{\"@type\":\"ReadAction\",\"target\":[\"https:\\\/\\\/www.zillions.nl\\\/product\\\/vitra-hella-jongergerius-poldersofa-xl-beige-bruin-mix\\\/\"]}]},{\"@type\":\"ImageObject\",\"inLanguage\":\"de-DE\",\"@id\":\"https:\\\/\\\/www.zillions.nl\\\/product\\\/vitra-hella-jongergerius-poldersofa-xl-beige-bruin-mix\\\/#primaryimage\",\"url\":\"https:\\\/\\\/www.zillions.nl\\\/wp-content\\\/uploads\\\/2023\\\/12\\\/poldersofa-beige-xl-1-scaled.jpg\",\"contentUrl\":\"https:\\\/\\\/www.zillions.nl\\\/wp-content\\\/uploads\\\/2023\\\/12\\\/poldersofa-beige-xl-1-scaled.jpg\",\"width\":1440,\"height\":1080},{\"@type\":\"BreadcrumbList\",\"@id\":\"https:\\\/\\\/www.zillions.nl\\\/product\\\/vitra-hella-jongergerius-poldersofa-xl-beige-bruin-mix\\\/#breadcrumb\",\"itemListElement\":[{\"@type\":\"ListItem\",\"position\":1,\"name\":\"Home\",\"item\":\"https:\\\/\\\/www.zillions.nl\\\/\"},{\"@type\":\"ListItem\",\"position\":2,\"name\":\"Shop\",\"item\":\"https:\\\/\\\/www.zillions.nl\\\/shop\\\/\"},{\"@type\":\"ListItem\",\"position\":3,\"name\":\"Vitra Hella Jongergerius Poldersofa XL Beige bruin mix\"}]},{\"@type\":\"WebSite\",\"@id\":\"https:\\\/\\\/www.zillions.nl\\\/de\\\/#website\",\"url\":\"https:\\\/\\\/www.zillions.nl\\\/de\\\/\",\"name\":\"Zillions: nieuw en gebruikt design meubilair en stoelen\",\"description\":\"Welkom bij Zillions: Zillions is gespecialiseerd in nieuw en gebruikt design meubilair en stoelen.\",\"publisher\":{\"@id\":\"https:\\\/\\\/www.zillions.nl\\\/de\\\/#organization\"},\"potentialAction\":[{\"@type\":\"SearchAction\",\"target\":{\"@type\":\"EntryPoint\",\"urlTemplate\":\"https:\\\/\\\/www.zillions.nl\\\/de\\\/?s={search_term_string}\"},\"query-input\":{\"@type\":\"PropertyValueSpecification\",\"valueRequired\":true,\"valueName\":\"search_term_string\"}}],\"inLanguage\":\"de-DE\"},{\"@type\":\"Organization\",\"@id\":\"https:\\\/\\\/www.zillions.nl\\\/de\\\/#organization\",\"name\":\"Zillions: nieuw en gebruikt design meubilair en stoelen\",\"url\":\"https:\\\/\\\/www.zillions.nl\\\/de\\\/\",\"logo\":{\"@type\":\"ImageObject\",\"inLanguage\":\"de-DE\",\"@id\":\"https:\\\/\\\/www.zillions.nl\\\/de\\\/#\\\/schema\\\/logo\\\/image\\\/\",\"url\":\"https:\\\/\\\/www.zillions.nl\\\/wp-content\\\/uploads\\\/2022\\\/11\\\/zillions.svg\",\"contentUrl\":\"https:\\\/\\\/www.zillions.nl\\\/wp-content\\\/uploads\\\/2022\\\/11\\\/zillions.svg\",\"width\":208,\"height\":53,\"caption\":\"Zillions: nieuw en gebruikt design meubilair en stoelen\"},\"image\":{\"@id\":\"https:\\\/\\\/www.zillions.nl\\\/de\\\/#\\\/schema\\\/logo\\\/image\\\/\"}}]}<\/script>\n<!-- \/ Yoast SEO plugin. -->","yoast_head_json":{"title":"Vitra Hella Jongergerius Poldersofa XL Beige-Braun-Mix \u2013 Zillions: Neue und gebrauchte Designm\u00f6bel und St\u00fchle","robots":{"index":"index","follow":"follow","max-snippet":"max-snippet:-1","max-image-preview":"max-image-preview:large","max-video-preview":"max-video-preview:-1"},"canonical":"https:\/\/www.zillions.nl\/de\/product\/vitra-hella-jongergerius-poldersofa-xl-beige-bruin-mix\/","og_locale":"de_DE","og_type":"article","og_title":"Vitra Hella Jongergerius Poldersofa XL Beige bruin mix - Zillions: nieuw en gebruikt design meubilair en stoelen","og_description":"De Vitra Polder Sofa is ontworpen door Hella Jongerius. De Nederlandse ontwerpster (die inmiddels bekend is over de hele wereld), lied zich bij het ontwerp inspireren door het Nederlandse polderlandschap. Het Polderlandschap,\u00a0met vlakke en lagen, is duidelijk terug te zien in het ontwerp van de Polder Sofa. Bekleed met een stof mix van verschillende beige [&hellip;]","og_url":"https:\/\/www.zillions.nl\/de\/product\/vitra-hella-jongergerius-poldersofa-xl-beige-bruin-mix\/","og_site_name":"Zillions: nieuw en gebruikt design meubilair en stoelen","article_modified_time":"2025-12-29T18:11:55+00:00","og_image":[{"width":1440,"height":1080,"url":"https:\/\/www.zillions.nl\/wp-content\/uploads\/2023\/12\/poldersofa-beige-xl-1-scaled.jpg","type":"image\/jpeg"}],"twitter_card":"summary_large_image","twitter_misc":{"Est. reading time":"2 minutes"},"schema":{"@context":"https:\/\/schema.org","@graph":[{"@type":"WebPage","@id":"https:\/\/www.zillions.nl\/product\/vitra-hella-jongergerius-poldersofa-xl-beige-bruin-mix\/","url":"https:\/\/www.zillions.nl\/product\/vitra-hella-jongergerius-poldersofa-xl-beige-bruin-mix\/","name":"Vitra Hella Jongergerius Poldersofa XL Beige-Braun-Mix \u2013 Zillions: Neue und gebrauchte Designm\u00f6bel und St\u00fchle","isPartOf":{"@id":"https:\/\/www.zillions.nl\/de\/#website"},"primaryImageOfPage":{"@id":"https:\/\/www.zillions.nl\/product\/vitra-hella-jongergerius-poldersofa-xl-beige-bruin-mix\/#primaryimage"},"image":{"@id":"https:\/\/www.zillions.nl\/product\/vitra-hella-jongergerius-poldersofa-xl-beige-bruin-mix\/#primaryimage"},"thumbnailUrl":"https:\/\/www.zillions.nl\/wp-content\/uploads\/2023\/12\/poldersofa-beige-xl-1-scaled.jpg","datePublished":"2023-12-31T17:48:59+00:00","dateModified":"2025-12-29T18:11:55+00:00","breadcrumb":{"@id":"https:\/\/www.zillions.nl\/product\/vitra-hella-jongergerius-poldersofa-xl-beige-bruin-mix\/#breadcrumb"},"inLanguage":"de-DE","potentialAction":[{"@type":"ReadAction","target":["https:\/\/www.zillions.nl\/product\/vitra-hella-jongergerius-poldersofa-xl-beige-bruin-mix\/"]}]},{"@type":"ImageObject","inLanguage":"de-DE","@id":"https:\/\/www.zillions.nl\/product\/vitra-hella-jongergerius-poldersofa-xl-beige-bruin-mix\/#primaryimage","url":"https:\/\/www.zillions.nl\/wp-content\/uploads\/2023\/12\/poldersofa-beige-xl-1-scaled.jpg","contentUrl":"https:\/\/www.zillions.nl\/wp-content\/uploads\/2023\/12\/poldersofa-beige-xl-1-scaled.jpg","width":1440,"height":1080},{"@type":"BreadcrumbList","@id":"https:\/\/www.zillions.nl\/product\/vitra-hella-jongergerius-poldersofa-xl-beige-bruin-mix\/#breadcrumb","itemListElement":[{"@type":"ListItem","position":1,"name":"Home","item":"https:\/\/www.zillions.nl\/"},{"@type":"ListItem","position":2,"name":"Shop","item":"https:\/\/www.zillions.nl\/shop\/"},{"@type":"ListItem","position":3,"name":"Vitra Hella Jongergerius Poldersofa XL Beige bruin mix"}]},{"@type":"WebSite","@id":"https:\/\/www.zillions.nl\/de\/#website","url":"https:\/\/www.zillions.nl\/de\/","name":"Zillionen: neue und gebrauchte Designerm\u00f6bel und St\u00fchle","description":"Willkommen bei Zillions: Zillions ist auf neue und gebrauchte Designm\u00f6bel und St\u00fchle spezialisiert.","publisher":{"@id":"https:\/\/www.zillions.nl\/de\/#organization"},"potentialAction":[{"@type":"SearchAction","target":{"@type":"EntryPoint","urlTemplate":"https:\/\/www.zillions.nl\/de\/?s={search_term_string}"},"query-input":{"@type":"PropertyValueSpecification","valueRequired":true,"valueName":"search_term_string"}}],"inLanguage":"de-DE"},{"@type":"Organization","@id":"https:\/\/www.zillions.nl\/de\/#organization","name":"Zillionen: neue und gebrauchte Designerm\u00f6bel und St\u00fchle","url":"https:\/\/www.zillions.nl\/de\/","logo":{"@type":"ImageObject","inLanguage":"de-DE","@id":"https:\/\/www.zillions.nl\/de\/#\/schema\/logo\/image\/","url":"https:\/\/www.zillions.nl\/wp-content\/uploads\/2022\/11\/zillions.svg","contentUrl":"https:\/\/www.zillions.nl\/wp-content\/uploads\/2022\/11\/zillions.svg","width":208,"height":53,"caption":"Zillions: nieuw en gebruikt design meubilair en stoelen"},"image":{"@id":"https:\/\/www.zillions.nl\/de\/#\/schema\/logo\/image\/"}}]}},"_links":{"self":[{"href":"https:\/\/www.zillions.nl\/de\/wp-json\/wp\/v2\/product\/8204","targetHints":{"allow":["GET"]}}],"collection":[{"href":"https:\/\/www.zillions.nl\/de\/wp-json\/wp\/v2\/product"}],"about":[{"href":"https:\/\/www.zillions.nl\/de\/wp-json\/wp\/v2\/types\/product"}],"wp:featuredmedia":[{"embeddable":true,"href":"https:\/\/www.zillions.nl\/de\/wp-json\/wp\/v2\/media\/8217"}],"wp:attachment":[{"href":"https:\/\/www.zillions.nl\/de\/wp-json\/wp\/v2\/media?parent=8204"}],"wp:term":[{"taxonomy":"product_brand","embeddable":true,"href":"https:\/\/www.zillions.nl\/de\/wp-json\/wp\/v2\/product_brand?post=8204"},{"taxonomy":"product_cat","embeddable":true,"href":"https:\/\/www.zillions.nl\/de\/wp-json\/wp\/v2\/product_cat?post=8204"},{"taxonomy":"product_tag","embeddable":true,"href":"https:\/\/www.zillions.nl\/de\/wp-json\/wp\/v2\/product_tag?post=8204"}],"curies":[{"name":"wp","href":"https:\/\/api.w.org\/{rel}","templated":true}]}}