{"id":7727,"date":"2023-11-14T14:52:26","date_gmt":"2023-11-14T13:52:26","guid":{"rendered":"https:\/\/www.zillions.nl\/?post_type=product&#038;p=7727"},"modified":"2026-01-14T12:25:25","modified_gmt":"2026-01-14T11:25:25","slug":"leolux-scylla-fauteuil-zwart-grijs-wit-gestreepte-stof","status":"publish","type":"product","link":"https:\/\/www.zillions.nl\/de\/product\/leolux-scylla-fauteuil-zwart-grijs-wit-gestreepte-stof\/","title":{"rendered":"Leolux Scylla Sessel niedrig Schwarz\/Grau\/Wei\u00df gestreift \u2013 Chrom"},"content":{"rendered":"<p data-start=\"193\" data-end=\"258\">Leolux Scylla-Sessel mit niedriger R\u00fcckenlehne aus meliertem Stoff<\/p>\n<p data-start=\"260\" data-end=\"837\">Die stilvollen Leolux Scylla-Sessel, entworfen von Gerard Vollenbrock, sind mit einem melierten Stoff in verschiedenen Farben, darunter Wei\u00df, Schwarz, Grau und Braun, bezogen. Diese Farbkombination erzeugt einen edlen, eleganten Look, der sich m\u00fchelos in eine Vielzahl von Inneneinrichtungen einf\u00fcgt. Der Sessel verf\u00fcgt \u00fcber ein verchromtes Stahlgestell und schwarze Lederarmlehnen \u2013 ein subtiler Kontrast, der das Design zus\u00e4tzlich veredelt. Der Sessel ist original 100% und verf\u00fcgt \u00fcber alle Echtheitsmerkmale.<\/p>\n<p data-start=\"839\" data-end=\"886\"><strong data-start=\"839\" data-end=\"852\">Zustand:<\/strong> Ausstellungsraumzustand; in Neuzustand<\/p>\n<p data-start=\"955\" data-end=\"983\"><strong data-start=\"955\" data-end=\"981\">Lieferung ab Lager<\/strong><\/p>\n<p data-start=\"985\" data-end=\"1036\"><strong data-start=\"985\" data-end=\"996\">Hinweis:<\/strong> Die angegebenen Preise verstehen sich pro St\u00fcck!<\/p>\n<p data-start=\"1038\" data-end=\"1390\"><strong data-start=\"1038\" data-end=\"1056\">Spezifikationen:<\/strong><br data-start=\"1056\" data-end=\"1059\" \/>Sitz: Stoff, melierte Streifen; wei\u00df\/schwarz\/grau\/braun<br data-start=\"1116\" data-end=\"1119\" \/>Gestell: Stahl, verchromt<br data-start=\"1143\" data-end=\"1146\" \/>Armlehne: 21 cm hoch<br data-start=\"1168\" data-end=\"1171\" \/>Armlehnen: schwarzes Leder<br data-start=\"1194\" data-end=\"1197\" \/>R\u00fcckenlehne: 43 cm; niedrig<br data-start=\"1220\" data-end=\"1223\" \/>Sitzh\u00f6he: 43 cm<br data-start=\"1239\" data-end=\"1242\" \/>Sitzbreite: 55 cm<br data-start=\"1259\" data-end=\"1262\" \/>Sitztiefe: 55 cm<br data-start=\"1278\" data-end=\"1281\" \/>Gesamth\u00f6he: 73 cm<br data-start=\"1304\" data-end=\"1307\" \/>Gesamtbreite: 74 cm<br data-start=\"1331\" data-end=\"1334\" \/>Gesamttiefe: 84 cm<\/p>\n<p data-start=\"1423\" data-end=\"1660\">Bei Fragen oder zur Vereinbarung eines Besichtigungstermins kontaktieren Sie uns gerne. Die Lieferung erfolgt \u00fcber unseren eigenen Lieferservice! Besuchen Sie unsere Website f\u00fcr noch mehr Designerartikel!<\/p>\n<p data-start=\"1662\" data-end=\"1775\"><strong data-start=\"1662\" data-end=\"1703\">Kontaktdaten (Besuch nach Vereinbarung):<\/strong><br data-start=\"1703\" data-end=\"1706\" \/>Industrieweg 21<br data-start=\"1721\" data-end=\"1724\" \/>4131 NK Vianen<br data-start=\"1738\" data-end=\"1741\" \/><a class=\"decorated-link cursor-pointer\" rel=\"noopener\" data-start=\"1741\" data-end=\"1757\">info@zillions.nl<\/a><br data-start=\"1757\" data-end=\"1760\" \/>030 20 72 146<\/p>","protected":false},"excerpt":{"rendered":"<p>Leolux Scylla fauteuils met lage rug in gem\u00ealeerde streepstof Deze stijlvolle Leolux Scylla fauteuils, ontworpen door Gerard Vollenbrock, zijn uitgevoerd in een gem\u00ealeerde streepstof met diverse kleuren, waaronder wit, zwart, grijs en bruin. De combinatie van kleuren zorgt voor een rijke, chique uitstraling die moeiteloos past in uiteenlopende interieurs. de fauteuil is voorzien van een [&hellip;]<\/p>\n","protected":false},"featured_media":9836,"template":"","meta":{"_acf_changed":false},"product_brand":[225],"product_cat":[16,188],"product_tag":[325],"class_list":{"0":"post-7727","1":"product","2":"type-product","3":"status-publish","4":"has-post-thumbnail","6":"product_brand-leolux","7":"product_cat-alle-producten","8":"product_cat-fauteuils","9":"product_tag-leolux","10":"pa_brands-leolux","12":"first","13":"instock","14":"purchasable","15":"product-type-simple"},"acf":[],"yoast_head":"<!-- This site is optimized with the Yoast SEO plugin v27.5 - https:\/\/yoast.com\/product\/yoast-seo-wordpress\/ -->\n<title>Leolux Scylla Fauteuil Laag Zwart\/Grijs\/Wit Gestreept - Chroom - Zillions: nieuw en gebruikt design meubilair en stoelen<\/title>\n<meta name=\"description\" content=\"Leolux Scylla fauteuil voor 50% van de winkeladviesprijs. Bezorging mogelijk middels onze eigen bezorgdienst. Nu te bestellen via onze webshop.\" \/>\n<meta name=\"robots\" content=\"index, follow, max-snippet:-1, max-image-preview:large, max-video-preview:-1\" \/>\n<link rel=\"canonical\" href=\"https:\/\/www.zillions.nl\/de\/product\/leolux-scylla-fauteuil-zwart-grijs-wit-gestreepte-stof\/\" \/>\n<meta property=\"og:locale\" content=\"de_DE\" \/>\n<meta property=\"og:type\" content=\"article\" \/>\n<meta property=\"og:title\" content=\"Leolux Scylla Fauteuil Laag Zwart\/Grijs\/Wit Gestreept - Chroom - Zillions: nieuw en gebruikt design meubilair en stoelen\" \/>\n<meta property=\"og:description\" content=\"Leolux Scylla fauteuil voor 50% van de winkeladviesprijs. Bezorging mogelijk middels onze eigen bezorgdienst. Nu te bestellen via onze webshop.\" \/>\n<meta property=\"og:url\" content=\"https:\/\/www.zillions.nl\/de\/product\/leolux-scylla-fauteuil-zwart-grijs-wit-gestreepte-stof\/\" \/>\n<meta property=\"og:site_name\" content=\"Zillions: nieuw en gebruikt design meubilair en stoelen\" \/>\n<meta property=\"article:modified_time\" content=\"2026-01-14T11:25:25+00:00\" \/>\n<meta property=\"og:image\" content=\"https:\/\/www.zillions.nl\/wp-content\/uploads\/2023\/11\/2x-Leolux-Scylla-zwartrood-gestreepte-stof-NM200452-1.jpg\" \/>\n\t<meta property=\"og:image:width\" content=\"1080\" \/>\n\t<meta property=\"og:image:height\" content=\"1080\" \/>\n\t<meta property=\"og:image:type\" content=\"image\/jpeg\" \/>\n<meta name=\"twitter:card\" content=\"summary_large_image\" \/>\n<meta name=\"twitter:label1\" content=\"Est. reading time\" \/>\n\t<meta name=\"twitter:data1\" content=\"2 minutes\" \/>\n<script type=\"application\/ld+json\" class=\"yoast-schema-graph\">{\"@context\":\"https:\\\/\\\/schema.org\",\"@graph\":[{\"@type\":\"WebPage\",\"@id\":\"https:\\\/\\\/www.zillions.nl\\\/product\\\/leolux-scylla-fauteuil-zwart-grijs-wit-gestreepte-stof\\\/\",\"url\":\"https:\\\/\\\/www.zillions.nl\\\/product\\\/leolux-scylla-fauteuil-zwart-grijs-wit-gestreepte-stof\\\/\",\"name\":\"Leolux Scylla Fauteuil Laag Zwart\\\/Grijs\\\/Wit Gestreept - Chroom - Zillions: nieuw en gebruikt design meubilair en stoelen\",\"isPartOf\":{\"@id\":\"https:\\\/\\\/www.zillions.nl\\\/de\\\/#website\"},\"primaryImageOfPage\":{\"@id\":\"https:\\\/\\\/www.zillions.nl\\\/product\\\/leolux-scylla-fauteuil-zwart-grijs-wit-gestreepte-stof\\\/#primaryimage\"},\"image\":{\"@id\":\"https:\\\/\\\/www.zillions.nl\\\/product\\\/leolux-scylla-fauteuil-zwart-grijs-wit-gestreepte-stof\\\/#primaryimage\"},\"thumbnailUrl\":\"https:\\\/\\\/www.zillions.nl\\\/wp-content\\\/uploads\\\/2023\\\/11\\\/2x-Leolux-Scylla-zwartrood-gestreepte-stof-NM200452-1.jpg\",\"datePublished\":\"2023-11-14T13:52:26+00:00\",\"dateModified\":\"2026-01-14T11:25:25+00:00\",\"description\":\"Leolux Scylla fauteuil voor 50% van de winkeladviesprijs. Bezorging mogelijk middels onze eigen bezorgdienst. Nu te bestellen via onze webshop.\",\"breadcrumb\":{\"@id\":\"https:\\\/\\\/www.zillions.nl\\\/product\\\/leolux-scylla-fauteuil-zwart-grijs-wit-gestreepte-stof\\\/#breadcrumb\"},\"inLanguage\":\"de-DE\",\"potentialAction\":[{\"@type\":\"ReadAction\",\"target\":[\"https:\\\/\\\/www.zillions.nl\\\/product\\\/leolux-scylla-fauteuil-zwart-grijs-wit-gestreepte-stof\\\/\"]}]},{\"@type\":\"ImageObject\",\"inLanguage\":\"de-DE\",\"@id\":\"https:\\\/\\\/www.zillions.nl\\\/product\\\/leolux-scylla-fauteuil-zwart-grijs-wit-gestreepte-stof\\\/#primaryimage\",\"url\":\"https:\\\/\\\/www.zillions.nl\\\/wp-content\\\/uploads\\\/2023\\\/11\\\/2x-Leolux-Scylla-zwartrood-gestreepte-stof-NM200452-1.jpg\",\"contentUrl\":\"https:\\\/\\\/www.zillions.nl\\\/wp-content\\\/uploads\\\/2023\\\/11\\\/2x-Leolux-Scylla-zwartrood-gestreepte-stof-NM200452-1.jpg\",\"width\":1080,\"height\":1080},{\"@type\":\"BreadcrumbList\",\"@id\":\"https:\\\/\\\/www.zillions.nl\\\/product\\\/leolux-scylla-fauteuil-zwart-grijs-wit-gestreepte-stof\\\/#breadcrumb\",\"itemListElement\":[{\"@type\":\"ListItem\",\"position\":1,\"name\":\"Home\",\"item\":\"https:\\\/\\\/www.zillions.nl\\\/\"},{\"@type\":\"ListItem\",\"position\":2,\"name\":\"Shop\",\"item\":\"https:\\\/\\\/www.zillions.nl\\\/shop\\\/\"},{\"@type\":\"ListItem\",\"position\":3,\"name\":\"Leolux Scylla Fauteuil Laag Zwart\\\/Grijs\\\/Wit Gestreept &#8211; Chroom\"}]},{\"@type\":\"WebSite\",\"@id\":\"https:\\\/\\\/www.zillions.nl\\\/de\\\/#website\",\"url\":\"https:\\\/\\\/www.zillions.nl\\\/de\\\/\",\"name\":\"Zillions: nieuw en gebruikt design meubilair en stoelen\",\"description\":\"Welkom bij Zillions: Zillions is gespecialiseerd in nieuw en gebruikt design meubilair en stoelen.\",\"publisher\":{\"@id\":\"https:\\\/\\\/www.zillions.nl\\\/de\\\/#organization\"},\"potentialAction\":[{\"@type\":\"SearchAction\",\"target\":{\"@type\":\"EntryPoint\",\"urlTemplate\":\"https:\\\/\\\/www.zillions.nl\\\/de\\\/?s={search_term_string}\"},\"query-input\":{\"@type\":\"PropertyValueSpecification\",\"valueRequired\":true,\"valueName\":\"search_term_string\"}}],\"inLanguage\":\"de-DE\"},{\"@type\":\"Organization\",\"@id\":\"https:\\\/\\\/www.zillions.nl\\\/de\\\/#organization\",\"name\":\"Zillions: nieuw en gebruikt design meubilair en stoelen\",\"url\":\"https:\\\/\\\/www.zillions.nl\\\/de\\\/\",\"logo\":{\"@type\":\"ImageObject\",\"inLanguage\":\"de-DE\",\"@id\":\"https:\\\/\\\/www.zillions.nl\\\/de\\\/#\\\/schema\\\/logo\\\/image\\\/\",\"url\":\"https:\\\/\\\/www.zillions.nl\\\/wp-content\\\/uploads\\\/2022\\\/11\\\/zillions.svg\",\"contentUrl\":\"https:\\\/\\\/www.zillions.nl\\\/wp-content\\\/uploads\\\/2022\\\/11\\\/zillions.svg\",\"width\":208,\"height\":53,\"caption\":\"Zillions: nieuw en gebruikt design meubilair en stoelen\"},\"image\":{\"@id\":\"https:\\\/\\\/www.zillions.nl\\\/de\\\/#\\\/schema\\\/logo\\\/image\\\/\"}}]}<\/script>\n<!-- \/ Yoast SEO plugin. -->","yoast_head_json":{"title":"Leolux Scylla Sessel niedrig, schwarz\/grau\/wei\u00df gestreift, Chrom \u2013 Zillions: neue und gebrauchte Designerm\u00f6bel und St\u00fchle","description":"Leolux Scylla Sessel f\u00fcr 50% zum empfohlenen Verkaufspreis. Lieferung durch unseren eigenen Lieferservice m\u00f6glich. Bestellen Sie jetzt \u00fcber unseren Webshop.","robots":{"index":"index","follow":"follow","max-snippet":"max-snippet:-1","max-image-preview":"max-image-preview:large","max-video-preview":"max-video-preview:-1"},"canonical":"https:\/\/www.zillions.nl\/de\/product\/leolux-scylla-fauteuil-zwart-grijs-wit-gestreepte-stof\/","og_locale":"de_DE","og_type":"article","og_title":"Leolux Scylla Fauteuil Laag Zwart\/Grijs\/Wit Gestreept - Chroom - Zillions: nieuw en gebruikt design meubilair en stoelen","og_description":"Leolux Scylla fauteuil voor 50% van de winkeladviesprijs. Bezorging mogelijk middels onze eigen bezorgdienst. Nu te bestellen via onze webshop.","og_url":"https:\/\/www.zillions.nl\/de\/product\/leolux-scylla-fauteuil-zwart-grijs-wit-gestreepte-stof\/","og_site_name":"Zillions: nieuw en gebruikt design meubilair en stoelen","article_modified_time":"2026-01-14T11:25:25+00:00","og_image":[{"width":1080,"height":1080,"url":"https:\/\/www.zillions.nl\/wp-content\/uploads\/2023\/11\/2x-Leolux-Scylla-zwartrood-gestreepte-stof-NM200452-1.jpg","type":"image\/jpeg"}],"twitter_card":"summary_large_image","twitter_misc":{"Est. reading time":"2 minutes"},"schema":{"@context":"https:\/\/schema.org","@graph":[{"@type":"WebPage","@id":"https:\/\/www.zillions.nl\/product\/leolux-scylla-fauteuil-zwart-grijs-wit-gestreepte-stof\/","url":"https:\/\/www.zillions.nl\/product\/leolux-scylla-fauteuil-zwart-grijs-wit-gestreepte-stof\/","name":"Leolux Scylla Sessel niedrig, schwarz\/grau\/wei\u00df gestreift, Chrom \u2013 Zillions: neue und gebrauchte Designerm\u00f6bel und St\u00fchle","isPartOf":{"@id":"https:\/\/www.zillions.nl\/de\/#website"},"primaryImageOfPage":{"@id":"https:\/\/www.zillions.nl\/product\/leolux-scylla-fauteuil-zwart-grijs-wit-gestreepte-stof\/#primaryimage"},"image":{"@id":"https:\/\/www.zillions.nl\/product\/leolux-scylla-fauteuil-zwart-grijs-wit-gestreepte-stof\/#primaryimage"},"thumbnailUrl":"https:\/\/www.zillions.nl\/wp-content\/uploads\/2023\/11\/2x-Leolux-Scylla-zwartrood-gestreepte-stof-NM200452-1.jpg","datePublished":"2023-11-14T13:52:26+00:00","dateModified":"2026-01-14T11:25:25+00:00","description":"Leolux Scylla Sessel f\u00fcr 50% zum empfohlenen Verkaufspreis. Lieferung durch unseren eigenen Lieferservice m\u00f6glich. Bestellen Sie jetzt \u00fcber unseren Webshop.","breadcrumb":{"@id":"https:\/\/www.zillions.nl\/product\/leolux-scylla-fauteuil-zwart-grijs-wit-gestreepte-stof\/#breadcrumb"},"inLanguage":"de-DE","potentialAction":[{"@type":"ReadAction","target":["https:\/\/www.zillions.nl\/product\/leolux-scylla-fauteuil-zwart-grijs-wit-gestreepte-stof\/"]}]},{"@type":"ImageObject","inLanguage":"de-DE","@id":"https:\/\/www.zillions.nl\/product\/leolux-scylla-fauteuil-zwart-grijs-wit-gestreepte-stof\/#primaryimage","url":"https:\/\/www.zillions.nl\/wp-content\/uploads\/2023\/11\/2x-Leolux-Scylla-zwartrood-gestreepte-stof-NM200452-1.jpg","contentUrl":"https:\/\/www.zillions.nl\/wp-content\/uploads\/2023\/11\/2x-Leolux-Scylla-zwartrood-gestreepte-stof-NM200452-1.jpg","width":1080,"height":1080},{"@type":"BreadcrumbList","@id":"https:\/\/www.zillions.nl\/product\/leolux-scylla-fauteuil-zwart-grijs-wit-gestreepte-stof\/#breadcrumb","itemListElement":[{"@type":"ListItem","position":1,"name":"Home","item":"https:\/\/www.zillions.nl\/"},{"@type":"ListItem","position":2,"name":"Shop","item":"https:\/\/www.zillions.nl\/shop\/"},{"@type":"ListItem","position":3,"name":"Leolux Scylla Fauteuil Laag Zwart\/Grijs\/Wit Gestreept &#8211; Chroom"}]},{"@type":"WebSite","@id":"https:\/\/www.zillions.nl\/de\/#website","url":"https:\/\/www.zillions.nl\/de\/","name":"Zillionen: neue und gebrauchte Designerm\u00f6bel und St\u00fchle","description":"Willkommen bei Zillions: Zillions ist auf neue und gebrauchte Designm\u00f6bel und St\u00fchle spezialisiert.","publisher":{"@id":"https:\/\/www.zillions.nl\/de\/#organization"},"potentialAction":[{"@type":"SearchAction","target":{"@type":"EntryPoint","urlTemplate":"https:\/\/www.zillions.nl\/de\/?s={search_term_string}"},"query-input":{"@type":"PropertyValueSpecification","valueRequired":true,"valueName":"search_term_string"}}],"inLanguage":"de-DE"},{"@type":"Organization","@id":"https:\/\/www.zillions.nl\/de\/#organization","name":"Zillionen: neue und gebrauchte Designerm\u00f6bel und St\u00fchle","url":"https:\/\/www.zillions.nl\/de\/","logo":{"@type":"ImageObject","inLanguage":"de-DE","@id":"https:\/\/www.zillions.nl\/de\/#\/schema\/logo\/image\/","url":"https:\/\/www.zillions.nl\/wp-content\/uploads\/2022\/11\/zillions.svg","contentUrl":"https:\/\/www.zillions.nl\/wp-content\/uploads\/2022\/11\/zillions.svg","width":208,"height":53,"caption":"Zillions: nieuw en gebruikt design meubilair en stoelen"},"image":{"@id":"https:\/\/www.zillions.nl\/de\/#\/schema\/logo\/image\/"}}]}},"_links":{"self":[{"href":"https:\/\/www.zillions.nl\/de\/wp-json\/wp\/v2\/product\/7727","targetHints":{"allow":["GET"]}}],"collection":[{"href":"https:\/\/www.zillions.nl\/de\/wp-json\/wp\/v2\/product"}],"about":[{"href":"https:\/\/www.zillions.nl\/de\/wp-json\/wp\/v2\/types\/product"}],"wp:featuredmedia":[{"embeddable":true,"href":"https:\/\/www.zillions.nl\/de\/wp-json\/wp\/v2\/media\/9836"}],"wp:attachment":[{"href":"https:\/\/www.zillions.nl\/de\/wp-json\/wp\/v2\/media?parent=7727"}],"wp:term":[{"taxonomy":"product_brand","embeddable":true,"href":"https:\/\/www.zillions.nl\/de\/wp-json\/wp\/v2\/product_brand?post=7727"},{"taxonomy":"product_cat","embeddable":true,"href":"https:\/\/www.zillions.nl\/de\/wp-json\/wp\/v2\/product_cat?post=7727"},{"taxonomy":"product_tag","embeddable":true,"href":"https:\/\/www.zillions.nl\/de\/wp-json\/wp\/v2\/product_tag?post=7727"}],"curies":[{"name":"wp","href":"https:\/\/api.w.org\/{rel}","templated":true}]}}