{"id":7223,"date":"2023-10-14T16:23:27","date_gmt":"2023-10-14T14:23:27","guid":{"rendered":"https:\/\/www.zillions.nl\/?post_type=product&#038;p=7223"},"modified":"2025-07-05T21:04:39","modified_gmt":"2025-07-05T19:04:39","slug":"vitra-eames-ea124-hopsak-zwart-aluminium","status":"publish","type":"product","link":"https:\/\/www.zillions.nl\/de\/product\/vitra-eames-ea124-hopsak-zwart-aluminium\/","title":{"rendered":"Vitra Eames EA 124 Armlehnstuhl Schwarz Hopsak \u2013 Poliert"},"content":{"rendered":"<p style=\"font-weight: 400;\">Vitra Eames EA 124 Lounge mit schwarzem Hopsack-Polster \u2013 poliert<\/p>\n<p style=\"font-weight: 400;\">Dieser klassische Vitra EA 124 Loungesessel, entworfen von Charles und Ray Eames, ist mit schwarzem Hopsack bezogen und verf\u00fcgt \u00fcber ein poliertes Aluminiumgestell. Der Sessel hat eine hohe R\u00fcckenlehne und eine niedrige Sitzfl\u00e4che, was in Kombination mit dem passenden Kopfkissen f\u00fcr ultimativen Sitzkomfort sorgt. Dank des zeitlosen Designs und der Verwendung nachhaltiger Materialien ist dieser Sessel nicht nur eine stilvolle, sondern auch eine verantwortungsvolle Wahl f\u00fcr jedes Interieur. Der Sessel ist 100% original und mit allen Echtheitsmerkmalen ausgestattet.<\/p>\n<p style=\"font-weight: 400;\"><strong>Zustand:<\/strong>\u00a0Zustand im Ausstellungsraum; im Neuzustand<\/p>\n<p style=\"font-weight: 400;\"><strong>Lieferung ab Lager<\/strong><\/p>\n<p style=\"font-weight: 400;\"><strong>Hinweis:\u00a0<\/strong>Die angezeigten Preise sind\u00a0<u>pro St\u00fcck<\/u>!<\/p>\n<p style=\"font-weight: 400;\">Spezifikationen:<br \/>\n<strong>Polster:<\/strong>\u00a0Hopsack, schwarz; dreh- und neigbar<br \/>\n<strong>Rahmen:<\/strong> Aluminium, poliert<br \/>\n<strong>Armlehne:<\/strong>\u00a024 cm hoch<br \/>\n<strong>R\u00fcckenlehne:<\/strong> 68cm; hoch<br \/>\n<strong>Sitzh\u00f6he:<\/strong>\u00a031 cm<br \/>\n<strong>Sitzbreite:<\/strong>\u00a058 cm<br \/>\n<strong>Sitztiefe:<\/strong>\u00a059 cm<br \/>\n<strong>Volle H\u00f6he:<\/strong>\u00a099 cm<br \/>\n<strong>Volle Breite:<\/strong>\u00a065 cm<br \/>\n<strong>Volle Tiefe:<\/strong>\u00a078 cm<\/p>\n<p style=\"font-weight: 400;\">Wenn Sie Fragen haben oder einen unverbindlichen Besichtigungstermin vereinbaren m\u00f6chten, k\u00f6nnen Sie sich gerne an uns wenden. Lieferung durch unseren eigenen Lieferservice m\u00f6glich! Besuchen Sie unsere Website f\u00fcr viele weitere Designartikel!<\/p>\n<p><strong>Kontaktdaten (Besuch nach Vereinbarung):<\/strong><span style=\"font-weight: 400;\"><br \/>\nIndustrieweg 21<br \/>\n4131NK Vianen<br \/>\ninfo@zillions.nl<br \/>\n030 20 72 146<\/span><\/p>","protected":false},"excerpt":{"rendered":"<p>Vitra Eames EA 124 lounge in zwarte hopsak bekleding &#8211; gepolijst Deze klassieke Vitra EA 124 loungefauteuil, ontworpen door Charles en Ray Eames, is uitgevoerd in zwarte hopsak bekleding en voorzien van een gepolijst aluminium onderstel. De fauteuil heeft een hoge rugleuning en een lage zitting, wat in combinatie met het bijpassende hoofdkussen zorgt voor [&hellip;]<\/p>\n","protected":false},"featured_media":7224,"template":"","meta":{"_acf_changed":false},"product_brand":[202],"product_cat":[16,188],"product_tag":[322],"class_list":{"0":"post-7223","1":"product","2":"type-product","3":"status-publish","4":"has-post-thumbnail","6":"product_brand-vitra","7":"product_cat-alle-producten","8":"product_cat-fauteuils","9":"product_tag-vitra","10":"pa_brands-vitra","12":"first","13":"instock","14":"purchasable","15":"product-type-simple"},"acf":[],"yoast_head":"<!-- This site is optimized with the Yoast SEO plugin v27.5 - https:\/\/yoast.com\/product\/yoast-seo-wordpress\/ -->\n<title>Vitra Eames EA 124 Fauteuil Zwart Hopsak - Gepolijst<\/title>\n<meta name=\"description\" content=\"Vitra Eames EA 124 fauteuil zwart hopsak - gepolijst | Eenvoudig te bestellen via onze webshop. Ontdek dit model en vele anderen in ons ruime assortiment!\" \/>\n<meta name=\"robots\" content=\"index, follow, max-snippet:-1, max-image-preview:large, max-video-preview:-1\" \/>\n<link rel=\"canonical\" href=\"https:\/\/www.zillions.nl\/de\/product\/vitra-eames-ea124-hopsak-zwart-aluminium\/\" \/>\n<meta property=\"og:locale\" content=\"de_DE\" \/>\n<meta property=\"og:type\" content=\"article\" \/>\n<meta property=\"og:title\" content=\"Vitra Eames EA 124 Fauteuil Zwart Hopsak - Gepolijst\" \/>\n<meta property=\"og:description\" content=\"Vitra Eames EA 124 fauteuil zwart hopsak - gepolijst | Eenvoudig te bestellen via onze webshop. Ontdek dit model en vele anderen in ons ruime assortiment!\" \/>\n<meta property=\"og:url\" content=\"https:\/\/www.zillions.nl\/de\/product\/vitra-eames-ea124-hopsak-zwart-aluminium\/\" \/>\n<meta property=\"og:site_name\" content=\"Zillions: nieuw en gebruikt design meubilair en stoelen\" \/>\n<meta property=\"article:modified_time\" content=\"2025-07-05T19:04:39+00:00\" \/>\n<meta property=\"og:image\" content=\"https:\/\/www.zillions.nl\/wp-content\/uploads\/2023\/10\/Vitra-Eames-EA-124-Ea125-Hocker-Aluminium-Zwart-Hopsak-NM209071.jpg\" \/>\n\t<meta property=\"og:image:width\" content=\"1080\" \/>\n\t<meta property=\"og:image:height\" content=\"1080\" \/>\n\t<meta property=\"og:image:type\" content=\"image\/jpeg\" \/>\n<meta name=\"twitter:card\" content=\"summary_large_image\" \/>\n<meta name=\"twitter:label1\" content=\"Est. reading time\" \/>\n\t<meta name=\"twitter:data1\" content=\"2 minutes\" \/>\n<script type=\"application\/ld+json\" class=\"yoast-schema-graph\">{\"@context\":\"https:\\\/\\\/schema.org\",\"@graph\":[{\"@type\":\"WebPage\",\"@id\":\"https:\\\/\\\/www.zillions.nl\\\/product\\\/vitra-eames-ea124-hopsak-zwart-aluminium\\\/\",\"url\":\"https:\\\/\\\/www.zillions.nl\\\/product\\\/vitra-eames-ea124-hopsak-zwart-aluminium\\\/\",\"name\":\"Vitra Eames EA 124 Fauteuil Zwart Hopsak - Gepolijst\",\"isPartOf\":{\"@id\":\"https:\\\/\\\/www.zillions.nl\\\/de\\\/#website\"},\"primaryImageOfPage\":{\"@id\":\"https:\\\/\\\/www.zillions.nl\\\/product\\\/vitra-eames-ea124-hopsak-zwart-aluminium\\\/#primaryimage\"},\"image\":{\"@id\":\"https:\\\/\\\/www.zillions.nl\\\/product\\\/vitra-eames-ea124-hopsak-zwart-aluminium\\\/#primaryimage\"},\"thumbnailUrl\":\"https:\\\/\\\/www.zillions.nl\\\/wp-content\\\/uploads\\\/2023\\\/10\\\/Vitra-Eames-EA-124-Ea125-Hocker-Aluminium-Zwart-Hopsak-NM209071.jpg\",\"datePublished\":\"2023-10-14T14:23:27+00:00\",\"dateModified\":\"2025-07-05T19:04:39+00:00\",\"description\":\"Vitra Eames EA 124 fauteuil zwart hopsak - gepolijst | Eenvoudig te bestellen via onze webshop. Ontdek dit model en vele anderen in ons ruime assortiment!\",\"breadcrumb\":{\"@id\":\"https:\\\/\\\/www.zillions.nl\\\/product\\\/vitra-eames-ea124-hopsak-zwart-aluminium\\\/#breadcrumb\"},\"inLanguage\":\"de-DE\",\"potentialAction\":[{\"@type\":\"ReadAction\",\"target\":[\"https:\\\/\\\/www.zillions.nl\\\/product\\\/vitra-eames-ea124-hopsak-zwart-aluminium\\\/\"]}]},{\"@type\":\"ImageObject\",\"inLanguage\":\"de-DE\",\"@id\":\"https:\\\/\\\/www.zillions.nl\\\/product\\\/vitra-eames-ea124-hopsak-zwart-aluminium\\\/#primaryimage\",\"url\":\"https:\\\/\\\/www.zillions.nl\\\/wp-content\\\/uploads\\\/2023\\\/10\\\/Vitra-Eames-EA-124-Ea125-Hocker-Aluminium-Zwart-Hopsak-NM209071.jpg\",\"contentUrl\":\"https:\\\/\\\/www.zillions.nl\\\/wp-content\\\/uploads\\\/2023\\\/10\\\/Vitra-Eames-EA-124-Ea125-Hocker-Aluminium-Zwart-Hopsak-NM209071.jpg\",\"width\":1080,\"height\":1080},{\"@type\":\"BreadcrumbList\",\"@id\":\"https:\\\/\\\/www.zillions.nl\\\/product\\\/vitra-eames-ea124-hopsak-zwart-aluminium\\\/#breadcrumb\",\"itemListElement\":[{\"@type\":\"ListItem\",\"position\":1,\"name\":\"Home\",\"item\":\"https:\\\/\\\/www.zillions.nl\\\/\"},{\"@type\":\"ListItem\",\"position\":2,\"name\":\"Shop\",\"item\":\"https:\\\/\\\/www.zillions.nl\\\/shop\\\/\"},{\"@type\":\"ListItem\",\"position\":3,\"name\":\"Vitra Eames EA 124 Fauteuil Zwart Hopsak &#8211; Gepolijst\"}]},{\"@type\":\"WebSite\",\"@id\":\"https:\\\/\\\/www.zillions.nl\\\/de\\\/#website\",\"url\":\"https:\\\/\\\/www.zillions.nl\\\/de\\\/\",\"name\":\"Zillions: nieuw en gebruikt design meubilair en stoelen\",\"description\":\"Welkom bij Zillions: Zillions is gespecialiseerd in nieuw en gebruikt design meubilair en stoelen.\",\"publisher\":{\"@id\":\"https:\\\/\\\/www.zillions.nl\\\/de\\\/#organization\"},\"potentialAction\":[{\"@type\":\"SearchAction\",\"target\":{\"@type\":\"EntryPoint\",\"urlTemplate\":\"https:\\\/\\\/www.zillions.nl\\\/de\\\/?s={search_term_string}\"},\"query-input\":{\"@type\":\"PropertyValueSpecification\",\"valueRequired\":true,\"valueName\":\"search_term_string\"}}],\"inLanguage\":\"de-DE\"},{\"@type\":\"Organization\",\"@id\":\"https:\\\/\\\/www.zillions.nl\\\/de\\\/#organization\",\"name\":\"Zillions: nieuw en gebruikt design meubilair en stoelen\",\"url\":\"https:\\\/\\\/www.zillions.nl\\\/de\\\/\",\"logo\":{\"@type\":\"ImageObject\",\"inLanguage\":\"de-DE\",\"@id\":\"https:\\\/\\\/www.zillions.nl\\\/de\\\/#\\\/schema\\\/logo\\\/image\\\/\",\"url\":\"https:\\\/\\\/www.zillions.nl\\\/wp-content\\\/uploads\\\/2022\\\/11\\\/zillions.svg\",\"contentUrl\":\"https:\\\/\\\/www.zillions.nl\\\/wp-content\\\/uploads\\\/2022\\\/11\\\/zillions.svg\",\"width\":208,\"height\":53,\"caption\":\"Zillions: nieuw en gebruikt design meubilair en stoelen\"},\"image\":{\"@id\":\"https:\\\/\\\/www.zillions.nl\\\/de\\\/#\\\/schema\\\/logo\\\/image\\\/\"}}]}<\/script>\n<!-- \/ Yoast SEO plugin. -->","yoast_head_json":{"title":"Vitra Eames EA 124 Sessel Black Hopsak - Poliert","description":"Vitra Eames EA 124 Sessel, schwarz, poliert | Einfach \u00fcber unseren Webshop bestellen. Entdecken Sie dieses und viele weitere Modelle aus unserem umfangreichen Sortiment!","robots":{"index":"index","follow":"follow","max-snippet":"max-snippet:-1","max-image-preview":"max-image-preview:large","max-video-preview":"max-video-preview:-1"},"canonical":"https:\/\/www.zillions.nl\/de\/product\/vitra-eames-ea124-hopsak-zwart-aluminium\/","og_locale":"de_DE","og_type":"article","og_title":"Vitra Eames EA 124 Fauteuil Zwart Hopsak - Gepolijst","og_description":"Vitra Eames EA 124 fauteuil zwart hopsak - gepolijst | Eenvoudig te bestellen via onze webshop. Ontdek dit model en vele anderen in ons ruime assortiment!","og_url":"https:\/\/www.zillions.nl\/de\/product\/vitra-eames-ea124-hopsak-zwart-aluminium\/","og_site_name":"Zillions: nieuw en gebruikt design meubilair en stoelen","article_modified_time":"2025-07-05T19:04:39+00:00","og_image":[{"width":1080,"height":1080,"url":"https:\/\/www.zillions.nl\/wp-content\/uploads\/2023\/10\/Vitra-Eames-EA-124-Ea125-Hocker-Aluminium-Zwart-Hopsak-NM209071.jpg","type":"image\/jpeg"}],"twitter_card":"summary_large_image","twitter_misc":{"Est. reading time":"2 minutes"},"schema":{"@context":"https:\/\/schema.org","@graph":[{"@type":"WebPage","@id":"https:\/\/www.zillions.nl\/product\/vitra-eames-ea124-hopsak-zwart-aluminium\/","url":"https:\/\/www.zillions.nl\/product\/vitra-eames-ea124-hopsak-zwart-aluminium\/","name":"Vitra Eames EA 124 Sessel Black Hopsak - Poliert","isPartOf":{"@id":"https:\/\/www.zillions.nl\/de\/#website"},"primaryImageOfPage":{"@id":"https:\/\/www.zillions.nl\/product\/vitra-eames-ea124-hopsak-zwart-aluminium\/#primaryimage"},"image":{"@id":"https:\/\/www.zillions.nl\/product\/vitra-eames-ea124-hopsak-zwart-aluminium\/#primaryimage"},"thumbnailUrl":"https:\/\/www.zillions.nl\/wp-content\/uploads\/2023\/10\/Vitra-Eames-EA-124-Ea125-Hocker-Aluminium-Zwart-Hopsak-NM209071.jpg","datePublished":"2023-10-14T14:23:27+00:00","dateModified":"2025-07-05T19:04:39+00:00","description":"Vitra Eames EA 124 Sessel, schwarz, poliert | Einfach \u00fcber unseren Webshop bestellen. Entdecken Sie dieses und viele weitere Modelle aus unserem umfangreichen Sortiment!","breadcrumb":{"@id":"https:\/\/www.zillions.nl\/product\/vitra-eames-ea124-hopsak-zwart-aluminium\/#breadcrumb"},"inLanguage":"de-DE","potentialAction":[{"@type":"ReadAction","target":["https:\/\/www.zillions.nl\/product\/vitra-eames-ea124-hopsak-zwart-aluminium\/"]}]},{"@type":"ImageObject","inLanguage":"de-DE","@id":"https:\/\/www.zillions.nl\/product\/vitra-eames-ea124-hopsak-zwart-aluminium\/#primaryimage","url":"https:\/\/www.zillions.nl\/wp-content\/uploads\/2023\/10\/Vitra-Eames-EA-124-Ea125-Hocker-Aluminium-Zwart-Hopsak-NM209071.jpg","contentUrl":"https:\/\/www.zillions.nl\/wp-content\/uploads\/2023\/10\/Vitra-Eames-EA-124-Ea125-Hocker-Aluminium-Zwart-Hopsak-NM209071.jpg","width":1080,"height":1080},{"@type":"BreadcrumbList","@id":"https:\/\/www.zillions.nl\/product\/vitra-eames-ea124-hopsak-zwart-aluminium\/#breadcrumb","itemListElement":[{"@type":"ListItem","position":1,"name":"Home","item":"https:\/\/www.zillions.nl\/"},{"@type":"ListItem","position":2,"name":"Shop","item":"https:\/\/www.zillions.nl\/shop\/"},{"@type":"ListItem","position":3,"name":"Vitra Eames EA 124 Fauteuil Zwart Hopsak &#8211; Gepolijst"}]},{"@type":"WebSite","@id":"https:\/\/www.zillions.nl\/de\/#website","url":"https:\/\/www.zillions.nl\/de\/","name":"Zillionen: neue und gebrauchte Designerm\u00f6bel und St\u00fchle","description":"Willkommen bei Zillions: Zillions ist auf neue und gebrauchte Designm\u00f6bel und St\u00fchle spezialisiert.","publisher":{"@id":"https:\/\/www.zillions.nl\/de\/#organization"},"potentialAction":[{"@type":"SearchAction","target":{"@type":"EntryPoint","urlTemplate":"https:\/\/www.zillions.nl\/de\/?s={search_term_string}"},"query-input":{"@type":"PropertyValueSpecification","valueRequired":true,"valueName":"search_term_string"}}],"inLanguage":"de-DE"},{"@type":"Organization","@id":"https:\/\/www.zillions.nl\/de\/#organization","name":"Zillionen: neue und gebrauchte Designerm\u00f6bel und St\u00fchle","url":"https:\/\/www.zillions.nl\/de\/","logo":{"@type":"ImageObject","inLanguage":"de-DE","@id":"https:\/\/www.zillions.nl\/de\/#\/schema\/logo\/image\/","url":"https:\/\/www.zillions.nl\/wp-content\/uploads\/2022\/11\/zillions.svg","contentUrl":"https:\/\/www.zillions.nl\/wp-content\/uploads\/2022\/11\/zillions.svg","width":208,"height":53,"caption":"Zillions: nieuw en gebruikt design meubilair en stoelen"},"image":{"@id":"https:\/\/www.zillions.nl\/de\/#\/schema\/logo\/image\/"}}]}},"_links":{"self":[{"href":"https:\/\/www.zillions.nl\/de\/wp-json\/wp\/v2\/product\/7223","targetHints":{"allow":["GET"]}}],"collection":[{"href":"https:\/\/www.zillions.nl\/de\/wp-json\/wp\/v2\/product"}],"about":[{"href":"https:\/\/www.zillions.nl\/de\/wp-json\/wp\/v2\/types\/product"}],"wp:featuredmedia":[{"embeddable":true,"href":"https:\/\/www.zillions.nl\/de\/wp-json\/wp\/v2\/media\/7224"}],"wp:attachment":[{"href":"https:\/\/www.zillions.nl\/de\/wp-json\/wp\/v2\/media?parent=7223"}],"wp:term":[{"taxonomy":"product_brand","embeddable":true,"href":"https:\/\/www.zillions.nl\/de\/wp-json\/wp\/v2\/product_brand?post=7223"},{"taxonomy":"product_cat","embeddable":true,"href":"https:\/\/www.zillions.nl\/de\/wp-json\/wp\/v2\/product_cat?post=7223"},{"taxonomy":"product_tag","embeddable":true,"href":"https:\/\/www.zillions.nl\/de\/wp-json\/wp\/v2\/product_tag?post=7223"}],"curies":[{"name":"wp","href":"https:\/\/api.w.org\/{rel}","templated":true}]}}