{"id":7183,"date":"2023-10-10T18:52:26","date_gmt":"2023-10-10T16:52:26","guid":{"rendered":"https:\/\/www.zillions.nl\/?post_type=product&#038;p=7183"},"modified":"2026-03-25T13:50:08","modified_gmt":"2026-03-25T12:50:08","slug":"vitra-eames-ea119-zwart-leer-chroom","status":"publish","type":"product","link":"https:\/\/www.zillions.nl\/de\/product\/vitra-eames-ea119-zwart-leer-chroom\/","title":{"rendered":"Vitra Eames EA 119 B\u00fcrostuhl Schwarzes Leder \u2013 Chrom"},"content":{"rendered":"<p>Vitra Eames EA 119 B\u00fcrostuhl schwarzes Leder \u2013 Chrom<\/p>\n<p>Dieser Vitra EA 119 B\u00fcrostuhl mit hoher R\u00fcckenlehne ist aus schwarzem Leder gepolstert. Das Geh\u00e4use des Stuhls besteht aus verchromtem Aluminium, was f\u00fcr einen gl\u00e4nzenden Effekt sorgt. Dies tr\u00e4gt nicht nur zu einem klassischen Look bei, sondern ist auch eine nachhaltige Wahl, da das Aluminium am Ende seiner Lebensdauer f\u00fcr 90% wieder recycelt werden kann. Der Stuhl ist original 100% und verf\u00fcgt \u00fcber alle Sicherheitsmerkmale.<\/p>\n<p><strong>Zustand:<\/strong> Zustand im Ausstellungsraum; im Neuzustand<\/p>\n<p><strong>Lieferung ab Lager<\/strong><\/p>\n<p><strong>Hinweis: <\/strong>Die angezeigten Preise sind <u>pro St\u00fcck<\/u>!<\/p>\n<p>Der Vitra EA 119 ist ein sehr beliebter B\u00fcrostuhl aus der \u201eEames Aluminium Group\u201c-Kollektion. Obwohl das Design urspr\u00fcnglich in den 1950er-Jahren f\u00fcr den Au\u00dfenbereich gedacht war, erlangte dieses ikonische Sitzm\u00f6bel in den Folgejahren vor allem durch seine Verwendung im Innenbereich gro\u00dfe Bekanntheit.<br \/>\nDer Stuhl basiert auf einer Sitzschale und nicht auf einem St\u00fcck Stoff oder Leder, das zwischen zwei Aluminiumprofilen gespannt ist. Dadurch ist der Stuhl robust und dennoch flexibel. Der Stuhl passt sich dem K\u00f6rper an und ist auch ohne zus\u00e4tzliche Polsterung sehr bequem. Auch der B\u00fcrostuhl Eames ist eine nachhaltige Wahl, denn Vitra verwendet fast ausschlie\u00dflich recyceltes Aluminium, das am Ende seiner Nutzungsdauer vollst\u00e4ndig wiederverwendet werden kann.<\/p>\n<p>Die \u201eEames Aluminium Group\u201c, zu der auch diese stilvollen B\u00fcrost\u00fchle geh\u00f6ren, ist Teil der umfangreichen B\u00fcrostuhlkollektion von Vitra, die von Charles und Ray Eames entworfen wurden. Dieses amerikanische Designerduo ist im 20. Jahrhundert f\u00fcr seine innovativen und funktionalen Designs bekannt. Sie spielten eine wichtige Rolle bei der Entwicklung des modernen M\u00f6beldesigns und schafften es, \u00c4sthetik mit Komfort zu verbinden. Die Eames-B\u00fcrost\u00fchle geh\u00f6ren zu ihren bekanntesten Kreationen. Diese St\u00fchle sind wegen ihres schlanken, zeitlosen Designs und ergonomischen Komforts beliebt.<\/p>\n<p>Spezifikationen:<\/p>\n<p><strong>Sitz:<\/strong> Leder, schwarz; drehbar, neigbar<br \/>\n<strong>Rahmen:<\/strong> Aluminium, verchromt<br \/>\n<strong>R\u00fcckenlehne:<\/strong> hoch; 61 cm<br \/>\n<strong>Armlehne:<\/strong> 26 cm hoch<br \/>\n<strong>Sitzh\u00f6he:<\/strong> 39,5 cm \u2013 50,8 cm; einstellbar<br \/>\n<strong>Volle H\u00f6he:<\/strong> 101,5 cm \u2013 113,5 cm<br \/>\n<strong>Sitzbreite:<\/strong> 52,5 cm<br \/>\n<strong>Sitztiefe:<\/strong> 46,5 cm<\/p>\n<p>Wenn Sie Fragen haben oder einen unverbindlichen Besichtigungstermin vereinbaren m\u00f6chten, k\u00f6nnen Sie sich gerne an uns wenden. Lieferung durch unseren eigenen Lieferservice m\u00f6glich! Besuchen Sie unsere Website f\u00fcr viele weitere Designartikel!<\/p>\n<p><strong>Kontaktdaten (Besuch nach Vereinbarung):<\/strong><br \/>\nIndustrieweg 21<br \/>\n4131NK Vianen<br \/>\ninfo@zillions.nl<br \/>\n030 20 72 146<\/p>\n<p>F\u00fcr viel mehr Design sehen Sie sich alle unsere Anzeigen f\u00fcr Top-Marken an, wie zum Beispiel:<br \/>\nArtimide, Floss, Vitra, Eames Herman Miller, Artifort, B&amp;B Italia, Ahrend, Interstuhl, Grahl, Hay, Norman Copenhagen, Cassina, Artifort, Gispen, Leolux, Montis, Arne Jacobsen, Bert Plantagie, Design auf Lager, Rolf Benz, Jori , Harvink usw.<\/p>\n<p>Design von Top-Designern: unter anderem<\/p>\n<p>Arne Jacobsen, Charles Eames, Cees Braakman, Eero Saarinen, Poul Henningsen, Poul Kjaerholm, Verner Panton, Martin Visser, Mart Stam, Eileen Gray, Gerrit Rietveld, Pierre Paulin, Ko Liang Ie, Marcel Breuer, Rob Parry, Vico Magistretti, Hans Wegner, Borge Mogensen, Finn Juhl, Grete Jalk, Osvaldo Borsani, Isamu Noguchi, George Nelson, Geoffrey Harcourt, Ilmari Tapiovaara, Ferdinand Solere, Joe Colombo Friso Kramer, Harry Bertoia, Lisa Pape, Ettore Sottsass Paul Schuitema Bruno Mathsson<\/p>","protected":false},"excerpt":{"rendered":"<p>Vitra Eames EA 119 bureaustoel zwart leer &#8211; chroom Deze Vitra EA 119 bureaustoel met hoge rug is uitgevoerd in zwarte lederen bekleding. De behuizing van de stoel is uitgevoerd in verchroomd aluminium, wat zorgt voor een glanzend effect. Dit draagt niet alleen bij aan een klassieke uitstraling, maar het is ook een duurzame keuze, [&hellip;]<\/p>\n","protected":false},"featured_media":7561,"template":"","meta":{"_acf_changed":false},"product_brand":[202],"product_cat":[16,186],"product_tag":[322],"class_list":{"0":"post-7183","1":"product","2":"type-product","3":"status-publish","4":"has-post-thumbnail","6":"product_brand-vitra","7":"product_cat-alle-producten","8":"product_cat-bureaustoelen","9":"product_tag-vitra","10":"pa_brands-vitra","12":"first","13":"instock","14":"purchasable","15":"product-type-simple"},"acf":[],"yoast_head":"<!-- This site is optimized with the Yoast SEO plugin v27.5 - https:\/\/yoast.com\/product\/yoast-seo-wordpress\/ -->\n<title>Vitra Eames EA 119 Bureaustoel Zwart Leer - Chroom - Zillions: nieuw en gebruikt design meubilair en stoelen<\/title>\n<meta name=\"description\" content=\"Vitra Charles Eames Ea119 Zwart Leer \/ chroom 50% van de nieuwprijs Afhalen op afspraak Bezorgen kan met eigen bezorgdienst\" \/>\n<meta name=\"robots\" content=\"index, follow, max-snippet:-1, max-image-preview:large, max-video-preview:-1\" \/>\n<link rel=\"canonical\" href=\"https:\/\/www.zillions.nl\/de\/product\/vitra-eames-ea119-zwart-leer-chroom\/\" \/>\n<meta property=\"og:locale\" content=\"de_DE\" \/>\n<meta property=\"og:type\" content=\"article\" \/>\n<meta property=\"og:title\" content=\"Vitra Eames EA 119 Bureaustoel Zwart Leer - Chroom - Zillions: nieuw en gebruikt design meubilair en stoelen\" \/>\n<meta property=\"og:description\" content=\"Vitra Charles Eames Ea119 Zwart Leer \/ chroom 50% van de nieuwprijs Afhalen op afspraak Bezorgen kan met eigen bezorgdienst\" \/>\n<meta property=\"og:url\" content=\"https:\/\/www.zillions.nl\/de\/product\/vitra-eames-ea119-zwart-leer-chroom\/\" \/>\n<meta property=\"og:site_name\" content=\"Zillions: nieuw en gebruikt design meubilair en stoelen\" \/>\n<meta property=\"article:modified_time\" content=\"2026-03-25T12:50:08+00:00\" \/>\n<meta property=\"og:image\" content=\"https:\/\/www.zillions.nl\/wp-content\/uploads\/2023\/10\/Vitra-EA119-zwart-leer-NM200253.jpg\" \/>\n\t<meta property=\"og:image:width\" content=\"1080\" \/>\n\t<meta property=\"og:image:height\" content=\"1080\" \/>\n\t<meta property=\"og:image:type\" content=\"image\/jpeg\" \/>\n<meta name=\"twitter:card\" content=\"summary_large_image\" \/>\n<meta name=\"twitter:label1\" content=\"Est. reading time\" \/>\n\t<meta name=\"twitter:data1\" content=\"3 minutes\" \/>\n<script type=\"application\/ld+json\" class=\"yoast-schema-graph\">{\"@context\":\"https:\\\/\\\/schema.org\",\"@graph\":[{\"@type\":\"WebPage\",\"@id\":\"https:\\\/\\\/www.zillions.nl\\\/product\\\/vitra-eames-ea119-zwart-leer-chroom\\\/\",\"url\":\"https:\\\/\\\/www.zillions.nl\\\/product\\\/vitra-eames-ea119-zwart-leer-chroom\\\/\",\"name\":\"Vitra Eames EA 119 Bureaustoel Zwart Leer - Chroom - Zillions: nieuw en gebruikt design meubilair en stoelen\",\"isPartOf\":{\"@id\":\"https:\\\/\\\/www.zillions.nl\\\/de\\\/#website\"},\"primaryImageOfPage\":{\"@id\":\"https:\\\/\\\/www.zillions.nl\\\/product\\\/vitra-eames-ea119-zwart-leer-chroom\\\/#primaryimage\"},\"image\":{\"@id\":\"https:\\\/\\\/www.zillions.nl\\\/product\\\/vitra-eames-ea119-zwart-leer-chroom\\\/#primaryimage\"},\"thumbnailUrl\":\"https:\\\/\\\/www.zillions.nl\\\/wp-content\\\/uploads\\\/2023\\\/10\\\/Vitra-EA119-zwart-leer-NM200253.jpg\",\"datePublished\":\"2023-10-10T16:52:26+00:00\",\"dateModified\":\"2026-03-25T12:50:08+00:00\",\"description\":\"Vitra Charles Eames Ea119 Zwart Leer \\\/ chroom 50% van de nieuwprijs Afhalen op afspraak Bezorgen kan met eigen bezorgdienst\",\"breadcrumb\":{\"@id\":\"https:\\\/\\\/www.zillions.nl\\\/product\\\/vitra-eames-ea119-zwart-leer-chroom\\\/#breadcrumb\"},\"inLanguage\":\"de-DE\",\"potentialAction\":[{\"@type\":\"ReadAction\",\"target\":[\"https:\\\/\\\/www.zillions.nl\\\/product\\\/vitra-eames-ea119-zwart-leer-chroom\\\/\"]}]},{\"@type\":\"ImageObject\",\"inLanguage\":\"de-DE\",\"@id\":\"https:\\\/\\\/www.zillions.nl\\\/product\\\/vitra-eames-ea119-zwart-leer-chroom\\\/#primaryimage\",\"url\":\"https:\\\/\\\/www.zillions.nl\\\/wp-content\\\/uploads\\\/2023\\\/10\\\/Vitra-EA119-zwart-leer-NM200253.jpg\",\"contentUrl\":\"https:\\\/\\\/www.zillions.nl\\\/wp-content\\\/uploads\\\/2023\\\/10\\\/Vitra-EA119-zwart-leer-NM200253.jpg\",\"width\":1080,\"height\":1080},{\"@type\":\"BreadcrumbList\",\"@id\":\"https:\\\/\\\/www.zillions.nl\\\/product\\\/vitra-eames-ea119-zwart-leer-chroom\\\/#breadcrumb\",\"itemListElement\":[{\"@type\":\"ListItem\",\"position\":1,\"name\":\"Home\",\"item\":\"https:\\\/\\\/www.zillions.nl\\\/\"},{\"@type\":\"ListItem\",\"position\":2,\"name\":\"Shop\",\"item\":\"https:\\\/\\\/www.zillions.nl\\\/shop\\\/\"},{\"@type\":\"ListItem\",\"position\":3,\"name\":\"Vitra Eames EA 119 Bureaustoel Zwart Leer &#8211; Chroom\"}]},{\"@type\":\"WebSite\",\"@id\":\"https:\\\/\\\/www.zillions.nl\\\/de\\\/#website\",\"url\":\"https:\\\/\\\/www.zillions.nl\\\/de\\\/\",\"name\":\"Zillions: nieuw en gebruikt design meubilair en stoelen\",\"description\":\"Welkom bij Zillions: Zillions is gespecialiseerd in nieuw en gebruikt design meubilair en stoelen.\",\"publisher\":{\"@id\":\"https:\\\/\\\/www.zillions.nl\\\/de\\\/#organization\"},\"potentialAction\":[{\"@type\":\"SearchAction\",\"target\":{\"@type\":\"EntryPoint\",\"urlTemplate\":\"https:\\\/\\\/www.zillions.nl\\\/de\\\/?s={search_term_string}\"},\"query-input\":{\"@type\":\"PropertyValueSpecification\",\"valueRequired\":true,\"valueName\":\"search_term_string\"}}],\"inLanguage\":\"de-DE\"},{\"@type\":\"Organization\",\"@id\":\"https:\\\/\\\/www.zillions.nl\\\/de\\\/#organization\",\"name\":\"Zillions: nieuw en gebruikt design meubilair en stoelen\",\"url\":\"https:\\\/\\\/www.zillions.nl\\\/de\\\/\",\"logo\":{\"@type\":\"ImageObject\",\"inLanguage\":\"de-DE\",\"@id\":\"https:\\\/\\\/www.zillions.nl\\\/de\\\/#\\\/schema\\\/logo\\\/image\\\/\",\"url\":\"https:\\\/\\\/www.zillions.nl\\\/wp-content\\\/uploads\\\/2022\\\/11\\\/zillions.svg\",\"contentUrl\":\"https:\\\/\\\/www.zillions.nl\\\/wp-content\\\/uploads\\\/2022\\\/11\\\/zillions.svg\",\"width\":208,\"height\":53,\"caption\":\"Zillions: nieuw en gebruikt design meubilair en stoelen\"},\"image\":{\"@id\":\"https:\\\/\\\/www.zillions.nl\\\/de\\\/#\\\/schema\\\/logo\\\/image\\\/\"}}]}<\/script>\n<!-- \/ Yoast SEO plugin. -->","yoast_head_json":{"title":"Vitra Eames EA 119 B\u00fcrostuhl, schwarzes Leder, Chrom \u2013 Zillions: Neue und gebrauchte Designerm\u00f6bel und St\u00fchle","description":"Vitra Charles Eames EA119 Schwarzes Leder \/ Chrom 50% zum Neupreis. Abholung nach Vereinbarung. Lieferung mit unserem eigenen Lieferservice m\u00f6glich.","robots":{"index":"index","follow":"follow","max-snippet":"max-snippet:-1","max-image-preview":"max-image-preview:large","max-video-preview":"max-video-preview:-1"},"canonical":"https:\/\/www.zillions.nl\/de\/product\/vitra-eames-ea119-zwart-leer-chroom\/","og_locale":"de_DE","og_type":"article","og_title":"Vitra Eames EA 119 Bureaustoel Zwart Leer - Chroom - Zillions: nieuw en gebruikt design meubilair en stoelen","og_description":"Vitra Charles Eames Ea119 Zwart Leer \/ chroom 50% van de nieuwprijs Afhalen op afspraak Bezorgen kan met eigen bezorgdienst","og_url":"https:\/\/www.zillions.nl\/de\/product\/vitra-eames-ea119-zwart-leer-chroom\/","og_site_name":"Zillions: nieuw en gebruikt design meubilair en stoelen","article_modified_time":"2026-03-25T12:50:08+00:00","og_image":[{"width":1080,"height":1080,"url":"https:\/\/www.zillions.nl\/wp-content\/uploads\/2023\/10\/Vitra-EA119-zwart-leer-NM200253.jpg","type":"image\/jpeg"}],"twitter_card":"summary_large_image","twitter_misc":{"Est. reading time":"3 minutes"},"schema":{"@context":"https:\/\/schema.org","@graph":[{"@type":"WebPage","@id":"https:\/\/www.zillions.nl\/product\/vitra-eames-ea119-zwart-leer-chroom\/","url":"https:\/\/www.zillions.nl\/product\/vitra-eames-ea119-zwart-leer-chroom\/","name":"Vitra Eames EA 119 B\u00fcrostuhl, schwarzes Leder, Chrom \u2013 Zillions: Neue und gebrauchte Designerm\u00f6bel und St\u00fchle","isPartOf":{"@id":"https:\/\/www.zillions.nl\/de\/#website"},"primaryImageOfPage":{"@id":"https:\/\/www.zillions.nl\/product\/vitra-eames-ea119-zwart-leer-chroom\/#primaryimage"},"image":{"@id":"https:\/\/www.zillions.nl\/product\/vitra-eames-ea119-zwart-leer-chroom\/#primaryimage"},"thumbnailUrl":"https:\/\/www.zillions.nl\/wp-content\/uploads\/2023\/10\/Vitra-EA119-zwart-leer-NM200253.jpg","datePublished":"2023-10-10T16:52:26+00:00","dateModified":"2026-03-25T12:50:08+00:00","description":"Vitra Charles Eames EA119 Schwarzes Leder \/ Chrom 50% zum Neupreis. Abholung nach Vereinbarung. Lieferung mit unserem eigenen Lieferservice m\u00f6glich.","breadcrumb":{"@id":"https:\/\/www.zillions.nl\/product\/vitra-eames-ea119-zwart-leer-chroom\/#breadcrumb"},"inLanguage":"de-DE","potentialAction":[{"@type":"ReadAction","target":["https:\/\/www.zillions.nl\/product\/vitra-eames-ea119-zwart-leer-chroom\/"]}]},{"@type":"ImageObject","inLanguage":"de-DE","@id":"https:\/\/www.zillions.nl\/product\/vitra-eames-ea119-zwart-leer-chroom\/#primaryimage","url":"https:\/\/www.zillions.nl\/wp-content\/uploads\/2023\/10\/Vitra-EA119-zwart-leer-NM200253.jpg","contentUrl":"https:\/\/www.zillions.nl\/wp-content\/uploads\/2023\/10\/Vitra-EA119-zwart-leer-NM200253.jpg","width":1080,"height":1080},{"@type":"BreadcrumbList","@id":"https:\/\/www.zillions.nl\/product\/vitra-eames-ea119-zwart-leer-chroom\/#breadcrumb","itemListElement":[{"@type":"ListItem","position":1,"name":"Home","item":"https:\/\/www.zillions.nl\/"},{"@type":"ListItem","position":2,"name":"Shop","item":"https:\/\/www.zillions.nl\/shop\/"},{"@type":"ListItem","position":3,"name":"Vitra Eames EA 119 Bureaustoel Zwart Leer &#8211; Chroom"}]},{"@type":"WebSite","@id":"https:\/\/www.zillions.nl\/de\/#website","url":"https:\/\/www.zillions.nl\/de\/","name":"Zillionen: neue und gebrauchte Designerm\u00f6bel und St\u00fchle","description":"Willkommen bei Zillions: Zillions ist auf neue und gebrauchte Designm\u00f6bel und St\u00fchle spezialisiert.","publisher":{"@id":"https:\/\/www.zillions.nl\/de\/#organization"},"potentialAction":[{"@type":"SearchAction","target":{"@type":"EntryPoint","urlTemplate":"https:\/\/www.zillions.nl\/de\/?s={search_term_string}"},"query-input":{"@type":"PropertyValueSpecification","valueRequired":true,"valueName":"search_term_string"}}],"inLanguage":"de-DE"},{"@type":"Organization","@id":"https:\/\/www.zillions.nl\/de\/#organization","name":"Zillionen: neue und gebrauchte Designerm\u00f6bel und St\u00fchle","url":"https:\/\/www.zillions.nl\/de\/","logo":{"@type":"ImageObject","inLanguage":"de-DE","@id":"https:\/\/www.zillions.nl\/de\/#\/schema\/logo\/image\/","url":"https:\/\/www.zillions.nl\/wp-content\/uploads\/2022\/11\/zillions.svg","contentUrl":"https:\/\/www.zillions.nl\/wp-content\/uploads\/2022\/11\/zillions.svg","width":208,"height":53,"caption":"Zillions: nieuw en gebruikt design meubilair en stoelen"},"image":{"@id":"https:\/\/www.zillions.nl\/de\/#\/schema\/logo\/image\/"}}]}},"_links":{"self":[{"href":"https:\/\/www.zillions.nl\/de\/wp-json\/wp\/v2\/product\/7183","targetHints":{"allow":["GET"]}}],"collection":[{"href":"https:\/\/www.zillions.nl\/de\/wp-json\/wp\/v2\/product"}],"about":[{"href":"https:\/\/www.zillions.nl\/de\/wp-json\/wp\/v2\/types\/product"}],"wp:featuredmedia":[{"embeddable":true,"href":"https:\/\/www.zillions.nl\/de\/wp-json\/wp\/v2\/media\/7561"}],"wp:attachment":[{"href":"https:\/\/www.zillions.nl\/de\/wp-json\/wp\/v2\/media?parent=7183"}],"wp:term":[{"taxonomy":"product_brand","embeddable":true,"href":"https:\/\/www.zillions.nl\/de\/wp-json\/wp\/v2\/product_brand?post=7183"},{"taxonomy":"product_cat","embeddable":true,"href":"https:\/\/www.zillions.nl\/de\/wp-json\/wp\/v2\/product_cat?post=7183"},{"taxonomy":"product_tag","embeddable":true,"href":"https:\/\/www.zillions.nl\/de\/wp-json\/wp\/v2\/product_tag?post=7183"}],"curies":[{"name":"wp","href":"https:\/\/api.w.org\/{rel}","templated":true}]}}