{"id":6789,"date":"2023-09-19T10:33:04","date_gmt":"2023-09-19T08:33:04","guid":{"rendered":"https:\/\/www.zillions.nl\/?post_type=product&#038;p=6789"},"modified":"2026-01-14T14:00:39","modified_gmt":"2026-01-14T13:00:39","slug":"leolux-scylla-fauteuil-zwart-wit-gestreepte-stof","status":"publish","type":"product","link":"https:\/\/www.zillions.nl\/de\/product\/leolux-scylla-fauteuil-zwart-wit-gestreepte-stof\/","title":{"rendered":"Leolux Scylla Sessel Schwarz\/Wei\u00df \u2013 Leder"},"content":{"rendered":"<p data-start=\"152\" data-end=\"222\">Leolux Scylla-Sessel mit niedriger R\u00fcckenlehne aus schwarz-wei\u00df gestreiftem Stoff.<\/p>\n<p data-start=\"224\" data-end=\"828\">Dieser stilvolle Leolux Scylla-Sessel, entworfen von Gerard Vollenbrock, verf\u00fcgt \u00fcber eine Sitzfl\u00e4che aus gestreiftem Stoff in Wei\u00df- und Schwarzt\u00f6nen und ein schwarzes Stahlgestell. Die Armlehnen sind mit schwarzem Leder bezogen, was in Kombination mit der markanten Polsterung einen modernen, grafischen Look erzeugt. Dank seines raffinierten Designs und der bequemen Sitzfl\u00e4che bietet dieser Sessel die perfekte Balance zwischen Stil und Funktionalit\u00e4t. Der Sessel ist ein 100%-Original und verf\u00fcgt \u00fcber alle Echtheitsmerkmale.<\/p>\n<p data-start=\"830\" data-end=\"877\"><strong data-start=\"830\" data-end=\"843\">Zustand:<\/strong> Ausstellungsraumzustand; in Neuzustand<\/p>\n<p data-start=\"948\" data-end=\"976\"><strong data-start=\"948\" data-end=\"974\">Lieferung ab Lager<\/strong><\/p>\n<p data-start=\"978\" data-end=\"1029\"><strong data-start=\"978\" data-end=\"989\">Hinweis:<\/strong> Die angegebenen Preise verstehen sich pro St\u00fcck!<\/p>\n<p data-start=\"1031\" data-end=\"1358\"><strong data-start=\"1031\" data-end=\"1049\">Spezifikationen:<\/strong><br data-start=\"1049\" data-end=\"1052\" \/>Sitz: Stoff, gestreift; wei\u00df\/schwarz<br data-start=\"1087\" data-end=\"1090\" \/>Rahmen: Stahl, schwarz lackiert<br data-start=\"1116\" data-end=\"1119\" \/>Armlehne: 21 cm hoch<br data-start=\"1141\" data-end=\"1144\" \/>Armlehnen: schwarzes Leder<br data-start=\"1167\" data-end=\"1170\" \/>R\u00fcckenlehne: 43 cm; niedrig<br data-start=\"1193\" data-end=\"1196\" \/>Sitzh\u00f6he: 43 cm<br data-start=\"1212\" data-end=\"1215\" \/>Sitzbreite: 55 cm<br data-start=\"1232\" data-end=\"1235\" \/>Sitztiefe: 55 cm<br data-start=\"1251\" data-end=\"1254\" \/>Gesamth\u00f6he: 73 cm<br data-start=\"1277\" data-end=\"1280\" \/>Gesamtbreite: 74 cm<br data-start=\"1304\" data-end=\"1307\" \/>Gesamttiefe: 84 cm<br data-start=\"1330\" data-end=\"1333\" \/>Sonstiges: schwarzer Rohrrahmen<\/p>\n<p data-start=\"1360\" data-end=\"1389\">Bei Fragen oder zur Vereinbarung eines Besichtigungstermins kontaktieren Sie uns gerne. Die Lieferung erfolgt \u00fcber unseren eigenen Lieferservice! Besuchen Sie unsere Website f\u00fcr noch mehr Designerartikel!<\/p>\n<p data-start=\"1630\" data-end=\"1743\"><strong data-start=\"1630\" data-end=\"1671\">Kontaktdaten (Besuch nach Vereinbarung):<\/strong><br data-start=\"1671\" data-end=\"1674\" \/>Industrieweg 21<br data-start=\"1689\" data-end=\"1692\" \/>4131 NK Vianen<br data-start=\"1706\" data-end=\"1709\" \/><a class=\"decorated-link cursor-pointer\" rel=\"noopener\" data-start=\"1709\" data-end=\"1725\">info@zillions.nl<\/a><br data-start=\"1725\" data-end=\"1728\" \/>030 20 72 146<\/p>","protected":false},"excerpt":{"rendered":"<p>Leolux Scylla fauteuil met lage rug in zwart-wit gestreepte stof. Deze stijlvolle Leolux Scylla fauteuil, ontworpen door Gerard Vollenbrock, is uitgevoerd met een zitting in gestreepte stof met wit- en zwarttinten en voorzien van een zwart stalen frame. De armleggers zijn bekleed met zwart leder, wat in combinatie met de opvallende stoffering zorgt voor een [&hellip;]<\/p>\n","protected":false},"featured_media":6790,"template":"","meta":{"_acf_changed":false},"product_brand":[225],"product_cat":[16,188],"product_tag":[325],"class_list":{"0":"post-6789","1":"product","2":"type-product","3":"status-publish","4":"has-post-thumbnail","6":"product_brand-leolux","7":"product_cat-alle-producten","8":"product_cat-fauteuils","9":"product_tag-leolux","10":"pa_brands-leolux","12":"first","13":"outofstock","14":"purchasable","15":"product-type-simple"},"acf":[],"yoast_head":"<!-- This site is optimized with the Yoast SEO plugin v27.5 - https:\/\/yoast.com\/product\/yoast-seo-wordpress\/ -->\n<title>Leolux Scylla Fauteuil Zwart\/Wit - Leer - Zillions: nieuw en gebruikt design meubilair en stoelen<\/title>\n<meta name=\"description\" content=\"Leolux Pallone fauteuil nu voor 50% van de winkeladviesprijs. Bezorging mogelijk middels onze eigen bezorgdienst. Bestellen mogelijk via onze webshop.\" \/>\n<meta name=\"robots\" content=\"index, follow, max-snippet:-1, max-image-preview:large, max-video-preview:-1\" \/>\n<link rel=\"canonical\" href=\"https:\/\/www.zillions.nl\/de\/product\/leolux-scylla-fauteuil-zwart-wit-gestreepte-stof\/\" \/>\n<meta property=\"og:locale\" content=\"de_DE\" \/>\n<meta property=\"og:type\" content=\"article\" \/>\n<meta property=\"og:title\" content=\"Leolux Scylla Fauteuil Zwart\/Wit - Leer - Zillions: nieuw en gebruikt design meubilair en stoelen\" \/>\n<meta property=\"og:description\" content=\"Leolux Pallone fauteuil nu voor 50% van de winkeladviesprijs. Bezorging mogelijk middels onze eigen bezorgdienst. Bestellen mogelijk via onze webshop.\" \/>\n<meta property=\"og:url\" content=\"https:\/\/www.zillions.nl\/de\/product\/leolux-scylla-fauteuil-zwart-wit-gestreepte-stof\/\" \/>\n<meta property=\"og:site_name\" content=\"Zillions: nieuw en gebruikt design meubilair en stoelen\" \/>\n<meta property=\"article:modified_time\" content=\"2026-01-14T13:00:39+00:00\" \/>\n<meta property=\"og:image\" content=\"https:\/\/www.zillions.nl\/wp-content\/uploads\/2023\/09\/NM209239.jpg\" \/>\n\t<meta property=\"og:image:width\" content=\"1080\" \/>\n\t<meta property=\"og:image:height\" content=\"1080\" \/>\n\t<meta property=\"og:image:type\" content=\"image\/jpeg\" \/>\n<meta name=\"twitter:card\" content=\"summary_large_image\" \/>\n<meta name=\"twitter:label1\" content=\"Est. reading time\" \/>\n\t<meta name=\"twitter:data1\" content=\"2 minutes\" \/>\n<script type=\"application\/ld+json\" class=\"yoast-schema-graph\">{\"@context\":\"https:\\\/\\\/schema.org\",\"@graph\":[{\"@type\":\"WebPage\",\"@id\":\"https:\\\/\\\/www.zillions.nl\\\/product\\\/leolux-scylla-fauteuil-zwart-wit-gestreepte-stof\\\/\",\"url\":\"https:\\\/\\\/www.zillions.nl\\\/product\\\/leolux-scylla-fauteuil-zwart-wit-gestreepte-stof\\\/\",\"name\":\"Leolux Scylla Fauteuil Zwart\\\/Wit - Leer - Zillions: nieuw en gebruikt design meubilair en stoelen\",\"isPartOf\":{\"@id\":\"https:\\\/\\\/www.zillions.nl\\\/de\\\/#website\"},\"primaryImageOfPage\":{\"@id\":\"https:\\\/\\\/www.zillions.nl\\\/product\\\/leolux-scylla-fauteuil-zwart-wit-gestreepte-stof\\\/#primaryimage\"},\"image\":{\"@id\":\"https:\\\/\\\/www.zillions.nl\\\/product\\\/leolux-scylla-fauteuil-zwart-wit-gestreepte-stof\\\/#primaryimage\"},\"thumbnailUrl\":\"https:\\\/\\\/www.zillions.nl\\\/wp-content\\\/uploads\\\/2023\\\/09\\\/NM209239.jpg\",\"datePublished\":\"2023-09-19T08:33:04+00:00\",\"dateModified\":\"2026-01-14T13:00:39+00:00\",\"description\":\"Leolux Pallone fauteuil nu voor 50% van de winkeladviesprijs. Bezorging mogelijk middels onze eigen bezorgdienst. Bestellen mogelijk via onze webshop.\",\"breadcrumb\":{\"@id\":\"https:\\\/\\\/www.zillions.nl\\\/product\\\/leolux-scylla-fauteuil-zwart-wit-gestreepte-stof\\\/#breadcrumb\"},\"inLanguage\":\"de-DE\",\"potentialAction\":[{\"@type\":\"ReadAction\",\"target\":[\"https:\\\/\\\/www.zillions.nl\\\/product\\\/leolux-scylla-fauteuil-zwart-wit-gestreepte-stof\\\/\"]}]},{\"@type\":\"ImageObject\",\"inLanguage\":\"de-DE\",\"@id\":\"https:\\\/\\\/www.zillions.nl\\\/product\\\/leolux-scylla-fauteuil-zwart-wit-gestreepte-stof\\\/#primaryimage\",\"url\":\"https:\\\/\\\/www.zillions.nl\\\/wp-content\\\/uploads\\\/2023\\\/09\\\/NM209239.jpg\",\"contentUrl\":\"https:\\\/\\\/www.zillions.nl\\\/wp-content\\\/uploads\\\/2023\\\/09\\\/NM209239.jpg\",\"width\":1080,\"height\":1080},{\"@type\":\"BreadcrumbList\",\"@id\":\"https:\\\/\\\/www.zillions.nl\\\/product\\\/leolux-scylla-fauteuil-zwart-wit-gestreepte-stof\\\/#breadcrumb\",\"itemListElement\":[{\"@type\":\"ListItem\",\"position\":1,\"name\":\"Home\",\"item\":\"https:\\\/\\\/www.zillions.nl\\\/\"},{\"@type\":\"ListItem\",\"position\":2,\"name\":\"Shop\",\"item\":\"https:\\\/\\\/www.zillions.nl\\\/shop\\\/\"},{\"@type\":\"ListItem\",\"position\":3,\"name\":\"Leolux Scylla Fauteuil Zwart\\\/Wit &#8211; Leer\"}]},{\"@type\":\"WebSite\",\"@id\":\"https:\\\/\\\/www.zillions.nl\\\/de\\\/#website\",\"url\":\"https:\\\/\\\/www.zillions.nl\\\/de\\\/\",\"name\":\"Zillions: nieuw en gebruikt design meubilair en stoelen\",\"description\":\"Welkom bij Zillions: Zillions is gespecialiseerd in nieuw en gebruikt design meubilair en stoelen.\",\"publisher\":{\"@id\":\"https:\\\/\\\/www.zillions.nl\\\/de\\\/#organization\"},\"potentialAction\":[{\"@type\":\"SearchAction\",\"target\":{\"@type\":\"EntryPoint\",\"urlTemplate\":\"https:\\\/\\\/www.zillions.nl\\\/de\\\/?s={search_term_string}\"},\"query-input\":{\"@type\":\"PropertyValueSpecification\",\"valueRequired\":true,\"valueName\":\"search_term_string\"}}],\"inLanguage\":\"de-DE\"},{\"@type\":\"Organization\",\"@id\":\"https:\\\/\\\/www.zillions.nl\\\/de\\\/#organization\",\"name\":\"Zillions: nieuw en gebruikt design meubilair en stoelen\",\"url\":\"https:\\\/\\\/www.zillions.nl\\\/de\\\/\",\"logo\":{\"@type\":\"ImageObject\",\"inLanguage\":\"de-DE\",\"@id\":\"https:\\\/\\\/www.zillions.nl\\\/de\\\/#\\\/schema\\\/logo\\\/image\\\/\",\"url\":\"https:\\\/\\\/www.zillions.nl\\\/wp-content\\\/uploads\\\/2022\\\/11\\\/zillions.svg\",\"contentUrl\":\"https:\\\/\\\/www.zillions.nl\\\/wp-content\\\/uploads\\\/2022\\\/11\\\/zillions.svg\",\"width\":208,\"height\":53,\"caption\":\"Zillions: nieuw en gebruikt design meubilair en stoelen\"},\"image\":{\"@id\":\"https:\\\/\\\/www.zillions.nl\\\/de\\\/#\\\/schema\\\/logo\\\/image\\\/\"}}]}<\/script>\n<!-- \/ Yoast SEO plugin. -->","yoast_head_json":{"title":"Leolux Scylla Sessel Schwarz\/Wei\u00df \u2013 Leder \u2013 Zillions: Neue und gebrauchte Designerm\u00f6bel und St\u00fchle","description":"Leolux Pallone Sessel jetzt 501 TP3T \u20ac g\u00fcnstiger als die unverbindliche Preisempfehlung. Lieferung \u00fcber unseren eigenen Lieferservice. Bestellungen sind \u00fcber unseren Webshop m\u00f6glich.","robots":{"index":"index","follow":"follow","max-snippet":"max-snippet:-1","max-image-preview":"max-image-preview:large","max-video-preview":"max-video-preview:-1"},"canonical":"https:\/\/www.zillions.nl\/de\/product\/leolux-scylla-fauteuil-zwart-wit-gestreepte-stof\/","og_locale":"de_DE","og_type":"article","og_title":"Leolux Scylla Fauteuil Zwart\/Wit - Leer - Zillions: nieuw en gebruikt design meubilair en stoelen","og_description":"Leolux Pallone fauteuil nu voor 50% van de winkeladviesprijs. Bezorging mogelijk middels onze eigen bezorgdienst. Bestellen mogelijk via onze webshop.","og_url":"https:\/\/www.zillions.nl\/de\/product\/leolux-scylla-fauteuil-zwart-wit-gestreepte-stof\/","og_site_name":"Zillions: nieuw en gebruikt design meubilair en stoelen","article_modified_time":"2026-01-14T13:00:39+00:00","og_image":[{"width":1080,"height":1080,"url":"https:\/\/www.zillions.nl\/wp-content\/uploads\/2023\/09\/NM209239.jpg","type":"image\/jpeg"}],"twitter_card":"summary_large_image","twitter_misc":{"Est. reading time":"2 minutes"},"schema":{"@context":"https:\/\/schema.org","@graph":[{"@type":"WebPage","@id":"https:\/\/www.zillions.nl\/product\/leolux-scylla-fauteuil-zwart-wit-gestreepte-stof\/","url":"https:\/\/www.zillions.nl\/product\/leolux-scylla-fauteuil-zwart-wit-gestreepte-stof\/","name":"Leolux Scylla Sessel Schwarz\/Wei\u00df \u2013 Leder \u2013 Zillions: Neue und gebrauchte Designerm\u00f6bel und St\u00fchle","isPartOf":{"@id":"https:\/\/www.zillions.nl\/de\/#website"},"primaryImageOfPage":{"@id":"https:\/\/www.zillions.nl\/product\/leolux-scylla-fauteuil-zwart-wit-gestreepte-stof\/#primaryimage"},"image":{"@id":"https:\/\/www.zillions.nl\/product\/leolux-scylla-fauteuil-zwart-wit-gestreepte-stof\/#primaryimage"},"thumbnailUrl":"https:\/\/www.zillions.nl\/wp-content\/uploads\/2023\/09\/NM209239.jpg","datePublished":"2023-09-19T08:33:04+00:00","dateModified":"2026-01-14T13:00:39+00:00","description":"Leolux Pallone Sessel jetzt 501 TP3T \u20ac g\u00fcnstiger als die unverbindliche Preisempfehlung. Lieferung \u00fcber unseren eigenen Lieferservice. Bestellungen sind \u00fcber unseren Webshop m\u00f6glich.","breadcrumb":{"@id":"https:\/\/www.zillions.nl\/product\/leolux-scylla-fauteuil-zwart-wit-gestreepte-stof\/#breadcrumb"},"inLanguage":"de-DE","potentialAction":[{"@type":"ReadAction","target":["https:\/\/www.zillions.nl\/product\/leolux-scylla-fauteuil-zwart-wit-gestreepte-stof\/"]}]},{"@type":"ImageObject","inLanguage":"de-DE","@id":"https:\/\/www.zillions.nl\/product\/leolux-scylla-fauteuil-zwart-wit-gestreepte-stof\/#primaryimage","url":"https:\/\/www.zillions.nl\/wp-content\/uploads\/2023\/09\/NM209239.jpg","contentUrl":"https:\/\/www.zillions.nl\/wp-content\/uploads\/2023\/09\/NM209239.jpg","width":1080,"height":1080},{"@type":"BreadcrumbList","@id":"https:\/\/www.zillions.nl\/product\/leolux-scylla-fauteuil-zwart-wit-gestreepte-stof\/#breadcrumb","itemListElement":[{"@type":"ListItem","position":1,"name":"Home","item":"https:\/\/www.zillions.nl\/"},{"@type":"ListItem","position":2,"name":"Shop","item":"https:\/\/www.zillions.nl\/shop\/"},{"@type":"ListItem","position":3,"name":"Leolux Scylla Fauteuil Zwart\/Wit &#8211; Leer"}]},{"@type":"WebSite","@id":"https:\/\/www.zillions.nl\/de\/#website","url":"https:\/\/www.zillions.nl\/de\/","name":"Zillionen: neue und gebrauchte Designerm\u00f6bel und St\u00fchle","description":"Willkommen bei Zillions: Zillions ist auf neue und gebrauchte Designm\u00f6bel und St\u00fchle spezialisiert.","publisher":{"@id":"https:\/\/www.zillions.nl\/de\/#organization"},"potentialAction":[{"@type":"SearchAction","target":{"@type":"EntryPoint","urlTemplate":"https:\/\/www.zillions.nl\/de\/?s={search_term_string}"},"query-input":{"@type":"PropertyValueSpecification","valueRequired":true,"valueName":"search_term_string"}}],"inLanguage":"de-DE"},{"@type":"Organization","@id":"https:\/\/www.zillions.nl\/de\/#organization","name":"Zillionen: neue und gebrauchte Designerm\u00f6bel und St\u00fchle","url":"https:\/\/www.zillions.nl\/de\/","logo":{"@type":"ImageObject","inLanguage":"de-DE","@id":"https:\/\/www.zillions.nl\/de\/#\/schema\/logo\/image\/","url":"https:\/\/www.zillions.nl\/wp-content\/uploads\/2022\/11\/zillions.svg","contentUrl":"https:\/\/www.zillions.nl\/wp-content\/uploads\/2022\/11\/zillions.svg","width":208,"height":53,"caption":"Zillions: nieuw en gebruikt design meubilair en stoelen"},"image":{"@id":"https:\/\/www.zillions.nl\/de\/#\/schema\/logo\/image\/"}}]}},"_links":{"self":[{"href":"https:\/\/www.zillions.nl\/de\/wp-json\/wp\/v2\/product\/6789","targetHints":{"allow":["GET"]}}],"collection":[{"href":"https:\/\/www.zillions.nl\/de\/wp-json\/wp\/v2\/product"}],"about":[{"href":"https:\/\/www.zillions.nl\/de\/wp-json\/wp\/v2\/types\/product"}],"wp:featuredmedia":[{"embeddable":true,"href":"https:\/\/www.zillions.nl\/de\/wp-json\/wp\/v2\/media\/6790"}],"wp:attachment":[{"href":"https:\/\/www.zillions.nl\/de\/wp-json\/wp\/v2\/media?parent=6789"}],"wp:term":[{"taxonomy":"product_brand","embeddable":true,"href":"https:\/\/www.zillions.nl\/de\/wp-json\/wp\/v2\/product_brand?post=6789"},{"taxonomy":"product_cat","embeddable":true,"href":"https:\/\/www.zillions.nl\/de\/wp-json\/wp\/v2\/product_cat?post=6789"},{"taxonomy":"product_tag","embeddable":true,"href":"https:\/\/www.zillions.nl\/de\/wp-json\/wp\/v2\/product_tag?post=6789"}],"curies":[{"name":"wp","href":"https:\/\/api.w.org\/{rel}","templated":true}]}}