{"id":6554,"date":"2023-09-06T15:17:14","date_gmt":"2023-09-06T13:17:14","guid":{"rendered":"https:\/\/www.zillions.nl\/?post_type=product&#038;p=6554"},"modified":"2025-10-08T13:26:32","modified_gmt":"2025-10-08T11:26:32","slug":"leolux-scylla-fauteuil-hoge-rug-in-geel-gemeleerde-stof","status":"publish","type":"product","link":"https:\/\/www.zillions.nl\/de\/product\/leolux-scylla-fauteuil-hoge-rug-in-geel-gemeleerde-stof\/","title":{"rendered":"Leolux Scylla Sessel Hoch Gelb Meliert \u2013 Leder"},"content":{"rendered":"<p data-start=\"151\" data-end=\"214\">Leolux Scylla-Sessel mit hoher R\u00fcckenlehne aus gelb meliertem Stoff.<\/p>\n<p data-start=\"216\" data-end=\"818\">Dieser klassische Leolux Scylla-Sessel, entworfen von Gerard Vollenbrock, verf\u00fcgt \u00fcber eine Sitzfl\u00e4che aus gelb meliertem Stoff und einen verchromten Stahlrohrrahmen, der sich hinter der hohen R\u00fcckenlehne erstreckt. Sowohl die Seiten- als auch die Armlehnen sind mit gelbem Leder bezogen, was in Kombination mit der Polsterung einen frischen und stilvollen Look erzeugt. Dank der bequemen Sitzfl\u00e4che und der hohen R\u00fcckenlehne bietet der Sessel eine perfekte Balance zwischen Design und Komfort und f\u00fcgt sich m\u00fchelos in eine Vielzahl von Inneneinrichtungen ein. Der Sessel ist ein 100%-Original und verf\u00fcgt \u00fcber alle Echtheitsmerkmale.<\/p>\n<p data-start=\"820\" data-end=\"867\"><strong data-start=\"820\" data-end=\"833\">Zustand:<\/strong> Ausstellungsraumzustand; in Neuzustand<\/p>\n<p data-start=\"890\" data-end=\"918\"><strong data-start=\"890\" data-end=\"916\">Lieferung ab Lager<\/strong><\/p>\n<p data-start=\"920\" data-end=\"971\"><strong data-start=\"920\" data-end=\"931\">Hinweis:<\/strong> die angegebenen Preise verstehen sich pro St\u00fcck<\/p>\n<p data-start=\"973\" data-end=\"1300\">Spezifikationen:<br data-start=\"991\" data-end=\"994\" \/>Sitz: Stoff, gelb; meliert<br data-start=\"1024\" data-end=\"1027\" \/>Gestell: Stahl, verchromt<br data-start=\"1051\" data-end=\"1054\" \/>Armlehne: 21 cm hoch<br data-start=\"1076\" data-end=\"1079\" \/>Armlehnen: gelbes Leder<br data-start=\"1101\" data-end=\"1104\" \/>R\u00fcckenlehne: 56 cm; hoch<br data-start=\"1127\" data-end=\"1130\" \/>Sitzh\u00f6he: 43 cm<br data-start=\"1146\" data-end=\"1149\" \/>Sitzbreite: 55 cm<br data-start=\"1166\" data-end=\"1169\" \/>Sitztiefe: 55 cm<br data-start=\"1185\" data-end=\"1188\" \/>Gesamth\u00f6he: 86 cm<br data-start=\"1211\" data-end=\"1214\" \/>Gesamtbreite: 74 cm<br data-start=\"1238\" data-end=\"1241\" \/>Gesamttiefe: 84 cm<br data-start=\"1264\" data-end=\"1267\" \/>Sonstiges: Seitenteile aus gelbem Leder<\/p>\n<p data-start=\"1333\" data-end=\"1570\">Bei Fragen oder zur Vereinbarung eines Besichtigungstermins kontaktieren Sie uns gerne. Die Lieferung erfolgt \u00fcber unseren eigenen Lieferservice! Besuchen Sie unsere Website f\u00fcr noch mehr Designerartikel!<\/p>\n<p data-start=\"1572\" data-end=\"1685\"><strong data-start=\"1572\" data-end=\"1613\">Kontaktdaten (Besuch nach Vereinbarung):<\/strong><br data-start=\"1613\" data-end=\"1616\" \/>Industrieweg 21<br data-start=\"1631\" data-end=\"1634\" \/>4131 NK Vianen<br data-start=\"1648\" data-end=\"1651\" \/><a class=\"decorated-link cursor-pointer\" rel=\"noopener\" data-start=\"1651\" data-end=\"1667\">info@zillions.nl<\/a><br data-start=\"1667\" data-end=\"1670\" \/>030 20 72 146<\/p>","protected":false},"excerpt":{"rendered":"<p>Leolux Scylla fauteuil met hoge rug in geel gem\u00ealeerde stof. Deze klassieke Leolux Scylla fauteuil, ontworpen door Gerard Vollenbrock, is uitgevoerd met een zitting in geel gem\u00ealeerde stof en een verchroomd stalen buisframe dat achter de hoge rugleuning doorloopt. Zowel de zijkanten als de armleggers zijn bekleed met geel leder, wat in combinatie met de [&hellip;]<\/p>\n","protected":false},"featured_media":6555,"template":"","meta":{"_acf_changed":false},"product_brand":[225],"product_cat":[16,188],"product_tag":[325],"class_list":{"0":"post-6554","1":"product","2":"type-product","3":"status-publish","4":"has-post-thumbnail","6":"product_brand-leolux","7":"product_cat-alle-producten","8":"product_cat-fauteuils","9":"product_tag-leolux","10":"pa_brands-leolux","12":"first","13":"instock","14":"purchasable","15":"product-type-simple"},"acf":[],"yoast_head":"<!-- This site is optimized with the Yoast SEO plugin v27.5 - https:\/\/yoast.com\/product\/yoast-seo-wordpress\/ -->\n<title>Leolux Scylla Fauteuil Hoog Geel Gemeleerd - Leer - Zillions: nieuw en gebruikt design meubilair en stoelen<\/title>\n<meta name=\"robots\" content=\"index, follow, max-snippet:-1, max-image-preview:large, max-video-preview:-1\" \/>\n<link rel=\"canonical\" href=\"https:\/\/www.zillions.nl\/de\/product\/leolux-scylla-fauteuil-hoge-rug-in-geel-gemeleerde-stof\/\" \/>\n<meta property=\"og:locale\" content=\"de_DE\" \/>\n<meta property=\"og:type\" content=\"article\" \/>\n<meta property=\"og:title\" content=\"Leolux Scylla Fauteuil Hoog Geel Gemeleerd - Leer - Zillions: nieuw en gebruikt design meubilair en stoelen\" \/>\n<meta property=\"og:description\" content=\"Leolux Scylla fauteuil met hoge rug in geel gem\u00ealeerde stof. Deze klassieke Leolux Scylla fauteuil, ontworpen door Gerard Vollenbrock, is uitgevoerd met een zitting in geel gem\u00ealeerde stof en een verchroomd stalen buisframe dat achter de hoge rugleuning doorloopt. Zowel de zijkanten als de armleggers zijn bekleed met geel leder, wat in combinatie met de [&hellip;]\" \/>\n<meta property=\"og:url\" content=\"https:\/\/www.zillions.nl\/de\/product\/leolux-scylla-fauteuil-hoge-rug-in-geel-gemeleerde-stof\/\" \/>\n<meta property=\"og:site_name\" content=\"Zillions: nieuw en gebruikt design meubilair en stoelen\" \/>\n<meta property=\"article:modified_time\" content=\"2025-10-08T11:26:32+00:00\" \/>\n<meta property=\"og:image\" content=\"https:\/\/www.zillions.nl\/wp-content\/uploads\/2023\/09\/S0208673.jpg\" \/>\n\t<meta property=\"og:image:width\" content=\"1080\" \/>\n\t<meta property=\"og:image:height\" content=\"1080\" \/>\n\t<meta property=\"og:image:type\" content=\"image\/jpeg\" \/>\n<meta name=\"twitter:card\" content=\"summary_large_image\" \/>\n<meta name=\"twitter:label1\" content=\"Est. reading time\" \/>\n\t<meta name=\"twitter:data1\" content=\"2 minutes\" \/>\n<script type=\"application\/ld+json\" class=\"yoast-schema-graph\">{\"@context\":\"https:\\\/\\\/schema.org\",\"@graph\":[{\"@type\":\"WebPage\",\"@id\":\"https:\\\/\\\/www.zillions.nl\\\/product\\\/leolux-scylla-fauteuil-hoge-rug-in-geel-gemeleerde-stof\\\/\",\"url\":\"https:\\\/\\\/www.zillions.nl\\\/product\\\/leolux-scylla-fauteuil-hoge-rug-in-geel-gemeleerde-stof\\\/\",\"name\":\"Leolux Scylla Fauteuil Hoog Geel Gemeleerd - Leer - Zillions: nieuw en gebruikt design meubilair en stoelen\",\"isPartOf\":{\"@id\":\"https:\\\/\\\/www.zillions.nl\\\/de\\\/#website\"},\"primaryImageOfPage\":{\"@id\":\"https:\\\/\\\/www.zillions.nl\\\/product\\\/leolux-scylla-fauteuil-hoge-rug-in-geel-gemeleerde-stof\\\/#primaryimage\"},\"image\":{\"@id\":\"https:\\\/\\\/www.zillions.nl\\\/product\\\/leolux-scylla-fauteuil-hoge-rug-in-geel-gemeleerde-stof\\\/#primaryimage\"},\"thumbnailUrl\":\"https:\\\/\\\/www.zillions.nl\\\/wp-content\\\/uploads\\\/2023\\\/09\\\/S0208673.jpg\",\"datePublished\":\"2023-09-06T13:17:14+00:00\",\"dateModified\":\"2025-10-08T11:26:32+00:00\",\"breadcrumb\":{\"@id\":\"https:\\\/\\\/www.zillions.nl\\\/product\\\/leolux-scylla-fauteuil-hoge-rug-in-geel-gemeleerde-stof\\\/#breadcrumb\"},\"inLanguage\":\"de-DE\",\"potentialAction\":[{\"@type\":\"ReadAction\",\"target\":[\"https:\\\/\\\/www.zillions.nl\\\/product\\\/leolux-scylla-fauteuil-hoge-rug-in-geel-gemeleerde-stof\\\/\"]}]},{\"@type\":\"ImageObject\",\"inLanguage\":\"de-DE\",\"@id\":\"https:\\\/\\\/www.zillions.nl\\\/product\\\/leolux-scylla-fauteuil-hoge-rug-in-geel-gemeleerde-stof\\\/#primaryimage\",\"url\":\"https:\\\/\\\/www.zillions.nl\\\/wp-content\\\/uploads\\\/2023\\\/09\\\/S0208673.jpg\",\"contentUrl\":\"https:\\\/\\\/www.zillions.nl\\\/wp-content\\\/uploads\\\/2023\\\/09\\\/S0208673.jpg\",\"width\":1080,\"height\":1080},{\"@type\":\"BreadcrumbList\",\"@id\":\"https:\\\/\\\/www.zillions.nl\\\/product\\\/leolux-scylla-fauteuil-hoge-rug-in-geel-gemeleerde-stof\\\/#breadcrumb\",\"itemListElement\":[{\"@type\":\"ListItem\",\"position\":1,\"name\":\"Home\",\"item\":\"https:\\\/\\\/www.zillions.nl\\\/\"},{\"@type\":\"ListItem\",\"position\":2,\"name\":\"Shop\",\"item\":\"https:\\\/\\\/www.zillions.nl\\\/shop\\\/\"},{\"@type\":\"ListItem\",\"position\":3,\"name\":\"Leolux Scylla Fauteuil Hoog Geel Gemeleerd &#8211; Leer\"}]},{\"@type\":\"WebSite\",\"@id\":\"https:\\\/\\\/www.zillions.nl\\\/de\\\/#website\",\"url\":\"https:\\\/\\\/www.zillions.nl\\\/de\\\/\",\"name\":\"Zillions: nieuw en gebruikt design meubilair en stoelen\",\"description\":\"Welkom bij Zillions: Zillions is gespecialiseerd in nieuw en gebruikt design meubilair en stoelen.\",\"publisher\":{\"@id\":\"https:\\\/\\\/www.zillions.nl\\\/de\\\/#organization\"},\"potentialAction\":[{\"@type\":\"SearchAction\",\"target\":{\"@type\":\"EntryPoint\",\"urlTemplate\":\"https:\\\/\\\/www.zillions.nl\\\/de\\\/?s={search_term_string}\"},\"query-input\":{\"@type\":\"PropertyValueSpecification\",\"valueRequired\":true,\"valueName\":\"search_term_string\"}}],\"inLanguage\":\"de-DE\"},{\"@type\":\"Organization\",\"@id\":\"https:\\\/\\\/www.zillions.nl\\\/de\\\/#organization\",\"name\":\"Zillions: nieuw en gebruikt design meubilair en stoelen\",\"url\":\"https:\\\/\\\/www.zillions.nl\\\/de\\\/\",\"logo\":{\"@type\":\"ImageObject\",\"inLanguage\":\"de-DE\",\"@id\":\"https:\\\/\\\/www.zillions.nl\\\/de\\\/#\\\/schema\\\/logo\\\/image\\\/\",\"url\":\"https:\\\/\\\/www.zillions.nl\\\/wp-content\\\/uploads\\\/2022\\\/11\\\/zillions.svg\",\"contentUrl\":\"https:\\\/\\\/www.zillions.nl\\\/wp-content\\\/uploads\\\/2022\\\/11\\\/zillions.svg\",\"width\":208,\"height\":53,\"caption\":\"Zillions: nieuw en gebruikt design meubilair en stoelen\"},\"image\":{\"@id\":\"https:\\\/\\\/www.zillions.nl\\\/de\\\/#\\\/schema\\\/logo\\\/image\\\/\"}}]}<\/script>\n<!-- \/ Yoast SEO plugin. -->","yoast_head_json":{"title":"Leolux Scylla Sessel, hoch, gelb meliert, Leder \u2013 Zillions: neue und gebrauchte Designerm\u00f6bel und St\u00fchle","robots":{"index":"index","follow":"follow","max-snippet":"max-snippet:-1","max-image-preview":"max-image-preview:large","max-video-preview":"max-video-preview:-1"},"canonical":"https:\/\/www.zillions.nl\/de\/product\/leolux-scylla-fauteuil-hoge-rug-in-geel-gemeleerde-stof\/","og_locale":"de_DE","og_type":"article","og_title":"Leolux Scylla Fauteuil Hoog Geel Gemeleerd - Leer - Zillions: nieuw en gebruikt design meubilair en stoelen","og_description":"Leolux Scylla fauteuil met hoge rug in geel gem\u00ealeerde stof. Deze klassieke Leolux Scylla fauteuil, ontworpen door Gerard Vollenbrock, is uitgevoerd met een zitting in geel gem\u00ealeerde stof en een verchroomd stalen buisframe dat achter de hoge rugleuning doorloopt. Zowel de zijkanten als de armleggers zijn bekleed met geel leder, wat in combinatie met de [&hellip;]","og_url":"https:\/\/www.zillions.nl\/de\/product\/leolux-scylla-fauteuil-hoge-rug-in-geel-gemeleerde-stof\/","og_site_name":"Zillions: nieuw en gebruikt design meubilair en stoelen","article_modified_time":"2025-10-08T11:26:32+00:00","og_image":[{"width":1080,"height":1080,"url":"https:\/\/www.zillions.nl\/wp-content\/uploads\/2023\/09\/S0208673.jpg","type":"image\/jpeg"}],"twitter_card":"summary_large_image","twitter_misc":{"Est. reading time":"2 minutes"},"schema":{"@context":"https:\/\/schema.org","@graph":[{"@type":"WebPage","@id":"https:\/\/www.zillions.nl\/product\/leolux-scylla-fauteuil-hoge-rug-in-geel-gemeleerde-stof\/","url":"https:\/\/www.zillions.nl\/product\/leolux-scylla-fauteuil-hoge-rug-in-geel-gemeleerde-stof\/","name":"Leolux Scylla Sessel, hoch, gelb meliert, Leder \u2013 Zillions: neue und gebrauchte Designerm\u00f6bel und St\u00fchle","isPartOf":{"@id":"https:\/\/www.zillions.nl\/de\/#website"},"primaryImageOfPage":{"@id":"https:\/\/www.zillions.nl\/product\/leolux-scylla-fauteuil-hoge-rug-in-geel-gemeleerde-stof\/#primaryimage"},"image":{"@id":"https:\/\/www.zillions.nl\/product\/leolux-scylla-fauteuil-hoge-rug-in-geel-gemeleerde-stof\/#primaryimage"},"thumbnailUrl":"https:\/\/www.zillions.nl\/wp-content\/uploads\/2023\/09\/S0208673.jpg","datePublished":"2023-09-06T13:17:14+00:00","dateModified":"2025-10-08T11:26:32+00:00","breadcrumb":{"@id":"https:\/\/www.zillions.nl\/product\/leolux-scylla-fauteuil-hoge-rug-in-geel-gemeleerde-stof\/#breadcrumb"},"inLanguage":"de-DE","potentialAction":[{"@type":"ReadAction","target":["https:\/\/www.zillions.nl\/product\/leolux-scylla-fauteuil-hoge-rug-in-geel-gemeleerde-stof\/"]}]},{"@type":"ImageObject","inLanguage":"de-DE","@id":"https:\/\/www.zillions.nl\/product\/leolux-scylla-fauteuil-hoge-rug-in-geel-gemeleerde-stof\/#primaryimage","url":"https:\/\/www.zillions.nl\/wp-content\/uploads\/2023\/09\/S0208673.jpg","contentUrl":"https:\/\/www.zillions.nl\/wp-content\/uploads\/2023\/09\/S0208673.jpg","width":1080,"height":1080},{"@type":"BreadcrumbList","@id":"https:\/\/www.zillions.nl\/product\/leolux-scylla-fauteuil-hoge-rug-in-geel-gemeleerde-stof\/#breadcrumb","itemListElement":[{"@type":"ListItem","position":1,"name":"Home","item":"https:\/\/www.zillions.nl\/"},{"@type":"ListItem","position":2,"name":"Shop","item":"https:\/\/www.zillions.nl\/shop\/"},{"@type":"ListItem","position":3,"name":"Leolux Scylla Fauteuil Hoog Geel Gemeleerd &#8211; Leer"}]},{"@type":"WebSite","@id":"https:\/\/www.zillions.nl\/de\/#website","url":"https:\/\/www.zillions.nl\/de\/","name":"Zillionen: neue und gebrauchte Designerm\u00f6bel und St\u00fchle","description":"Willkommen bei Zillions: Zillions ist auf neue und gebrauchte Designm\u00f6bel und St\u00fchle spezialisiert.","publisher":{"@id":"https:\/\/www.zillions.nl\/de\/#organization"},"potentialAction":[{"@type":"SearchAction","target":{"@type":"EntryPoint","urlTemplate":"https:\/\/www.zillions.nl\/de\/?s={search_term_string}"},"query-input":{"@type":"PropertyValueSpecification","valueRequired":true,"valueName":"search_term_string"}}],"inLanguage":"de-DE"},{"@type":"Organization","@id":"https:\/\/www.zillions.nl\/de\/#organization","name":"Zillionen: neue und gebrauchte Designerm\u00f6bel und St\u00fchle","url":"https:\/\/www.zillions.nl\/de\/","logo":{"@type":"ImageObject","inLanguage":"de-DE","@id":"https:\/\/www.zillions.nl\/de\/#\/schema\/logo\/image\/","url":"https:\/\/www.zillions.nl\/wp-content\/uploads\/2022\/11\/zillions.svg","contentUrl":"https:\/\/www.zillions.nl\/wp-content\/uploads\/2022\/11\/zillions.svg","width":208,"height":53,"caption":"Zillions: nieuw en gebruikt design meubilair en stoelen"},"image":{"@id":"https:\/\/www.zillions.nl\/de\/#\/schema\/logo\/image\/"}}]}},"_links":{"self":[{"href":"https:\/\/www.zillions.nl\/de\/wp-json\/wp\/v2\/product\/6554","targetHints":{"allow":["GET"]}}],"collection":[{"href":"https:\/\/www.zillions.nl\/de\/wp-json\/wp\/v2\/product"}],"about":[{"href":"https:\/\/www.zillions.nl\/de\/wp-json\/wp\/v2\/types\/product"}],"wp:featuredmedia":[{"embeddable":true,"href":"https:\/\/www.zillions.nl\/de\/wp-json\/wp\/v2\/media\/6555"}],"wp:attachment":[{"href":"https:\/\/www.zillions.nl\/de\/wp-json\/wp\/v2\/media?parent=6554"}],"wp:term":[{"taxonomy":"product_brand","embeddable":true,"href":"https:\/\/www.zillions.nl\/de\/wp-json\/wp\/v2\/product_brand?post=6554"},{"taxonomy":"product_cat","embeddable":true,"href":"https:\/\/www.zillions.nl\/de\/wp-json\/wp\/v2\/product_cat?post=6554"},{"taxonomy":"product_tag","embeddable":true,"href":"https:\/\/www.zillions.nl\/de\/wp-json\/wp\/v2\/product_tag?post=6554"}],"curies":[{"name":"wp","href":"https:\/\/api.w.org\/{rel}","templated":true}]}}