{"id":6503,"date":"2023-08-31T21:16:53","date_gmt":"2023-08-31T19:16:53","guid":{"rendered":"https:\/\/www.zillions.nl\/?post_type=product&#038;p=6503"},"modified":"2025-04-24T15:11:39","modified_gmt":"2025-04-24T13:11:39","slug":"vitra-hella-jongerius-poldersofa-rood-mix-xl-kopie","status":"publish","type":"product","link":"https:\/\/www.zillions.nl\/de\/product\/vitra-hella-jongerius-poldersofa-rood-mix-xl-kopie\/","title":{"rendered":"Vitra Hella Jongerius Poldersofa Red Mix XL"},"content":{"rendered":"<p>Vitra Hella Jongerius Poldersofa XL Rotmischung<\/p>\n<p>Dieses Poldersofa befindet sich im Ausstellungszustand, Farbe Rot-Mix<\/p>\n<p>Abmessungen B 290 x T 100 cm<\/p>\n<p>Die Lieferung ist mit unserem eigenen Lieferservice m\u00f6glich<\/p>\n<p>Wenn Sie Fragen haben oder einen unverbindlichen Besichtigungstermin vereinbaren m\u00f6chten, k\u00f6nnen Sie sich gerne an uns wenden. Lieferung durch unseren eigenen Lieferservice m\u00f6glich! Besuchen Sie unsere Website f\u00fcr viele weitere Designartikel!<\/p>\n<p><strong>Kontaktdaten (Besuch nach Vereinbarung):<\/strong><br \/>\nIndustrieweg 21<br \/>\n4131NK Vianen<br \/>\ninfo@zillions.nl<br \/>\n030 20 72 146<\/p>\n<p>Weitere Designerm\u00f6bel finden Sie in allen unseren Anzeigen f\u00fcr Top-Marken wie:<br \/>\nArtimide, Floss, Vitra, Eames Herman Miller, Artifort, B&amp;B Italia, Ahrend, Interstuhl, Grahl, Hay, Norman Copenhagen, Cassina, Artifort, Gispen, Leolux, Montis, Arne Jacobsen, Bert Plantagie, Design auf Lager, Rolf Benz, Jori , Harvink usw.<\/p>\n<p>Design von Top-Designern: unter anderem<\/p>\n<p>Arne Jacobsen, Charles Eames, Cees Braakman, Eero Saarinen, Poul Henningsen, Poul Kjaerholm, Verner Panton, Martin Visser, Mart Stam, Eileen Gray, Gerrit Rietveld, Pierre Paulin, Ko Liang Ie, Marcel Breuer, Rob Parry, Vico Magistretti, Hans Wegner, Borge Mogensen, Finn Juhl, Grete Jalk, Osvaldo Borsani, Isamu Noguchi, George Nelson, Geoffrey Harcourt, Ilmari Tapiovaara, Ferdinand Solere, Joe Colombo Friso Kramer, Harry Bertoia, Lisa Pape, Ettore Sottsass Paul Schuitema Bruno Mathsson<\/p>","protected":false},"excerpt":{"rendered":"<p>Vitra Hella Jongerius Poldersofa XL\u00a0Rood mix Deze Poldersofa verkeerd in showroom conditie, Kleur Rood mix Afmetingen B 290 x D 100 cm Bezorgen kan met onze eigen bezorgdienst Voor vragen of het vrijblijvend maken van een afspraak om de artikelen te bekijken neem gerust contact met ons op. Bezorging mogelijk middels onze eigen bezorgdienst! Bezoekt [&hellip;]<\/p>\n","protected":false},"featured_media":9993,"template":"","meta":{"_acf_changed":false},"product_brand":[202],"product_cat":[16,189],"product_tag":[322],"class_list":{"0":"post-6503","1":"product","2":"type-product","3":"status-publish","4":"has-post-thumbnail","6":"product_brand-vitra","7":"product_cat-alle-producten","8":"product_cat-banken","9":"product_tag-vitra","10":"pa_brands-vitra","12":"first","13":"instock","14":"sale","15":"purchasable","16":"product-type-simple"},"acf":[],"yoast_head":"<!-- This site is optimized with the Yoast SEO plugin v27.5 - https:\/\/yoast.com\/product\/yoast-seo-wordpress\/ -->\n<title>Vitra Hella Jongerius Poldersofa Rood Mix XL - Zillions: nieuw en gebruikt design meubilair en stoelen<\/title>\n<meta name=\"description\" content=\"1 vitra Hella Jongerius Poldersofa XL Rood mix 50% korting op top design Nieuw of Showroom modellen Bezorgen kan met eigen bezorgdienst\" \/>\n<meta name=\"robots\" content=\"index, follow, max-snippet:-1, max-image-preview:large, max-video-preview:-1\" \/>\n<link rel=\"canonical\" href=\"https:\/\/www.zillions.nl\/de\/product\/vitra-hella-jongerius-poldersofa-rood-mix-xl-kopie\/\" \/>\n<meta property=\"og:locale\" content=\"de_DE\" \/>\n<meta property=\"og:type\" content=\"article\" \/>\n<meta property=\"og:title\" content=\"Vitra Hella Jongerius Poldersofa Rood Mix XL - Zillions: nieuw en gebruikt design meubilair en stoelen\" \/>\n<meta property=\"og:description\" content=\"1 vitra Hella Jongerius Poldersofa XL Rood mix 50% korting op top design Nieuw of Showroom modellen Bezorgen kan met eigen bezorgdienst\" \/>\n<meta property=\"og:url\" content=\"https:\/\/www.zillions.nl\/de\/product\/vitra-hella-jongerius-poldersofa-rood-mix-xl-kopie\/\" \/>\n<meta property=\"og:site_name\" content=\"Zillions: nieuw en gebruikt design meubilair en stoelen\" \/>\n<meta property=\"article:modified_time\" content=\"2025-04-24T13:11:39+00:00\" \/>\n<meta property=\"og:image\" content=\"https:\/\/www.zillions.nl\/wp-content\/uploads\/2023\/08\/xl-rood-scaled.jpg\" \/>\n\t<meta property=\"og:image:width\" content=\"1440\" \/>\n\t<meta property=\"og:image:height\" content=\"1080\" \/>\n\t<meta property=\"og:image:type\" content=\"image\/jpeg\" \/>\n<meta name=\"twitter:card\" content=\"summary_large_image\" \/>\n<meta name=\"twitter:label1\" content=\"Est. reading time\" \/>\n\t<meta name=\"twitter:data1\" content=\"2 minutes\" \/>\n<script type=\"application\/ld+json\" class=\"yoast-schema-graph\">{\"@context\":\"https:\\\/\\\/schema.org\",\"@graph\":[{\"@type\":\"WebPage\",\"@id\":\"https:\\\/\\\/www.zillions.nl\\\/product\\\/vitra-hella-jongerius-poldersofa-rood-mix-xl-kopie\\\/\",\"url\":\"https:\\\/\\\/www.zillions.nl\\\/product\\\/vitra-hella-jongerius-poldersofa-rood-mix-xl-kopie\\\/\",\"name\":\"Vitra Hella Jongerius Poldersofa Rood Mix XL - Zillions: nieuw en gebruikt design meubilair en stoelen\",\"isPartOf\":{\"@id\":\"https:\\\/\\\/www.zillions.nl\\\/de\\\/#website\"},\"primaryImageOfPage\":{\"@id\":\"https:\\\/\\\/www.zillions.nl\\\/product\\\/vitra-hella-jongerius-poldersofa-rood-mix-xl-kopie\\\/#primaryimage\"},\"image\":{\"@id\":\"https:\\\/\\\/www.zillions.nl\\\/product\\\/vitra-hella-jongerius-poldersofa-rood-mix-xl-kopie\\\/#primaryimage\"},\"thumbnailUrl\":\"https:\\\/\\\/www.zillions.nl\\\/wp-content\\\/uploads\\\/2023\\\/08\\\/xl-rood-scaled.jpg\",\"datePublished\":\"2023-08-31T19:16:53+00:00\",\"dateModified\":\"2025-04-24T13:11:39+00:00\",\"description\":\"1 vitra Hella Jongerius Poldersofa XL Rood mix 50% korting op top design Nieuw of Showroom modellen Bezorgen kan met eigen bezorgdienst\",\"breadcrumb\":{\"@id\":\"https:\\\/\\\/www.zillions.nl\\\/product\\\/vitra-hella-jongerius-poldersofa-rood-mix-xl-kopie\\\/#breadcrumb\"},\"inLanguage\":\"de-DE\",\"potentialAction\":[{\"@type\":\"ReadAction\",\"target\":[\"https:\\\/\\\/www.zillions.nl\\\/product\\\/vitra-hella-jongerius-poldersofa-rood-mix-xl-kopie\\\/\"]}]},{\"@type\":\"ImageObject\",\"inLanguage\":\"de-DE\",\"@id\":\"https:\\\/\\\/www.zillions.nl\\\/product\\\/vitra-hella-jongerius-poldersofa-rood-mix-xl-kopie\\\/#primaryimage\",\"url\":\"https:\\\/\\\/www.zillions.nl\\\/wp-content\\\/uploads\\\/2023\\\/08\\\/xl-rood-scaled.jpg\",\"contentUrl\":\"https:\\\/\\\/www.zillions.nl\\\/wp-content\\\/uploads\\\/2023\\\/08\\\/xl-rood-scaled.jpg\",\"width\":1440,\"height\":1080},{\"@type\":\"BreadcrumbList\",\"@id\":\"https:\\\/\\\/www.zillions.nl\\\/product\\\/vitra-hella-jongerius-poldersofa-rood-mix-xl-kopie\\\/#breadcrumb\",\"itemListElement\":[{\"@type\":\"ListItem\",\"position\":1,\"name\":\"Home\",\"item\":\"https:\\\/\\\/www.zillions.nl\\\/\"},{\"@type\":\"ListItem\",\"position\":2,\"name\":\"Shop\",\"item\":\"https:\\\/\\\/www.zillions.nl\\\/shop\\\/\"},{\"@type\":\"ListItem\",\"position\":3,\"name\":\"Vitra Hella Jongerius Poldersofa Rood Mix XL\"}]},{\"@type\":\"WebSite\",\"@id\":\"https:\\\/\\\/www.zillions.nl\\\/de\\\/#website\",\"url\":\"https:\\\/\\\/www.zillions.nl\\\/de\\\/\",\"name\":\"Zillions: nieuw en gebruikt design meubilair en stoelen\",\"description\":\"Welkom bij Zillions: Zillions is gespecialiseerd in nieuw en gebruikt design meubilair en stoelen.\",\"publisher\":{\"@id\":\"https:\\\/\\\/www.zillions.nl\\\/de\\\/#organization\"},\"potentialAction\":[{\"@type\":\"SearchAction\",\"target\":{\"@type\":\"EntryPoint\",\"urlTemplate\":\"https:\\\/\\\/www.zillions.nl\\\/de\\\/?s={search_term_string}\"},\"query-input\":{\"@type\":\"PropertyValueSpecification\",\"valueRequired\":true,\"valueName\":\"search_term_string\"}}],\"inLanguage\":\"de-DE\"},{\"@type\":\"Organization\",\"@id\":\"https:\\\/\\\/www.zillions.nl\\\/de\\\/#organization\",\"name\":\"Zillions: nieuw en gebruikt design meubilair en stoelen\",\"url\":\"https:\\\/\\\/www.zillions.nl\\\/de\\\/\",\"logo\":{\"@type\":\"ImageObject\",\"inLanguage\":\"de-DE\",\"@id\":\"https:\\\/\\\/www.zillions.nl\\\/de\\\/#\\\/schema\\\/logo\\\/image\\\/\",\"url\":\"https:\\\/\\\/www.zillions.nl\\\/wp-content\\\/uploads\\\/2022\\\/11\\\/zillions.svg\",\"contentUrl\":\"https:\\\/\\\/www.zillions.nl\\\/wp-content\\\/uploads\\\/2022\\\/11\\\/zillions.svg\",\"width\":208,\"height\":53,\"caption\":\"Zillions: nieuw en gebruikt design meubilair en stoelen\"},\"image\":{\"@id\":\"https:\\\/\\\/www.zillions.nl\\\/de\\\/#\\\/schema\\\/logo\\\/image\\\/\"}}]}<\/script>\n<!-- \/ Yoast SEO plugin. -->","yoast_head_json":{"title":"Vitra Hella Jongerius Poldersofa Red Mix XL - Zillions: Neue und gebrauchte Designm\u00f6bel und St\u00fchle","description":"1 vitra Hella Jongerius Poldersofa XL Rotmix 50% Rabatt auf Top-Design Neu- oder Ausstellungsst\u00fccke Lieferung mit unserem eigenen Lieferservice m\u00f6glich","robots":{"index":"index","follow":"follow","max-snippet":"max-snippet:-1","max-image-preview":"max-image-preview:large","max-video-preview":"max-video-preview:-1"},"canonical":"https:\/\/www.zillions.nl\/de\/product\/vitra-hella-jongerius-poldersofa-rood-mix-xl-kopie\/","og_locale":"de_DE","og_type":"article","og_title":"Vitra Hella Jongerius Poldersofa Rood Mix XL - Zillions: nieuw en gebruikt design meubilair en stoelen","og_description":"1 vitra Hella Jongerius Poldersofa XL Rood mix 50% korting op top design Nieuw of Showroom modellen Bezorgen kan met eigen bezorgdienst","og_url":"https:\/\/www.zillions.nl\/de\/product\/vitra-hella-jongerius-poldersofa-rood-mix-xl-kopie\/","og_site_name":"Zillions: nieuw en gebruikt design meubilair en stoelen","article_modified_time":"2025-04-24T13:11:39+00:00","og_image":[{"width":1440,"height":1080,"url":"https:\/\/www.zillions.nl\/wp-content\/uploads\/2023\/08\/xl-rood-scaled.jpg","type":"image\/jpeg"}],"twitter_card":"summary_large_image","twitter_misc":{"Est. reading time":"2 minutes"},"schema":{"@context":"https:\/\/schema.org","@graph":[{"@type":"WebPage","@id":"https:\/\/www.zillions.nl\/product\/vitra-hella-jongerius-poldersofa-rood-mix-xl-kopie\/","url":"https:\/\/www.zillions.nl\/product\/vitra-hella-jongerius-poldersofa-rood-mix-xl-kopie\/","name":"Vitra Hella Jongerius Poldersofa Red Mix XL - Zillions: Neue und gebrauchte Designm\u00f6bel und St\u00fchle","isPartOf":{"@id":"https:\/\/www.zillions.nl\/de\/#website"},"primaryImageOfPage":{"@id":"https:\/\/www.zillions.nl\/product\/vitra-hella-jongerius-poldersofa-rood-mix-xl-kopie\/#primaryimage"},"image":{"@id":"https:\/\/www.zillions.nl\/product\/vitra-hella-jongerius-poldersofa-rood-mix-xl-kopie\/#primaryimage"},"thumbnailUrl":"https:\/\/www.zillions.nl\/wp-content\/uploads\/2023\/08\/xl-rood-scaled.jpg","datePublished":"2023-08-31T19:16:53+00:00","dateModified":"2025-04-24T13:11:39+00:00","description":"1 vitra Hella Jongerius Poldersofa XL Rotmix 50% Rabatt auf Top-Design Neu- oder Ausstellungsst\u00fccke Lieferung mit unserem eigenen Lieferservice m\u00f6glich","breadcrumb":{"@id":"https:\/\/www.zillions.nl\/product\/vitra-hella-jongerius-poldersofa-rood-mix-xl-kopie\/#breadcrumb"},"inLanguage":"de-DE","potentialAction":[{"@type":"ReadAction","target":["https:\/\/www.zillions.nl\/product\/vitra-hella-jongerius-poldersofa-rood-mix-xl-kopie\/"]}]},{"@type":"ImageObject","inLanguage":"de-DE","@id":"https:\/\/www.zillions.nl\/product\/vitra-hella-jongerius-poldersofa-rood-mix-xl-kopie\/#primaryimage","url":"https:\/\/www.zillions.nl\/wp-content\/uploads\/2023\/08\/xl-rood-scaled.jpg","contentUrl":"https:\/\/www.zillions.nl\/wp-content\/uploads\/2023\/08\/xl-rood-scaled.jpg","width":1440,"height":1080},{"@type":"BreadcrumbList","@id":"https:\/\/www.zillions.nl\/product\/vitra-hella-jongerius-poldersofa-rood-mix-xl-kopie\/#breadcrumb","itemListElement":[{"@type":"ListItem","position":1,"name":"Home","item":"https:\/\/www.zillions.nl\/"},{"@type":"ListItem","position":2,"name":"Shop","item":"https:\/\/www.zillions.nl\/shop\/"},{"@type":"ListItem","position":3,"name":"Vitra Hella Jongerius Poldersofa Rood Mix XL"}]},{"@type":"WebSite","@id":"https:\/\/www.zillions.nl\/de\/#website","url":"https:\/\/www.zillions.nl\/de\/","name":"Zillionen: neue und gebrauchte Designerm\u00f6bel und St\u00fchle","description":"Willkommen bei Zillions: Zillions ist auf neue und gebrauchte Designm\u00f6bel und St\u00fchle spezialisiert.","publisher":{"@id":"https:\/\/www.zillions.nl\/de\/#organization"},"potentialAction":[{"@type":"SearchAction","target":{"@type":"EntryPoint","urlTemplate":"https:\/\/www.zillions.nl\/de\/?s={search_term_string}"},"query-input":{"@type":"PropertyValueSpecification","valueRequired":true,"valueName":"search_term_string"}}],"inLanguage":"de-DE"},{"@type":"Organization","@id":"https:\/\/www.zillions.nl\/de\/#organization","name":"Zillionen: neue und gebrauchte Designerm\u00f6bel und St\u00fchle","url":"https:\/\/www.zillions.nl\/de\/","logo":{"@type":"ImageObject","inLanguage":"de-DE","@id":"https:\/\/www.zillions.nl\/de\/#\/schema\/logo\/image\/","url":"https:\/\/www.zillions.nl\/wp-content\/uploads\/2022\/11\/zillions.svg","contentUrl":"https:\/\/www.zillions.nl\/wp-content\/uploads\/2022\/11\/zillions.svg","width":208,"height":53,"caption":"Zillions: nieuw en gebruikt design meubilair en stoelen"},"image":{"@id":"https:\/\/www.zillions.nl\/de\/#\/schema\/logo\/image\/"}}]}},"_links":{"self":[{"href":"https:\/\/www.zillions.nl\/de\/wp-json\/wp\/v2\/product\/6503","targetHints":{"allow":["GET"]}}],"collection":[{"href":"https:\/\/www.zillions.nl\/de\/wp-json\/wp\/v2\/product"}],"about":[{"href":"https:\/\/www.zillions.nl\/de\/wp-json\/wp\/v2\/types\/product"}],"wp:featuredmedia":[{"embeddable":true,"href":"https:\/\/www.zillions.nl\/de\/wp-json\/wp\/v2\/media\/9993"}],"wp:attachment":[{"href":"https:\/\/www.zillions.nl\/de\/wp-json\/wp\/v2\/media?parent=6503"}],"wp:term":[{"taxonomy":"product_brand","embeddable":true,"href":"https:\/\/www.zillions.nl\/de\/wp-json\/wp\/v2\/product_brand?post=6503"},{"taxonomy":"product_cat","embeddable":true,"href":"https:\/\/www.zillions.nl\/de\/wp-json\/wp\/v2\/product_cat?post=6503"},{"taxonomy":"product_tag","embeddable":true,"href":"https:\/\/www.zillions.nl\/de\/wp-json\/wp\/v2\/product_tag?post=6503"}],"curies":[{"name":"wp","href":"https:\/\/api.w.org\/{rel}","templated":true}]}}