{"id":5234,"date":"2023-06-15T07:37:23","date_gmt":"2023-06-15T05:37:23","guid":{"rendered":"https:\/\/www.zillions.nl\/?post_type=product&#038;p=5234"},"modified":"2025-09-24T16:40:48","modified_gmt":"2025-09-24T14:40:48","slug":"2x-leolux-scylla-fauteuils-zwart-leder","status":"publish","type":"product","link":"https:\/\/www.zillions.nl\/de\/product\/2x-leolux-scylla-fauteuils-zwart-leder\/","title":{"rendered":"Leolux Scylla Sessel aus schwarzem Leder"},"content":{"rendered":"<p>Set mit 2 wundersch\u00f6nen Leolux Scylla-Sesseln aus schwarzem Leder.<\/p>\n<p>Hergestellt aus weichem und geschmeidigem schwarzem Leder.<br \/>\nAusgestattet mit Lederarmlehnen<br \/>\nChromrahmen.<\/p>\n<p>In sch\u00f6nem Zustand.<br \/>\nKratzer- und besch\u00e4digungsfrei!<\/p>\n<p>Design: Gerard Vollenbrock<\/p>\n<p>Preis pro St\u00fcck: 995 \u20ac<br \/>\n2x ab Lager lieferbar<\/p>\n<p>Abmessungen Scylla niedrige R\u00fcckenlehne:<br \/>\nTiefe: 84 cm<br \/>\nH\u00f6he: 73 cm<br \/>\nBreite: 74 cm<br \/>\nArmh\u00f6he: 21 cm<br \/>\nSitzh\u00f6he: 43 cm<br \/>\nSitzbreite: 55 cm<br \/>\nSitztiefe: 55 cm<br \/>\nR\u00fcckenh\u00f6he: 43 cm<\/p>\n<p>Wenn Sie Fragen haben oder einen unverbindlichen Besichtigungstermin vereinbaren m\u00f6chten, k\u00f6nnen Sie sich gerne an uns wenden. Lieferung durch unseren eigenen Lieferservice m\u00f6glich!<br \/>\nBesuchen Sie auch unsere Website\/andere Anzeigen f\u00fcr viele weitere Designartikel!<\/p>\n<p><strong>Kontaktdaten (Besuch nach Vereinbarung):<\/strong><br \/>\nIndustrieweg 21<br \/>\n4131NK Vianen<br \/>\ninfo@zillions.nl<br \/>\n030 20 72 146<\/p>\n<p>F\u00fcr viel mehr Design sehen Sie sich alle unsere Anzeigen f\u00fcr Top-Marken an, wie zum Beispiel:<br \/>\nArtimide, Floss, Vitra, Eames Herman Miller, Artifort, B&amp;B Italia, Ahrend, Interstuhl, Grahl, Hay, Norman Copenhagen, Cassina, Artifort, Gispen, Leolux, Montis, Arne Jacobsen, Bert Plantagie, Design auf Lager, Rolf Benz, Jori , Harvink usw.<\/p>\n<p>Design von Top-Designern: unter anderem<\/p>\n<p>Arne Jacobsen, Charles Eames, Cees Braakman, Eero Saarinen, Poul Henningsen, Poul Kjaerholm, Verner Panton, Martin Visser, Mart Stam, Eileen Gray, Gerrit Rietveld, Pierre Paulin, Ko Liang Ie, Marcel Breuer, Rob Parry, Vico Magistretti, Hans Wegner, Borge Mogensen, Finn Juhl, Grete Jalk, Osvaldo Borsani, Isamu Noguchi, George Nelson, Geoffrey Harcourt, Ilmari Tapiovaara, Ferdinand Solere, Joe Colombo Friso Kramer, Harry Bertoia, Lisa Pape, Ettore Sottsass Paul Schuitema Bruno Mathsson<\/p>","protected":false},"excerpt":{"rendered":"<p>Set van 2 prachtige Leolux Scylla fauteuils uitgevoerd in zwart leder. Uitgevoerd in zacht en soepel zwart leder. Voorzien van lederen armleggers Chromen frame. Verkerend in prachtige conditie. Kras- en schadevrij! Ontwerp: Gerard Vollenbrock Prijs per stuk: \u20ac995 2x Uit voorraad leverbaar Afmetingen Scylla lage rug: Diepte: 84\u00a0cm Hoogte: 73\u00a0cm Breedte: 74\u00a0cm Armhoogte: 21\u00a0cm Zithoogte: [&hellip;]<\/p>\n","protected":false},"featured_media":18686,"template":"","meta":{"_acf_changed":false},"product_brand":[225],"product_cat":[16,188],"product_tag":[325],"class_list":{"0":"post-5234","1":"product","2":"type-product","3":"status-publish","4":"has-post-thumbnail","6":"product_brand-leolux","7":"product_cat-alle-producten","8":"product_cat-fauteuils","9":"product_tag-leolux","10":"pa_brands-leolux","12":"first","13":"instock","14":"purchasable","15":"product-type-simple"},"acf":[],"yoast_head":"<!-- This site is optimized with the Yoast SEO plugin v27.5 - https:\/\/yoast.com\/product\/yoast-seo-wordpress\/ -->\n<title>Leolux Scylla fauteuils zwart leder - Zillions: nieuw en gebruikt design meubilair en stoelen<\/title>\n<meta name=\"description\" content=\"Leolux Scylla fauteuil voor 50% van de winkeladviesprijs. Bezorging mogelijk middels onze eigen bezorgdienst. Nu te bestellen via onze webshop.\" \/>\n<meta name=\"robots\" content=\"index, follow, max-snippet:-1, max-image-preview:large, max-video-preview:-1\" \/>\n<link rel=\"canonical\" href=\"https:\/\/www.zillions.nl\/de\/product\/2x-leolux-scylla-fauteuils-zwart-leder\/\" \/>\n<meta property=\"og:locale\" content=\"de_DE\" \/>\n<meta property=\"og:type\" content=\"article\" \/>\n<meta property=\"og:title\" content=\"Leolux Scylla fauteuils zwart leder - Zillions: nieuw en gebruikt design meubilair en stoelen\" \/>\n<meta property=\"og:description\" content=\"Leolux Scylla fauteuil voor 50% van de winkeladviesprijs. Bezorging mogelijk middels onze eigen bezorgdienst. Nu te bestellen via onze webshop.\" \/>\n<meta property=\"og:url\" content=\"https:\/\/www.zillions.nl\/de\/product\/2x-leolux-scylla-fauteuils-zwart-leder\/\" \/>\n<meta property=\"og:site_name\" content=\"Zillions: nieuw en gebruikt design meubilair en stoelen\" \/>\n<meta property=\"article:modified_time\" content=\"2025-09-24T14:40:48+00:00\" \/>\n<meta property=\"og:image\" content=\"https:\/\/www.zillions.nl\/wp-content\/uploads\/2023\/06\/2x-Leolux-Scylla-zwart-leder-jonggebruikt-NM200419-650x650-1.jpg\" \/>\n\t<meta property=\"og:image:width\" content=\"650\" \/>\n\t<meta property=\"og:image:height\" content=\"650\" \/>\n\t<meta property=\"og:image:type\" content=\"image\/jpeg\" \/>\n<meta name=\"twitter:card\" content=\"summary_large_image\" \/>\n<meta name=\"twitter:label1\" content=\"Est. reading time\" \/>\n\t<meta name=\"twitter:data1\" content=\"2 minutes\" \/>\n<script type=\"application\/ld+json\" class=\"yoast-schema-graph\">{\"@context\":\"https:\\\/\\\/schema.org\",\"@graph\":[{\"@type\":\"WebPage\",\"@id\":\"https:\\\/\\\/www.zillions.nl\\\/product\\\/2x-leolux-scylla-fauteuils-zwart-leder\\\/\",\"url\":\"https:\\\/\\\/www.zillions.nl\\\/product\\\/2x-leolux-scylla-fauteuils-zwart-leder\\\/\",\"name\":\"Leolux Scylla fauteuils zwart leder - Zillions: nieuw en gebruikt design meubilair en stoelen\",\"isPartOf\":{\"@id\":\"https:\\\/\\\/www.zillions.nl\\\/de\\\/#website\"},\"primaryImageOfPage\":{\"@id\":\"https:\\\/\\\/www.zillions.nl\\\/product\\\/2x-leolux-scylla-fauteuils-zwart-leder\\\/#primaryimage\"},\"image\":{\"@id\":\"https:\\\/\\\/www.zillions.nl\\\/product\\\/2x-leolux-scylla-fauteuils-zwart-leder\\\/#primaryimage\"},\"thumbnailUrl\":\"https:\\\/\\\/www.zillions.nl\\\/wp-content\\\/uploads\\\/2023\\\/06\\\/2x-Leolux-Scylla-zwart-leder-jonggebruikt-NM200419-650x650-1.jpg\",\"datePublished\":\"2023-06-15T05:37:23+00:00\",\"dateModified\":\"2025-09-24T14:40:48+00:00\",\"description\":\"Leolux Scylla fauteuil voor 50% van de winkeladviesprijs. Bezorging mogelijk middels onze eigen bezorgdienst. Nu te bestellen via onze webshop.\",\"breadcrumb\":{\"@id\":\"https:\\\/\\\/www.zillions.nl\\\/product\\\/2x-leolux-scylla-fauteuils-zwart-leder\\\/#breadcrumb\"},\"inLanguage\":\"de-DE\",\"potentialAction\":[{\"@type\":\"ReadAction\",\"target\":[\"https:\\\/\\\/www.zillions.nl\\\/product\\\/2x-leolux-scylla-fauteuils-zwart-leder\\\/\"]}]},{\"@type\":\"ImageObject\",\"inLanguage\":\"de-DE\",\"@id\":\"https:\\\/\\\/www.zillions.nl\\\/product\\\/2x-leolux-scylla-fauteuils-zwart-leder\\\/#primaryimage\",\"url\":\"https:\\\/\\\/www.zillions.nl\\\/wp-content\\\/uploads\\\/2023\\\/06\\\/2x-Leolux-Scylla-zwart-leder-jonggebruikt-NM200419-650x650-1.jpg\",\"contentUrl\":\"https:\\\/\\\/www.zillions.nl\\\/wp-content\\\/uploads\\\/2023\\\/06\\\/2x-Leolux-Scylla-zwart-leder-jonggebruikt-NM200419-650x650-1.jpg\",\"width\":650,\"height\":650},{\"@type\":\"BreadcrumbList\",\"@id\":\"https:\\\/\\\/www.zillions.nl\\\/product\\\/2x-leolux-scylla-fauteuils-zwart-leder\\\/#breadcrumb\",\"itemListElement\":[{\"@type\":\"ListItem\",\"position\":1,\"name\":\"Home\",\"item\":\"https:\\\/\\\/www.zillions.nl\\\/\"},{\"@type\":\"ListItem\",\"position\":2,\"name\":\"Shop\",\"item\":\"https:\\\/\\\/www.zillions.nl\\\/shop\\\/\"},{\"@type\":\"ListItem\",\"position\":3,\"name\":\"Leolux Scylla fauteuils zwart leder\"}]},{\"@type\":\"WebSite\",\"@id\":\"https:\\\/\\\/www.zillions.nl\\\/de\\\/#website\",\"url\":\"https:\\\/\\\/www.zillions.nl\\\/de\\\/\",\"name\":\"Zillions: nieuw en gebruikt design meubilair en stoelen\",\"description\":\"Welkom bij Zillions: Zillions is gespecialiseerd in nieuw en gebruikt design meubilair en stoelen.\",\"publisher\":{\"@id\":\"https:\\\/\\\/www.zillions.nl\\\/de\\\/#organization\"},\"potentialAction\":[{\"@type\":\"SearchAction\",\"target\":{\"@type\":\"EntryPoint\",\"urlTemplate\":\"https:\\\/\\\/www.zillions.nl\\\/de\\\/?s={search_term_string}\"},\"query-input\":{\"@type\":\"PropertyValueSpecification\",\"valueRequired\":true,\"valueName\":\"search_term_string\"}}],\"inLanguage\":\"de-DE\"},{\"@type\":\"Organization\",\"@id\":\"https:\\\/\\\/www.zillions.nl\\\/de\\\/#organization\",\"name\":\"Zillions: nieuw en gebruikt design meubilair en stoelen\",\"url\":\"https:\\\/\\\/www.zillions.nl\\\/de\\\/\",\"logo\":{\"@type\":\"ImageObject\",\"inLanguage\":\"de-DE\",\"@id\":\"https:\\\/\\\/www.zillions.nl\\\/de\\\/#\\\/schema\\\/logo\\\/image\\\/\",\"url\":\"https:\\\/\\\/www.zillions.nl\\\/wp-content\\\/uploads\\\/2022\\\/11\\\/zillions.svg\",\"contentUrl\":\"https:\\\/\\\/www.zillions.nl\\\/wp-content\\\/uploads\\\/2022\\\/11\\\/zillions.svg\",\"width\":208,\"height\":53,\"caption\":\"Zillions: nieuw en gebruikt design meubilair en stoelen\"},\"image\":{\"@id\":\"https:\\\/\\\/www.zillions.nl\\\/de\\\/#\\\/schema\\\/logo\\\/image\\\/\"}}]}<\/script>\n<!-- \/ Yoast SEO plugin. -->","yoast_head_json":{"title":"Leolux Scylla Sessel aus schwarzem Leder \u2013 Zillions: Neue und gebrauchte Designerm\u00f6bel und Sessel","description":"Leolux Scylla Sessel f\u00fcr 50% zum empfohlenen Verkaufspreis. Lieferung durch unseren eigenen Lieferservice m\u00f6glich. Bestellen Sie jetzt \u00fcber unseren Webshop.","robots":{"index":"index","follow":"follow","max-snippet":"max-snippet:-1","max-image-preview":"max-image-preview:large","max-video-preview":"max-video-preview:-1"},"canonical":"https:\/\/www.zillions.nl\/de\/product\/2x-leolux-scylla-fauteuils-zwart-leder\/","og_locale":"de_DE","og_type":"article","og_title":"Leolux Scylla fauteuils zwart leder - Zillions: nieuw en gebruikt design meubilair en stoelen","og_description":"Leolux Scylla fauteuil voor 50% van de winkeladviesprijs. Bezorging mogelijk middels onze eigen bezorgdienst. Nu te bestellen via onze webshop.","og_url":"https:\/\/www.zillions.nl\/de\/product\/2x-leolux-scylla-fauteuils-zwart-leder\/","og_site_name":"Zillions: nieuw en gebruikt design meubilair en stoelen","article_modified_time":"2025-09-24T14:40:48+00:00","og_image":[{"width":650,"height":650,"url":"https:\/\/www.zillions.nl\/wp-content\/uploads\/2023\/06\/2x-Leolux-Scylla-zwart-leder-jonggebruikt-NM200419-650x650-1.jpg","type":"image\/jpeg"}],"twitter_card":"summary_large_image","twitter_misc":{"Est. reading time":"2 minutes"},"schema":{"@context":"https:\/\/schema.org","@graph":[{"@type":"WebPage","@id":"https:\/\/www.zillions.nl\/product\/2x-leolux-scylla-fauteuils-zwart-leder\/","url":"https:\/\/www.zillions.nl\/product\/2x-leolux-scylla-fauteuils-zwart-leder\/","name":"Leolux Scylla Sessel aus schwarzem Leder \u2013 Zillions: Neue und gebrauchte Designerm\u00f6bel und Sessel","isPartOf":{"@id":"https:\/\/www.zillions.nl\/de\/#website"},"primaryImageOfPage":{"@id":"https:\/\/www.zillions.nl\/product\/2x-leolux-scylla-fauteuils-zwart-leder\/#primaryimage"},"image":{"@id":"https:\/\/www.zillions.nl\/product\/2x-leolux-scylla-fauteuils-zwart-leder\/#primaryimage"},"thumbnailUrl":"https:\/\/www.zillions.nl\/wp-content\/uploads\/2023\/06\/2x-Leolux-Scylla-zwart-leder-jonggebruikt-NM200419-650x650-1.jpg","datePublished":"2023-06-15T05:37:23+00:00","dateModified":"2025-09-24T14:40:48+00:00","description":"Leolux Scylla Sessel f\u00fcr 50% zum empfohlenen Verkaufspreis. Lieferung durch unseren eigenen Lieferservice m\u00f6glich. Bestellen Sie jetzt \u00fcber unseren Webshop.","breadcrumb":{"@id":"https:\/\/www.zillions.nl\/product\/2x-leolux-scylla-fauteuils-zwart-leder\/#breadcrumb"},"inLanguage":"de-DE","potentialAction":[{"@type":"ReadAction","target":["https:\/\/www.zillions.nl\/product\/2x-leolux-scylla-fauteuils-zwart-leder\/"]}]},{"@type":"ImageObject","inLanguage":"de-DE","@id":"https:\/\/www.zillions.nl\/product\/2x-leolux-scylla-fauteuils-zwart-leder\/#primaryimage","url":"https:\/\/www.zillions.nl\/wp-content\/uploads\/2023\/06\/2x-Leolux-Scylla-zwart-leder-jonggebruikt-NM200419-650x650-1.jpg","contentUrl":"https:\/\/www.zillions.nl\/wp-content\/uploads\/2023\/06\/2x-Leolux-Scylla-zwart-leder-jonggebruikt-NM200419-650x650-1.jpg","width":650,"height":650},{"@type":"BreadcrumbList","@id":"https:\/\/www.zillions.nl\/product\/2x-leolux-scylla-fauteuils-zwart-leder\/#breadcrumb","itemListElement":[{"@type":"ListItem","position":1,"name":"Home","item":"https:\/\/www.zillions.nl\/"},{"@type":"ListItem","position":2,"name":"Shop","item":"https:\/\/www.zillions.nl\/shop\/"},{"@type":"ListItem","position":3,"name":"Leolux Scylla fauteuils zwart leder"}]},{"@type":"WebSite","@id":"https:\/\/www.zillions.nl\/de\/#website","url":"https:\/\/www.zillions.nl\/de\/","name":"Zillionen: neue und gebrauchte Designerm\u00f6bel und St\u00fchle","description":"Willkommen bei Zillions: Zillions ist auf neue und gebrauchte Designm\u00f6bel und St\u00fchle spezialisiert.","publisher":{"@id":"https:\/\/www.zillions.nl\/de\/#organization"},"potentialAction":[{"@type":"SearchAction","target":{"@type":"EntryPoint","urlTemplate":"https:\/\/www.zillions.nl\/de\/?s={search_term_string}"},"query-input":{"@type":"PropertyValueSpecification","valueRequired":true,"valueName":"search_term_string"}}],"inLanguage":"de-DE"},{"@type":"Organization","@id":"https:\/\/www.zillions.nl\/de\/#organization","name":"Zillionen: neue und gebrauchte Designerm\u00f6bel und St\u00fchle","url":"https:\/\/www.zillions.nl\/de\/","logo":{"@type":"ImageObject","inLanguage":"de-DE","@id":"https:\/\/www.zillions.nl\/de\/#\/schema\/logo\/image\/","url":"https:\/\/www.zillions.nl\/wp-content\/uploads\/2022\/11\/zillions.svg","contentUrl":"https:\/\/www.zillions.nl\/wp-content\/uploads\/2022\/11\/zillions.svg","width":208,"height":53,"caption":"Zillions: nieuw en gebruikt design meubilair en stoelen"},"image":{"@id":"https:\/\/www.zillions.nl\/de\/#\/schema\/logo\/image\/"}}]}},"_links":{"self":[{"href":"https:\/\/www.zillions.nl\/de\/wp-json\/wp\/v2\/product\/5234","targetHints":{"allow":["GET"]}}],"collection":[{"href":"https:\/\/www.zillions.nl\/de\/wp-json\/wp\/v2\/product"}],"about":[{"href":"https:\/\/www.zillions.nl\/de\/wp-json\/wp\/v2\/types\/product"}],"wp:featuredmedia":[{"embeddable":true,"href":"https:\/\/www.zillions.nl\/de\/wp-json\/wp\/v2\/media\/18686"}],"wp:attachment":[{"href":"https:\/\/www.zillions.nl\/de\/wp-json\/wp\/v2\/media?parent=5234"}],"wp:term":[{"taxonomy":"product_brand","embeddable":true,"href":"https:\/\/www.zillions.nl\/de\/wp-json\/wp\/v2\/product_brand?post=5234"},{"taxonomy":"product_cat","embeddable":true,"href":"https:\/\/www.zillions.nl\/de\/wp-json\/wp\/v2\/product_cat?post=5234"},{"taxonomy":"product_tag","embeddable":true,"href":"https:\/\/www.zillions.nl\/de\/wp-json\/wp\/v2\/product_tag?post=5234"}],"curies":[{"name":"wp","href":"https:\/\/api.w.org\/{rel}","templated":true}]}}