{"id":5225,"date":"2023-06-15T07:37:23","date_gmt":"2023-06-15T05:37:23","guid":{"rendered":"https:\/\/www.zillions.nl\/?post_type=product&#038;p=5225"},"modified":"2025-06-27T21:52:12","modified_gmt":"2025-06-27T19:52:12","slug":"leolux-goncharov-fauteuil-gestreepte-stof-gepolijst","status":"publish","type":"product","link":"https:\/\/www.zillions.nl\/de\/product\/leolux-goncharov-fauteuil-gestreepte-stof-gepolijst\/","title":{"rendered":"Leolux Goncharov Sessel, gestreifter Stoff, poliert"},"content":{"rendered":"<p>Leolux Goncharov Sessel in gestreiftem Stoff \u2013 Beine aus poliertem Aluminium<\/p>\n<p>Dieser Leolux Goncharov-Sessel ist aus gestreiftem Stoff gefertigt und hat Beine aus poliertem Aluminium. Das moderne Design vereint Komfort und Flexibilit\u00e4t mit einer verstellbaren Kopfst\u00fctze, die sich m\u00fchelos an unterschiedliche K\u00f6rpergr\u00f6\u00dfen anpasst. Die hohe R\u00fcckenlehne und der ergonomische Sitz bieten optimalen Halt, w\u00e4hrend die Polsterung f\u00fcr eine edle Optik sorgt. Dank seines zeitlosen Designs passt der Goncharov sowohl in moderne als auch in klassische Einrichtungen und ist somit eine elegante Erg\u00e4nzung f\u00fcr jeden Wohnraum. Der Sessel ist 100% Original und verf\u00fcgt \u00fcber alle Echtheitsmerkmale.<\/p>\n<p style=\"font-weight: 400;\"><strong>Zustand:<\/strong> jung verwendet; Nur kurze Zeit genutzt und in gutem Zustand<\/p>\n<p style=\"font-weight: 400;\"><strong>Lieferung ab Lager<\/strong><\/p>\n<p style=\"font-weight: 400;\"><strong>Hinweis: <\/strong>Die angezeigten Preise sind <u>pro St\u00fcck<\/u>!<\/p>\n<p>Spezifikationen:<br \/>\n<strong>Sitz:<\/strong> Stoff, braun\/blau\/wei\u00df; gestreift<br \/>\n<strong>Base:<\/strong> Aluminium, poliert<br \/>\n<strong>R\u00fcckenh\u00f6he:<\/strong> 59 cm<br \/>\n<strong>L\u00e4nge:<\/strong> 85 cm<br \/>\n<strong>Breite:<\/strong> 89 cm<br \/>\n<strong>H\u00f6he:<\/strong> 90 cm<br \/>\n<strong>Sitzh\u00f6he:<\/strong> 42 cm<br \/>\n<strong>Sitztiefe:<\/strong> 54 cm<\/p>\n<p>Wenn Sie Fragen haben oder einen unverbindlichen Besichtigungstermin vereinbaren m\u00f6chten, k\u00f6nnen Sie sich gerne an uns wenden. Lieferung durch unseren eigenen Lieferservice m\u00f6glich! Besuchen Sie auch unsere Website f\u00fcr viele weitere Designartikel oder besuchen Sie unseren 1000 m2 gro\u00dfen Showroom virtuell \u00fcber das Video unseres Showrooms auf der Homepage!<\/p>\n<p><strong>Kontaktdaten (Besuch nach Vereinbarung):<\/strong><br \/>\nIndustrieweg 21<br \/>\n4131NK Vianen<br \/>\ninfo@zillions.nl<br \/>\n030 20 72 146<\/p>","protected":false},"excerpt":{"rendered":"<p>Leolux Goncharov fauteuil in gestreepte stof &#8211; gepolijst aluminium poten Deze Leolux Goncharov fauteuil is uitgevoerd in een gestreepte stof en voorzien van gepolijste aluminium poten. Het eigentijdse ontwerp combineert comfort en flexibiliteit, met een verstelbare hoofdsteun die zich moeiteloos aanpast aan verschillende lichaamslengtes. De hoge rug en ergonomische zitting bieden optimale ondersteuning, terwijl de [&hellip;]<\/p>\n","protected":false},"featured_media":14976,"template":"","meta":{"_acf_changed":false},"product_brand":[225],"product_cat":[16,188],"product_tag":[325],"class_list":{"0":"post-5225","1":"product","2":"type-product","3":"status-publish","4":"has-post-thumbnail","6":"product_brand-leolux","7":"product_cat-alle-producten","8":"product_cat-fauteuils","9":"product_tag-leolux","10":"pa_brands-leolux","12":"first","13":"outofstock","14":"sale","15":"purchasable","16":"product-type-simple"},"acf":[],"yoast_head":"<!-- This site is optimized with the Yoast SEO plugin v27.5 - https:\/\/yoast.com\/product\/yoast-seo-wordpress\/ -->\n<title>Leolux Goncharov Fauteuil Gestreepte Stof - Gepolijst<\/title>\n<meta name=\"description\" content=\"Leolux Goncharov fauteuil in gestreepte stof | Eenvoudig te bestellen via onze webshop. Ontdek dit model en vele anderen in ons ruime assortiment!\" \/>\n<meta name=\"robots\" content=\"index, follow, max-snippet:-1, max-image-preview:large, max-video-preview:-1\" \/>\n<link rel=\"canonical\" href=\"https:\/\/www.zillions.nl\/de\/product\/leolux-goncharov-fauteuil-gestreepte-stof-gepolijst\/\" \/>\n<meta property=\"og:locale\" content=\"de_DE\" \/>\n<meta property=\"og:type\" content=\"article\" \/>\n<meta property=\"og:title\" content=\"Leolux Goncharov Fauteuil Gestreepte Stof - Gepolijst\" \/>\n<meta property=\"og:description\" content=\"Leolux Goncharov fauteuil in gestreepte stof | Eenvoudig te bestellen via onze webshop. Ontdek dit model en vele anderen in ons ruime assortiment!\" \/>\n<meta property=\"og:url\" content=\"https:\/\/www.zillions.nl\/de\/product\/leolux-goncharov-fauteuil-gestreepte-stof-gepolijst\/\" \/>\n<meta property=\"og:site_name\" content=\"Zillions: nieuw en gebruikt design meubilair en stoelen\" \/>\n<meta property=\"article:modified_time\" content=\"2025-06-27T19:52:12+00:00\" \/>\n<meta property=\"og:image\" content=\"https:\/\/www.zillions.nl\/wp-content\/uploads\/2023\/06\/Leolux-Goncharov-grijswitzwart-gestreept-CAM02702.jpg\" \/>\n\t<meta property=\"og:image:width\" content=\"1080\" \/>\n\t<meta property=\"og:image:height\" content=\"1080\" \/>\n\t<meta property=\"og:image:type\" content=\"image\/jpeg\" \/>\n<meta name=\"twitter:card\" content=\"summary_large_image\" \/>\n<meta name=\"twitter:label1\" content=\"Est. reading time\" \/>\n\t<meta name=\"twitter:data1\" content=\"2 minutes\" \/>\n<script type=\"application\/ld+json\" class=\"yoast-schema-graph\">{\"@context\":\"https:\\\/\\\/schema.org\",\"@graph\":[{\"@type\":\"WebPage\",\"@id\":\"https:\\\/\\\/www.zillions.nl\\\/product\\\/leolux-goncharov-fauteuil-gestreepte-stof-gepolijst\\\/\",\"url\":\"https:\\\/\\\/www.zillions.nl\\\/product\\\/leolux-goncharov-fauteuil-gestreepte-stof-gepolijst\\\/\",\"name\":\"Leolux Goncharov Fauteuil Gestreepte Stof - Gepolijst\",\"isPartOf\":{\"@id\":\"https:\\\/\\\/www.zillions.nl\\\/de\\\/#website\"},\"primaryImageOfPage\":{\"@id\":\"https:\\\/\\\/www.zillions.nl\\\/product\\\/leolux-goncharov-fauteuil-gestreepte-stof-gepolijst\\\/#primaryimage\"},\"image\":{\"@id\":\"https:\\\/\\\/www.zillions.nl\\\/product\\\/leolux-goncharov-fauteuil-gestreepte-stof-gepolijst\\\/#primaryimage\"},\"thumbnailUrl\":\"https:\\\/\\\/www.zillions.nl\\\/wp-content\\\/uploads\\\/2023\\\/06\\\/Leolux-Goncharov-grijswitzwart-gestreept-CAM02702.jpg\",\"datePublished\":\"2023-06-15T05:37:23+00:00\",\"dateModified\":\"2025-06-27T19:52:12+00:00\",\"description\":\"Leolux Goncharov fauteuil in gestreepte stof | Eenvoudig te bestellen via onze webshop. Ontdek dit model en vele anderen in ons ruime assortiment!\",\"breadcrumb\":{\"@id\":\"https:\\\/\\\/www.zillions.nl\\\/product\\\/leolux-goncharov-fauteuil-gestreepte-stof-gepolijst\\\/#breadcrumb\"},\"inLanguage\":\"de-DE\",\"potentialAction\":[{\"@type\":\"ReadAction\",\"target\":[\"https:\\\/\\\/www.zillions.nl\\\/product\\\/leolux-goncharov-fauteuil-gestreepte-stof-gepolijst\\\/\"]}]},{\"@type\":\"ImageObject\",\"inLanguage\":\"de-DE\",\"@id\":\"https:\\\/\\\/www.zillions.nl\\\/product\\\/leolux-goncharov-fauteuil-gestreepte-stof-gepolijst\\\/#primaryimage\",\"url\":\"https:\\\/\\\/www.zillions.nl\\\/wp-content\\\/uploads\\\/2023\\\/06\\\/Leolux-Goncharov-grijswitzwart-gestreept-CAM02702.jpg\",\"contentUrl\":\"https:\\\/\\\/www.zillions.nl\\\/wp-content\\\/uploads\\\/2023\\\/06\\\/Leolux-Goncharov-grijswitzwart-gestreept-CAM02702.jpg\",\"width\":1080,\"height\":1080},{\"@type\":\"BreadcrumbList\",\"@id\":\"https:\\\/\\\/www.zillions.nl\\\/product\\\/leolux-goncharov-fauteuil-gestreepte-stof-gepolijst\\\/#breadcrumb\",\"itemListElement\":[{\"@type\":\"ListItem\",\"position\":1,\"name\":\"Home\",\"item\":\"https:\\\/\\\/www.zillions.nl\\\/\"},{\"@type\":\"ListItem\",\"position\":2,\"name\":\"Shop\",\"item\":\"https:\\\/\\\/www.zillions.nl\\\/shop\\\/\"},{\"@type\":\"ListItem\",\"position\":3,\"name\":\"Leolux Goncharov Fauteuil Gestreepte Stof &#8211; Gepolijst\"}]},{\"@type\":\"WebSite\",\"@id\":\"https:\\\/\\\/www.zillions.nl\\\/de\\\/#website\",\"url\":\"https:\\\/\\\/www.zillions.nl\\\/de\\\/\",\"name\":\"Zillions: nieuw en gebruikt design meubilair en stoelen\",\"description\":\"Welkom bij Zillions: Zillions is gespecialiseerd in nieuw en gebruikt design meubilair en stoelen.\",\"publisher\":{\"@id\":\"https:\\\/\\\/www.zillions.nl\\\/de\\\/#organization\"},\"potentialAction\":[{\"@type\":\"SearchAction\",\"target\":{\"@type\":\"EntryPoint\",\"urlTemplate\":\"https:\\\/\\\/www.zillions.nl\\\/de\\\/?s={search_term_string}\"},\"query-input\":{\"@type\":\"PropertyValueSpecification\",\"valueRequired\":true,\"valueName\":\"search_term_string\"}}],\"inLanguage\":\"de-DE\"},{\"@type\":\"Organization\",\"@id\":\"https:\\\/\\\/www.zillions.nl\\\/de\\\/#organization\",\"name\":\"Zillions: nieuw en gebruikt design meubilair en stoelen\",\"url\":\"https:\\\/\\\/www.zillions.nl\\\/de\\\/\",\"logo\":{\"@type\":\"ImageObject\",\"inLanguage\":\"de-DE\",\"@id\":\"https:\\\/\\\/www.zillions.nl\\\/de\\\/#\\\/schema\\\/logo\\\/image\\\/\",\"url\":\"https:\\\/\\\/www.zillions.nl\\\/wp-content\\\/uploads\\\/2022\\\/11\\\/zillions.svg\",\"contentUrl\":\"https:\\\/\\\/www.zillions.nl\\\/wp-content\\\/uploads\\\/2022\\\/11\\\/zillions.svg\",\"width\":208,\"height\":53,\"caption\":\"Zillions: nieuw en gebruikt design meubilair en stoelen\"},\"image\":{\"@id\":\"https:\\\/\\\/www.zillions.nl\\\/de\\\/#\\\/schema\\\/logo\\\/image\\\/\"}}]}<\/script>\n<!-- \/ Yoast SEO plugin. -->","yoast_head_json":{"title":"Leolux Goncharov Sessel, gestreifter Stoff - Poliert","description":"Leolux Goncharov Sessel in gestreiftem Stoff | Einfach \u00fcber unseren Webshop bestellen. Entdecken Sie dieses und viele weitere Modelle aus unserem umfangreichen Sortiment!","robots":{"index":"index","follow":"follow","max-snippet":"max-snippet:-1","max-image-preview":"max-image-preview:large","max-video-preview":"max-video-preview:-1"},"canonical":"https:\/\/www.zillions.nl\/de\/product\/leolux-goncharov-fauteuil-gestreepte-stof-gepolijst\/","og_locale":"de_DE","og_type":"article","og_title":"Leolux Goncharov Fauteuil Gestreepte Stof - Gepolijst","og_description":"Leolux Goncharov fauteuil in gestreepte stof | Eenvoudig te bestellen via onze webshop. Ontdek dit model en vele anderen in ons ruime assortiment!","og_url":"https:\/\/www.zillions.nl\/de\/product\/leolux-goncharov-fauteuil-gestreepte-stof-gepolijst\/","og_site_name":"Zillions: nieuw en gebruikt design meubilair en stoelen","article_modified_time":"2025-06-27T19:52:12+00:00","og_image":[{"width":1080,"height":1080,"url":"https:\/\/www.zillions.nl\/wp-content\/uploads\/2023\/06\/Leolux-Goncharov-grijswitzwart-gestreept-CAM02702.jpg","type":"image\/jpeg"}],"twitter_card":"summary_large_image","twitter_misc":{"Est. reading time":"2 minutes"},"schema":{"@context":"https:\/\/schema.org","@graph":[{"@type":"WebPage","@id":"https:\/\/www.zillions.nl\/product\/leolux-goncharov-fauteuil-gestreepte-stof-gepolijst\/","url":"https:\/\/www.zillions.nl\/product\/leolux-goncharov-fauteuil-gestreepte-stof-gepolijst\/","name":"Leolux Goncharov Sessel, gestreifter Stoff - Poliert","isPartOf":{"@id":"https:\/\/www.zillions.nl\/de\/#website"},"primaryImageOfPage":{"@id":"https:\/\/www.zillions.nl\/product\/leolux-goncharov-fauteuil-gestreepte-stof-gepolijst\/#primaryimage"},"image":{"@id":"https:\/\/www.zillions.nl\/product\/leolux-goncharov-fauteuil-gestreepte-stof-gepolijst\/#primaryimage"},"thumbnailUrl":"https:\/\/www.zillions.nl\/wp-content\/uploads\/2023\/06\/Leolux-Goncharov-grijswitzwart-gestreept-CAM02702.jpg","datePublished":"2023-06-15T05:37:23+00:00","dateModified":"2025-06-27T19:52:12+00:00","description":"Leolux Goncharov Sessel in gestreiftem Stoff | Einfach \u00fcber unseren Webshop bestellen. Entdecken Sie dieses und viele weitere Modelle aus unserem umfangreichen Sortiment!","breadcrumb":{"@id":"https:\/\/www.zillions.nl\/product\/leolux-goncharov-fauteuil-gestreepte-stof-gepolijst\/#breadcrumb"},"inLanguage":"de-DE","potentialAction":[{"@type":"ReadAction","target":["https:\/\/www.zillions.nl\/product\/leolux-goncharov-fauteuil-gestreepte-stof-gepolijst\/"]}]},{"@type":"ImageObject","inLanguage":"de-DE","@id":"https:\/\/www.zillions.nl\/product\/leolux-goncharov-fauteuil-gestreepte-stof-gepolijst\/#primaryimage","url":"https:\/\/www.zillions.nl\/wp-content\/uploads\/2023\/06\/Leolux-Goncharov-grijswitzwart-gestreept-CAM02702.jpg","contentUrl":"https:\/\/www.zillions.nl\/wp-content\/uploads\/2023\/06\/Leolux-Goncharov-grijswitzwart-gestreept-CAM02702.jpg","width":1080,"height":1080},{"@type":"BreadcrumbList","@id":"https:\/\/www.zillions.nl\/product\/leolux-goncharov-fauteuil-gestreepte-stof-gepolijst\/#breadcrumb","itemListElement":[{"@type":"ListItem","position":1,"name":"Home","item":"https:\/\/www.zillions.nl\/"},{"@type":"ListItem","position":2,"name":"Shop","item":"https:\/\/www.zillions.nl\/shop\/"},{"@type":"ListItem","position":3,"name":"Leolux Goncharov Fauteuil Gestreepte Stof &#8211; Gepolijst"}]},{"@type":"WebSite","@id":"https:\/\/www.zillions.nl\/de\/#website","url":"https:\/\/www.zillions.nl\/de\/","name":"Zillionen: neue und gebrauchte Designerm\u00f6bel und St\u00fchle","description":"Willkommen bei Zillions: Zillions ist auf neue und gebrauchte Designm\u00f6bel und St\u00fchle spezialisiert.","publisher":{"@id":"https:\/\/www.zillions.nl\/de\/#organization"},"potentialAction":[{"@type":"SearchAction","target":{"@type":"EntryPoint","urlTemplate":"https:\/\/www.zillions.nl\/de\/?s={search_term_string}"},"query-input":{"@type":"PropertyValueSpecification","valueRequired":true,"valueName":"search_term_string"}}],"inLanguage":"de-DE"},{"@type":"Organization","@id":"https:\/\/www.zillions.nl\/de\/#organization","name":"Zillionen: neue und gebrauchte Designerm\u00f6bel und St\u00fchle","url":"https:\/\/www.zillions.nl\/de\/","logo":{"@type":"ImageObject","inLanguage":"de-DE","@id":"https:\/\/www.zillions.nl\/de\/#\/schema\/logo\/image\/","url":"https:\/\/www.zillions.nl\/wp-content\/uploads\/2022\/11\/zillions.svg","contentUrl":"https:\/\/www.zillions.nl\/wp-content\/uploads\/2022\/11\/zillions.svg","width":208,"height":53,"caption":"Zillions: nieuw en gebruikt design meubilair en stoelen"},"image":{"@id":"https:\/\/www.zillions.nl\/de\/#\/schema\/logo\/image\/"}}]}},"_links":{"self":[{"href":"https:\/\/www.zillions.nl\/de\/wp-json\/wp\/v2\/product\/5225","targetHints":{"allow":["GET"]}}],"collection":[{"href":"https:\/\/www.zillions.nl\/de\/wp-json\/wp\/v2\/product"}],"about":[{"href":"https:\/\/www.zillions.nl\/de\/wp-json\/wp\/v2\/types\/product"}],"wp:featuredmedia":[{"embeddable":true,"href":"https:\/\/www.zillions.nl\/de\/wp-json\/wp\/v2\/media\/14976"}],"wp:attachment":[{"href":"https:\/\/www.zillions.nl\/de\/wp-json\/wp\/v2\/media?parent=5225"}],"wp:term":[{"taxonomy":"product_brand","embeddable":true,"href":"https:\/\/www.zillions.nl\/de\/wp-json\/wp\/v2\/product_brand?post=5225"},{"taxonomy":"product_cat","embeddable":true,"href":"https:\/\/www.zillions.nl\/de\/wp-json\/wp\/v2\/product_cat?post=5225"},{"taxonomy":"product_tag","embeddable":true,"href":"https:\/\/www.zillions.nl\/de\/wp-json\/wp\/v2\/product_tag?post=5225"}],"curies":[{"name":"wp","href":"https:\/\/api.w.org\/{rel}","templated":true}]}}