{"id":5221,"date":"2023-06-15T07:37:22","date_gmt":"2023-06-15T05:37:22","guid":{"rendered":"https:\/\/www.zillions.nl\/?post_type=product&#038;p=5221"},"modified":"2026-01-14T12:09:31","modified_gmt":"2026-01-14T11:09:31","slug":"3x-leolux-scylla-creme-stof-met-motief-maze-lage-rug","status":"publish","type":"product","link":"https:\/\/www.zillions.nl\/de\/product\/3x-leolux-scylla-creme-stof-met-motief-maze-lage-rug\/","title":{"rendered":"Cremefarbener Leolux Scylla-Stoff mit Motiv (Labyrinth) \u2013 niedriger R\u00fccken"},"content":{"rendered":"<p>Cremefarbener Leolux Scylla-Stoff mit Motiv (Labyrinth) \u2013 niedriger R\u00fccken<\/p>\n<p>Hergestellt aus Labyrinthstoff, cremefarben.<br \/>\nHergestellt in Flavor mit Stoffmotiv.<\/p>\n<p>Beine und R\u00fcckenrohr: Chrom<\/p>\n<p>100% im originalen und v\u00f6llig kratzerfreien Zustand.<\/p>\n<p>Design: Gerard Vollenbrock<\/p>\n<p>Sessel jetzt bei uns f\u00fcr 995 \u20ac zu verkaufen.<br \/>\n(Auch in der Version mit hoher R\u00fcckenlehne erh\u00e4ltlich).<\/p>\n<p>Abmessungen Scylla niedrige R\u00fcckenlehne:<br \/>\nTiefe: 84 cm<br \/>\nH\u00f6he: 73 cm<br \/>\nBreite: 74 cm<br \/>\nArmh\u00f6he: 21 cm<br \/>\nSitzh\u00f6he: 43 cm<br \/>\nSitzbreite: 55 cm<br \/>\nSitztiefe: 55 cm<br \/>\nR\u00fcckenh\u00f6he: 43 cm<\/p>\n<p>Wenn Sie Fragen haben oder einen unverbindlichen Besichtigungstermin vereinbaren m\u00f6chten, k\u00f6nnen Sie sich gerne an uns wenden. Lieferung durch unseren eigenen Lieferservice m\u00f6glich! Besuchen Sie auch unsere Website f\u00fcr viele weitere Designartikel oder besuchen Sie unseren 1000 m2 gro\u00dfen Showroom virtuell \u00fcber das Video unseres Showrooms auf der Homepage!<\/p>\n<p><strong>Kontaktdaten (Besuch nach Vereinbarung):<\/strong><br \/>\nIndustrieweg 21<br \/>\n4131NK Vianen<br \/>\ninfo@all-in-one-design.nl<br \/>\n030 20 72 049<\/p>\n<p>F\u00fcr viel mehr Design sehen Sie sich alle unsere Anzeigen f\u00fcr Top-Marken wie Leolux, Montis, Arne Jacobsen, Bert Plantagie, Design on Stock, Rolf Benz, Jori, Harvink usw. an.<\/p>","protected":false},"excerpt":{"rendered":"<p>Leolux Scylla cr\u00eame stof met motief (maze) &#8211; lage rug Uitgevoerd in maze stof, kleur cr\u00eame. Uitgevoerd in Flavour met een motief stof. Poten en rugbuis: Chroom 100% in originele en volledige krasvrije staat. Ontwerp: Gerard Vollenbrock Fauteuil nu bij ons te koop voor \u20ac995. (Evt. ook verkrijgbaar in uitvoering met hoge rug). Afmetingen Scylla [&hellip;]<\/p>\n","protected":false},"featured_media":9178,"template":"","meta":{"_acf_changed":false},"product_brand":[225],"product_cat":[16,188],"product_tag":[325],"class_list":{"0":"post-5221","1":"product","2":"type-product","3":"status-publish","4":"has-post-thumbnail","6":"product_brand-leolux","7":"product_cat-alle-producten","8":"product_cat-fauteuils","9":"product_tag-leolux","10":"pa_brands-leolux","12":"first","13":"outofstock","14":"purchasable","15":"product-type-simple"},"acf":[],"yoast_head":"<!-- This site is optimized with the Yoast SEO plugin v27.5 - https:\/\/yoast.com\/product\/yoast-seo-wordpress\/ -->\n<title>Leolux Scylla cr\u00eame stof met motief (maze) - lage rug - Zillions: nieuw en gebruikt design meubilair en stoelen<\/title>\n<meta name=\"description\" content=\"Leolux Scylla fauteuil voor 50% van de winkeladviesprijs. Bezorging mogelijk middels onze eigen bezorgdienst. Nu te bestellen via onze webshop.\" \/>\n<meta name=\"robots\" content=\"index, follow, max-snippet:-1, max-image-preview:large, max-video-preview:-1\" \/>\n<link rel=\"canonical\" href=\"https:\/\/www.zillions.nl\/de\/product\/3x-leolux-scylla-creme-stof-met-motief-maze-lage-rug\/\" \/>\n<meta property=\"og:locale\" content=\"de_DE\" \/>\n<meta property=\"og:type\" content=\"article\" \/>\n<meta property=\"og:title\" content=\"Leolux Scylla cr\u00eame stof met motief (maze) - lage rug - Zillions: nieuw en gebruikt design meubilair en stoelen\" \/>\n<meta property=\"og:description\" content=\"Leolux Scylla fauteuil voor 50% van de winkeladviesprijs. Bezorging mogelijk middels onze eigen bezorgdienst. Nu te bestellen via onze webshop.\" \/>\n<meta property=\"og:url\" content=\"https:\/\/www.zillions.nl\/de\/product\/3x-leolux-scylla-creme-stof-met-motief-maze-lage-rug\/\" \/>\n<meta property=\"og:site_name\" content=\"Zillions: nieuw en gebruikt design meubilair en stoelen\" \/>\n<meta property=\"article:modified_time\" content=\"2026-01-14T11:09:31+00:00\" \/>\n<meta property=\"og:image\" content=\"https:\/\/www.zillions.nl\/wp-content\/uploads\/2023\/06\/1x-Leolux-Scylla-creme-wit-rondjes-motief_NM14105.jpg\" \/>\n\t<meta property=\"og:image:width\" content=\"1080\" \/>\n\t<meta property=\"og:image:height\" content=\"1080\" \/>\n\t<meta property=\"og:image:type\" content=\"image\/jpeg\" \/>\n<meta name=\"twitter:card\" content=\"summary_large_image\" \/>\n<meta name=\"twitter:label1\" content=\"Est. reading time\" \/>\n\t<meta name=\"twitter:data1\" content=\"2 minutes\" \/>\n<script type=\"application\/ld+json\" class=\"yoast-schema-graph\">{\"@context\":\"https:\\\/\\\/schema.org\",\"@graph\":[{\"@type\":\"WebPage\",\"@id\":\"https:\\\/\\\/www.zillions.nl\\\/product\\\/3x-leolux-scylla-creme-stof-met-motief-maze-lage-rug\\\/\",\"url\":\"https:\\\/\\\/www.zillions.nl\\\/product\\\/3x-leolux-scylla-creme-stof-met-motief-maze-lage-rug\\\/\",\"name\":\"Leolux Scylla cr\u00eame stof met motief (maze) - lage rug - Zillions: nieuw en gebruikt design meubilair en stoelen\",\"isPartOf\":{\"@id\":\"https:\\\/\\\/www.zillions.nl\\\/de\\\/#website\"},\"primaryImageOfPage\":{\"@id\":\"https:\\\/\\\/www.zillions.nl\\\/product\\\/3x-leolux-scylla-creme-stof-met-motief-maze-lage-rug\\\/#primaryimage\"},\"image\":{\"@id\":\"https:\\\/\\\/www.zillions.nl\\\/product\\\/3x-leolux-scylla-creme-stof-met-motief-maze-lage-rug\\\/#primaryimage\"},\"thumbnailUrl\":\"https:\\\/\\\/www.zillions.nl\\\/wp-content\\\/uploads\\\/2023\\\/06\\\/1x-Leolux-Scylla-creme-wit-rondjes-motief_NM14105.jpg\",\"datePublished\":\"2023-06-15T05:37:22+00:00\",\"dateModified\":\"2026-01-14T11:09:31+00:00\",\"description\":\"Leolux Scylla fauteuil voor 50% van de winkeladviesprijs. Bezorging mogelijk middels onze eigen bezorgdienst. Nu te bestellen via onze webshop.\",\"breadcrumb\":{\"@id\":\"https:\\\/\\\/www.zillions.nl\\\/product\\\/3x-leolux-scylla-creme-stof-met-motief-maze-lage-rug\\\/#breadcrumb\"},\"inLanguage\":\"de-DE\",\"potentialAction\":[{\"@type\":\"ReadAction\",\"target\":[\"https:\\\/\\\/www.zillions.nl\\\/product\\\/3x-leolux-scylla-creme-stof-met-motief-maze-lage-rug\\\/\"]}]},{\"@type\":\"ImageObject\",\"inLanguage\":\"de-DE\",\"@id\":\"https:\\\/\\\/www.zillions.nl\\\/product\\\/3x-leolux-scylla-creme-stof-met-motief-maze-lage-rug\\\/#primaryimage\",\"url\":\"https:\\\/\\\/www.zillions.nl\\\/wp-content\\\/uploads\\\/2023\\\/06\\\/1x-Leolux-Scylla-creme-wit-rondjes-motief_NM14105.jpg\",\"contentUrl\":\"https:\\\/\\\/www.zillions.nl\\\/wp-content\\\/uploads\\\/2023\\\/06\\\/1x-Leolux-Scylla-creme-wit-rondjes-motief_NM14105.jpg\",\"width\":1080,\"height\":1080},{\"@type\":\"BreadcrumbList\",\"@id\":\"https:\\\/\\\/www.zillions.nl\\\/product\\\/3x-leolux-scylla-creme-stof-met-motief-maze-lage-rug\\\/#breadcrumb\",\"itemListElement\":[{\"@type\":\"ListItem\",\"position\":1,\"name\":\"Home\",\"item\":\"https:\\\/\\\/www.zillions.nl\\\/\"},{\"@type\":\"ListItem\",\"position\":2,\"name\":\"Shop\",\"item\":\"https:\\\/\\\/www.zillions.nl\\\/shop\\\/\"},{\"@type\":\"ListItem\",\"position\":3,\"name\":\"Leolux Scylla cr\u00eame stof met motief (maze) &#8211; lage rug\"}]},{\"@type\":\"WebSite\",\"@id\":\"https:\\\/\\\/www.zillions.nl\\\/de\\\/#website\",\"url\":\"https:\\\/\\\/www.zillions.nl\\\/de\\\/\",\"name\":\"Zillions: nieuw en gebruikt design meubilair en stoelen\",\"description\":\"Welkom bij Zillions: Zillions is gespecialiseerd in nieuw en gebruikt design meubilair en stoelen.\",\"publisher\":{\"@id\":\"https:\\\/\\\/www.zillions.nl\\\/de\\\/#organization\"},\"potentialAction\":[{\"@type\":\"SearchAction\",\"target\":{\"@type\":\"EntryPoint\",\"urlTemplate\":\"https:\\\/\\\/www.zillions.nl\\\/de\\\/?s={search_term_string}\"},\"query-input\":{\"@type\":\"PropertyValueSpecification\",\"valueRequired\":true,\"valueName\":\"search_term_string\"}}],\"inLanguage\":\"de-DE\"},{\"@type\":\"Organization\",\"@id\":\"https:\\\/\\\/www.zillions.nl\\\/de\\\/#organization\",\"name\":\"Zillions: nieuw en gebruikt design meubilair en stoelen\",\"url\":\"https:\\\/\\\/www.zillions.nl\\\/de\\\/\",\"logo\":{\"@type\":\"ImageObject\",\"inLanguage\":\"de-DE\",\"@id\":\"https:\\\/\\\/www.zillions.nl\\\/de\\\/#\\\/schema\\\/logo\\\/image\\\/\",\"url\":\"https:\\\/\\\/www.zillions.nl\\\/wp-content\\\/uploads\\\/2022\\\/11\\\/zillions.svg\",\"contentUrl\":\"https:\\\/\\\/www.zillions.nl\\\/wp-content\\\/uploads\\\/2022\\\/11\\\/zillions.svg\",\"width\":208,\"height\":53,\"caption\":\"Zillions: nieuw en gebruikt design meubilair en stoelen\"},\"image\":{\"@id\":\"https:\\\/\\\/www.zillions.nl\\\/de\\\/#\\\/schema\\\/logo\\\/image\\\/\"}}]}<\/script>\n<!-- \/ Yoast SEO plugin. -->","yoast_head_json":{"title":"Leolux Scylla cremefarbener Stoff mit Labyrinthmuster \u2013 niedrige R\u00fcckenlehne \u2013 Zillions: neue und gebrauchte Designerm\u00f6bel und St\u00fchle","description":"Leolux Scylla Sessel f\u00fcr 50% zum empfohlenen Verkaufspreis. Lieferung durch unseren eigenen Lieferservice m\u00f6glich. Bestellen Sie jetzt \u00fcber unseren Webshop.","robots":{"index":"index","follow":"follow","max-snippet":"max-snippet:-1","max-image-preview":"max-image-preview:large","max-video-preview":"max-video-preview:-1"},"canonical":"https:\/\/www.zillions.nl\/de\/product\/3x-leolux-scylla-creme-stof-met-motief-maze-lage-rug\/","og_locale":"de_DE","og_type":"article","og_title":"Leolux Scylla cr\u00eame stof met motief (maze) - lage rug - Zillions: nieuw en gebruikt design meubilair en stoelen","og_description":"Leolux Scylla fauteuil voor 50% van de winkeladviesprijs. Bezorging mogelijk middels onze eigen bezorgdienst. Nu te bestellen via onze webshop.","og_url":"https:\/\/www.zillions.nl\/de\/product\/3x-leolux-scylla-creme-stof-met-motief-maze-lage-rug\/","og_site_name":"Zillions: nieuw en gebruikt design meubilair en stoelen","article_modified_time":"2026-01-14T11:09:31+00:00","og_image":[{"width":1080,"height":1080,"url":"https:\/\/www.zillions.nl\/wp-content\/uploads\/2023\/06\/1x-Leolux-Scylla-creme-wit-rondjes-motief_NM14105.jpg","type":"image\/jpeg"}],"twitter_card":"summary_large_image","twitter_misc":{"Est. reading time":"2 minutes"},"schema":{"@context":"https:\/\/schema.org","@graph":[{"@type":"WebPage","@id":"https:\/\/www.zillions.nl\/product\/3x-leolux-scylla-creme-stof-met-motief-maze-lage-rug\/","url":"https:\/\/www.zillions.nl\/product\/3x-leolux-scylla-creme-stof-met-motief-maze-lage-rug\/","name":"Leolux Scylla cremefarbener Stoff mit Labyrinthmuster \u2013 niedrige R\u00fcckenlehne \u2013 Zillions: neue und gebrauchte Designerm\u00f6bel und St\u00fchle","isPartOf":{"@id":"https:\/\/www.zillions.nl\/de\/#website"},"primaryImageOfPage":{"@id":"https:\/\/www.zillions.nl\/product\/3x-leolux-scylla-creme-stof-met-motief-maze-lage-rug\/#primaryimage"},"image":{"@id":"https:\/\/www.zillions.nl\/product\/3x-leolux-scylla-creme-stof-met-motief-maze-lage-rug\/#primaryimage"},"thumbnailUrl":"https:\/\/www.zillions.nl\/wp-content\/uploads\/2023\/06\/1x-Leolux-Scylla-creme-wit-rondjes-motief_NM14105.jpg","datePublished":"2023-06-15T05:37:22+00:00","dateModified":"2026-01-14T11:09:31+00:00","description":"Leolux Scylla Sessel f\u00fcr 50% zum empfohlenen Verkaufspreis. Lieferung durch unseren eigenen Lieferservice m\u00f6glich. Bestellen Sie jetzt \u00fcber unseren Webshop.","breadcrumb":{"@id":"https:\/\/www.zillions.nl\/product\/3x-leolux-scylla-creme-stof-met-motief-maze-lage-rug\/#breadcrumb"},"inLanguage":"de-DE","potentialAction":[{"@type":"ReadAction","target":["https:\/\/www.zillions.nl\/product\/3x-leolux-scylla-creme-stof-met-motief-maze-lage-rug\/"]}]},{"@type":"ImageObject","inLanguage":"de-DE","@id":"https:\/\/www.zillions.nl\/product\/3x-leolux-scylla-creme-stof-met-motief-maze-lage-rug\/#primaryimage","url":"https:\/\/www.zillions.nl\/wp-content\/uploads\/2023\/06\/1x-Leolux-Scylla-creme-wit-rondjes-motief_NM14105.jpg","contentUrl":"https:\/\/www.zillions.nl\/wp-content\/uploads\/2023\/06\/1x-Leolux-Scylla-creme-wit-rondjes-motief_NM14105.jpg","width":1080,"height":1080},{"@type":"BreadcrumbList","@id":"https:\/\/www.zillions.nl\/product\/3x-leolux-scylla-creme-stof-met-motief-maze-lage-rug\/#breadcrumb","itemListElement":[{"@type":"ListItem","position":1,"name":"Home","item":"https:\/\/www.zillions.nl\/"},{"@type":"ListItem","position":2,"name":"Shop","item":"https:\/\/www.zillions.nl\/shop\/"},{"@type":"ListItem","position":3,"name":"Leolux Scylla cr\u00eame stof met motief (maze) &#8211; lage rug"}]},{"@type":"WebSite","@id":"https:\/\/www.zillions.nl\/de\/#website","url":"https:\/\/www.zillions.nl\/de\/","name":"Zillionen: neue und gebrauchte Designerm\u00f6bel und St\u00fchle","description":"Willkommen bei Zillions: Zillions ist auf neue und gebrauchte Designm\u00f6bel und St\u00fchle spezialisiert.","publisher":{"@id":"https:\/\/www.zillions.nl\/de\/#organization"},"potentialAction":[{"@type":"SearchAction","target":{"@type":"EntryPoint","urlTemplate":"https:\/\/www.zillions.nl\/de\/?s={search_term_string}"},"query-input":{"@type":"PropertyValueSpecification","valueRequired":true,"valueName":"search_term_string"}}],"inLanguage":"de-DE"},{"@type":"Organization","@id":"https:\/\/www.zillions.nl\/de\/#organization","name":"Zillionen: neue und gebrauchte Designerm\u00f6bel und St\u00fchle","url":"https:\/\/www.zillions.nl\/de\/","logo":{"@type":"ImageObject","inLanguage":"de-DE","@id":"https:\/\/www.zillions.nl\/de\/#\/schema\/logo\/image\/","url":"https:\/\/www.zillions.nl\/wp-content\/uploads\/2022\/11\/zillions.svg","contentUrl":"https:\/\/www.zillions.nl\/wp-content\/uploads\/2022\/11\/zillions.svg","width":208,"height":53,"caption":"Zillions: nieuw en gebruikt design meubilair en stoelen"},"image":{"@id":"https:\/\/www.zillions.nl\/de\/#\/schema\/logo\/image\/"}}]}},"_links":{"self":[{"href":"https:\/\/www.zillions.nl\/de\/wp-json\/wp\/v2\/product\/5221","targetHints":{"allow":["GET"]}}],"collection":[{"href":"https:\/\/www.zillions.nl\/de\/wp-json\/wp\/v2\/product"}],"about":[{"href":"https:\/\/www.zillions.nl\/de\/wp-json\/wp\/v2\/types\/product"}],"wp:featuredmedia":[{"embeddable":true,"href":"https:\/\/www.zillions.nl\/de\/wp-json\/wp\/v2\/media\/9178"}],"wp:attachment":[{"href":"https:\/\/www.zillions.nl\/de\/wp-json\/wp\/v2\/media?parent=5221"}],"wp:term":[{"taxonomy":"product_brand","embeddable":true,"href":"https:\/\/www.zillions.nl\/de\/wp-json\/wp\/v2\/product_brand?post=5221"},{"taxonomy":"product_cat","embeddable":true,"href":"https:\/\/www.zillions.nl\/de\/wp-json\/wp\/v2\/product_cat?post=5221"},{"taxonomy":"product_tag","embeddable":true,"href":"https:\/\/www.zillions.nl\/de\/wp-json\/wp\/v2\/product_tag?post=5221"}],"curies":[{"name":"wp","href":"https:\/\/api.w.org\/{rel}","templated":true}]}}