{"id":5216,"date":"2023-06-15T07:37:22","date_gmt":"2023-06-15T05:37:22","guid":{"rendered":"https:\/\/www.zillions.nl\/?post_type=product&#038;p=5216"},"modified":"2025-09-24T16:11:03","modified_gmt":"2025-09-24T14:11:03","slug":"2x-leolux-oblomov-zwart-leder-in-nieuwstaat","status":"publish","type":"product","link":"https:\/\/www.zillions.nl\/de\/product\/2x-leolux-oblomov-zwart-leder-in-nieuwstaat\/","title":{"rendered":"Leolux Oblomov schwarzes Leder in neuem Zustand"},"content":{"rendered":"<p>2x Leolux Oblomov Sessel aus schwarzem Leder<\/p>\n<p>Im Neuzustand!<\/p>\n<p>100% frei von Kratzern und Besch\u00e4digungen<br \/>\nDesign Braun &amp; Maniatis<\/p>\n<p>Ma\u00dfe:<br \/>\nMa\u00dfe: 80 cm breit, 96 cm tief, 78 cm hoch, 55 cm Sitztiefe, 40 cm Sitzh\u00f6he.<\/p>\n<p>Neupreis ab 3599 \u20ac,<br \/>\nUnser Preis pro St\u00fcck: \u20ac1495,-<\/p>\n<p>Menge auf Lager: 2<\/p>\n<p>Wenn Sie Fragen haben oder einen unverbindlichen Besichtigungstermin vereinbaren m\u00f6chten, k\u00f6nnen Sie sich gerne an uns wenden. Lieferung durch unseren eigenen Lieferservice m\u00f6glich! Besuchen Sie unsere Website f\u00fcr viele weitere Designartikel!<\/p>\n<p><strong>Kontaktdaten (Besuch nach Vereinbarung):<\/strong><br \/>\nIndustrieweg 21<br \/>\n4131NK Vianen<br \/>\ninfo@zillions.nl<br \/>\n030 20 72 146<\/p>\n<p>F\u00fcr viel mehr Design sehen Sie sich alle unsere Anzeigen f\u00fcr Top-Marken an, wie zum Beispiel:<br \/>\nArtimide, Floss, Vitra, Eames Herman Miller, Artifort, B&amp;B Italia, Ahrend, Interstuhl, Grahl, Hay, Norman Copenhagen, Cassina, Artifort, Gispen, Leolux, Montis, Arne Jacobsen, Bert Plantagie, Design auf Lager, Rolf Benz, Jori , Harvink usw.<\/p>\n<p>Design von Top-Designern: unter anderem<\/p>\n<p>Arne Jacobsen, Charles Eames, Cees Braakman, Eero Saarinen, Poul Henningsen, Poul Kjaerholm, Verner Panton, Martin Visser, Mart Stam, Eileen Gray, Gerrit Rietveld, Pierre Paulin, Ko Liang Ie, Marcel Breuer, Rob Parry, Vico Magistretti, Hans Wegner, Borge Mogensen, Finn Juhl, Grete Jalk, Osvaldo Borsani, Isamu Noguchi, George Nelson, Geoffrey Harcourt, Ilmari Tapiovaara, Ferdinand Solere, Joe Colombo Friso Kramer, Harry Bertoia, Lisa Pape, Ettore Sottsass Paul Schuitema Bruno Mathsson<\/p>","protected":false},"excerpt":{"rendered":"<p>2x Leolux Oblomov fauteuils zwart leder In nieuwstaat! 100% kras- en schadevrij Design Braun &amp; Maniatis Afmetingen: Maten: 80 cm breed, 96 cm diep, 78 cm hoog, 55 cm zitdiepte, 40 cm zithoogte. Nieuwprijs vanaf \u20ac3599, Onze prijs per stuk: \u20ac1495,- Aantal op voorraad: 2 Voor vragen of het vrijblijvend maken van een afspraak om [&hellip;]<\/p>\n","protected":false},"featured_media":18669,"template":"","meta":{"_acf_changed":false},"product_brand":[225],"product_cat":[16,188],"product_tag":[325],"class_list":{"0":"post-5216","1":"product","2":"type-product","3":"status-publish","4":"has-post-thumbnail","6":"product_brand-leolux","7":"product_cat-alle-producten","8":"product_cat-fauteuils","9":"product_tag-leolux","10":"pa_brands-leolux","12":"first","13":"instock","14":"purchasable","15":"product-type-simple"},"acf":[],"yoast_head":"<!-- This site is optimized with the Yoast SEO plugin v27.5 - https:\/\/yoast.com\/product\/yoast-seo-wordpress\/ -->\n<title>Leolux Oblomov zwart leder in nieuwstaat - Zillions: nieuw en gebruikt design meubilair en stoelen<\/title>\n<meta name=\"description\" content=\"Leolux Oblomov fauteuil voor 50% van de winkeladviesprijs. Bezorging mogelijk middels onze eigen bezorgdienst. Nu te bestellen via onze webshop.\" \/>\n<meta name=\"robots\" content=\"index, follow, max-snippet:-1, max-image-preview:large, max-video-preview:-1\" \/>\n<link rel=\"canonical\" href=\"https:\/\/www.zillions.nl\/de\/product\/2x-leolux-oblomov-zwart-leder-in-nieuwstaat\/\" \/>\n<meta property=\"og:locale\" content=\"de_DE\" \/>\n<meta property=\"og:type\" content=\"article\" \/>\n<meta property=\"og:title\" content=\"Leolux Oblomov zwart leder in nieuwstaat - Zillions: nieuw en gebruikt design meubilair en stoelen\" \/>\n<meta property=\"og:description\" content=\"Leolux Oblomov fauteuil voor 50% van de winkeladviesprijs. Bezorging mogelijk middels onze eigen bezorgdienst. Nu te bestellen via onze webshop.\" \/>\n<meta property=\"og:url\" content=\"https:\/\/www.zillions.nl\/de\/product\/2x-leolux-oblomov-zwart-leder-in-nieuwstaat\/\" \/>\n<meta property=\"og:site_name\" content=\"Zillions: nieuw en gebruikt design meubilair en stoelen\" \/>\n<meta property=\"article:modified_time\" content=\"2025-09-24T14:11:03+00:00\" \/>\n<meta property=\"og:image\" content=\"https:\/\/www.zillions.nl\/wp-content\/uploads\/2023\/06\/3-7-24-131-650x650-1.jpg\" \/>\n\t<meta property=\"og:image:width\" content=\"650\" \/>\n\t<meta property=\"og:image:height\" content=\"650\" \/>\n\t<meta property=\"og:image:type\" content=\"image\/jpeg\" \/>\n<meta name=\"twitter:card\" content=\"summary_large_image\" \/>\n<meta name=\"twitter:label1\" content=\"Est. reading time\" \/>\n\t<meta name=\"twitter:data1\" content=\"2 minutes\" \/>\n<script type=\"application\/ld+json\" class=\"yoast-schema-graph\">{\"@context\":\"https:\\\/\\\/schema.org\",\"@graph\":[{\"@type\":\"WebPage\",\"@id\":\"https:\\\/\\\/www.zillions.nl\\\/product\\\/2x-leolux-oblomov-zwart-leder-in-nieuwstaat\\\/\",\"url\":\"https:\\\/\\\/www.zillions.nl\\\/product\\\/2x-leolux-oblomov-zwart-leder-in-nieuwstaat\\\/\",\"name\":\"Leolux Oblomov zwart leder in nieuwstaat - Zillions: nieuw en gebruikt design meubilair en stoelen\",\"isPartOf\":{\"@id\":\"https:\\\/\\\/www.zillions.nl\\\/de\\\/#website\"},\"primaryImageOfPage\":{\"@id\":\"https:\\\/\\\/www.zillions.nl\\\/product\\\/2x-leolux-oblomov-zwart-leder-in-nieuwstaat\\\/#primaryimage\"},\"image\":{\"@id\":\"https:\\\/\\\/www.zillions.nl\\\/product\\\/2x-leolux-oblomov-zwart-leder-in-nieuwstaat\\\/#primaryimage\"},\"thumbnailUrl\":\"https:\\\/\\\/www.zillions.nl\\\/wp-content\\\/uploads\\\/2023\\\/06\\\/3-7-24-131-650x650-1.jpg\",\"datePublished\":\"2023-06-15T05:37:22+00:00\",\"dateModified\":\"2025-09-24T14:11:03+00:00\",\"description\":\"Leolux Oblomov fauteuil voor 50% van de winkeladviesprijs. Bezorging mogelijk middels onze eigen bezorgdienst. Nu te bestellen via onze webshop.\",\"breadcrumb\":{\"@id\":\"https:\\\/\\\/www.zillions.nl\\\/product\\\/2x-leolux-oblomov-zwart-leder-in-nieuwstaat\\\/#breadcrumb\"},\"inLanguage\":\"de-DE\",\"potentialAction\":[{\"@type\":\"ReadAction\",\"target\":[\"https:\\\/\\\/www.zillions.nl\\\/product\\\/2x-leolux-oblomov-zwart-leder-in-nieuwstaat\\\/\"]}]},{\"@type\":\"ImageObject\",\"inLanguage\":\"de-DE\",\"@id\":\"https:\\\/\\\/www.zillions.nl\\\/product\\\/2x-leolux-oblomov-zwart-leder-in-nieuwstaat\\\/#primaryimage\",\"url\":\"https:\\\/\\\/www.zillions.nl\\\/wp-content\\\/uploads\\\/2023\\\/06\\\/3-7-24-131-650x650-1.jpg\",\"contentUrl\":\"https:\\\/\\\/www.zillions.nl\\\/wp-content\\\/uploads\\\/2023\\\/06\\\/3-7-24-131-650x650-1.jpg\",\"width\":650,\"height\":650},{\"@type\":\"BreadcrumbList\",\"@id\":\"https:\\\/\\\/www.zillions.nl\\\/product\\\/2x-leolux-oblomov-zwart-leder-in-nieuwstaat\\\/#breadcrumb\",\"itemListElement\":[{\"@type\":\"ListItem\",\"position\":1,\"name\":\"Home\",\"item\":\"https:\\\/\\\/www.zillions.nl\\\/\"},{\"@type\":\"ListItem\",\"position\":2,\"name\":\"Shop\",\"item\":\"https:\\\/\\\/www.zillions.nl\\\/shop\\\/\"},{\"@type\":\"ListItem\",\"position\":3,\"name\":\"Leolux Oblomov zwart leder in nieuwstaat\"}]},{\"@type\":\"WebSite\",\"@id\":\"https:\\\/\\\/www.zillions.nl\\\/de\\\/#website\",\"url\":\"https:\\\/\\\/www.zillions.nl\\\/de\\\/\",\"name\":\"Zillions: nieuw en gebruikt design meubilair en stoelen\",\"description\":\"Welkom bij Zillions: Zillions is gespecialiseerd in nieuw en gebruikt design meubilair en stoelen.\",\"publisher\":{\"@id\":\"https:\\\/\\\/www.zillions.nl\\\/de\\\/#organization\"},\"potentialAction\":[{\"@type\":\"SearchAction\",\"target\":{\"@type\":\"EntryPoint\",\"urlTemplate\":\"https:\\\/\\\/www.zillions.nl\\\/de\\\/?s={search_term_string}\"},\"query-input\":{\"@type\":\"PropertyValueSpecification\",\"valueRequired\":true,\"valueName\":\"search_term_string\"}}],\"inLanguage\":\"de-DE\"},{\"@type\":\"Organization\",\"@id\":\"https:\\\/\\\/www.zillions.nl\\\/de\\\/#organization\",\"name\":\"Zillions: nieuw en gebruikt design meubilair en stoelen\",\"url\":\"https:\\\/\\\/www.zillions.nl\\\/de\\\/\",\"logo\":{\"@type\":\"ImageObject\",\"inLanguage\":\"de-DE\",\"@id\":\"https:\\\/\\\/www.zillions.nl\\\/de\\\/#\\\/schema\\\/logo\\\/image\\\/\",\"url\":\"https:\\\/\\\/www.zillions.nl\\\/wp-content\\\/uploads\\\/2022\\\/11\\\/zillions.svg\",\"contentUrl\":\"https:\\\/\\\/www.zillions.nl\\\/wp-content\\\/uploads\\\/2022\\\/11\\\/zillions.svg\",\"width\":208,\"height\":53,\"caption\":\"Zillions: nieuw en gebruikt design meubilair en stoelen\"},\"image\":{\"@id\":\"https:\\\/\\\/www.zillions.nl\\\/de\\\/#\\\/schema\\\/logo\\\/image\\\/\"}}]}<\/script>\n<!-- \/ Yoast SEO plugin. -->","yoast_head_json":{"title":"Leolux Oblomov aus schwarzem Leder, neuwertiger Zustand \u2013 Zillions: Neue und gebrauchte Designerm\u00f6bel und St\u00fchle","description":"Leolux Oblomov Sessel f\u00fcr Modell 50% zum empfohlenen Verkaufspreis. Lieferung \u00fcber unseren eigenen Lieferservice. Jetzt in unserem Webshop bestellen.","robots":{"index":"index","follow":"follow","max-snippet":"max-snippet:-1","max-image-preview":"max-image-preview:large","max-video-preview":"max-video-preview:-1"},"canonical":"https:\/\/www.zillions.nl\/de\/product\/2x-leolux-oblomov-zwart-leder-in-nieuwstaat\/","og_locale":"de_DE","og_type":"article","og_title":"Leolux Oblomov zwart leder in nieuwstaat - Zillions: nieuw en gebruikt design meubilair en stoelen","og_description":"Leolux Oblomov fauteuil voor 50% van de winkeladviesprijs. Bezorging mogelijk middels onze eigen bezorgdienst. Nu te bestellen via onze webshop.","og_url":"https:\/\/www.zillions.nl\/de\/product\/2x-leolux-oblomov-zwart-leder-in-nieuwstaat\/","og_site_name":"Zillions: nieuw en gebruikt design meubilair en stoelen","article_modified_time":"2025-09-24T14:11:03+00:00","og_image":[{"width":650,"height":650,"url":"https:\/\/www.zillions.nl\/wp-content\/uploads\/2023\/06\/3-7-24-131-650x650-1.jpg","type":"image\/jpeg"}],"twitter_card":"summary_large_image","twitter_misc":{"Est. reading time":"2 minutes"},"schema":{"@context":"https:\/\/schema.org","@graph":[{"@type":"WebPage","@id":"https:\/\/www.zillions.nl\/product\/2x-leolux-oblomov-zwart-leder-in-nieuwstaat\/","url":"https:\/\/www.zillions.nl\/product\/2x-leolux-oblomov-zwart-leder-in-nieuwstaat\/","name":"Leolux Oblomov aus schwarzem Leder, neuwertiger Zustand \u2013 Zillions: Neue und gebrauchte Designerm\u00f6bel und St\u00fchle","isPartOf":{"@id":"https:\/\/www.zillions.nl\/de\/#website"},"primaryImageOfPage":{"@id":"https:\/\/www.zillions.nl\/product\/2x-leolux-oblomov-zwart-leder-in-nieuwstaat\/#primaryimage"},"image":{"@id":"https:\/\/www.zillions.nl\/product\/2x-leolux-oblomov-zwart-leder-in-nieuwstaat\/#primaryimage"},"thumbnailUrl":"https:\/\/www.zillions.nl\/wp-content\/uploads\/2023\/06\/3-7-24-131-650x650-1.jpg","datePublished":"2023-06-15T05:37:22+00:00","dateModified":"2025-09-24T14:11:03+00:00","description":"Leolux Oblomov Sessel f\u00fcr Modell 50% zum empfohlenen Verkaufspreis. Lieferung \u00fcber unseren eigenen Lieferservice. Jetzt in unserem Webshop bestellen.","breadcrumb":{"@id":"https:\/\/www.zillions.nl\/product\/2x-leolux-oblomov-zwart-leder-in-nieuwstaat\/#breadcrumb"},"inLanguage":"de-DE","potentialAction":[{"@type":"ReadAction","target":["https:\/\/www.zillions.nl\/product\/2x-leolux-oblomov-zwart-leder-in-nieuwstaat\/"]}]},{"@type":"ImageObject","inLanguage":"de-DE","@id":"https:\/\/www.zillions.nl\/product\/2x-leolux-oblomov-zwart-leder-in-nieuwstaat\/#primaryimage","url":"https:\/\/www.zillions.nl\/wp-content\/uploads\/2023\/06\/3-7-24-131-650x650-1.jpg","contentUrl":"https:\/\/www.zillions.nl\/wp-content\/uploads\/2023\/06\/3-7-24-131-650x650-1.jpg","width":650,"height":650},{"@type":"BreadcrumbList","@id":"https:\/\/www.zillions.nl\/product\/2x-leolux-oblomov-zwart-leder-in-nieuwstaat\/#breadcrumb","itemListElement":[{"@type":"ListItem","position":1,"name":"Home","item":"https:\/\/www.zillions.nl\/"},{"@type":"ListItem","position":2,"name":"Shop","item":"https:\/\/www.zillions.nl\/shop\/"},{"@type":"ListItem","position":3,"name":"Leolux Oblomov zwart leder in nieuwstaat"}]},{"@type":"WebSite","@id":"https:\/\/www.zillions.nl\/de\/#website","url":"https:\/\/www.zillions.nl\/de\/","name":"Zillionen: neue und gebrauchte Designerm\u00f6bel und St\u00fchle","description":"Willkommen bei Zillions: Zillions ist auf neue und gebrauchte Designm\u00f6bel und St\u00fchle spezialisiert.","publisher":{"@id":"https:\/\/www.zillions.nl\/de\/#organization"},"potentialAction":[{"@type":"SearchAction","target":{"@type":"EntryPoint","urlTemplate":"https:\/\/www.zillions.nl\/de\/?s={search_term_string}"},"query-input":{"@type":"PropertyValueSpecification","valueRequired":true,"valueName":"search_term_string"}}],"inLanguage":"de-DE"},{"@type":"Organization","@id":"https:\/\/www.zillions.nl\/de\/#organization","name":"Zillionen: neue und gebrauchte Designerm\u00f6bel und St\u00fchle","url":"https:\/\/www.zillions.nl\/de\/","logo":{"@type":"ImageObject","inLanguage":"de-DE","@id":"https:\/\/www.zillions.nl\/de\/#\/schema\/logo\/image\/","url":"https:\/\/www.zillions.nl\/wp-content\/uploads\/2022\/11\/zillions.svg","contentUrl":"https:\/\/www.zillions.nl\/wp-content\/uploads\/2022\/11\/zillions.svg","width":208,"height":53,"caption":"Zillions: nieuw en gebruikt design meubilair en stoelen"},"image":{"@id":"https:\/\/www.zillions.nl\/de\/#\/schema\/logo\/image\/"}}]}},"_links":{"self":[{"href":"https:\/\/www.zillions.nl\/de\/wp-json\/wp\/v2\/product\/5216","targetHints":{"allow":["GET"]}}],"collection":[{"href":"https:\/\/www.zillions.nl\/de\/wp-json\/wp\/v2\/product"}],"about":[{"href":"https:\/\/www.zillions.nl\/de\/wp-json\/wp\/v2\/types\/product"}],"wp:featuredmedia":[{"embeddable":true,"href":"https:\/\/www.zillions.nl\/de\/wp-json\/wp\/v2\/media\/18669"}],"wp:attachment":[{"href":"https:\/\/www.zillions.nl\/de\/wp-json\/wp\/v2\/media?parent=5216"}],"wp:term":[{"taxonomy":"product_brand","embeddable":true,"href":"https:\/\/www.zillions.nl\/de\/wp-json\/wp\/v2\/product_brand?post=5216"},{"taxonomy":"product_cat","embeddable":true,"href":"https:\/\/www.zillions.nl\/de\/wp-json\/wp\/v2\/product_cat?post=5216"},{"taxonomy":"product_tag","embeddable":true,"href":"https:\/\/www.zillions.nl\/de\/wp-json\/wp\/v2\/product_tag?post=5216"}],"curies":[{"name":"wp","href":"https:\/\/api.w.org\/{rel}","templated":true}]}}