{"id":5196,"date":"2023-06-15T07:37:20","date_gmt":"2023-06-15T05:37:20","guid":{"rendered":"https:\/\/www.zillions.nl\/?post_type=product&#038;p=5196"},"modified":"2024-10-22T19:58:24","modified_gmt":"2024-10-22T17:58:24","slug":"leolux-pallone-zwart-met-groen-nieuwstaat","status":"publish","type":"product","link":"https:\/\/www.zillions.nl\/de\/product\/leolux-pallone-zwart-met-groen-nieuwstaat\/","title":{"rendered":"Leolux Pallone \u2013 schwarz, mit gr\u00fcn, neuwertiger Zustand!"},"content":{"rendered":"<p>1 wundersch\u00f6ner Leolux Pallone-Sessel in der Farbgebung; schwarz\/gr\u00fcn<\/p>\n<p>Wie neu.<\/p>\n<p>Design: Roy de Scheemaker<\/p>\n<p>Menge auf Lager: 1<\/p>\n<p>Neuer Preis in Bearbeitung: 1749,00 \u20ac pro Sessel. Jetzt bei uns f\u00fcr 995,00 \u20ac pro St\u00fcck erh\u00e4ltlich.<\/p>\n<p>Ma\u00dfe:<br \/>\nTiefe 84 cm<br \/>\nH\u00f6he 73 cm<br \/>\nBreite 86 cm<br \/>\nSitzh\u00f6he 41 cm<br \/>\nSitztiefe 60 cm<br \/>\nR\u00fcckenh\u00f6he 40 cm<\/p>\n<p>Viele weitere Pallones finden Sie in unseren anderen Angeboten!<\/p>\n<p>Wenn Sie Fragen haben oder einen unverbindlichen Besichtigungstermin vereinbaren m\u00f6chten, k\u00f6nnen Sie sich gerne an uns wenden.<br \/>\nLieferung durch unseren eigenen Lieferservice m\u00f6glich! Besuchen Sie unsere Website f\u00fcr viele weitere Designartikel!<\/p>\n<p><strong>Kontaktdaten (Besuch nach Vereinbarung):<\/strong><br \/>\nIndustrieweg 21<br \/>\n4131NK Vianen<br \/>\ninfo@zillions.nl<br \/>\n030 20 72 146<\/p>\n<p>F\u00fcr viel mehr Design sehen Sie sich alle unsere Anzeigen f\u00fcr Top-Marken an, wie zum Beispiel:<br \/>\nArtimide, Floss, Vitra, Eames Herman Miller, Artifort, B&amp;B Italia, Ahrend, Interstuhl, Grahl, Hay, Norman Copenhagen, Cassina, Artifort, Gispen, Leolux, Montis, Arne Jacobsen, Bert Plantagie, Design auf Lager, Rolf Benz, Jori , Harvink usw.<\/p>\n<p>Design von Top-Designern: unter anderem<\/p>\n<p>Arne Jacobsen, Charles Eames, Cees Braakman, Eero Saarinen, Poul Henningsen, Poul Kjaerholm, Verner Panton, Martin Visser, Mart Stam, Eileen Gray, Gerrit Rietveld, Pierre Paulin, Ko Liang Ie, Marcel Breuer, Rob Parry, Vico Magistretti, Hans Wegner, Borge Mogensen, Finn Juhl, Grete Jalk, Osvaldo Borsani, Isamu Noguchi, George Nelson, Geoffrey Harcourt, Ilmari Tapiovaara, Ferdinand Solere, Joe Colombo Friso Kramer, Harry Bertoia, Lisa Pape, Ettore Sottsass Paul Schuitema Bruno Mathsson<\/p>","protected":false},"excerpt":{"rendered":"<p>1 Prachtige Leolux Pallone fauteuil, in de kleurstelling; zwart\/groen In nieuwstaat. Ontwerp: Roy de Scheemaker Aantal op voorraad: 1 Nieuwprijs in uitvoering uitvoering: \u20ac1749,00 per fauteuil. Nu bij ons te koop voor \u20ac995,00 per stuk. Afmetingen: Diepte 84\u00a0cm Hoogte 73\u00a0cm Breedte 86\u00a0cm Zithoogte 41\u00a0cm Zitdiepte 60\u00a0cm Rughoogte 40\u00a0cm Voor veel meer Pallones, zie ons overige [&hellip;]<\/p>\n","protected":false},"featured_media":6783,"template":"","meta":{"_acf_changed":false},"product_brand":[225],"product_cat":[16,188],"product_tag":[325],"class_list":{"0":"post-5196","1":"product","2":"type-product","3":"status-publish","4":"has-post-thumbnail","6":"product_brand-leolux","7":"product_cat-alle-producten","8":"product_cat-fauteuils","9":"product_tag-leolux","10":"pa_brands-leolux","12":"first","13":"outofstock","14":"purchasable","15":"product-type-simple"},"acf":[],"yoast_head":"<!-- This site is optimized with the Yoast SEO plugin v27.5 - https:\/\/yoast.com\/product\/yoast-seo-wordpress\/ -->\n<title>Leolux Pallone - zwart , met groen , nieuwstaat! - Zillions: nieuw en gebruikt design meubilair en stoelen<\/title>\n<meta name=\"description\" content=\"Leolux Pallone fauteuil nu voor 50% van de winkeladviesprijs. Bezorging mogelijk middels onze eigen bezorgdienst. Bestellen mogelijk via onze webshop.\" \/>\n<meta name=\"robots\" content=\"index, follow, max-snippet:-1, max-image-preview:large, max-video-preview:-1\" \/>\n<link rel=\"canonical\" href=\"https:\/\/www.zillions.nl\/de\/product\/2x-leolux-pallone-zwart-met-groen-nieuwstaat\/\" \/>\n<meta property=\"og:locale\" content=\"de_DE\" \/>\n<meta property=\"og:type\" content=\"article\" \/>\n<meta property=\"og:title\" content=\"Leolux Pallone - zwart , met groen , nieuwstaat! - Zillions: nieuw en gebruikt design meubilair en stoelen\" \/>\n<meta property=\"og:description\" content=\"Leolux Pallone fauteuil nu voor 50% van de winkeladviesprijs. Bezorging mogelijk middels onze eigen bezorgdienst. Bestellen mogelijk via onze webshop.\" \/>\n<meta property=\"og:url\" content=\"https:\/\/www.zillions.nl\/de\/product\/2x-leolux-pallone-zwart-met-groen-nieuwstaat\/\" \/>\n<meta property=\"og:site_name\" content=\"Zillions: nieuw en gebruikt design meubilair en stoelen\" \/>\n<meta property=\"article:modified_time\" content=\"2024-10-22T17:58:24+00:00\" \/>\n<meta property=\"og:image\" content=\"https:\/\/e5jwo4fi6hz.exactdn.com\/wp-content\/uploads\/2023\/06\/NM209296.jpg?strip=all&lossy=1&quality=75&ssl=1\" \/>\n\t<meta property=\"og:image:width\" content=\"1080\" \/>\n\t<meta property=\"og:image:height\" content=\"1080\" \/>\n\t<meta property=\"og:image:type\" content=\"image\/jpeg\" \/>\n<meta name=\"twitter:card\" content=\"summary_large_image\" \/>\n<meta name=\"twitter:label1\" content=\"Est. reading time\" \/>\n\t<meta name=\"twitter:data1\" content=\"2 minutes\" \/>\n<script type=\"application\/ld+json\" class=\"yoast-schema-graph\">{\"@context\":\"https:\\\/\\\/schema.org\",\"@graph\":[{\"@type\":\"WebPage\",\"@id\":\"https:\\\/\\\/www.zillions.nl\\\/product\\\/2x-leolux-pallone-zwart-met-groen-nieuwstaat\\\/\",\"url\":\"https:\\\/\\\/www.zillions.nl\\\/product\\\/2x-leolux-pallone-zwart-met-groen-nieuwstaat\\\/\",\"name\":\"Leolux Pallone - zwart , met groen , nieuwstaat! - Zillions: nieuw en gebruikt design meubilair en stoelen\",\"isPartOf\":{\"@id\":\"https:\\\/\\\/www.zillions.nl\\\/de\\\/#website\"},\"primaryImageOfPage\":{\"@id\":\"https:\\\/\\\/www.zillions.nl\\\/product\\\/2x-leolux-pallone-zwart-met-groen-nieuwstaat\\\/#primaryimage\"},\"image\":{\"@id\":\"https:\\\/\\\/www.zillions.nl\\\/product\\\/2x-leolux-pallone-zwart-met-groen-nieuwstaat\\\/#primaryimage\"},\"thumbnailUrl\":\"https:\\\/\\\/www.zillions.nl\\\/wp-content\\\/uploads\\\/2023\\\/06\\\/NM209296.jpg\",\"datePublished\":\"2023-06-15T05:37:20+00:00\",\"dateModified\":\"2024-10-22T17:58:24+00:00\",\"description\":\"Leolux Pallone fauteuil nu voor 50% van de winkeladviesprijs. Bezorging mogelijk middels onze eigen bezorgdienst. Bestellen mogelijk via onze webshop.\",\"breadcrumb\":{\"@id\":\"https:\\\/\\\/www.zillions.nl\\\/product\\\/2x-leolux-pallone-zwart-met-groen-nieuwstaat\\\/#breadcrumb\"},\"inLanguage\":\"de-DE\",\"potentialAction\":[{\"@type\":\"ReadAction\",\"target\":[\"https:\\\/\\\/www.zillions.nl\\\/product\\\/2x-leolux-pallone-zwart-met-groen-nieuwstaat\\\/\"]}]},{\"@type\":\"ImageObject\",\"inLanguage\":\"de-DE\",\"@id\":\"https:\\\/\\\/www.zillions.nl\\\/product\\\/2x-leolux-pallone-zwart-met-groen-nieuwstaat\\\/#primaryimage\",\"url\":\"https:\\\/\\\/www.zillions.nl\\\/wp-content\\\/uploads\\\/2023\\\/06\\\/NM209296.jpg\",\"contentUrl\":\"https:\\\/\\\/www.zillions.nl\\\/wp-content\\\/uploads\\\/2023\\\/06\\\/NM209296.jpg\",\"width\":1080,\"height\":1080},{\"@type\":\"BreadcrumbList\",\"@id\":\"https:\\\/\\\/www.zillions.nl\\\/product\\\/2x-leolux-pallone-zwart-met-groen-nieuwstaat\\\/#breadcrumb\",\"itemListElement\":[{\"@type\":\"ListItem\",\"position\":1,\"name\":\"Home\",\"item\":\"https:\\\/\\\/www.zillions.nl\\\/\"},{\"@type\":\"ListItem\",\"position\":2,\"name\":\"Shop\",\"item\":\"https:\\\/\\\/www.zillions.nl\\\/shop\\\/\"},{\"@type\":\"ListItem\",\"position\":3,\"name\":\"1x Leolux Pallone &#8211; zwart , met groen , nieuwstaat!\"}]},{\"@type\":\"WebSite\",\"@id\":\"https:\\\/\\\/www.zillions.nl\\\/de\\\/#website\",\"url\":\"https:\\\/\\\/www.zillions.nl\\\/de\\\/\",\"name\":\"Zillions: nieuw en gebruikt design meubilair en stoelen\",\"description\":\"Welkom bij Zillions: Zillions is gespecialiseerd in nieuw en gebruikt design meubilair en stoelen.\",\"publisher\":{\"@id\":\"https:\\\/\\\/www.zillions.nl\\\/de\\\/#organization\"},\"potentialAction\":[{\"@type\":\"SearchAction\",\"target\":{\"@type\":\"EntryPoint\",\"urlTemplate\":\"https:\\\/\\\/www.zillions.nl\\\/de\\\/?s={search_term_string}\"},\"query-input\":{\"@type\":\"PropertyValueSpecification\",\"valueRequired\":true,\"valueName\":\"search_term_string\"}}],\"inLanguage\":\"de-DE\"},{\"@type\":\"Organization\",\"@id\":\"https:\\\/\\\/www.zillions.nl\\\/de\\\/#organization\",\"name\":\"Zillions: nieuw en gebruikt design meubilair en stoelen\",\"url\":\"https:\\\/\\\/www.zillions.nl\\\/de\\\/\",\"logo\":{\"@type\":\"ImageObject\",\"inLanguage\":\"de-DE\",\"@id\":\"https:\\\/\\\/www.zillions.nl\\\/de\\\/#\\\/schema\\\/logo\\\/image\\\/\",\"url\":\"https:\\\/\\\/www.zillions.nl\\\/wp-content\\\/uploads\\\/2022\\\/11\\\/zillions.svg\",\"contentUrl\":\"https:\\\/\\\/www.zillions.nl\\\/wp-content\\\/uploads\\\/2022\\\/11\\\/zillions.svg\",\"width\":208,\"height\":53,\"caption\":\"Zillions: nieuw en gebruikt design meubilair en stoelen\"},\"image\":{\"@id\":\"https:\\\/\\\/www.zillions.nl\\\/de\\\/#\\\/schema\\\/logo\\\/image\\\/\"}}]}<\/script>\n<!-- \/ Yoast SEO plugin. -->","yoast_head_json":{"title":"Leolux Pallone \u2013 schwarz mit gr\u00fcnen Akzenten, neuwertiger Zustand! \u2013 Zillions: Neue und gebrauchte Designerm\u00f6bel und St\u00fchle","description":"Leolux Pallone Sessel jetzt 501 TP3T \u20ac g\u00fcnstiger als die unverbindliche Preisempfehlung. Lieferung \u00fcber unseren eigenen Lieferservice. Bestellungen sind \u00fcber unseren Webshop m\u00f6glich.","robots":{"index":"index","follow":"follow","max-snippet":"max-snippet:-1","max-image-preview":"max-image-preview:large","max-video-preview":"max-video-preview:-1"},"canonical":"https:\/\/www.zillions.nl\/de\/product\/2x-leolux-pallone-zwart-met-groen-nieuwstaat\/","og_locale":"de_DE","og_type":"article","og_title":"Leolux Pallone - zwart , met groen , nieuwstaat! - Zillions: nieuw en gebruikt design meubilair en stoelen","og_description":"Leolux Pallone fauteuil nu voor 50% van de winkeladviesprijs. Bezorging mogelijk middels onze eigen bezorgdienst. Bestellen mogelijk via onze webshop.","og_url":"https:\/\/www.zillions.nl\/de\/product\/2x-leolux-pallone-zwart-met-groen-nieuwstaat\/","og_site_name":"Zillions: nieuw en gebruikt design meubilair en stoelen","article_modified_time":"2024-10-22T17:58:24+00:00","og_image":[{"width":1080,"height":1080,"url":"https:\/\/e5jwo4fi6hz.exactdn.com\/wp-content\/uploads\/2023\/06\/NM209296.jpg?strip=all&lossy=1&quality=75&ssl=1","type":"image\/jpeg"}],"twitter_card":"summary_large_image","twitter_misc":{"Est. reading time":"2 minutes"},"schema":{"@context":"https:\/\/schema.org","@graph":[{"@type":"WebPage","@id":"https:\/\/www.zillions.nl\/product\/2x-leolux-pallone-zwart-met-groen-nieuwstaat\/","url":"https:\/\/www.zillions.nl\/product\/2x-leolux-pallone-zwart-met-groen-nieuwstaat\/","name":"Leolux Pallone \u2013 schwarz mit gr\u00fcnen Akzenten, neuwertiger Zustand! \u2013 Zillions: Neue und gebrauchte Designerm\u00f6bel und St\u00fchle","isPartOf":{"@id":"https:\/\/www.zillions.nl\/de\/#website"},"primaryImageOfPage":{"@id":"https:\/\/www.zillions.nl\/product\/2x-leolux-pallone-zwart-met-groen-nieuwstaat\/#primaryimage"},"image":{"@id":"https:\/\/www.zillions.nl\/product\/2x-leolux-pallone-zwart-met-groen-nieuwstaat\/#primaryimage"},"thumbnailUrl":"https:\/\/www.zillions.nl\/wp-content\/uploads\/2023\/06\/NM209296.jpg","datePublished":"2023-06-15T05:37:20+00:00","dateModified":"2024-10-22T17:58:24+00:00","description":"Leolux Pallone Sessel jetzt 501 TP3T \u20ac g\u00fcnstiger als die unverbindliche Preisempfehlung. Lieferung \u00fcber unseren eigenen Lieferservice. Bestellungen sind \u00fcber unseren Webshop m\u00f6glich.","breadcrumb":{"@id":"https:\/\/www.zillions.nl\/product\/2x-leolux-pallone-zwart-met-groen-nieuwstaat\/#breadcrumb"},"inLanguage":"de-DE","potentialAction":[{"@type":"ReadAction","target":["https:\/\/www.zillions.nl\/product\/2x-leolux-pallone-zwart-met-groen-nieuwstaat\/"]}]},{"@type":"ImageObject","inLanguage":"de-DE","@id":"https:\/\/www.zillions.nl\/product\/2x-leolux-pallone-zwart-met-groen-nieuwstaat\/#primaryimage","url":"https:\/\/www.zillions.nl\/wp-content\/uploads\/2023\/06\/NM209296.jpg","contentUrl":"https:\/\/www.zillions.nl\/wp-content\/uploads\/2023\/06\/NM209296.jpg","width":1080,"height":1080},{"@type":"BreadcrumbList","@id":"https:\/\/www.zillions.nl\/product\/2x-leolux-pallone-zwart-met-groen-nieuwstaat\/#breadcrumb","itemListElement":[{"@type":"ListItem","position":1,"name":"Home","item":"https:\/\/www.zillions.nl\/"},{"@type":"ListItem","position":2,"name":"Shop","item":"https:\/\/www.zillions.nl\/shop\/"},{"@type":"ListItem","position":3,"name":"1x Leolux Pallone &#8211; zwart , met groen , nieuwstaat!"}]},{"@type":"WebSite","@id":"https:\/\/www.zillions.nl\/de\/#website","url":"https:\/\/www.zillions.nl\/de\/","name":"Zillionen: neue und gebrauchte Designerm\u00f6bel und St\u00fchle","description":"Willkommen bei Zillions: Zillions ist auf neue und gebrauchte Designm\u00f6bel und St\u00fchle spezialisiert.","publisher":{"@id":"https:\/\/www.zillions.nl\/de\/#organization"},"potentialAction":[{"@type":"SearchAction","target":{"@type":"EntryPoint","urlTemplate":"https:\/\/www.zillions.nl\/de\/?s={search_term_string}"},"query-input":{"@type":"PropertyValueSpecification","valueRequired":true,"valueName":"search_term_string"}}],"inLanguage":"de-DE"},{"@type":"Organization","@id":"https:\/\/www.zillions.nl\/de\/#organization","name":"Zillionen: neue und gebrauchte Designerm\u00f6bel und St\u00fchle","url":"https:\/\/www.zillions.nl\/de\/","logo":{"@type":"ImageObject","inLanguage":"de-DE","@id":"https:\/\/www.zillions.nl\/de\/#\/schema\/logo\/image\/","url":"https:\/\/www.zillions.nl\/wp-content\/uploads\/2022\/11\/zillions.svg","contentUrl":"https:\/\/www.zillions.nl\/wp-content\/uploads\/2022\/11\/zillions.svg","width":208,"height":53,"caption":"Zillions: nieuw en gebruikt design meubilair en stoelen"},"image":{"@id":"https:\/\/www.zillions.nl\/de\/#\/schema\/logo\/image\/"}}]}},"_links":{"self":[{"href":"https:\/\/www.zillions.nl\/de\/wp-json\/wp\/v2\/product\/5196","targetHints":{"allow":["GET"]}}],"collection":[{"href":"https:\/\/www.zillions.nl\/de\/wp-json\/wp\/v2\/product"}],"about":[{"href":"https:\/\/www.zillions.nl\/de\/wp-json\/wp\/v2\/types\/product"}],"wp:featuredmedia":[{"embeddable":true,"href":"https:\/\/www.zillions.nl\/de\/wp-json\/wp\/v2\/media\/6783"}],"wp:attachment":[{"href":"https:\/\/www.zillions.nl\/de\/wp-json\/wp\/v2\/media?parent=5196"}],"wp:term":[{"taxonomy":"product_brand","embeddable":true,"href":"https:\/\/www.zillions.nl\/de\/wp-json\/wp\/v2\/product_brand?post=5196"},{"taxonomy":"product_cat","embeddable":true,"href":"https:\/\/www.zillions.nl\/de\/wp-json\/wp\/v2\/product_cat?post=5196"},{"taxonomy":"product_tag","embeddable":true,"href":"https:\/\/www.zillions.nl\/de\/wp-json\/wp\/v2\/product_tag?post=5196"}],"curies":[{"name":"wp","href":"https:\/\/api.w.org\/{rel}","templated":true}]}}