{"id":5195,"date":"2023-06-15T07:37:20","date_gmt":"2023-06-15T05:37:20","guid":{"rendered":"https:\/\/www.zillions.nl\/?post_type=product&#038;p=5195"},"modified":"2024-08-16T13:56:08","modified_gmt":"2024-08-16T11:56:08","slug":"leolux-kikko-chaise-longue-maisgeel-zwart-nieuwstaat","status":"publish","type":"product","link":"https:\/\/www.zillions.nl\/de\/product\/leolux-kikko-chaise-longue-maisgeel-zwart-nieuwstaat\/","title":{"rendered":"Leolux Kikko Chaiselongue maisgelb\/schwarz, Neuzustand!"},"content":{"rendered":"<p>Wundersch\u00f6ne Leolux Kikko Chaiselongue in der Farbgebung Maisgelb\/Schwarz.<\/p>\n<p>Die R\u00fcckenlehne des Kikko ist um 180 Grad drehbar. Kikko ist in neuem Zustand, v\u00f6llig frei von Kratzern und Besch\u00e4digungen!<\/p>\n<p>Abmessungen: 154 x 87 x 85 cm. cm.<\/p>\n<p>Listenpreis: 3695 \u20ac pro St\u00fcck.<\/p>\n<p>Unser Preis 2295 \u20ac<\/p>\n<p>Auch mit passendem Leolux Pallone erh\u00e4ltlich (siehe unsere anderen Anzeigen!).<\/p>\n<p>Wenn Sie Fragen haben oder einen unverbindlichen Besichtigungstermin vereinbaren m\u00f6chten, k\u00f6nnen Sie sich gerne an uns wenden. Lieferung durch unseren eigenen Lieferservice m\u00f6glich! Besuchen Sie unsere Website f\u00fcr viele weitere Designartikel!<\/p>\n<p><strong>Kontaktdaten (Besuch nach Vereinbarung):<\/strong><br \/>\nIndustrieweg 21<br \/>\n4131NK Vianen<br \/>\ninfo@zillions.nl<br \/>\n030 20 72 146<\/p>\n<p>F\u00fcr viel mehr Design sehen Sie sich alle unsere Anzeigen f\u00fcr Top-Marken an, wie zum Beispiel:<br \/>\nArtimide, Floss, Vitra, Eames Herman Miller, Artifort, B&amp;B Italia, Ahrend, Interstuhl, Grahl, Hay, Norman Copenhagen, Cassina, Artifort, Gispen, Leolux, Montis, Arne Jacobsen, Bert Plantagie, Design auf Lager, Rolf Benz, Jori , Harvink usw.<\/p>\n<p>Design von Top-Designern: unter anderem<\/p>\n<p>Arne Jacobsen, Charles Eames, Cees Braakman, Eero Saarinen, Poul Henningsen, Poul Kjaerholm, Verner Panton, Martin Visser, Mart Stam, Eileen Gray, Gerrit Rietveld, Pierre Paulin, Ko Liang Ie, Marcel Breuer, Rob Parry, Vico Magistretti, Hans Wegner, Borge Mogensen, Finn Juhl, Grete Jalk, Osvaldo Borsani, Isamu Noguchi, George Nelson, Geoffrey Harcourt, Ilmari Tapiovaara, Ferdinand Solere, Joe Colombo Friso Kramer, Harry Bertoia, Lisa Pape, Ettore Sottsass Paul Schuitema Bruno Mathsson<\/p>","protected":false},"excerpt":{"rendered":"<p>Fraaie Leolux Kikko chaise longue uitgevoerd in de kleurstelling ma\u00efsgeel\/zwart. De rugsteun van de Kikko is is 180 graden draaibaar. Kikko verkeerd in nieuwstaat, volledig kras- en schadevrij! Afmetingen: 154 x 87 x 85 hg. cm. Catalogusprijs: \u20ac3695 per stuk. Onze prijs \u20ac2295 Eventueel ook te koop met bijpassende Leolux Pallone (zie hiervoor onze overige [&hellip;]<\/p>\n","protected":false},"featured_media":9139,"template":"","meta":{"_acf_changed":false},"product_brand":[225],"product_cat":[16,189,188],"product_tag":[325],"class_list":{"0":"post-5195","1":"product","2":"type-product","3":"status-publish","4":"has-post-thumbnail","6":"product_brand-leolux","7":"product_cat-alle-producten","8":"product_cat-banken","9":"product_cat-fauteuils","10":"product_tag-leolux","11":"pa_brands-leolux","13":"first","14":"instock","15":"purchasable","16":"product-type-simple"},"acf":[],"yoast_head":"<!-- This site is optimized with the Yoast SEO plugin v27.5 - https:\/\/yoast.com\/product\/yoast-seo-wordpress\/ -->\n<title>Leolux Kikko chaise longue ma\u00efsgeel\/zwart nieuwstaat! - Zillions: nieuw en gebruikt design meubilair en stoelen<\/title>\n<meta name=\"robots\" content=\"index, follow, max-snippet:-1, max-image-preview:large, max-video-preview:-1\" \/>\n<link rel=\"canonical\" href=\"https:\/\/www.zillions.nl\/de\/product\/leolux-kikko-chaise-longue-maisgeel-zwart-nieuwstaat\/\" \/>\n<meta property=\"og:locale\" content=\"de_DE\" \/>\n<meta property=\"og:type\" content=\"article\" \/>\n<meta property=\"og:title\" content=\"Leolux Kikko chaise longue ma\u00efsgeel\/zwart nieuwstaat! - Zillions: nieuw en gebruikt design meubilair en stoelen\" \/>\n<meta property=\"og:description\" content=\"Fraaie Leolux Kikko chaise longue uitgevoerd in de kleurstelling ma\u00efsgeel\/zwart. De rugsteun van de Kikko is is 180 graden draaibaar. Kikko verkeerd in nieuwstaat, volledig kras- en schadevrij! Afmetingen: 154 x 87 x 85 hg. cm. Catalogusprijs: \u20ac3695 per stuk. Onze prijs \u20ac2295 Eventueel ook te koop met bijpassende Leolux Pallone (zie hiervoor onze overige [&hellip;]\" \/>\n<meta property=\"og:url\" content=\"https:\/\/www.zillions.nl\/de\/product\/leolux-kikko-chaise-longue-maisgeel-zwart-nieuwstaat\/\" \/>\n<meta property=\"og:site_name\" content=\"Zillions: nieuw en gebruikt design meubilair en stoelen\" \/>\n<meta property=\"article:modified_time\" content=\"2024-08-16T11:56:08+00:00\" \/>\n<meta property=\"og:image\" content=\"https:\/\/e5jwo4fi6hz.exactdn.com\/wp-content\/uploads\/2023\/06\/1x-Leolux-Kikko-zwartgeel-_NM14130.jpg?strip=all&lossy=1&quality=75&ssl=1\" \/>\n\t<meta property=\"og:image:width\" content=\"1080\" \/>\n\t<meta property=\"og:image:height\" content=\"1080\" \/>\n\t<meta property=\"og:image:type\" content=\"image\/jpeg\" \/>\n<meta name=\"twitter:card\" content=\"summary_large_image\" \/>\n<meta name=\"twitter:label1\" content=\"Est. reading time\" \/>\n\t<meta name=\"twitter:data1\" content=\"2 minutes\" \/>\n<script type=\"application\/ld+json\" class=\"yoast-schema-graph\">{\"@context\":\"https:\\\/\\\/schema.org\",\"@graph\":[{\"@type\":\"WebPage\",\"@id\":\"https:\\\/\\\/www.zillions.nl\\\/product\\\/leolux-kikko-chaise-longue-maisgeel-zwart-nieuwstaat\\\/\",\"url\":\"https:\\\/\\\/www.zillions.nl\\\/product\\\/leolux-kikko-chaise-longue-maisgeel-zwart-nieuwstaat\\\/\",\"name\":\"Leolux Kikko chaise longue ma\u00efsgeel\\\/zwart nieuwstaat! - Zillions: nieuw en gebruikt design meubilair en stoelen\",\"isPartOf\":{\"@id\":\"https:\\\/\\\/www.zillions.nl\\\/de\\\/#website\"},\"primaryImageOfPage\":{\"@id\":\"https:\\\/\\\/www.zillions.nl\\\/product\\\/leolux-kikko-chaise-longue-maisgeel-zwart-nieuwstaat\\\/#primaryimage\"},\"image\":{\"@id\":\"https:\\\/\\\/www.zillions.nl\\\/product\\\/leolux-kikko-chaise-longue-maisgeel-zwart-nieuwstaat\\\/#primaryimage\"},\"thumbnailUrl\":\"https:\\\/\\\/www.zillions.nl\\\/wp-content\\\/uploads\\\/2023\\\/06\\\/1x-Leolux-Kikko-zwartgeel-_NM14130.jpg\",\"datePublished\":\"2023-06-15T05:37:20+00:00\",\"dateModified\":\"2024-08-16T11:56:08+00:00\",\"breadcrumb\":{\"@id\":\"https:\\\/\\\/www.zillions.nl\\\/product\\\/leolux-kikko-chaise-longue-maisgeel-zwart-nieuwstaat\\\/#breadcrumb\"},\"inLanguage\":\"de-DE\",\"potentialAction\":[{\"@type\":\"ReadAction\",\"target\":[\"https:\\\/\\\/www.zillions.nl\\\/product\\\/leolux-kikko-chaise-longue-maisgeel-zwart-nieuwstaat\\\/\"]}]},{\"@type\":\"ImageObject\",\"inLanguage\":\"de-DE\",\"@id\":\"https:\\\/\\\/www.zillions.nl\\\/product\\\/leolux-kikko-chaise-longue-maisgeel-zwart-nieuwstaat\\\/#primaryimage\",\"url\":\"https:\\\/\\\/www.zillions.nl\\\/wp-content\\\/uploads\\\/2023\\\/06\\\/1x-Leolux-Kikko-zwartgeel-_NM14130.jpg\",\"contentUrl\":\"https:\\\/\\\/www.zillions.nl\\\/wp-content\\\/uploads\\\/2023\\\/06\\\/1x-Leolux-Kikko-zwartgeel-_NM14130.jpg\",\"width\":1080,\"height\":1080},{\"@type\":\"BreadcrumbList\",\"@id\":\"https:\\\/\\\/www.zillions.nl\\\/product\\\/leolux-kikko-chaise-longue-maisgeel-zwart-nieuwstaat\\\/#breadcrumb\",\"itemListElement\":[{\"@type\":\"ListItem\",\"position\":1,\"name\":\"Home\",\"item\":\"https:\\\/\\\/www.zillions.nl\\\/\"},{\"@type\":\"ListItem\",\"position\":2,\"name\":\"Shop\",\"item\":\"https:\\\/\\\/www.zillions.nl\\\/shop\\\/\"},{\"@type\":\"ListItem\",\"position\":3,\"name\":\"Leolux Kikko chaise longue ma\u00efsgeel\\\/zwart nieuwstaat!\"}]},{\"@type\":\"WebSite\",\"@id\":\"https:\\\/\\\/www.zillions.nl\\\/de\\\/#website\",\"url\":\"https:\\\/\\\/www.zillions.nl\\\/de\\\/\",\"name\":\"Zillions: nieuw en gebruikt design meubilair en stoelen\",\"description\":\"Welkom bij Zillions: Zillions is gespecialiseerd in nieuw en gebruikt design meubilair en stoelen.\",\"publisher\":{\"@id\":\"https:\\\/\\\/www.zillions.nl\\\/de\\\/#organization\"},\"potentialAction\":[{\"@type\":\"SearchAction\",\"target\":{\"@type\":\"EntryPoint\",\"urlTemplate\":\"https:\\\/\\\/www.zillions.nl\\\/de\\\/?s={search_term_string}\"},\"query-input\":{\"@type\":\"PropertyValueSpecification\",\"valueRequired\":true,\"valueName\":\"search_term_string\"}}],\"inLanguage\":\"de-DE\"},{\"@type\":\"Organization\",\"@id\":\"https:\\\/\\\/www.zillions.nl\\\/de\\\/#organization\",\"name\":\"Zillions: nieuw en gebruikt design meubilair en stoelen\",\"url\":\"https:\\\/\\\/www.zillions.nl\\\/de\\\/\",\"logo\":{\"@type\":\"ImageObject\",\"inLanguage\":\"de-DE\",\"@id\":\"https:\\\/\\\/www.zillions.nl\\\/de\\\/#\\\/schema\\\/logo\\\/image\\\/\",\"url\":\"https:\\\/\\\/www.zillions.nl\\\/wp-content\\\/uploads\\\/2022\\\/11\\\/zillions.svg\",\"contentUrl\":\"https:\\\/\\\/www.zillions.nl\\\/wp-content\\\/uploads\\\/2022\\\/11\\\/zillions.svg\",\"width\":208,\"height\":53,\"caption\":\"Zillions: nieuw en gebruikt design meubilair en stoelen\"},\"image\":{\"@id\":\"https:\\\/\\\/www.zillions.nl\\\/de\\\/#\\\/schema\\\/logo\\\/image\\\/\"}}]}<\/script>\n<!-- \/ Yoast SEO plugin. -->","yoast_head_json":{"title":"Leolux Kikko Chaiselongue in Maisgelb\/Schwarz, neuwertiger Zustand! \u2013 Zillions: Neue und gebrauchte Designerm\u00f6bel und St\u00fchle","robots":{"index":"index","follow":"follow","max-snippet":"max-snippet:-1","max-image-preview":"max-image-preview:large","max-video-preview":"max-video-preview:-1"},"canonical":"https:\/\/www.zillions.nl\/de\/product\/leolux-kikko-chaise-longue-maisgeel-zwart-nieuwstaat\/","og_locale":"de_DE","og_type":"article","og_title":"Leolux Kikko chaise longue ma\u00efsgeel\/zwart nieuwstaat! - Zillions: nieuw en gebruikt design meubilair en stoelen","og_description":"Fraaie Leolux Kikko chaise longue uitgevoerd in de kleurstelling ma\u00efsgeel\/zwart. De rugsteun van de Kikko is is 180 graden draaibaar. Kikko verkeerd in nieuwstaat, volledig kras- en schadevrij! Afmetingen: 154 x 87 x 85 hg. cm. Catalogusprijs: \u20ac3695 per stuk. Onze prijs \u20ac2295 Eventueel ook te koop met bijpassende Leolux Pallone (zie hiervoor onze overige [&hellip;]","og_url":"https:\/\/www.zillions.nl\/de\/product\/leolux-kikko-chaise-longue-maisgeel-zwart-nieuwstaat\/","og_site_name":"Zillions: nieuw en gebruikt design meubilair en stoelen","article_modified_time":"2024-08-16T11:56:08+00:00","og_image":[{"width":1080,"height":1080,"url":"https:\/\/e5jwo4fi6hz.exactdn.com\/wp-content\/uploads\/2023\/06\/1x-Leolux-Kikko-zwartgeel-_NM14130.jpg?strip=all&lossy=1&quality=75&ssl=1","type":"image\/jpeg"}],"twitter_card":"summary_large_image","twitter_misc":{"Est. reading time":"2 minutes"},"schema":{"@context":"https:\/\/schema.org","@graph":[{"@type":"WebPage","@id":"https:\/\/www.zillions.nl\/product\/leolux-kikko-chaise-longue-maisgeel-zwart-nieuwstaat\/","url":"https:\/\/www.zillions.nl\/product\/leolux-kikko-chaise-longue-maisgeel-zwart-nieuwstaat\/","name":"Leolux Kikko Chaiselongue in Maisgelb\/Schwarz, neuwertiger Zustand! \u2013 Zillions: Neue und gebrauchte Designerm\u00f6bel und St\u00fchle","isPartOf":{"@id":"https:\/\/www.zillions.nl\/de\/#website"},"primaryImageOfPage":{"@id":"https:\/\/www.zillions.nl\/product\/leolux-kikko-chaise-longue-maisgeel-zwart-nieuwstaat\/#primaryimage"},"image":{"@id":"https:\/\/www.zillions.nl\/product\/leolux-kikko-chaise-longue-maisgeel-zwart-nieuwstaat\/#primaryimage"},"thumbnailUrl":"https:\/\/www.zillions.nl\/wp-content\/uploads\/2023\/06\/1x-Leolux-Kikko-zwartgeel-_NM14130.jpg","datePublished":"2023-06-15T05:37:20+00:00","dateModified":"2024-08-16T11:56:08+00:00","breadcrumb":{"@id":"https:\/\/www.zillions.nl\/product\/leolux-kikko-chaise-longue-maisgeel-zwart-nieuwstaat\/#breadcrumb"},"inLanguage":"de-DE","potentialAction":[{"@type":"ReadAction","target":["https:\/\/www.zillions.nl\/product\/leolux-kikko-chaise-longue-maisgeel-zwart-nieuwstaat\/"]}]},{"@type":"ImageObject","inLanguage":"de-DE","@id":"https:\/\/www.zillions.nl\/product\/leolux-kikko-chaise-longue-maisgeel-zwart-nieuwstaat\/#primaryimage","url":"https:\/\/www.zillions.nl\/wp-content\/uploads\/2023\/06\/1x-Leolux-Kikko-zwartgeel-_NM14130.jpg","contentUrl":"https:\/\/www.zillions.nl\/wp-content\/uploads\/2023\/06\/1x-Leolux-Kikko-zwartgeel-_NM14130.jpg","width":1080,"height":1080},{"@type":"BreadcrumbList","@id":"https:\/\/www.zillions.nl\/product\/leolux-kikko-chaise-longue-maisgeel-zwart-nieuwstaat\/#breadcrumb","itemListElement":[{"@type":"ListItem","position":1,"name":"Home","item":"https:\/\/www.zillions.nl\/"},{"@type":"ListItem","position":2,"name":"Shop","item":"https:\/\/www.zillions.nl\/shop\/"},{"@type":"ListItem","position":3,"name":"Leolux Kikko chaise longue ma\u00efsgeel\/zwart nieuwstaat!"}]},{"@type":"WebSite","@id":"https:\/\/www.zillions.nl\/de\/#website","url":"https:\/\/www.zillions.nl\/de\/","name":"Zillionen: neue und gebrauchte Designerm\u00f6bel und St\u00fchle","description":"Willkommen bei Zillions: Zillions ist auf neue und gebrauchte Designm\u00f6bel und St\u00fchle spezialisiert.","publisher":{"@id":"https:\/\/www.zillions.nl\/de\/#organization"},"potentialAction":[{"@type":"SearchAction","target":{"@type":"EntryPoint","urlTemplate":"https:\/\/www.zillions.nl\/de\/?s={search_term_string}"},"query-input":{"@type":"PropertyValueSpecification","valueRequired":true,"valueName":"search_term_string"}}],"inLanguage":"de-DE"},{"@type":"Organization","@id":"https:\/\/www.zillions.nl\/de\/#organization","name":"Zillionen: neue und gebrauchte Designerm\u00f6bel und St\u00fchle","url":"https:\/\/www.zillions.nl\/de\/","logo":{"@type":"ImageObject","inLanguage":"de-DE","@id":"https:\/\/www.zillions.nl\/de\/#\/schema\/logo\/image\/","url":"https:\/\/www.zillions.nl\/wp-content\/uploads\/2022\/11\/zillions.svg","contentUrl":"https:\/\/www.zillions.nl\/wp-content\/uploads\/2022\/11\/zillions.svg","width":208,"height":53,"caption":"Zillions: nieuw en gebruikt design meubilair en stoelen"},"image":{"@id":"https:\/\/www.zillions.nl\/de\/#\/schema\/logo\/image\/"}}]}},"_links":{"self":[{"href":"https:\/\/www.zillions.nl\/de\/wp-json\/wp\/v2\/product\/5195","targetHints":{"allow":["GET"]}}],"collection":[{"href":"https:\/\/www.zillions.nl\/de\/wp-json\/wp\/v2\/product"}],"about":[{"href":"https:\/\/www.zillions.nl\/de\/wp-json\/wp\/v2\/types\/product"}],"wp:featuredmedia":[{"embeddable":true,"href":"https:\/\/www.zillions.nl\/de\/wp-json\/wp\/v2\/media\/9139"}],"wp:attachment":[{"href":"https:\/\/www.zillions.nl\/de\/wp-json\/wp\/v2\/media?parent=5195"}],"wp:term":[{"taxonomy":"product_brand","embeddable":true,"href":"https:\/\/www.zillions.nl\/de\/wp-json\/wp\/v2\/product_brand?post=5195"},{"taxonomy":"product_cat","embeddable":true,"href":"https:\/\/www.zillions.nl\/de\/wp-json\/wp\/v2\/product_cat?post=5195"},{"taxonomy":"product_tag","embeddable":true,"href":"https:\/\/www.zillions.nl\/de\/wp-json\/wp\/v2\/product_tag?post=5195"}],"curies":[{"name":"wp","href":"https:\/\/api.w.org\/{rel}","templated":true}]}}