{"id":5192,"date":"2023-06-15T07:37:20","date_gmt":"2023-06-15T05:37:20","guid":{"rendered":"https:\/\/www.zillions.nl\/?post_type=product&#038;p=5192"},"modified":"2025-09-24T15:50:43","modified_gmt":"2025-09-24T13:50:43","slug":"2x-leolux-dolcinea-fauteuil-cherry-rood-leder-nieuwstaat","status":"publish","type":"product","link":"https:\/\/www.zillions.nl\/de\/product\/2x-leolux-dolcinea-fauteuil-cherry-rood-leder-nieuwstaat\/","title":{"rendered":"Leolux Dolcinea Sessel Kirschrotes Leder \u2013 Neuzustand!"},"content":{"rendered":"<p>Leolux Dolcinea Sessel aus kirschrotem Leder.<\/p>\n<p>V\u00f6llig kratz- und besch\u00e4digungsfrei.<\/p>\n<p>Perfekt.<\/p>\n<p>Entwurf: Jan Armgardt<\/p>\n<p>Hersteller: Leolux<\/p>\n<p>Polsterung: Kirschrot<\/p>\n<p>Abmessungen (cm)<br \/>\nBreite: 65<br \/>\nTiefe: 77<br \/>\nH\u00f6he: 88<br \/>\nSitztiefe: 51<br \/>\nSitzh\u00f6he: 48<br \/>\nR\u00fcckenh\u00f6he: 54<\/p>\n<p>Neupreis 2169 \u20ac<\/p>\n<p>Unser St\u00fcckpreis betr\u00e4gt 1095,00<br \/>\n2x ab Lager lieferbar.<\/p>\n<p>Wenn Sie Fragen haben oder einen unverbindlichen Besichtigungstermin vereinbaren m\u00f6chten, k\u00f6nnen Sie sich gerne an uns wenden. Lieferung durch unseren eigenen Lieferservice m\u00f6glich! Besuchen Sie unsere Website f\u00fcr viele weitere Designartikel!<\/p>\n<p><strong>Kontaktdaten (Besuch nach Vereinbarung):<\/strong><br \/>\nIndustrieweg 21<br \/>\n4131NK Vianen<br \/>\ninfo@zillions.nl<br \/>\n030 20 72 146<\/p>\n<p>F\u00fcr viel mehr Design sehen Sie sich alle unsere Anzeigen f\u00fcr Top-Marken an, wie zum Beispiel:<br \/>\nArtimide, Floss, Vitra, Eames Herman Miller, Artifort, B&amp;B Italia, Ahrend, Interstuhl, Grahl, Hay, Norman Copenhagen, Cassina, Artifort, Gispen, Leolux, Montis, Arne Jacobsen, Bert Plantagie, Design auf Lager, Rolf Benz, Jori , Harvink usw.<\/p>\n<p>Design von Top-Designern: unter anderem<\/p>\n<p>Arne Jacobsen, Charles Eames, Cees Braakman, Eero Saarinen, Poul Henningsen, Poul Kjaerholm, Verner Panton, Martin Visser, Mart Stam, Eileen Gray, Gerrit Rietveld, Pierre Paulin, Ko Liang Ie, Marcel Breuer, Rob Parry, Vico Magistretti, Hans Wegner, Borge Mogensen, Finn Juhl, Grete Jalk, Osvaldo Borsani, Isamu Noguchi, George Nelson, Geoffrey Harcourt, Ilmari Tapiovaara, Ferdinand Solere, Joe Colombo Friso Kramer, Harry Bertoia, Lisa Pape, Ettore Sottsass Paul Schuitema Bruno Mathsson<\/p>","protected":false},"excerpt":{"rendered":"<p>Leolux Dolcinea fauteuil uitgevoerd in Cherry rood leder. Helemaal kras- en schadevrij. Puntgaaf. Ontwerp: Jan Armgardt Fabrikant: Leolux Bekleding: Cherry rood Afmetingen (cm) Breedte: 65 Diepte: 77 Hoogte: 88 Zitdiepte: 51 Zithoogte: 48 Rughoogte: 54 Nieuwprijs \u20ac 2169 Onze prijs per stuk 1095,00 2x Uit voorraad leverbaar. Voor vragen of het vrijblijvend maken van een [&hellip;]<\/p>\n","protected":false},"featured_media":18665,"template":"","meta":{"_acf_changed":false},"product_brand":[225],"product_cat":[16,188],"product_tag":[325],"class_list":{"0":"post-5192","1":"product","2":"type-product","3":"status-publish","4":"has-post-thumbnail","6":"product_brand-leolux","7":"product_cat-alle-producten","8":"product_cat-fauteuils","9":"product_tag-leolux","10":"pa_brands-leolux","12":"first","13":"instock","14":"purchasable","15":"product-type-simple"},"acf":[],"yoast_head":"<!-- This site is optimized with the Yoast SEO plugin v27.5 - https:\/\/yoast.com\/product\/yoast-seo-wordpress\/ -->\n<title>Leolux Dolcinea Fauteuil Cherry Rood Leder - Nieuwstaat! - Zillions: nieuw en gebruikt design meubilair en stoelen<\/title>\n<meta name=\"robots\" content=\"index, follow, max-snippet:-1, max-image-preview:large, max-video-preview:-1\" \/>\n<link rel=\"canonical\" href=\"https:\/\/www.zillions.nl\/de\/product\/2x-leolux-dolcinea-fauteuil-cherry-rood-leder-nieuwstaat\/\" \/>\n<meta property=\"og:locale\" content=\"de_DE\" \/>\n<meta property=\"og:type\" content=\"article\" \/>\n<meta property=\"og:title\" content=\"Leolux Dolcinea Fauteuil Cherry Rood Leder - Nieuwstaat! - Zillions: nieuw en gebruikt design meubilair en stoelen\" \/>\n<meta property=\"og:description\" content=\"Leolux Dolcinea fauteuil uitgevoerd in Cherry rood leder. Helemaal kras- en schadevrij. Puntgaaf. Ontwerp: Jan Armgardt Fabrikant: Leolux Bekleding: Cherry rood Afmetingen (cm) Breedte: 65 Diepte: 77 Hoogte: 88 Zitdiepte: 51 Zithoogte: 48 Rughoogte: 54 Nieuwprijs \u20ac 2169 Onze prijs per stuk 1095,00 2x Uit voorraad leverbaar. Voor vragen of het vrijblijvend maken van een [&hellip;]\" \/>\n<meta property=\"og:url\" content=\"https:\/\/www.zillions.nl\/de\/product\/2x-leolux-dolcinea-fauteuil-cherry-rood-leder-nieuwstaat\/\" \/>\n<meta property=\"og:site_name\" content=\"Zillions: nieuw en gebruikt design meubilair en stoelen\" \/>\n<meta property=\"article:modified_time\" content=\"2025-09-24T13:50:43+00:00\" \/>\n<meta property=\"og:image\" content=\"https:\/\/www.zillions.nl\/wp-content\/uploads\/2023\/06\/2x-Leolux-Dolcinea-Rood-leder_NM14244-650x650-1.jpg\" \/>\n\t<meta property=\"og:image:width\" content=\"650\" \/>\n\t<meta property=\"og:image:height\" content=\"650\" \/>\n\t<meta property=\"og:image:type\" content=\"image\/jpeg\" \/>\n<meta name=\"twitter:card\" content=\"summary_large_image\" \/>\n<meta name=\"twitter:label1\" content=\"Est. reading time\" \/>\n\t<meta name=\"twitter:data1\" content=\"2 minutes\" \/>\n<script type=\"application\/ld+json\" class=\"yoast-schema-graph\">{\"@context\":\"https:\\\/\\\/schema.org\",\"@graph\":[{\"@type\":\"WebPage\",\"@id\":\"https:\\\/\\\/www.zillions.nl\\\/product\\\/2x-leolux-dolcinea-fauteuil-cherry-rood-leder-nieuwstaat\\\/\",\"url\":\"https:\\\/\\\/www.zillions.nl\\\/product\\\/2x-leolux-dolcinea-fauteuil-cherry-rood-leder-nieuwstaat\\\/\",\"name\":\"Leolux Dolcinea Fauteuil Cherry Rood Leder - Nieuwstaat! - Zillions: nieuw en gebruikt design meubilair en stoelen\",\"isPartOf\":{\"@id\":\"https:\\\/\\\/www.zillions.nl\\\/de\\\/#website\"},\"primaryImageOfPage\":{\"@id\":\"https:\\\/\\\/www.zillions.nl\\\/product\\\/2x-leolux-dolcinea-fauteuil-cherry-rood-leder-nieuwstaat\\\/#primaryimage\"},\"image\":{\"@id\":\"https:\\\/\\\/www.zillions.nl\\\/product\\\/2x-leolux-dolcinea-fauteuil-cherry-rood-leder-nieuwstaat\\\/#primaryimage\"},\"thumbnailUrl\":\"https:\\\/\\\/www.zillions.nl\\\/wp-content\\\/uploads\\\/2023\\\/06\\\/2x-Leolux-Dolcinea-Rood-leder_NM14244-650x650-1.jpg\",\"datePublished\":\"2023-06-15T05:37:20+00:00\",\"dateModified\":\"2025-09-24T13:50:43+00:00\",\"breadcrumb\":{\"@id\":\"https:\\\/\\\/www.zillions.nl\\\/product\\\/2x-leolux-dolcinea-fauteuil-cherry-rood-leder-nieuwstaat\\\/#breadcrumb\"},\"inLanguage\":\"de-DE\",\"potentialAction\":[{\"@type\":\"ReadAction\",\"target\":[\"https:\\\/\\\/www.zillions.nl\\\/product\\\/2x-leolux-dolcinea-fauteuil-cherry-rood-leder-nieuwstaat\\\/\"]}]},{\"@type\":\"ImageObject\",\"inLanguage\":\"de-DE\",\"@id\":\"https:\\\/\\\/www.zillions.nl\\\/product\\\/2x-leolux-dolcinea-fauteuil-cherry-rood-leder-nieuwstaat\\\/#primaryimage\",\"url\":\"https:\\\/\\\/www.zillions.nl\\\/wp-content\\\/uploads\\\/2023\\\/06\\\/2x-Leolux-Dolcinea-Rood-leder_NM14244-650x650-1.jpg\",\"contentUrl\":\"https:\\\/\\\/www.zillions.nl\\\/wp-content\\\/uploads\\\/2023\\\/06\\\/2x-Leolux-Dolcinea-Rood-leder_NM14244-650x650-1.jpg\",\"width\":650,\"height\":650},{\"@type\":\"BreadcrumbList\",\"@id\":\"https:\\\/\\\/www.zillions.nl\\\/product\\\/2x-leolux-dolcinea-fauteuil-cherry-rood-leder-nieuwstaat\\\/#breadcrumb\",\"itemListElement\":[{\"@type\":\"ListItem\",\"position\":1,\"name\":\"Home\",\"item\":\"https:\\\/\\\/www.zillions.nl\\\/\"},{\"@type\":\"ListItem\",\"position\":2,\"name\":\"Shop\",\"item\":\"https:\\\/\\\/www.zillions.nl\\\/shop\\\/\"},{\"@type\":\"ListItem\",\"position\":3,\"name\":\"Leolux Dolcinea Fauteuil Cherry Rood Leder &#8211; Nieuwstaat!\"}]},{\"@type\":\"WebSite\",\"@id\":\"https:\\\/\\\/www.zillions.nl\\\/de\\\/#website\",\"url\":\"https:\\\/\\\/www.zillions.nl\\\/de\\\/\",\"name\":\"Zillions: nieuw en gebruikt design meubilair en stoelen\",\"description\":\"Welkom bij Zillions: Zillions is gespecialiseerd in nieuw en gebruikt design meubilair en stoelen.\",\"publisher\":{\"@id\":\"https:\\\/\\\/www.zillions.nl\\\/de\\\/#organization\"},\"potentialAction\":[{\"@type\":\"SearchAction\",\"target\":{\"@type\":\"EntryPoint\",\"urlTemplate\":\"https:\\\/\\\/www.zillions.nl\\\/de\\\/?s={search_term_string}\"},\"query-input\":{\"@type\":\"PropertyValueSpecification\",\"valueRequired\":true,\"valueName\":\"search_term_string\"}}],\"inLanguage\":\"de-DE\"},{\"@type\":\"Organization\",\"@id\":\"https:\\\/\\\/www.zillions.nl\\\/de\\\/#organization\",\"name\":\"Zillions: nieuw en gebruikt design meubilair en stoelen\",\"url\":\"https:\\\/\\\/www.zillions.nl\\\/de\\\/\",\"logo\":{\"@type\":\"ImageObject\",\"inLanguage\":\"de-DE\",\"@id\":\"https:\\\/\\\/www.zillions.nl\\\/de\\\/#\\\/schema\\\/logo\\\/image\\\/\",\"url\":\"https:\\\/\\\/www.zillions.nl\\\/wp-content\\\/uploads\\\/2022\\\/11\\\/zillions.svg\",\"contentUrl\":\"https:\\\/\\\/www.zillions.nl\\\/wp-content\\\/uploads\\\/2022\\\/11\\\/zillions.svg\",\"width\":208,\"height\":53,\"caption\":\"Zillions: nieuw en gebruikt design meubilair en stoelen\"},\"image\":{\"@id\":\"https:\\\/\\\/www.zillions.nl\\\/de\\\/#\\\/schema\\\/logo\\\/image\\\/\"}}]}<\/script>\n<!-- \/ Yoast SEO plugin. -->","yoast_head_json":{"title":"Leolux Dolcinea Sessel, kirschrotes Leder \u2013 Neuwertiger Zustand! \u2013 Zillions: Neue und gebrauchte Designerm\u00f6bel und St\u00fchle","robots":{"index":"index","follow":"follow","max-snippet":"max-snippet:-1","max-image-preview":"max-image-preview:large","max-video-preview":"max-video-preview:-1"},"canonical":"https:\/\/www.zillions.nl\/de\/product\/2x-leolux-dolcinea-fauteuil-cherry-rood-leder-nieuwstaat\/","og_locale":"de_DE","og_type":"article","og_title":"Leolux Dolcinea Fauteuil Cherry Rood Leder - Nieuwstaat! - Zillions: nieuw en gebruikt design meubilair en stoelen","og_description":"Leolux Dolcinea fauteuil uitgevoerd in Cherry rood leder. Helemaal kras- en schadevrij. Puntgaaf. Ontwerp: Jan Armgardt Fabrikant: Leolux Bekleding: Cherry rood Afmetingen (cm) Breedte: 65 Diepte: 77 Hoogte: 88 Zitdiepte: 51 Zithoogte: 48 Rughoogte: 54 Nieuwprijs \u20ac 2169 Onze prijs per stuk 1095,00 2x Uit voorraad leverbaar. Voor vragen of het vrijblijvend maken van een [&hellip;]","og_url":"https:\/\/www.zillions.nl\/de\/product\/2x-leolux-dolcinea-fauteuil-cherry-rood-leder-nieuwstaat\/","og_site_name":"Zillions: nieuw en gebruikt design meubilair en stoelen","article_modified_time":"2025-09-24T13:50:43+00:00","og_image":[{"width":650,"height":650,"url":"https:\/\/www.zillions.nl\/wp-content\/uploads\/2023\/06\/2x-Leolux-Dolcinea-Rood-leder_NM14244-650x650-1.jpg","type":"image\/jpeg"}],"twitter_card":"summary_large_image","twitter_misc":{"Est. reading time":"2 minutes"},"schema":{"@context":"https:\/\/schema.org","@graph":[{"@type":"WebPage","@id":"https:\/\/www.zillions.nl\/product\/2x-leolux-dolcinea-fauteuil-cherry-rood-leder-nieuwstaat\/","url":"https:\/\/www.zillions.nl\/product\/2x-leolux-dolcinea-fauteuil-cherry-rood-leder-nieuwstaat\/","name":"Leolux Dolcinea Sessel, kirschrotes Leder \u2013 Neuwertiger Zustand! \u2013 Zillions: Neue und gebrauchte Designerm\u00f6bel und St\u00fchle","isPartOf":{"@id":"https:\/\/www.zillions.nl\/de\/#website"},"primaryImageOfPage":{"@id":"https:\/\/www.zillions.nl\/product\/2x-leolux-dolcinea-fauteuil-cherry-rood-leder-nieuwstaat\/#primaryimage"},"image":{"@id":"https:\/\/www.zillions.nl\/product\/2x-leolux-dolcinea-fauteuil-cherry-rood-leder-nieuwstaat\/#primaryimage"},"thumbnailUrl":"https:\/\/www.zillions.nl\/wp-content\/uploads\/2023\/06\/2x-Leolux-Dolcinea-Rood-leder_NM14244-650x650-1.jpg","datePublished":"2023-06-15T05:37:20+00:00","dateModified":"2025-09-24T13:50:43+00:00","breadcrumb":{"@id":"https:\/\/www.zillions.nl\/product\/2x-leolux-dolcinea-fauteuil-cherry-rood-leder-nieuwstaat\/#breadcrumb"},"inLanguage":"de-DE","potentialAction":[{"@type":"ReadAction","target":["https:\/\/www.zillions.nl\/product\/2x-leolux-dolcinea-fauteuil-cherry-rood-leder-nieuwstaat\/"]}]},{"@type":"ImageObject","inLanguage":"de-DE","@id":"https:\/\/www.zillions.nl\/product\/2x-leolux-dolcinea-fauteuil-cherry-rood-leder-nieuwstaat\/#primaryimage","url":"https:\/\/www.zillions.nl\/wp-content\/uploads\/2023\/06\/2x-Leolux-Dolcinea-Rood-leder_NM14244-650x650-1.jpg","contentUrl":"https:\/\/www.zillions.nl\/wp-content\/uploads\/2023\/06\/2x-Leolux-Dolcinea-Rood-leder_NM14244-650x650-1.jpg","width":650,"height":650},{"@type":"BreadcrumbList","@id":"https:\/\/www.zillions.nl\/product\/2x-leolux-dolcinea-fauteuil-cherry-rood-leder-nieuwstaat\/#breadcrumb","itemListElement":[{"@type":"ListItem","position":1,"name":"Home","item":"https:\/\/www.zillions.nl\/"},{"@type":"ListItem","position":2,"name":"Shop","item":"https:\/\/www.zillions.nl\/shop\/"},{"@type":"ListItem","position":3,"name":"Leolux Dolcinea Fauteuil Cherry Rood Leder &#8211; Nieuwstaat!"}]},{"@type":"WebSite","@id":"https:\/\/www.zillions.nl\/de\/#website","url":"https:\/\/www.zillions.nl\/de\/","name":"Zillionen: neue und gebrauchte Designerm\u00f6bel und St\u00fchle","description":"Willkommen bei Zillions: Zillions ist auf neue und gebrauchte Designm\u00f6bel und St\u00fchle spezialisiert.","publisher":{"@id":"https:\/\/www.zillions.nl\/de\/#organization"},"potentialAction":[{"@type":"SearchAction","target":{"@type":"EntryPoint","urlTemplate":"https:\/\/www.zillions.nl\/de\/?s={search_term_string}"},"query-input":{"@type":"PropertyValueSpecification","valueRequired":true,"valueName":"search_term_string"}}],"inLanguage":"de-DE"},{"@type":"Organization","@id":"https:\/\/www.zillions.nl\/de\/#organization","name":"Zillionen: neue und gebrauchte Designerm\u00f6bel und St\u00fchle","url":"https:\/\/www.zillions.nl\/de\/","logo":{"@type":"ImageObject","inLanguage":"de-DE","@id":"https:\/\/www.zillions.nl\/de\/#\/schema\/logo\/image\/","url":"https:\/\/www.zillions.nl\/wp-content\/uploads\/2022\/11\/zillions.svg","contentUrl":"https:\/\/www.zillions.nl\/wp-content\/uploads\/2022\/11\/zillions.svg","width":208,"height":53,"caption":"Zillions: nieuw en gebruikt design meubilair en stoelen"},"image":{"@id":"https:\/\/www.zillions.nl\/de\/#\/schema\/logo\/image\/"}}]}},"_links":{"self":[{"href":"https:\/\/www.zillions.nl\/de\/wp-json\/wp\/v2\/product\/5192","targetHints":{"allow":["GET"]}}],"collection":[{"href":"https:\/\/www.zillions.nl\/de\/wp-json\/wp\/v2\/product"}],"about":[{"href":"https:\/\/www.zillions.nl\/de\/wp-json\/wp\/v2\/types\/product"}],"wp:featuredmedia":[{"embeddable":true,"href":"https:\/\/www.zillions.nl\/de\/wp-json\/wp\/v2\/media\/18665"}],"wp:attachment":[{"href":"https:\/\/www.zillions.nl\/de\/wp-json\/wp\/v2\/media?parent=5192"}],"wp:term":[{"taxonomy":"product_brand","embeddable":true,"href":"https:\/\/www.zillions.nl\/de\/wp-json\/wp\/v2\/product_brand?post=5192"},{"taxonomy":"product_cat","embeddable":true,"href":"https:\/\/www.zillions.nl\/de\/wp-json\/wp\/v2\/product_cat?post=5192"},{"taxonomy":"product_tag","embeddable":true,"href":"https:\/\/www.zillions.nl\/de\/wp-json\/wp\/v2\/product_tag?post=5192"}],"curies":[{"name":"wp","href":"https:\/\/api.w.org\/{rel}","templated":true}]}}