{"id":5188,"date":"2023-06-15T07:37:20","date_gmt":"2023-06-15T05:37:20","guid":{"rendered":"https:\/\/www.zillions.nl\/?post_type=product&#038;p=5188"},"modified":"2025-10-11T11:01:04","modified_gmt":"2025-10-11T09:01:04","slug":"leolux-scylla-fauteuil-laag-zwart-leder-chroom","status":"publish","type":"product","link":"https:\/\/www.zillions.nl\/de\/product\/leolux-scylla-fauteuil-laag-zwart-leder-chroom\/","title":{"rendered":"Leolux Scylla Sessel niedrig schwarzes Leder \u2013 Chrom"},"content":{"rendered":"<p style=\"font-weight: 400;\">Leolux Scylla Sessel niedrig in schwarzem Leder \u2013 Chromgeh\u00e4use<\/p>\n<p style=\"font-weight: 400;\">Dieser elegante Leolux Scylla-Sessel, entworfen von Gerard Vollenbrock, ist aus hochwertigem schwarzem Leder mit einer raffinierten Chromverkleidung gefertigt, die sich hinter der R\u00fcckenlehne fortsetzt. Sowohl die Sitzfl\u00e4che als auch die Armlehnen sind mit weichem, anschmiegsamem Leder bezogen, was f\u00fcr eine luxuri\u00f6se Optik sorgt. Der Sessel ist reich an subtilen, raffinierten Details, die dem Scylla sein elegantes Aussehen verleihen, ohne Kompromisse beim schlichten Design einzugehen. In Kombination mit der bequemen Sitzfl\u00e4che bietet dieser Sessel die perfekte Balance zwischen Design und Funktionalit\u00e4t und passt perfekt zu verschiedenen Einrichtungsstilen. Der Sessel ist 100% Original und verf\u00fcgt \u00fcber s\u00e4mtliche Echtheitsmerkmale.<\/p>\n<p style=\"font-weight: 400;\"><strong>Zustand:\u00a0<\/strong>Zustand im Ausstellungsraum; im Neuzustand<\/p>\n<p style=\"font-weight: 400;\"><strong>Lieferung ab Lager<\/strong><\/p>\n<p style=\"font-weight: 400;\"><strong>Hinweis:\u00a0<\/strong>Die angezeigten Preise sind\u00a0<u>pro St\u00fcck<\/u>!<\/p>\n<p style=\"font-weight: 400;\">Spezifikationen:<br \/>\n<strong>Sitz:<\/strong>\u00a0Leder, schwarz<br \/>\n<strong>Rahmen:<\/strong>\u00a0Stahl, verchromt<br \/>\n<strong>Armlehnen: <\/strong>schwarzes Leder<br \/>\n<strong>Armlehne:<\/strong>\u00a021 cm hoch<br \/>\n<strong>R\u00fcckenlehne:<\/strong>\u00a043cm; niedriger R\u00fccken<br \/>\n<strong>Sitzh\u00f6he:<\/strong>\u00a043 cm<br \/>\n<strong>Sitzbreite:<\/strong>\u00a055 cm<br \/>\n<strong>Sitztiefe:\u00a0<\/strong>55 cm<br \/>\n<strong>Volle H\u00f6he:<\/strong>\u00a073 cm<br \/>\n<strong>Volle Breite:<\/strong>\u00a074 cm<br \/>\n<strong>Volle Tiefe:\u00a0<\/strong>84 cm<\/p>\n<p style=\"font-weight: 400;\">Wenn Sie Fragen haben oder einen unverbindlichen Besichtigungstermin vereinbaren m\u00f6chten, k\u00f6nnen Sie sich gerne an uns wenden. Lieferung durch unseren eigenen Lieferservice m\u00f6glich! Besuchen Sie unsere Website f\u00fcr viele weitere Designartikel!<\/p>\n<p><strong>Kontaktdaten (Besuch nach Vereinbarung):<\/strong><span style=\"font-weight: 400;\"><br \/>\nIndustrieweg 21<br \/>\n4131NK Vianen<br \/>\ninfo@zillions.nl<br \/>\n030 20 72 146<\/span><\/p>","protected":false},"excerpt":{"rendered":"<p>Leolux Scylla fauteuil laag in zwart leder &#8211; chromen behuizing Deze elegante Leolux Scylla fauteuil, ontworpen door Gerard Vollenbrock, is uitgevoerd in hoogwaardig zwart leder met een verfijnde chromen behuizing die achter de rugleuning doorloopt. Zowel de zitting als de armleggers zijn bekleed met zacht, soepel leer, wat zorgt voor een luxe uitstraling. De fauteuil [&hellip;]<\/p>\n","protected":false},"featured_media":12243,"template":"","meta":{"_acf_changed":false},"product_brand":[225],"product_cat":[16,188],"product_tag":[325],"class_list":{"0":"post-5188","1":"product","2":"type-product","3":"status-publish","4":"has-post-thumbnail","6":"product_brand-leolux","7":"product_cat-alle-producten","8":"product_cat-fauteuils","9":"product_tag-leolux","10":"pa_brands-leolux","12":"first","13":"instock","14":"purchasable","15":"product-type-simple"},"acf":[],"yoast_head":"<!-- This site is optimized with the Yoast SEO plugin v27.5 - https:\/\/yoast.com\/product\/yoast-seo-wordpress\/ -->\n<title>Leolux Scylla Fauteuil Laag Zwart Leder - Chroom<\/title>\n<meta name=\"description\" content=\"Leolux Scylla fauteuil laag in zwart leder - chroom | Eenvoudig te bestellen via onze webshop. Ontdek dit model en vele anderen in ons ruime assortiment!\" \/>\n<meta name=\"robots\" content=\"index, follow, max-snippet:-1, max-image-preview:large, max-video-preview:-1\" \/>\n<link rel=\"canonical\" href=\"https:\/\/www.zillions.nl\/de\/product\/leolux-scylla-fauteuil-laag-zwart-leder-chroom\/\" \/>\n<meta property=\"og:locale\" content=\"de_DE\" \/>\n<meta property=\"og:type\" content=\"article\" \/>\n<meta property=\"og:title\" content=\"Leolux Scylla Fauteuil Laag Zwart Leder - Chroom\" \/>\n<meta property=\"og:description\" content=\"Leolux Scylla fauteuil laag in zwart leder - chroom | Eenvoudig te bestellen via onze webshop. Ontdek dit model en vele anderen in ons ruime assortiment!\" \/>\n<meta property=\"og:url\" content=\"https:\/\/www.zillions.nl\/de\/product\/leolux-scylla-fauteuil-laag-zwart-leder-chroom\/\" \/>\n<meta property=\"og:site_name\" content=\"Zillions: nieuw en gebruikt design meubilair en stoelen\" \/>\n<meta property=\"article:modified_time\" content=\"2025-10-11T09:01:04+00:00\" \/>\n<meta property=\"og:image\" content=\"https:\/\/www.zillions.nl\/wp-content\/uploads\/2023\/06\/Leolux-Scylla-zwart-leder-Silk-lage-rug-chromen-behuizing-CAM00486.jpg\" \/>\n\t<meta property=\"og:image:width\" content=\"1080\" \/>\n\t<meta property=\"og:image:height\" content=\"1080\" \/>\n\t<meta property=\"og:image:type\" content=\"image\/jpeg\" \/>\n<meta name=\"twitter:card\" content=\"summary_large_image\" \/>\n<meta name=\"twitter:label1\" content=\"Est. reading time\" \/>\n\t<meta name=\"twitter:data1\" content=\"2 minutes\" \/>\n<script type=\"application\/ld+json\" class=\"yoast-schema-graph\">{\"@context\":\"https:\\\/\\\/schema.org\",\"@graph\":[{\"@type\":\"WebPage\",\"@id\":\"https:\\\/\\\/www.zillions.nl\\\/product\\\/leolux-scylla-fauteuil-laag-zwart-leder-chroom\\\/\",\"url\":\"https:\\\/\\\/www.zillions.nl\\\/product\\\/leolux-scylla-fauteuil-laag-zwart-leder-chroom\\\/\",\"name\":\"Leolux Scylla Fauteuil Laag Zwart Leder - Chroom\",\"isPartOf\":{\"@id\":\"https:\\\/\\\/www.zillions.nl\\\/de\\\/#website\"},\"primaryImageOfPage\":{\"@id\":\"https:\\\/\\\/www.zillions.nl\\\/product\\\/leolux-scylla-fauteuil-laag-zwart-leder-chroom\\\/#primaryimage\"},\"image\":{\"@id\":\"https:\\\/\\\/www.zillions.nl\\\/product\\\/leolux-scylla-fauteuil-laag-zwart-leder-chroom\\\/#primaryimage\"},\"thumbnailUrl\":\"https:\\\/\\\/www.zillions.nl\\\/wp-content\\\/uploads\\\/2023\\\/06\\\/Leolux-Scylla-zwart-leder-Silk-lage-rug-chromen-behuizing-CAM00486.jpg\",\"datePublished\":\"2023-06-15T05:37:20+00:00\",\"dateModified\":\"2025-10-11T09:01:04+00:00\",\"description\":\"Leolux Scylla fauteuil laag in zwart leder - chroom | Eenvoudig te bestellen via onze webshop. Ontdek dit model en vele anderen in ons ruime assortiment!\",\"breadcrumb\":{\"@id\":\"https:\\\/\\\/www.zillions.nl\\\/product\\\/leolux-scylla-fauteuil-laag-zwart-leder-chroom\\\/#breadcrumb\"},\"inLanguage\":\"de-DE\",\"potentialAction\":[{\"@type\":\"ReadAction\",\"target\":[\"https:\\\/\\\/www.zillions.nl\\\/product\\\/leolux-scylla-fauteuil-laag-zwart-leder-chroom\\\/\"]}]},{\"@type\":\"ImageObject\",\"inLanguage\":\"de-DE\",\"@id\":\"https:\\\/\\\/www.zillions.nl\\\/product\\\/leolux-scylla-fauteuil-laag-zwart-leder-chroom\\\/#primaryimage\",\"url\":\"https:\\\/\\\/www.zillions.nl\\\/wp-content\\\/uploads\\\/2023\\\/06\\\/Leolux-Scylla-zwart-leder-Silk-lage-rug-chromen-behuizing-CAM00486.jpg\",\"contentUrl\":\"https:\\\/\\\/www.zillions.nl\\\/wp-content\\\/uploads\\\/2023\\\/06\\\/Leolux-Scylla-zwart-leder-Silk-lage-rug-chromen-behuizing-CAM00486.jpg\",\"width\":1080,\"height\":1080},{\"@type\":\"BreadcrumbList\",\"@id\":\"https:\\\/\\\/www.zillions.nl\\\/product\\\/leolux-scylla-fauteuil-laag-zwart-leder-chroom\\\/#breadcrumb\",\"itemListElement\":[{\"@type\":\"ListItem\",\"position\":1,\"name\":\"Home\",\"item\":\"https:\\\/\\\/www.zillions.nl\\\/\"},{\"@type\":\"ListItem\",\"position\":2,\"name\":\"Shop\",\"item\":\"https:\\\/\\\/www.zillions.nl\\\/shop\\\/\"},{\"@type\":\"ListItem\",\"position\":3,\"name\":\"Leolux Scylla Fauteuil Laag Zwart Leder &#8211; Chroom\"}]},{\"@type\":\"WebSite\",\"@id\":\"https:\\\/\\\/www.zillions.nl\\\/de\\\/#website\",\"url\":\"https:\\\/\\\/www.zillions.nl\\\/de\\\/\",\"name\":\"Zillions: nieuw en gebruikt design meubilair en stoelen\",\"description\":\"Welkom bij Zillions: Zillions is gespecialiseerd in nieuw en gebruikt design meubilair en stoelen.\",\"publisher\":{\"@id\":\"https:\\\/\\\/www.zillions.nl\\\/de\\\/#organization\"},\"potentialAction\":[{\"@type\":\"SearchAction\",\"target\":{\"@type\":\"EntryPoint\",\"urlTemplate\":\"https:\\\/\\\/www.zillions.nl\\\/de\\\/?s={search_term_string}\"},\"query-input\":{\"@type\":\"PropertyValueSpecification\",\"valueRequired\":true,\"valueName\":\"search_term_string\"}}],\"inLanguage\":\"de-DE\"},{\"@type\":\"Organization\",\"@id\":\"https:\\\/\\\/www.zillions.nl\\\/de\\\/#organization\",\"name\":\"Zillions: nieuw en gebruikt design meubilair en stoelen\",\"url\":\"https:\\\/\\\/www.zillions.nl\\\/de\\\/\",\"logo\":{\"@type\":\"ImageObject\",\"inLanguage\":\"de-DE\",\"@id\":\"https:\\\/\\\/www.zillions.nl\\\/de\\\/#\\\/schema\\\/logo\\\/image\\\/\",\"url\":\"https:\\\/\\\/www.zillions.nl\\\/wp-content\\\/uploads\\\/2022\\\/11\\\/zillions.svg\",\"contentUrl\":\"https:\\\/\\\/www.zillions.nl\\\/wp-content\\\/uploads\\\/2022\\\/11\\\/zillions.svg\",\"width\":208,\"height\":53,\"caption\":\"Zillions: nieuw en gebruikt design meubilair en stoelen\"},\"image\":{\"@id\":\"https:\\\/\\\/www.zillions.nl\\\/de\\\/#\\\/schema\\\/logo\\\/image\\\/\"}}]}<\/script>\n<!-- \/ Yoast SEO plugin. -->","yoast_head_json":{"title":"Leolux Scylla Sessel niedrig, schwarzes Leder - Chrom","description":"Leolux Scylla Sessel niedrig, schwarzes Leder, Chrom | Bestellen Sie bequem in unserem Webshop. Entdecken Sie dieses und viele weitere Modelle aus unserem umfangreichen Sortiment!","robots":{"index":"index","follow":"follow","max-snippet":"max-snippet:-1","max-image-preview":"max-image-preview:large","max-video-preview":"max-video-preview:-1"},"canonical":"https:\/\/www.zillions.nl\/de\/product\/leolux-scylla-fauteuil-laag-zwart-leder-chroom\/","og_locale":"de_DE","og_type":"article","og_title":"Leolux Scylla Fauteuil Laag Zwart Leder - Chroom","og_description":"Leolux Scylla fauteuil laag in zwart leder - chroom | Eenvoudig te bestellen via onze webshop. Ontdek dit model en vele anderen in ons ruime assortiment!","og_url":"https:\/\/www.zillions.nl\/de\/product\/leolux-scylla-fauteuil-laag-zwart-leder-chroom\/","og_site_name":"Zillions: nieuw en gebruikt design meubilair en stoelen","article_modified_time":"2025-10-11T09:01:04+00:00","og_image":[{"width":1080,"height":1080,"url":"https:\/\/www.zillions.nl\/wp-content\/uploads\/2023\/06\/Leolux-Scylla-zwart-leder-Silk-lage-rug-chromen-behuizing-CAM00486.jpg","type":"image\/jpeg"}],"twitter_card":"summary_large_image","twitter_misc":{"Est. reading time":"2 minutes"},"schema":{"@context":"https:\/\/schema.org","@graph":[{"@type":"WebPage","@id":"https:\/\/www.zillions.nl\/product\/leolux-scylla-fauteuil-laag-zwart-leder-chroom\/","url":"https:\/\/www.zillions.nl\/product\/leolux-scylla-fauteuil-laag-zwart-leder-chroom\/","name":"Leolux Scylla Sessel niedrig, schwarzes Leder - Chrom","isPartOf":{"@id":"https:\/\/www.zillions.nl\/de\/#website"},"primaryImageOfPage":{"@id":"https:\/\/www.zillions.nl\/product\/leolux-scylla-fauteuil-laag-zwart-leder-chroom\/#primaryimage"},"image":{"@id":"https:\/\/www.zillions.nl\/product\/leolux-scylla-fauteuil-laag-zwart-leder-chroom\/#primaryimage"},"thumbnailUrl":"https:\/\/www.zillions.nl\/wp-content\/uploads\/2023\/06\/Leolux-Scylla-zwart-leder-Silk-lage-rug-chromen-behuizing-CAM00486.jpg","datePublished":"2023-06-15T05:37:20+00:00","dateModified":"2025-10-11T09:01:04+00:00","description":"Leolux Scylla Sessel niedrig, schwarzes Leder, Chrom | Bestellen Sie bequem in unserem Webshop. Entdecken Sie dieses und viele weitere Modelle aus unserem umfangreichen Sortiment!","breadcrumb":{"@id":"https:\/\/www.zillions.nl\/product\/leolux-scylla-fauteuil-laag-zwart-leder-chroom\/#breadcrumb"},"inLanguage":"de-DE","potentialAction":[{"@type":"ReadAction","target":["https:\/\/www.zillions.nl\/product\/leolux-scylla-fauteuil-laag-zwart-leder-chroom\/"]}]},{"@type":"ImageObject","inLanguage":"de-DE","@id":"https:\/\/www.zillions.nl\/product\/leolux-scylla-fauteuil-laag-zwart-leder-chroom\/#primaryimage","url":"https:\/\/www.zillions.nl\/wp-content\/uploads\/2023\/06\/Leolux-Scylla-zwart-leder-Silk-lage-rug-chromen-behuizing-CAM00486.jpg","contentUrl":"https:\/\/www.zillions.nl\/wp-content\/uploads\/2023\/06\/Leolux-Scylla-zwart-leder-Silk-lage-rug-chromen-behuizing-CAM00486.jpg","width":1080,"height":1080},{"@type":"BreadcrumbList","@id":"https:\/\/www.zillions.nl\/product\/leolux-scylla-fauteuil-laag-zwart-leder-chroom\/#breadcrumb","itemListElement":[{"@type":"ListItem","position":1,"name":"Home","item":"https:\/\/www.zillions.nl\/"},{"@type":"ListItem","position":2,"name":"Shop","item":"https:\/\/www.zillions.nl\/shop\/"},{"@type":"ListItem","position":3,"name":"Leolux Scylla Fauteuil Laag Zwart Leder &#8211; Chroom"}]},{"@type":"WebSite","@id":"https:\/\/www.zillions.nl\/de\/#website","url":"https:\/\/www.zillions.nl\/de\/","name":"Zillionen: neue und gebrauchte Designerm\u00f6bel und St\u00fchle","description":"Willkommen bei Zillions: Zillions ist auf neue und gebrauchte Designm\u00f6bel und St\u00fchle spezialisiert.","publisher":{"@id":"https:\/\/www.zillions.nl\/de\/#organization"},"potentialAction":[{"@type":"SearchAction","target":{"@type":"EntryPoint","urlTemplate":"https:\/\/www.zillions.nl\/de\/?s={search_term_string}"},"query-input":{"@type":"PropertyValueSpecification","valueRequired":true,"valueName":"search_term_string"}}],"inLanguage":"de-DE"},{"@type":"Organization","@id":"https:\/\/www.zillions.nl\/de\/#organization","name":"Zillionen: neue und gebrauchte Designerm\u00f6bel und St\u00fchle","url":"https:\/\/www.zillions.nl\/de\/","logo":{"@type":"ImageObject","inLanguage":"de-DE","@id":"https:\/\/www.zillions.nl\/de\/#\/schema\/logo\/image\/","url":"https:\/\/www.zillions.nl\/wp-content\/uploads\/2022\/11\/zillions.svg","contentUrl":"https:\/\/www.zillions.nl\/wp-content\/uploads\/2022\/11\/zillions.svg","width":208,"height":53,"caption":"Zillions: nieuw en gebruikt design meubilair en stoelen"},"image":{"@id":"https:\/\/www.zillions.nl\/de\/#\/schema\/logo\/image\/"}}]}},"_links":{"self":[{"href":"https:\/\/www.zillions.nl\/de\/wp-json\/wp\/v2\/product\/5188","targetHints":{"allow":["GET"]}}],"collection":[{"href":"https:\/\/www.zillions.nl\/de\/wp-json\/wp\/v2\/product"}],"about":[{"href":"https:\/\/www.zillions.nl\/de\/wp-json\/wp\/v2\/types\/product"}],"wp:featuredmedia":[{"embeddable":true,"href":"https:\/\/www.zillions.nl\/de\/wp-json\/wp\/v2\/media\/12243"}],"wp:attachment":[{"href":"https:\/\/www.zillions.nl\/de\/wp-json\/wp\/v2\/media?parent=5188"}],"wp:term":[{"taxonomy":"product_brand","embeddable":true,"href":"https:\/\/www.zillions.nl\/de\/wp-json\/wp\/v2\/product_brand?post=5188"},{"taxonomy":"product_cat","embeddable":true,"href":"https:\/\/www.zillions.nl\/de\/wp-json\/wp\/v2\/product_cat?post=5188"},{"taxonomy":"product_tag","embeddable":true,"href":"https:\/\/www.zillions.nl\/de\/wp-json\/wp\/v2\/product_tag?post=5188"}],"curies":[{"name":"wp","href":"https:\/\/api.w.org\/{rel}","templated":true}]}}