{"id":4797,"date":"2023-05-11T11:50:15","date_gmt":"2023-05-11T09:50:15","guid":{"rendered":"https:\/\/www.zillions.nl\/?post_type=product&#038;p=4797"},"modified":"2026-02-05T22:42:15","modified_gmt":"2026-02-05T21:42:15","slug":"vitra-eames-ea-108-stoel-zwart-leer-chroom","status":"publish","type":"product","link":"https:\/\/www.zillions.nl\/de\/product\/vitra-eames-ea-108-stoel-zwart-leer-chroom\/","title":{"rendered":"Vitra Eames EA 108 Stuhl Schwarzes Leder \u2013 Chrom"},"content":{"rendered":"<p>Vitra Eames EA 108 Konferenzstuhl in schwarzem Leder \u2013 Chrom<\/p>\n<p>Dieser stilvolle Vitra EA 108-Konferenzstuhl, entworfen von Charles &amp; Ray Eames, ist mit schwarzer Lederpolsterung ausgestattet und verf\u00fcgt \u00fcber ein verchromtes Aluminiumgestell. Die elegante Form und die leichte Federung der Sitzfl\u00e4che sorgen f\u00fcr optimalen Sitzkomfort und machen den Stuhl perfekt f\u00fcr Konferenzr\u00e4ume oder stilvolle Arbeitspl\u00e4tze. Das zeitlose Design und die hochwertige Verarbeitung machen den EA 108 zu einer langlebigen und \u00e4sthetischen Wahl f\u00fcr jedes Interieur. Der Stuhl ist 100% Original und mit allen Authentizit\u00e4tsmerkmalen ausgestattet.<\/p>\n<p><strong>Zustand: <\/strong>Zustand im Ausstellungsraum; im Neuzustand<\/p>\n<p><strong>Lieferung ab Lager<\/strong><\/p>\n<p><strong>Hinweis: <\/strong>Die angezeigten Preise sind <u>pro St\u00fcck<\/u>!<\/p>\n<p>Spezifikationen:<br \/>\n<strong>Sitz:<\/strong> Leder, schwarz; drehbar<br \/>\n<strong>Rahmen:<\/strong> Aluminium, verchromt<br \/>\n<strong>R\u00fcckenlehne:<\/strong> 42cm; halbe H\u00f6he<br \/>\n<strong>Armlehne:<\/strong> 66 cm vom Boden<br \/>\n<strong>Sitzh\u00f6he:<\/strong> 47 cm<br \/>\n<strong>Sitzbreite:<\/strong> 52,5 cm<br \/>\n<strong>Sitztiefe:<\/strong> 48 cm<br \/>\n<strong>Volle H\u00f6he:<\/strong> 83 cm<br \/>\n<strong>Volle Breite: <\/strong>58 cm<strong><br \/>\nVolle Tiefe: <\/strong>59 cm<\/p>\n<p>Wenn Sie Fragen haben oder einen unverbindlichen Besichtigungstermin vereinbaren m\u00f6chten, k\u00f6nnen Sie sich gerne an uns wenden. Lieferung durch unseren eigenen Lieferservice m\u00f6glich! Besuchen Sie unsere Website f\u00fcr viele weitere Designartikel!<\/p>\n<p><strong>Kontaktdaten (Besuch nach Vereinbarung):<\/strong><br \/>\nIndustrieweg 21<br \/>\n4131NK Vianen<br \/>\ninfo@zillions.nl<br \/>\n030 20 72 146<\/p>","protected":false},"excerpt":{"rendered":"<p>Vitra Eames EA 108 conferentiestoel in zwart leer &#8211; chroom Deze stijlvolle Vitra EA 108 conferentiestoel, ontworpen door Charles &amp; Ray Eames, is uitgevoerd in zwart lederen bekleding en voorzien van een verchroomd aluminium onderstel. De elegante vorm en lichte vering in de zitting zorgen voor een optimaal zitcomfort, waardoor de stoel perfect is voor [&hellip;]<\/p>\n","protected":false},"featured_media":14164,"template":"","meta":{"_acf_changed":false},"product_brand":[202],"product_cat":[16,185],"product_tag":[322],"class_list":{"0":"post-4797","1":"product","2":"type-product","3":"status-publish","4":"has-post-thumbnail","6":"product_brand-vitra","7":"product_cat-alle-producten","8":"product_cat-stoelen","9":"product_tag-vitra","10":"pa_brands-vitra","12":"first","13":"instock","14":"purchasable","15":"product-type-simple"},"acf":[],"yoast_head":"<!-- This site is optimized with the Yoast SEO plugin v27.5 - https:\/\/yoast.com\/product\/yoast-seo-wordpress\/ -->\n<title>Vitra Eames EA 108 Stoel Zwart Leer - Chroom<\/title>\n<meta name=\"description\" content=\"Vitra Eames EA 108 stoel in zwart leer - chroom | Eenvoudig te bestellen via onze webshop. Ontdek dit model en vele anderen in ons ruime assortiment!\" \/>\n<meta name=\"robots\" content=\"index, follow, max-snippet:-1, max-image-preview:large, max-video-preview:-1\" \/>\n<link rel=\"canonical\" href=\"https:\/\/www.zillions.nl\/de\/product\/vitra-eames-ea-108-stoel-zwart-leer-chroom\/\" \/>\n<meta property=\"og:locale\" content=\"de_DE\" \/>\n<meta property=\"og:type\" content=\"article\" \/>\n<meta property=\"og:title\" content=\"Vitra Eames EA 108 Stoel Zwart Leer - Chroom\" \/>\n<meta property=\"og:description\" content=\"Vitra Eames EA 108 stoel in zwart leer - chroom | Eenvoudig te bestellen via onze webshop. Ontdek dit model en vele anderen in ons ruime assortiment!\" \/>\n<meta property=\"og:url\" content=\"https:\/\/www.zillions.nl\/de\/product\/vitra-eames-ea-108-stoel-zwart-leer-chroom\/\" \/>\n<meta property=\"og:site_name\" content=\"Zillions: nieuw en gebruikt design meubilair en stoelen\" \/>\n<meta property=\"article:modified_time\" content=\"2026-02-05T21:42:15+00:00\" \/>\n<meta property=\"og:image\" content=\"https:\/\/www.zillions.nl\/wp-content\/uploads\/2023\/05\/Vitra-Eames-EA108-Zwart-leer-Chroom-NM209191-1.jpg\" \/>\n\t<meta property=\"og:image:width\" content=\"1080\" \/>\n\t<meta property=\"og:image:height\" content=\"1080\" \/>\n\t<meta property=\"og:image:type\" content=\"image\/jpeg\" \/>\n<meta name=\"twitter:card\" content=\"summary_large_image\" \/>\n<meta name=\"twitter:label1\" content=\"Est. reading time\" \/>\n\t<meta name=\"twitter:data1\" content=\"2 minutes\" \/>\n<script type=\"application\/ld+json\" class=\"yoast-schema-graph\">{\"@context\":\"https:\\\/\\\/schema.org\",\"@graph\":[{\"@type\":\"WebPage\",\"@id\":\"https:\\\/\\\/www.zillions.nl\\\/product\\\/vitra-eames-ea-108-stoel-zwart-leer-chroom\\\/\",\"url\":\"https:\\\/\\\/www.zillions.nl\\\/product\\\/vitra-eames-ea-108-stoel-zwart-leer-chroom\\\/\",\"name\":\"Vitra Eames EA 108 Stoel Zwart Leer - Chroom\",\"isPartOf\":{\"@id\":\"https:\\\/\\\/www.zillions.nl\\\/de\\\/#website\"},\"primaryImageOfPage\":{\"@id\":\"https:\\\/\\\/www.zillions.nl\\\/product\\\/vitra-eames-ea-108-stoel-zwart-leer-chroom\\\/#primaryimage\"},\"image\":{\"@id\":\"https:\\\/\\\/www.zillions.nl\\\/product\\\/vitra-eames-ea-108-stoel-zwart-leer-chroom\\\/#primaryimage\"},\"thumbnailUrl\":\"https:\\\/\\\/www.zillions.nl\\\/wp-content\\\/uploads\\\/2023\\\/05\\\/Vitra-Eames-EA108-Zwart-leer-Chroom-NM209191-1.jpg\",\"datePublished\":\"2023-05-11T09:50:15+00:00\",\"dateModified\":\"2026-02-05T21:42:15+00:00\",\"description\":\"Vitra Eames EA 108 stoel in zwart leer - chroom | Eenvoudig te bestellen via onze webshop. Ontdek dit model en vele anderen in ons ruime assortiment!\",\"breadcrumb\":{\"@id\":\"https:\\\/\\\/www.zillions.nl\\\/product\\\/vitra-eames-ea-108-stoel-zwart-leer-chroom\\\/#breadcrumb\"},\"inLanguage\":\"de-DE\",\"potentialAction\":[{\"@type\":\"ReadAction\",\"target\":[\"https:\\\/\\\/www.zillions.nl\\\/product\\\/vitra-eames-ea-108-stoel-zwart-leer-chroom\\\/\"]}]},{\"@type\":\"ImageObject\",\"inLanguage\":\"de-DE\",\"@id\":\"https:\\\/\\\/www.zillions.nl\\\/product\\\/vitra-eames-ea-108-stoel-zwart-leer-chroom\\\/#primaryimage\",\"url\":\"https:\\\/\\\/www.zillions.nl\\\/wp-content\\\/uploads\\\/2023\\\/05\\\/Vitra-Eames-EA108-Zwart-leer-Chroom-NM209191-1.jpg\",\"contentUrl\":\"https:\\\/\\\/www.zillions.nl\\\/wp-content\\\/uploads\\\/2023\\\/05\\\/Vitra-Eames-EA108-Zwart-leer-Chroom-NM209191-1.jpg\",\"width\":1080,\"height\":1080},{\"@type\":\"BreadcrumbList\",\"@id\":\"https:\\\/\\\/www.zillions.nl\\\/product\\\/vitra-eames-ea-108-stoel-zwart-leer-chroom\\\/#breadcrumb\",\"itemListElement\":[{\"@type\":\"ListItem\",\"position\":1,\"name\":\"Home\",\"item\":\"https:\\\/\\\/www.zillions.nl\\\/\"},{\"@type\":\"ListItem\",\"position\":2,\"name\":\"Shop\",\"item\":\"https:\\\/\\\/www.zillions.nl\\\/shop\\\/\"},{\"@type\":\"ListItem\",\"position\":3,\"name\":\"Vitra Eames EA 108 Stoel Zwart Leer &#8211; Chroom\"}]},{\"@type\":\"WebSite\",\"@id\":\"https:\\\/\\\/www.zillions.nl\\\/de\\\/#website\",\"url\":\"https:\\\/\\\/www.zillions.nl\\\/de\\\/\",\"name\":\"Zillions: nieuw en gebruikt design meubilair en stoelen\",\"description\":\"Welkom bij Zillions: Zillions is gespecialiseerd in nieuw en gebruikt design meubilair en stoelen.\",\"publisher\":{\"@id\":\"https:\\\/\\\/www.zillions.nl\\\/de\\\/#organization\"},\"potentialAction\":[{\"@type\":\"SearchAction\",\"target\":{\"@type\":\"EntryPoint\",\"urlTemplate\":\"https:\\\/\\\/www.zillions.nl\\\/de\\\/?s={search_term_string}\"},\"query-input\":{\"@type\":\"PropertyValueSpecification\",\"valueRequired\":true,\"valueName\":\"search_term_string\"}}],\"inLanguage\":\"de-DE\"},{\"@type\":\"Organization\",\"@id\":\"https:\\\/\\\/www.zillions.nl\\\/de\\\/#organization\",\"name\":\"Zillions: nieuw en gebruikt design meubilair en stoelen\",\"url\":\"https:\\\/\\\/www.zillions.nl\\\/de\\\/\",\"logo\":{\"@type\":\"ImageObject\",\"inLanguage\":\"de-DE\",\"@id\":\"https:\\\/\\\/www.zillions.nl\\\/de\\\/#\\\/schema\\\/logo\\\/image\\\/\",\"url\":\"https:\\\/\\\/www.zillions.nl\\\/wp-content\\\/uploads\\\/2022\\\/11\\\/zillions.svg\",\"contentUrl\":\"https:\\\/\\\/www.zillions.nl\\\/wp-content\\\/uploads\\\/2022\\\/11\\\/zillions.svg\",\"width\":208,\"height\":53,\"caption\":\"Zillions: nieuw en gebruikt design meubilair en stoelen\"},\"image\":{\"@id\":\"https:\\\/\\\/www.zillions.nl\\\/de\\\/#\\\/schema\\\/logo\\\/image\\\/\"}}]}<\/script>\n<!-- \/ Yoast SEO plugin. -->","yoast_head_json":{"title":"Vitra Eames EA 108 Stuhl Schwarzes Leder - Chrom","description":"Vitra Eames EA 108 Stuhl in schwarzem Leder \u2013 Chrom | Bestellen Sie bequem in unserem Webshop. Entdecken Sie dieses und viele weitere Modelle aus unserem umfangreichen Sortiment!","robots":{"index":"index","follow":"follow","max-snippet":"max-snippet:-1","max-image-preview":"max-image-preview:large","max-video-preview":"max-video-preview:-1"},"canonical":"https:\/\/www.zillions.nl\/de\/product\/vitra-eames-ea-108-stoel-zwart-leer-chroom\/","og_locale":"de_DE","og_type":"article","og_title":"Vitra Eames EA 108 Stoel Zwart Leer - Chroom","og_description":"Vitra Eames EA 108 stoel in zwart leer - chroom | Eenvoudig te bestellen via onze webshop. Ontdek dit model en vele anderen in ons ruime assortiment!","og_url":"https:\/\/www.zillions.nl\/de\/product\/vitra-eames-ea-108-stoel-zwart-leer-chroom\/","og_site_name":"Zillions: nieuw en gebruikt design meubilair en stoelen","article_modified_time":"2026-02-05T21:42:15+00:00","og_image":[{"width":1080,"height":1080,"url":"https:\/\/www.zillions.nl\/wp-content\/uploads\/2023\/05\/Vitra-Eames-EA108-Zwart-leer-Chroom-NM209191-1.jpg","type":"image\/jpeg"}],"twitter_card":"summary_large_image","twitter_misc":{"Est. reading time":"2 minutes"},"schema":{"@context":"https:\/\/schema.org","@graph":[{"@type":"WebPage","@id":"https:\/\/www.zillions.nl\/product\/vitra-eames-ea-108-stoel-zwart-leer-chroom\/","url":"https:\/\/www.zillions.nl\/product\/vitra-eames-ea-108-stoel-zwart-leer-chroom\/","name":"Vitra Eames EA 108 Stuhl Schwarzes Leder - Chrom","isPartOf":{"@id":"https:\/\/www.zillions.nl\/de\/#website"},"primaryImageOfPage":{"@id":"https:\/\/www.zillions.nl\/product\/vitra-eames-ea-108-stoel-zwart-leer-chroom\/#primaryimage"},"image":{"@id":"https:\/\/www.zillions.nl\/product\/vitra-eames-ea-108-stoel-zwart-leer-chroom\/#primaryimage"},"thumbnailUrl":"https:\/\/www.zillions.nl\/wp-content\/uploads\/2023\/05\/Vitra-Eames-EA108-Zwart-leer-Chroom-NM209191-1.jpg","datePublished":"2023-05-11T09:50:15+00:00","dateModified":"2026-02-05T21:42:15+00:00","description":"Vitra Eames EA 108 Stuhl in schwarzem Leder \u2013 Chrom | Bestellen Sie bequem in unserem Webshop. Entdecken Sie dieses und viele weitere Modelle aus unserem umfangreichen Sortiment!","breadcrumb":{"@id":"https:\/\/www.zillions.nl\/product\/vitra-eames-ea-108-stoel-zwart-leer-chroom\/#breadcrumb"},"inLanguage":"de-DE","potentialAction":[{"@type":"ReadAction","target":["https:\/\/www.zillions.nl\/product\/vitra-eames-ea-108-stoel-zwart-leer-chroom\/"]}]},{"@type":"ImageObject","inLanguage":"de-DE","@id":"https:\/\/www.zillions.nl\/product\/vitra-eames-ea-108-stoel-zwart-leer-chroom\/#primaryimage","url":"https:\/\/www.zillions.nl\/wp-content\/uploads\/2023\/05\/Vitra-Eames-EA108-Zwart-leer-Chroom-NM209191-1.jpg","contentUrl":"https:\/\/www.zillions.nl\/wp-content\/uploads\/2023\/05\/Vitra-Eames-EA108-Zwart-leer-Chroom-NM209191-1.jpg","width":1080,"height":1080},{"@type":"BreadcrumbList","@id":"https:\/\/www.zillions.nl\/product\/vitra-eames-ea-108-stoel-zwart-leer-chroom\/#breadcrumb","itemListElement":[{"@type":"ListItem","position":1,"name":"Home","item":"https:\/\/www.zillions.nl\/"},{"@type":"ListItem","position":2,"name":"Shop","item":"https:\/\/www.zillions.nl\/shop\/"},{"@type":"ListItem","position":3,"name":"Vitra Eames EA 108 Stoel Zwart Leer &#8211; Chroom"}]},{"@type":"WebSite","@id":"https:\/\/www.zillions.nl\/de\/#website","url":"https:\/\/www.zillions.nl\/de\/","name":"Zillionen: neue und gebrauchte Designerm\u00f6bel und St\u00fchle","description":"Willkommen bei Zillions: Zillions ist auf neue und gebrauchte Designm\u00f6bel und St\u00fchle spezialisiert.","publisher":{"@id":"https:\/\/www.zillions.nl\/de\/#organization"},"potentialAction":[{"@type":"SearchAction","target":{"@type":"EntryPoint","urlTemplate":"https:\/\/www.zillions.nl\/de\/?s={search_term_string}"},"query-input":{"@type":"PropertyValueSpecification","valueRequired":true,"valueName":"search_term_string"}}],"inLanguage":"de-DE"},{"@type":"Organization","@id":"https:\/\/www.zillions.nl\/de\/#organization","name":"Zillionen: neue und gebrauchte Designerm\u00f6bel und St\u00fchle","url":"https:\/\/www.zillions.nl\/de\/","logo":{"@type":"ImageObject","inLanguage":"de-DE","@id":"https:\/\/www.zillions.nl\/de\/#\/schema\/logo\/image\/","url":"https:\/\/www.zillions.nl\/wp-content\/uploads\/2022\/11\/zillions.svg","contentUrl":"https:\/\/www.zillions.nl\/wp-content\/uploads\/2022\/11\/zillions.svg","width":208,"height":53,"caption":"Zillions: nieuw en gebruikt design meubilair en stoelen"},"image":{"@id":"https:\/\/www.zillions.nl\/de\/#\/schema\/logo\/image\/"}}]}},"_links":{"self":[{"href":"https:\/\/www.zillions.nl\/de\/wp-json\/wp\/v2\/product\/4797","targetHints":{"allow":["GET"]}}],"collection":[{"href":"https:\/\/www.zillions.nl\/de\/wp-json\/wp\/v2\/product"}],"about":[{"href":"https:\/\/www.zillions.nl\/de\/wp-json\/wp\/v2\/types\/product"}],"wp:featuredmedia":[{"embeddable":true,"href":"https:\/\/www.zillions.nl\/de\/wp-json\/wp\/v2\/media\/14164"}],"wp:attachment":[{"href":"https:\/\/www.zillions.nl\/de\/wp-json\/wp\/v2\/media?parent=4797"}],"wp:term":[{"taxonomy":"product_brand","embeddable":true,"href":"https:\/\/www.zillions.nl\/de\/wp-json\/wp\/v2\/product_brand?post=4797"},{"taxonomy":"product_cat","embeddable":true,"href":"https:\/\/www.zillions.nl\/de\/wp-json\/wp\/v2\/product_cat?post=4797"},{"taxonomy":"product_tag","embeddable":true,"href":"https:\/\/www.zillions.nl\/de\/wp-json\/wp\/v2\/product_tag?post=4797"}],"curies":[{"name":"wp","href":"https:\/\/api.w.org\/{rel}","templated":true}]}}