{"id":4539,"date":"2023-03-14T16:23:38","date_gmt":"2023-03-14T15:23:38","guid":{"rendered":"https:\/\/www.zillions.nl\/?post_type=product&#038;p=4539"},"modified":"2025-09-22T13:25:48","modified_gmt":"2025-09-22T11:25:48","slug":"herman-miller-mirra-1-bureaustoel-graphite","status":"publish","type":"product","link":"https:\/\/www.zillions.nl\/de\/product\/herman-miller-mirra-1-bureaustoel-graphite\/","title":{"rendered":"Herman Miller Mirra 1 B\u00fcrostuhl Graphit"},"content":{"rendered":"<p>Herman Miller Mirra 1 B\u00fcrostuhl Anthrazitgrau<\/p>\n<p>Vollst\u00e4ndige Optionen<br \/>\nDiese B\u00fcrost\u00fchle sind in einem absoluten Top-Zustand. Frei von Kratzern und Besch\u00e4digungen, 100% technisch gepr\u00fcft.<\/p>\n<p>Mobil, drehbar, h\u00f6henverstellbar, Vor- und R\u00fcckw\u00e4rtsneigungsfunktion, 2D-Armpolster<\/p>\n<p>Die Lieferung ist mit unserem eigenen Lieferservice m\u00f6glich<\/p>\n<p>Lieferung ab Lager.<\/p>\n<p>Wenn Sie Fragen haben oder einen unverbindlichen Besichtigungstermin vereinbaren m\u00f6chten, k\u00f6nnen Sie sich gerne an uns wenden. Lieferung durch unseren eigenen Lieferservice m\u00f6glich! Besuchen Sie unsere Website f\u00fcr viele weitere Designartikel!<\/p>\n<p><strong>Kontaktdaten (Besuch nach Vereinbarung):<\/strong><br \/>\nIndustrieweg 21<br \/>\n4131NK Vianen<br \/>\ninfo@zillions.nl<br \/>\n030 20 72 146<\/p>\n<p>Weitere Designerm\u00f6bel finden Sie in allen unseren Anzeigen f\u00fcr Top-Marken wie:<br \/>\nArtimide, Floss, Vitra, Eames Herman Miller, Artifort, B&amp;B Italia, Ahrend, Interstuhl, Grahl, Hay, Norman Copenhagen, Cassina, Artifort, Gispen, Leolux, Montis, Arne Jacobsen, Bert Plantagie, Design auf Lager, Rolf Benz, Jori , Harvink usw.<\/p>\n<p>Design von Top-Designern: unter anderem<\/p>\n<p>Arne Jacobsen, Charles Eames, Cees Braakman, Eero Saarinen, Poul Henningsen, Poul Kjaerholm, Verner Panton, Martin Visser, Mart Stam, Eileen Gray, Gerrit Rietveld, Pierre Paulin, Ko Liang Ie, Marcel Breuer, Rob Parry, Vico Magistretti, Hans Wegner, Borge Mogensen, Finn Juhl, Grete Jalk, Osvaldo Borsani, Isamu Noguchi, George Nelson, Geoffrey Harcourt, Ilmari Tapiovaara, Ferdinand Solere, Joe Colombo Friso Kramer, Harry Bertoia, Lisa Pape, Ettore Sottsass Paul Schuitema Bruno Mathsson<\/p>","protected":false},"excerpt":{"rendered":"<p>Herman Miller Mirra 1 bureaustoel Antraciet Grijs Full Options Deze bureastoelen verkeren in absolute topconditie. Kras- en schadevrij, 100% technisch nagekeken. Verrijdbaar, draaibaar , in hoogte verstelbaar, voor en achterwaartse neigfunctie,\u00a0 2D armpads Bezorgen kan met onze eigen bezorgdienst Uit voorraad leverbaar. Voor vragen of het vrijblijvend maken van een afspraak om de artikelen te [&hellip;]<\/p>\n","protected":false},"featured_media":4648,"template":"","meta":{"_acf_changed":false},"product_brand":[204],"product_cat":[16,186],"product_tag":[320],"class_list":{"0":"post-4539","1":"product","2":"type-product","3":"status-publish","4":"has-post-thumbnail","6":"product_brand-herman-miller","7":"product_cat-alle-producten","8":"product_cat-bureaustoelen","9":"product_tag-herman-miller","10":"pa_brands-herman-miller","12":"first","13":"instock","14":"purchasable","15":"product-type-simple"},"acf":[],"yoast_head":"<!-- This site is optimized with the Yoast SEO plugin v27.5 - https:\/\/yoast.com\/product\/yoast-seo-wordpress\/ -->\n<title>Herman Miller Mirra 1 Bureaustoel Graphite - Zillions: nieuw en gebruikt design meubilair en stoelen<\/title>\n<meta name=\"robots\" content=\"index, follow, max-snippet:-1, max-image-preview:large, max-video-preview:-1\" \/>\n<link rel=\"canonical\" href=\"https:\/\/www.zillions.nl\/de\/product\/herman-miller-mirra-1-bureaustoel-graphite\/\" \/>\n<meta property=\"og:locale\" content=\"de_DE\" \/>\n<meta property=\"og:type\" content=\"article\" \/>\n<meta property=\"og:title\" content=\"Herman Miller Mirra 1 Bureaustoel Graphite - Zillions: nieuw en gebruikt design meubilair en stoelen\" \/>\n<meta property=\"og:description\" content=\"Herman Miller Mirra 1 bureaustoel Antraciet Grijs Full Options Deze bureastoelen verkeren in absolute topconditie. Kras- en schadevrij, 100% technisch nagekeken. Verrijdbaar, draaibaar , in hoogte verstelbaar, voor en achterwaartse neigfunctie,\u00a0 2D armpads Bezorgen kan met onze eigen bezorgdienst Uit voorraad leverbaar. Voor vragen of het vrijblijvend maken van een afspraak om de artikelen te [&hellip;]\" \/>\n<meta property=\"og:url\" content=\"https:\/\/www.zillions.nl\/de\/product\/herman-miller-mirra-1-bureaustoel-graphite\/\" \/>\n<meta property=\"og:site_name\" content=\"Zillions: nieuw en gebruikt design meubilair en stoelen\" \/>\n<meta property=\"article:modified_time\" content=\"2025-09-22T11:25:48+00:00\" \/>\n<meta property=\"og:image\" content=\"https:\/\/www.zillions.nl\/wp-content\/uploads\/2023\/03\/DSC05487.jpg\" \/>\n\t<meta property=\"og:image:width\" content=\"1080\" \/>\n\t<meta property=\"og:image:height\" content=\"1080\" \/>\n\t<meta property=\"og:image:type\" content=\"image\/jpeg\" \/>\n<meta name=\"twitter:card\" content=\"summary_large_image\" \/>\n<meta name=\"twitter:label1\" content=\"Est. reading time\" \/>\n\t<meta name=\"twitter:data1\" content=\"2 minutes\" \/>\n<script type=\"application\/ld+json\" class=\"yoast-schema-graph\">{\"@context\":\"https:\\\/\\\/schema.org\",\"@graph\":[{\"@type\":\"WebPage\",\"@id\":\"https:\\\/\\\/www.zillions.nl\\\/product\\\/herman-miller-mirra-1-bureaustoel-graphite\\\/\",\"url\":\"https:\\\/\\\/www.zillions.nl\\\/product\\\/herman-miller-mirra-1-bureaustoel-graphite\\\/\",\"name\":\"Herman Miller Mirra 1 Bureaustoel Graphite - Zillions: nieuw en gebruikt design meubilair en stoelen\",\"isPartOf\":{\"@id\":\"https:\\\/\\\/www.zillions.nl\\\/de\\\/#website\"},\"primaryImageOfPage\":{\"@id\":\"https:\\\/\\\/www.zillions.nl\\\/product\\\/herman-miller-mirra-1-bureaustoel-graphite\\\/#primaryimage\"},\"image\":{\"@id\":\"https:\\\/\\\/www.zillions.nl\\\/product\\\/herman-miller-mirra-1-bureaustoel-graphite\\\/#primaryimage\"},\"thumbnailUrl\":\"https:\\\/\\\/www.zillions.nl\\\/wp-content\\\/uploads\\\/2023\\\/03\\\/DSC05487.jpg\",\"datePublished\":\"2023-03-14T15:23:38+00:00\",\"dateModified\":\"2025-09-22T11:25:48+00:00\",\"breadcrumb\":{\"@id\":\"https:\\\/\\\/www.zillions.nl\\\/product\\\/herman-miller-mirra-1-bureaustoel-graphite\\\/#breadcrumb\"},\"inLanguage\":\"de-DE\",\"potentialAction\":[{\"@type\":\"ReadAction\",\"target\":[\"https:\\\/\\\/www.zillions.nl\\\/product\\\/herman-miller-mirra-1-bureaustoel-graphite\\\/\"]}]},{\"@type\":\"ImageObject\",\"inLanguage\":\"de-DE\",\"@id\":\"https:\\\/\\\/www.zillions.nl\\\/product\\\/herman-miller-mirra-1-bureaustoel-graphite\\\/#primaryimage\",\"url\":\"https:\\\/\\\/www.zillions.nl\\\/wp-content\\\/uploads\\\/2023\\\/03\\\/DSC05487.jpg\",\"contentUrl\":\"https:\\\/\\\/www.zillions.nl\\\/wp-content\\\/uploads\\\/2023\\\/03\\\/DSC05487.jpg\",\"width\":1080,\"height\":1080},{\"@type\":\"BreadcrumbList\",\"@id\":\"https:\\\/\\\/www.zillions.nl\\\/product\\\/herman-miller-mirra-1-bureaustoel-graphite\\\/#breadcrumb\",\"itemListElement\":[{\"@type\":\"ListItem\",\"position\":1,\"name\":\"Home\",\"item\":\"https:\\\/\\\/www.zillions.nl\\\/\"},{\"@type\":\"ListItem\",\"position\":2,\"name\":\"Shop\",\"item\":\"https:\\\/\\\/www.zillions.nl\\\/shop\\\/\"},{\"@type\":\"ListItem\",\"position\":3,\"name\":\"Herman Miller Mirra 1 Bureaustoel Graphite\"}]},{\"@type\":\"WebSite\",\"@id\":\"https:\\\/\\\/www.zillions.nl\\\/de\\\/#website\",\"url\":\"https:\\\/\\\/www.zillions.nl\\\/de\\\/\",\"name\":\"Zillions: nieuw en gebruikt design meubilair en stoelen\",\"description\":\"Welkom bij Zillions: Zillions is gespecialiseerd in nieuw en gebruikt design meubilair en stoelen.\",\"publisher\":{\"@id\":\"https:\\\/\\\/www.zillions.nl\\\/de\\\/#organization\"},\"potentialAction\":[{\"@type\":\"SearchAction\",\"target\":{\"@type\":\"EntryPoint\",\"urlTemplate\":\"https:\\\/\\\/www.zillions.nl\\\/de\\\/?s={search_term_string}\"},\"query-input\":{\"@type\":\"PropertyValueSpecification\",\"valueRequired\":true,\"valueName\":\"search_term_string\"}}],\"inLanguage\":\"de-DE\"},{\"@type\":\"Organization\",\"@id\":\"https:\\\/\\\/www.zillions.nl\\\/de\\\/#organization\",\"name\":\"Zillions: nieuw en gebruikt design meubilair en stoelen\",\"url\":\"https:\\\/\\\/www.zillions.nl\\\/de\\\/\",\"logo\":{\"@type\":\"ImageObject\",\"inLanguage\":\"de-DE\",\"@id\":\"https:\\\/\\\/www.zillions.nl\\\/de\\\/#\\\/schema\\\/logo\\\/image\\\/\",\"url\":\"https:\\\/\\\/www.zillions.nl\\\/wp-content\\\/uploads\\\/2022\\\/11\\\/zillions.svg\",\"contentUrl\":\"https:\\\/\\\/www.zillions.nl\\\/wp-content\\\/uploads\\\/2022\\\/11\\\/zillions.svg\",\"width\":208,\"height\":53,\"caption\":\"Zillions: nieuw en gebruikt design meubilair en stoelen\"},\"image\":{\"@id\":\"https:\\\/\\\/www.zillions.nl\\\/de\\\/#\\\/schema\\\/logo\\\/image\\\/\"}}]}<\/script>\n<!-- \/ Yoast SEO plugin. -->","yoast_head_json":{"title":"Herman Miller Mirra 1 B\u00fcrostuhl Graphit \u2013 Zillions: Neue und gebrauchte Designerm\u00f6bel und St\u00fchle","robots":{"index":"index","follow":"follow","max-snippet":"max-snippet:-1","max-image-preview":"max-image-preview:large","max-video-preview":"max-video-preview:-1"},"canonical":"https:\/\/www.zillions.nl\/de\/product\/herman-miller-mirra-1-bureaustoel-graphite\/","og_locale":"de_DE","og_type":"article","og_title":"Herman Miller Mirra 1 Bureaustoel Graphite - Zillions: nieuw en gebruikt design meubilair en stoelen","og_description":"Herman Miller Mirra 1 bureaustoel Antraciet Grijs Full Options Deze bureastoelen verkeren in absolute topconditie. Kras- en schadevrij, 100% technisch nagekeken. Verrijdbaar, draaibaar , in hoogte verstelbaar, voor en achterwaartse neigfunctie,\u00a0 2D armpads Bezorgen kan met onze eigen bezorgdienst Uit voorraad leverbaar. Voor vragen of het vrijblijvend maken van een afspraak om de artikelen te [&hellip;]","og_url":"https:\/\/www.zillions.nl\/de\/product\/herman-miller-mirra-1-bureaustoel-graphite\/","og_site_name":"Zillions: nieuw en gebruikt design meubilair en stoelen","article_modified_time":"2025-09-22T11:25:48+00:00","og_image":[{"width":1080,"height":1080,"url":"https:\/\/www.zillions.nl\/wp-content\/uploads\/2023\/03\/DSC05487.jpg","type":"image\/jpeg"}],"twitter_card":"summary_large_image","twitter_misc":{"Est. reading time":"2 minutes"},"schema":{"@context":"https:\/\/schema.org","@graph":[{"@type":"WebPage","@id":"https:\/\/www.zillions.nl\/product\/herman-miller-mirra-1-bureaustoel-graphite\/","url":"https:\/\/www.zillions.nl\/product\/herman-miller-mirra-1-bureaustoel-graphite\/","name":"Herman Miller Mirra 1 B\u00fcrostuhl Graphit \u2013 Zillions: Neue und gebrauchte Designerm\u00f6bel und St\u00fchle","isPartOf":{"@id":"https:\/\/www.zillions.nl\/de\/#website"},"primaryImageOfPage":{"@id":"https:\/\/www.zillions.nl\/product\/herman-miller-mirra-1-bureaustoel-graphite\/#primaryimage"},"image":{"@id":"https:\/\/www.zillions.nl\/product\/herman-miller-mirra-1-bureaustoel-graphite\/#primaryimage"},"thumbnailUrl":"https:\/\/www.zillions.nl\/wp-content\/uploads\/2023\/03\/DSC05487.jpg","datePublished":"2023-03-14T15:23:38+00:00","dateModified":"2025-09-22T11:25:48+00:00","breadcrumb":{"@id":"https:\/\/www.zillions.nl\/product\/herman-miller-mirra-1-bureaustoel-graphite\/#breadcrumb"},"inLanguage":"de-DE","potentialAction":[{"@type":"ReadAction","target":["https:\/\/www.zillions.nl\/product\/herman-miller-mirra-1-bureaustoel-graphite\/"]}]},{"@type":"ImageObject","inLanguage":"de-DE","@id":"https:\/\/www.zillions.nl\/product\/herman-miller-mirra-1-bureaustoel-graphite\/#primaryimage","url":"https:\/\/www.zillions.nl\/wp-content\/uploads\/2023\/03\/DSC05487.jpg","contentUrl":"https:\/\/www.zillions.nl\/wp-content\/uploads\/2023\/03\/DSC05487.jpg","width":1080,"height":1080},{"@type":"BreadcrumbList","@id":"https:\/\/www.zillions.nl\/product\/herman-miller-mirra-1-bureaustoel-graphite\/#breadcrumb","itemListElement":[{"@type":"ListItem","position":1,"name":"Home","item":"https:\/\/www.zillions.nl\/"},{"@type":"ListItem","position":2,"name":"Shop","item":"https:\/\/www.zillions.nl\/shop\/"},{"@type":"ListItem","position":3,"name":"Herman Miller Mirra 1 Bureaustoel Graphite"}]},{"@type":"WebSite","@id":"https:\/\/www.zillions.nl\/de\/#website","url":"https:\/\/www.zillions.nl\/de\/","name":"Zillionen: neue und gebrauchte Designerm\u00f6bel und St\u00fchle","description":"Willkommen bei Zillions: Zillions ist auf neue und gebrauchte Designm\u00f6bel und St\u00fchle spezialisiert.","publisher":{"@id":"https:\/\/www.zillions.nl\/de\/#organization"},"potentialAction":[{"@type":"SearchAction","target":{"@type":"EntryPoint","urlTemplate":"https:\/\/www.zillions.nl\/de\/?s={search_term_string}"},"query-input":{"@type":"PropertyValueSpecification","valueRequired":true,"valueName":"search_term_string"}}],"inLanguage":"de-DE"},{"@type":"Organization","@id":"https:\/\/www.zillions.nl\/de\/#organization","name":"Zillionen: neue und gebrauchte Designerm\u00f6bel und St\u00fchle","url":"https:\/\/www.zillions.nl\/de\/","logo":{"@type":"ImageObject","inLanguage":"de-DE","@id":"https:\/\/www.zillions.nl\/de\/#\/schema\/logo\/image\/","url":"https:\/\/www.zillions.nl\/wp-content\/uploads\/2022\/11\/zillions.svg","contentUrl":"https:\/\/www.zillions.nl\/wp-content\/uploads\/2022\/11\/zillions.svg","width":208,"height":53,"caption":"Zillions: nieuw en gebruikt design meubilair en stoelen"},"image":{"@id":"https:\/\/www.zillions.nl\/de\/#\/schema\/logo\/image\/"}}]}},"_links":{"self":[{"href":"https:\/\/www.zillions.nl\/de\/wp-json\/wp\/v2\/product\/4539","targetHints":{"allow":["GET"]}}],"collection":[{"href":"https:\/\/www.zillions.nl\/de\/wp-json\/wp\/v2\/product"}],"about":[{"href":"https:\/\/www.zillions.nl\/de\/wp-json\/wp\/v2\/types\/product"}],"wp:featuredmedia":[{"embeddable":true,"href":"https:\/\/www.zillions.nl\/de\/wp-json\/wp\/v2\/media\/4648"}],"wp:attachment":[{"href":"https:\/\/www.zillions.nl\/de\/wp-json\/wp\/v2\/media?parent=4539"}],"wp:term":[{"taxonomy":"product_brand","embeddable":true,"href":"https:\/\/www.zillions.nl\/de\/wp-json\/wp\/v2\/product_brand?post=4539"},{"taxonomy":"product_cat","embeddable":true,"href":"https:\/\/www.zillions.nl\/de\/wp-json\/wp\/v2\/product_cat?post=4539"},{"taxonomy":"product_tag","embeddable":true,"href":"https:\/\/www.zillions.nl\/de\/wp-json\/wp\/v2\/product_tag?post=4539"}],"curies":[{"name":"wp","href":"https:\/\/api.w.org\/{rel}","templated":true}]}}