{"id":4458,"date":"2023-03-07T15:52:04","date_gmt":"2023-03-07T14:52:04","guid":{"rendered":"https:\/\/www.zillions.nl\/?post_type=product&#038;p=4458"},"modified":"2025-10-27T13:55:02","modified_gmt":"2025-10-27T12:55:02","slug":"vitra-eames-ea-223-hocker-soft-pad-zwart-chroom","status":"publish","type":"product","link":"https:\/\/www.zillions.nl\/de\/product\/vitra-eames-ea-223-hocker-soft-pad-zwart-chroom\/","title":{"rendered":"Vitra Eames EA 223 Hocker Soft Pad Schwarz \u2013 Chrom"},"content":{"rendered":"<p>Vitra Eames EA 223 Soft Pad Fu\u00dfhocker in Schwarz \u2013 Chrom<\/p>\n<p>Dieser Vitra EA 223 Fu\u00dfhocker ist aus schwarzem Leder gefertigt und verf\u00fcgt \u00fcber ein verchromtes Aluminiumgestell. Der von Charles und Ray Eames entworfene Fu\u00dfhocker wurde speziell als Erg\u00e4nzung zum Loungesessel EA 222 geschaffen. In Kombination mit dem Sessel ergibt sich ein stilvolles und gem\u00fctliches Set. Die Verf\u00fcgbarkeit des kompletten Sets entnehmen Sie bitte unseren anderen Angeboten! Der Fu\u00dfhocker ist 100% Original und verf\u00fcgt \u00fcber alle Echtheitsmerkmale.<\/p>\n<p>Aus \u00dcberbestand gekauft, einmaliges Angebot, WEG=WEG!<\/p>\n<p><strong>Zustand:<\/strong>\u00a0neu; 100% neu, unbenutzt.<\/p>\n<p><strong>Lieferung ab Lager<\/strong><\/p>\n<p><strong>Hinweis:\u00a0<\/strong>Die angezeigten Preise sind\u00a0<u>pro St\u00fcck<\/u>!<\/p>\n<p>Spezifikationen:<br \/>\n<strong>Polster:<\/strong>\u00a0Leder, schwarz<br \/>\n<strong>Rahmen:<\/strong>\u00a0Aluminium, verchromt<u><br \/>\n<\/u><strong>H\u00f6he:\u00a0<\/strong>42,5 cm<br \/>\n<strong>Breite:\u00a0<\/strong>56 cm<br \/>\n<strong>Tiefe:\u00a0<\/strong>58 cm<\/p>\n<p>Wenn Sie Fragen haben oder einen unverbindlichen Besichtigungstermin vereinbaren m\u00f6chten, k\u00f6nnen Sie sich gerne an uns wenden. Lieferung durch unseren eigenen Lieferservice m\u00f6glich! Besuchen Sie unsere Website f\u00fcr viele weitere Designartikel!<\/p>\n<p><strong>Kontaktdaten (Besuch nach Vereinbarung):<\/strong><br \/>\nIndustrieweg 21<br \/>\n4131NK Vianen<br \/>\ninfo@zillions.nl<br \/>\n030 20 72 146<\/p>","protected":false},"excerpt":{"rendered":"<p>Vitra Eames EA 223 Soft Pad voetenbank in zwart\u00a0 &#8211; chroom Deze Vitra EA 223 voetenbank is uitgevoerd in zwart leder en voorzien van een verchroomd aluminium frame. De hocker, ontworpen door Charles en Ray Eames, is speciaal gemaakt als aanvulling op de EA 222 lounge chair. In combinatie met de fauteuil vormt deze een [&hellip;]<\/p>\n","protected":false},"featured_media":18127,"template":"","meta":{"_acf_changed":false},"product_brand":[202],"product_cat":[16,188,192],"product_tag":[322],"class_list":{"0":"post-4458","1":"product","2":"type-product","3":"status-publish","4":"has-post-thumbnail","6":"product_brand-vitra","7":"product_cat-alle-producten","8":"product_cat-fauteuils","9":"product_cat-krukken","10":"product_tag-vitra","11":"product_shipping_class-product-shipping","12":"pa_brands-vitra","14":"first","15":"instock","16":"purchasable","17":"product-type-simple"},"acf":[],"yoast_head":"<!-- This site is optimized with the Yoast SEO plugin v27.5 - https:\/\/yoast.com\/product\/yoast-seo-wordpress\/ -->\n<title>Vitra Eames EA 223 Hocker Soft Pad Zwart - Chroom - Zillions: nieuw en gebruikt design meubilair en stoelen<\/title>\n<meta name=\"description\" content=\"Vitra Eames Ea223 Zwart Leer Soft Pad Nieuw 50% van de nieuwprijs Bezorgen is mogelijk met onze eigen bezorgdienst Top design voor betaalbare prijzen\" \/>\n<meta name=\"robots\" content=\"index, follow, max-snippet:-1, max-image-preview:large, max-video-preview:-1\" \/>\n<link rel=\"canonical\" href=\"https:\/\/www.zillions.nl\/de\/product\/vitra-eames-ea-223-hocker-soft-pad-zwart-chroom\/\" \/>\n<meta property=\"og:locale\" content=\"de_DE\" \/>\n<meta property=\"og:type\" content=\"article\" \/>\n<meta property=\"og:title\" content=\"Vitra Eames EA 223 Hocker Soft Pad Zwart - Chroom - Zillions: nieuw en gebruikt design meubilair en stoelen\" \/>\n<meta property=\"og:description\" content=\"Vitra Eames Ea223 Zwart Leer Soft Pad Nieuw 50% van de nieuwprijs Bezorgen is mogelijk met onze eigen bezorgdienst Top design voor betaalbare prijzen\" \/>\n<meta property=\"og:url\" content=\"https:\/\/www.zillions.nl\/de\/product\/vitra-eames-ea-223-hocker-soft-pad-zwart-chroom\/\" \/>\n<meta property=\"og:site_name\" content=\"Zillions: nieuw en gebruikt design meubilair en stoelen\" \/>\n<meta property=\"article:modified_time\" content=\"2025-10-27T12:55:02+00:00\" \/>\n<meta property=\"og:image\" content=\"https:\/\/www.zillions.nl\/wp-content\/uploads\/2023\/03\/Ea223-Hocker-Zwart-leer-nieuw-S0106760-1.jpg\" \/>\n\t<meta property=\"og:image:width\" content=\"1080\" \/>\n\t<meta property=\"og:image:height\" content=\"1080\" \/>\n\t<meta property=\"og:image:type\" content=\"image\/jpeg\" \/>\n<meta name=\"twitter:card\" content=\"summary_large_image\" \/>\n<meta name=\"twitter:label1\" content=\"Est. reading time\" \/>\n\t<meta name=\"twitter:data1\" content=\"2 minutes\" \/>\n<script type=\"application\/ld+json\" class=\"yoast-schema-graph\">{\"@context\":\"https:\\\/\\\/schema.org\",\"@graph\":[{\"@type\":\"WebPage\",\"@id\":\"https:\\\/\\\/www.zillions.nl\\\/product\\\/vitra-eames-ea-223-hocker-soft-pad-zwart-chroom\\\/\",\"url\":\"https:\\\/\\\/www.zillions.nl\\\/product\\\/vitra-eames-ea-223-hocker-soft-pad-zwart-chroom\\\/\",\"name\":\"Vitra Eames EA 223 Hocker Soft Pad Zwart - Chroom - Zillions: nieuw en gebruikt design meubilair en stoelen\",\"isPartOf\":{\"@id\":\"https:\\\/\\\/www.zillions.nl\\\/de\\\/#website\"},\"primaryImageOfPage\":{\"@id\":\"https:\\\/\\\/www.zillions.nl\\\/product\\\/vitra-eames-ea-223-hocker-soft-pad-zwart-chroom\\\/#primaryimage\"},\"image\":{\"@id\":\"https:\\\/\\\/www.zillions.nl\\\/product\\\/vitra-eames-ea-223-hocker-soft-pad-zwart-chroom\\\/#primaryimage\"},\"thumbnailUrl\":\"https:\\\/\\\/www.zillions.nl\\\/wp-content\\\/uploads\\\/2023\\\/03\\\/Ea223-Hocker-Zwart-leer-nieuw-S0106760-1.jpg\",\"datePublished\":\"2023-03-07T14:52:04+00:00\",\"dateModified\":\"2025-10-27T12:55:02+00:00\",\"description\":\"Vitra Eames Ea223 Zwart Leer Soft Pad Nieuw 50% van de nieuwprijs Bezorgen is mogelijk met onze eigen bezorgdienst Top design voor betaalbare prijzen\",\"breadcrumb\":{\"@id\":\"https:\\\/\\\/www.zillions.nl\\\/product\\\/vitra-eames-ea-223-hocker-soft-pad-zwart-chroom\\\/#breadcrumb\"},\"inLanguage\":\"de-DE\",\"potentialAction\":[{\"@type\":\"ReadAction\",\"target\":[\"https:\\\/\\\/www.zillions.nl\\\/product\\\/vitra-eames-ea-223-hocker-soft-pad-zwart-chroom\\\/\"]}]},{\"@type\":\"ImageObject\",\"inLanguage\":\"de-DE\",\"@id\":\"https:\\\/\\\/www.zillions.nl\\\/product\\\/vitra-eames-ea-223-hocker-soft-pad-zwart-chroom\\\/#primaryimage\",\"url\":\"https:\\\/\\\/www.zillions.nl\\\/wp-content\\\/uploads\\\/2023\\\/03\\\/Ea223-Hocker-Zwart-leer-nieuw-S0106760-1.jpg\",\"contentUrl\":\"https:\\\/\\\/www.zillions.nl\\\/wp-content\\\/uploads\\\/2023\\\/03\\\/Ea223-Hocker-Zwart-leer-nieuw-S0106760-1.jpg\",\"width\":1080,\"height\":1080},{\"@type\":\"BreadcrumbList\",\"@id\":\"https:\\\/\\\/www.zillions.nl\\\/product\\\/vitra-eames-ea-223-hocker-soft-pad-zwart-chroom\\\/#breadcrumb\",\"itemListElement\":[{\"@type\":\"ListItem\",\"position\":1,\"name\":\"Home\",\"item\":\"https:\\\/\\\/www.zillions.nl\\\/\"},{\"@type\":\"ListItem\",\"position\":2,\"name\":\"Shop\",\"item\":\"https:\\\/\\\/www.zillions.nl\\\/shop\\\/\"},{\"@type\":\"ListItem\",\"position\":3,\"name\":\"Vitra Eames EA 223 Hocker Soft Pad Zwart &#8211; Chroom\"}]},{\"@type\":\"WebSite\",\"@id\":\"https:\\\/\\\/www.zillions.nl\\\/de\\\/#website\",\"url\":\"https:\\\/\\\/www.zillions.nl\\\/de\\\/\",\"name\":\"Zillions: nieuw en gebruikt design meubilair en stoelen\",\"description\":\"Welkom bij Zillions: Zillions is gespecialiseerd in nieuw en gebruikt design meubilair en stoelen.\",\"publisher\":{\"@id\":\"https:\\\/\\\/www.zillions.nl\\\/de\\\/#organization\"},\"potentialAction\":[{\"@type\":\"SearchAction\",\"target\":{\"@type\":\"EntryPoint\",\"urlTemplate\":\"https:\\\/\\\/www.zillions.nl\\\/de\\\/?s={search_term_string}\"},\"query-input\":{\"@type\":\"PropertyValueSpecification\",\"valueRequired\":true,\"valueName\":\"search_term_string\"}}],\"inLanguage\":\"de-DE\"},{\"@type\":\"Organization\",\"@id\":\"https:\\\/\\\/www.zillions.nl\\\/de\\\/#organization\",\"name\":\"Zillions: nieuw en gebruikt design meubilair en stoelen\",\"url\":\"https:\\\/\\\/www.zillions.nl\\\/de\\\/\",\"logo\":{\"@type\":\"ImageObject\",\"inLanguage\":\"de-DE\",\"@id\":\"https:\\\/\\\/www.zillions.nl\\\/de\\\/#\\\/schema\\\/logo\\\/image\\\/\",\"url\":\"https:\\\/\\\/www.zillions.nl\\\/wp-content\\\/uploads\\\/2022\\\/11\\\/zillions.svg\",\"contentUrl\":\"https:\\\/\\\/www.zillions.nl\\\/wp-content\\\/uploads\\\/2022\\\/11\\\/zillions.svg\",\"width\":208,\"height\":53,\"caption\":\"Zillions: nieuw en gebruikt design meubilair en stoelen\"},\"image\":{\"@id\":\"https:\\\/\\\/www.zillions.nl\\\/de\\\/#\\\/schema\\\/logo\\\/image\\\/\"}}]}<\/script>\n<!-- \/ Yoast SEO plugin. -->","yoast_head_json":{"title":"Vitra Eames EA 223 Hocker mit weichem Polster, Schwarz\/Chrom \u2013 Zillions: Neue und gebrauchte Designm\u00f6bel und St\u00fchle","description":"Vitra Eames EA223 Schwarzes Leder-Softpad, neu, 50%, zum Neupreis. Lieferung \u00fcber unseren eigenen Lieferservice m\u00f6glich. Top-Design zu erschwinglichen Preisen.","robots":{"index":"index","follow":"follow","max-snippet":"max-snippet:-1","max-image-preview":"max-image-preview:large","max-video-preview":"max-video-preview:-1"},"canonical":"https:\/\/www.zillions.nl\/de\/product\/vitra-eames-ea-223-hocker-soft-pad-zwart-chroom\/","og_locale":"de_DE","og_type":"article","og_title":"Vitra Eames EA 223 Hocker Soft Pad Zwart - Chroom - Zillions: nieuw en gebruikt design meubilair en stoelen","og_description":"Vitra Eames Ea223 Zwart Leer Soft Pad Nieuw 50% van de nieuwprijs Bezorgen is mogelijk met onze eigen bezorgdienst Top design voor betaalbare prijzen","og_url":"https:\/\/www.zillions.nl\/de\/product\/vitra-eames-ea-223-hocker-soft-pad-zwart-chroom\/","og_site_name":"Zillions: nieuw en gebruikt design meubilair en stoelen","article_modified_time":"2025-10-27T12:55:02+00:00","og_image":[{"width":1080,"height":1080,"url":"https:\/\/www.zillions.nl\/wp-content\/uploads\/2023\/03\/Ea223-Hocker-Zwart-leer-nieuw-S0106760-1.jpg","type":"image\/jpeg"}],"twitter_card":"summary_large_image","twitter_misc":{"Est. reading time":"2 minutes"},"schema":{"@context":"https:\/\/schema.org","@graph":[{"@type":"WebPage","@id":"https:\/\/www.zillions.nl\/product\/vitra-eames-ea-223-hocker-soft-pad-zwart-chroom\/","url":"https:\/\/www.zillions.nl\/product\/vitra-eames-ea-223-hocker-soft-pad-zwart-chroom\/","name":"Vitra Eames EA 223 Hocker mit weichem Polster, Schwarz\/Chrom \u2013 Zillions: Neue und gebrauchte Designm\u00f6bel und St\u00fchle","isPartOf":{"@id":"https:\/\/www.zillions.nl\/de\/#website"},"primaryImageOfPage":{"@id":"https:\/\/www.zillions.nl\/product\/vitra-eames-ea-223-hocker-soft-pad-zwart-chroom\/#primaryimage"},"image":{"@id":"https:\/\/www.zillions.nl\/product\/vitra-eames-ea-223-hocker-soft-pad-zwart-chroom\/#primaryimage"},"thumbnailUrl":"https:\/\/www.zillions.nl\/wp-content\/uploads\/2023\/03\/Ea223-Hocker-Zwart-leer-nieuw-S0106760-1.jpg","datePublished":"2023-03-07T14:52:04+00:00","dateModified":"2025-10-27T12:55:02+00:00","description":"Vitra Eames EA223 Schwarzes Leder-Softpad, neu, 50%, zum Neupreis. Lieferung \u00fcber unseren eigenen Lieferservice m\u00f6glich. Top-Design zu erschwinglichen Preisen.","breadcrumb":{"@id":"https:\/\/www.zillions.nl\/product\/vitra-eames-ea-223-hocker-soft-pad-zwart-chroom\/#breadcrumb"},"inLanguage":"de-DE","potentialAction":[{"@type":"ReadAction","target":["https:\/\/www.zillions.nl\/product\/vitra-eames-ea-223-hocker-soft-pad-zwart-chroom\/"]}]},{"@type":"ImageObject","inLanguage":"de-DE","@id":"https:\/\/www.zillions.nl\/product\/vitra-eames-ea-223-hocker-soft-pad-zwart-chroom\/#primaryimage","url":"https:\/\/www.zillions.nl\/wp-content\/uploads\/2023\/03\/Ea223-Hocker-Zwart-leer-nieuw-S0106760-1.jpg","contentUrl":"https:\/\/www.zillions.nl\/wp-content\/uploads\/2023\/03\/Ea223-Hocker-Zwart-leer-nieuw-S0106760-1.jpg","width":1080,"height":1080},{"@type":"BreadcrumbList","@id":"https:\/\/www.zillions.nl\/product\/vitra-eames-ea-223-hocker-soft-pad-zwart-chroom\/#breadcrumb","itemListElement":[{"@type":"ListItem","position":1,"name":"Home","item":"https:\/\/www.zillions.nl\/"},{"@type":"ListItem","position":2,"name":"Shop","item":"https:\/\/www.zillions.nl\/shop\/"},{"@type":"ListItem","position":3,"name":"Vitra Eames EA 223 Hocker Soft Pad Zwart &#8211; Chroom"}]},{"@type":"WebSite","@id":"https:\/\/www.zillions.nl\/de\/#website","url":"https:\/\/www.zillions.nl\/de\/","name":"Zillionen: neue und gebrauchte Designerm\u00f6bel und St\u00fchle","description":"Willkommen bei Zillions: Zillions ist auf neue und gebrauchte Designm\u00f6bel und St\u00fchle spezialisiert.","publisher":{"@id":"https:\/\/www.zillions.nl\/de\/#organization"},"potentialAction":[{"@type":"SearchAction","target":{"@type":"EntryPoint","urlTemplate":"https:\/\/www.zillions.nl\/de\/?s={search_term_string}"},"query-input":{"@type":"PropertyValueSpecification","valueRequired":true,"valueName":"search_term_string"}}],"inLanguage":"de-DE"},{"@type":"Organization","@id":"https:\/\/www.zillions.nl\/de\/#organization","name":"Zillionen: neue und gebrauchte Designerm\u00f6bel und St\u00fchle","url":"https:\/\/www.zillions.nl\/de\/","logo":{"@type":"ImageObject","inLanguage":"de-DE","@id":"https:\/\/www.zillions.nl\/de\/#\/schema\/logo\/image\/","url":"https:\/\/www.zillions.nl\/wp-content\/uploads\/2022\/11\/zillions.svg","contentUrl":"https:\/\/www.zillions.nl\/wp-content\/uploads\/2022\/11\/zillions.svg","width":208,"height":53,"caption":"Zillions: nieuw en gebruikt design meubilair en stoelen"},"image":{"@id":"https:\/\/www.zillions.nl\/de\/#\/schema\/logo\/image\/"}}]}},"_links":{"self":[{"href":"https:\/\/www.zillions.nl\/de\/wp-json\/wp\/v2\/product\/4458","targetHints":{"allow":["GET"]}}],"collection":[{"href":"https:\/\/www.zillions.nl\/de\/wp-json\/wp\/v2\/product"}],"about":[{"href":"https:\/\/www.zillions.nl\/de\/wp-json\/wp\/v2\/types\/product"}],"wp:featuredmedia":[{"embeddable":true,"href":"https:\/\/www.zillions.nl\/de\/wp-json\/wp\/v2\/media\/18127"}],"wp:attachment":[{"href":"https:\/\/www.zillions.nl\/de\/wp-json\/wp\/v2\/media?parent=4458"}],"wp:term":[{"taxonomy":"product_brand","embeddable":true,"href":"https:\/\/www.zillions.nl\/de\/wp-json\/wp\/v2\/product_brand?post=4458"},{"taxonomy":"product_cat","embeddable":true,"href":"https:\/\/www.zillions.nl\/de\/wp-json\/wp\/v2\/product_cat?post=4458"},{"taxonomy":"product_tag","embeddable":true,"href":"https:\/\/www.zillions.nl\/de\/wp-json\/wp\/v2\/product_tag?post=4458"}],"curies":[{"name":"wp","href":"https:\/\/api.w.org\/{rel}","templated":true}]}}