{"id":2964,"date":"2022-11-27T01:39:33","date_gmt":"2022-11-27T00:39:33","guid":{"rendered":"https:\/\/www.zillions.nl\/?post_type=product&#038;p=2964"},"modified":"2026-03-13T13:18:45","modified_gmt":"2026-03-13T12:18:45","slug":"vitra-eames-ea119-bureaustoel-zwart-hopsak-chroom","status":"publish","type":"product","link":"https:\/\/www.zillions.nl\/de\/product\/vitra-eames-ea119-bureaustoel-zwart-hopsak-chroom\/","title":{"rendered":"Vitra Eames EA 119 B\u00fcrostuhl Schwarz Hopsak \u2013 Chrom"},"content":{"rendered":"<p><strong>Vitra Eames EA 119 B\u00fcrostuhl, schwarz, Hopsak \u2013 Chrom<\/strong><\/p>\n<p>Dieser von Charles und Ray Eames entworfene Vitra EA 119 B\u00fcrostuhl besticht durch seinen schwarzen Hopsak-Bezug und das verchromte Gestell. Das schlanke Design mit hoher R\u00fcckenlehne und horizontalen Ziern\u00e4hten verleiht dem Stuhl eine zeitlose Eleganz. Dank Drehmechanismus und Wippfunktion bietet der EA 119 hohen Sitzkomfort beim Arbeiten. Die Kombination aus hochwertigen Materialien und dem ikonischen Design macht diesen B\u00fcrostuhl zu einer stilvollen Erg\u00e4nzung f\u00fcr moderne wie klassische B\u00fcroumgebungen. Der Stuhl ist original (100%) und tr\u00e4gt alle Echtheitsmerkmale.<\/p>\n<p><strong>Zustand:<\/strong> Zustand im Ausstellungsraum; im Neuzustand<\/p>\n<p><strong>Lieferung ab Lager<\/strong><\/p>\n<p><strong>Bitte beachten: Die angegebenen Preise verstehen sich pro St\u00fcck!<\/strong><\/p>\n<p><strong>Technische Daten<\/strong><br \/>\n<strong>Sitz:<\/strong> Hopsak, schwarz; drehbar und neigbar<br \/>\n<strong>Rahmen:<\/strong> Aluminium, verchromt<br \/>\n<strong>R\u00fcckenlehne:<\/strong> gro\u00dfes Modell; 61 cm<br \/>\n<strong>Armlehnen:<\/strong> 26 cm hoch<br \/>\n<strong>Sitzh\u00f6he:<\/strong> 39,5 \u2013 50,8 cm; h\u00f6henverstellbar<br \/>\n<strong>Volle H\u00f6he:<\/strong> 101,5 cm \u2013 113,5 cm<br \/>\n<strong>Sitzbreite:<\/strong> 52,5 cm<br \/>\n<strong>Sitztiefe:<\/strong> 46,5 cm<\/p>\n<p>Bei Fragen oder zur Vereinbarung eines unverbindlichen Besichtigungstermins k\u00f6nnen Sie sich gerne an uns wenden. Die Lieferung erfolgt \u00fcber unseren eigenen Lieferservice.<\/p>\n<p>Dieser Artikel l\u00e4sst sich ganz einfach \u00fcber unseren Webshop bestellen. Au\u00dferdem finden Sie hier unser aktuelles Sortiment mit vielen weiteren Designartikeln.<\/p>\n<p><strong>Kontaktdaten (Besuch nach Vereinbarung):<\/strong><br \/>\nIndustrieweg 21<br \/>\n4131 NK Vianen<br \/>\ninfo@zillions.nl<br \/>\n030 20 72 146<\/p>","protected":false},"excerpt":{"rendered":"<p>Vitra Eames EA 119 bureaustoel zwart hopsak \u2013 chroom Deze Vitra EA 119 bureaustoel, ontworpen door Charles en Ray Eames, is uitgevoerd in zwarte hopsak bekleding en voorzien van een verchroomd onderstel. Het slanke ontwerp met hoge rugleuning en horizontale stiknaden geeft de stoel een tijdloze en elegante uitstraling. Dankzij het draaimechanisme en de kantelfunctie [&hellip;]<\/p>\n","protected":false},"featured_media":4151,"template":"","meta":{"_acf_changed":false},"product_brand":[202],"product_cat":[16,186],"product_tag":[322],"class_list":{"0":"post-2964","1":"product","2":"type-product","3":"status-publish","4":"has-post-thumbnail","6":"product_brand-vitra","7":"product_cat-alle-producten","8":"product_cat-bureaustoelen","9":"product_tag-vitra","10":"pa_brands-vitra","12":"first","13":"instock","14":"sale","15":"purchasable","16":"product-type-simple"},"acf":[],"yoast_head":"<!-- This site is optimized with the Yoast SEO plugin v27.5 - https:\/\/yoast.com\/product\/yoast-seo-wordpress\/ -->\n<title>Vitra Eames EA 119 Bureaustoel Zwart Hopsak - Chroom - Zillions: nieuw en gebruikt design meubilair en stoelen<\/title>\n<meta name=\"robots\" content=\"index, follow, max-snippet:-1, max-image-preview:large, max-video-preview:-1\" \/>\n<link rel=\"canonical\" href=\"https:\/\/www.zillions.nl\/de\/product\/vitra-eames-ea119-bureaustoel-zwart-hopsak-chroom\/\" \/>\n<meta property=\"og:locale\" content=\"de_DE\" \/>\n<meta property=\"og:type\" content=\"article\" \/>\n<meta property=\"og:title\" content=\"Vitra Eames EA 119 Bureaustoel Zwart Hopsak - Chroom - Zillions: nieuw en gebruikt design meubilair en stoelen\" \/>\n<meta property=\"og:description\" content=\"Vitra Eames EA 119 bureaustoel zwart hopsak \u2013 chroom Deze Vitra EA 119 bureaustoel, ontworpen door Charles en Ray Eames, is uitgevoerd in zwarte hopsak bekleding en voorzien van een verchroomd onderstel. Het slanke ontwerp met hoge rugleuning en horizontale stiknaden geeft de stoel een tijdloze en elegante uitstraling. Dankzij het draaimechanisme en de kantelfunctie [&hellip;]\" \/>\n<meta property=\"og:url\" content=\"https:\/\/www.zillions.nl\/de\/product\/vitra-eames-ea119-bureaustoel-zwart-hopsak-chroom\/\" \/>\n<meta property=\"og:site_name\" content=\"Zillions: nieuw en gebruikt design meubilair en stoelen\" \/>\n<meta property=\"article:modified_time\" content=\"2026-03-13T12:18:45+00:00\" \/>\n<meta property=\"og:image\" content=\"https:\/\/www.zillions.nl\/wp-content\/uploads\/2022\/11\/DSC05423.jpg\" \/>\n\t<meta property=\"og:image:width\" content=\"1080\" \/>\n\t<meta property=\"og:image:height\" content=\"1080\" \/>\n\t<meta property=\"og:image:type\" content=\"image\/jpeg\" \/>\n<meta name=\"twitter:card\" content=\"summary_large_image\" \/>\n<meta name=\"twitter:label1\" content=\"Est. reading time\" \/>\n\t<meta name=\"twitter:data1\" content=\"2 minutes\" \/>\n<script type=\"application\/ld+json\" class=\"yoast-schema-graph\">{\"@context\":\"https:\\\/\\\/schema.org\",\"@graph\":[{\"@type\":\"WebPage\",\"@id\":\"https:\\\/\\\/www.zillions.nl\\\/product\\\/vitra-eames-ea119-bureaustoel-zwart-hopsak-chroom\\\/\",\"url\":\"https:\\\/\\\/www.zillions.nl\\\/product\\\/vitra-eames-ea119-bureaustoel-zwart-hopsak-chroom\\\/\",\"name\":\"Vitra Eames EA 119 Bureaustoel Zwart Hopsak - Chroom - Zillions: nieuw en gebruikt design meubilair en stoelen\",\"isPartOf\":{\"@id\":\"https:\\\/\\\/www.zillions.nl\\\/de\\\/#website\"},\"primaryImageOfPage\":{\"@id\":\"https:\\\/\\\/www.zillions.nl\\\/product\\\/vitra-eames-ea119-bureaustoel-zwart-hopsak-chroom\\\/#primaryimage\"},\"image\":{\"@id\":\"https:\\\/\\\/www.zillions.nl\\\/product\\\/vitra-eames-ea119-bureaustoel-zwart-hopsak-chroom\\\/#primaryimage\"},\"thumbnailUrl\":\"https:\\\/\\\/www.zillions.nl\\\/wp-content\\\/uploads\\\/2022\\\/11\\\/DSC05423.jpg\",\"datePublished\":\"2022-11-27T00:39:33+00:00\",\"dateModified\":\"2026-03-13T12:18:45+00:00\",\"breadcrumb\":{\"@id\":\"https:\\\/\\\/www.zillions.nl\\\/product\\\/vitra-eames-ea119-bureaustoel-zwart-hopsak-chroom\\\/#breadcrumb\"},\"inLanguage\":\"de-DE\",\"potentialAction\":[{\"@type\":\"ReadAction\",\"target\":[\"https:\\\/\\\/www.zillions.nl\\\/product\\\/vitra-eames-ea119-bureaustoel-zwart-hopsak-chroom\\\/\"]}]},{\"@type\":\"ImageObject\",\"inLanguage\":\"de-DE\",\"@id\":\"https:\\\/\\\/www.zillions.nl\\\/product\\\/vitra-eames-ea119-bureaustoel-zwart-hopsak-chroom\\\/#primaryimage\",\"url\":\"https:\\\/\\\/www.zillions.nl\\\/wp-content\\\/uploads\\\/2022\\\/11\\\/DSC05423.jpg\",\"contentUrl\":\"https:\\\/\\\/www.zillions.nl\\\/wp-content\\\/uploads\\\/2022\\\/11\\\/DSC05423.jpg\",\"width\":1080,\"height\":1080},{\"@type\":\"BreadcrumbList\",\"@id\":\"https:\\\/\\\/www.zillions.nl\\\/product\\\/vitra-eames-ea119-bureaustoel-zwart-hopsak-chroom\\\/#breadcrumb\",\"itemListElement\":[{\"@type\":\"ListItem\",\"position\":1,\"name\":\"Home\",\"item\":\"https:\\\/\\\/www.zillions.nl\\\/\"},{\"@type\":\"ListItem\",\"position\":2,\"name\":\"Shop\",\"item\":\"https:\\\/\\\/www.zillions.nl\\\/shop\\\/\"},{\"@type\":\"ListItem\",\"position\":3,\"name\":\"Vitra Eames EA 119 Bureaustoel Zwart Hopsak &#8211; Chroom\"}]},{\"@type\":\"WebSite\",\"@id\":\"https:\\\/\\\/www.zillions.nl\\\/de\\\/#website\",\"url\":\"https:\\\/\\\/www.zillions.nl\\\/de\\\/\",\"name\":\"Zillions: nieuw en gebruikt design meubilair en stoelen\",\"description\":\"Welkom bij Zillions: Zillions is gespecialiseerd in nieuw en gebruikt design meubilair en stoelen.\",\"publisher\":{\"@id\":\"https:\\\/\\\/www.zillions.nl\\\/de\\\/#organization\"},\"potentialAction\":[{\"@type\":\"SearchAction\",\"target\":{\"@type\":\"EntryPoint\",\"urlTemplate\":\"https:\\\/\\\/www.zillions.nl\\\/de\\\/?s={search_term_string}\"},\"query-input\":{\"@type\":\"PropertyValueSpecification\",\"valueRequired\":true,\"valueName\":\"search_term_string\"}}],\"inLanguage\":\"de-DE\"},{\"@type\":\"Organization\",\"@id\":\"https:\\\/\\\/www.zillions.nl\\\/de\\\/#organization\",\"name\":\"Zillions: nieuw en gebruikt design meubilair en stoelen\",\"url\":\"https:\\\/\\\/www.zillions.nl\\\/de\\\/\",\"logo\":{\"@type\":\"ImageObject\",\"inLanguage\":\"de-DE\",\"@id\":\"https:\\\/\\\/www.zillions.nl\\\/de\\\/#\\\/schema\\\/logo\\\/image\\\/\",\"url\":\"https:\\\/\\\/www.zillions.nl\\\/wp-content\\\/uploads\\\/2022\\\/11\\\/zillions.svg\",\"contentUrl\":\"https:\\\/\\\/www.zillions.nl\\\/wp-content\\\/uploads\\\/2022\\\/11\\\/zillions.svg\",\"width\":208,\"height\":53,\"caption\":\"Zillions: nieuw en gebruikt design meubilair en stoelen\"},\"image\":{\"@id\":\"https:\\\/\\\/www.zillions.nl\\\/de\\\/#\\\/schema\\\/logo\\\/image\\\/\"}}]}<\/script>\n<!-- \/ Yoast SEO plugin. -->","yoast_head_json":{"title":"Vitra Eames EA 119 B\u00fcrostuhl Black Hopsak - Chrome - Zillions: Neue und gebrauchte Designerm\u00f6bel und St\u00fchle","robots":{"index":"index","follow":"follow","max-snippet":"max-snippet:-1","max-image-preview":"max-image-preview:large","max-video-preview":"max-video-preview:-1"},"canonical":"https:\/\/www.zillions.nl\/de\/product\/vitra-eames-ea119-bureaustoel-zwart-hopsak-chroom\/","og_locale":"de_DE","og_type":"article","og_title":"Vitra Eames EA 119 Bureaustoel Zwart Hopsak - Chroom - Zillions: nieuw en gebruikt design meubilair en stoelen","og_description":"Vitra Eames EA 119 bureaustoel zwart hopsak \u2013 chroom Deze Vitra EA 119 bureaustoel, ontworpen door Charles en Ray Eames, is uitgevoerd in zwarte hopsak bekleding en voorzien van een verchroomd onderstel. Het slanke ontwerp met hoge rugleuning en horizontale stiknaden geeft de stoel een tijdloze en elegante uitstraling. Dankzij het draaimechanisme en de kantelfunctie [&hellip;]","og_url":"https:\/\/www.zillions.nl\/de\/product\/vitra-eames-ea119-bureaustoel-zwart-hopsak-chroom\/","og_site_name":"Zillions: nieuw en gebruikt design meubilair en stoelen","article_modified_time":"2026-03-13T12:18:45+00:00","og_image":[{"width":1080,"height":1080,"url":"https:\/\/www.zillions.nl\/wp-content\/uploads\/2022\/11\/DSC05423.jpg","type":"image\/jpeg"}],"twitter_card":"summary_large_image","twitter_misc":{"Est. reading time":"2 minutes"},"schema":{"@context":"https:\/\/schema.org","@graph":[{"@type":"WebPage","@id":"https:\/\/www.zillions.nl\/product\/vitra-eames-ea119-bureaustoel-zwart-hopsak-chroom\/","url":"https:\/\/www.zillions.nl\/product\/vitra-eames-ea119-bureaustoel-zwart-hopsak-chroom\/","name":"Vitra Eames EA 119 B\u00fcrostuhl Black Hopsak - Chrome - Zillions: Neue und gebrauchte Designerm\u00f6bel und St\u00fchle","isPartOf":{"@id":"https:\/\/www.zillions.nl\/de\/#website"},"primaryImageOfPage":{"@id":"https:\/\/www.zillions.nl\/product\/vitra-eames-ea119-bureaustoel-zwart-hopsak-chroom\/#primaryimage"},"image":{"@id":"https:\/\/www.zillions.nl\/product\/vitra-eames-ea119-bureaustoel-zwart-hopsak-chroom\/#primaryimage"},"thumbnailUrl":"https:\/\/www.zillions.nl\/wp-content\/uploads\/2022\/11\/DSC05423.jpg","datePublished":"2022-11-27T00:39:33+00:00","dateModified":"2026-03-13T12:18:45+00:00","breadcrumb":{"@id":"https:\/\/www.zillions.nl\/product\/vitra-eames-ea119-bureaustoel-zwart-hopsak-chroom\/#breadcrumb"},"inLanguage":"de-DE","potentialAction":[{"@type":"ReadAction","target":["https:\/\/www.zillions.nl\/product\/vitra-eames-ea119-bureaustoel-zwart-hopsak-chroom\/"]}]},{"@type":"ImageObject","inLanguage":"de-DE","@id":"https:\/\/www.zillions.nl\/product\/vitra-eames-ea119-bureaustoel-zwart-hopsak-chroom\/#primaryimage","url":"https:\/\/www.zillions.nl\/wp-content\/uploads\/2022\/11\/DSC05423.jpg","contentUrl":"https:\/\/www.zillions.nl\/wp-content\/uploads\/2022\/11\/DSC05423.jpg","width":1080,"height":1080},{"@type":"BreadcrumbList","@id":"https:\/\/www.zillions.nl\/product\/vitra-eames-ea119-bureaustoel-zwart-hopsak-chroom\/#breadcrumb","itemListElement":[{"@type":"ListItem","position":1,"name":"Home","item":"https:\/\/www.zillions.nl\/"},{"@type":"ListItem","position":2,"name":"Shop","item":"https:\/\/www.zillions.nl\/shop\/"},{"@type":"ListItem","position":3,"name":"Vitra Eames EA 119 Bureaustoel Zwart Hopsak &#8211; Chroom"}]},{"@type":"WebSite","@id":"https:\/\/www.zillions.nl\/de\/#website","url":"https:\/\/www.zillions.nl\/de\/","name":"Zillionen: neue und gebrauchte Designerm\u00f6bel und St\u00fchle","description":"Willkommen bei Zillions: Zillions ist auf neue und gebrauchte Designm\u00f6bel und St\u00fchle spezialisiert.","publisher":{"@id":"https:\/\/www.zillions.nl\/de\/#organization"},"potentialAction":[{"@type":"SearchAction","target":{"@type":"EntryPoint","urlTemplate":"https:\/\/www.zillions.nl\/de\/?s={search_term_string}"},"query-input":{"@type":"PropertyValueSpecification","valueRequired":true,"valueName":"search_term_string"}}],"inLanguage":"de-DE"},{"@type":"Organization","@id":"https:\/\/www.zillions.nl\/de\/#organization","name":"Zillionen: neue und gebrauchte Designerm\u00f6bel und St\u00fchle","url":"https:\/\/www.zillions.nl\/de\/","logo":{"@type":"ImageObject","inLanguage":"de-DE","@id":"https:\/\/www.zillions.nl\/de\/#\/schema\/logo\/image\/","url":"https:\/\/www.zillions.nl\/wp-content\/uploads\/2022\/11\/zillions.svg","contentUrl":"https:\/\/www.zillions.nl\/wp-content\/uploads\/2022\/11\/zillions.svg","width":208,"height":53,"caption":"Zillions: nieuw en gebruikt design meubilair en stoelen"},"image":{"@id":"https:\/\/www.zillions.nl\/de\/#\/schema\/logo\/image\/"}}]}},"_links":{"self":[{"href":"https:\/\/www.zillions.nl\/de\/wp-json\/wp\/v2\/product\/2964","targetHints":{"allow":["GET"]}}],"collection":[{"href":"https:\/\/www.zillions.nl\/de\/wp-json\/wp\/v2\/product"}],"about":[{"href":"https:\/\/www.zillions.nl\/de\/wp-json\/wp\/v2\/types\/product"}],"wp:featuredmedia":[{"embeddable":true,"href":"https:\/\/www.zillions.nl\/de\/wp-json\/wp\/v2\/media\/4151"}],"wp:attachment":[{"href":"https:\/\/www.zillions.nl\/de\/wp-json\/wp\/v2\/media?parent=2964"}],"wp:term":[{"taxonomy":"product_brand","embeddable":true,"href":"https:\/\/www.zillions.nl\/de\/wp-json\/wp\/v2\/product_brand?post=2964"},{"taxonomy":"product_cat","embeddable":true,"href":"https:\/\/www.zillions.nl\/de\/wp-json\/wp\/v2\/product_cat?post=2964"},{"taxonomy":"product_tag","embeddable":true,"href":"https:\/\/www.zillions.nl\/de\/wp-json\/wp\/v2\/product_tag?post=2964"}],"curies":[{"name":"wp","href":"https:\/\/api.w.org\/{rel}","templated":true}]}}