{"id":2748,"date":"2022-11-26T18:45:07","date_gmt":"2022-11-26T17:45:07","guid":{"rendered":"https:\/\/www.zillions.nl\/?post_type=product&#038;p=2748"},"modified":"2026-04-17T20:40:00","modified_gmt":"2026-04-17T18:40:00","slug":"actie-herman-miller-aeron-classic-bureaustoel-graphite-maat-b","status":"publish","type":"product","link":"https:\/\/www.zillions.nl\/de\/product\/actie-herman-miller-aeron-classic-bureaustoel-graphite-maat-b\/","title":{"rendered":"Herman Miller Aeron Classic B\u00fcrostuhl Graphit \u2013 Gr\u00f6\u00dfe B"},"content":{"rendered":"<p>Herman Miller Aeron Classic B\u00fcrostuhl Graphit \u2013 Gr\u00f6\u00dfe B<\/p>\n<p>Dieser klassische Herman Miller Aeron B\u00fcrostuhl ist anthrazitfarben und hat ein graphitfarbenes Gestell. Er ist mit zahlreichen Funktionen ausgestattet, darunter eine \u2018New Posture Fit\u2019-R\u00fcckenlehne und verstellbare Armlehnen. Die \u2018Harmonic 2 Tilt\u2019-Funktion erm\u00f6glicht zudem das Vor- und Zur\u00fcckneigen des Stuhls und sorgt so f\u00fcr eine einfache Anpassung an verschiedene Sitzpositionen. Dank dieser Funktionen l\u00e4sst sich der Stuhl optimal an Ihre pers\u00f6nlichen Vorlieben anpassen. Es handelt sich um einen originalen Herman Miller Aeron 100% mit allen entsprechenden Authentizit\u00e4tsmerkmalen.<\/p>\n<p><strong>Zustand:<\/strong>\u00a0Zustand im Ausstellungsraum; im Neuzustand<\/p>\n<p><strong>Lieferung ab Lager<\/strong><\/p>\n<p><strong>Hinweis:\u00a0<\/strong>Die angezeigten Preise sind\u00a0<u>pro St\u00fcck<\/u>!<\/p>\n<p>Spezifikationen:<br \/>\n<strong>Sitz:<\/strong> Pellikel, Anthrazit<br \/>\n<strong>Rahmen:<\/strong> Aluminium, Graphit<br \/>\n<strong>Kumpel:\u00a0<\/strong>B; Medium<br \/>\n<strong>Armlehne:<\/strong>\u00a019 \u2013 29,2 cm<br \/>\n<strong>R\u00fcckenlehne:\u00a0<\/strong>53 cm<br \/>\n<strong>Sitzh\u00f6he:<\/strong>\u00a045 \u2013 58 cm; h\u00f6henverstellbar<br \/>\n<strong>Sitzbreite:<\/strong>\u00a051 cm<br \/>\n<strong>Sitztiefe:<\/strong>\u00a046 cm<br \/>\n<strong>Volle H\u00f6he:<\/strong>\u00a095 \u2013 108 cm<br \/>\n<strong>Volle Breite:\u00a0<\/strong>69 cm<br \/>\n<strong>Volle Tiefe:\u00a0<\/strong>60 cm<br \/>\n<strong>Andere:\u00a0<\/strong>volle Optionen<\/p>\n<p>Wenn Sie Fragen haben oder einen unverbindlichen Besichtigungstermin vereinbaren m\u00f6chten, k\u00f6nnen Sie sich gerne an uns wenden. Lieferung durch unseren eigenen Lieferservice m\u00f6glich! Besuchen Sie unsere Website f\u00fcr viele weitere Designartikel!<\/p>\n<p><strong>Kontaktdaten (Besuch nach Vereinbarung):<\/strong><br \/>\nIndustrieweg 21<br \/>\n4131NK Vianen<br \/>\ninfo@zillions.nl<br \/>\n030 20 72 146<\/p>","protected":false},"excerpt":{"rendered":"<p>Herman Miller Aeron Classic Bureaustoel Graphite \u2013 maat B Deze klassieke Herman Miller Aeron bureaustoel is uitgevoerd in de kleur antraciet en is voorzien van een graphite frame. De bureaustoel is uitgerust met full options, zoals een &#8216;New Posture Fit&#8217; rugsteun en verstelbare armleuningen. Daarnaast zorgt de \u2018Harmonic 2 tilt\u2019, voor- en achterwaartse neigfunctie, ervoor [&hellip;]<\/p>\n","protected":false},"featured_media":9583,"template":"","meta":{"_acf_changed":false},"product_brand":[204],"product_cat":[16,186],"product_tag":[320],"class_list":{"0":"post-2748","1":"product","2":"type-product","3":"status-publish","4":"has-post-thumbnail","6":"product_brand-herman-miller","7":"product_cat-alle-producten","8":"product_cat-bureaustoelen","9":"product_tag-herman-miller","10":"pa_brands-herman-miller","12":"first","13":"instock","14":"sale","15":"purchasable","16":"product-type-simple"},"acf":[],"yoast_head":"<!-- This site is optimized with the Yoast SEO plugin v27.5 - https:\/\/yoast.com\/product\/yoast-seo-wordpress\/ -->\n<title>ACTIE Herman Miller Aeron Classic Bureaustoel Graphite - Maat B - Zillions: nieuw en gebruikt design meubilair en stoelen<\/title>\n<meta name=\"robots\" content=\"index, follow, max-snippet:-1, max-image-preview:large, max-video-preview:-1\" \/>\n<link rel=\"canonical\" href=\"https:\/\/www.zillions.nl\/de\/product\/actie-herman-miller-aeron-classic-bureaustoel-graphite-maat-b\/\" \/>\n<meta property=\"og:locale\" content=\"de_DE\" \/>\n<meta property=\"og:type\" content=\"article\" \/>\n<meta property=\"og:title\" content=\"ACTIE Herman Miller Aeron Classic Bureaustoel Graphite - Maat B - Zillions: nieuw en gebruikt design meubilair en stoelen\" \/>\n<meta property=\"og:description\" content=\"Herman Miller Aeron Classic Bureaustoel Graphite \u2013 maat B Deze klassieke Herman Miller Aeron bureaustoel is uitgevoerd in de kleur antraciet en is voorzien van een graphite frame. De bureaustoel is uitgerust met full options, zoals een &#8216;New Posture Fit&#8217; rugsteun en verstelbare armleuningen. Daarnaast zorgt de \u2018Harmonic 2 tilt\u2019, voor- en achterwaartse neigfunctie, ervoor [&hellip;]\" \/>\n<meta property=\"og:url\" content=\"https:\/\/www.zillions.nl\/de\/product\/actie-herman-miller-aeron-classic-bureaustoel-graphite-maat-b\/\" \/>\n<meta property=\"og:site_name\" content=\"Zillions: nieuw en gebruikt design meubilair en stoelen\" \/>\n<meta property=\"article:modified_time\" content=\"2026-04-17T18:40:00+00:00\" \/>\n<meta property=\"og:image\" content=\"https:\/\/www.zillions.nl\/wp-content\/uploads\/2024\/01\/meubels-25-10-28.jpg\" \/>\n\t<meta property=\"og:image:width\" content=\"1080\" \/>\n\t<meta property=\"og:image:height\" content=\"1080\" \/>\n\t<meta property=\"og:image:type\" content=\"image\/jpeg\" \/>\n<meta name=\"twitter:card\" content=\"summary_large_image\" \/>\n<meta name=\"twitter:label1\" content=\"Est. reading time\" \/>\n\t<meta name=\"twitter:data1\" content=\"2 minutes\" \/>\n<script type=\"application\/ld+json\" class=\"yoast-schema-graph\">{\"@context\":\"https:\\\/\\\/schema.org\",\"@graph\":[{\"@type\":\"WebPage\",\"@id\":\"https:\\\/\\\/www.zillions.nl\\\/product\\\/actie-herman-miller-aeron-classic-bureaustoel-graphite-maat-b\\\/\",\"url\":\"https:\\\/\\\/www.zillions.nl\\\/product\\\/actie-herman-miller-aeron-classic-bureaustoel-graphite-maat-b\\\/\",\"name\":\"ACTIE Herman Miller Aeron Classic Bureaustoel Graphite - Maat B - Zillions: nieuw en gebruikt design meubilair en stoelen\",\"isPartOf\":{\"@id\":\"https:\\\/\\\/www.zillions.nl\\\/de\\\/#website\"},\"primaryImageOfPage\":{\"@id\":\"https:\\\/\\\/www.zillions.nl\\\/product\\\/actie-herman-miller-aeron-classic-bureaustoel-graphite-maat-b\\\/#primaryimage\"},\"image\":{\"@id\":\"https:\\\/\\\/www.zillions.nl\\\/product\\\/actie-herman-miller-aeron-classic-bureaustoel-graphite-maat-b\\\/#primaryimage\"},\"thumbnailUrl\":\"https:\\\/\\\/www.zillions.nl\\\/wp-content\\\/uploads\\\/2024\\\/01\\\/meubels-25-10-28.jpg\",\"datePublished\":\"2022-11-26T17:45:07+00:00\",\"dateModified\":\"2026-04-17T18:40:00+00:00\",\"breadcrumb\":{\"@id\":\"https:\\\/\\\/www.zillions.nl\\\/product\\\/actie-herman-miller-aeron-classic-bureaustoel-graphite-maat-b\\\/#breadcrumb\"},\"inLanguage\":\"de-DE\",\"potentialAction\":[{\"@type\":\"ReadAction\",\"target\":[\"https:\\\/\\\/www.zillions.nl\\\/product\\\/actie-herman-miller-aeron-classic-bureaustoel-graphite-maat-b\\\/\"]}]},{\"@type\":\"ImageObject\",\"inLanguage\":\"de-DE\",\"@id\":\"https:\\\/\\\/www.zillions.nl\\\/product\\\/actie-herman-miller-aeron-classic-bureaustoel-graphite-maat-b\\\/#primaryimage\",\"url\":\"https:\\\/\\\/www.zillions.nl\\\/wp-content\\\/uploads\\\/2024\\\/01\\\/meubels-25-10-28.jpg\",\"contentUrl\":\"https:\\\/\\\/www.zillions.nl\\\/wp-content\\\/uploads\\\/2024\\\/01\\\/meubels-25-10-28.jpg\",\"width\":1080,\"height\":1080},{\"@type\":\"BreadcrumbList\",\"@id\":\"https:\\\/\\\/www.zillions.nl\\\/product\\\/actie-herman-miller-aeron-classic-bureaustoel-graphite-maat-b\\\/#breadcrumb\",\"itemListElement\":[{\"@type\":\"ListItem\",\"position\":1,\"name\":\"Home\",\"item\":\"https:\\\/\\\/www.zillions.nl\\\/\"},{\"@type\":\"ListItem\",\"position\":2,\"name\":\"Shop\",\"item\":\"https:\\\/\\\/www.zillions.nl\\\/shop\\\/\"},{\"@type\":\"ListItem\",\"position\":3,\"name\":\"ACTIE Herman Miller Aeron Classic Bureaustoel Graphite &#8211; Maat B\"}]},{\"@type\":\"WebSite\",\"@id\":\"https:\\\/\\\/www.zillions.nl\\\/de\\\/#website\",\"url\":\"https:\\\/\\\/www.zillions.nl\\\/de\\\/\",\"name\":\"Zillions: nieuw en gebruikt design meubilair en stoelen\",\"description\":\"Welkom bij Zillions: Zillions is gespecialiseerd in nieuw en gebruikt design meubilair en stoelen.\",\"publisher\":{\"@id\":\"https:\\\/\\\/www.zillions.nl\\\/de\\\/#organization\"},\"potentialAction\":[{\"@type\":\"SearchAction\",\"target\":{\"@type\":\"EntryPoint\",\"urlTemplate\":\"https:\\\/\\\/www.zillions.nl\\\/de\\\/?s={search_term_string}\"},\"query-input\":{\"@type\":\"PropertyValueSpecification\",\"valueRequired\":true,\"valueName\":\"search_term_string\"}}],\"inLanguage\":\"de-DE\"},{\"@type\":\"Organization\",\"@id\":\"https:\\\/\\\/www.zillions.nl\\\/de\\\/#organization\",\"name\":\"Zillions: nieuw en gebruikt design meubilair en stoelen\",\"url\":\"https:\\\/\\\/www.zillions.nl\\\/de\\\/\",\"logo\":{\"@type\":\"ImageObject\",\"inLanguage\":\"de-DE\",\"@id\":\"https:\\\/\\\/www.zillions.nl\\\/de\\\/#\\\/schema\\\/logo\\\/image\\\/\",\"url\":\"https:\\\/\\\/www.zillions.nl\\\/wp-content\\\/uploads\\\/2022\\\/11\\\/zillions.svg\",\"contentUrl\":\"https:\\\/\\\/www.zillions.nl\\\/wp-content\\\/uploads\\\/2022\\\/11\\\/zillions.svg\",\"width\":208,\"height\":53,\"caption\":\"Zillions: nieuw en gebruikt design meubilair en stoelen\"},\"image\":{\"@id\":\"https:\\\/\\\/www.zillions.nl\\\/de\\\/#\\\/schema\\\/logo\\\/image\\\/\"}}]}<\/script>\n<!-- \/ Yoast SEO plugin. -->","yoast_head_json":{"title":"AKTION: Herman Miller Aeron Classic B\u00fcrostuhl Graphit \u2013 Gr\u00f6\u00dfe B \u2013 Zillions: Neue und gebrauchte Designerm\u00f6bel und St\u00fchle","robots":{"index":"index","follow":"follow","max-snippet":"max-snippet:-1","max-image-preview":"max-image-preview:large","max-video-preview":"max-video-preview:-1"},"canonical":"https:\/\/www.zillions.nl\/de\/product\/actie-herman-miller-aeron-classic-bureaustoel-graphite-maat-b\/","og_locale":"de_DE","og_type":"article","og_title":"ACTIE Herman Miller Aeron Classic Bureaustoel Graphite - Maat B - Zillions: nieuw en gebruikt design meubilair en stoelen","og_description":"Herman Miller Aeron Classic Bureaustoel Graphite \u2013 maat B Deze klassieke Herman Miller Aeron bureaustoel is uitgevoerd in de kleur antraciet en is voorzien van een graphite frame. De bureaustoel is uitgerust met full options, zoals een &#8216;New Posture Fit&#8217; rugsteun en verstelbare armleuningen. Daarnaast zorgt de \u2018Harmonic 2 tilt\u2019, voor- en achterwaartse neigfunctie, ervoor [&hellip;]","og_url":"https:\/\/www.zillions.nl\/de\/product\/actie-herman-miller-aeron-classic-bureaustoel-graphite-maat-b\/","og_site_name":"Zillions: nieuw en gebruikt design meubilair en stoelen","article_modified_time":"2026-04-17T18:40:00+00:00","og_image":[{"width":1080,"height":1080,"url":"https:\/\/www.zillions.nl\/wp-content\/uploads\/2024\/01\/meubels-25-10-28.jpg","type":"image\/jpeg"}],"twitter_card":"summary_large_image","twitter_misc":{"Est. reading time":"2 minutes"},"schema":{"@context":"https:\/\/schema.org","@graph":[{"@type":"WebPage","@id":"https:\/\/www.zillions.nl\/product\/actie-herman-miller-aeron-classic-bureaustoel-graphite-maat-b\/","url":"https:\/\/www.zillions.nl\/product\/actie-herman-miller-aeron-classic-bureaustoel-graphite-maat-b\/","name":"AKTION: Herman Miller Aeron Classic B\u00fcrostuhl Graphit \u2013 Gr\u00f6\u00dfe B \u2013 Zillions: Neue und gebrauchte Designerm\u00f6bel und St\u00fchle","isPartOf":{"@id":"https:\/\/www.zillions.nl\/de\/#website"},"primaryImageOfPage":{"@id":"https:\/\/www.zillions.nl\/product\/actie-herman-miller-aeron-classic-bureaustoel-graphite-maat-b\/#primaryimage"},"image":{"@id":"https:\/\/www.zillions.nl\/product\/actie-herman-miller-aeron-classic-bureaustoel-graphite-maat-b\/#primaryimage"},"thumbnailUrl":"https:\/\/www.zillions.nl\/wp-content\/uploads\/2024\/01\/meubels-25-10-28.jpg","datePublished":"2022-11-26T17:45:07+00:00","dateModified":"2026-04-17T18:40:00+00:00","breadcrumb":{"@id":"https:\/\/www.zillions.nl\/product\/actie-herman-miller-aeron-classic-bureaustoel-graphite-maat-b\/#breadcrumb"},"inLanguage":"de-DE","potentialAction":[{"@type":"ReadAction","target":["https:\/\/www.zillions.nl\/product\/actie-herman-miller-aeron-classic-bureaustoel-graphite-maat-b\/"]}]},{"@type":"ImageObject","inLanguage":"de-DE","@id":"https:\/\/www.zillions.nl\/product\/actie-herman-miller-aeron-classic-bureaustoel-graphite-maat-b\/#primaryimage","url":"https:\/\/www.zillions.nl\/wp-content\/uploads\/2024\/01\/meubels-25-10-28.jpg","contentUrl":"https:\/\/www.zillions.nl\/wp-content\/uploads\/2024\/01\/meubels-25-10-28.jpg","width":1080,"height":1080},{"@type":"BreadcrumbList","@id":"https:\/\/www.zillions.nl\/product\/actie-herman-miller-aeron-classic-bureaustoel-graphite-maat-b\/#breadcrumb","itemListElement":[{"@type":"ListItem","position":1,"name":"Home","item":"https:\/\/www.zillions.nl\/"},{"@type":"ListItem","position":2,"name":"Shop","item":"https:\/\/www.zillions.nl\/shop\/"},{"@type":"ListItem","position":3,"name":"ACTIE Herman Miller Aeron Classic Bureaustoel Graphite &#8211; Maat B"}]},{"@type":"WebSite","@id":"https:\/\/www.zillions.nl\/de\/#website","url":"https:\/\/www.zillions.nl\/de\/","name":"Zillionen: neue und gebrauchte Designerm\u00f6bel und St\u00fchle","description":"Willkommen bei Zillions: Zillions ist auf neue und gebrauchte Designm\u00f6bel und St\u00fchle spezialisiert.","publisher":{"@id":"https:\/\/www.zillions.nl\/de\/#organization"},"potentialAction":[{"@type":"SearchAction","target":{"@type":"EntryPoint","urlTemplate":"https:\/\/www.zillions.nl\/de\/?s={search_term_string}"},"query-input":{"@type":"PropertyValueSpecification","valueRequired":true,"valueName":"search_term_string"}}],"inLanguage":"de-DE"},{"@type":"Organization","@id":"https:\/\/www.zillions.nl\/de\/#organization","name":"Zillionen: neue und gebrauchte Designerm\u00f6bel und St\u00fchle","url":"https:\/\/www.zillions.nl\/de\/","logo":{"@type":"ImageObject","inLanguage":"de-DE","@id":"https:\/\/www.zillions.nl\/de\/#\/schema\/logo\/image\/","url":"https:\/\/www.zillions.nl\/wp-content\/uploads\/2022\/11\/zillions.svg","contentUrl":"https:\/\/www.zillions.nl\/wp-content\/uploads\/2022\/11\/zillions.svg","width":208,"height":53,"caption":"Zillions: nieuw en gebruikt design meubilair en stoelen"},"image":{"@id":"https:\/\/www.zillions.nl\/de\/#\/schema\/logo\/image\/"}}]}},"_links":{"self":[{"href":"https:\/\/www.zillions.nl\/de\/wp-json\/wp\/v2\/product\/2748","targetHints":{"allow":["GET"]}}],"collection":[{"href":"https:\/\/www.zillions.nl\/de\/wp-json\/wp\/v2\/product"}],"about":[{"href":"https:\/\/www.zillions.nl\/de\/wp-json\/wp\/v2\/types\/product"}],"wp:featuredmedia":[{"embeddable":true,"href":"https:\/\/www.zillions.nl\/de\/wp-json\/wp\/v2\/media\/9583"}],"wp:attachment":[{"href":"https:\/\/www.zillions.nl\/de\/wp-json\/wp\/v2\/media?parent=2748"}],"wp:term":[{"taxonomy":"product_brand","embeddable":true,"href":"https:\/\/www.zillions.nl\/de\/wp-json\/wp\/v2\/product_brand?post=2748"},{"taxonomy":"product_cat","embeddable":true,"href":"https:\/\/www.zillions.nl\/de\/wp-json\/wp\/v2\/product_cat?post=2748"},{"taxonomy":"product_tag","embeddable":true,"href":"https:\/\/www.zillions.nl\/de\/wp-json\/wp\/v2\/product_tag?post=2748"}],"curies":[{"name":"wp","href":"https:\/\/api.w.org\/{rel}","templated":true}]}}