{"id":24248,"date":"2026-05-16T22:39:22","date_gmt":"2026-05-16T20:39:22","guid":{"rendered":"https:\/\/www.zillions.nl\/?post_type=product&#038;p=24248"},"modified":"2026-05-16T22:39:44","modified_gmt":"2026-05-16T20:39:44","slug":"kuifje-bobby-zittend-in-het-gras-nieuw","status":"publish","type":"product","link":"https:\/\/www.zillions.nl\/de\/product\/kuifje-bobby-zittend-in-het-gras-nieuw\/","title":{"rendered":"Kuifje &#038; Bobby zittend in het gras Nieuw"},"content":{"rendered":"<p>Kuifje &amp; Bobby zittend in het gras ! Moulinsart\u00a0 Nieuw !!<\/p>\n<p>Geen Leblon of Auroutchef<\/p>\n<p>Met de grootste zorg gerealiseerd en handgeschilderd, dit mooie beeldje geeft een getrouw beeld weer van een toneel uit De Zwarte Rotsen waarin Kuifje de aankomst van het vliegtuig der valsemunters afwacht.<\/p>\n<p>Vredig in slaap naast hem is Bobbie zich helemaal niet bewust van de veelvuldige avonturen die er hen te wachten staan. Het beeld wordt\u00a0geleverd in een luxe gekleurde doos en vergezeld van een echtheidscertificaat. Gemaakt van resin.<\/p>\n<p>&nbsp;<\/p>\n<p>Afmetingen: 19 x 23 x 18 cm (l x b x h).<\/p>","protected":false},"excerpt":{"rendered":"<p>Kuifje &amp; Bobby zittend in het gras ! Moulinsart\u00a0 Nieuw !! Geen Leblon of Auroutchef Met de grootste zorg gerealiseerd en handgeschilderd, dit mooie beeldje geeft een getrouw beeld weer van een toneel uit De Zwarte Rotsen waarin Kuifje de aankomst van het vliegtuig der valsemunters afwacht. Vredig in slaap naast hem is Bobbie zich [&hellip;]<\/p>\n","protected":false},"featured_media":24249,"template":"","meta":{"_acf_changed":false},"product_brand":[358],"product_cat":[16,190],"product_tag":[],"class_list":{"0":"post-24248","1":"product","2":"type-product","3":"status-publish","4":"has-post-thumbnail","6":"product_brand-herge-moulinsart","7":"product_cat-alle-producten","8":"product_cat-woonaccessoires","10":"first","11":"instock","12":"sale","13":"purchasable","14":"product-type-simple"},"acf":[],"yoast_head":"<!-- This site is optimized with the Yoast SEO plugin v27.5 - https:\/\/yoast.com\/product\/yoast-seo-wordpress\/ -->\n<title>Kuifje &amp; Bobby zittend in het gras Nieuw - Zillions: nieuw en gebruikt design meubilair en stoelen<\/title>\n<meta name=\"robots\" content=\"index, follow, max-snippet:-1, max-image-preview:large, max-video-preview:-1\" \/>\n<link rel=\"canonical\" href=\"https:\/\/www.zillions.nl\/de\/product\/kuifje-bobby-zittend-in-het-gras-nieuw\/\" \/>\n<meta property=\"og:locale\" content=\"de_DE\" \/>\n<meta property=\"og:type\" content=\"article\" \/>\n<meta property=\"og:title\" content=\"Kuifje &amp; Bobby zittend in het gras Nieuw - Zillions: nieuw en gebruikt design meubilair en stoelen\" \/>\n<meta property=\"og:description\" content=\"Kuifje &amp; Bobby zittend in het gras ! Moulinsart\u00a0 Nieuw !! Geen Leblon of Auroutchef Met de grootste zorg gerealiseerd en handgeschilderd, dit mooie beeldje geeft een getrouw beeld weer van een toneel uit De Zwarte Rotsen waarin Kuifje de aankomst van het vliegtuig der valsemunters afwacht. Vredig in slaap naast hem is Bobbie zich [&hellip;]\" \/>\n<meta property=\"og:url\" content=\"https:\/\/www.zillions.nl\/de\/product\/kuifje-bobby-zittend-in-het-gras-nieuw\/\" \/>\n<meta property=\"og:site_name\" content=\"Zillions: nieuw en gebruikt design meubilair en stoelen\" \/>\n<meta property=\"article:modified_time\" content=\"2026-05-16T20:39:44+00:00\" \/>\n<meta property=\"og:image\" content=\"https:\/\/www.zillions.nl\/wp-content\/uploads\/2026\/05\/47001.webp\" \/>\n\t<meta property=\"og:image:width\" content=\"800\" \/>\n\t<meta property=\"og:image:height\" content=\"800\" \/>\n\t<meta property=\"og:image:type\" content=\"image\/webp\" \/>\n<meta name=\"twitter:card\" content=\"summary_large_image\" \/>\n<meta name=\"twitter:label1\" content=\"Est. reading time\" \/>\n\t<meta name=\"twitter:data1\" content=\"1 minute\" \/>\n<script type=\"application\/ld+json\" class=\"yoast-schema-graph\">{\"@context\":\"https:\\\/\\\/schema.org\",\"@graph\":[{\"@type\":\"WebPage\",\"@id\":\"https:\\\/\\\/www.zillions.nl\\\/product\\\/kuifje-bobby-zittend-in-het-gras-nieuw\\\/\",\"url\":\"https:\\\/\\\/www.zillions.nl\\\/product\\\/kuifje-bobby-zittend-in-het-gras-nieuw\\\/\",\"name\":\"Kuifje & Bobby zittend in het gras Nieuw - Zillions: nieuw en gebruikt design meubilair en stoelen\",\"isPartOf\":{\"@id\":\"https:\\\/\\\/www.zillions.nl\\\/de\\\/#website\"},\"primaryImageOfPage\":{\"@id\":\"https:\\\/\\\/www.zillions.nl\\\/product\\\/kuifje-bobby-zittend-in-het-gras-nieuw\\\/#primaryimage\"},\"image\":{\"@id\":\"https:\\\/\\\/www.zillions.nl\\\/product\\\/kuifje-bobby-zittend-in-het-gras-nieuw\\\/#primaryimage\"},\"thumbnailUrl\":\"https:\\\/\\\/www.zillions.nl\\\/wp-content\\\/uploads\\\/2026\\\/05\\\/47001.webp\",\"datePublished\":\"2026-05-16T20:39:22+00:00\",\"dateModified\":\"2026-05-16T20:39:44+00:00\",\"breadcrumb\":{\"@id\":\"https:\\\/\\\/www.zillions.nl\\\/product\\\/kuifje-bobby-zittend-in-het-gras-nieuw\\\/#breadcrumb\"},\"inLanguage\":\"de-DE\",\"potentialAction\":[{\"@type\":\"ReadAction\",\"target\":[\"https:\\\/\\\/www.zillions.nl\\\/product\\\/kuifje-bobby-zittend-in-het-gras-nieuw\\\/\"]}]},{\"@type\":\"ImageObject\",\"inLanguage\":\"de-DE\",\"@id\":\"https:\\\/\\\/www.zillions.nl\\\/product\\\/kuifje-bobby-zittend-in-het-gras-nieuw\\\/#primaryimage\",\"url\":\"https:\\\/\\\/www.zillions.nl\\\/wp-content\\\/uploads\\\/2026\\\/05\\\/47001.webp\",\"contentUrl\":\"https:\\\/\\\/www.zillions.nl\\\/wp-content\\\/uploads\\\/2026\\\/05\\\/47001.webp\",\"width\":800,\"height\":800},{\"@type\":\"BreadcrumbList\",\"@id\":\"https:\\\/\\\/www.zillions.nl\\\/product\\\/kuifje-bobby-zittend-in-het-gras-nieuw\\\/#breadcrumb\",\"itemListElement\":[{\"@type\":\"ListItem\",\"position\":1,\"name\":\"Home\",\"item\":\"https:\\\/\\\/www.zillions.nl\\\/\"},{\"@type\":\"ListItem\",\"position\":2,\"name\":\"Shop\",\"item\":\"https:\\\/\\\/www.zillions.nl\\\/shop\\\/\"},{\"@type\":\"ListItem\",\"position\":3,\"name\":\"Kuifje &#038; Bobby zittend in het gras Nieuw\"}]},{\"@type\":\"WebSite\",\"@id\":\"https:\\\/\\\/www.zillions.nl\\\/de\\\/#website\",\"url\":\"https:\\\/\\\/www.zillions.nl\\\/de\\\/\",\"name\":\"Zillions: nieuw en gebruikt design meubilair en stoelen\",\"description\":\"Welkom bij Zillions: Zillions is gespecialiseerd in nieuw en gebruikt design meubilair en stoelen.\",\"publisher\":{\"@id\":\"https:\\\/\\\/www.zillions.nl\\\/de\\\/#organization\"},\"potentialAction\":[{\"@type\":\"SearchAction\",\"target\":{\"@type\":\"EntryPoint\",\"urlTemplate\":\"https:\\\/\\\/www.zillions.nl\\\/de\\\/?s={search_term_string}\"},\"query-input\":{\"@type\":\"PropertyValueSpecification\",\"valueRequired\":true,\"valueName\":\"search_term_string\"}}],\"inLanguage\":\"de-DE\"},{\"@type\":\"Organization\",\"@id\":\"https:\\\/\\\/www.zillions.nl\\\/de\\\/#organization\",\"name\":\"Zillions: nieuw en gebruikt design meubilair en stoelen\",\"url\":\"https:\\\/\\\/www.zillions.nl\\\/de\\\/\",\"logo\":{\"@type\":\"ImageObject\",\"inLanguage\":\"de-DE\",\"@id\":\"https:\\\/\\\/www.zillions.nl\\\/de\\\/#\\\/schema\\\/logo\\\/image\\\/\",\"url\":\"https:\\\/\\\/www.zillions.nl\\\/wp-content\\\/uploads\\\/2022\\\/11\\\/zillions.svg\",\"contentUrl\":\"https:\\\/\\\/www.zillions.nl\\\/wp-content\\\/uploads\\\/2022\\\/11\\\/zillions.svg\",\"width\":208,\"height\":53,\"caption\":\"Zillions: nieuw en gebruikt design meubilair en stoelen\"},\"image\":{\"@id\":\"https:\\\/\\\/www.zillions.nl\\\/de\\\/#\\\/schema\\\/logo\\\/image\\\/\"}}]}<\/script>\n<!-- \/ Yoast SEO plugin. -->","yoast_head_json":{"title":"Kuifje & Bobby zittend in het gras Nieuw - Zillions: nieuw en gebruikt design meubilair en stoelen","robots":{"index":"index","follow":"follow","max-snippet":"max-snippet:-1","max-image-preview":"max-image-preview:large","max-video-preview":"max-video-preview:-1"},"canonical":"https:\/\/www.zillions.nl\/de\/product\/kuifje-bobby-zittend-in-het-gras-nieuw\/","og_locale":"de_DE","og_type":"article","og_title":"Kuifje & Bobby zittend in het gras Nieuw - Zillions: nieuw en gebruikt design meubilair en stoelen","og_description":"Kuifje &amp; Bobby zittend in het gras ! Moulinsart\u00a0 Nieuw !! Geen Leblon of Auroutchef Met de grootste zorg gerealiseerd en handgeschilderd, dit mooie beeldje geeft een getrouw beeld weer van een toneel uit De Zwarte Rotsen waarin Kuifje de aankomst van het vliegtuig der valsemunters afwacht. Vredig in slaap naast hem is Bobbie zich [&hellip;]","og_url":"https:\/\/www.zillions.nl\/de\/product\/kuifje-bobby-zittend-in-het-gras-nieuw\/","og_site_name":"Zillions: nieuw en gebruikt design meubilair en stoelen","article_modified_time":"2026-05-16T20:39:44+00:00","og_image":[{"width":800,"height":800,"url":"https:\/\/www.zillions.nl\/wp-content\/uploads\/2026\/05\/47001.webp","type":"image\/webp"}],"twitter_card":"summary_large_image","twitter_misc":{"Est. reading time":"1 minute"},"schema":{"@context":"https:\/\/schema.org","@graph":[{"@type":"WebPage","@id":"https:\/\/www.zillions.nl\/product\/kuifje-bobby-zittend-in-het-gras-nieuw\/","url":"https:\/\/www.zillions.nl\/product\/kuifje-bobby-zittend-in-het-gras-nieuw\/","name":"Kuifje & Bobby zittend in het gras Nieuw - Zillions: nieuw en gebruikt design meubilair en stoelen","isPartOf":{"@id":"https:\/\/www.zillions.nl\/de\/#website"},"primaryImageOfPage":{"@id":"https:\/\/www.zillions.nl\/product\/kuifje-bobby-zittend-in-het-gras-nieuw\/#primaryimage"},"image":{"@id":"https:\/\/www.zillions.nl\/product\/kuifje-bobby-zittend-in-het-gras-nieuw\/#primaryimage"},"thumbnailUrl":"https:\/\/www.zillions.nl\/wp-content\/uploads\/2026\/05\/47001.webp","datePublished":"2026-05-16T20:39:22+00:00","dateModified":"2026-05-16T20:39:44+00:00","breadcrumb":{"@id":"https:\/\/www.zillions.nl\/product\/kuifje-bobby-zittend-in-het-gras-nieuw\/#breadcrumb"},"inLanguage":"de-DE","potentialAction":[{"@type":"ReadAction","target":["https:\/\/www.zillions.nl\/product\/kuifje-bobby-zittend-in-het-gras-nieuw\/"]}]},{"@type":"ImageObject","inLanguage":"de-DE","@id":"https:\/\/www.zillions.nl\/product\/kuifje-bobby-zittend-in-het-gras-nieuw\/#primaryimage","url":"https:\/\/www.zillions.nl\/wp-content\/uploads\/2026\/05\/47001.webp","contentUrl":"https:\/\/www.zillions.nl\/wp-content\/uploads\/2026\/05\/47001.webp","width":800,"height":800},{"@type":"BreadcrumbList","@id":"https:\/\/www.zillions.nl\/product\/kuifje-bobby-zittend-in-het-gras-nieuw\/#breadcrumb","itemListElement":[{"@type":"ListItem","position":1,"name":"Home","item":"https:\/\/www.zillions.nl\/"},{"@type":"ListItem","position":2,"name":"Shop","item":"https:\/\/www.zillions.nl\/shop\/"},{"@type":"ListItem","position":3,"name":"Kuifje &#038; Bobby zittend in het gras Nieuw"}]},{"@type":"WebSite","@id":"https:\/\/www.zillions.nl\/de\/#website","url":"https:\/\/www.zillions.nl\/de\/","name":"Zillionen: neue und gebrauchte Designerm\u00f6bel und St\u00fchle","description":"Willkommen bei Zillions: Zillions ist auf neue und gebrauchte Designm\u00f6bel und St\u00fchle spezialisiert.","publisher":{"@id":"https:\/\/www.zillions.nl\/de\/#organization"},"potentialAction":[{"@type":"SearchAction","target":{"@type":"EntryPoint","urlTemplate":"https:\/\/www.zillions.nl\/de\/?s={search_term_string}"},"query-input":{"@type":"PropertyValueSpecification","valueRequired":true,"valueName":"search_term_string"}}],"inLanguage":"de-DE"},{"@type":"Organization","@id":"https:\/\/www.zillions.nl\/de\/#organization","name":"Zillionen: neue und gebrauchte Designerm\u00f6bel und St\u00fchle","url":"https:\/\/www.zillions.nl\/de\/","logo":{"@type":"ImageObject","inLanguage":"de-DE","@id":"https:\/\/www.zillions.nl\/de\/#\/schema\/logo\/image\/","url":"https:\/\/www.zillions.nl\/wp-content\/uploads\/2022\/11\/zillions.svg","contentUrl":"https:\/\/www.zillions.nl\/wp-content\/uploads\/2022\/11\/zillions.svg","width":208,"height":53,"caption":"Zillions: nieuw en gebruikt design meubilair en stoelen"},"image":{"@id":"https:\/\/www.zillions.nl\/de\/#\/schema\/logo\/image\/"}}]}},"_links":{"self":[{"href":"https:\/\/www.zillions.nl\/de\/wp-json\/wp\/v2\/product\/24248","targetHints":{"allow":["GET"]}}],"collection":[{"href":"https:\/\/www.zillions.nl\/de\/wp-json\/wp\/v2\/product"}],"about":[{"href":"https:\/\/www.zillions.nl\/de\/wp-json\/wp\/v2\/types\/product"}],"wp:featuredmedia":[{"embeddable":true,"href":"https:\/\/www.zillions.nl\/de\/wp-json\/wp\/v2\/media\/24249"}],"wp:attachment":[{"href":"https:\/\/www.zillions.nl\/de\/wp-json\/wp\/v2\/media?parent=24248"}],"wp:term":[{"taxonomy":"product_brand","embeddable":true,"href":"https:\/\/www.zillions.nl\/de\/wp-json\/wp\/v2\/product_brand?post=24248"},{"taxonomy":"product_cat","embeddable":true,"href":"https:\/\/www.zillions.nl\/de\/wp-json\/wp\/v2\/product_cat?post=24248"},{"taxonomy":"product_tag","embeddable":true,"href":"https:\/\/www.zillions.nl\/de\/wp-json\/wp\/v2\/product_tag?post=24248"}],"curies":[{"name":"wp","href":"https:\/\/api.w.org\/{rel}","templated":true}]}}