{"id":24242,"date":"2026-05-16T22:17:17","date_gmt":"2026-05-16T20:17:17","guid":{"rendered":"https:\/\/www.zillions.nl\/?post_type=product&#038;p=24242"},"modified":"2026-05-16T22:18:24","modified_gmt":"2026-05-16T20:18:24","slug":"kuifje-in-rode-stoel-nieuw","status":"publish","type":"product","link":"https:\/\/www.zillions.nl\/de\/product\/kuifje-in-rode-stoel-nieuw\/","title":{"rendered":"Kuifje in rode Stoel Nieuw"},"content":{"rendered":"<p>Kuifje en Bobbie thuis!<\/p>\n<p>Moulinsart Leblon<\/p>\n<p>Nadat hij uit de klauwen van Mitsuhirato is kunnen ontsnappen en de zeebodem te midden van de haaien heeft verkend, is het nu tijd voor Kuifje om eventjes uit te rusten.<\/p>\n<p>Het derde beeldje van de collectie \u201cDe iconen\u201d toont een vredige sc\u00e8ne van Kuifje en Bobbie. Kuifje zit in een comfortabele zetel. Hij heeft een boek in zijn hand en Bobbie slaapt rustig aan zijn voeten.<\/p>\n<p>Deze sc\u00e8ne komt uit het album Het gebroken oor.<\/p>\n<p>Het verhaal begint met een gestolen beeldje in het etnografisch museum. Kuifje voert een onderzoek uit. Vanaf het begin wil hij meer weten over het land van de Arumbaya\u2019s, de regio van herkomst van het kostbare object.<\/p>\n<p>Als een gewetensvolle journalist documenteert de jonge verslaggever zich om zijn informatie te voeden en zijn verslag voor te bereiden.<\/p>\n<p>Ons 3D-team wilde dit ontwerp respecteren: dit is de reden waarom de randen van het model van de zetel scherp zijn en een zeer duidelijke, klare lijn, hebben. Er was geen sprake van er extra details aan toe te voegen, zoals naden of het afronden vanwege de opvulling.<\/p>","protected":false},"excerpt":{"rendered":"<p>Kuifje en Bobbie thuis! Moulinsart Leblon Nadat hij uit de klauwen van Mitsuhirato is kunnen ontsnappen en de zeebodem te midden van de haaien heeft verkend, is het nu tijd voor Kuifje om eventjes uit te rusten. Het derde beeldje van de collectie \u201cDe iconen\u201d toont een vredige sc\u00e8ne van Kuifje en Bobbie. Kuifje zit [&hellip;]<\/p>\n","protected":false},"featured_media":24243,"template":"","meta":{"_acf_changed":false},"product_brand":[358],"product_cat":[16,190],"product_tag":[],"class_list":{"0":"post-24242","1":"product","2":"type-product","3":"status-publish","4":"has-post-thumbnail","6":"product_brand-herge-moulinsart","7":"product_cat-alle-producten","8":"product_cat-woonaccessoires","9":"product_shipping_class-product-shipping","11":"first","12":"instock","13":"sale","14":"purchasable","15":"product-type-simple"},"acf":[],"yoast_head":"<!-- This site is optimized with the Yoast SEO plugin v27.5 - https:\/\/yoast.com\/product\/yoast-seo-wordpress\/ -->\n<title>Kuifje in rode Stoel Nieuw - Zillions: nieuw en gebruikt design meubilair en stoelen<\/title>\n<meta name=\"robots\" content=\"index, follow, max-snippet:-1, max-image-preview:large, max-video-preview:-1\" \/>\n<link rel=\"canonical\" href=\"https:\/\/www.zillions.nl\/de\/product\/kuifje-in-rode-stoel-nieuw\/\" \/>\n<meta property=\"og:locale\" content=\"de_DE\" \/>\n<meta property=\"og:type\" content=\"article\" \/>\n<meta property=\"og:title\" content=\"Kuifje in rode Stoel Nieuw - Zillions: nieuw en gebruikt design meubilair en stoelen\" \/>\n<meta property=\"og:description\" content=\"Kuifje en Bobbie thuis! Moulinsart Leblon Nadat hij uit de klauwen van Mitsuhirato is kunnen ontsnappen en de zeebodem te midden van de haaien heeft verkend, is het nu tijd voor Kuifje om eventjes uit te rusten. Het derde beeldje van de collectie \u201cDe iconen\u201d toont een vredige sc\u00e8ne van Kuifje en Bobbie. Kuifje zit [&hellip;]\" \/>\n<meta property=\"og:url\" content=\"https:\/\/www.zillions.nl\/de\/product\/kuifje-in-rode-stoel-nieuw\/\" \/>\n<meta property=\"og:site_name\" content=\"Zillions: nieuw en gebruikt design meubilair en stoelen\" \/>\n<meta property=\"article:modified_time\" content=\"2026-05-16T20:18:24+00:00\" \/>\n<meta property=\"og:image\" content=\"https:\/\/www.zillions.nl\/wp-content\/uploads\/2026\/05\/Kuifje-Iconen-Kuifje-in-rode-leunstoel-6.webp\" \/>\n\t<meta property=\"og:image:width\" content=\"800\" \/>\n\t<meta property=\"og:image:height\" content=\"693\" \/>\n\t<meta property=\"og:image:type\" content=\"image\/webp\" \/>\n<meta name=\"twitter:card\" content=\"summary_large_image\" \/>\n<meta name=\"twitter:label1\" content=\"Est. reading time\" \/>\n\t<meta name=\"twitter:data1\" content=\"2 minutes\" \/>\n<script type=\"application\/ld+json\" class=\"yoast-schema-graph\">{\"@context\":\"https:\\\/\\\/schema.org\",\"@graph\":[{\"@type\":\"WebPage\",\"@id\":\"https:\\\/\\\/www.zillions.nl\\\/product\\\/kuifje-in-rode-stoel-nieuw\\\/\",\"url\":\"https:\\\/\\\/www.zillions.nl\\\/product\\\/kuifje-in-rode-stoel-nieuw\\\/\",\"name\":\"Kuifje in rode Stoel Nieuw - Zillions: nieuw en gebruikt design meubilair en stoelen\",\"isPartOf\":{\"@id\":\"https:\\\/\\\/www.zillions.nl\\\/de\\\/#website\"},\"primaryImageOfPage\":{\"@id\":\"https:\\\/\\\/www.zillions.nl\\\/product\\\/kuifje-in-rode-stoel-nieuw\\\/#primaryimage\"},\"image\":{\"@id\":\"https:\\\/\\\/www.zillions.nl\\\/product\\\/kuifje-in-rode-stoel-nieuw\\\/#primaryimage\"},\"thumbnailUrl\":\"https:\\\/\\\/www.zillions.nl\\\/wp-content\\\/uploads\\\/2026\\\/05\\\/Kuifje-Iconen-Kuifje-in-rode-leunstoel-6.webp\",\"datePublished\":\"2026-05-16T20:17:17+00:00\",\"dateModified\":\"2026-05-16T20:18:24+00:00\",\"breadcrumb\":{\"@id\":\"https:\\\/\\\/www.zillions.nl\\\/product\\\/kuifje-in-rode-stoel-nieuw\\\/#breadcrumb\"},\"inLanguage\":\"de-DE\",\"potentialAction\":[{\"@type\":\"ReadAction\",\"target\":[\"https:\\\/\\\/www.zillions.nl\\\/product\\\/kuifje-in-rode-stoel-nieuw\\\/\"]}]},{\"@type\":\"ImageObject\",\"inLanguage\":\"de-DE\",\"@id\":\"https:\\\/\\\/www.zillions.nl\\\/product\\\/kuifje-in-rode-stoel-nieuw\\\/#primaryimage\",\"url\":\"https:\\\/\\\/www.zillions.nl\\\/wp-content\\\/uploads\\\/2026\\\/05\\\/Kuifje-Iconen-Kuifje-in-rode-leunstoel-6.webp\",\"contentUrl\":\"https:\\\/\\\/www.zillions.nl\\\/wp-content\\\/uploads\\\/2026\\\/05\\\/Kuifje-Iconen-Kuifje-in-rode-leunstoel-6.webp\",\"width\":800,\"height\":693},{\"@type\":\"BreadcrumbList\",\"@id\":\"https:\\\/\\\/www.zillions.nl\\\/product\\\/kuifje-in-rode-stoel-nieuw\\\/#breadcrumb\",\"itemListElement\":[{\"@type\":\"ListItem\",\"position\":1,\"name\":\"Home\",\"item\":\"https:\\\/\\\/www.zillions.nl\\\/\"},{\"@type\":\"ListItem\",\"position\":2,\"name\":\"Shop\",\"item\":\"https:\\\/\\\/www.zillions.nl\\\/shop\\\/\"},{\"@type\":\"ListItem\",\"position\":3,\"name\":\"Kuifje in rode Stoel Nieuw\"}]},{\"@type\":\"WebSite\",\"@id\":\"https:\\\/\\\/www.zillions.nl\\\/de\\\/#website\",\"url\":\"https:\\\/\\\/www.zillions.nl\\\/de\\\/\",\"name\":\"Zillions: nieuw en gebruikt design meubilair en stoelen\",\"description\":\"Welkom bij Zillions: Zillions is gespecialiseerd in nieuw en gebruikt design meubilair en stoelen.\",\"publisher\":{\"@id\":\"https:\\\/\\\/www.zillions.nl\\\/de\\\/#organization\"},\"potentialAction\":[{\"@type\":\"SearchAction\",\"target\":{\"@type\":\"EntryPoint\",\"urlTemplate\":\"https:\\\/\\\/www.zillions.nl\\\/de\\\/?s={search_term_string}\"},\"query-input\":{\"@type\":\"PropertyValueSpecification\",\"valueRequired\":true,\"valueName\":\"search_term_string\"}}],\"inLanguage\":\"de-DE\"},{\"@type\":\"Organization\",\"@id\":\"https:\\\/\\\/www.zillions.nl\\\/de\\\/#organization\",\"name\":\"Zillions: nieuw en gebruikt design meubilair en stoelen\",\"url\":\"https:\\\/\\\/www.zillions.nl\\\/de\\\/\",\"logo\":{\"@type\":\"ImageObject\",\"inLanguage\":\"de-DE\",\"@id\":\"https:\\\/\\\/www.zillions.nl\\\/de\\\/#\\\/schema\\\/logo\\\/image\\\/\",\"url\":\"https:\\\/\\\/www.zillions.nl\\\/wp-content\\\/uploads\\\/2022\\\/11\\\/zillions.svg\",\"contentUrl\":\"https:\\\/\\\/www.zillions.nl\\\/wp-content\\\/uploads\\\/2022\\\/11\\\/zillions.svg\",\"width\":208,\"height\":53,\"caption\":\"Zillions: nieuw en gebruikt design meubilair en stoelen\"},\"image\":{\"@id\":\"https:\\\/\\\/www.zillions.nl\\\/de\\\/#\\\/schema\\\/logo\\\/image\\\/\"}}]}<\/script>\n<!-- \/ Yoast SEO plugin. -->","yoast_head_json":{"title":"Kuifje in rode Stoel Nieuw - Zillions: nieuw en gebruikt design meubilair en stoelen","robots":{"index":"index","follow":"follow","max-snippet":"max-snippet:-1","max-image-preview":"max-image-preview:large","max-video-preview":"max-video-preview:-1"},"canonical":"https:\/\/www.zillions.nl\/de\/product\/kuifje-in-rode-stoel-nieuw\/","og_locale":"de_DE","og_type":"article","og_title":"Kuifje in rode Stoel Nieuw - Zillions: nieuw en gebruikt design meubilair en stoelen","og_description":"Kuifje en Bobbie thuis! Moulinsart Leblon Nadat hij uit de klauwen van Mitsuhirato is kunnen ontsnappen en de zeebodem te midden van de haaien heeft verkend, is het nu tijd voor Kuifje om eventjes uit te rusten. Het derde beeldje van de collectie \u201cDe iconen\u201d toont een vredige sc\u00e8ne van Kuifje en Bobbie. Kuifje zit [&hellip;]","og_url":"https:\/\/www.zillions.nl\/de\/product\/kuifje-in-rode-stoel-nieuw\/","og_site_name":"Zillions: nieuw en gebruikt design meubilair en stoelen","article_modified_time":"2026-05-16T20:18:24+00:00","og_image":[{"width":800,"height":693,"url":"https:\/\/www.zillions.nl\/wp-content\/uploads\/2026\/05\/Kuifje-Iconen-Kuifje-in-rode-leunstoel-6.webp","type":"image\/webp"}],"twitter_card":"summary_large_image","twitter_misc":{"Est. reading time":"2 minutes"},"schema":{"@context":"https:\/\/schema.org","@graph":[{"@type":"WebPage","@id":"https:\/\/www.zillions.nl\/product\/kuifje-in-rode-stoel-nieuw\/","url":"https:\/\/www.zillions.nl\/product\/kuifje-in-rode-stoel-nieuw\/","name":"Kuifje in rode Stoel Nieuw - Zillions: nieuw en gebruikt design meubilair en stoelen","isPartOf":{"@id":"https:\/\/www.zillions.nl\/de\/#website"},"primaryImageOfPage":{"@id":"https:\/\/www.zillions.nl\/product\/kuifje-in-rode-stoel-nieuw\/#primaryimage"},"image":{"@id":"https:\/\/www.zillions.nl\/product\/kuifje-in-rode-stoel-nieuw\/#primaryimage"},"thumbnailUrl":"https:\/\/www.zillions.nl\/wp-content\/uploads\/2026\/05\/Kuifje-Iconen-Kuifje-in-rode-leunstoel-6.webp","datePublished":"2026-05-16T20:17:17+00:00","dateModified":"2026-05-16T20:18:24+00:00","breadcrumb":{"@id":"https:\/\/www.zillions.nl\/product\/kuifje-in-rode-stoel-nieuw\/#breadcrumb"},"inLanguage":"de-DE","potentialAction":[{"@type":"ReadAction","target":["https:\/\/www.zillions.nl\/product\/kuifje-in-rode-stoel-nieuw\/"]}]},{"@type":"ImageObject","inLanguage":"de-DE","@id":"https:\/\/www.zillions.nl\/product\/kuifje-in-rode-stoel-nieuw\/#primaryimage","url":"https:\/\/www.zillions.nl\/wp-content\/uploads\/2026\/05\/Kuifje-Iconen-Kuifje-in-rode-leunstoel-6.webp","contentUrl":"https:\/\/www.zillions.nl\/wp-content\/uploads\/2026\/05\/Kuifje-Iconen-Kuifje-in-rode-leunstoel-6.webp","width":800,"height":693},{"@type":"BreadcrumbList","@id":"https:\/\/www.zillions.nl\/product\/kuifje-in-rode-stoel-nieuw\/#breadcrumb","itemListElement":[{"@type":"ListItem","position":1,"name":"Home","item":"https:\/\/www.zillions.nl\/"},{"@type":"ListItem","position":2,"name":"Shop","item":"https:\/\/www.zillions.nl\/shop\/"},{"@type":"ListItem","position":3,"name":"Kuifje in rode Stoel Nieuw"}]},{"@type":"WebSite","@id":"https:\/\/www.zillions.nl\/de\/#website","url":"https:\/\/www.zillions.nl\/de\/","name":"Zillionen: neue und gebrauchte Designerm\u00f6bel und St\u00fchle","description":"Willkommen bei Zillions: Zillions ist auf neue und gebrauchte Designm\u00f6bel und St\u00fchle spezialisiert.","publisher":{"@id":"https:\/\/www.zillions.nl\/de\/#organization"},"potentialAction":[{"@type":"SearchAction","target":{"@type":"EntryPoint","urlTemplate":"https:\/\/www.zillions.nl\/de\/?s={search_term_string}"},"query-input":{"@type":"PropertyValueSpecification","valueRequired":true,"valueName":"search_term_string"}}],"inLanguage":"de-DE"},{"@type":"Organization","@id":"https:\/\/www.zillions.nl\/de\/#organization","name":"Zillionen: neue und gebrauchte Designerm\u00f6bel und St\u00fchle","url":"https:\/\/www.zillions.nl\/de\/","logo":{"@type":"ImageObject","inLanguage":"de-DE","@id":"https:\/\/www.zillions.nl\/de\/#\/schema\/logo\/image\/","url":"https:\/\/www.zillions.nl\/wp-content\/uploads\/2022\/11\/zillions.svg","contentUrl":"https:\/\/www.zillions.nl\/wp-content\/uploads\/2022\/11\/zillions.svg","width":208,"height":53,"caption":"Zillions: nieuw en gebruikt design meubilair en stoelen"},"image":{"@id":"https:\/\/www.zillions.nl\/de\/#\/schema\/logo\/image\/"}}]}},"_links":{"self":[{"href":"https:\/\/www.zillions.nl\/de\/wp-json\/wp\/v2\/product\/24242","targetHints":{"allow":["GET"]}}],"collection":[{"href":"https:\/\/www.zillions.nl\/de\/wp-json\/wp\/v2\/product"}],"about":[{"href":"https:\/\/www.zillions.nl\/de\/wp-json\/wp\/v2\/types\/product"}],"wp:featuredmedia":[{"embeddable":true,"href":"https:\/\/www.zillions.nl\/de\/wp-json\/wp\/v2\/media\/24243"}],"wp:attachment":[{"href":"https:\/\/www.zillions.nl\/de\/wp-json\/wp\/v2\/media?parent=24242"}],"wp:term":[{"taxonomy":"product_brand","embeddable":true,"href":"https:\/\/www.zillions.nl\/de\/wp-json\/wp\/v2\/product_brand?post=24242"},{"taxonomy":"product_cat","embeddable":true,"href":"https:\/\/www.zillions.nl\/de\/wp-json\/wp\/v2\/product_cat?post=24242"},{"taxonomy":"product_tag","embeddable":true,"href":"https:\/\/www.zillions.nl\/de\/wp-json\/wp\/v2\/product_tag?post=24242"}],"curies":[{"name":"wp","href":"https:\/\/api.w.org\/{rel}","templated":true}]}}