{"id":24235,"date":"2026-05-16T21:15:21","date_gmt":"2026-05-16T19:15:21","guid":{"rendered":"https:\/\/www.zillions.nl\/?post_type=product&#038;p=24235"},"modified":"2026-05-16T21:18:23","modified_gmt":"2026-05-16T19:18:23","slug":"kuifje-drinkt-thee-beeld-nieuw","status":"publish","type":"product","link":"https:\/\/www.zillions.nl\/de\/product\/kuifje-drinkt-thee-beeld-nieuw\/","title":{"rendered":"Kuifje Drinkt Thee beeld Nieuw"},"content":{"rendered":"<p><b>Kuifje drinkt thee \/ Tintin prenant le th\u00e9 \/ Tintin having tea<\/b><\/p>\n<p>Als er in China een voorouderlijke traditie bestaat, dan is het de kunst van het thee. Heilig moment dat Kuifje zich overgeeft aan De Blauwe Lotus, bij zijn aankomst in Shanghai.<\/p>\n<p>De 3D-weergave, overgenomen van een paneel uit pagina 9 van het album, laat ons dit mythische moment uit\u00a0<em>De avonturen van Kuifje<\/em>\u00a0herbeleven, waar de held, gezeten in een comfortabele groene fauteuil, geel overhemd en rode stropdas, zich klaarmaakt om de delicate drank te proeven die hem zojuist is geserveerd, onder het ge\u00efnteresseerde oog van Bobbie.<\/p>\n<p>Alleen al deze intieme doos vat de nauwkeurigheid van zijn lijn samen: deze beroemde heldere lijn, zo kenmerkend voor zijn stijl. De kunstenaar cre\u00ebert hier een zen-sfeer door te spelen met ronde en harmonieuze vormen die hij compenseert met discrete rechte lijnen. Zo brengen de structuur en de randen van het meubilair \u2013 ook al zijn ze afgerond \u2013 een oordeelkundig evenwicht met het spel van rondingen gecre\u00eberd door het kopje, de schotel, de theepot, de suikerpot en de hoeken van het dienblad. Zelfs het gezicht van Kuifje draagt \u200b\u200bbij aan deze dominante zachtheid.<br \/>\nAndere details van de originele tekening van Herg\u00e9 zijn ook aangepast om in 3D te worden omgezet, zoals de houding van de handen (ge\u00efnspireerd door plaatje C1 van de zwart-witversie of D3 van de kleurenversie) en de verhoudingen van de benen (ge\u00efnspireerd door plaatje C1 van de zwart-witversie of D3 van de kleurenversie). zodat ze onder de tafel passen).<\/p>\n<p>Deze nieuwe hars met levendige kleuren is, net als de vorige, ontworpen met het grootste respect voor de lijn van\u00a0<strong>Herg\u00e9<\/strong>.<\/p>\n<p>Item, geleverd in een doos en vergezeld van een genummerd certificaat van echtheid.<\/p>\n<p>Het beeldje maakt deel uit van een reeks mooie beeldjes ontworpen met respect voor de details van de tekeningen van Herg\u00e9.<\/p>\n<p>Hars, hand beschilderd.<\/p>\n<p>Hoogte: 18 cm<br \/>\nBreedte: 35 cm<br \/>\nLengte: 30 cm<\/p>\n<p>Jaar van productie: 2024<\/p>\n<p>Kenmerk: 47002<\/p>","protected":false},"excerpt":{"rendered":"<p>Kuifje drinkt thee \/ Tintin prenant le th\u00e9 \/ Tintin having tea Als er in China een voorouderlijke traditie bestaat, dan is het de kunst van het thee. Heilig moment dat Kuifje zich overgeeft aan De Blauwe Lotus, bij zijn aankomst in Shanghai. De 3D-weergave, overgenomen van een paneel uit pagina 9 van het album, [&hellip;]<\/p>\n","protected":false},"featured_media":24241,"template":"","meta":{"_acf_changed":false},"product_brand":[358],"product_cat":[16,190],"product_tag":[],"class_list":{"0":"post-24235","1":"product","2":"type-product","3":"status-publish","4":"has-post-thumbnail","6":"product_brand-herge-moulinsart","7":"product_cat-alle-producten","8":"product_cat-woonaccessoires","9":"product_shipping_class-product-shipping","11":"first","12":"instock","13":"sale","14":"purchasable","15":"product-type-simple"},"acf":[],"yoast_head":"<!-- This site is optimized with the Yoast SEO plugin v27.5 - https:\/\/yoast.com\/product\/yoast-seo-wordpress\/ -->\n<title>Kuifje Drinkt Thee beeld Nieuw - Zillions: nieuw en gebruikt design meubilair en stoelen<\/title>\n<meta name=\"robots\" content=\"index, follow, max-snippet:-1, max-image-preview:large, max-video-preview:-1\" \/>\n<link rel=\"canonical\" href=\"https:\/\/www.zillions.nl\/de\/product\/kuifje-drinkt-thee-beeld-nieuw\/\" \/>\n<meta property=\"og:locale\" content=\"de_DE\" \/>\n<meta property=\"og:type\" content=\"article\" \/>\n<meta property=\"og:title\" content=\"Kuifje Drinkt Thee beeld Nieuw - Zillions: nieuw en gebruikt design meubilair en stoelen\" \/>\n<meta property=\"og:description\" content=\"Kuifje drinkt thee \/ Tintin prenant le th\u00e9 \/ Tintin having tea Als er in China een voorouderlijke traditie bestaat, dan is het de kunst van het thee. Heilig moment dat Kuifje zich overgeeft aan De Blauwe Lotus, bij zijn aankomst in Shanghai. De 3D-weergave, overgenomen van een paneel uit pagina 9 van het album, [&hellip;]\" \/>\n<meta property=\"og:url\" content=\"https:\/\/www.zillions.nl\/de\/product\/kuifje-drinkt-thee-beeld-nieuw\/\" \/>\n<meta property=\"og:site_name\" content=\"Zillions: nieuw en gebruikt design meubilair en stoelen\" \/>\n<meta property=\"article:modified_time\" content=\"2026-05-16T19:18:23+00:00\" \/>\n<meta property=\"og:image\" content=\"https:\/\/www.zillions.nl\/wp-content\/uploads\/2026\/05\/il_1588xN.7167099697_1j7s.webp\" \/>\n\t<meta property=\"og:image:width\" content=\"1588\" \/>\n\t<meta property=\"og:image:height\" content=\"1174\" \/>\n\t<meta property=\"og:image:type\" content=\"image\/webp\" \/>\n<meta name=\"twitter:card\" content=\"summary_large_image\" \/>\n<meta name=\"twitter:label1\" content=\"Est. reading time\" \/>\n\t<meta name=\"twitter:data1\" content=\"2 minutes\" \/>\n<script type=\"application\/ld+json\" class=\"yoast-schema-graph\">{\"@context\":\"https:\\\/\\\/schema.org\",\"@graph\":[{\"@type\":\"WebPage\",\"@id\":\"https:\\\/\\\/www.zillions.nl\\\/product\\\/kuifje-drinkt-thee-beeld-nieuw\\\/\",\"url\":\"https:\\\/\\\/www.zillions.nl\\\/product\\\/kuifje-drinkt-thee-beeld-nieuw\\\/\",\"name\":\"Kuifje Drinkt Thee beeld Nieuw - Zillions: nieuw en gebruikt design meubilair en stoelen\",\"isPartOf\":{\"@id\":\"https:\\\/\\\/www.zillions.nl\\\/de\\\/#website\"},\"primaryImageOfPage\":{\"@id\":\"https:\\\/\\\/www.zillions.nl\\\/product\\\/kuifje-drinkt-thee-beeld-nieuw\\\/#primaryimage\"},\"image\":{\"@id\":\"https:\\\/\\\/www.zillions.nl\\\/product\\\/kuifje-drinkt-thee-beeld-nieuw\\\/#primaryimage\"},\"thumbnailUrl\":\"https:\\\/\\\/www.zillions.nl\\\/wp-content\\\/uploads\\\/2026\\\/05\\\/il_1588xN.7167099697_1j7s.webp\",\"datePublished\":\"2026-05-16T19:15:21+00:00\",\"dateModified\":\"2026-05-16T19:18:23+00:00\",\"breadcrumb\":{\"@id\":\"https:\\\/\\\/www.zillions.nl\\\/product\\\/kuifje-drinkt-thee-beeld-nieuw\\\/#breadcrumb\"},\"inLanguage\":\"de-DE\",\"potentialAction\":[{\"@type\":\"ReadAction\",\"target\":[\"https:\\\/\\\/www.zillions.nl\\\/product\\\/kuifje-drinkt-thee-beeld-nieuw\\\/\"]}]},{\"@type\":\"ImageObject\",\"inLanguage\":\"de-DE\",\"@id\":\"https:\\\/\\\/www.zillions.nl\\\/product\\\/kuifje-drinkt-thee-beeld-nieuw\\\/#primaryimage\",\"url\":\"https:\\\/\\\/www.zillions.nl\\\/wp-content\\\/uploads\\\/2026\\\/05\\\/il_1588xN.7167099697_1j7s.webp\",\"contentUrl\":\"https:\\\/\\\/www.zillions.nl\\\/wp-content\\\/uploads\\\/2026\\\/05\\\/il_1588xN.7167099697_1j7s.webp\",\"width\":1588,\"height\":1174},{\"@type\":\"BreadcrumbList\",\"@id\":\"https:\\\/\\\/www.zillions.nl\\\/product\\\/kuifje-drinkt-thee-beeld-nieuw\\\/#breadcrumb\",\"itemListElement\":[{\"@type\":\"ListItem\",\"position\":1,\"name\":\"Home\",\"item\":\"https:\\\/\\\/www.zillions.nl\\\/\"},{\"@type\":\"ListItem\",\"position\":2,\"name\":\"Shop\",\"item\":\"https:\\\/\\\/www.zillions.nl\\\/shop\\\/\"},{\"@type\":\"ListItem\",\"position\":3,\"name\":\"Kuifje Drinkt Thee beeld Nieuw\"}]},{\"@type\":\"WebSite\",\"@id\":\"https:\\\/\\\/www.zillions.nl\\\/de\\\/#website\",\"url\":\"https:\\\/\\\/www.zillions.nl\\\/de\\\/\",\"name\":\"Zillions: nieuw en gebruikt design meubilair en stoelen\",\"description\":\"Welkom bij Zillions: Zillions is gespecialiseerd in nieuw en gebruikt design meubilair en stoelen.\",\"publisher\":{\"@id\":\"https:\\\/\\\/www.zillions.nl\\\/de\\\/#organization\"},\"potentialAction\":[{\"@type\":\"SearchAction\",\"target\":{\"@type\":\"EntryPoint\",\"urlTemplate\":\"https:\\\/\\\/www.zillions.nl\\\/de\\\/?s={search_term_string}\"},\"query-input\":{\"@type\":\"PropertyValueSpecification\",\"valueRequired\":true,\"valueName\":\"search_term_string\"}}],\"inLanguage\":\"de-DE\"},{\"@type\":\"Organization\",\"@id\":\"https:\\\/\\\/www.zillions.nl\\\/de\\\/#organization\",\"name\":\"Zillions: nieuw en gebruikt design meubilair en stoelen\",\"url\":\"https:\\\/\\\/www.zillions.nl\\\/de\\\/\",\"logo\":{\"@type\":\"ImageObject\",\"inLanguage\":\"de-DE\",\"@id\":\"https:\\\/\\\/www.zillions.nl\\\/de\\\/#\\\/schema\\\/logo\\\/image\\\/\",\"url\":\"https:\\\/\\\/www.zillions.nl\\\/wp-content\\\/uploads\\\/2022\\\/11\\\/zillions.svg\",\"contentUrl\":\"https:\\\/\\\/www.zillions.nl\\\/wp-content\\\/uploads\\\/2022\\\/11\\\/zillions.svg\",\"width\":208,\"height\":53,\"caption\":\"Zillions: nieuw en gebruikt design meubilair en stoelen\"},\"image\":{\"@id\":\"https:\\\/\\\/www.zillions.nl\\\/de\\\/#\\\/schema\\\/logo\\\/image\\\/\"}}]}<\/script>\n<!-- \/ Yoast SEO plugin. -->","yoast_head_json":{"title":"Kuifje Drinkt Thee beeld Nieuw - Zillions: nieuw en gebruikt design meubilair en stoelen","robots":{"index":"index","follow":"follow","max-snippet":"max-snippet:-1","max-image-preview":"max-image-preview:large","max-video-preview":"max-video-preview:-1"},"canonical":"https:\/\/www.zillions.nl\/de\/product\/kuifje-drinkt-thee-beeld-nieuw\/","og_locale":"de_DE","og_type":"article","og_title":"Kuifje Drinkt Thee beeld Nieuw - Zillions: nieuw en gebruikt design meubilair en stoelen","og_description":"Kuifje drinkt thee \/ Tintin prenant le th\u00e9 \/ Tintin having tea Als er in China een voorouderlijke traditie bestaat, dan is het de kunst van het thee. Heilig moment dat Kuifje zich overgeeft aan De Blauwe Lotus, bij zijn aankomst in Shanghai. De 3D-weergave, overgenomen van een paneel uit pagina 9 van het album, [&hellip;]","og_url":"https:\/\/www.zillions.nl\/de\/product\/kuifje-drinkt-thee-beeld-nieuw\/","og_site_name":"Zillions: nieuw en gebruikt design meubilair en stoelen","article_modified_time":"2026-05-16T19:18:23+00:00","og_image":[{"width":1588,"height":1174,"url":"https:\/\/www.zillions.nl\/wp-content\/uploads\/2026\/05\/il_1588xN.7167099697_1j7s.webp","type":"image\/webp"}],"twitter_card":"summary_large_image","twitter_misc":{"Est. reading time":"2 minutes"},"schema":{"@context":"https:\/\/schema.org","@graph":[{"@type":"WebPage","@id":"https:\/\/www.zillions.nl\/product\/kuifje-drinkt-thee-beeld-nieuw\/","url":"https:\/\/www.zillions.nl\/product\/kuifje-drinkt-thee-beeld-nieuw\/","name":"Kuifje Drinkt Thee beeld Nieuw - Zillions: nieuw en gebruikt design meubilair en stoelen","isPartOf":{"@id":"https:\/\/www.zillions.nl\/de\/#website"},"primaryImageOfPage":{"@id":"https:\/\/www.zillions.nl\/product\/kuifje-drinkt-thee-beeld-nieuw\/#primaryimage"},"image":{"@id":"https:\/\/www.zillions.nl\/product\/kuifje-drinkt-thee-beeld-nieuw\/#primaryimage"},"thumbnailUrl":"https:\/\/www.zillions.nl\/wp-content\/uploads\/2026\/05\/il_1588xN.7167099697_1j7s.webp","datePublished":"2026-05-16T19:15:21+00:00","dateModified":"2026-05-16T19:18:23+00:00","breadcrumb":{"@id":"https:\/\/www.zillions.nl\/product\/kuifje-drinkt-thee-beeld-nieuw\/#breadcrumb"},"inLanguage":"de-DE","potentialAction":[{"@type":"ReadAction","target":["https:\/\/www.zillions.nl\/product\/kuifje-drinkt-thee-beeld-nieuw\/"]}]},{"@type":"ImageObject","inLanguage":"de-DE","@id":"https:\/\/www.zillions.nl\/product\/kuifje-drinkt-thee-beeld-nieuw\/#primaryimage","url":"https:\/\/www.zillions.nl\/wp-content\/uploads\/2026\/05\/il_1588xN.7167099697_1j7s.webp","contentUrl":"https:\/\/www.zillions.nl\/wp-content\/uploads\/2026\/05\/il_1588xN.7167099697_1j7s.webp","width":1588,"height":1174},{"@type":"BreadcrumbList","@id":"https:\/\/www.zillions.nl\/product\/kuifje-drinkt-thee-beeld-nieuw\/#breadcrumb","itemListElement":[{"@type":"ListItem","position":1,"name":"Home","item":"https:\/\/www.zillions.nl\/"},{"@type":"ListItem","position":2,"name":"Shop","item":"https:\/\/www.zillions.nl\/shop\/"},{"@type":"ListItem","position":3,"name":"Kuifje Drinkt Thee beeld Nieuw"}]},{"@type":"WebSite","@id":"https:\/\/www.zillions.nl\/de\/#website","url":"https:\/\/www.zillions.nl\/de\/","name":"Zillionen: neue und gebrauchte Designerm\u00f6bel und St\u00fchle","description":"Willkommen bei Zillions: Zillions ist auf neue und gebrauchte Designm\u00f6bel und St\u00fchle spezialisiert.","publisher":{"@id":"https:\/\/www.zillions.nl\/de\/#organization"},"potentialAction":[{"@type":"SearchAction","target":{"@type":"EntryPoint","urlTemplate":"https:\/\/www.zillions.nl\/de\/?s={search_term_string}"},"query-input":{"@type":"PropertyValueSpecification","valueRequired":true,"valueName":"search_term_string"}}],"inLanguage":"de-DE"},{"@type":"Organization","@id":"https:\/\/www.zillions.nl\/de\/#organization","name":"Zillionen: neue und gebrauchte Designerm\u00f6bel und St\u00fchle","url":"https:\/\/www.zillions.nl\/de\/","logo":{"@type":"ImageObject","inLanguage":"de-DE","@id":"https:\/\/www.zillions.nl\/de\/#\/schema\/logo\/image\/","url":"https:\/\/www.zillions.nl\/wp-content\/uploads\/2022\/11\/zillions.svg","contentUrl":"https:\/\/www.zillions.nl\/wp-content\/uploads\/2022\/11\/zillions.svg","width":208,"height":53,"caption":"Zillions: nieuw en gebruikt design meubilair en stoelen"},"image":{"@id":"https:\/\/www.zillions.nl\/de\/#\/schema\/logo\/image\/"}}]}},"_links":{"self":[{"href":"https:\/\/www.zillions.nl\/de\/wp-json\/wp\/v2\/product\/24235","targetHints":{"allow":["GET"]}}],"collection":[{"href":"https:\/\/www.zillions.nl\/de\/wp-json\/wp\/v2\/product"}],"about":[{"href":"https:\/\/www.zillions.nl\/de\/wp-json\/wp\/v2\/types\/product"}],"wp:featuredmedia":[{"embeddable":true,"href":"https:\/\/www.zillions.nl\/de\/wp-json\/wp\/v2\/media\/24241"}],"wp:attachment":[{"href":"https:\/\/www.zillions.nl\/de\/wp-json\/wp\/v2\/media?parent=24235"}],"wp:term":[{"taxonomy":"product_brand","embeddable":true,"href":"https:\/\/www.zillions.nl\/de\/wp-json\/wp\/v2\/product_brand?post=24235"},{"taxonomy":"product_cat","embeddable":true,"href":"https:\/\/www.zillions.nl\/de\/wp-json\/wp\/v2\/product_cat?post=24235"},{"taxonomy":"product_tag","embeddable":true,"href":"https:\/\/www.zillions.nl\/de\/wp-json\/wp\/v2\/product_tag?post=24235"}],"curies":[{"name":"wp","href":"https:\/\/api.w.org\/{rel}","templated":true}]}}