{"id":24217,"date":"2026-05-15T15:25:10","date_gmt":"2026-05-15T13:25:10","guid":{"rendered":"https:\/\/www.zillions.nl\/?post_type=product&#038;p=24217"},"modified":"2026-05-15T15:25:11","modified_gmt":"2026-05-15T13:25:11","slug":"vitra-miniatuur-panton-chair-stoel-oranje-kunststof","status":"publish","type":"product","link":"https:\/\/www.zillions.nl\/de\/product\/vitra-miniatuur-panton-chair-stoel-oranje-kunststof\/","title":{"rendered":"Vitra Miniatuur Panton Chair Stoel Oranje Kunststof"},"content":{"rendered":"<h5>Vitra Miniatuur Panton Chair stoel in oranje kunststof<\/h5>\n<p><a href=\"\/de\/merken\/vitra\/\">Vitra<\/a> Miniatuur Panton Chair stoel is een schaalmodel van de stoel die in de jaren 60 werd ontworpen door Verner Panton. De miniatuur is uitgevoerd in oranje kunststof en heeft de herkenbare vloeiende vorm uit \u00e9\u00e9n stuk waar het ontwerp bekend om staat. Het ontwerp geldt als een van de eerste stoelen die volledig uit \u00e9\u00e9n stuk kunststof werd geproduceerd. Dankzij de gedetailleerde afwerking en schaalnauwkeurigheid is dit model geschikt als verzamelobject of decoratief designobject. De miniatuur is 100% origineel en voorzien van alle echtheidskenmerken.<\/p>\n<p><strong>Zustand:<\/strong> Neuwertiger Zustand; in einwandfreiem Zustand<\/p>\n<p><strong>Lieferung ab Lager<\/strong><\/p>\n<p><strong>Hinweis:<\/strong> Die angegebenen Preise gelten pro Artikel!<\/p>\n<p><strong>Spezifikationen:<\/strong><br \/>\n<strong>Materialien:<\/strong> Plastik<br \/>\n<strong>Zum Ausmalen:<\/strong> Orange<br \/>\n<strong>Volle H\u00f6he:<\/strong> 14,0 cm<br \/>\n<strong>Volle Breite:<\/strong> 8,5 cm<br \/>\n<strong>Volle Tiefe:<\/strong> 8,5 cm<br \/>\n<strong>Schaal:<\/strong> 1:6<\/p>\n<p>Bei Fragen oder zur Vereinbarung eines unverbindlichen Besichtigungstermins k\u00f6nnen Sie sich gerne an uns wenden. <a href=\"\/de\/contact\/\" target=\"_blank\" rel=\"noopener\">Kontakt<\/a> Kontaktieren Sie uns. Die Lieferung erfolgt \u00fcber unseren eigenen Lieferservice. Dieser Artikel l\u00e4sst sich einfach \u00fcber unseren Webshop bestellen. Hier finden Sie au\u00dferdem unser aktuelles Sortiment mit vielen weiteren Designartikeln.<\/p>\n<p><strong>Kontaktdaten (Besuch nach Vereinbarung):<br \/>\n<\/strong>Industrieweg 21<br \/>\n4131 NK Vianen<br \/>\ninfo@zillions.nl<br \/>\n030 20 72 146<\/p>","protected":false},"excerpt":{"rendered":"<p>Vitra Miniatuur Panton Chair stoel in oranje kunststof Vitra Miniatuur Panton Chair stoel is een schaalmodel van de stoel die in de jaren 60 werd ontworpen door Verner Panton. De miniatuur is uitgevoerd in oranje kunststof en heeft de herkenbare vloeiende vorm uit \u00e9\u00e9n stuk waar het ontwerp bekend om staat. Het ontwerp geldt als [&hellip;]<\/p>\n","protected":false},"featured_media":24218,"template":"","meta":{"_acf_changed":false},"product_brand":[202],"product_cat":[16,488,185],"product_tag":[322],"class_list":{"0":"post-24217","1":"product","2":"type-product","3":"status-publish","4":"has-post-thumbnail","6":"product_brand-vitra","7":"product_cat-alle-producten","8":"product_cat-miniatuur","9":"product_cat-stoelen","10":"product_tag-vitra","11":"product_shipping_class-product-shipping","13":"first","14":"instock","15":"sale","16":"purchasable","17":"product-type-simple"},"acf":[],"yoast_head":"<!-- This site is optimized with the Yoast SEO plugin v27.5 - https:\/\/yoast.com\/product\/yoast-seo-wordpress\/ -->\n<title>Vitra Miniatuur Panton Chair Stoel Oranje Kunststof - Zillions: nieuw en gebruikt design meubilair en stoelen<\/title>\n<meta name=\"robots\" content=\"index, follow, max-snippet:-1, max-image-preview:large, max-video-preview:-1\" \/>\n<link rel=\"canonical\" href=\"https:\/\/www.zillions.nl\/de\/product\/vitra-miniatuur-panton-chair-stoel-oranje-kunststof\/\" \/>\n<meta property=\"og:locale\" content=\"de_DE\" \/>\n<meta property=\"og:type\" content=\"article\" \/>\n<meta property=\"og:title\" content=\"Vitra Miniatuur Panton Chair Stoel Oranje Kunststof - Zillions: nieuw en gebruikt design meubilair en stoelen\" \/>\n<meta property=\"og:description\" content=\"Vitra Miniatuur Panton Chair stoel in oranje kunststof Vitra Miniatuur Panton Chair stoel is een schaalmodel van de stoel die in de jaren 60 werd ontworpen door Verner Panton. De miniatuur is uitgevoerd in oranje kunststof en heeft de herkenbare vloeiende vorm uit \u00e9\u00e9n stuk waar het ontwerp bekend om staat. Het ontwerp geldt als [&hellip;]\" \/>\n<meta property=\"og:url\" content=\"https:\/\/www.zillions.nl\/de\/product\/vitra-miniatuur-panton-chair-stoel-oranje-kunststof\/\" \/>\n<meta property=\"og:site_name\" content=\"Zillions: nieuw en gebruikt design meubilair en stoelen\" \/>\n<meta property=\"article:modified_time\" content=\"2026-05-15T13:25:11+00:00\" \/>\n<meta property=\"og:image\" content=\"https:\/\/www.zillions.nl\/wp-content\/uploads\/2026\/05\/Vitra-Miniatuur-Panton-Chair-Stoel-Oranje-Kunststof.jpg\" \/>\n\t<meta property=\"og:image:width\" content=\"1024\" \/>\n\t<meta property=\"og:image:height\" content=\"1024\" \/>\n\t<meta property=\"og:image:type\" content=\"image\/jpeg\" \/>\n<meta name=\"twitter:card\" content=\"summary_large_image\" \/>\n<meta name=\"twitter:label1\" content=\"Est. reading time\" \/>\n\t<meta name=\"twitter:data1\" content=\"2 minutes\" \/>\n<script type=\"application\/ld+json\" class=\"yoast-schema-graph\">{\"@context\":\"https:\\\/\\\/schema.org\",\"@graph\":[{\"@type\":\"WebPage\",\"@id\":\"https:\\\/\\\/www.zillions.nl\\\/product\\\/vitra-miniatuur-panton-chair-stoel-oranje-kunststof\\\/\",\"url\":\"https:\\\/\\\/www.zillions.nl\\\/product\\\/vitra-miniatuur-panton-chair-stoel-oranje-kunststof\\\/\",\"name\":\"Vitra Miniatuur Panton Chair Stoel Oranje Kunststof - Zillions: nieuw en gebruikt design meubilair en stoelen\",\"isPartOf\":{\"@id\":\"https:\\\/\\\/www.zillions.nl\\\/de\\\/#website\"},\"primaryImageOfPage\":{\"@id\":\"https:\\\/\\\/www.zillions.nl\\\/product\\\/vitra-miniatuur-panton-chair-stoel-oranje-kunststof\\\/#primaryimage\"},\"image\":{\"@id\":\"https:\\\/\\\/www.zillions.nl\\\/product\\\/vitra-miniatuur-panton-chair-stoel-oranje-kunststof\\\/#primaryimage\"},\"thumbnailUrl\":\"https:\\\/\\\/www.zillions.nl\\\/wp-content\\\/uploads\\\/2026\\\/05\\\/Vitra-Miniatuur-Panton-Chair-Stoel-Oranje-Kunststof.jpg\",\"datePublished\":\"2026-05-15T13:25:10+00:00\",\"dateModified\":\"2026-05-15T13:25:11+00:00\",\"breadcrumb\":{\"@id\":\"https:\\\/\\\/www.zillions.nl\\\/product\\\/vitra-miniatuur-panton-chair-stoel-oranje-kunststof\\\/#breadcrumb\"},\"inLanguage\":\"de-DE\",\"potentialAction\":[{\"@type\":\"ReadAction\",\"target\":[\"https:\\\/\\\/www.zillions.nl\\\/product\\\/vitra-miniatuur-panton-chair-stoel-oranje-kunststof\\\/\"]}]},{\"@type\":\"ImageObject\",\"inLanguage\":\"de-DE\",\"@id\":\"https:\\\/\\\/www.zillions.nl\\\/product\\\/vitra-miniatuur-panton-chair-stoel-oranje-kunststof\\\/#primaryimage\",\"url\":\"https:\\\/\\\/www.zillions.nl\\\/wp-content\\\/uploads\\\/2026\\\/05\\\/Vitra-Miniatuur-Panton-Chair-Stoel-Oranje-Kunststof.jpg\",\"contentUrl\":\"https:\\\/\\\/www.zillions.nl\\\/wp-content\\\/uploads\\\/2026\\\/05\\\/Vitra-Miniatuur-Panton-Chair-Stoel-Oranje-Kunststof.jpg\",\"width\":1024,\"height\":1024,\"caption\":\"Vitra Miniatuur Panton Chair Stoel Oranje Kunststof\"},{\"@type\":\"BreadcrumbList\",\"@id\":\"https:\\\/\\\/www.zillions.nl\\\/product\\\/vitra-miniatuur-panton-chair-stoel-oranje-kunststof\\\/#breadcrumb\",\"itemListElement\":[{\"@type\":\"ListItem\",\"position\":1,\"name\":\"Home\",\"item\":\"https:\\\/\\\/www.zillions.nl\\\/\"},{\"@type\":\"ListItem\",\"position\":2,\"name\":\"Shop\",\"item\":\"https:\\\/\\\/www.zillions.nl\\\/shop\\\/\"},{\"@type\":\"ListItem\",\"position\":3,\"name\":\"Vitra Miniatuur Panton Chair Stoel Oranje Kunststof\"}]},{\"@type\":\"WebSite\",\"@id\":\"https:\\\/\\\/www.zillions.nl\\\/de\\\/#website\",\"url\":\"https:\\\/\\\/www.zillions.nl\\\/de\\\/\",\"name\":\"Zillions: nieuw en gebruikt design meubilair en stoelen\",\"description\":\"Welkom bij Zillions: Zillions is gespecialiseerd in nieuw en gebruikt design meubilair en stoelen.\",\"publisher\":{\"@id\":\"https:\\\/\\\/www.zillions.nl\\\/de\\\/#organization\"},\"potentialAction\":[{\"@type\":\"SearchAction\",\"target\":{\"@type\":\"EntryPoint\",\"urlTemplate\":\"https:\\\/\\\/www.zillions.nl\\\/de\\\/?s={search_term_string}\"},\"query-input\":{\"@type\":\"PropertyValueSpecification\",\"valueRequired\":true,\"valueName\":\"search_term_string\"}}],\"inLanguage\":\"de-DE\"},{\"@type\":\"Organization\",\"@id\":\"https:\\\/\\\/www.zillions.nl\\\/de\\\/#organization\",\"name\":\"Zillions: nieuw en gebruikt design meubilair en stoelen\",\"url\":\"https:\\\/\\\/www.zillions.nl\\\/de\\\/\",\"logo\":{\"@type\":\"ImageObject\",\"inLanguage\":\"de-DE\",\"@id\":\"https:\\\/\\\/www.zillions.nl\\\/de\\\/#\\\/schema\\\/logo\\\/image\\\/\",\"url\":\"https:\\\/\\\/www.zillions.nl\\\/wp-content\\\/uploads\\\/2022\\\/11\\\/zillions.svg\",\"contentUrl\":\"https:\\\/\\\/www.zillions.nl\\\/wp-content\\\/uploads\\\/2022\\\/11\\\/zillions.svg\",\"width\":208,\"height\":53,\"caption\":\"Zillions: nieuw en gebruikt design meubilair en stoelen\"},\"image\":{\"@id\":\"https:\\\/\\\/www.zillions.nl\\\/de\\\/#\\\/schema\\\/logo\\\/image\\\/\"}}]}<\/script>\n<!-- \/ Yoast SEO plugin. -->","yoast_head_json":{"title":"Vitra Miniatuur Panton Chair Stoel Oranje Kunststof - Zillions: nieuw en gebruikt design meubilair en stoelen","robots":{"index":"index","follow":"follow","max-snippet":"max-snippet:-1","max-image-preview":"max-image-preview:large","max-video-preview":"max-video-preview:-1"},"canonical":"https:\/\/www.zillions.nl\/de\/product\/vitra-miniatuur-panton-chair-stoel-oranje-kunststof\/","og_locale":"de_DE","og_type":"article","og_title":"Vitra Miniatuur Panton Chair Stoel Oranje Kunststof - Zillions: nieuw en gebruikt design meubilair en stoelen","og_description":"Vitra Miniatuur Panton Chair stoel in oranje kunststof Vitra Miniatuur Panton Chair stoel is een schaalmodel van de stoel die in de jaren 60 werd ontworpen door Verner Panton. De miniatuur is uitgevoerd in oranje kunststof en heeft de herkenbare vloeiende vorm uit \u00e9\u00e9n stuk waar het ontwerp bekend om staat. Het ontwerp geldt als [&hellip;]","og_url":"https:\/\/www.zillions.nl\/de\/product\/vitra-miniatuur-panton-chair-stoel-oranje-kunststof\/","og_site_name":"Zillions: nieuw en gebruikt design meubilair en stoelen","article_modified_time":"2026-05-15T13:25:11+00:00","og_image":[{"width":1024,"height":1024,"url":"https:\/\/www.zillions.nl\/wp-content\/uploads\/2026\/05\/Vitra-Miniatuur-Panton-Chair-Stoel-Oranje-Kunststof.jpg","type":"image\/jpeg"}],"twitter_card":"summary_large_image","twitter_misc":{"Est. reading time":"2 minutes"},"schema":{"@context":"https:\/\/schema.org","@graph":[{"@type":"WebPage","@id":"https:\/\/www.zillions.nl\/product\/vitra-miniatuur-panton-chair-stoel-oranje-kunststof\/","url":"https:\/\/www.zillions.nl\/product\/vitra-miniatuur-panton-chair-stoel-oranje-kunststof\/","name":"Vitra Miniatuur Panton Chair Stoel Oranje Kunststof - Zillions: nieuw en gebruikt design meubilair en stoelen","isPartOf":{"@id":"https:\/\/www.zillions.nl\/de\/#website"},"primaryImageOfPage":{"@id":"https:\/\/www.zillions.nl\/product\/vitra-miniatuur-panton-chair-stoel-oranje-kunststof\/#primaryimage"},"image":{"@id":"https:\/\/www.zillions.nl\/product\/vitra-miniatuur-panton-chair-stoel-oranje-kunststof\/#primaryimage"},"thumbnailUrl":"https:\/\/www.zillions.nl\/wp-content\/uploads\/2026\/05\/Vitra-Miniatuur-Panton-Chair-Stoel-Oranje-Kunststof.jpg","datePublished":"2026-05-15T13:25:10+00:00","dateModified":"2026-05-15T13:25:11+00:00","breadcrumb":{"@id":"https:\/\/www.zillions.nl\/product\/vitra-miniatuur-panton-chair-stoel-oranje-kunststof\/#breadcrumb"},"inLanguage":"de-DE","potentialAction":[{"@type":"ReadAction","target":["https:\/\/www.zillions.nl\/product\/vitra-miniatuur-panton-chair-stoel-oranje-kunststof\/"]}]},{"@type":"ImageObject","inLanguage":"de-DE","@id":"https:\/\/www.zillions.nl\/product\/vitra-miniatuur-panton-chair-stoel-oranje-kunststof\/#primaryimage","url":"https:\/\/www.zillions.nl\/wp-content\/uploads\/2026\/05\/Vitra-Miniatuur-Panton-Chair-Stoel-Oranje-Kunststof.jpg","contentUrl":"https:\/\/www.zillions.nl\/wp-content\/uploads\/2026\/05\/Vitra-Miniatuur-Panton-Chair-Stoel-Oranje-Kunststof.jpg","width":1024,"height":1024,"caption":"Vitra Miniatuur Panton Chair Stoel Oranje Kunststof"},{"@type":"BreadcrumbList","@id":"https:\/\/www.zillions.nl\/product\/vitra-miniatuur-panton-chair-stoel-oranje-kunststof\/#breadcrumb","itemListElement":[{"@type":"ListItem","position":1,"name":"Home","item":"https:\/\/www.zillions.nl\/"},{"@type":"ListItem","position":2,"name":"Shop","item":"https:\/\/www.zillions.nl\/shop\/"},{"@type":"ListItem","position":3,"name":"Vitra Miniatuur Panton Chair Stoel Oranje Kunststof"}]},{"@type":"WebSite","@id":"https:\/\/www.zillions.nl\/de\/#website","url":"https:\/\/www.zillions.nl\/de\/","name":"Zillionen: neue und gebrauchte Designerm\u00f6bel und St\u00fchle","description":"Willkommen bei Zillions: Zillions ist auf neue und gebrauchte Designm\u00f6bel und St\u00fchle spezialisiert.","publisher":{"@id":"https:\/\/www.zillions.nl\/de\/#organization"},"potentialAction":[{"@type":"SearchAction","target":{"@type":"EntryPoint","urlTemplate":"https:\/\/www.zillions.nl\/de\/?s={search_term_string}"},"query-input":{"@type":"PropertyValueSpecification","valueRequired":true,"valueName":"search_term_string"}}],"inLanguage":"de-DE"},{"@type":"Organization","@id":"https:\/\/www.zillions.nl\/de\/#organization","name":"Zillionen: neue und gebrauchte Designerm\u00f6bel und St\u00fchle","url":"https:\/\/www.zillions.nl\/de\/","logo":{"@type":"ImageObject","inLanguage":"de-DE","@id":"https:\/\/www.zillions.nl\/de\/#\/schema\/logo\/image\/","url":"https:\/\/www.zillions.nl\/wp-content\/uploads\/2022\/11\/zillions.svg","contentUrl":"https:\/\/www.zillions.nl\/wp-content\/uploads\/2022\/11\/zillions.svg","width":208,"height":53,"caption":"Zillions: nieuw en gebruikt design meubilair en stoelen"},"image":{"@id":"https:\/\/www.zillions.nl\/de\/#\/schema\/logo\/image\/"}}]}},"_links":{"self":[{"href":"https:\/\/www.zillions.nl\/de\/wp-json\/wp\/v2\/product\/24217","targetHints":{"allow":["GET"]}}],"collection":[{"href":"https:\/\/www.zillions.nl\/de\/wp-json\/wp\/v2\/product"}],"about":[{"href":"https:\/\/www.zillions.nl\/de\/wp-json\/wp\/v2\/types\/product"}],"wp:featuredmedia":[{"embeddable":true,"href":"https:\/\/www.zillions.nl\/de\/wp-json\/wp\/v2\/media\/24218"}],"wp:attachment":[{"href":"https:\/\/www.zillions.nl\/de\/wp-json\/wp\/v2\/media?parent=24217"}],"wp:term":[{"taxonomy":"product_brand","embeddable":true,"href":"https:\/\/www.zillions.nl\/de\/wp-json\/wp\/v2\/product_brand?post=24217"},{"taxonomy":"product_cat","embeddable":true,"href":"https:\/\/www.zillions.nl\/de\/wp-json\/wp\/v2\/product_cat?post=24217"},{"taxonomy":"product_tag","embeddable":true,"href":"https:\/\/www.zillions.nl\/de\/wp-json\/wp\/v2\/product_tag?post=24217"}],"curies":[{"name":"wp","href":"https:\/\/api.w.org\/{rel}","templated":true}]}}