{"id":23812,"date":"2026-05-04T19:15:38","date_gmt":"2026-05-04T17:15:38","guid":{"rendered":"https:\/\/www.zillions.nl\/?post_type=product&#038;p=23812"},"modified":"2026-05-04T19:25:59","modified_gmt":"2026-05-04T17:25:59","slug":"kuifje-bobby-in-vaas-blauwe-lotus-28-cm-pixi","status":"publish","type":"product","link":"https:\/\/www.zillions.nl\/de\/product\/kuifje-bobby-in-vaas-blauwe-lotus-28-cm-pixi\/","title":{"rendered":"Tim und Struppi in Vase Blauer Lotus 28 cm Pixi"},"content":{"rendered":"<p>Tim und Struppi in einer Vase Der blaue Lotus<\/p>\n<p>H 28 cm Pixi<\/p>\n<p>Design: Patrick Regout<\/p>\n<p>Copyright Herg\u00e9.<\/p>\n<p>Die wundersch\u00f6ne Vase ist ein echtes Sammlerst\u00fcck und befindet sich in neuwertigem Zustand.<\/p>\n<p>Ohne Originalverpackung, nat\u00fcrlich mit Echtheitsmerkmalen an der Vase<\/p>","protected":false},"excerpt":{"rendered":"<p>Kuifje in Vaas De Blauwe Lotus H 28 cm Pixi Design: Patrick Regout Auteurs\u00a0 rechten Herge. De prachtige vaas is echt een collectors item en verkeerd in showroom conditie Zonder originele verpakking, uiteraard met echtheidskenmerken op de vaas<\/p>","protected":false},"featured_media":23813,"template":"","meta":{"_acf_changed":false},"product_brand":[358],"product_cat":[190],"product_tag":[],"class_list":{"0":"post-23812","1":"product","2":"type-product","3":"status-publish","4":"has-post-thumbnail","6":"product_brand-herge-moulinsart","7":"product_cat-woonaccessoires","8":"product_shipping_class-product-shipping","10":"first","11":"instock","12":"purchasable","13":"product-type-simple"},"acf":[],"yoast_head":"<!-- This site is optimized with the Yoast SEO plugin v27.5 - https:\/\/yoast.com\/product\/yoast-seo-wordpress\/ -->\n<title>Kuifje &amp; Bobby in Vaas Blauwe Lotus 28 cm Pixi - Zillions: nieuw en gebruikt design meubilair en stoelen<\/title>\n<meta name=\"robots\" content=\"index, follow, max-snippet:-1, max-image-preview:large, max-video-preview:-1\" \/>\n<link rel=\"canonical\" href=\"https:\/\/www.zillions.nl\/de\/product\/kuifje-bobby-in-vaas-blauwe-lotus-28-cm-pixi\/\" \/>\n<meta property=\"og:locale\" content=\"de_DE\" \/>\n<meta property=\"og:type\" content=\"article\" \/>\n<meta property=\"og:title\" content=\"Kuifje &amp; Bobby in Vaas Blauwe Lotus 28 cm Pixi - Zillions: nieuw en gebruikt design meubilair en stoelen\" \/>\n<meta property=\"og:description\" content=\"Kuifje in Vaas De Blauwe Lotus H 28 cm Pixi Design: Patrick Regout Auteurs\u00a0 rechten Herge. De prachtige vaas is echt een collectors item en verkeerd in showroom conditie Zonder originele verpakking, uiteraard met echtheidskenmerken op de vaas\" \/>\n<meta property=\"og:url\" content=\"https:\/\/www.zillions.nl\/de\/product\/kuifje-bobby-in-vaas-blauwe-lotus-28-cm-pixi\/\" \/>\n<meta property=\"og:site_name\" content=\"Zillions: nieuw en gebruikt design meubilair en stoelen\" \/>\n<meta property=\"article:modified_time\" content=\"2026-05-04T17:25:59+00:00\" \/>\n<meta property=\"og:image\" content=\"https:\/\/www.zillions.nl\/wp-content\/uploads\/2026\/05\/10316708_Vue.webp\" \/>\n\t<meta property=\"og:image:width\" content=\"700\" \/>\n\t<meta property=\"og:image:height\" content=\"1053\" \/>\n\t<meta property=\"og:image:type\" content=\"image\/webp\" \/>\n<meta name=\"twitter:card\" content=\"summary_large_image\" \/>\n<meta name=\"twitter:label1\" content=\"Est. reading time\" \/>\n\t<meta name=\"twitter:data1\" content=\"1 minute\" \/>\n<script type=\"application\/ld+json\" class=\"yoast-schema-graph\">{\"@context\":\"https:\\\/\\\/schema.org\",\"@graph\":[{\"@type\":\"WebPage\",\"@id\":\"https:\\\/\\\/www.zillions.nl\\\/product\\\/kuifje-bobby-in-vaas-blauwe-lotus-28-cm-pixi\\\/\",\"url\":\"https:\\\/\\\/www.zillions.nl\\\/product\\\/kuifje-bobby-in-vaas-blauwe-lotus-28-cm-pixi\\\/\",\"name\":\"Kuifje & Bobby in Vaas Blauwe Lotus 28 cm Pixi - Zillions: nieuw en gebruikt design meubilair en stoelen\",\"isPartOf\":{\"@id\":\"https:\\\/\\\/www.zillions.nl\\\/de\\\/#website\"},\"primaryImageOfPage\":{\"@id\":\"https:\\\/\\\/www.zillions.nl\\\/product\\\/kuifje-bobby-in-vaas-blauwe-lotus-28-cm-pixi\\\/#primaryimage\"},\"image\":{\"@id\":\"https:\\\/\\\/www.zillions.nl\\\/product\\\/kuifje-bobby-in-vaas-blauwe-lotus-28-cm-pixi\\\/#primaryimage\"},\"thumbnailUrl\":\"https:\\\/\\\/www.zillions.nl\\\/wp-content\\\/uploads\\\/2026\\\/05\\\/10316708_Vue.webp\",\"datePublished\":\"2026-05-04T17:15:38+00:00\",\"dateModified\":\"2026-05-04T17:25:59+00:00\",\"breadcrumb\":{\"@id\":\"https:\\\/\\\/www.zillions.nl\\\/product\\\/kuifje-bobby-in-vaas-blauwe-lotus-28-cm-pixi\\\/#breadcrumb\"},\"inLanguage\":\"de-DE\",\"potentialAction\":[{\"@type\":\"ReadAction\",\"target\":[\"https:\\\/\\\/www.zillions.nl\\\/product\\\/kuifje-bobby-in-vaas-blauwe-lotus-28-cm-pixi\\\/\"]}]},{\"@type\":\"ImageObject\",\"inLanguage\":\"de-DE\",\"@id\":\"https:\\\/\\\/www.zillions.nl\\\/product\\\/kuifje-bobby-in-vaas-blauwe-lotus-28-cm-pixi\\\/#primaryimage\",\"url\":\"https:\\\/\\\/www.zillions.nl\\\/wp-content\\\/uploads\\\/2026\\\/05\\\/10316708_Vue.webp\",\"contentUrl\":\"https:\\\/\\\/www.zillions.nl\\\/wp-content\\\/uploads\\\/2026\\\/05\\\/10316708_Vue.webp\",\"width\":700,\"height\":1053},{\"@type\":\"BreadcrumbList\",\"@id\":\"https:\\\/\\\/www.zillions.nl\\\/product\\\/kuifje-bobby-in-vaas-blauwe-lotus-28-cm-pixi\\\/#breadcrumb\",\"itemListElement\":[{\"@type\":\"ListItem\",\"position\":1,\"name\":\"Home\",\"item\":\"https:\\\/\\\/www.zillions.nl\\\/\"},{\"@type\":\"ListItem\",\"position\":2,\"name\":\"Shop\",\"item\":\"https:\\\/\\\/www.zillions.nl\\\/shop\\\/\"},{\"@type\":\"ListItem\",\"position\":3,\"name\":\"Kuifje &#038; Bobby in Vaas Blauwe Lotus 28 cm Pixi\"}]},{\"@type\":\"WebSite\",\"@id\":\"https:\\\/\\\/www.zillions.nl\\\/de\\\/#website\",\"url\":\"https:\\\/\\\/www.zillions.nl\\\/de\\\/\",\"name\":\"Zillions: nieuw en gebruikt design meubilair en stoelen\",\"description\":\"Welkom bij Zillions: Zillions is gespecialiseerd in nieuw en gebruikt design meubilair en stoelen.\",\"publisher\":{\"@id\":\"https:\\\/\\\/www.zillions.nl\\\/de\\\/#organization\"},\"potentialAction\":[{\"@type\":\"SearchAction\",\"target\":{\"@type\":\"EntryPoint\",\"urlTemplate\":\"https:\\\/\\\/www.zillions.nl\\\/de\\\/?s={search_term_string}\"},\"query-input\":{\"@type\":\"PropertyValueSpecification\",\"valueRequired\":true,\"valueName\":\"search_term_string\"}}],\"inLanguage\":\"de-DE\"},{\"@type\":\"Organization\",\"@id\":\"https:\\\/\\\/www.zillions.nl\\\/de\\\/#organization\",\"name\":\"Zillions: nieuw en gebruikt design meubilair en stoelen\",\"url\":\"https:\\\/\\\/www.zillions.nl\\\/de\\\/\",\"logo\":{\"@type\":\"ImageObject\",\"inLanguage\":\"de-DE\",\"@id\":\"https:\\\/\\\/www.zillions.nl\\\/de\\\/#\\\/schema\\\/logo\\\/image\\\/\",\"url\":\"https:\\\/\\\/www.zillions.nl\\\/wp-content\\\/uploads\\\/2022\\\/11\\\/zillions.svg\",\"contentUrl\":\"https:\\\/\\\/www.zillions.nl\\\/wp-content\\\/uploads\\\/2022\\\/11\\\/zillions.svg\",\"width\":208,\"height\":53,\"caption\":\"Zillions: nieuw en gebruikt design meubilair en stoelen\"},\"image\":{\"@id\":\"https:\\\/\\\/www.zillions.nl\\\/de\\\/#\\\/schema\\\/logo\\\/image\\\/\"}}]}<\/script>\n<!-- \/ Yoast SEO plugin. -->","yoast_head_json":{"title":"Kuifje & Bobby in Vaas Blauwe Lotus 28 cm Pixi - Zillions: nieuw en gebruikt design meubilair en stoelen","robots":{"index":"index","follow":"follow","max-snippet":"max-snippet:-1","max-image-preview":"max-image-preview:large","max-video-preview":"max-video-preview:-1"},"canonical":"https:\/\/www.zillions.nl\/de\/product\/kuifje-bobby-in-vaas-blauwe-lotus-28-cm-pixi\/","og_locale":"de_DE","og_type":"article","og_title":"Kuifje & Bobby in Vaas Blauwe Lotus 28 cm Pixi - Zillions: nieuw en gebruikt design meubilair en stoelen","og_description":"Kuifje in Vaas De Blauwe Lotus H 28 cm Pixi Design: Patrick Regout Auteurs\u00a0 rechten Herge. De prachtige vaas is echt een collectors item en verkeerd in showroom conditie Zonder originele verpakking, uiteraard met echtheidskenmerken op de vaas","og_url":"https:\/\/www.zillions.nl\/de\/product\/kuifje-bobby-in-vaas-blauwe-lotus-28-cm-pixi\/","og_site_name":"Zillions: nieuw en gebruikt design meubilair en stoelen","article_modified_time":"2026-05-04T17:25:59+00:00","og_image":[{"width":700,"height":1053,"url":"https:\/\/www.zillions.nl\/wp-content\/uploads\/2026\/05\/10316708_Vue.webp","type":"image\/webp"}],"twitter_card":"summary_large_image","twitter_misc":{"Est. reading time":"1 minute"},"schema":{"@context":"https:\/\/schema.org","@graph":[{"@type":"WebPage","@id":"https:\/\/www.zillions.nl\/product\/kuifje-bobby-in-vaas-blauwe-lotus-28-cm-pixi\/","url":"https:\/\/www.zillions.nl\/product\/kuifje-bobby-in-vaas-blauwe-lotus-28-cm-pixi\/","name":"Kuifje & Bobby in Vaas Blauwe Lotus 28 cm Pixi - Zillions: nieuw en gebruikt design meubilair en stoelen","isPartOf":{"@id":"https:\/\/www.zillions.nl\/de\/#website"},"primaryImageOfPage":{"@id":"https:\/\/www.zillions.nl\/product\/kuifje-bobby-in-vaas-blauwe-lotus-28-cm-pixi\/#primaryimage"},"image":{"@id":"https:\/\/www.zillions.nl\/product\/kuifje-bobby-in-vaas-blauwe-lotus-28-cm-pixi\/#primaryimage"},"thumbnailUrl":"https:\/\/www.zillions.nl\/wp-content\/uploads\/2026\/05\/10316708_Vue.webp","datePublished":"2026-05-04T17:15:38+00:00","dateModified":"2026-05-04T17:25:59+00:00","breadcrumb":{"@id":"https:\/\/www.zillions.nl\/product\/kuifje-bobby-in-vaas-blauwe-lotus-28-cm-pixi\/#breadcrumb"},"inLanguage":"de-DE","potentialAction":[{"@type":"ReadAction","target":["https:\/\/www.zillions.nl\/product\/kuifje-bobby-in-vaas-blauwe-lotus-28-cm-pixi\/"]}]},{"@type":"ImageObject","inLanguage":"de-DE","@id":"https:\/\/www.zillions.nl\/product\/kuifje-bobby-in-vaas-blauwe-lotus-28-cm-pixi\/#primaryimage","url":"https:\/\/www.zillions.nl\/wp-content\/uploads\/2026\/05\/10316708_Vue.webp","contentUrl":"https:\/\/www.zillions.nl\/wp-content\/uploads\/2026\/05\/10316708_Vue.webp","width":700,"height":1053},{"@type":"BreadcrumbList","@id":"https:\/\/www.zillions.nl\/product\/kuifje-bobby-in-vaas-blauwe-lotus-28-cm-pixi\/#breadcrumb","itemListElement":[{"@type":"ListItem","position":1,"name":"Home","item":"https:\/\/www.zillions.nl\/"},{"@type":"ListItem","position":2,"name":"Shop","item":"https:\/\/www.zillions.nl\/shop\/"},{"@type":"ListItem","position":3,"name":"Kuifje &#038; Bobby in Vaas Blauwe Lotus 28 cm Pixi"}]},{"@type":"WebSite","@id":"https:\/\/www.zillions.nl\/de\/#website","url":"https:\/\/www.zillions.nl\/de\/","name":"Zillionen: neue und gebrauchte Designerm\u00f6bel und St\u00fchle","description":"Willkommen bei Zillions: Zillions ist auf neue und gebrauchte Designm\u00f6bel und St\u00fchle spezialisiert.","publisher":{"@id":"https:\/\/www.zillions.nl\/de\/#organization"},"potentialAction":[{"@type":"SearchAction","target":{"@type":"EntryPoint","urlTemplate":"https:\/\/www.zillions.nl\/de\/?s={search_term_string}"},"query-input":{"@type":"PropertyValueSpecification","valueRequired":true,"valueName":"search_term_string"}}],"inLanguage":"de-DE"},{"@type":"Organization","@id":"https:\/\/www.zillions.nl\/de\/#organization","name":"Zillionen: neue und gebrauchte Designerm\u00f6bel und St\u00fchle","url":"https:\/\/www.zillions.nl\/de\/","logo":{"@type":"ImageObject","inLanguage":"de-DE","@id":"https:\/\/www.zillions.nl\/de\/#\/schema\/logo\/image\/","url":"https:\/\/www.zillions.nl\/wp-content\/uploads\/2022\/11\/zillions.svg","contentUrl":"https:\/\/www.zillions.nl\/wp-content\/uploads\/2022\/11\/zillions.svg","width":208,"height":53,"caption":"Zillions: nieuw en gebruikt design meubilair en stoelen"},"image":{"@id":"https:\/\/www.zillions.nl\/de\/#\/schema\/logo\/image\/"}}]}},"_links":{"self":[{"href":"https:\/\/www.zillions.nl\/de\/wp-json\/wp\/v2\/product\/23812","targetHints":{"allow":["GET"]}}],"collection":[{"href":"https:\/\/www.zillions.nl\/de\/wp-json\/wp\/v2\/product"}],"about":[{"href":"https:\/\/www.zillions.nl\/de\/wp-json\/wp\/v2\/types\/product"}],"wp:featuredmedia":[{"embeddable":true,"href":"https:\/\/www.zillions.nl\/de\/wp-json\/wp\/v2\/media\/23813"}],"wp:attachment":[{"href":"https:\/\/www.zillions.nl\/de\/wp-json\/wp\/v2\/media?parent=23812"}],"wp:term":[{"taxonomy":"product_brand","embeddable":true,"href":"https:\/\/www.zillions.nl\/de\/wp-json\/wp\/v2\/product_brand?post=23812"},{"taxonomy":"product_cat","embeddable":true,"href":"https:\/\/www.zillions.nl\/de\/wp-json\/wp\/v2\/product_cat?post=23812"},{"taxonomy":"product_tag","embeddable":true,"href":"https:\/\/www.zillions.nl\/de\/wp-json\/wp\/v2\/product_tag?post=23812"}],"curies":[{"name":"wp","href":"https:\/\/api.w.org\/{rel}","templated":true}]}}