{"id":23656,"date":"2026-04-23T15:00:24","date_gmt":"2026-04-23T13:00:24","guid":{"rendered":"https:\/\/www.zillions.nl\/?post_type=product&#038;p=23656"},"modified":"2026-05-04T09:48:52","modified_gmt":"2026-05-04T07:48:52","slug":"vitra-eames-lounge-chair-fauteuil-zwart-leer-kersenhout-hocker","status":"publish","type":"product","link":"https:\/\/www.zillions.nl\/de\/product\/vitra-eames-lounge-chair-fauteuil-zwart-leer-kersenhout-hocker\/","title":{"rendered":"Vitra Eames Lounge Chair Sessel, schwarzes Leder, Kirschholz + Hocker"},"content":{"rendered":"<h5>Vitra Eames Lounge Chair fauteuil in zwart leer met kersenhouten schaal en chroom onderstel + bijpassende hocker<\/h5>\n<p><a href=\"\/de\/merken\/vitra\/\">Vitra<\/a> Eames Lounge Chair fauteuil, ontworpen door Charles en Ray Eames, uitgevoerd in zwart leer met een kersenhouten schaal en een chroom onderstel. Het ontwerp kenmerkt zich door de gebogen houten schalen in combinatie met losse kussens, wat zorgt voor een comfortabele zit en goede ondersteuning. De bijpassende hocker biedt extra ondersteuning voor de benen. Toepasbaar in zowel woon- als werkomgevingen. De fauteuil is 100% origineel en voorzien van alle echtheidskenmerken.<\/p>\n<p><strong>Zustand:<\/strong> Neuwertiger Zustand; in einwandfreiem Zustand<\/p>\n<p><strong>Lieferung ab Lager<\/strong><\/p>\n<p><strong>Hinweis:<\/strong> De aangetoonde prijzen zijn per set!<\/p>\n<p><strong>Spezifikationen:<\/strong><\/p>\n<p><strong>Sessel<\/strong><br \/>\n<strong>Materialien:<\/strong> Leer\/Hout<br \/>\n<strong>Zum Ausmalen:<\/strong> Schwarz<br \/>\n<strong>Sitzh\u00f6he:<\/strong> 38 cm<br \/>\n<strong>Sitzbreite:<\/strong> (\u2026)<br \/>\n<strong>Sitztiefe:<\/strong> (\u2026)<br \/>\n<strong>Volle H\u00f6he:<\/strong> 88 cm<br \/>\n<strong>Volle Breite:<\/strong> 86 cm<br \/>\n<strong>Volle Tiefe:<\/strong> 79 cm<br \/>\n<strong>Drehbar:<\/strong> Ja<\/p>\n<p><strong>Hocker<\/strong><br \/>\n<strong>Materialien:<\/strong> Leer\/Hout<br \/>\n<strong>Zum Ausmalen:<\/strong> Schwarz<br \/>\n<strong>H\u00f6he:<\/strong> 42 cm<br \/>\n<strong>Breite:<\/strong> 65 cm<br \/>\n<strong>Tiefe:<\/strong> 55 cm<\/p>\n<p><strong>Kumpel:<\/strong> (\u2026)<\/p>\n<p>Bei Fragen oder zur Vereinbarung eines unverbindlichen Besichtigungstermins k\u00f6nnen Sie sich gerne an uns wenden. <a href=\"\/de\/contact\/\" target=\"_blank\" rel=\"noopener\">Kontakt<\/a> Kontaktieren Sie uns. Die Lieferung erfolgt \u00fcber unseren eigenen Lieferservice. Dieser Artikel l\u00e4sst sich einfach \u00fcber unseren Webshop bestellen. Hier finden Sie au\u00dferdem unser aktuelles Sortiment mit vielen weiteren Designartikeln.<\/p>\n<p><strong>Kontaktdaten (Besuch nach Vereinbarung):<\/strong><\/p>\n<p>Industrieweg 21<br \/>\n4131 NK Vianen<br \/>\ninfo@zillions.nl<br \/>\n030 20 72 146<\/p>","protected":false},"excerpt":{"rendered":"<p>Vitra Eames Lounge Chair fauteuil in zwart leer met kersenhouten schaal en chroom onderstel + bijpassende hocker Vitra Eames Lounge Chair fauteuil, ontworpen door Charles en Ray Eames, uitgevoerd in zwart leer met een kersenhouten schaal en een chroom onderstel. Het ontwerp kenmerkt zich door de gebogen houten schalen in combinatie met losse kussens, wat [&hellip;]<\/p>\n","protected":false},"featured_media":23802,"template":"","meta":{"_acf_changed":false},"product_brand":[202],"product_cat":[16,188],"product_tag":[322],"class_list":{"0":"post-23656","1":"product","2":"type-product","3":"status-publish","4":"has-post-thumbnail","6":"product_brand-vitra","7":"product_cat-alle-producten","8":"product_cat-fauteuils","9":"product_tag-vitra","11":"first","12":"instock","13":"sale","14":"purchasable","15":"product-type-simple"},"acf":[],"yoast_head":"<!-- This site is optimized with the Yoast SEO plugin v27.5 - https:\/\/yoast.com\/product\/yoast-seo-wordpress\/ -->\n<title>Vitra Eames Lounge Chair Fauteuil Zwart Leer Kersenhout + Hocker - Zillions: nieuw en gebruikt design meubilair en stoelen<\/title>\n<meta name=\"robots\" content=\"index, follow, max-snippet:-1, max-image-preview:large, max-video-preview:-1\" \/>\n<link rel=\"canonical\" href=\"https:\/\/www.zillions.nl\/de\/product\/vitra-eames-lounge-chair-fauteuil-zwart-leer-kersenhout-hocker\/\" \/>\n<meta property=\"og:locale\" content=\"de_DE\" \/>\n<meta property=\"og:type\" content=\"article\" \/>\n<meta property=\"og:title\" content=\"Vitra Eames Lounge Chair Fauteuil Zwart Leer Kersenhout + Hocker - Zillions: nieuw en gebruikt design meubilair en stoelen\" \/>\n<meta property=\"og:description\" content=\"Vitra Eames Lounge Chair fauteuil in zwart leer met kersenhouten schaal en chroom onderstel + bijpassende hocker Vitra Eames Lounge Chair fauteuil, ontworpen door Charles en Ray Eames, uitgevoerd in zwart leer met een kersenhouten schaal en een chroom onderstel. Het ontwerp kenmerkt zich door de gebogen houten schalen in combinatie met losse kussens, wat [&hellip;]\" \/>\n<meta property=\"og:url\" content=\"https:\/\/www.zillions.nl\/de\/product\/vitra-eames-lounge-chair-fauteuil-zwart-leer-kersenhout-hocker\/\" \/>\n<meta property=\"og:site_name\" content=\"Zillions: nieuw en gebruikt design meubilair en stoelen\" \/>\n<meta property=\"article:modified_time\" content=\"2026-05-04T07:48:52+00:00\" \/>\n<meta property=\"og:image\" content=\"https:\/\/www.zillions.nl\/wp-content\/uploads\/2026\/04\/IMG_0024.jpg\" \/>\n\t<meta property=\"og:image:width\" content=\"1024\" \/>\n\t<meta property=\"og:image:height\" content=\"1024\" \/>\n\t<meta property=\"og:image:type\" content=\"image\/jpeg\" \/>\n<meta name=\"twitter:card\" content=\"summary_large_image\" \/>\n<meta name=\"twitter:label1\" content=\"Est. reading time\" \/>\n\t<meta name=\"twitter:data1\" content=\"2 minutes\" \/>\n<script type=\"application\/ld+json\" class=\"yoast-schema-graph\">{\"@context\":\"https:\\\/\\\/schema.org\",\"@graph\":[{\"@type\":\"WebPage\",\"@id\":\"https:\\\/\\\/www.zillions.nl\\\/product\\\/vitra-eames-lounge-chair-fauteuil-zwart-leer-kersenhout-hocker\\\/\",\"url\":\"https:\\\/\\\/www.zillions.nl\\\/product\\\/vitra-eames-lounge-chair-fauteuil-zwart-leer-kersenhout-hocker\\\/\",\"name\":\"Vitra Eames Lounge Chair Fauteuil Zwart Leer Kersenhout + Hocker - Zillions: nieuw en gebruikt design meubilair en stoelen\",\"isPartOf\":{\"@id\":\"https:\\\/\\\/www.zillions.nl\\\/de\\\/#website\"},\"primaryImageOfPage\":{\"@id\":\"https:\\\/\\\/www.zillions.nl\\\/product\\\/vitra-eames-lounge-chair-fauteuil-zwart-leer-kersenhout-hocker\\\/#primaryimage\"},\"image\":{\"@id\":\"https:\\\/\\\/www.zillions.nl\\\/product\\\/vitra-eames-lounge-chair-fauteuil-zwart-leer-kersenhout-hocker\\\/#primaryimage\"},\"thumbnailUrl\":\"https:\\\/\\\/www.zillions.nl\\\/wp-content\\\/uploads\\\/2026\\\/04\\\/IMG_0024.jpg\",\"datePublished\":\"2026-04-23T13:00:24+00:00\",\"dateModified\":\"2026-05-04T07:48:52+00:00\",\"breadcrumb\":{\"@id\":\"https:\\\/\\\/www.zillions.nl\\\/product\\\/vitra-eames-lounge-chair-fauteuil-zwart-leer-kersenhout-hocker\\\/#breadcrumb\"},\"inLanguage\":\"de-DE\",\"potentialAction\":[{\"@type\":\"ReadAction\",\"target\":[\"https:\\\/\\\/www.zillions.nl\\\/product\\\/vitra-eames-lounge-chair-fauteuil-zwart-leer-kersenhout-hocker\\\/\"]}]},{\"@type\":\"ImageObject\",\"inLanguage\":\"de-DE\",\"@id\":\"https:\\\/\\\/www.zillions.nl\\\/product\\\/vitra-eames-lounge-chair-fauteuil-zwart-leer-kersenhout-hocker\\\/#primaryimage\",\"url\":\"https:\\\/\\\/www.zillions.nl\\\/wp-content\\\/uploads\\\/2026\\\/04\\\/IMG_0024.jpg\",\"contentUrl\":\"https:\\\/\\\/www.zillions.nl\\\/wp-content\\\/uploads\\\/2026\\\/04\\\/IMG_0024.jpg\",\"width\":1024,\"height\":1024},{\"@type\":\"BreadcrumbList\",\"@id\":\"https:\\\/\\\/www.zillions.nl\\\/product\\\/vitra-eames-lounge-chair-fauteuil-zwart-leer-kersenhout-hocker\\\/#breadcrumb\",\"itemListElement\":[{\"@type\":\"ListItem\",\"position\":1,\"name\":\"Home\",\"item\":\"https:\\\/\\\/www.zillions.nl\\\/\"},{\"@type\":\"ListItem\",\"position\":2,\"name\":\"Shop\",\"item\":\"https:\\\/\\\/www.zillions.nl\\\/shop\\\/\"},{\"@type\":\"ListItem\",\"position\":3,\"name\":\"Vitra Eames Lounge Chair Fauteuil Zwart Leer Kersenhout + Hocker\"}]},{\"@type\":\"WebSite\",\"@id\":\"https:\\\/\\\/www.zillions.nl\\\/de\\\/#website\",\"url\":\"https:\\\/\\\/www.zillions.nl\\\/de\\\/\",\"name\":\"Zillions: nieuw en gebruikt design meubilair en stoelen\",\"description\":\"Welkom bij Zillions: Zillions is gespecialiseerd in nieuw en gebruikt design meubilair en stoelen.\",\"publisher\":{\"@id\":\"https:\\\/\\\/www.zillions.nl\\\/de\\\/#organization\"},\"potentialAction\":[{\"@type\":\"SearchAction\",\"target\":{\"@type\":\"EntryPoint\",\"urlTemplate\":\"https:\\\/\\\/www.zillions.nl\\\/de\\\/?s={search_term_string}\"},\"query-input\":{\"@type\":\"PropertyValueSpecification\",\"valueRequired\":true,\"valueName\":\"search_term_string\"}}],\"inLanguage\":\"de-DE\"},{\"@type\":\"Organization\",\"@id\":\"https:\\\/\\\/www.zillions.nl\\\/de\\\/#organization\",\"name\":\"Zillions: nieuw en gebruikt design meubilair en stoelen\",\"url\":\"https:\\\/\\\/www.zillions.nl\\\/de\\\/\",\"logo\":{\"@type\":\"ImageObject\",\"inLanguage\":\"de-DE\",\"@id\":\"https:\\\/\\\/www.zillions.nl\\\/de\\\/#\\\/schema\\\/logo\\\/image\\\/\",\"url\":\"https:\\\/\\\/www.zillions.nl\\\/wp-content\\\/uploads\\\/2022\\\/11\\\/zillions.svg\",\"contentUrl\":\"https:\\\/\\\/www.zillions.nl\\\/wp-content\\\/uploads\\\/2022\\\/11\\\/zillions.svg\",\"width\":208,\"height\":53,\"caption\":\"Zillions: nieuw en gebruikt design meubilair en stoelen\"},\"image\":{\"@id\":\"https:\\\/\\\/www.zillions.nl\\\/de\\\/#\\\/schema\\\/logo\\\/image\\\/\"}}]}<\/script>\n<!-- \/ Yoast SEO plugin. -->","yoast_head_json":{"title":"Vitra Eames Lounge Chair Fauteuil Zwart Leer Kersenhout + Hocker - Zillions: nieuw en gebruikt design meubilair en stoelen","robots":{"index":"index","follow":"follow","max-snippet":"max-snippet:-1","max-image-preview":"max-image-preview:large","max-video-preview":"max-video-preview:-1"},"canonical":"https:\/\/www.zillions.nl\/de\/product\/vitra-eames-lounge-chair-fauteuil-zwart-leer-kersenhout-hocker\/","og_locale":"de_DE","og_type":"article","og_title":"Vitra Eames Lounge Chair Fauteuil Zwart Leer Kersenhout + Hocker - Zillions: nieuw en gebruikt design meubilair en stoelen","og_description":"Vitra Eames Lounge Chair fauteuil in zwart leer met kersenhouten schaal en chroom onderstel + bijpassende hocker Vitra Eames Lounge Chair fauteuil, ontworpen door Charles en Ray Eames, uitgevoerd in zwart leer met een kersenhouten schaal en een chroom onderstel. Het ontwerp kenmerkt zich door de gebogen houten schalen in combinatie met losse kussens, wat [&hellip;]","og_url":"https:\/\/www.zillions.nl\/de\/product\/vitra-eames-lounge-chair-fauteuil-zwart-leer-kersenhout-hocker\/","og_site_name":"Zillions: nieuw en gebruikt design meubilair en stoelen","article_modified_time":"2026-05-04T07:48:52+00:00","og_image":[{"width":1024,"height":1024,"url":"https:\/\/www.zillions.nl\/wp-content\/uploads\/2026\/04\/IMG_0024.jpg","type":"image\/jpeg"}],"twitter_card":"summary_large_image","twitter_misc":{"Est. reading time":"2 minutes"},"schema":{"@context":"https:\/\/schema.org","@graph":[{"@type":"WebPage","@id":"https:\/\/www.zillions.nl\/product\/vitra-eames-lounge-chair-fauteuil-zwart-leer-kersenhout-hocker\/","url":"https:\/\/www.zillions.nl\/product\/vitra-eames-lounge-chair-fauteuil-zwart-leer-kersenhout-hocker\/","name":"Vitra Eames Lounge Chair Fauteuil Zwart Leer Kersenhout + Hocker - Zillions: nieuw en gebruikt design meubilair en stoelen","isPartOf":{"@id":"https:\/\/www.zillions.nl\/de\/#website"},"primaryImageOfPage":{"@id":"https:\/\/www.zillions.nl\/product\/vitra-eames-lounge-chair-fauteuil-zwart-leer-kersenhout-hocker\/#primaryimage"},"image":{"@id":"https:\/\/www.zillions.nl\/product\/vitra-eames-lounge-chair-fauteuil-zwart-leer-kersenhout-hocker\/#primaryimage"},"thumbnailUrl":"https:\/\/www.zillions.nl\/wp-content\/uploads\/2026\/04\/IMG_0024.jpg","datePublished":"2026-04-23T13:00:24+00:00","dateModified":"2026-05-04T07:48:52+00:00","breadcrumb":{"@id":"https:\/\/www.zillions.nl\/product\/vitra-eames-lounge-chair-fauteuil-zwart-leer-kersenhout-hocker\/#breadcrumb"},"inLanguage":"de-DE","potentialAction":[{"@type":"ReadAction","target":["https:\/\/www.zillions.nl\/product\/vitra-eames-lounge-chair-fauteuil-zwart-leer-kersenhout-hocker\/"]}]},{"@type":"ImageObject","inLanguage":"de-DE","@id":"https:\/\/www.zillions.nl\/product\/vitra-eames-lounge-chair-fauteuil-zwart-leer-kersenhout-hocker\/#primaryimage","url":"https:\/\/www.zillions.nl\/wp-content\/uploads\/2026\/04\/IMG_0024.jpg","contentUrl":"https:\/\/www.zillions.nl\/wp-content\/uploads\/2026\/04\/IMG_0024.jpg","width":1024,"height":1024},{"@type":"BreadcrumbList","@id":"https:\/\/www.zillions.nl\/product\/vitra-eames-lounge-chair-fauteuil-zwart-leer-kersenhout-hocker\/#breadcrumb","itemListElement":[{"@type":"ListItem","position":1,"name":"Home","item":"https:\/\/www.zillions.nl\/"},{"@type":"ListItem","position":2,"name":"Shop","item":"https:\/\/www.zillions.nl\/shop\/"},{"@type":"ListItem","position":3,"name":"Vitra Eames Lounge Chair Fauteuil Zwart Leer Kersenhout + Hocker"}]},{"@type":"WebSite","@id":"https:\/\/www.zillions.nl\/de\/#website","url":"https:\/\/www.zillions.nl\/de\/","name":"Zillionen: neue und gebrauchte Designerm\u00f6bel und St\u00fchle","description":"Willkommen bei Zillions: Zillions ist auf neue und gebrauchte Designm\u00f6bel und St\u00fchle spezialisiert.","publisher":{"@id":"https:\/\/www.zillions.nl\/de\/#organization"},"potentialAction":[{"@type":"SearchAction","target":{"@type":"EntryPoint","urlTemplate":"https:\/\/www.zillions.nl\/de\/?s={search_term_string}"},"query-input":{"@type":"PropertyValueSpecification","valueRequired":true,"valueName":"search_term_string"}}],"inLanguage":"de-DE"},{"@type":"Organization","@id":"https:\/\/www.zillions.nl\/de\/#organization","name":"Zillionen: neue und gebrauchte Designerm\u00f6bel und St\u00fchle","url":"https:\/\/www.zillions.nl\/de\/","logo":{"@type":"ImageObject","inLanguage":"de-DE","@id":"https:\/\/www.zillions.nl\/de\/#\/schema\/logo\/image\/","url":"https:\/\/www.zillions.nl\/wp-content\/uploads\/2022\/11\/zillions.svg","contentUrl":"https:\/\/www.zillions.nl\/wp-content\/uploads\/2022\/11\/zillions.svg","width":208,"height":53,"caption":"Zillions: nieuw en gebruikt design meubilair en stoelen"},"image":{"@id":"https:\/\/www.zillions.nl\/de\/#\/schema\/logo\/image\/"}}]}},"_links":{"self":[{"href":"https:\/\/www.zillions.nl\/de\/wp-json\/wp\/v2\/product\/23656","targetHints":{"allow":["GET"]}}],"collection":[{"href":"https:\/\/www.zillions.nl\/de\/wp-json\/wp\/v2\/product"}],"about":[{"href":"https:\/\/www.zillions.nl\/de\/wp-json\/wp\/v2\/types\/product"}],"wp:featuredmedia":[{"embeddable":true,"href":"https:\/\/www.zillions.nl\/de\/wp-json\/wp\/v2\/media\/23802"}],"wp:attachment":[{"href":"https:\/\/www.zillions.nl\/de\/wp-json\/wp\/v2\/media?parent=23656"}],"wp:term":[{"taxonomy":"product_brand","embeddable":true,"href":"https:\/\/www.zillions.nl\/de\/wp-json\/wp\/v2\/product_brand?post=23656"},{"taxonomy":"product_cat","embeddable":true,"href":"https:\/\/www.zillions.nl\/de\/wp-json\/wp\/v2\/product_cat?post=23656"},{"taxonomy":"product_tag","embeddable":true,"href":"https:\/\/www.zillions.nl\/de\/wp-json\/wp\/v2\/product_tag?post=23656"}],"curies":[{"name":"wp","href":"https:\/\/api.w.org\/{rel}","templated":true}]}}