{"id":23642,"date":"2026-04-23T14:35:06","date_gmt":"2026-04-23T12:35:06","guid":{"rendered":"https:\/\/www.zillions.nl\/?post_type=product&#038;p=23642"},"modified":"2026-04-28T16:12:32","modified_gmt":"2026-04-28T14:12:32","slug":"hay-aas39-kruk-groen-stof-zwart","status":"publish","type":"product","link":"https:\/\/www.zillions.nl\/de\/product\/hay-aas39-kruk-groen-stof-zwart\/","title":{"rendered":"Hay AAS39 Hocker, gr\u00fcner Stoff \u2013 Schwarz"},"content":{"rendered":"<h5>Hocker Hay AAS39 in gr\u00fcnem Stoff \u2013 schwarzes Gestell<\/h5>\n<p><a href=\"\/de\/merken\/hay\/\">Heu<\/a> Der Hocker AAS39 wurde von Hee Welling entworfen. Er ist mit gr\u00fcnem Stoff bezogen und hat ein schwarzes Gestell. Charakteristisch f\u00fcr das Design ist die schlichte Schalensitzform mit einem schlanken Rahmen, die f\u00fcr Stabilit\u00e4t und guten Halt sorgt. Dank seiner leichten Konstruktion eignet sich der Hocker f\u00fcr den t\u00e4glichen Gebrauch. Er kann sowohl im privaten als auch im beruflichen Umfeld, beispielsweise in K\u00fcchen, B\u00fcros oder Empfangsbereichen, eingesetzt werden. Der Hocker ist ein Original mit der Artikelnummer 100% und tr\u00e4gt alle Echtheitsmerkmale.<\/p>\n<p><strong>Zustand:<\/strong> S<span data-teams=\"true\">Ausstellungszustand: neuwertiger Zustand\u00a0<\/span><\/p>\n<p><strong>Lieferung ab Lager<\/strong><\/p>\n<p><strong>Hinweis:<\/strong> Die angegebenen Preise gelten pro Artikel!<\/p>\n<p><strong>Technische Daten<\/strong><br \/>\n<strong>Materialien:<\/strong> Staub\/Stahl<br \/>\n<strong>Zum Ausmalen:<\/strong> Gr\u00fcn\/Schwarz<br \/>\n<strong>Sitzh\u00f6he:<\/strong> 75 cm<br \/>\n<strong>Sitzbreite:<\/strong> 47 cm<br \/>\n<strong>Sitztiefe:<\/strong> 45 cm<br \/>\n<strong>Volle H\u00f6he:<\/strong> 85 cm<br \/>\n<strong>Volle Breite:<\/strong> 47 cm<br \/>\n<strong>Volle Tiefe:<\/strong> 45 cm<br \/>\n<strong>Fu\u00dfst\u00fctze:<\/strong> Ja<\/p>\n<p>Bei Fragen oder zur Vereinbarung eines unverbindlichen Besichtigungstermins k\u00f6nnen Sie sich gerne an uns wenden. <a href=\"\/de\/contact\/\" target=\"_blank\" rel=\"noopener\">Kontakt<\/a> Kontaktieren Sie uns. Die Lieferung erfolgt \u00fcber unseren eigenen Lieferservice. Dieser Artikel l\u00e4sst sich einfach \u00fcber unseren Webshop bestellen. Hier finden Sie au\u00dferdem unser aktuelles Sortiment mit vielen weiteren Designartikeln.<\/p>\n<p><strong>Kontaktdaten (Besuch nach Vereinbarung):<\/strong><br \/>\nIndustrieweg 21<br \/>\n4131 NK Vianen<br \/>\ninfo@zillions.nl<br \/>\n030 20 72 146<\/p>","protected":false},"excerpt":{"rendered":"<p>Hay AAS39 kruk in Groene stof \u2013 zwart onderstel Hay AAS39 kruk is een ontwerp van Hee Welling. De kruk is uitgevoerd in groene stof met een zwart onderstel. Het ontwerp kenmerkt zich door een eenvoudige kuipzitting met een slank frame, wat zorgt voor een stabiele zit en goede ondersteuning. Dankzij de lichte constructie is [&hellip;]<\/p>\n","protected":false},"featured_media":23645,"template":"","meta":{"_acf_changed":false},"product_brand":[205],"product_cat":[16,192],"product_tag":[319],"class_list":{"0":"post-23642","1":"product","2":"type-product","3":"status-publish","4":"has-post-thumbnail","6":"product_brand-hay","7":"product_cat-alle-producten","8":"product_cat-krukken","9":"product_tag-hay","10":"product_model-aas39","12":"first","13":"instock","14":"sale","15":"purchasable","16":"product-type-simple"},"acf":[],"yoast_head":"<!-- This site is optimized with the Yoast SEO plugin v27.5 - https:\/\/yoast.com\/product\/yoast-seo-wordpress\/ -->\n<title>Hay AAS39 Kruk Groen Stof \u2013 Zwart - Zillions: nieuw en gebruikt design meubilair en stoelen<\/title>\n<meta name=\"robots\" content=\"index, follow, max-snippet:-1, max-image-preview:large, max-video-preview:-1\" \/>\n<link rel=\"canonical\" href=\"https:\/\/www.zillions.nl\/de\/product\/hay-aas39-kruk-groen-stof-zwart\/\" \/>\n<meta property=\"og:locale\" content=\"de_DE\" \/>\n<meta property=\"og:type\" content=\"article\" \/>\n<meta property=\"og:title\" content=\"Hay AAS39 Kruk Groen Stof \u2013 Zwart - Zillions: nieuw en gebruikt design meubilair en stoelen\" \/>\n<meta property=\"og:description\" content=\"Hay AAS39 kruk in Groene stof \u2013 zwart onderstel Hay AAS39 kruk is een ontwerp van Hee Welling. De kruk is uitgevoerd in groene stof met een zwart onderstel. Het ontwerp kenmerkt zich door een eenvoudige kuipzitting met een slank frame, wat zorgt voor een stabiele zit en goede ondersteuning. Dankzij de lichte constructie is [&hellip;]\" \/>\n<meta property=\"og:url\" content=\"https:\/\/www.zillions.nl\/de\/product\/hay-aas39-kruk-groen-stof-zwart\/\" \/>\n<meta property=\"og:site_name\" content=\"Zillions: nieuw en gebruikt design meubilair en stoelen\" \/>\n<meta property=\"article:modified_time\" content=\"2026-04-28T14:12:32+00:00\" \/>\n<meta property=\"og:image\" content=\"https:\/\/www.zillions.nl\/wp-content\/uploads\/2026\/04\/Hay-AAS39-Kruk-.-Stof\u2013Zwart-Rechts.jpg\" \/>\n\t<meta property=\"og:image:width\" content=\"1024\" \/>\n\t<meta property=\"og:image:height\" content=\"1024\" \/>\n\t<meta property=\"og:image:type\" content=\"image\/jpeg\" \/>\n<meta name=\"twitter:card\" content=\"summary_large_image\" \/>\n<meta name=\"twitter:label1\" content=\"Est. reading time\" \/>\n\t<meta name=\"twitter:data1\" content=\"2 minutes\" \/>\n<script type=\"application\/ld+json\" class=\"yoast-schema-graph\">{\"@context\":\"https:\\\/\\\/schema.org\",\"@graph\":[{\"@type\":\"WebPage\",\"@id\":\"https:\\\/\\\/www.zillions.nl\\\/product\\\/hay-aas39-kruk-groen-stof-zwart\\\/\",\"url\":\"https:\\\/\\\/www.zillions.nl\\\/product\\\/hay-aas39-kruk-groen-stof-zwart\\\/\",\"name\":\"Hay AAS39 Kruk Groen Stof \u2013 Zwart - Zillions: nieuw en gebruikt design meubilair en stoelen\",\"isPartOf\":{\"@id\":\"https:\\\/\\\/www.zillions.nl\\\/de\\\/#website\"},\"primaryImageOfPage\":{\"@id\":\"https:\\\/\\\/www.zillions.nl\\\/product\\\/hay-aas39-kruk-groen-stof-zwart\\\/#primaryimage\"},\"image\":{\"@id\":\"https:\\\/\\\/www.zillions.nl\\\/product\\\/hay-aas39-kruk-groen-stof-zwart\\\/#primaryimage\"},\"thumbnailUrl\":\"https:\\\/\\\/www.zillions.nl\\\/wp-content\\\/uploads\\\/2026\\\/04\\\/Hay-AAS39-Kruk-.-Stof\u2013Zwart-Rechts.jpg\",\"datePublished\":\"2026-04-23T12:35:06+00:00\",\"dateModified\":\"2026-04-28T14:12:32+00:00\",\"breadcrumb\":{\"@id\":\"https:\\\/\\\/www.zillions.nl\\\/product\\\/hay-aas39-kruk-groen-stof-zwart\\\/#breadcrumb\"},\"inLanguage\":\"de-DE\",\"potentialAction\":[{\"@type\":\"ReadAction\",\"target\":[\"https:\\\/\\\/www.zillions.nl\\\/product\\\/hay-aas39-kruk-groen-stof-zwart\\\/\"]}]},{\"@type\":\"ImageObject\",\"inLanguage\":\"de-DE\",\"@id\":\"https:\\\/\\\/www.zillions.nl\\\/product\\\/hay-aas39-kruk-groen-stof-zwart\\\/#primaryimage\",\"url\":\"https:\\\/\\\/www.zillions.nl\\\/wp-content\\\/uploads\\\/2026\\\/04\\\/Hay-AAS39-Kruk-.-Stof\u2013Zwart-Rechts.jpg\",\"contentUrl\":\"https:\\\/\\\/www.zillions.nl\\\/wp-content\\\/uploads\\\/2026\\\/04\\\/Hay-AAS39-Kruk-.-Stof\u2013Zwart-Rechts.jpg\",\"width\":1024,\"height\":1024,\"caption\":\"Hay AAS39 Kruk (...) Stof \u2013 Zwart\"},{\"@type\":\"BreadcrumbList\",\"@id\":\"https:\\\/\\\/www.zillions.nl\\\/product\\\/hay-aas39-kruk-groen-stof-zwart\\\/#breadcrumb\",\"itemListElement\":[{\"@type\":\"ListItem\",\"position\":1,\"name\":\"Home\",\"item\":\"https:\\\/\\\/www.zillions.nl\\\/\"},{\"@type\":\"ListItem\",\"position\":2,\"name\":\"Shop\",\"item\":\"https:\\\/\\\/www.zillions.nl\\\/shop\\\/\"},{\"@type\":\"ListItem\",\"position\":3,\"name\":\"Hay AAS39 Kruk Groen Stof \u2013 Zwart\"}]},{\"@type\":\"WebSite\",\"@id\":\"https:\\\/\\\/www.zillions.nl\\\/de\\\/#website\",\"url\":\"https:\\\/\\\/www.zillions.nl\\\/de\\\/\",\"name\":\"Zillions: nieuw en gebruikt design meubilair en stoelen\",\"description\":\"Welkom bij Zillions: Zillions is gespecialiseerd in nieuw en gebruikt design meubilair en stoelen.\",\"publisher\":{\"@id\":\"https:\\\/\\\/www.zillions.nl\\\/de\\\/#organization\"},\"potentialAction\":[{\"@type\":\"SearchAction\",\"target\":{\"@type\":\"EntryPoint\",\"urlTemplate\":\"https:\\\/\\\/www.zillions.nl\\\/de\\\/?s={search_term_string}\"},\"query-input\":{\"@type\":\"PropertyValueSpecification\",\"valueRequired\":true,\"valueName\":\"search_term_string\"}}],\"inLanguage\":\"de-DE\"},{\"@type\":\"Organization\",\"@id\":\"https:\\\/\\\/www.zillions.nl\\\/de\\\/#organization\",\"name\":\"Zillions: nieuw en gebruikt design meubilair en stoelen\",\"url\":\"https:\\\/\\\/www.zillions.nl\\\/de\\\/\",\"logo\":{\"@type\":\"ImageObject\",\"inLanguage\":\"de-DE\",\"@id\":\"https:\\\/\\\/www.zillions.nl\\\/de\\\/#\\\/schema\\\/logo\\\/image\\\/\",\"url\":\"https:\\\/\\\/www.zillions.nl\\\/wp-content\\\/uploads\\\/2022\\\/11\\\/zillions.svg\",\"contentUrl\":\"https:\\\/\\\/www.zillions.nl\\\/wp-content\\\/uploads\\\/2022\\\/11\\\/zillions.svg\",\"width\":208,\"height\":53,\"caption\":\"Zillions: nieuw en gebruikt design meubilair en stoelen\"},\"image\":{\"@id\":\"https:\\\/\\\/www.zillions.nl\\\/de\\\/#\\\/schema\\\/logo\\\/image\\\/\"}}]}<\/script>\n<!-- \/ Yoast SEO plugin. -->","yoast_head_json":{"title":"Hay AAS39 Kruk Groen Stof \u2013 Zwart - Zillions: nieuw en gebruikt design meubilair en stoelen","robots":{"index":"index","follow":"follow","max-snippet":"max-snippet:-1","max-image-preview":"max-image-preview:large","max-video-preview":"max-video-preview:-1"},"canonical":"https:\/\/www.zillions.nl\/de\/product\/hay-aas39-kruk-groen-stof-zwart\/","og_locale":"de_DE","og_type":"article","og_title":"Hay AAS39 Kruk Groen Stof \u2013 Zwart - Zillions: nieuw en gebruikt design meubilair en stoelen","og_description":"Hay AAS39 kruk in Groene stof \u2013 zwart onderstel Hay AAS39 kruk is een ontwerp van Hee Welling. De kruk is uitgevoerd in groene stof met een zwart onderstel. Het ontwerp kenmerkt zich door een eenvoudige kuipzitting met een slank frame, wat zorgt voor een stabiele zit en goede ondersteuning. Dankzij de lichte constructie is [&hellip;]","og_url":"https:\/\/www.zillions.nl\/de\/product\/hay-aas39-kruk-groen-stof-zwart\/","og_site_name":"Zillions: nieuw en gebruikt design meubilair en stoelen","article_modified_time":"2026-04-28T14:12:32+00:00","og_image":[{"width":1024,"height":1024,"url":"https:\/\/www.zillions.nl\/wp-content\/uploads\/2026\/04\/Hay-AAS39-Kruk-.-Stof\u2013Zwart-Rechts.jpg","type":"image\/jpeg"}],"twitter_card":"summary_large_image","twitter_misc":{"Est. reading time":"2 minutes"},"schema":{"@context":"https:\/\/schema.org","@graph":[{"@type":"WebPage","@id":"https:\/\/www.zillions.nl\/product\/hay-aas39-kruk-groen-stof-zwart\/","url":"https:\/\/www.zillions.nl\/product\/hay-aas39-kruk-groen-stof-zwart\/","name":"Hay AAS39 Kruk Groen Stof \u2013 Zwart - Zillions: nieuw en gebruikt design meubilair en stoelen","isPartOf":{"@id":"https:\/\/www.zillions.nl\/de\/#website"},"primaryImageOfPage":{"@id":"https:\/\/www.zillions.nl\/product\/hay-aas39-kruk-groen-stof-zwart\/#primaryimage"},"image":{"@id":"https:\/\/www.zillions.nl\/product\/hay-aas39-kruk-groen-stof-zwart\/#primaryimage"},"thumbnailUrl":"https:\/\/www.zillions.nl\/wp-content\/uploads\/2026\/04\/Hay-AAS39-Kruk-.-Stof\u2013Zwart-Rechts.jpg","datePublished":"2026-04-23T12:35:06+00:00","dateModified":"2026-04-28T14:12:32+00:00","breadcrumb":{"@id":"https:\/\/www.zillions.nl\/product\/hay-aas39-kruk-groen-stof-zwart\/#breadcrumb"},"inLanguage":"de-DE","potentialAction":[{"@type":"ReadAction","target":["https:\/\/www.zillions.nl\/product\/hay-aas39-kruk-groen-stof-zwart\/"]}]},{"@type":"ImageObject","inLanguage":"de-DE","@id":"https:\/\/www.zillions.nl\/product\/hay-aas39-kruk-groen-stof-zwart\/#primaryimage","url":"https:\/\/www.zillions.nl\/wp-content\/uploads\/2026\/04\/Hay-AAS39-Kruk-.-Stof\u2013Zwart-Rechts.jpg","contentUrl":"https:\/\/www.zillions.nl\/wp-content\/uploads\/2026\/04\/Hay-AAS39-Kruk-.-Stof\u2013Zwart-Rechts.jpg","width":1024,"height":1024,"caption":"Hay AAS39 Kruk (...) Stof \u2013 Zwart"},{"@type":"BreadcrumbList","@id":"https:\/\/www.zillions.nl\/product\/hay-aas39-kruk-groen-stof-zwart\/#breadcrumb","itemListElement":[{"@type":"ListItem","position":1,"name":"Home","item":"https:\/\/www.zillions.nl\/"},{"@type":"ListItem","position":2,"name":"Shop","item":"https:\/\/www.zillions.nl\/shop\/"},{"@type":"ListItem","position":3,"name":"Hay AAS39 Kruk Groen Stof \u2013 Zwart"}]},{"@type":"WebSite","@id":"https:\/\/www.zillions.nl\/de\/#website","url":"https:\/\/www.zillions.nl\/de\/","name":"Zillionen: neue und gebrauchte Designerm\u00f6bel und St\u00fchle","description":"Willkommen bei Zillions: Zillions ist auf neue und gebrauchte Designm\u00f6bel und St\u00fchle spezialisiert.","publisher":{"@id":"https:\/\/www.zillions.nl\/de\/#organization"},"potentialAction":[{"@type":"SearchAction","target":{"@type":"EntryPoint","urlTemplate":"https:\/\/www.zillions.nl\/de\/?s={search_term_string}"},"query-input":{"@type":"PropertyValueSpecification","valueRequired":true,"valueName":"search_term_string"}}],"inLanguage":"de-DE"},{"@type":"Organization","@id":"https:\/\/www.zillions.nl\/de\/#organization","name":"Zillionen: neue und gebrauchte Designerm\u00f6bel und St\u00fchle","url":"https:\/\/www.zillions.nl\/de\/","logo":{"@type":"ImageObject","inLanguage":"de-DE","@id":"https:\/\/www.zillions.nl\/de\/#\/schema\/logo\/image\/","url":"https:\/\/www.zillions.nl\/wp-content\/uploads\/2022\/11\/zillions.svg","contentUrl":"https:\/\/www.zillions.nl\/wp-content\/uploads\/2022\/11\/zillions.svg","width":208,"height":53,"caption":"Zillions: nieuw en gebruikt design meubilair en stoelen"},"image":{"@id":"https:\/\/www.zillions.nl\/de\/#\/schema\/logo\/image\/"}}]}},"_links":{"self":[{"href":"https:\/\/www.zillions.nl\/de\/wp-json\/wp\/v2\/product\/23642","targetHints":{"allow":["GET"]}}],"collection":[{"href":"https:\/\/www.zillions.nl\/de\/wp-json\/wp\/v2\/product"}],"about":[{"href":"https:\/\/www.zillions.nl\/de\/wp-json\/wp\/v2\/types\/product"}],"wp:featuredmedia":[{"embeddable":true,"href":"https:\/\/www.zillions.nl\/de\/wp-json\/wp\/v2\/media\/23645"}],"wp:attachment":[{"href":"https:\/\/www.zillions.nl\/de\/wp-json\/wp\/v2\/media?parent=23642"}],"wp:term":[{"taxonomy":"product_brand","embeddable":true,"href":"https:\/\/www.zillions.nl\/de\/wp-json\/wp\/v2\/product_brand?post=23642"},{"taxonomy":"product_cat","embeddable":true,"href":"https:\/\/www.zillions.nl\/de\/wp-json\/wp\/v2\/product_cat?post=23642"},{"taxonomy":"product_tag","embeddable":true,"href":"https:\/\/www.zillions.nl\/de\/wp-json\/wp\/v2\/product_tag?post=23642"}],"curies":[{"name":"wp","href":"https:\/\/api.w.org\/{rel}","templated":true}]}}