{"id":23287,"date":"2026-04-15T15:34:49","date_gmt":"2026-04-15T13:34:49","guid":{"rendered":"https:\/\/www.zillions.nl\/?post_type=product&#038;p=23287"},"modified":"2026-04-23T15:09:36","modified_gmt":"2026-04-23T13:09:36","slug":"hay-bella-tafel-zwart-hout-o45-cm","status":"publish","type":"product","link":"https:\/\/www.zillions.nl\/de\/product\/hay-bella-tafel-zwart-hout-o45-cm\/","title":{"rendered":"Hay Bella Tisch, schwarzes Holz, \u00d8 45 cm"},"content":{"rendered":"<h5>Hay Bella Tisch, schwarzes Holz, \u00d8 45 cm<\/h5>\n<p><a href=\"\/de\/merken\/hay\/\">HEU<\/a> Der Beistelltisch Bella ist aus schwarzem Holz gefertigt. Sein Design zeichnet sich durch eine schlichte, weiche Form und eine ruhige, moderne Ausstrahlung aus. Dank seiner runden Form und kompakten Ma\u00dfe eignet er sich ideal als Beistelltisch neben Sofa oder Sessel, kann aber auch als Solit\u00e4r im Interieur eingesetzt werden. Der Tisch tr\u00e4gt die Originalnummer 100% und ist mit allen Echtheitsmerkmalen versehen.<\/p>\n<p><strong>Zustand:<\/strong> S<span data-teams=\"true\">Ausstellungszustand: neuwertiger Zustand\u00a0<\/span><\/p>\n<p><strong>Lieferung ab Lager<\/strong><\/p>\n<p><strong>Hinweis:<\/strong> Die angezeigten Preise sind <u>pro St\u00fcck!<\/u><\/p>\n<p><strong>Spezifikationen:<\/strong><br \/>\n<strong>H\u00f6he:<\/strong> 49 cm<br \/>\n<strong>Durchmesser:<\/strong> 45 cm<br \/>\n<strong>Material:<\/strong> Eiche \/ Holz<br \/>\n<strong>Farbe:<\/strong> Schwarz<br \/>\n<strong>Blatt:<\/strong> Holz<br \/>\n<strong>Designer:<\/strong> HEU<\/p>\n<p>Bei Fragen oder zur Vereinbarung eines unverbindlichen Besichtigungstermins k\u00f6nnen Sie sich gerne an uns wenden. <a href=\"\/de\/contact\/\" target=\"_blank\" rel=\"noopener\">Kontakt<\/a> Kontaktieren Sie uns. Die Lieferung erfolgt \u00fcber unseren eigenen Lieferservice. Dieser Artikel l\u00e4sst sich einfach \u00fcber unseren Webshop bestellen. Hier finden Sie au\u00dferdem unser aktuelles Sortiment mit vielen weiteren Designartikeln.<\/p>\n<p><strong>Kontaktdaten (Besuch nach Vereinbarung):<\/strong><br \/>\nIndustrieweg 21<br \/>\n4131 NK Vianen<br \/>\ninfo@zillions.nl<br \/>\n030 20 72 146<\/p>","protected":false},"excerpt":{"rendered":"<p>Hay Bella tafel zwart hout \u00d845 cm HAY Bella bijzettafel uitgevoerd in zwart hout. Het ontwerp kenmerkt zich door een eenvoudige en zachte vormgeving met een rustige, moderne uitstraling. De ronde vorm en compacte afmeting maken de tafel ideaal als bijzettafel naast een bank of fauteuil, maar ook goed te gebruiken als los accent in [&hellip;]<\/p>\n","protected":false},"featured_media":23291,"template":"","meta":{"_acf_changed":false},"product_brand":[205],"product_cat":[16,191],"product_tag":[319],"class_list":{"0":"post-23287","1":"product","2":"type-product","3":"status-publish","4":"has-post-thumbnail","6":"product_brand-hay","7":"product_cat-alle-producten","8":"product_cat-tafels","9":"product_tag-hay","10":"product_shipping_class-product-shipping","12":"first","13":"instock","14":"sale","15":"purchasable","16":"product-type-simple"},"acf":[],"yoast_head":"<!-- This site is optimized with the Yoast SEO plugin v27.5 - https:\/\/yoast.com\/product\/yoast-seo-wordpress\/ -->\n<title>Hay Bella Tafel Zwart Hout \u00d845 cm - Zillions: nieuw en gebruikt design meubilair en stoelen<\/title>\n<meta name=\"robots\" content=\"index, follow, max-snippet:-1, max-image-preview:large, max-video-preview:-1\" \/>\n<link rel=\"canonical\" href=\"https:\/\/www.zillions.nl\/de\/product\/hay-bella-tafel-zwart-hout-o45-cm\/\" \/>\n<meta property=\"og:locale\" content=\"de_DE\" \/>\n<meta property=\"og:type\" content=\"article\" \/>\n<meta property=\"og:title\" content=\"Hay Bella Tafel Zwart Hout \u00d845 cm - Zillions: nieuw en gebruikt design meubilair en stoelen\" \/>\n<meta property=\"og:description\" content=\"Hay Bella tafel zwart hout \u00d845 cm HAY Bella bijzettafel uitgevoerd in zwart hout. Het ontwerp kenmerkt zich door een eenvoudige en zachte vormgeving met een rustige, moderne uitstraling. De ronde vorm en compacte afmeting maken de tafel ideaal als bijzettafel naast een bank of fauteuil, maar ook goed te gebruiken als los accent in [&hellip;]\" \/>\n<meta property=\"og:url\" content=\"https:\/\/www.zillions.nl\/de\/product\/hay-bella-tafel-zwart-hout-o45-cm\/\" \/>\n<meta property=\"og:site_name\" content=\"Zillions: nieuw en gebruikt design meubilair en stoelen\" \/>\n<meta property=\"article:modified_time\" content=\"2026-04-23T13:09:36+00:00\" \/>\n<meta property=\"og:image\" content=\"https:\/\/www.zillions.nl\/wp-content\/uploads\/2026\/04\/Hay-Bella-Tafel-Zwart-Hout-O45cm-Voorkant.jpg\" \/>\n\t<meta property=\"og:image:width\" content=\"1024\" \/>\n\t<meta property=\"og:image:height\" content=\"1024\" \/>\n\t<meta property=\"og:image:type\" content=\"image\/jpeg\" \/>\n<meta name=\"twitter:card\" content=\"summary_large_image\" \/>\n<meta name=\"twitter:label1\" content=\"Est. reading time\" \/>\n\t<meta name=\"twitter:data1\" content=\"2 minutes\" \/>\n<script type=\"application\/ld+json\" class=\"yoast-schema-graph\">{\"@context\":\"https:\\\/\\\/schema.org\",\"@graph\":[{\"@type\":\"WebPage\",\"@id\":\"https:\\\/\\\/www.zillions.nl\\\/product\\\/hay-bella-tafel-zwart-hout-o45-cm\\\/\",\"url\":\"https:\\\/\\\/www.zillions.nl\\\/product\\\/hay-bella-tafel-zwart-hout-o45-cm\\\/\",\"name\":\"Hay Bella Tafel Zwart Hout \u00d845 cm - Zillions: nieuw en gebruikt design meubilair en stoelen\",\"isPartOf\":{\"@id\":\"https:\\\/\\\/www.zillions.nl\\\/de\\\/#website\"},\"primaryImageOfPage\":{\"@id\":\"https:\\\/\\\/www.zillions.nl\\\/product\\\/hay-bella-tafel-zwart-hout-o45-cm\\\/#primaryimage\"},\"image\":{\"@id\":\"https:\\\/\\\/www.zillions.nl\\\/product\\\/hay-bella-tafel-zwart-hout-o45-cm\\\/#primaryimage\"},\"thumbnailUrl\":\"https:\\\/\\\/www.zillions.nl\\\/wp-content\\\/uploads\\\/2026\\\/04\\\/Hay-Bella-Tafel-Zwart-Hout-O45cm-Voorkant.jpg\",\"datePublished\":\"2026-04-15T13:34:49+00:00\",\"dateModified\":\"2026-04-23T13:09:36+00:00\",\"breadcrumb\":{\"@id\":\"https:\\\/\\\/www.zillions.nl\\\/product\\\/hay-bella-tafel-zwart-hout-o45-cm\\\/#breadcrumb\"},\"inLanguage\":\"de-DE\",\"potentialAction\":[{\"@type\":\"ReadAction\",\"target\":[\"https:\\\/\\\/www.zillions.nl\\\/product\\\/hay-bella-tafel-zwart-hout-o45-cm\\\/\"]}]},{\"@type\":\"ImageObject\",\"inLanguage\":\"de-DE\",\"@id\":\"https:\\\/\\\/www.zillions.nl\\\/product\\\/hay-bella-tafel-zwart-hout-o45-cm\\\/#primaryimage\",\"url\":\"https:\\\/\\\/www.zillions.nl\\\/wp-content\\\/uploads\\\/2026\\\/04\\\/Hay-Bella-Tafel-Zwart-Hout-O45cm-Voorkant.jpg\",\"contentUrl\":\"https:\\\/\\\/www.zillions.nl\\\/wp-content\\\/uploads\\\/2026\\\/04\\\/Hay-Bella-Tafel-Zwart-Hout-O45cm-Voorkant.jpg\",\"width\":1024,\"height\":1024,\"caption\":\"Hay Bella Tafel Zwart Hout \u00d845 cm\"},{\"@type\":\"BreadcrumbList\",\"@id\":\"https:\\\/\\\/www.zillions.nl\\\/product\\\/hay-bella-tafel-zwart-hout-o45-cm\\\/#breadcrumb\",\"itemListElement\":[{\"@type\":\"ListItem\",\"position\":1,\"name\":\"Home\",\"item\":\"https:\\\/\\\/www.zillions.nl\\\/\"},{\"@type\":\"ListItem\",\"position\":2,\"name\":\"Shop\",\"item\":\"https:\\\/\\\/www.zillions.nl\\\/shop\\\/\"},{\"@type\":\"ListItem\",\"position\":3,\"name\":\"Hay Bella Tafel Zwart Hout \u00d845 cm\"}]},{\"@type\":\"WebSite\",\"@id\":\"https:\\\/\\\/www.zillions.nl\\\/de\\\/#website\",\"url\":\"https:\\\/\\\/www.zillions.nl\\\/de\\\/\",\"name\":\"Zillions: nieuw en gebruikt design meubilair en stoelen\",\"description\":\"Welkom bij Zillions: Zillions is gespecialiseerd in nieuw en gebruikt design meubilair en stoelen.\",\"publisher\":{\"@id\":\"https:\\\/\\\/www.zillions.nl\\\/de\\\/#organization\"},\"potentialAction\":[{\"@type\":\"SearchAction\",\"target\":{\"@type\":\"EntryPoint\",\"urlTemplate\":\"https:\\\/\\\/www.zillions.nl\\\/de\\\/?s={search_term_string}\"},\"query-input\":{\"@type\":\"PropertyValueSpecification\",\"valueRequired\":true,\"valueName\":\"search_term_string\"}}],\"inLanguage\":\"de-DE\"},{\"@type\":\"Organization\",\"@id\":\"https:\\\/\\\/www.zillions.nl\\\/de\\\/#organization\",\"name\":\"Zillions: nieuw en gebruikt design meubilair en stoelen\",\"url\":\"https:\\\/\\\/www.zillions.nl\\\/de\\\/\",\"logo\":{\"@type\":\"ImageObject\",\"inLanguage\":\"de-DE\",\"@id\":\"https:\\\/\\\/www.zillions.nl\\\/de\\\/#\\\/schema\\\/logo\\\/image\\\/\",\"url\":\"https:\\\/\\\/www.zillions.nl\\\/wp-content\\\/uploads\\\/2022\\\/11\\\/zillions.svg\",\"contentUrl\":\"https:\\\/\\\/www.zillions.nl\\\/wp-content\\\/uploads\\\/2022\\\/11\\\/zillions.svg\",\"width\":208,\"height\":53,\"caption\":\"Zillions: nieuw en gebruikt design meubilair en stoelen\"},\"image\":{\"@id\":\"https:\\\/\\\/www.zillions.nl\\\/de\\\/#\\\/schema\\\/logo\\\/image\\\/\"}}]}<\/script>\n<!-- \/ Yoast SEO plugin. -->","yoast_head_json":{"title":"Hay Bella Tafel Zwart Hout \u00d845 cm - Zillions: nieuw en gebruikt design meubilair en stoelen","robots":{"index":"index","follow":"follow","max-snippet":"max-snippet:-1","max-image-preview":"max-image-preview:large","max-video-preview":"max-video-preview:-1"},"canonical":"https:\/\/www.zillions.nl\/de\/product\/hay-bella-tafel-zwart-hout-o45-cm\/","og_locale":"de_DE","og_type":"article","og_title":"Hay Bella Tafel Zwart Hout \u00d845 cm - Zillions: nieuw en gebruikt design meubilair en stoelen","og_description":"Hay Bella tafel zwart hout \u00d845 cm HAY Bella bijzettafel uitgevoerd in zwart hout. Het ontwerp kenmerkt zich door een eenvoudige en zachte vormgeving met een rustige, moderne uitstraling. De ronde vorm en compacte afmeting maken de tafel ideaal als bijzettafel naast een bank of fauteuil, maar ook goed te gebruiken als los accent in [&hellip;]","og_url":"https:\/\/www.zillions.nl\/de\/product\/hay-bella-tafel-zwart-hout-o45-cm\/","og_site_name":"Zillions: nieuw en gebruikt design meubilair en stoelen","article_modified_time":"2026-04-23T13:09:36+00:00","og_image":[{"width":1024,"height":1024,"url":"https:\/\/www.zillions.nl\/wp-content\/uploads\/2026\/04\/Hay-Bella-Tafel-Zwart-Hout-O45cm-Voorkant.jpg","type":"image\/jpeg"}],"twitter_card":"summary_large_image","twitter_misc":{"Est. reading time":"2 minutes"},"schema":{"@context":"https:\/\/schema.org","@graph":[{"@type":"WebPage","@id":"https:\/\/www.zillions.nl\/product\/hay-bella-tafel-zwart-hout-o45-cm\/","url":"https:\/\/www.zillions.nl\/product\/hay-bella-tafel-zwart-hout-o45-cm\/","name":"Hay Bella Tafel Zwart Hout \u00d845 cm - Zillions: nieuw en gebruikt design meubilair en stoelen","isPartOf":{"@id":"https:\/\/www.zillions.nl\/de\/#website"},"primaryImageOfPage":{"@id":"https:\/\/www.zillions.nl\/product\/hay-bella-tafel-zwart-hout-o45-cm\/#primaryimage"},"image":{"@id":"https:\/\/www.zillions.nl\/product\/hay-bella-tafel-zwart-hout-o45-cm\/#primaryimage"},"thumbnailUrl":"https:\/\/www.zillions.nl\/wp-content\/uploads\/2026\/04\/Hay-Bella-Tafel-Zwart-Hout-O45cm-Voorkant.jpg","datePublished":"2026-04-15T13:34:49+00:00","dateModified":"2026-04-23T13:09:36+00:00","breadcrumb":{"@id":"https:\/\/www.zillions.nl\/product\/hay-bella-tafel-zwart-hout-o45-cm\/#breadcrumb"},"inLanguage":"de-DE","potentialAction":[{"@type":"ReadAction","target":["https:\/\/www.zillions.nl\/product\/hay-bella-tafel-zwart-hout-o45-cm\/"]}]},{"@type":"ImageObject","inLanguage":"de-DE","@id":"https:\/\/www.zillions.nl\/product\/hay-bella-tafel-zwart-hout-o45-cm\/#primaryimage","url":"https:\/\/www.zillions.nl\/wp-content\/uploads\/2026\/04\/Hay-Bella-Tafel-Zwart-Hout-O45cm-Voorkant.jpg","contentUrl":"https:\/\/www.zillions.nl\/wp-content\/uploads\/2026\/04\/Hay-Bella-Tafel-Zwart-Hout-O45cm-Voorkant.jpg","width":1024,"height":1024,"caption":"Hay Bella Tafel Zwart Hout \u00d845 cm"},{"@type":"BreadcrumbList","@id":"https:\/\/www.zillions.nl\/product\/hay-bella-tafel-zwart-hout-o45-cm\/#breadcrumb","itemListElement":[{"@type":"ListItem","position":1,"name":"Home","item":"https:\/\/www.zillions.nl\/"},{"@type":"ListItem","position":2,"name":"Shop","item":"https:\/\/www.zillions.nl\/shop\/"},{"@type":"ListItem","position":3,"name":"Hay Bella Tafel Zwart Hout \u00d845 cm"}]},{"@type":"WebSite","@id":"https:\/\/www.zillions.nl\/de\/#website","url":"https:\/\/www.zillions.nl\/de\/","name":"Zillionen: neue und gebrauchte Designerm\u00f6bel und St\u00fchle","description":"Willkommen bei Zillions: Zillions ist auf neue und gebrauchte Designm\u00f6bel und St\u00fchle spezialisiert.","publisher":{"@id":"https:\/\/www.zillions.nl\/de\/#organization"},"potentialAction":[{"@type":"SearchAction","target":{"@type":"EntryPoint","urlTemplate":"https:\/\/www.zillions.nl\/de\/?s={search_term_string}"},"query-input":{"@type":"PropertyValueSpecification","valueRequired":true,"valueName":"search_term_string"}}],"inLanguage":"de-DE"},{"@type":"Organization","@id":"https:\/\/www.zillions.nl\/de\/#organization","name":"Zillionen: neue und gebrauchte Designerm\u00f6bel und St\u00fchle","url":"https:\/\/www.zillions.nl\/de\/","logo":{"@type":"ImageObject","inLanguage":"de-DE","@id":"https:\/\/www.zillions.nl\/de\/#\/schema\/logo\/image\/","url":"https:\/\/www.zillions.nl\/wp-content\/uploads\/2022\/11\/zillions.svg","contentUrl":"https:\/\/www.zillions.nl\/wp-content\/uploads\/2022\/11\/zillions.svg","width":208,"height":53,"caption":"Zillions: nieuw en gebruikt design meubilair en stoelen"},"image":{"@id":"https:\/\/www.zillions.nl\/de\/#\/schema\/logo\/image\/"}}]}},"_links":{"self":[{"href":"https:\/\/www.zillions.nl\/de\/wp-json\/wp\/v2\/product\/23287","targetHints":{"allow":["GET"]}}],"collection":[{"href":"https:\/\/www.zillions.nl\/de\/wp-json\/wp\/v2\/product"}],"about":[{"href":"https:\/\/www.zillions.nl\/de\/wp-json\/wp\/v2\/types\/product"}],"wp:featuredmedia":[{"embeddable":true,"href":"https:\/\/www.zillions.nl\/de\/wp-json\/wp\/v2\/media\/23291"}],"wp:attachment":[{"href":"https:\/\/www.zillions.nl\/de\/wp-json\/wp\/v2\/media?parent=23287"}],"wp:term":[{"taxonomy":"product_brand","embeddable":true,"href":"https:\/\/www.zillions.nl\/de\/wp-json\/wp\/v2\/product_brand?post=23287"},{"taxonomy":"product_cat","embeddable":true,"href":"https:\/\/www.zillions.nl\/de\/wp-json\/wp\/v2\/product_cat?post=23287"},{"taxonomy":"product_tag","embeddable":true,"href":"https:\/\/www.zillions.nl\/de\/wp-json\/wp\/v2\/product_tag?post=23287"}],"curies":[{"name":"wp","href":"https:\/\/api.w.org\/{rel}","templated":true}]}}