{"id":22643,"date":"2026-03-26T19:59:17","date_gmt":"2026-03-26T18:59:17","guid":{"rendered":"https:\/\/www.zillions.nl\/?post_type=product&#038;p=22643"},"modified":"2026-04-10T13:50:46","modified_gmt":"2026-04-10T11:50:46","slug":"kuifje-auto-124-le-cabriolet-bordure","status":"publish","type":"product","link":"https:\/\/www.zillions.nl\/de\/product\/kuifje-auto-124-le-cabriolet-bordure\/","title":{"rendered":"Tim und Struppi Auto 1:24 Das Cabriolet mit Bord\u00fcre"},"content":{"rendered":"<h2>Tim und Struppi Auto 1:24 Le Cabriolet Bordure Nr. 24<\/h2>\n<p>Modellauto im Ma\u00dfstab 1:24, ca. 25 x 11,5 cm, inklusive Begleitbrosch\u00fcre mit detaillierten Informationen dar\u00fcber, welches Fahrzeug Herg\u00e9 inspirierte (in Franz\u00f6sisch und Englisch).<\/p>\n<p>Herg\u00e9, der Sch\u00f6pfer von Tim und Struppi, interessierte sich zeitlebens au\u00dferordentlich f\u00fcr Transportmittel wie Autos und Flugzeuge. Deshalb zeichnete er in seinen ber\u00fchmten Comics eine Vielzahl von Modellen, oft mit au\u00dfergew\u00f6hnlicher Detailtreue. All diese Autos, Flugzeuge und Hubschrauber wurden nun bis ins kleinste Detail originalgetreu nachgebildet und stehen nun jedem Tim-und-Struppi-Fan zur Verf\u00fcgung. So k\u00f6nnen Sie Ihre Lieblingsgeschichten wiedererleben oder sich ein Andenken daran sichern. Diese Modellautos und -flugzeuge eignen sich hervorragend als Dekoration und erm\u00f6glichen Ihnen den Aufbau einer umfangreichen Tim-und-Struppi-Sammlung.<\/p>\n<p>Hervorragend geeignet als Geschenk f\u00fcr jeden Fan von Tim und Struppi, unserem Lieblingsreporter aus den weltber\u00fchmten Comicgeschichten.<\/p>","protected":false},"excerpt":{"rendered":"<p>Kuifje auto 1:24 Le Cabriolet Bordure\u00a0 Nr 24 modelauto in schaal 1:24, ca. 25 x 11,5 cm, wordt geleverd met bijbehorend boekje met gedetailleerde informatie over welk voertuig Herg\u00e9 inspireerde (in het Frans &amp; Engels) Herg\u00e9, de schepper van Kuifje, was zijn hele leven buitengewoon ge\u00efnteresseerd in transportmiddelen zoals auto&#8217;s en vliegtuigen. Daarom tekende hij [&hellip;]<\/p>\n","protected":false},"featured_media":22647,"template":"","meta":{"_acf_changed":false},"product_brand":[358],"product_cat":[190],"product_tag":[],"class_list":{"0":"post-22643","1":"product","2":"type-product","3":"status-publish","4":"has-post-thumbnail","6":"product_brand-herge-moulinsart","7":"product_cat-woonaccessoires","8":"product_shipping_class-product-shipping","10":"first","11":"instock","12":"sale","13":"purchasable","14":"product-type-simple"},"acf":[],"yoast_head":"<!-- This site is optimized with the Yoast SEO plugin v27.5 - https:\/\/yoast.com\/product\/yoast-seo-wordpress\/ -->\n<title>Kuifje Auto 1:24 Le Cabriolet Bordure - Zillions: nieuw en gebruikt design meubilair en stoelen<\/title>\n<meta name=\"robots\" content=\"index, follow, max-snippet:-1, max-image-preview:large, max-video-preview:-1\" \/>\n<link rel=\"canonical\" href=\"https:\/\/www.zillions.nl\/de\/product\/kuifje-auto-124-le-cabriolet-bordure\/\" \/>\n<meta property=\"og:locale\" content=\"de_DE\" \/>\n<meta property=\"og:type\" content=\"article\" \/>\n<meta property=\"og:title\" content=\"Kuifje Auto 1:24 Le Cabriolet Bordure - Zillions: nieuw en gebruikt design meubilair en stoelen\" \/>\n<meta property=\"og:description\" content=\"Kuifje auto 1:24 Le Cabriolet Bordure\u00a0 Nr 24 modelauto in schaal 1:24, ca. 25 x 11,5 cm, wordt geleverd met bijbehorend boekje met gedetailleerde informatie over welk voertuig Herg\u00e9 inspireerde (in het Frans &amp; Engels) Herg\u00e9, de schepper van Kuifje, was zijn hele leven buitengewoon ge\u00efnteresseerd in transportmiddelen zoals auto&#8217;s en vliegtuigen. Daarom tekende hij [&hellip;]\" \/>\n<meta property=\"og:url\" content=\"https:\/\/www.zillions.nl\/de\/product\/kuifje-auto-124-le-cabriolet-bordure\/\" \/>\n<meta property=\"og:site_name\" content=\"Zillions: nieuw en gebruikt design meubilair en stoelen\" \/>\n<meta property=\"article:modified_time\" content=\"2026-04-10T11:50:46+00:00\" \/>\n<meta property=\"og:image\" content=\"https:\/\/www.zillions.nl\/wp-content\/uploads\/2026\/03\/tintin-the-bordure-cabriolet-the-calculus-affair-yellow-1-24-29924.jpg\" \/>\n\t<meta property=\"og:image:width\" content=\"800\" \/>\n\t<meta property=\"og:image:height\" content=\"800\" \/>\n\t<meta property=\"og:image:type\" content=\"image\/jpeg\" \/>\n<meta name=\"twitter:card\" content=\"summary_large_image\" \/>\n<meta name=\"twitter:label1\" content=\"Est. reading time\" \/>\n\t<meta name=\"twitter:data1\" content=\"1 minute\" \/>\n<script type=\"application\/ld+json\" class=\"yoast-schema-graph\">{\"@context\":\"https:\\\/\\\/schema.org\",\"@graph\":[{\"@type\":\"WebPage\",\"@id\":\"https:\\\/\\\/www.zillions.nl\\\/product\\\/kuifje-auto-124-le-cabriolet-bordure\\\/\",\"url\":\"https:\\\/\\\/www.zillions.nl\\\/product\\\/kuifje-auto-124-le-cabriolet-bordure\\\/\",\"name\":\"Kuifje Auto 1:24 Le Cabriolet Bordure - Zillions: nieuw en gebruikt design meubilair en stoelen\",\"isPartOf\":{\"@id\":\"https:\\\/\\\/www.zillions.nl\\\/de\\\/#website\"},\"primaryImageOfPage\":{\"@id\":\"https:\\\/\\\/www.zillions.nl\\\/product\\\/kuifje-auto-124-le-cabriolet-bordure\\\/#primaryimage\"},\"image\":{\"@id\":\"https:\\\/\\\/www.zillions.nl\\\/product\\\/kuifje-auto-124-le-cabriolet-bordure\\\/#primaryimage\"},\"thumbnailUrl\":\"https:\\\/\\\/www.zillions.nl\\\/wp-content\\\/uploads\\\/2026\\\/03\\\/tintin-the-bordure-cabriolet-the-calculus-affair-yellow-1-24-29924.jpg\",\"datePublished\":\"2026-03-26T18:59:17+00:00\",\"dateModified\":\"2026-04-10T11:50:46+00:00\",\"breadcrumb\":{\"@id\":\"https:\\\/\\\/www.zillions.nl\\\/product\\\/kuifje-auto-124-le-cabriolet-bordure\\\/#breadcrumb\"},\"inLanguage\":\"de-DE\",\"potentialAction\":[{\"@type\":\"ReadAction\",\"target\":[\"https:\\\/\\\/www.zillions.nl\\\/product\\\/kuifje-auto-124-le-cabriolet-bordure\\\/\"]}]},{\"@type\":\"ImageObject\",\"inLanguage\":\"de-DE\",\"@id\":\"https:\\\/\\\/www.zillions.nl\\\/product\\\/kuifje-auto-124-le-cabriolet-bordure\\\/#primaryimage\",\"url\":\"https:\\\/\\\/www.zillions.nl\\\/wp-content\\\/uploads\\\/2026\\\/03\\\/tintin-the-bordure-cabriolet-the-calculus-affair-yellow-1-24-29924.jpg\",\"contentUrl\":\"https:\\\/\\\/www.zillions.nl\\\/wp-content\\\/uploads\\\/2026\\\/03\\\/tintin-the-bordure-cabriolet-the-calculus-affair-yellow-1-24-29924.jpg\",\"width\":800,\"height\":800},{\"@type\":\"BreadcrumbList\",\"@id\":\"https:\\\/\\\/www.zillions.nl\\\/product\\\/kuifje-auto-124-le-cabriolet-bordure\\\/#breadcrumb\",\"itemListElement\":[{\"@type\":\"ListItem\",\"position\":1,\"name\":\"Home\",\"item\":\"https:\\\/\\\/www.zillions.nl\\\/\"},{\"@type\":\"ListItem\",\"position\":2,\"name\":\"Shop\",\"item\":\"https:\\\/\\\/www.zillions.nl\\\/shop\\\/\"},{\"@type\":\"ListItem\",\"position\":3,\"name\":\"Kuifje Auto 1:24 Le Cabriolet Bordure\"}]},{\"@type\":\"WebSite\",\"@id\":\"https:\\\/\\\/www.zillions.nl\\\/de\\\/#website\",\"url\":\"https:\\\/\\\/www.zillions.nl\\\/de\\\/\",\"name\":\"Zillions: nieuw en gebruikt design meubilair en stoelen\",\"description\":\"Welkom bij Zillions: Zillions is gespecialiseerd in nieuw en gebruikt design meubilair en stoelen.\",\"publisher\":{\"@id\":\"https:\\\/\\\/www.zillions.nl\\\/de\\\/#organization\"},\"potentialAction\":[{\"@type\":\"SearchAction\",\"target\":{\"@type\":\"EntryPoint\",\"urlTemplate\":\"https:\\\/\\\/www.zillions.nl\\\/de\\\/?s={search_term_string}\"},\"query-input\":{\"@type\":\"PropertyValueSpecification\",\"valueRequired\":true,\"valueName\":\"search_term_string\"}}],\"inLanguage\":\"de-DE\"},{\"@type\":\"Organization\",\"@id\":\"https:\\\/\\\/www.zillions.nl\\\/de\\\/#organization\",\"name\":\"Zillions: nieuw en gebruikt design meubilair en stoelen\",\"url\":\"https:\\\/\\\/www.zillions.nl\\\/de\\\/\",\"logo\":{\"@type\":\"ImageObject\",\"inLanguage\":\"de-DE\",\"@id\":\"https:\\\/\\\/www.zillions.nl\\\/de\\\/#\\\/schema\\\/logo\\\/image\\\/\",\"url\":\"https:\\\/\\\/www.zillions.nl\\\/wp-content\\\/uploads\\\/2022\\\/11\\\/zillions.svg\",\"contentUrl\":\"https:\\\/\\\/www.zillions.nl\\\/wp-content\\\/uploads\\\/2022\\\/11\\\/zillions.svg\",\"width\":208,\"height\":53,\"caption\":\"Zillions: nieuw en gebruikt design meubilair en stoelen\"},\"image\":{\"@id\":\"https:\\\/\\\/www.zillions.nl\\\/de\\\/#\\\/schema\\\/logo\\\/image\\\/\"}}]}<\/script>\n<!-- \/ Yoast SEO plugin. -->","yoast_head_json":{"title":"Tim und Struppi Auto 1:24 Le Cabriolet Bordure - Zillions: neue und gebrauchte Designerm\u00f6bel und St\u00fchle","robots":{"index":"index","follow":"follow","max-snippet":"max-snippet:-1","max-image-preview":"max-image-preview:large","max-video-preview":"max-video-preview:-1"},"canonical":"https:\/\/www.zillions.nl\/de\/product\/kuifje-auto-124-le-cabriolet-bordure\/","og_locale":"de_DE","og_type":"article","og_title":"Kuifje Auto 1:24 Le Cabriolet Bordure - Zillions: nieuw en gebruikt design meubilair en stoelen","og_description":"Kuifje auto 1:24 Le Cabriolet Bordure\u00a0 Nr 24 modelauto in schaal 1:24, ca. 25 x 11,5 cm, wordt geleverd met bijbehorend boekje met gedetailleerde informatie over welk voertuig Herg\u00e9 inspireerde (in het Frans &amp; Engels) Herg\u00e9, de schepper van Kuifje, was zijn hele leven buitengewoon ge\u00efnteresseerd in transportmiddelen zoals auto&#8217;s en vliegtuigen. Daarom tekende hij [&hellip;]","og_url":"https:\/\/www.zillions.nl\/de\/product\/kuifje-auto-124-le-cabriolet-bordure\/","og_site_name":"Zillions: nieuw en gebruikt design meubilair en stoelen","article_modified_time":"2026-04-10T11:50:46+00:00","og_image":[{"width":800,"height":800,"url":"https:\/\/www.zillions.nl\/wp-content\/uploads\/2026\/03\/tintin-the-bordure-cabriolet-the-calculus-affair-yellow-1-24-29924.jpg","type":"image\/jpeg"}],"twitter_card":"summary_large_image","twitter_misc":{"Est. reading time":"1 minute"},"schema":{"@context":"https:\/\/schema.org","@graph":[{"@type":"WebPage","@id":"https:\/\/www.zillions.nl\/product\/kuifje-auto-124-le-cabriolet-bordure\/","url":"https:\/\/www.zillions.nl\/product\/kuifje-auto-124-le-cabriolet-bordure\/","name":"Tim und Struppi Auto 1:24 Le Cabriolet Bordure - Zillions: neue und gebrauchte Designerm\u00f6bel und St\u00fchle","isPartOf":{"@id":"https:\/\/www.zillions.nl\/de\/#website"},"primaryImageOfPage":{"@id":"https:\/\/www.zillions.nl\/product\/kuifje-auto-124-le-cabriolet-bordure\/#primaryimage"},"image":{"@id":"https:\/\/www.zillions.nl\/product\/kuifje-auto-124-le-cabriolet-bordure\/#primaryimage"},"thumbnailUrl":"https:\/\/www.zillions.nl\/wp-content\/uploads\/2026\/03\/tintin-the-bordure-cabriolet-the-calculus-affair-yellow-1-24-29924.jpg","datePublished":"2026-03-26T18:59:17+00:00","dateModified":"2026-04-10T11:50:46+00:00","breadcrumb":{"@id":"https:\/\/www.zillions.nl\/product\/kuifje-auto-124-le-cabriolet-bordure\/#breadcrumb"},"inLanguage":"de-DE","potentialAction":[{"@type":"ReadAction","target":["https:\/\/www.zillions.nl\/product\/kuifje-auto-124-le-cabriolet-bordure\/"]}]},{"@type":"ImageObject","inLanguage":"de-DE","@id":"https:\/\/www.zillions.nl\/product\/kuifje-auto-124-le-cabriolet-bordure\/#primaryimage","url":"https:\/\/www.zillions.nl\/wp-content\/uploads\/2026\/03\/tintin-the-bordure-cabriolet-the-calculus-affair-yellow-1-24-29924.jpg","contentUrl":"https:\/\/www.zillions.nl\/wp-content\/uploads\/2026\/03\/tintin-the-bordure-cabriolet-the-calculus-affair-yellow-1-24-29924.jpg","width":800,"height":800},{"@type":"BreadcrumbList","@id":"https:\/\/www.zillions.nl\/product\/kuifje-auto-124-le-cabriolet-bordure\/#breadcrumb","itemListElement":[{"@type":"ListItem","position":1,"name":"Home","item":"https:\/\/www.zillions.nl\/"},{"@type":"ListItem","position":2,"name":"Shop","item":"https:\/\/www.zillions.nl\/shop\/"},{"@type":"ListItem","position":3,"name":"Kuifje Auto 1:24 Le Cabriolet Bordure"}]},{"@type":"WebSite","@id":"https:\/\/www.zillions.nl\/de\/#website","url":"https:\/\/www.zillions.nl\/de\/","name":"Zillionen: neue und gebrauchte Designerm\u00f6bel und St\u00fchle","description":"Willkommen bei Zillions: Zillions ist auf neue und gebrauchte Designm\u00f6bel und St\u00fchle spezialisiert.","publisher":{"@id":"https:\/\/www.zillions.nl\/de\/#organization"},"potentialAction":[{"@type":"SearchAction","target":{"@type":"EntryPoint","urlTemplate":"https:\/\/www.zillions.nl\/de\/?s={search_term_string}"},"query-input":{"@type":"PropertyValueSpecification","valueRequired":true,"valueName":"search_term_string"}}],"inLanguage":"de-DE"},{"@type":"Organization","@id":"https:\/\/www.zillions.nl\/de\/#organization","name":"Zillionen: neue und gebrauchte Designerm\u00f6bel und St\u00fchle","url":"https:\/\/www.zillions.nl\/de\/","logo":{"@type":"ImageObject","inLanguage":"de-DE","@id":"https:\/\/www.zillions.nl\/de\/#\/schema\/logo\/image\/","url":"https:\/\/www.zillions.nl\/wp-content\/uploads\/2022\/11\/zillions.svg","contentUrl":"https:\/\/www.zillions.nl\/wp-content\/uploads\/2022\/11\/zillions.svg","width":208,"height":53,"caption":"Zillions: nieuw en gebruikt design meubilair en stoelen"},"image":{"@id":"https:\/\/www.zillions.nl\/de\/#\/schema\/logo\/image\/"}}]}},"_links":{"self":[{"href":"https:\/\/www.zillions.nl\/de\/wp-json\/wp\/v2\/product\/22643","targetHints":{"allow":["GET"]}}],"collection":[{"href":"https:\/\/www.zillions.nl\/de\/wp-json\/wp\/v2\/product"}],"about":[{"href":"https:\/\/www.zillions.nl\/de\/wp-json\/wp\/v2\/types\/product"}],"wp:featuredmedia":[{"embeddable":true,"href":"https:\/\/www.zillions.nl\/de\/wp-json\/wp\/v2\/media\/22647"}],"wp:attachment":[{"href":"https:\/\/www.zillions.nl\/de\/wp-json\/wp\/v2\/media?parent=22643"}],"wp:term":[{"taxonomy":"product_brand","embeddable":true,"href":"https:\/\/www.zillions.nl\/de\/wp-json\/wp\/v2\/product_brand?post=22643"},{"taxonomy":"product_cat","embeddable":true,"href":"https:\/\/www.zillions.nl\/de\/wp-json\/wp\/v2\/product_cat?post=22643"},{"taxonomy":"product_tag","embeddable":true,"href":"https:\/\/www.zillions.nl\/de\/wp-json\/wp\/v2\/product_tag?post=22643"}],"curies":[{"name":"wp","href":"https:\/\/api.w.org\/{rel}","templated":true}]}}