{"id":22543,"date":"2026-03-21T19:47:25","date_gmt":"2026-03-21T18:47:25","guid":{"rendered":"https:\/\/www.zillions.nl\/?post_type=product&#038;p=22543"},"modified":"2026-03-22T19:53:08","modified_gmt":"2026-03-22T18:53:08","slug":"kuifje-auto-124-de-auto-van-mitsuhirato","status":"publish","type":"product","link":"https:\/\/www.zillions.nl\/de\/product\/kuifje-auto-124-de-auto-van-mitsuhirato\/","title":{"rendered":"Tim-und-Struppi-Auto 1:24 Mitsuhiratos Auto"},"content":{"rendered":"<p>Tim und Struppi: Mitsuhiratos Auto (1\/24) \u2013<\/p>\n<p>Der Blaue Lotus.<\/p>\n<p>Das Auto hat einen Ma\u00dfstab von 1:24 und besteht aus Kunstharz und Kunststoff.<\/p>\n<p>Das Auto ist unnummeriert und nicht limitiert und wird in einer doppelten Verpackung aus Karton und Plexiglas geliefert. Eine Brosch\u00fcre in Englisch und Franz\u00f6sisch ist ebenfalls enthalten. Die Kartonma\u00dfe betragen 26 x 12 x 12 cm.<\/p>","protected":false},"excerpt":{"rendered":"<p>Kuifje : De auto van Mitsuhirato (1\/24) &#8211; De Blauwe Lotus. Auto is op een schaal van 1\/24 en gemaakt van resin en plastic. Auto is ongenummerd, en niet gelimiteerd, en komt met een dubbele verpakking van karton en plexiglas. Wordt geleverd met een boekje in het Engels en Frans. Afmetingen van de doos zijn [&hellip;]<\/p>\n","protected":false},"featured_media":22544,"template":"","meta":{"_acf_changed":false},"product_brand":[358],"product_cat":[16,190],"product_tag":[],"class_list":{"0":"post-22543","1":"product","2":"type-product","3":"status-publish","4":"has-post-thumbnail","6":"product_brand-herge-moulinsart","7":"product_cat-alle-producten","8":"product_cat-woonaccessoires","9":"product_shipping_class-product-shipping","11":"first","12":"instock","13":"sale","14":"purchasable","15":"product-type-simple"},"acf":[],"yoast_head":"<!-- This site is optimized with the Yoast SEO plugin v27.5 - https:\/\/yoast.com\/product\/yoast-seo-wordpress\/ -->\n<title>Kuifje auto 1:24 De auto van Mitsuhirato - Zillions: nieuw en gebruikt design meubilair en stoelen<\/title>\n<meta name=\"robots\" content=\"index, follow, max-snippet:-1, max-image-preview:large, max-video-preview:-1\" \/>\n<link rel=\"canonical\" href=\"https:\/\/www.zillions.nl\/de\/product\/kuifje-auto-124-de-auto-van-mitsuhirato\/\" \/>\n<meta property=\"og:locale\" content=\"de_DE\" \/>\n<meta property=\"og:type\" content=\"article\" \/>\n<meta property=\"og:title\" content=\"Kuifje auto 1:24 De auto van Mitsuhirato - Zillions: nieuw en gebruikt design meubilair en stoelen\" \/>\n<meta property=\"og:description\" content=\"Kuifje : De auto van Mitsuhirato (1\/24) &#8211; De Blauwe Lotus. Auto is op een schaal van 1\/24 en gemaakt van resin en plastic. Auto is ongenummerd, en niet gelimiteerd, en komt met een dubbele verpakking van karton en plexiglas. Wordt geleverd met een boekje in het Engels en Frans. Afmetingen van de doos zijn [&hellip;]\" \/>\n<meta property=\"og:url\" content=\"https:\/\/www.zillions.nl\/de\/product\/kuifje-auto-124-de-auto-van-mitsuhirato\/\" \/>\n<meta property=\"og:site_name\" content=\"Zillions: nieuw en gebruikt design meubilair en stoelen\" \/>\n<meta property=\"article:modified_time\" content=\"2026-03-22T18:53:08+00:00\" \/>\n<meta property=\"og:image\" content=\"https:\/\/www.zillions.nl\/wp-content\/uploads\/2026\/03\/29922-1.jpeg\" \/>\n\t<meta property=\"og:image:width\" content=\"1000\" \/>\n\t<meta property=\"og:image:height\" content=\"1000\" \/>\n\t<meta property=\"og:image:type\" content=\"image\/jpeg\" \/>\n<meta name=\"twitter:card\" content=\"summary_large_image\" \/>\n<meta name=\"twitter:label1\" content=\"Est. reading time\" \/>\n\t<meta name=\"twitter:data1\" content=\"1 minute\" \/>\n<script type=\"application\/ld+json\" class=\"yoast-schema-graph\">{\"@context\":\"https:\\\/\\\/schema.org\",\"@graph\":[{\"@type\":\"WebPage\",\"@id\":\"https:\\\/\\\/www.zillions.nl\\\/product\\\/kuifje-auto-124-de-auto-van-mitsuhirato\\\/\",\"url\":\"https:\\\/\\\/www.zillions.nl\\\/product\\\/kuifje-auto-124-de-auto-van-mitsuhirato\\\/\",\"name\":\"Kuifje auto 1:24 De auto van Mitsuhirato - Zillions: nieuw en gebruikt design meubilair en stoelen\",\"isPartOf\":{\"@id\":\"https:\\\/\\\/www.zillions.nl\\\/de\\\/#website\"},\"primaryImageOfPage\":{\"@id\":\"https:\\\/\\\/www.zillions.nl\\\/product\\\/kuifje-auto-124-de-auto-van-mitsuhirato\\\/#primaryimage\"},\"image\":{\"@id\":\"https:\\\/\\\/www.zillions.nl\\\/product\\\/kuifje-auto-124-de-auto-van-mitsuhirato\\\/#primaryimage\"},\"thumbnailUrl\":\"https:\\\/\\\/www.zillions.nl\\\/wp-content\\\/uploads\\\/2026\\\/03\\\/29922-1.jpeg\",\"datePublished\":\"2026-03-21T18:47:25+00:00\",\"dateModified\":\"2026-03-22T18:53:08+00:00\",\"breadcrumb\":{\"@id\":\"https:\\\/\\\/www.zillions.nl\\\/product\\\/kuifje-auto-124-de-auto-van-mitsuhirato\\\/#breadcrumb\"},\"inLanguage\":\"de-DE\",\"potentialAction\":[{\"@type\":\"ReadAction\",\"target\":[\"https:\\\/\\\/www.zillions.nl\\\/product\\\/kuifje-auto-124-de-auto-van-mitsuhirato\\\/\"]}]},{\"@type\":\"ImageObject\",\"inLanguage\":\"de-DE\",\"@id\":\"https:\\\/\\\/www.zillions.nl\\\/product\\\/kuifje-auto-124-de-auto-van-mitsuhirato\\\/#primaryimage\",\"url\":\"https:\\\/\\\/www.zillions.nl\\\/wp-content\\\/uploads\\\/2026\\\/03\\\/29922-1.jpeg\",\"contentUrl\":\"https:\\\/\\\/www.zillions.nl\\\/wp-content\\\/uploads\\\/2026\\\/03\\\/29922-1.jpeg\",\"width\":1000,\"height\":1000},{\"@type\":\"BreadcrumbList\",\"@id\":\"https:\\\/\\\/www.zillions.nl\\\/product\\\/kuifje-auto-124-de-auto-van-mitsuhirato\\\/#breadcrumb\",\"itemListElement\":[{\"@type\":\"ListItem\",\"position\":1,\"name\":\"Home\",\"item\":\"https:\\\/\\\/www.zillions.nl\\\/\"},{\"@type\":\"ListItem\",\"position\":2,\"name\":\"Shop\",\"item\":\"https:\\\/\\\/www.zillions.nl\\\/shop\\\/\"},{\"@type\":\"ListItem\",\"position\":3,\"name\":\"Kuifje auto 1:24 De auto van Mitsuhirato\"}]},{\"@type\":\"WebSite\",\"@id\":\"https:\\\/\\\/www.zillions.nl\\\/de\\\/#website\",\"url\":\"https:\\\/\\\/www.zillions.nl\\\/de\\\/\",\"name\":\"Zillions: nieuw en gebruikt design meubilair en stoelen\",\"description\":\"Welkom bij Zillions: Zillions is gespecialiseerd in nieuw en gebruikt design meubilair en stoelen.\",\"publisher\":{\"@id\":\"https:\\\/\\\/www.zillions.nl\\\/de\\\/#organization\"},\"potentialAction\":[{\"@type\":\"SearchAction\",\"target\":{\"@type\":\"EntryPoint\",\"urlTemplate\":\"https:\\\/\\\/www.zillions.nl\\\/de\\\/?s={search_term_string}\"},\"query-input\":{\"@type\":\"PropertyValueSpecification\",\"valueRequired\":true,\"valueName\":\"search_term_string\"}}],\"inLanguage\":\"de-DE\"},{\"@type\":\"Organization\",\"@id\":\"https:\\\/\\\/www.zillions.nl\\\/de\\\/#organization\",\"name\":\"Zillions: nieuw en gebruikt design meubilair en stoelen\",\"url\":\"https:\\\/\\\/www.zillions.nl\\\/de\\\/\",\"logo\":{\"@type\":\"ImageObject\",\"inLanguage\":\"de-DE\",\"@id\":\"https:\\\/\\\/www.zillions.nl\\\/de\\\/#\\\/schema\\\/logo\\\/image\\\/\",\"url\":\"https:\\\/\\\/www.zillions.nl\\\/wp-content\\\/uploads\\\/2022\\\/11\\\/zillions.svg\",\"contentUrl\":\"https:\\\/\\\/www.zillions.nl\\\/wp-content\\\/uploads\\\/2022\\\/11\\\/zillions.svg\",\"width\":208,\"height\":53,\"caption\":\"Zillions: nieuw en gebruikt design meubilair en stoelen\"},\"image\":{\"@id\":\"https:\\\/\\\/www.zillions.nl\\\/de\\\/#\\\/schema\\\/logo\\\/image\\\/\"}}]}<\/script>\n<!-- \/ Yoast SEO plugin. -->","yoast_head_json":{"title":"Tim-und-Struppi-Auto 1:24 Mitsuhiratos Auto \u2013 Zillions: Neue und gebrauchte Designerm\u00f6bel und St\u00fchle","robots":{"index":"index","follow":"follow","max-snippet":"max-snippet:-1","max-image-preview":"max-image-preview:large","max-video-preview":"max-video-preview:-1"},"canonical":"https:\/\/www.zillions.nl\/de\/product\/kuifje-auto-124-de-auto-van-mitsuhirato\/","og_locale":"de_DE","og_type":"article","og_title":"Kuifje auto 1:24 De auto van Mitsuhirato - Zillions: nieuw en gebruikt design meubilair en stoelen","og_description":"Kuifje : De auto van Mitsuhirato (1\/24) &#8211; De Blauwe Lotus. Auto is op een schaal van 1\/24 en gemaakt van resin en plastic. Auto is ongenummerd, en niet gelimiteerd, en komt met een dubbele verpakking van karton en plexiglas. Wordt geleverd met een boekje in het Engels en Frans. Afmetingen van de doos zijn [&hellip;]","og_url":"https:\/\/www.zillions.nl\/de\/product\/kuifje-auto-124-de-auto-van-mitsuhirato\/","og_site_name":"Zillions: nieuw en gebruikt design meubilair en stoelen","article_modified_time":"2026-03-22T18:53:08+00:00","og_image":[{"width":1000,"height":1000,"url":"https:\/\/www.zillions.nl\/wp-content\/uploads\/2026\/03\/29922-1.jpeg","type":"image\/jpeg"}],"twitter_card":"summary_large_image","twitter_misc":{"Est. reading time":"1 minute"},"schema":{"@context":"https:\/\/schema.org","@graph":[{"@type":"WebPage","@id":"https:\/\/www.zillions.nl\/product\/kuifje-auto-124-de-auto-van-mitsuhirato\/","url":"https:\/\/www.zillions.nl\/product\/kuifje-auto-124-de-auto-van-mitsuhirato\/","name":"Tim-und-Struppi-Auto 1:24 Mitsuhiratos Auto \u2013 Zillions: Neue und gebrauchte Designerm\u00f6bel und St\u00fchle","isPartOf":{"@id":"https:\/\/www.zillions.nl\/de\/#website"},"primaryImageOfPage":{"@id":"https:\/\/www.zillions.nl\/product\/kuifje-auto-124-de-auto-van-mitsuhirato\/#primaryimage"},"image":{"@id":"https:\/\/www.zillions.nl\/product\/kuifje-auto-124-de-auto-van-mitsuhirato\/#primaryimage"},"thumbnailUrl":"https:\/\/www.zillions.nl\/wp-content\/uploads\/2026\/03\/29922-1.jpeg","datePublished":"2026-03-21T18:47:25+00:00","dateModified":"2026-03-22T18:53:08+00:00","breadcrumb":{"@id":"https:\/\/www.zillions.nl\/product\/kuifje-auto-124-de-auto-van-mitsuhirato\/#breadcrumb"},"inLanguage":"de-DE","potentialAction":[{"@type":"ReadAction","target":["https:\/\/www.zillions.nl\/product\/kuifje-auto-124-de-auto-van-mitsuhirato\/"]}]},{"@type":"ImageObject","inLanguage":"de-DE","@id":"https:\/\/www.zillions.nl\/product\/kuifje-auto-124-de-auto-van-mitsuhirato\/#primaryimage","url":"https:\/\/www.zillions.nl\/wp-content\/uploads\/2026\/03\/29922-1.jpeg","contentUrl":"https:\/\/www.zillions.nl\/wp-content\/uploads\/2026\/03\/29922-1.jpeg","width":1000,"height":1000},{"@type":"BreadcrumbList","@id":"https:\/\/www.zillions.nl\/product\/kuifje-auto-124-de-auto-van-mitsuhirato\/#breadcrumb","itemListElement":[{"@type":"ListItem","position":1,"name":"Home","item":"https:\/\/www.zillions.nl\/"},{"@type":"ListItem","position":2,"name":"Shop","item":"https:\/\/www.zillions.nl\/shop\/"},{"@type":"ListItem","position":3,"name":"Kuifje auto 1:24 De auto van Mitsuhirato"}]},{"@type":"WebSite","@id":"https:\/\/www.zillions.nl\/de\/#website","url":"https:\/\/www.zillions.nl\/de\/","name":"Zillionen: neue und gebrauchte Designerm\u00f6bel und St\u00fchle","description":"Willkommen bei Zillions: Zillions ist auf neue und gebrauchte Designm\u00f6bel und St\u00fchle spezialisiert.","publisher":{"@id":"https:\/\/www.zillions.nl\/de\/#organization"},"potentialAction":[{"@type":"SearchAction","target":{"@type":"EntryPoint","urlTemplate":"https:\/\/www.zillions.nl\/de\/?s={search_term_string}"},"query-input":{"@type":"PropertyValueSpecification","valueRequired":true,"valueName":"search_term_string"}}],"inLanguage":"de-DE"},{"@type":"Organization","@id":"https:\/\/www.zillions.nl\/de\/#organization","name":"Zillionen: neue und gebrauchte Designerm\u00f6bel und St\u00fchle","url":"https:\/\/www.zillions.nl\/de\/","logo":{"@type":"ImageObject","inLanguage":"de-DE","@id":"https:\/\/www.zillions.nl\/de\/#\/schema\/logo\/image\/","url":"https:\/\/www.zillions.nl\/wp-content\/uploads\/2022\/11\/zillions.svg","contentUrl":"https:\/\/www.zillions.nl\/wp-content\/uploads\/2022\/11\/zillions.svg","width":208,"height":53,"caption":"Zillions: nieuw en gebruikt design meubilair en stoelen"},"image":{"@id":"https:\/\/www.zillions.nl\/de\/#\/schema\/logo\/image\/"}}]}},"_links":{"self":[{"href":"https:\/\/www.zillions.nl\/de\/wp-json\/wp\/v2\/product\/22543","targetHints":{"allow":["GET"]}}],"collection":[{"href":"https:\/\/www.zillions.nl\/de\/wp-json\/wp\/v2\/product"}],"about":[{"href":"https:\/\/www.zillions.nl\/de\/wp-json\/wp\/v2\/types\/product"}],"wp:featuredmedia":[{"embeddable":true,"href":"https:\/\/www.zillions.nl\/de\/wp-json\/wp\/v2\/media\/22544"}],"wp:attachment":[{"href":"https:\/\/www.zillions.nl\/de\/wp-json\/wp\/v2\/media?parent=22543"}],"wp:term":[{"taxonomy":"product_brand","embeddable":true,"href":"https:\/\/www.zillions.nl\/de\/wp-json\/wp\/v2\/product_brand?post=22543"},{"taxonomy":"product_cat","embeddable":true,"href":"https:\/\/www.zillions.nl\/de\/wp-json\/wp\/v2\/product_cat?post=22543"},{"taxonomy":"product_tag","embeddable":true,"href":"https:\/\/www.zillions.nl\/de\/wp-json\/wp\/v2\/product_tag?post=22543"}],"curies":[{"name":"wp","href":"https:\/\/api.w.org\/{rel}","templated":true}]}}