{"id":22539,"date":"2026-03-21T19:38:43","date_gmt":"2026-03-21T18:38:43","guid":{"rendered":"https:\/\/www.zillions.nl\/?post_type=product&#038;p=22539"},"modified":"2026-05-15T18:57:40","modified_gmt":"2026-05-15T16:57:40","slug":"kuifje-auto-124-de-rode-racewagen-nieuw","status":"publish","type":"product","link":"https:\/\/www.zillions.nl\/de\/product\/kuifje-auto-124-de-rode-racewagen-nieuw\/","title":{"rendered":"Tim und Struppi Auto 1:24 Der rote Rennwagen Neu"},"content":{"rendered":"<h2>Tim-und-Struppi-Auto 1:24 Der rote Rennwagen<\/h2>\n<p>Modellauto im Ma\u00dfstab 1:24, ca. 16 x 6,5 cm, inklusive Begleitbrosch\u00fcre mit detaillierten Informationen dar\u00fcber, welches Fahrzeug Herg\u00e9 inspirierte (in Franz\u00f6sisch und Englisch).<\/p>\n<p>Herg\u00e9, der Sch\u00f6pfer von Tim und Struppi, interessierte sich zeitlebens au\u00dferordentlich f\u00fcr Transportmittel wie Autos und Flugzeuge. Deshalb zeichnete er in seinen ber\u00fchmten Comics eine Vielzahl von Modellen, oft mit au\u00dfergew\u00f6hnlicher Detailtreue. All diese Autos, Flugzeuge und Hubschrauber wurden nun bis ins kleinste Detail originalgetreu nachgebildet und stehen nun jedem Tim-und-Struppi-Fan zur Verf\u00fcgung. So k\u00f6nnen Sie Ihre Lieblingsgeschichten wiedererleben oder sich ein Andenken daran sichern. Diese Modellautos und -flugzeuge eignen sich hervorragend als Dekoration und erm\u00f6glichen Ihnen den Aufbau einer umfangreichen Tim-und-Struppi-Sammlung.<\/p>\n<p>Hervorragend geeignet als Geschenk f\u00fcr jeden Fan von Tim und Struppi, unserem Lieblingsreporter aus den weltber\u00fchmten Comicgeschichten.<\/p>","protected":false},"excerpt":{"rendered":"<p>Kuifje auto 1:24\u00a0 De rode racewagen modelauto in schaal 1:24, ca. 16 x 6,5 cm, wordt geleverd met bijbehorend boekje met gedetailleerde informatie over welk voertuig Herg\u00e9 inspireerde (in het Frans &amp; Engels) Herg\u00e9, de schepper van Kuifje, was zijn hele leven buitengewoon ge\u00efnteresseerd in transportmiddelen zoals auto&#8217;s en vliegtuigen. Daarom tekende hij veel en [&hellip;]<\/p>\n","protected":false},"featured_media":22540,"template":"","meta":{"_acf_changed":false},"product_brand":[358],"product_cat":[16,190],"product_tag":[],"class_list":{"0":"post-22539","1":"product","2":"type-product","3":"status-publish","4":"has-post-thumbnail","6":"product_brand-herge-moulinsart","7":"product_cat-alle-producten","8":"product_cat-woonaccessoires","9":"product_shipping_class-product-shipping","11":"first","12":"outofstock","13":"sale","14":"purchasable","15":"product-type-simple"},"acf":[],"yoast_head":"<!-- This site is optimized with the Yoast SEO plugin v27.5 - https:\/\/yoast.com\/product\/yoast-seo-wordpress\/ -->\n<title>Kuifje auto 1:24 De Rode Racewagen Nieuw - Zillions: nieuw en gebruikt design meubilair en stoelen<\/title>\n<meta name=\"robots\" content=\"index, follow, max-snippet:-1, max-image-preview:large, max-video-preview:-1\" \/>\n<link rel=\"canonical\" href=\"https:\/\/www.zillions.nl\/de\/product\/kuifje-auto-124-de-rode-racewagen-nieuw\/\" \/>\n<meta property=\"og:locale\" content=\"de_DE\" \/>\n<meta property=\"og:type\" content=\"article\" \/>\n<meta property=\"og:title\" content=\"Kuifje auto 1:24 De Rode Racewagen Nieuw - Zillions: nieuw en gebruikt design meubilair en stoelen\" \/>\n<meta property=\"og:description\" content=\"Kuifje auto 1:24\u00a0 De rode racewagen modelauto in schaal 1:24, ca. 16 x 6,5 cm, wordt geleverd met bijbehorend boekje met gedetailleerde informatie over welk voertuig Herg\u00e9 inspireerde (in het Frans &amp; Engels) Herg\u00e9, de schepper van Kuifje, was zijn hele leven buitengewoon ge\u00efnteresseerd in transportmiddelen zoals auto&#8217;s en vliegtuigen. Daarom tekende hij veel en [&hellip;]\" \/>\n<meta property=\"og:url\" content=\"https:\/\/www.zillions.nl\/de\/product\/kuifje-auto-124-de-rode-racewagen-nieuw\/\" \/>\n<meta property=\"og:site_name\" content=\"Zillions: nieuw en gebruikt design meubilair en stoelen\" \/>\n<meta property=\"article:modified_time\" content=\"2026-05-15T16:57:40+00:00\" \/>\n<meta property=\"og:image\" content=\"https:\/\/www.zillions.nl\/wp-content\/uploads\/2026\/03\/moulinsart-kuifje-auto-124-01-de-rode-racewagen.webp\" \/>\n\t<meta property=\"og:image:width\" content=\"600\" \/>\n\t<meta property=\"og:image:height\" content=\"600\" \/>\n\t<meta property=\"og:image:type\" content=\"image\/webp\" \/>\n<meta name=\"twitter:card\" content=\"summary_large_image\" \/>\n<meta name=\"twitter:label1\" content=\"Est. reading time\" \/>\n\t<meta name=\"twitter:data1\" content=\"1 minute\" \/>\n<script type=\"application\/ld+json\" class=\"yoast-schema-graph\">{\"@context\":\"https:\\\/\\\/schema.org\",\"@graph\":[{\"@type\":\"WebPage\",\"@id\":\"https:\\\/\\\/www.zillions.nl\\\/product\\\/kuifje-auto-124-de-rode-racewagen-nieuw\\\/\",\"url\":\"https:\\\/\\\/www.zillions.nl\\\/product\\\/kuifje-auto-124-de-rode-racewagen-nieuw\\\/\",\"name\":\"Kuifje auto 1:24 De Rode Racewagen Nieuw - Zillions: nieuw en gebruikt design meubilair en stoelen\",\"isPartOf\":{\"@id\":\"https:\\\/\\\/www.zillions.nl\\\/de\\\/#website\"},\"primaryImageOfPage\":{\"@id\":\"https:\\\/\\\/www.zillions.nl\\\/product\\\/kuifje-auto-124-de-rode-racewagen-nieuw\\\/#primaryimage\"},\"image\":{\"@id\":\"https:\\\/\\\/www.zillions.nl\\\/product\\\/kuifje-auto-124-de-rode-racewagen-nieuw\\\/#primaryimage\"},\"thumbnailUrl\":\"https:\\\/\\\/www.zillions.nl\\\/wp-content\\\/uploads\\\/2026\\\/03\\\/moulinsart-kuifje-auto-124-01-de-rode-racewagen.webp\",\"datePublished\":\"2026-03-21T18:38:43+00:00\",\"dateModified\":\"2026-05-15T16:57:40+00:00\",\"breadcrumb\":{\"@id\":\"https:\\\/\\\/www.zillions.nl\\\/product\\\/kuifje-auto-124-de-rode-racewagen-nieuw\\\/#breadcrumb\"},\"inLanguage\":\"de-DE\",\"potentialAction\":[{\"@type\":\"ReadAction\",\"target\":[\"https:\\\/\\\/www.zillions.nl\\\/product\\\/kuifje-auto-124-de-rode-racewagen-nieuw\\\/\"]}]},{\"@type\":\"ImageObject\",\"inLanguage\":\"de-DE\",\"@id\":\"https:\\\/\\\/www.zillions.nl\\\/product\\\/kuifje-auto-124-de-rode-racewagen-nieuw\\\/#primaryimage\",\"url\":\"https:\\\/\\\/www.zillions.nl\\\/wp-content\\\/uploads\\\/2026\\\/03\\\/moulinsart-kuifje-auto-124-01-de-rode-racewagen.webp\",\"contentUrl\":\"https:\\\/\\\/www.zillions.nl\\\/wp-content\\\/uploads\\\/2026\\\/03\\\/moulinsart-kuifje-auto-124-01-de-rode-racewagen.webp\",\"width\":600,\"height\":600},{\"@type\":\"BreadcrumbList\",\"@id\":\"https:\\\/\\\/www.zillions.nl\\\/product\\\/kuifje-auto-124-de-rode-racewagen-nieuw\\\/#breadcrumb\",\"itemListElement\":[{\"@type\":\"ListItem\",\"position\":1,\"name\":\"Home\",\"item\":\"https:\\\/\\\/www.zillions.nl\\\/\"},{\"@type\":\"ListItem\",\"position\":2,\"name\":\"Shop\",\"item\":\"https:\\\/\\\/www.zillions.nl\\\/shop\\\/\"},{\"@type\":\"ListItem\",\"position\":3,\"name\":\"Kuifje auto 1:24 De Rode Racewagen Nieuw\"}]},{\"@type\":\"WebSite\",\"@id\":\"https:\\\/\\\/www.zillions.nl\\\/de\\\/#website\",\"url\":\"https:\\\/\\\/www.zillions.nl\\\/de\\\/\",\"name\":\"Zillions: nieuw en gebruikt design meubilair en stoelen\",\"description\":\"Welkom bij Zillions: Zillions is gespecialiseerd in nieuw en gebruikt design meubilair en stoelen.\",\"publisher\":{\"@id\":\"https:\\\/\\\/www.zillions.nl\\\/de\\\/#organization\"},\"potentialAction\":[{\"@type\":\"SearchAction\",\"target\":{\"@type\":\"EntryPoint\",\"urlTemplate\":\"https:\\\/\\\/www.zillions.nl\\\/de\\\/?s={search_term_string}\"},\"query-input\":{\"@type\":\"PropertyValueSpecification\",\"valueRequired\":true,\"valueName\":\"search_term_string\"}}],\"inLanguage\":\"de-DE\"},{\"@type\":\"Organization\",\"@id\":\"https:\\\/\\\/www.zillions.nl\\\/de\\\/#organization\",\"name\":\"Zillions: nieuw en gebruikt design meubilair en stoelen\",\"url\":\"https:\\\/\\\/www.zillions.nl\\\/de\\\/\",\"logo\":{\"@type\":\"ImageObject\",\"inLanguage\":\"de-DE\",\"@id\":\"https:\\\/\\\/www.zillions.nl\\\/de\\\/#\\\/schema\\\/logo\\\/image\\\/\",\"url\":\"https:\\\/\\\/www.zillions.nl\\\/wp-content\\\/uploads\\\/2022\\\/11\\\/zillions.svg\",\"contentUrl\":\"https:\\\/\\\/www.zillions.nl\\\/wp-content\\\/uploads\\\/2022\\\/11\\\/zillions.svg\",\"width\":208,\"height\":53,\"caption\":\"Zillions: nieuw en gebruikt design meubilair en stoelen\"},\"image\":{\"@id\":\"https:\\\/\\\/www.zillions.nl\\\/de\\\/#\\\/schema\\\/logo\\\/image\\\/\"}}]}<\/script>\n<!-- \/ Yoast SEO plugin. -->","yoast_head_json":{"title":"Kuifje auto 1:24 De Rode Racewagen Nieuw - Zillions: nieuw en gebruikt design meubilair en stoelen","robots":{"index":"index","follow":"follow","max-snippet":"max-snippet:-1","max-image-preview":"max-image-preview:large","max-video-preview":"max-video-preview:-1"},"canonical":"https:\/\/www.zillions.nl\/de\/product\/kuifje-auto-124-de-rode-racewagen-nieuw\/","og_locale":"de_DE","og_type":"article","og_title":"Kuifje auto 1:24 De Rode Racewagen Nieuw - Zillions: nieuw en gebruikt design meubilair en stoelen","og_description":"Kuifje auto 1:24\u00a0 De rode racewagen modelauto in schaal 1:24, ca. 16 x 6,5 cm, wordt geleverd met bijbehorend boekje met gedetailleerde informatie over welk voertuig Herg\u00e9 inspireerde (in het Frans &amp; Engels) Herg\u00e9, de schepper van Kuifje, was zijn hele leven buitengewoon ge\u00efnteresseerd in transportmiddelen zoals auto&#8217;s en vliegtuigen. Daarom tekende hij veel en [&hellip;]","og_url":"https:\/\/www.zillions.nl\/de\/product\/kuifje-auto-124-de-rode-racewagen-nieuw\/","og_site_name":"Zillions: nieuw en gebruikt design meubilair en stoelen","article_modified_time":"2026-05-15T16:57:40+00:00","og_image":[{"width":600,"height":600,"url":"https:\/\/www.zillions.nl\/wp-content\/uploads\/2026\/03\/moulinsart-kuifje-auto-124-01-de-rode-racewagen.webp","type":"image\/webp"}],"twitter_card":"summary_large_image","twitter_misc":{"Est. reading time":"1 minute"},"schema":{"@context":"https:\/\/schema.org","@graph":[{"@type":"WebPage","@id":"https:\/\/www.zillions.nl\/product\/kuifje-auto-124-de-rode-racewagen-nieuw\/","url":"https:\/\/www.zillions.nl\/product\/kuifje-auto-124-de-rode-racewagen-nieuw\/","name":"Kuifje auto 1:24 De Rode Racewagen Nieuw - Zillions: nieuw en gebruikt design meubilair en stoelen","isPartOf":{"@id":"https:\/\/www.zillions.nl\/de\/#website"},"primaryImageOfPage":{"@id":"https:\/\/www.zillions.nl\/product\/kuifje-auto-124-de-rode-racewagen-nieuw\/#primaryimage"},"image":{"@id":"https:\/\/www.zillions.nl\/product\/kuifje-auto-124-de-rode-racewagen-nieuw\/#primaryimage"},"thumbnailUrl":"https:\/\/www.zillions.nl\/wp-content\/uploads\/2026\/03\/moulinsart-kuifje-auto-124-01-de-rode-racewagen.webp","datePublished":"2026-03-21T18:38:43+00:00","dateModified":"2026-05-15T16:57:40+00:00","breadcrumb":{"@id":"https:\/\/www.zillions.nl\/product\/kuifje-auto-124-de-rode-racewagen-nieuw\/#breadcrumb"},"inLanguage":"de-DE","potentialAction":[{"@type":"ReadAction","target":["https:\/\/www.zillions.nl\/product\/kuifje-auto-124-de-rode-racewagen-nieuw\/"]}]},{"@type":"ImageObject","inLanguage":"de-DE","@id":"https:\/\/www.zillions.nl\/product\/kuifje-auto-124-de-rode-racewagen-nieuw\/#primaryimage","url":"https:\/\/www.zillions.nl\/wp-content\/uploads\/2026\/03\/moulinsart-kuifje-auto-124-01-de-rode-racewagen.webp","contentUrl":"https:\/\/www.zillions.nl\/wp-content\/uploads\/2026\/03\/moulinsart-kuifje-auto-124-01-de-rode-racewagen.webp","width":600,"height":600},{"@type":"BreadcrumbList","@id":"https:\/\/www.zillions.nl\/product\/kuifje-auto-124-de-rode-racewagen-nieuw\/#breadcrumb","itemListElement":[{"@type":"ListItem","position":1,"name":"Home","item":"https:\/\/www.zillions.nl\/"},{"@type":"ListItem","position":2,"name":"Shop","item":"https:\/\/www.zillions.nl\/shop\/"},{"@type":"ListItem","position":3,"name":"Kuifje auto 1:24 De Rode Racewagen Nieuw"}]},{"@type":"WebSite","@id":"https:\/\/www.zillions.nl\/de\/#website","url":"https:\/\/www.zillions.nl\/de\/","name":"Zillionen: neue und gebrauchte Designerm\u00f6bel und St\u00fchle","description":"Willkommen bei Zillions: Zillions ist auf neue und gebrauchte Designm\u00f6bel und St\u00fchle spezialisiert.","publisher":{"@id":"https:\/\/www.zillions.nl\/de\/#organization"},"potentialAction":[{"@type":"SearchAction","target":{"@type":"EntryPoint","urlTemplate":"https:\/\/www.zillions.nl\/de\/?s={search_term_string}"},"query-input":{"@type":"PropertyValueSpecification","valueRequired":true,"valueName":"search_term_string"}}],"inLanguage":"de-DE"},{"@type":"Organization","@id":"https:\/\/www.zillions.nl\/de\/#organization","name":"Zillionen: neue und gebrauchte Designerm\u00f6bel und St\u00fchle","url":"https:\/\/www.zillions.nl\/de\/","logo":{"@type":"ImageObject","inLanguage":"de-DE","@id":"https:\/\/www.zillions.nl\/de\/#\/schema\/logo\/image\/","url":"https:\/\/www.zillions.nl\/wp-content\/uploads\/2022\/11\/zillions.svg","contentUrl":"https:\/\/www.zillions.nl\/wp-content\/uploads\/2022\/11\/zillions.svg","width":208,"height":53,"caption":"Zillions: nieuw en gebruikt design meubilair en stoelen"},"image":{"@id":"https:\/\/www.zillions.nl\/de\/#\/schema\/logo\/image\/"}}]}},"_links":{"self":[{"href":"https:\/\/www.zillions.nl\/de\/wp-json\/wp\/v2\/product\/22539","targetHints":{"allow":["GET"]}}],"collection":[{"href":"https:\/\/www.zillions.nl\/de\/wp-json\/wp\/v2\/product"}],"about":[{"href":"https:\/\/www.zillions.nl\/de\/wp-json\/wp\/v2\/types\/product"}],"wp:featuredmedia":[{"embeddable":true,"href":"https:\/\/www.zillions.nl\/de\/wp-json\/wp\/v2\/media\/22540"}],"wp:attachment":[{"href":"https:\/\/www.zillions.nl\/de\/wp-json\/wp\/v2\/media?parent=22539"}],"wp:term":[{"taxonomy":"product_brand","embeddable":true,"href":"https:\/\/www.zillions.nl\/de\/wp-json\/wp\/v2\/product_brand?post=22539"},{"taxonomy":"product_cat","embeddable":true,"href":"https:\/\/www.zillions.nl\/de\/wp-json\/wp\/v2\/product_cat?post=22539"},{"taxonomy":"product_tag","embeddable":true,"href":"https:\/\/www.zillions.nl\/de\/wp-json\/wp\/v2\/product_tag?post=22539"}],"curies":[{"name":"wp","href":"https:\/\/api.w.org\/{rel}","templated":true}]}}