{"id":22446,"date":"2026-03-19T17:49:22","date_gmt":"2026-03-19T16:49:22","guid":{"rendered":"https:\/\/www.zillions.nl\/?post_type=product&#038;p=22446"},"modified":"2026-05-12T08:47:03","modified_gmt":"2026-05-12T06:47:03","slug":"magis-bombo-barkruk-zilvergrijs","status":"publish","type":"product","link":"https:\/\/www.zillions.nl\/de\/product\/magis-bombo-barkruk-zilvergrijs\/","title":{"rendered":"Magis Bombo Hocker Silbergrau"},"content":{"rendered":"<h5>Magis Bombo Hocker silbergrau \u2013 Aluminium, h\u00f6henverstellbar mit Fu\u00dfring, entworfen von Stefano Giovannoni<\/h5>\n<p><a href=\"\/de\/merken\/magis\/\">Magie<\/a> Der Bombo-Hocker aus silbergrauem Kunststoff mit Aluminiumfu\u00df besticht durch sein ikonisches Design von Stefano Giovannoni: eine flie\u00dfende, organische Form und eine minimalistische Silhouette. Dank Gasdruckfeder ist der Hocker h\u00f6henverstellbar und eignet sich ideal f\u00fcr Bar und K\u00fcche. Der runde Fu\u00df und der integrierte Fu\u00dfring sorgen f\u00fcr Stabilit\u00e4t und zus\u00e4tzlichen Komfort. Der Hocker ist ein Original mit der Artikelnummer 100% und weist alle Echtheitsmerkmale auf.<\/p>\n<p><strong>Zustand:<\/strong> Ausstellungszustand; neuwertiger Zustand<\/p>\n<p><strong>Lieferung ab Lager<\/strong><\/p>\n<p><strong>Hinweis:<\/strong> Die angegebenen Preise verstehen sich pro St\u00fcck!<\/p>\n<p><strong>Spezifikationen:<\/strong><br \/>\n<strong>Base:<\/strong> Aluminium<br \/>\n<strong>Farbe:<\/strong> Silbergrau<br \/>\n<strong>Sitzmaterial:<\/strong> Plastik<br \/>\n<strong>Einstellbar:<\/strong> Ja<br \/>\n<strong>Drehbar:<\/strong> Ja<br \/>\n<strong>Fu\u00dfring:<\/strong> Ja<\/p>\n<p>Bei Fragen oder zur Vereinbarung eines unverbindlichen Besichtigungstermins k\u00f6nnen Sie sich gerne an uns wenden. <a href=\"\/de\/\u201d\/contact\u201d\/\" target=\"\u201d_blank\u201d\">Kontakt<\/a> Kontaktieren Sie uns. Die Lieferung erfolgt \u00fcber unseren eigenen Lieferservice. Dieser Artikel l\u00e4sst sich einfach \u00fcber unseren Webshop bestellen. Hier finden Sie au\u00dferdem unser aktuelles Sortiment mit vielen weiteren Designartikeln.<\/p>\n<p><strong>Kontaktdaten (Besuch nach Vereinbarung):<\/strong><br \/>\nIndustrieweg 21<br \/>\n4131 NK Vianen<br \/>\ninfo@zillions.nl<br \/>\n030 20 72 146<\/p>","protected":false},"excerpt":{"rendered":"<p>Magis Bombo kruk zilvergrijs \u2013 aluminium verstelbaar met voetenring, ontworpen door Stefano Giovannoni Magis Bombo kruk uitgevoerd in zilvergrijs kunststof met een aluminium onderstel. Het iconische ontwerp van Stefano Giovannoni kenmerkt zich door een vloeiende, organische vorm en een minimalistisch silhouet. Dankzij de gasveer is de kruk in hoogte verstelbaar en geschikt voor bar- en [&hellip;]<\/p>\n","protected":false},"featured_media":22447,"template":"","meta":{"_acf_changed":false},"product_brand":[349],"product_cat":[16,192,193],"product_tag":[388],"class_list":{"0":"post-22446","1":"product","2":"type-product","3":"status-publish","4":"has-post-thumbnail","6":"product_brand-magis","7":"product_cat-alle-producten","8":"product_cat-krukken","9":"product_cat-overigen","10":"product_tag-magis","11":"product_shipping_class-product-shipping","13":"first","14":"instock","15":"sale","16":"purchasable","17":"product-type-simple"},"acf":[],"yoast_head":"<!-- This site is optimized with the Yoast SEO plugin v27.5 - https:\/\/yoast.com\/product\/yoast-seo-wordpress\/ -->\n<title>Magis Bombo Kruk Zilvergrijs - Zillions: nieuw en gebruikt design meubilair en stoelen<\/title>\n<meta name=\"robots\" content=\"index, follow, max-snippet:-1, max-image-preview:large, max-video-preview:-1\" \/>\n<link rel=\"canonical\" href=\"https:\/\/www.zillions.nl\/de\/product\/magis-bombo-barkruk-zilvergrijs\/\" \/>\n<meta property=\"og:locale\" content=\"de_DE\" \/>\n<meta property=\"og:type\" content=\"article\" \/>\n<meta property=\"og:title\" content=\"Magis Bombo Kruk Zilvergrijs - Zillions: nieuw en gebruikt design meubilair en stoelen\" \/>\n<meta property=\"og:description\" content=\"Magis Bombo kruk zilvergrijs \u2013 aluminium verstelbaar met voetenring, ontworpen door Stefano Giovannoni Magis Bombo kruk uitgevoerd in zilvergrijs kunststof met een aluminium onderstel. Het iconische ontwerp van Stefano Giovannoni kenmerkt zich door een vloeiende, organische vorm en een minimalistisch silhouet. Dankzij de gasveer is de kruk in hoogte verstelbaar en geschikt voor bar- en [&hellip;]\" \/>\n<meta property=\"og:url\" content=\"https:\/\/www.zillions.nl\/de\/product\/magis-bombo-barkruk-zilvergrijs\/\" \/>\n<meta property=\"og:site_name\" content=\"Zillions: nieuw en gebruikt design meubilair en stoelen\" \/>\n<meta property=\"article:modified_time\" content=\"2026-05-12T06:47:03+00:00\" \/>\n<meta property=\"og:image\" content=\"https:\/\/www.zillions.nl\/wp-content\/uploads\/2026\/03\/montis-geraldine-eetkamerstoel-rood-leer-zwart-onderstel.jpg\" \/>\n\t<meta property=\"og:image:width\" content=\"1024\" \/>\n\t<meta property=\"og:image:height\" content=\"1024\" \/>\n\t<meta property=\"og:image:type\" content=\"image\/jpeg\" \/>\n<meta name=\"twitter:card\" content=\"summary_large_image\" \/>\n<meta name=\"twitter:label1\" content=\"Est. reading time\" \/>\n\t<meta name=\"twitter:data1\" content=\"2 minutes\" \/>\n<script type=\"application\/ld+json\" class=\"yoast-schema-graph\">{\"@context\":\"https:\\\/\\\/schema.org\",\"@graph\":[{\"@type\":\"WebPage\",\"@id\":\"https:\\\/\\\/www.zillions.nl\\\/product\\\/magis-bombo-barkruk-zilvergrijs\\\/\",\"url\":\"https:\\\/\\\/www.zillions.nl\\\/product\\\/magis-bombo-barkruk-zilvergrijs\\\/\",\"name\":\"Magis Bombo Kruk Zilvergrijs - Zillions: nieuw en gebruikt design meubilair en stoelen\",\"isPartOf\":{\"@id\":\"https:\\\/\\\/www.zillions.nl\\\/de\\\/#website\"},\"primaryImageOfPage\":{\"@id\":\"https:\\\/\\\/www.zillions.nl\\\/product\\\/magis-bombo-barkruk-zilvergrijs\\\/#primaryimage\"},\"image\":{\"@id\":\"https:\\\/\\\/www.zillions.nl\\\/product\\\/magis-bombo-barkruk-zilvergrijs\\\/#primaryimage\"},\"thumbnailUrl\":\"https:\\\/\\\/www.zillions.nl\\\/wp-content\\\/uploads\\\/2026\\\/03\\\/montis-geraldine-eetkamerstoel-rood-leer-zwart-onderstel.jpg\",\"datePublished\":\"2026-03-19T16:49:22+00:00\",\"dateModified\":\"2026-05-12T06:47:03+00:00\",\"breadcrumb\":{\"@id\":\"https:\\\/\\\/www.zillions.nl\\\/product\\\/magis-bombo-barkruk-zilvergrijs\\\/#breadcrumb\"},\"inLanguage\":\"de-DE\",\"potentialAction\":[{\"@type\":\"ReadAction\",\"target\":[\"https:\\\/\\\/www.zillions.nl\\\/product\\\/magis-bombo-barkruk-zilvergrijs\\\/\"]}]},{\"@type\":\"ImageObject\",\"inLanguage\":\"de-DE\",\"@id\":\"https:\\\/\\\/www.zillions.nl\\\/product\\\/magis-bombo-barkruk-zilvergrijs\\\/#primaryimage\",\"url\":\"https:\\\/\\\/www.zillions.nl\\\/wp-content\\\/uploads\\\/2026\\\/03\\\/montis-geraldine-eetkamerstoel-rood-leer-zwart-onderstel.jpg\",\"contentUrl\":\"https:\\\/\\\/www.zillions.nl\\\/wp-content\\\/uploads\\\/2026\\\/03\\\/montis-geraldine-eetkamerstoel-rood-leer-zwart-onderstel.jpg\",\"width\":1024,\"height\":1024,\"caption\":\"Magis Bombo Kruk Antraciet \u2013 Aluminium Verstelbaar Met Voetenring\"},{\"@type\":\"BreadcrumbList\",\"@id\":\"https:\\\/\\\/www.zillions.nl\\\/product\\\/magis-bombo-barkruk-zilvergrijs\\\/#breadcrumb\",\"itemListElement\":[{\"@type\":\"ListItem\",\"position\":1,\"name\":\"Home\",\"item\":\"https:\\\/\\\/www.zillions.nl\\\/\"},{\"@type\":\"ListItem\",\"position\":2,\"name\":\"Shop\",\"item\":\"https:\\\/\\\/www.zillions.nl\\\/shop\\\/\"},{\"@type\":\"ListItem\",\"position\":3,\"name\":\"Magis Bombo Kruk Zilvergrijs\"}]},{\"@type\":\"WebSite\",\"@id\":\"https:\\\/\\\/www.zillions.nl\\\/de\\\/#website\",\"url\":\"https:\\\/\\\/www.zillions.nl\\\/de\\\/\",\"name\":\"Zillions: nieuw en gebruikt design meubilair en stoelen\",\"description\":\"Welkom bij Zillions: Zillions is gespecialiseerd in nieuw en gebruikt design meubilair en stoelen.\",\"publisher\":{\"@id\":\"https:\\\/\\\/www.zillions.nl\\\/de\\\/#organization\"},\"potentialAction\":[{\"@type\":\"SearchAction\",\"target\":{\"@type\":\"EntryPoint\",\"urlTemplate\":\"https:\\\/\\\/www.zillions.nl\\\/de\\\/?s={search_term_string}\"},\"query-input\":{\"@type\":\"PropertyValueSpecification\",\"valueRequired\":true,\"valueName\":\"search_term_string\"}}],\"inLanguage\":\"de-DE\"},{\"@type\":\"Organization\",\"@id\":\"https:\\\/\\\/www.zillions.nl\\\/de\\\/#organization\",\"name\":\"Zillions: nieuw en gebruikt design meubilair en stoelen\",\"url\":\"https:\\\/\\\/www.zillions.nl\\\/de\\\/\",\"logo\":{\"@type\":\"ImageObject\",\"inLanguage\":\"de-DE\",\"@id\":\"https:\\\/\\\/www.zillions.nl\\\/de\\\/#\\\/schema\\\/logo\\\/image\\\/\",\"url\":\"https:\\\/\\\/www.zillions.nl\\\/wp-content\\\/uploads\\\/2022\\\/11\\\/zillions.svg\",\"contentUrl\":\"https:\\\/\\\/www.zillions.nl\\\/wp-content\\\/uploads\\\/2022\\\/11\\\/zillions.svg\",\"width\":208,\"height\":53,\"caption\":\"Zillions: nieuw en gebruikt design meubilair en stoelen\"},\"image\":{\"@id\":\"https:\\\/\\\/www.zillions.nl\\\/de\\\/#\\\/schema\\\/logo\\\/image\\\/\"}}]}<\/script>\n<!-- \/ Yoast SEO plugin. -->","yoast_head_json":{"title":"Magis Bombo Hocker Silbergrau - Zillions: Neue und gebrauchte Designerm\u00f6bel und St\u00fchle","robots":{"index":"index","follow":"follow","max-snippet":"max-snippet:-1","max-image-preview":"max-image-preview:large","max-video-preview":"max-video-preview:-1"},"canonical":"https:\/\/www.zillions.nl\/de\/product\/magis-bombo-barkruk-zilvergrijs\/","og_locale":"de_DE","og_type":"article","og_title":"Magis Bombo Kruk Zilvergrijs - Zillions: nieuw en gebruikt design meubilair en stoelen","og_description":"Magis Bombo kruk zilvergrijs \u2013 aluminium verstelbaar met voetenring, ontworpen door Stefano Giovannoni Magis Bombo kruk uitgevoerd in zilvergrijs kunststof met een aluminium onderstel. Het iconische ontwerp van Stefano Giovannoni kenmerkt zich door een vloeiende, organische vorm en een minimalistisch silhouet. Dankzij de gasveer is de kruk in hoogte verstelbaar en geschikt voor bar- en [&hellip;]","og_url":"https:\/\/www.zillions.nl\/de\/product\/magis-bombo-barkruk-zilvergrijs\/","og_site_name":"Zillions: nieuw en gebruikt design meubilair en stoelen","article_modified_time":"2026-05-12T06:47:03+00:00","og_image":[{"width":1024,"height":1024,"url":"https:\/\/www.zillions.nl\/wp-content\/uploads\/2026\/03\/montis-geraldine-eetkamerstoel-rood-leer-zwart-onderstel.jpg","type":"image\/jpeg"}],"twitter_card":"summary_large_image","twitter_misc":{"Est. reading time":"2 minutes"},"schema":{"@context":"https:\/\/schema.org","@graph":[{"@type":"WebPage","@id":"https:\/\/www.zillions.nl\/product\/magis-bombo-barkruk-zilvergrijs\/","url":"https:\/\/www.zillions.nl\/product\/magis-bombo-barkruk-zilvergrijs\/","name":"Magis Bombo Hocker Silbergrau - Zillions: Neue und gebrauchte Designerm\u00f6bel und St\u00fchle","isPartOf":{"@id":"https:\/\/www.zillions.nl\/de\/#website"},"primaryImageOfPage":{"@id":"https:\/\/www.zillions.nl\/product\/magis-bombo-barkruk-zilvergrijs\/#primaryimage"},"image":{"@id":"https:\/\/www.zillions.nl\/product\/magis-bombo-barkruk-zilvergrijs\/#primaryimage"},"thumbnailUrl":"https:\/\/www.zillions.nl\/wp-content\/uploads\/2026\/03\/montis-geraldine-eetkamerstoel-rood-leer-zwart-onderstel.jpg","datePublished":"2026-03-19T16:49:22+00:00","dateModified":"2026-05-12T06:47:03+00:00","breadcrumb":{"@id":"https:\/\/www.zillions.nl\/product\/magis-bombo-barkruk-zilvergrijs\/#breadcrumb"},"inLanguage":"de-DE","potentialAction":[{"@type":"ReadAction","target":["https:\/\/www.zillions.nl\/product\/magis-bombo-barkruk-zilvergrijs\/"]}]},{"@type":"ImageObject","inLanguage":"de-DE","@id":"https:\/\/www.zillions.nl\/product\/magis-bombo-barkruk-zilvergrijs\/#primaryimage","url":"https:\/\/www.zillions.nl\/wp-content\/uploads\/2026\/03\/montis-geraldine-eetkamerstoel-rood-leer-zwart-onderstel.jpg","contentUrl":"https:\/\/www.zillions.nl\/wp-content\/uploads\/2026\/03\/montis-geraldine-eetkamerstoel-rood-leer-zwart-onderstel.jpg","width":1024,"height":1024,"caption":"Magis Bombo Kruk Antraciet \u2013 Aluminium Verstelbaar Met Voetenring"},{"@type":"BreadcrumbList","@id":"https:\/\/www.zillions.nl\/product\/magis-bombo-barkruk-zilvergrijs\/#breadcrumb","itemListElement":[{"@type":"ListItem","position":1,"name":"Home","item":"https:\/\/www.zillions.nl\/"},{"@type":"ListItem","position":2,"name":"Shop","item":"https:\/\/www.zillions.nl\/shop\/"},{"@type":"ListItem","position":3,"name":"Magis Bombo Kruk Zilvergrijs"}]},{"@type":"WebSite","@id":"https:\/\/www.zillions.nl\/de\/#website","url":"https:\/\/www.zillions.nl\/de\/","name":"Zillionen: neue und gebrauchte Designerm\u00f6bel und St\u00fchle","description":"Willkommen bei Zillions: Zillions ist auf neue und gebrauchte Designm\u00f6bel und St\u00fchle spezialisiert.","publisher":{"@id":"https:\/\/www.zillions.nl\/de\/#organization"},"potentialAction":[{"@type":"SearchAction","target":{"@type":"EntryPoint","urlTemplate":"https:\/\/www.zillions.nl\/de\/?s={search_term_string}"},"query-input":{"@type":"PropertyValueSpecification","valueRequired":true,"valueName":"search_term_string"}}],"inLanguage":"de-DE"},{"@type":"Organization","@id":"https:\/\/www.zillions.nl\/de\/#organization","name":"Zillionen: neue und gebrauchte Designerm\u00f6bel und St\u00fchle","url":"https:\/\/www.zillions.nl\/de\/","logo":{"@type":"ImageObject","inLanguage":"de-DE","@id":"https:\/\/www.zillions.nl\/de\/#\/schema\/logo\/image\/","url":"https:\/\/www.zillions.nl\/wp-content\/uploads\/2022\/11\/zillions.svg","contentUrl":"https:\/\/www.zillions.nl\/wp-content\/uploads\/2022\/11\/zillions.svg","width":208,"height":53,"caption":"Zillions: nieuw en gebruikt design meubilair en stoelen"},"image":{"@id":"https:\/\/www.zillions.nl\/de\/#\/schema\/logo\/image\/"}}]}},"_links":{"self":[{"href":"https:\/\/www.zillions.nl\/de\/wp-json\/wp\/v2\/product\/22446","targetHints":{"allow":["GET"]}}],"collection":[{"href":"https:\/\/www.zillions.nl\/de\/wp-json\/wp\/v2\/product"}],"about":[{"href":"https:\/\/www.zillions.nl\/de\/wp-json\/wp\/v2\/types\/product"}],"wp:featuredmedia":[{"embeddable":true,"href":"https:\/\/www.zillions.nl\/de\/wp-json\/wp\/v2\/media\/22447"}],"wp:attachment":[{"href":"https:\/\/www.zillions.nl\/de\/wp-json\/wp\/v2\/media?parent=22446"}],"wp:term":[{"taxonomy":"product_brand","embeddable":true,"href":"https:\/\/www.zillions.nl\/de\/wp-json\/wp\/v2\/product_brand?post=22446"},{"taxonomy":"product_cat","embeddable":true,"href":"https:\/\/www.zillions.nl\/de\/wp-json\/wp\/v2\/product_cat?post=22446"},{"taxonomy":"product_tag","embeddable":true,"href":"https:\/\/www.zillions.nl\/de\/wp-json\/wp\/v2\/product_tag?post=22446"}],"curies":[{"name":"wp","href":"https:\/\/api.w.org\/{rel}","templated":true}]}}