{"id":22398,"date":"2026-03-18T23:47:45","date_gmt":"2026-03-18T22:47:45","guid":{"rendered":"https:\/\/www.zillions.nl\/?post_type=product&#038;p=22398"},"modified":"2026-05-06T17:13:27","modified_gmt":"2026-05-06T15:13:27","slug":"vitra-eames-ea-119-bureaustoel-donkerbruin-leer-aluminium","status":"publish","type":"product","link":"https:\/\/www.zillions.nl\/de\/product\/vitra-eames-ea-119-bureaustoel-donkerbruin-leer-aluminium\/","title":{"rendered":"Vitra Eames EA 119 B\u00fcrostuhl, dunkelgraues Leder \u2013 Aluminium"},"content":{"rendered":"<h5>Vitra Eames EA119 B\u00fcrostuhl, dunkelgraues Leder, Aluminiumfu\u00df<\/h5>\n<p><a href=\"\/de\/merken\/vitra\/\">Vitra<\/a> Eames EA119 bureaustoel uitgevoerd in donkergrijs leer met een aluminium onderstel. Het ontwerp van Charles en Ray Eames kenmerkt zich door een slanke vormgeving en een doordachte ergonomische opbouw. De combinatie van leer en aluminium zorgt voor een gebalanceerde zit en een tijdloze uitstraling. De stoel is draaibaar, kantelbaar en in hoogte verstelbaar, waardoor deze geschikt is voor verschillende werkplekken. De bureaustoel is 100% origineel en voorzien van alle echtheidskenmerken.<\/p>\n<p><strong>Zustand:<\/strong> Neuwertiger Zustand; in einwandfreiem Zustand<\/p>\n<p><strong>Lieferung ab Lager<\/strong><\/p>\n<p><strong>Hinweis: <\/strong>Die angegebenen Preise gelten pro Artikel!<\/p>\n<p><strong>Spezifikationen:<\/strong><br \/>\n<strong>Polster: <\/strong>Lernen<br \/>\n<strong>Farbe: <\/strong>Dunkelgrau<br \/>\n<strong>Base: <\/strong>Aluminium<br \/>\n<strong>Beenden: <\/strong>Poliert<br \/>\n<strong>Typ: <\/strong>EA 119<br \/>\n<strong>R\u00fcckenlehne: <\/strong>Hoch<br \/>\n<strong>Armlehne: <\/strong>Aluminium<br \/>\n<strong>Functies: <\/strong>Draaibaar, kantelbaar en in hoogte verstelbaar<\/p>\n<p>Bei Fragen oder zur Vereinbarung eines unverbindlichen Besichtigungstermins k\u00f6nnen Sie sich gerne an uns wenden. <a href=\"\/de\/contact\/\" target=\"_blank\" rel=\"noopener\">Kontakt<\/a> Kontaktieren Sie uns. Die Lieferung erfolgt \u00fcber unseren eigenen Lieferservice. Dieser Artikel l\u00e4sst sich einfach \u00fcber unseren Webshop bestellen. Hier finden Sie au\u00dferdem unser aktuelles Sortiment mit vielen weiteren Designartikeln.<\/p>\n<p><strong>Kontaktdaten (Besuch nach Vereinbarung):<\/strong><br \/>\nIndustrieweg 21<br \/>\n4131 NK Vianen<br \/>\ninfo@zillions.nl<br \/>\n030 20 72 146<\/p>","protected":false},"excerpt":{"rendered":"<p>Vitra Eames EA119 bureaustoel donkergrijs leer \u2013 aluminium onderstel Vitra Eames EA119 bureaustoel uitgevoerd in donkergrijs leer met een aluminium onderstel. Het ontwerp van Charles en Ray Eames kenmerkt zich door een slanke vormgeving en een doordachte ergonomische opbouw. De combinatie van leer en aluminium zorgt voor een gebalanceerde zit en een tijdloze uitstraling. De [&hellip;]<\/p>\n","protected":false},"featured_media":22399,"template":"","meta":{"_acf_changed":false},"product_brand":[202],"product_cat":[186],"product_tag":[322],"class_list":{"0":"post-22398","1":"product","2":"type-product","3":"status-publish","4":"has-post-thumbnail","6":"product_brand-vitra","7":"product_cat-bureaustoelen","8":"product_tag-vitra","9":"product_model-ea-119","11":"first","12":"instock","13":"sale","14":"purchasable","15":"product-type-simple"},"acf":[],"yoast_head":"<!-- This site is optimized with the Yoast SEO plugin v27.5 - https:\/\/yoast.com\/product\/yoast-seo-wordpress\/ -->\n<title>Vitra Eames EA 119 Bureaustoel Donkergrijs Leer \u2013 Aluminium - Zillions: nieuw en gebruikt design meubilair en stoelen<\/title>\n<meta name=\"robots\" content=\"index, follow, max-snippet:-1, max-image-preview:large, max-video-preview:-1\" \/>\n<link rel=\"canonical\" href=\"https:\/\/www.zillions.nl\/de\/product\/vitra-eames-ea-119-bureaustoel-donkerbruin-leer-aluminium\/\" \/>\n<meta property=\"og:locale\" content=\"de_DE\" \/>\n<meta property=\"og:type\" content=\"article\" \/>\n<meta property=\"og:title\" content=\"Vitra Eames EA 119 Bureaustoel Donkergrijs Leer \u2013 Aluminium - Zillions: nieuw en gebruikt design meubilair en stoelen\" \/>\n<meta property=\"og:description\" content=\"Vitra Eames EA119 bureaustoel donkergrijs leer \u2013 aluminium onderstel Vitra Eames EA119 bureaustoel uitgevoerd in donkergrijs leer met een aluminium onderstel. Het ontwerp van Charles en Ray Eames kenmerkt zich door een slanke vormgeving en een doordachte ergonomische opbouw. De combinatie van leer en aluminium zorgt voor een gebalanceerde zit en een tijdloze uitstraling. De [&hellip;]\" \/>\n<meta property=\"og:url\" content=\"https:\/\/www.zillions.nl\/de\/product\/vitra-eames-ea-119-bureaustoel-donkerbruin-leer-aluminium\/\" \/>\n<meta property=\"og:site_name\" content=\"Zillions: nieuw en gebruikt design meubilair en stoelen\" \/>\n<meta property=\"article:modified_time\" content=\"2026-05-06T15:13:27+00:00\" \/>\n<meta property=\"og:image\" content=\"https:\/\/www.zillions.nl\/wp-content\/uploads\/2026\/03\/vitra-eames-ea119-bureaustoel-leer-aluminium.jpg\" \/>\n\t<meta property=\"og:image:width\" content=\"1024\" \/>\n\t<meta property=\"og:image:height\" content=\"1024\" \/>\n\t<meta property=\"og:image:type\" content=\"image\/jpeg\" \/>\n<meta name=\"twitter:card\" content=\"summary_large_image\" \/>\n<meta name=\"twitter:label1\" content=\"Est. reading time\" \/>\n\t<meta name=\"twitter:data1\" content=\"2 minutes\" \/>\n<script type=\"application\/ld+json\" class=\"yoast-schema-graph\">{\"@context\":\"https:\\\/\\\/schema.org\",\"@graph\":[{\"@type\":\"WebPage\",\"@id\":\"https:\\\/\\\/www.zillions.nl\\\/product\\\/vitra-eames-ea-119-bureaustoel-donkerbruin-leer-aluminium\\\/\",\"url\":\"https:\\\/\\\/www.zillions.nl\\\/product\\\/vitra-eames-ea-119-bureaustoel-donkerbruin-leer-aluminium\\\/\",\"name\":\"Vitra Eames EA 119 Bureaustoel Donkergrijs Leer \u2013 Aluminium - Zillions: nieuw en gebruikt design meubilair en stoelen\",\"isPartOf\":{\"@id\":\"https:\\\/\\\/www.zillions.nl\\\/de\\\/#website\"},\"primaryImageOfPage\":{\"@id\":\"https:\\\/\\\/www.zillions.nl\\\/product\\\/vitra-eames-ea-119-bureaustoel-donkerbruin-leer-aluminium\\\/#primaryimage\"},\"image\":{\"@id\":\"https:\\\/\\\/www.zillions.nl\\\/product\\\/vitra-eames-ea-119-bureaustoel-donkerbruin-leer-aluminium\\\/#primaryimage\"},\"thumbnailUrl\":\"https:\\\/\\\/www.zillions.nl\\\/wp-content\\\/uploads\\\/2026\\\/03\\\/vitra-eames-ea119-bureaustoel-leer-aluminium.jpg\",\"datePublished\":\"2026-03-18T22:47:45+00:00\",\"dateModified\":\"2026-05-06T15:13:27+00:00\",\"breadcrumb\":{\"@id\":\"https:\\\/\\\/www.zillions.nl\\\/product\\\/vitra-eames-ea-119-bureaustoel-donkerbruin-leer-aluminium\\\/#breadcrumb\"},\"inLanguage\":\"de-DE\",\"potentialAction\":[{\"@type\":\"ReadAction\",\"target\":[\"https:\\\/\\\/www.zillions.nl\\\/product\\\/vitra-eames-ea-119-bureaustoel-donkerbruin-leer-aluminium\\\/\"]}]},{\"@type\":\"ImageObject\",\"inLanguage\":\"de-DE\",\"@id\":\"https:\\\/\\\/www.zillions.nl\\\/product\\\/vitra-eames-ea-119-bureaustoel-donkerbruin-leer-aluminium\\\/#primaryimage\",\"url\":\"https:\\\/\\\/www.zillions.nl\\\/wp-content\\\/uploads\\\/2026\\\/03\\\/vitra-eames-ea119-bureaustoel-leer-aluminium.jpg\",\"contentUrl\":\"https:\\\/\\\/www.zillions.nl\\\/wp-content\\\/uploads\\\/2026\\\/03\\\/vitra-eames-ea119-bureaustoel-leer-aluminium.jpg\",\"width\":1024,\"height\":1024,\"caption\":\"Vitra Eames EA119 bureaustoel leer \u2013 aluminium\"},{\"@type\":\"BreadcrumbList\",\"@id\":\"https:\\\/\\\/www.zillions.nl\\\/product\\\/vitra-eames-ea-119-bureaustoel-donkerbruin-leer-aluminium\\\/#breadcrumb\",\"itemListElement\":[{\"@type\":\"ListItem\",\"position\":1,\"name\":\"Home\",\"item\":\"https:\\\/\\\/www.zillions.nl\\\/\"},{\"@type\":\"ListItem\",\"position\":2,\"name\":\"Shop\",\"item\":\"https:\\\/\\\/www.zillions.nl\\\/shop\\\/\"},{\"@type\":\"ListItem\",\"position\":3,\"name\":\"Vitra Eames EA 119 Bureaustoel Donkergrijs Leer \u2013 Aluminium\"}]},{\"@type\":\"WebSite\",\"@id\":\"https:\\\/\\\/www.zillions.nl\\\/de\\\/#website\",\"url\":\"https:\\\/\\\/www.zillions.nl\\\/de\\\/\",\"name\":\"Zillions: nieuw en gebruikt design meubilair en stoelen\",\"description\":\"Welkom bij Zillions: Zillions is gespecialiseerd in nieuw en gebruikt design meubilair en stoelen.\",\"publisher\":{\"@id\":\"https:\\\/\\\/www.zillions.nl\\\/de\\\/#organization\"},\"potentialAction\":[{\"@type\":\"SearchAction\",\"target\":{\"@type\":\"EntryPoint\",\"urlTemplate\":\"https:\\\/\\\/www.zillions.nl\\\/de\\\/?s={search_term_string}\"},\"query-input\":{\"@type\":\"PropertyValueSpecification\",\"valueRequired\":true,\"valueName\":\"search_term_string\"}}],\"inLanguage\":\"de-DE\"},{\"@type\":\"Organization\",\"@id\":\"https:\\\/\\\/www.zillions.nl\\\/de\\\/#organization\",\"name\":\"Zillions: nieuw en gebruikt design meubilair en stoelen\",\"url\":\"https:\\\/\\\/www.zillions.nl\\\/de\\\/\",\"logo\":{\"@type\":\"ImageObject\",\"inLanguage\":\"de-DE\",\"@id\":\"https:\\\/\\\/www.zillions.nl\\\/de\\\/#\\\/schema\\\/logo\\\/image\\\/\",\"url\":\"https:\\\/\\\/www.zillions.nl\\\/wp-content\\\/uploads\\\/2022\\\/11\\\/zillions.svg\",\"contentUrl\":\"https:\\\/\\\/www.zillions.nl\\\/wp-content\\\/uploads\\\/2022\\\/11\\\/zillions.svg\",\"width\":208,\"height\":53,\"caption\":\"Zillions: nieuw en gebruikt design meubilair en stoelen\"},\"image\":{\"@id\":\"https:\\\/\\\/www.zillions.nl\\\/de\\\/#\\\/schema\\\/logo\\\/image\\\/\"}}]}<\/script>\n<!-- \/ Yoast SEO plugin. -->","yoast_head_json":{"title":"Vitra Eames EA 119 Bureaustoel Donkergrijs Leer \u2013 Aluminium - Zillions: nieuw en gebruikt design meubilair en stoelen","robots":{"index":"index","follow":"follow","max-snippet":"max-snippet:-1","max-image-preview":"max-image-preview:large","max-video-preview":"max-video-preview:-1"},"canonical":"https:\/\/www.zillions.nl\/de\/product\/vitra-eames-ea-119-bureaustoel-donkerbruin-leer-aluminium\/","og_locale":"de_DE","og_type":"article","og_title":"Vitra Eames EA 119 Bureaustoel Donkergrijs Leer \u2013 Aluminium - Zillions: nieuw en gebruikt design meubilair en stoelen","og_description":"Vitra Eames EA119 bureaustoel donkergrijs leer \u2013 aluminium onderstel Vitra Eames EA119 bureaustoel uitgevoerd in donkergrijs leer met een aluminium onderstel. Het ontwerp van Charles en Ray Eames kenmerkt zich door een slanke vormgeving en een doordachte ergonomische opbouw. De combinatie van leer en aluminium zorgt voor een gebalanceerde zit en een tijdloze uitstraling. De [&hellip;]","og_url":"https:\/\/www.zillions.nl\/de\/product\/vitra-eames-ea-119-bureaustoel-donkerbruin-leer-aluminium\/","og_site_name":"Zillions: nieuw en gebruikt design meubilair en stoelen","article_modified_time":"2026-05-06T15:13:27+00:00","og_image":[{"width":1024,"height":1024,"url":"https:\/\/www.zillions.nl\/wp-content\/uploads\/2026\/03\/vitra-eames-ea119-bureaustoel-leer-aluminium.jpg","type":"image\/jpeg"}],"twitter_card":"summary_large_image","twitter_misc":{"Est. reading time":"2 minutes"},"schema":{"@context":"https:\/\/schema.org","@graph":[{"@type":"WebPage","@id":"https:\/\/www.zillions.nl\/product\/vitra-eames-ea-119-bureaustoel-donkerbruin-leer-aluminium\/","url":"https:\/\/www.zillions.nl\/product\/vitra-eames-ea-119-bureaustoel-donkerbruin-leer-aluminium\/","name":"Vitra Eames EA 119 Bureaustoel Donkergrijs Leer \u2013 Aluminium - Zillions: nieuw en gebruikt design meubilair en stoelen","isPartOf":{"@id":"https:\/\/www.zillions.nl\/de\/#website"},"primaryImageOfPage":{"@id":"https:\/\/www.zillions.nl\/product\/vitra-eames-ea-119-bureaustoel-donkerbruin-leer-aluminium\/#primaryimage"},"image":{"@id":"https:\/\/www.zillions.nl\/product\/vitra-eames-ea-119-bureaustoel-donkerbruin-leer-aluminium\/#primaryimage"},"thumbnailUrl":"https:\/\/www.zillions.nl\/wp-content\/uploads\/2026\/03\/vitra-eames-ea119-bureaustoel-leer-aluminium.jpg","datePublished":"2026-03-18T22:47:45+00:00","dateModified":"2026-05-06T15:13:27+00:00","breadcrumb":{"@id":"https:\/\/www.zillions.nl\/product\/vitra-eames-ea-119-bureaustoel-donkerbruin-leer-aluminium\/#breadcrumb"},"inLanguage":"de-DE","potentialAction":[{"@type":"ReadAction","target":["https:\/\/www.zillions.nl\/product\/vitra-eames-ea-119-bureaustoel-donkerbruin-leer-aluminium\/"]}]},{"@type":"ImageObject","inLanguage":"de-DE","@id":"https:\/\/www.zillions.nl\/product\/vitra-eames-ea-119-bureaustoel-donkerbruin-leer-aluminium\/#primaryimage","url":"https:\/\/www.zillions.nl\/wp-content\/uploads\/2026\/03\/vitra-eames-ea119-bureaustoel-leer-aluminium.jpg","contentUrl":"https:\/\/www.zillions.nl\/wp-content\/uploads\/2026\/03\/vitra-eames-ea119-bureaustoel-leer-aluminium.jpg","width":1024,"height":1024,"caption":"Vitra Eames EA119 bureaustoel leer \u2013 aluminium"},{"@type":"BreadcrumbList","@id":"https:\/\/www.zillions.nl\/product\/vitra-eames-ea-119-bureaustoel-donkerbruin-leer-aluminium\/#breadcrumb","itemListElement":[{"@type":"ListItem","position":1,"name":"Home","item":"https:\/\/www.zillions.nl\/"},{"@type":"ListItem","position":2,"name":"Shop","item":"https:\/\/www.zillions.nl\/shop\/"},{"@type":"ListItem","position":3,"name":"Vitra Eames EA 119 Bureaustoel Donkergrijs Leer \u2013 Aluminium"}]},{"@type":"WebSite","@id":"https:\/\/www.zillions.nl\/de\/#website","url":"https:\/\/www.zillions.nl\/de\/","name":"Zillionen: neue und gebrauchte Designerm\u00f6bel und St\u00fchle","description":"Willkommen bei Zillions: Zillions ist auf neue und gebrauchte Designm\u00f6bel und St\u00fchle spezialisiert.","publisher":{"@id":"https:\/\/www.zillions.nl\/de\/#organization"},"potentialAction":[{"@type":"SearchAction","target":{"@type":"EntryPoint","urlTemplate":"https:\/\/www.zillions.nl\/de\/?s={search_term_string}"},"query-input":{"@type":"PropertyValueSpecification","valueRequired":true,"valueName":"search_term_string"}}],"inLanguage":"de-DE"},{"@type":"Organization","@id":"https:\/\/www.zillions.nl\/de\/#organization","name":"Zillionen: neue und gebrauchte Designerm\u00f6bel und St\u00fchle","url":"https:\/\/www.zillions.nl\/de\/","logo":{"@type":"ImageObject","inLanguage":"de-DE","@id":"https:\/\/www.zillions.nl\/de\/#\/schema\/logo\/image\/","url":"https:\/\/www.zillions.nl\/wp-content\/uploads\/2022\/11\/zillions.svg","contentUrl":"https:\/\/www.zillions.nl\/wp-content\/uploads\/2022\/11\/zillions.svg","width":208,"height":53,"caption":"Zillions: nieuw en gebruikt design meubilair en stoelen"},"image":{"@id":"https:\/\/www.zillions.nl\/de\/#\/schema\/logo\/image\/"}}]}},"_links":{"self":[{"href":"https:\/\/www.zillions.nl\/de\/wp-json\/wp\/v2\/product\/22398","targetHints":{"allow":["GET"]}}],"collection":[{"href":"https:\/\/www.zillions.nl\/de\/wp-json\/wp\/v2\/product"}],"about":[{"href":"https:\/\/www.zillions.nl\/de\/wp-json\/wp\/v2\/types\/product"}],"wp:featuredmedia":[{"embeddable":true,"href":"https:\/\/www.zillions.nl\/de\/wp-json\/wp\/v2\/media\/22399"}],"wp:attachment":[{"href":"https:\/\/www.zillions.nl\/de\/wp-json\/wp\/v2\/media?parent=22398"}],"wp:term":[{"taxonomy":"product_brand","embeddable":true,"href":"https:\/\/www.zillions.nl\/de\/wp-json\/wp\/v2\/product_brand?post=22398"},{"taxonomy":"product_cat","embeddable":true,"href":"https:\/\/www.zillions.nl\/de\/wp-json\/wp\/v2\/product_cat?post=22398"},{"taxonomy":"product_tag","embeddable":true,"href":"https:\/\/www.zillions.nl\/de\/wp-json\/wp\/v2\/product_tag?post=22398"}],"curies":[{"name":"wp","href":"https:\/\/api.w.org\/{rel}","templated":true}]}}