{"id":22352,"date":"2026-03-18T16:56:28","date_gmt":"2026-03-18T15:56:28","guid":{"rendered":"https:\/\/www.zillions.nl\/?post_type=product&#038;p=22352"},"modified":"2026-04-15T11:40:55","modified_gmt":"2026-04-15T09:40:55","slug":"vitra-ea-119-bureaustoel-zwart-hopsak","status":"publish","type":"product","link":"https:\/\/www.zillions.nl\/de\/product\/vitra-ea-119-bureaustoel-zwart-hopsak\/","title":{"rendered":"Vitra EA 119 B\u00fcrostuhl Schwarz Hopsak \u2013 Schwarz"},"content":{"rendered":"<h5>Vitra EA 119 B\u00fcrostuhl schwarz Hopsak \u2013 schwarzes Gestell mit Armlehnen<\/h5>\n<p><a href=\"\/de\/merken\/vitra\/\">Vitra<\/a> Der B\u00fcrostuhl EA 119 ist mit schwarzem Hopsak-Stoff bezogen und verf\u00fcgt \u00fcber ein schwarzes Metallgestell sowie feste Armlehnen. Das Design von Charles &amp; Ray Eames zeichnet sich durch ein schlankes Profil und eine hochwertige Verarbeitung aus, die Komfort und Eleganz vereint. Dank seiner ergonomischen Form bietet dieser B\u00fcrostuhl angenehmen Sitzkomfort und eignet sich f\u00fcr den t\u00e4glichen Gebrauch im B\u00fcro und zu Hause. Der Stuhl ist original 100% und tr\u00e4gt alle Echtheitsmerkmale.<\/p>\n<p><strong>Zustand:<\/strong> jung verwendet; Nur kurze Zeit genutzt, in gutem Zustand<\/p>\n<p><strong>Lieferung ab Lager<\/strong><\/p>\n<p><strong>Hinweis:<\/strong> Die angezeigten Preise sind <u>pro St\u00fcck!<\/u><\/p>\n<p><strong>Spezifikationen:<\/strong><br \/>\n<strong>Sitz:<\/strong> Hopsak<br \/>\n<strong>Farbe:<\/strong> Schwarz<br \/>\n<strong>Base:<\/strong> Schwarze mobile Basis<br \/>\n<strong>Rahmen:<\/strong> Black Metal<br \/>\n<strong>Armlehne:<\/strong> Ja<br \/>\n<strong>R\u00fcckenlehne:<\/strong> Hoch<br \/>\n<strong>Drehbar:<\/strong> Ja<br \/>\n<strong>Einstellbar:<\/strong> Ja<br \/>\n<strong>Sitzh\u00f6he:<\/strong>\u00a039,5 \u2013 50,8 cm; h\u00f6henverstellbar<br \/>\n<strong>Volle H\u00f6he:<\/strong>\u00a0101,5 cm \u2013 113,5 cm<br \/>\n<strong>Sitzbreite:<\/strong>\u00a052,5 cm<br \/>\n<strong>Sitztiefe:<\/strong> 46,5 cm<\/p>\n<p>Bei Fragen oder zur Vereinbarung eines unverbindlichen Besichtigungstermins k\u00f6nnen Sie sich jederzeit an uns wenden. Die Lieferung erfolgt \u00fcber unseren eigenen Lieferservice. Sie k\u00f6nnen diesen Artikel ganz einfach \u00fcber unseren Webshop bestellen. Dort finden Sie au\u00dferdem unser aktuelles Sortiment mit vielen weiteren Designartikeln.<\/p>\n<p><strong>Kontaktdaten (Besuch nach Vereinbarung):<\/strong><br \/>\nIndustrieweg 21<br \/>\n4131 NK Vianen<br \/>\ninfo@zillions.nl<br \/>\n030 20 72 146<\/p>","protected":false},"excerpt":{"rendered":"<p>Vitra EA 119 bureaustoel zwart hopsak \u2013 zwart frame met armleuningen Vitra EA 119 bureaustoel uitgevoerd in zwart hopsak met een zwart metalen frame en vaste armleuningen. Het ontwerp van Charles &amp; Ray Eames kenmerkt zich door een slank profiel en een hoogwaardige afwerking waarbij comfort en elegantie samenkomen. Dankzij de ergonomische vorm biedt deze [&hellip;]<\/p>\n","protected":false},"featured_media":22376,"template":"","meta":{"_acf_changed":false},"product_brand":[202],"product_cat":[16,186],"product_tag":[322],"class_list":{"0":"post-22352","1":"product","2":"type-product","3":"status-publish","4":"has-post-thumbnail","6":"product_brand-vitra","7":"product_cat-alle-producten","8":"product_cat-bureaustoelen","9":"product_tag-vitra","10":"pa_brands-vitra","11":"product_model-ea-119","13":"first","14":"instock","15":"sale","16":"purchasable","17":"product-type-simple"},"acf":[],"yoast_head":"<!-- This site is optimized with the Yoast SEO plugin v27.5 - https:\/\/yoast.com\/product\/yoast-seo-wordpress\/ -->\n<title>Vitra EA 119 Bureaustoel Zwart Hopsak - Zwart - Zillions: nieuw en gebruikt design meubilair en stoelen<\/title>\n<meta name=\"robots\" content=\"index, follow, max-snippet:-1, max-image-preview:large, max-video-preview:-1\" \/>\n<link rel=\"canonical\" href=\"https:\/\/www.zillions.nl\/de\/product\/vitra-ea-119-bureaustoel-zwart-hopsak\/\" \/>\n<meta property=\"og:locale\" content=\"de_DE\" \/>\n<meta property=\"og:type\" content=\"article\" \/>\n<meta property=\"og:title\" content=\"Vitra EA 119 Bureaustoel Zwart Hopsak - Zwart - Zillions: nieuw en gebruikt design meubilair en stoelen\" \/>\n<meta property=\"og:description\" content=\"Vitra EA 119 bureaustoel zwart hopsak \u2013 zwart frame met armleuningen Vitra EA 119 bureaustoel uitgevoerd in zwart hopsak met een zwart metalen frame en vaste armleuningen. Het ontwerp van Charles &amp; Ray Eames kenmerkt zich door een slank profiel en een hoogwaardige afwerking waarbij comfort en elegantie samenkomen. Dankzij de ergonomische vorm biedt deze [&hellip;]\" \/>\n<meta property=\"og:url\" content=\"https:\/\/www.zillions.nl\/de\/product\/vitra-ea-119-bureaustoel-zwart-hopsak\/\" \/>\n<meta property=\"og:site_name\" content=\"Zillions: nieuw en gebruikt design meubilair en stoelen\" \/>\n<meta property=\"article:modified_time\" content=\"2026-04-15T09:40:55+00:00\" \/>\n<meta property=\"og:image\" content=\"https:\/\/www.zillions.nl\/wp-content\/uploads\/2026\/03\/vitra-eames-ea-119-bureaustoel-zwart-hopsak-links.jpg\" \/>\n\t<meta property=\"og:image:width\" content=\"1024\" \/>\n\t<meta property=\"og:image:height\" content=\"1024\" \/>\n\t<meta property=\"og:image:type\" content=\"image\/jpeg\" \/>\n<meta name=\"twitter:card\" content=\"summary_large_image\" \/>\n<meta name=\"twitter:label1\" content=\"Est. reading time\" \/>\n\t<meta name=\"twitter:data1\" content=\"2 minutes\" \/>\n<script type=\"application\/ld+json\" class=\"yoast-schema-graph\">{\"@context\":\"https:\\\/\\\/schema.org\",\"@graph\":[{\"@type\":\"WebPage\",\"@id\":\"https:\\\/\\\/www.zillions.nl\\\/product\\\/vitra-ea-119-bureaustoel-zwart-hopsak\\\/\",\"url\":\"https:\\\/\\\/www.zillions.nl\\\/product\\\/vitra-ea-119-bureaustoel-zwart-hopsak\\\/\",\"name\":\"Vitra EA 119 Bureaustoel Zwart Hopsak - Zwart - Zillions: nieuw en gebruikt design meubilair en stoelen\",\"isPartOf\":{\"@id\":\"https:\\\/\\\/www.zillions.nl\\\/de\\\/#website\"},\"primaryImageOfPage\":{\"@id\":\"https:\\\/\\\/www.zillions.nl\\\/product\\\/vitra-ea-119-bureaustoel-zwart-hopsak\\\/#primaryimage\"},\"image\":{\"@id\":\"https:\\\/\\\/www.zillions.nl\\\/product\\\/vitra-ea-119-bureaustoel-zwart-hopsak\\\/#primaryimage\"},\"thumbnailUrl\":\"https:\\\/\\\/www.zillions.nl\\\/wp-content\\\/uploads\\\/2026\\\/03\\\/vitra-eames-ea-119-bureaustoel-zwart-hopsak-links.jpg\",\"datePublished\":\"2026-03-18T15:56:28+00:00\",\"dateModified\":\"2026-04-15T09:40:55+00:00\",\"breadcrumb\":{\"@id\":\"https:\\\/\\\/www.zillions.nl\\\/product\\\/vitra-ea-119-bureaustoel-zwart-hopsak\\\/#breadcrumb\"},\"inLanguage\":\"de-DE\",\"potentialAction\":[{\"@type\":\"ReadAction\",\"target\":[\"https:\\\/\\\/www.zillions.nl\\\/product\\\/vitra-ea-119-bureaustoel-zwart-hopsak\\\/\"]}]},{\"@type\":\"ImageObject\",\"inLanguage\":\"de-DE\",\"@id\":\"https:\\\/\\\/www.zillions.nl\\\/product\\\/vitra-ea-119-bureaustoel-zwart-hopsak\\\/#primaryimage\",\"url\":\"https:\\\/\\\/www.zillions.nl\\\/wp-content\\\/uploads\\\/2026\\\/03\\\/vitra-eames-ea-119-bureaustoel-zwart-hopsak-links.jpg\",\"contentUrl\":\"https:\\\/\\\/www.zillions.nl\\\/wp-content\\\/uploads\\\/2026\\\/03\\\/vitra-eames-ea-119-bureaustoel-zwart-hopsak-links.jpg\",\"width\":1024,\"height\":1024,\"caption\":\"Vitra EA 119 bureaustoel zwart hopsak\"},{\"@type\":\"BreadcrumbList\",\"@id\":\"https:\\\/\\\/www.zillions.nl\\\/product\\\/vitra-ea-119-bureaustoel-zwart-hopsak\\\/#breadcrumb\",\"itemListElement\":[{\"@type\":\"ListItem\",\"position\":1,\"name\":\"Home\",\"item\":\"https:\\\/\\\/www.zillions.nl\\\/\"},{\"@type\":\"ListItem\",\"position\":2,\"name\":\"Shop\",\"item\":\"https:\\\/\\\/www.zillions.nl\\\/shop\\\/\"},{\"@type\":\"ListItem\",\"position\":3,\"name\":\"Vitra EA 119 Bureaustoel Zwart Hopsak &#8211; Zwart\"}]},{\"@type\":\"WebSite\",\"@id\":\"https:\\\/\\\/www.zillions.nl\\\/de\\\/#website\",\"url\":\"https:\\\/\\\/www.zillions.nl\\\/de\\\/\",\"name\":\"Zillions: nieuw en gebruikt design meubilair en stoelen\",\"description\":\"Welkom bij Zillions: Zillions is gespecialiseerd in nieuw en gebruikt design meubilair en stoelen.\",\"publisher\":{\"@id\":\"https:\\\/\\\/www.zillions.nl\\\/de\\\/#organization\"},\"potentialAction\":[{\"@type\":\"SearchAction\",\"target\":{\"@type\":\"EntryPoint\",\"urlTemplate\":\"https:\\\/\\\/www.zillions.nl\\\/de\\\/?s={search_term_string}\"},\"query-input\":{\"@type\":\"PropertyValueSpecification\",\"valueRequired\":true,\"valueName\":\"search_term_string\"}}],\"inLanguage\":\"de-DE\"},{\"@type\":\"Organization\",\"@id\":\"https:\\\/\\\/www.zillions.nl\\\/de\\\/#organization\",\"name\":\"Zillions: nieuw en gebruikt design meubilair en stoelen\",\"url\":\"https:\\\/\\\/www.zillions.nl\\\/de\\\/\",\"logo\":{\"@type\":\"ImageObject\",\"inLanguage\":\"de-DE\",\"@id\":\"https:\\\/\\\/www.zillions.nl\\\/de\\\/#\\\/schema\\\/logo\\\/image\\\/\",\"url\":\"https:\\\/\\\/www.zillions.nl\\\/wp-content\\\/uploads\\\/2022\\\/11\\\/zillions.svg\",\"contentUrl\":\"https:\\\/\\\/www.zillions.nl\\\/wp-content\\\/uploads\\\/2022\\\/11\\\/zillions.svg\",\"width\":208,\"height\":53,\"caption\":\"Zillions: nieuw en gebruikt design meubilair en stoelen\"},\"image\":{\"@id\":\"https:\\\/\\\/www.zillions.nl\\\/de\\\/#\\\/schema\\\/logo\\\/image\\\/\"}}]}<\/script>\n<!-- \/ Yoast SEO plugin. -->","yoast_head_json":{"title":"Vitra EA 119 B\u00fcrostuhl Schwarz Hopsak \u2013 Schwarz \u2013 Zillions: Neue und gebrauchte Designerm\u00f6bel und St\u00fchle","robots":{"index":"index","follow":"follow","max-snippet":"max-snippet:-1","max-image-preview":"max-image-preview:large","max-video-preview":"max-video-preview:-1"},"canonical":"https:\/\/www.zillions.nl\/de\/product\/vitra-ea-119-bureaustoel-zwart-hopsak\/","og_locale":"de_DE","og_type":"article","og_title":"Vitra EA 119 Bureaustoel Zwart Hopsak - Zwart - Zillions: nieuw en gebruikt design meubilair en stoelen","og_description":"Vitra EA 119 bureaustoel zwart hopsak \u2013 zwart frame met armleuningen Vitra EA 119 bureaustoel uitgevoerd in zwart hopsak met een zwart metalen frame en vaste armleuningen. Het ontwerp van Charles &amp; Ray Eames kenmerkt zich door een slank profiel en een hoogwaardige afwerking waarbij comfort en elegantie samenkomen. Dankzij de ergonomische vorm biedt deze [&hellip;]","og_url":"https:\/\/www.zillions.nl\/de\/product\/vitra-ea-119-bureaustoel-zwart-hopsak\/","og_site_name":"Zillions: nieuw en gebruikt design meubilair en stoelen","article_modified_time":"2026-04-15T09:40:55+00:00","og_image":[{"width":1024,"height":1024,"url":"https:\/\/www.zillions.nl\/wp-content\/uploads\/2026\/03\/vitra-eames-ea-119-bureaustoel-zwart-hopsak-links.jpg","type":"image\/jpeg"}],"twitter_card":"summary_large_image","twitter_misc":{"Est. reading time":"2 minutes"},"schema":{"@context":"https:\/\/schema.org","@graph":[{"@type":"WebPage","@id":"https:\/\/www.zillions.nl\/product\/vitra-ea-119-bureaustoel-zwart-hopsak\/","url":"https:\/\/www.zillions.nl\/product\/vitra-ea-119-bureaustoel-zwart-hopsak\/","name":"Vitra EA 119 B\u00fcrostuhl Schwarz Hopsak \u2013 Schwarz \u2013 Zillions: Neue und gebrauchte Designerm\u00f6bel und St\u00fchle","isPartOf":{"@id":"https:\/\/www.zillions.nl\/de\/#website"},"primaryImageOfPage":{"@id":"https:\/\/www.zillions.nl\/product\/vitra-ea-119-bureaustoel-zwart-hopsak\/#primaryimage"},"image":{"@id":"https:\/\/www.zillions.nl\/product\/vitra-ea-119-bureaustoel-zwart-hopsak\/#primaryimage"},"thumbnailUrl":"https:\/\/www.zillions.nl\/wp-content\/uploads\/2026\/03\/vitra-eames-ea-119-bureaustoel-zwart-hopsak-links.jpg","datePublished":"2026-03-18T15:56:28+00:00","dateModified":"2026-04-15T09:40:55+00:00","breadcrumb":{"@id":"https:\/\/www.zillions.nl\/product\/vitra-ea-119-bureaustoel-zwart-hopsak\/#breadcrumb"},"inLanguage":"de-DE","potentialAction":[{"@type":"ReadAction","target":["https:\/\/www.zillions.nl\/product\/vitra-ea-119-bureaustoel-zwart-hopsak\/"]}]},{"@type":"ImageObject","inLanguage":"de-DE","@id":"https:\/\/www.zillions.nl\/product\/vitra-ea-119-bureaustoel-zwart-hopsak\/#primaryimage","url":"https:\/\/www.zillions.nl\/wp-content\/uploads\/2026\/03\/vitra-eames-ea-119-bureaustoel-zwart-hopsak-links.jpg","contentUrl":"https:\/\/www.zillions.nl\/wp-content\/uploads\/2026\/03\/vitra-eames-ea-119-bureaustoel-zwart-hopsak-links.jpg","width":1024,"height":1024,"caption":"Vitra EA 119 bureaustoel zwart hopsak"},{"@type":"BreadcrumbList","@id":"https:\/\/www.zillions.nl\/product\/vitra-ea-119-bureaustoel-zwart-hopsak\/#breadcrumb","itemListElement":[{"@type":"ListItem","position":1,"name":"Home","item":"https:\/\/www.zillions.nl\/"},{"@type":"ListItem","position":2,"name":"Shop","item":"https:\/\/www.zillions.nl\/shop\/"},{"@type":"ListItem","position":3,"name":"Vitra EA 119 Bureaustoel Zwart Hopsak &#8211; Zwart"}]},{"@type":"WebSite","@id":"https:\/\/www.zillions.nl\/de\/#website","url":"https:\/\/www.zillions.nl\/de\/","name":"Zillionen: neue und gebrauchte Designerm\u00f6bel und St\u00fchle","description":"Willkommen bei Zillions: Zillions ist auf neue und gebrauchte Designm\u00f6bel und St\u00fchle spezialisiert.","publisher":{"@id":"https:\/\/www.zillions.nl\/de\/#organization"},"potentialAction":[{"@type":"SearchAction","target":{"@type":"EntryPoint","urlTemplate":"https:\/\/www.zillions.nl\/de\/?s={search_term_string}"},"query-input":{"@type":"PropertyValueSpecification","valueRequired":true,"valueName":"search_term_string"}}],"inLanguage":"de-DE"},{"@type":"Organization","@id":"https:\/\/www.zillions.nl\/de\/#organization","name":"Zillionen: neue und gebrauchte Designerm\u00f6bel und St\u00fchle","url":"https:\/\/www.zillions.nl\/de\/","logo":{"@type":"ImageObject","inLanguage":"de-DE","@id":"https:\/\/www.zillions.nl\/de\/#\/schema\/logo\/image\/","url":"https:\/\/www.zillions.nl\/wp-content\/uploads\/2022\/11\/zillions.svg","contentUrl":"https:\/\/www.zillions.nl\/wp-content\/uploads\/2022\/11\/zillions.svg","width":208,"height":53,"caption":"Zillions: nieuw en gebruikt design meubilair en stoelen"},"image":{"@id":"https:\/\/www.zillions.nl\/de\/#\/schema\/logo\/image\/"}}]}},"_links":{"self":[{"href":"https:\/\/www.zillions.nl\/de\/wp-json\/wp\/v2\/product\/22352","targetHints":{"allow":["GET"]}}],"collection":[{"href":"https:\/\/www.zillions.nl\/de\/wp-json\/wp\/v2\/product"}],"about":[{"href":"https:\/\/www.zillions.nl\/de\/wp-json\/wp\/v2\/types\/product"}],"wp:featuredmedia":[{"embeddable":true,"href":"https:\/\/www.zillions.nl\/de\/wp-json\/wp\/v2\/media\/22376"}],"wp:attachment":[{"href":"https:\/\/www.zillions.nl\/de\/wp-json\/wp\/v2\/media?parent=22352"}],"wp:term":[{"taxonomy":"product_brand","embeddable":true,"href":"https:\/\/www.zillions.nl\/de\/wp-json\/wp\/v2\/product_brand?post=22352"},{"taxonomy":"product_cat","embeddable":true,"href":"https:\/\/www.zillions.nl\/de\/wp-json\/wp\/v2\/product_cat?post=22352"},{"taxonomy":"product_tag","embeddable":true,"href":"https:\/\/www.zillions.nl\/de\/wp-json\/wp\/v2\/product_tag?post=22352"}],"curies":[{"name":"wp","href":"https:\/\/api.w.org\/{rel}","templated":true}]}}