{"id":22271,"date":"2026-03-13T15:42:53","date_gmt":"2026-03-13T14:42:53","guid":{"rendered":"https:\/\/www.zillions.nl\/?post_type=product&#038;p=22271"},"modified":"2026-04-07T16:01:30","modified_gmt":"2026-04-07T14:01:30","slug":"vitra-eames-ea-117-bureaustoel-zwart-hopsak-zwart-onderstel","status":"publish","type":"product","link":"https:\/\/www.zillions.nl\/de\/product\/vitra-eames-ea-117-bureaustoel-zwart-hopsak-zwart-onderstel\/","title":{"rendered":"Vitra Eames EA 117 B\u00fcrostuhl Schwarz Hopsak \u2013 Schwarz"},"content":{"rendered":"<h5>Vitra EA 117 B\u00fcrostuhl schwarz Hopsak \u2013 schwarzes Gestell, entworfen von Charles &amp; Ray Eames<\/h5>\n<p><a href=\"\/de\/merken\/vitra\/\">Vitra<\/a> B\u00fcrostuhl EA 117 mit schwarzem Hopsak-Bezug und schwarzem, pulverbeschichtetem Aluminiumfu\u00dfkreuz. Entworfen von Charles &amp; Ray Eames im Jahr 1958 als Teil der legend\u00e4ren Aluminium Group Kollektion, ist dieser B\u00fcrostuhl bekannt f\u00fcr sein elegantes Aluminiumgestell und das Spannsystem der Polsterung zwischen den Seitenprofilen. Dank Drehfu\u00dfkreuz, verstellbarer Sitzh\u00f6he und Wippmechanik erm\u00f6glicht der EA 117 eine komfortable und aktive Sitzhaltung und eignet sich ideal f\u00fcr B\u00fcros, Besprechungsr\u00e4ume und Homeoffice. Der B\u00fcrostuhl ist original 100% und tr\u00e4gt alle Echtheitsmerkmale.<\/p>\n<p><strong>Zustand:<\/strong> Neu<\/p>\n<p><strong>Lieferung ab Lager<\/strong><\/p>\n<p><strong>Hinweis:<\/strong> Der angegebene Preis betr\u00e4gt <span style=\"text-decoration: underline\">pro St\u00fcck<\/span>!<\/p>\n<p><strong>Spezifikationen:<\/strong><br \/>\n<strong>Polster:<\/strong> Hopsack, schwarz<br \/>\n<strong>Rahmen:<\/strong> Schwarz<br \/>\n<strong>Mechanismus:<\/strong> Drehbar, neigbar und h\u00f6henverstellbar<br \/>\n<strong>R\u00fcckenlehne:<\/strong> Mittlere H\u00f6he<br \/>\n<strong>Sitzh\u00f6he:<\/strong> 38,5 \u2013 50,5 cm<br \/>\n<strong>Sitzbreite:<\/strong> 52,5 cm<br \/>\n<strong>Sitztiefe:<\/strong> 46,5 cm<br \/>\n<strong>Volle H\u00f6he:<\/strong> 83 \u2013 95 cm<br \/>\n<strong>Volle Breite:<\/strong> 58 cm<br \/>\n<strong>Volle Tiefe:<\/strong> 56,5 \u2013 65 cm<\/p>\n<p>Bei Fragen oder zur Vereinbarung eines unverbindlichen Besichtigungstermins k\u00f6nnen Sie sich gerne an uns wenden. <a href=\"\/de\/\u201d\/contact\u201d\/\" target=\"\u201d_blank\u201d\">Kontakt<\/a> Kontaktieren Sie uns. Die Lieferung erfolgt \u00fcber unseren eigenen Lieferservice. Dieser Artikel l\u00e4sst sich einfach \u00fcber unseren Webshop bestellen. Hier finden Sie au\u00dferdem unser aktuelles Sortiment mit vielen weiteren Designartikeln.<\/p>\n<p><strong>Kontaktdaten (Besuch nach Vereinbarung):<\/strong><br \/>\nIndustrieweg 21<br \/>\n4131 NK Vianen<br \/>\ninfo@zillions.nl<br \/>\n030 20 72 146<\/p>","protected":false},"excerpt":{"rendered":"<p>Vitra EA 117 bureaustoel zwart hopsak \u2013 zwarte onderstel, ontworpen door Charles &amp; Ray Eames Vitra EA 117 bureaustoel uitgevoerd in zwarte Hopsak stof met een zwart gepoedercoat aluminium onderstel. Ontworpen door Charles &amp; Ray Eames in 1958 als onderdeel van de iconische Aluminium Group collectie, staat deze bureaustoel bekend om het elegante aluminium frame [&hellip;]<\/p>\n","protected":false},"featured_media":22790,"template":"","meta":{"_acf_changed":false},"product_brand":[202],"product_cat":[16,186],"product_tag":[322],"class_list":{"0":"post-22271","1":"product","2":"type-product","3":"status-publish","4":"has-post-thumbnail","6":"product_brand-vitra","7":"product_cat-alle-producten","8":"product_cat-bureaustoelen","9":"product_tag-vitra","10":"pa_brands-vitra","11":"product_model-ea-117","13":"first","14":"instock","15":"sale","16":"purchasable","17":"product-type-simple"},"acf":[],"yoast_head":"<!-- This site is optimized with the Yoast SEO plugin v27.5 - https:\/\/yoast.com\/product\/yoast-seo-wordpress\/ -->\n<title>Vitra Eames EA 117 Bureaustoel Zwart Hopsak \u2013 Zwart - Zillions: nieuw en gebruikt design meubilair en stoelen<\/title>\n<meta name=\"robots\" content=\"index, follow, max-snippet:-1, max-image-preview:large, max-video-preview:-1\" \/>\n<link rel=\"canonical\" href=\"https:\/\/www.zillions.nl\/de\/product\/vitra-eames-ea-117-bureaustoel-zwart-hopsak-zwart-onderstel\/\" \/>\n<meta property=\"og:locale\" content=\"de_DE\" \/>\n<meta property=\"og:type\" content=\"article\" \/>\n<meta property=\"og:title\" content=\"Vitra Eames EA 117 Bureaustoel Zwart Hopsak \u2013 Zwart - Zillions: nieuw en gebruikt design meubilair en stoelen\" \/>\n<meta property=\"og:description\" content=\"Vitra EA 117 bureaustoel zwart hopsak \u2013 zwarte onderstel, ontworpen door Charles &amp; Ray Eames Vitra EA 117 bureaustoel uitgevoerd in zwarte Hopsak stof met een zwart gepoedercoat aluminium onderstel. Ontworpen door Charles &amp; Ray Eames in 1958 als onderdeel van de iconische Aluminium Group collectie, staat deze bureaustoel bekend om het elegante aluminium frame [&hellip;]\" \/>\n<meta property=\"og:url\" content=\"https:\/\/www.zillions.nl\/de\/product\/vitra-eames-ea-117-bureaustoel-zwart-hopsak-zwart-onderstel\/\" \/>\n<meta property=\"og:site_name\" content=\"Zillions: nieuw en gebruikt design meubilair en stoelen\" \/>\n<meta property=\"article:modified_time\" content=\"2026-04-07T14:01:30+00:00\" \/>\n<meta property=\"og:image\" content=\"https:\/\/www.zillions.nl\/wp-content\/uploads\/2026\/03\/vitra-eames-ea-117-bureaustoel-zwart-hopsak-zwart-onderstel-nieuw-2.jpg\" \/>\n\t<meta property=\"og:image:width\" content=\"1024\" \/>\n\t<meta property=\"og:image:height\" content=\"1024\" \/>\n\t<meta property=\"og:image:type\" content=\"image\/jpeg\" \/>\n<meta name=\"twitter:card\" content=\"summary_large_image\" \/>\n<meta name=\"twitter:label1\" content=\"Est. reading time\" \/>\n\t<meta name=\"twitter:data1\" content=\"2 minutes\" \/>\n<script type=\"application\/ld+json\" class=\"yoast-schema-graph\">{\"@context\":\"https:\\\/\\\/schema.org\",\"@graph\":[{\"@type\":\"WebPage\",\"@id\":\"https:\\\/\\\/www.zillions.nl\\\/product\\\/vitra-eames-ea-117-bureaustoel-zwart-hopsak-zwart-onderstel\\\/\",\"url\":\"https:\\\/\\\/www.zillions.nl\\\/product\\\/vitra-eames-ea-117-bureaustoel-zwart-hopsak-zwart-onderstel\\\/\",\"name\":\"Vitra Eames EA 117 Bureaustoel Zwart Hopsak \u2013 Zwart - Zillions: nieuw en gebruikt design meubilair en stoelen\",\"isPartOf\":{\"@id\":\"https:\\\/\\\/www.zillions.nl\\\/de\\\/#website\"},\"primaryImageOfPage\":{\"@id\":\"https:\\\/\\\/www.zillions.nl\\\/product\\\/vitra-eames-ea-117-bureaustoel-zwart-hopsak-zwart-onderstel\\\/#primaryimage\"},\"image\":{\"@id\":\"https:\\\/\\\/www.zillions.nl\\\/product\\\/vitra-eames-ea-117-bureaustoel-zwart-hopsak-zwart-onderstel\\\/#primaryimage\"},\"thumbnailUrl\":\"https:\\\/\\\/www.zillions.nl\\\/wp-content\\\/uploads\\\/2026\\\/03\\\/vitra-eames-ea-117-bureaustoel-zwart-hopsak-zwart-onderstel-nieuw-2.jpg\",\"datePublished\":\"2026-03-13T14:42:53+00:00\",\"dateModified\":\"2026-04-07T14:01:30+00:00\",\"breadcrumb\":{\"@id\":\"https:\\\/\\\/www.zillions.nl\\\/product\\\/vitra-eames-ea-117-bureaustoel-zwart-hopsak-zwart-onderstel\\\/#breadcrumb\"},\"inLanguage\":\"de-DE\",\"potentialAction\":[{\"@type\":\"ReadAction\",\"target\":[\"https:\\\/\\\/www.zillions.nl\\\/product\\\/vitra-eames-ea-117-bureaustoel-zwart-hopsak-zwart-onderstel\\\/\"]}]},{\"@type\":\"ImageObject\",\"inLanguage\":\"de-DE\",\"@id\":\"https:\\\/\\\/www.zillions.nl\\\/product\\\/vitra-eames-ea-117-bureaustoel-zwart-hopsak-zwart-onderstel\\\/#primaryimage\",\"url\":\"https:\\\/\\\/www.zillions.nl\\\/wp-content\\\/uploads\\\/2026\\\/03\\\/vitra-eames-ea-117-bureaustoel-zwart-hopsak-zwart-onderstel-nieuw-2.jpg\",\"contentUrl\":\"https:\\\/\\\/www.zillions.nl\\\/wp-content\\\/uploads\\\/2026\\\/03\\\/vitra-eames-ea-117-bureaustoel-zwart-hopsak-zwart-onderstel-nieuw-2.jpg\",\"width\":1024,\"height\":1024,\"caption\":\"Vitra Eames EA 117 Bureaustoel Zwart Hopsak \u2013 Zwart Onderstel\"},{\"@type\":\"BreadcrumbList\",\"@id\":\"https:\\\/\\\/www.zillions.nl\\\/product\\\/vitra-eames-ea-117-bureaustoel-zwart-hopsak-zwart-onderstel\\\/#breadcrumb\",\"itemListElement\":[{\"@type\":\"ListItem\",\"position\":1,\"name\":\"Home\",\"item\":\"https:\\\/\\\/www.zillions.nl\\\/\"},{\"@type\":\"ListItem\",\"position\":2,\"name\":\"Shop\",\"item\":\"https:\\\/\\\/www.zillions.nl\\\/shop\\\/\"},{\"@type\":\"ListItem\",\"position\":3,\"name\":\"Vitra Eames EA 117 Bureaustoel Zwart Hopsak \u2013 Zwart\"}]},{\"@type\":\"WebSite\",\"@id\":\"https:\\\/\\\/www.zillions.nl\\\/de\\\/#website\",\"url\":\"https:\\\/\\\/www.zillions.nl\\\/de\\\/\",\"name\":\"Zillions: nieuw en gebruikt design meubilair en stoelen\",\"description\":\"Welkom bij Zillions: Zillions is gespecialiseerd in nieuw en gebruikt design meubilair en stoelen.\",\"publisher\":{\"@id\":\"https:\\\/\\\/www.zillions.nl\\\/de\\\/#organization\"},\"potentialAction\":[{\"@type\":\"SearchAction\",\"target\":{\"@type\":\"EntryPoint\",\"urlTemplate\":\"https:\\\/\\\/www.zillions.nl\\\/de\\\/?s={search_term_string}\"},\"query-input\":{\"@type\":\"PropertyValueSpecification\",\"valueRequired\":true,\"valueName\":\"search_term_string\"}}],\"inLanguage\":\"de-DE\"},{\"@type\":\"Organization\",\"@id\":\"https:\\\/\\\/www.zillions.nl\\\/de\\\/#organization\",\"name\":\"Zillions: nieuw en gebruikt design meubilair en stoelen\",\"url\":\"https:\\\/\\\/www.zillions.nl\\\/de\\\/\",\"logo\":{\"@type\":\"ImageObject\",\"inLanguage\":\"de-DE\",\"@id\":\"https:\\\/\\\/www.zillions.nl\\\/de\\\/#\\\/schema\\\/logo\\\/image\\\/\",\"url\":\"https:\\\/\\\/www.zillions.nl\\\/wp-content\\\/uploads\\\/2022\\\/11\\\/zillions.svg\",\"contentUrl\":\"https:\\\/\\\/www.zillions.nl\\\/wp-content\\\/uploads\\\/2022\\\/11\\\/zillions.svg\",\"width\":208,\"height\":53,\"caption\":\"Zillions: nieuw en gebruikt design meubilair en stoelen\"},\"image\":{\"@id\":\"https:\\\/\\\/www.zillions.nl\\\/de\\\/#\\\/schema\\\/logo\\\/image\\\/\"}}]}<\/script>\n<!-- \/ Yoast SEO plugin. -->","yoast_head_json":{"title":"Vitra Eames EA 117 B\u00fcrostuhl Schwarz Hopsak \u2013 Schwarz \u2013 Zillions: Neue und gebrauchte Designerm\u00f6bel und St\u00fchle","robots":{"index":"index","follow":"follow","max-snippet":"max-snippet:-1","max-image-preview":"max-image-preview:large","max-video-preview":"max-video-preview:-1"},"canonical":"https:\/\/www.zillions.nl\/de\/product\/vitra-eames-ea-117-bureaustoel-zwart-hopsak-zwart-onderstel\/","og_locale":"de_DE","og_type":"article","og_title":"Vitra Eames EA 117 Bureaustoel Zwart Hopsak \u2013 Zwart - Zillions: nieuw en gebruikt design meubilair en stoelen","og_description":"Vitra EA 117 bureaustoel zwart hopsak \u2013 zwarte onderstel, ontworpen door Charles &amp; Ray Eames Vitra EA 117 bureaustoel uitgevoerd in zwarte Hopsak stof met een zwart gepoedercoat aluminium onderstel. Ontworpen door Charles &amp; Ray Eames in 1958 als onderdeel van de iconische Aluminium Group collectie, staat deze bureaustoel bekend om het elegante aluminium frame [&hellip;]","og_url":"https:\/\/www.zillions.nl\/de\/product\/vitra-eames-ea-117-bureaustoel-zwart-hopsak-zwart-onderstel\/","og_site_name":"Zillions: nieuw en gebruikt design meubilair en stoelen","article_modified_time":"2026-04-07T14:01:30+00:00","og_image":[{"width":1024,"height":1024,"url":"https:\/\/www.zillions.nl\/wp-content\/uploads\/2026\/03\/vitra-eames-ea-117-bureaustoel-zwart-hopsak-zwart-onderstel-nieuw-2.jpg","type":"image\/jpeg"}],"twitter_card":"summary_large_image","twitter_misc":{"Est. reading time":"2 minutes"},"schema":{"@context":"https:\/\/schema.org","@graph":[{"@type":"WebPage","@id":"https:\/\/www.zillions.nl\/product\/vitra-eames-ea-117-bureaustoel-zwart-hopsak-zwart-onderstel\/","url":"https:\/\/www.zillions.nl\/product\/vitra-eames-ea-117-bureaustoel-zwart-hopsak-zwart-onderstel\/","name":"Vitra Eames EA 117 B\u00fcrostuhl Schwarz Hopsak \u2013 Schwarz \u2013 Zillions: Neue und gebrauchte Designerm\u00f6bel und St\u00fchle","isPartOf":{"@id":"https:\/\/www.zillions.nl\/de\/#website"},"primaryImageOfPage":{"@id":"https:\/\/www.zillions.nl\/product\/vitra-eames-ea-117-bureaustoel-zwart-hopsak-zwart-onderstel\/#primaryimage"},"image":{"@id":"https:\/\/www.zillions.nl\/product\/vitra-eames-ea-117-bureaustoel-zwart-hopsak-zwart-onderstel\/#primaryimage"},"thumbnailUrl":"https:\/\/www.zillions.nl\/wp-content\/uploads\/2026\/03\/vitra-eames-ea-117-bureaustoel-zwart-hopsak-zwart-onderstel-nieuw-2.jpg","datePublished":"2026-03-13T14:42:53+00:00","dateModified":"2026-04-07T14:01:30+00:00","breadcrumb":{"@id":"https:\/\/www.zillions.nl\/product\/vitra-eames-ea-117-bureaustoel-zwart-hopsak-zwart-onderstel\/#breadcrumb"},"inLanguage":"de-DE","potentialAction":[{"@type":"ReadAction","target":["https:\/\/www.zillions.nl\/product\/vitra-eames-ea-117-bureaustoel-zwart-hopsak-zwart-onderstel\/"]}]},{"@type":"ImageObject","inLanguage":"de-DE","@id":"https:\/\/www.zillions.nl\/product\/vitra-eames-ea-117-bureaustoel-zwart-hopsak-zwart-onderstel\/#primaryimage","url":"https:\/\/www.zillions.nl\/wp-content\/uploads\/2026\/03\/vitra-eames-ea-117-bureaustoel-zwart-hopsak-zwart-onderstel-nieuw-2.jpg","contentUrl":"https:\/\/www.zillions.nl\/wp-content\/uploads\/2026\/03\/vitra-eames-ea-117-bureaustoel-zwart-hopsak-zwart-onderstel-nieuw-2.jpg","width":1024,"height":1024,"caption":"Vitra Eames EA 117 Bureaustoel Zwart Hopsak \u2013 Zwart Onderstel"},{"@type":"BreadcrumbList","@id":"https:\/\/www.zillions.nl\/product\/vitra-eames-ea-117-bureaustoel-zwart-hopsak-zwart-onderstel\/#breadcrumb","itemListElement":[{"@type":"ListItem","position":1,"name":"Home","item":"https:\/\/www.zillions.nl\/"},{"@type":"ListItem","position":2,"name":"Shop","item":"https:\/\/www.zillions.nl\/shop\/"},{"@type":"ListItem","position":3,"name":"Vitra Eames EA 117 Bureaustoel Zwart Hopsak \u2013 Zwart"}]},{"@type":"WebSite","@id":"https:\/\/www.zillions.nl\/de\/#website","url":"https:\/\/www.zillions.nl\/de\/","name":"Zillionen: neue und gebrauchte Designerm\u00f6bel und St\u00fchle","description":"Willkommen bei Zillions: Zillions ist auf neue und gebrauchte Designm\u00f6bel und St\u00fchle spezialisiert.","publisher":{"@id":"https:\/\/www.zillions.nl\/de\/#organization"},"potentialAction":[{"@type":"SearchAction","target":{"@type":"EntryPoint","urlTemplate":"https:\/\/www.zillions.nl\/de\/?s={search_term_string}"},"query-input":{"@type":"PropertyValueSpecification","valueRequired":true,"valueName":"search_term_string"}}],"inLanguage":"de-DE"},{"@type":"Organization","@id":"https:\/\/www.zillions.nl\/de\/#organization","name":"Zillionen: neue und gebrauchte Designerm\u00f6bel und St\u00fchle","url":"https:\/\/www.zillions.nl\/de\/","logo":{"@type":"ImageObject","inLanguage":"de-DE","@id":"https:\/\/www.zillions.nl\/de\/#\/schema\/logo\/image\/","url":"https:\/\/www.zillions.nl\/wp-content\/uploads\/2022\/11\/zillions.svg","contentUrl":"https:\/\/www.zillions.nl\/wp-content\/uploads\/2022\/11\/zillions.svg","width":208,"height":53,"caption":"Zillions: nieuw en gebruikt design meubilair en stoelen"},"image":{"@id":"https:\/\/www.zillions.nl\/de\/#\/schema\/logo\/image\/"}}]}},"_links":{"self":[{"href":"https:\/\/www.zillions.nl\/de\/wp-json\/wp\/v2\/product\/22271","targetHints":{"allow":["GET"]}}],"collection":[{"href":"https:\/\/www.zillions.nl\/de\/wp-json\/wp\/v2\/product"}],"about":[{"href":"https:\/\/www.zillions.nl\/de\/wp-json\/wp\/v2\/types\/product"}],"wp:featuredmedia":[{"embeddable":true,"href":"https:\/\/www.zillions.nl\/de\/wp-json\/wp\/v2\/media\/22790"}],"wp:attachment":[{"href":"https:\/\/www.zillions.nl\/de\/wp-json\/wp\/v2\/media?parent=22271"}],"wp:term":[{"taxonomy":"product_brand","embeddable":true,"href":"https:\/\/www.zillions.nl\/de\/wp-json\/wp\/v2\/product_brand?post=22271"},{"taxonomy":"product_cat","embeddable":true,"href":"https:\/\/www.zillions.nl\/de\/wp-json\/wp\/v2\/product_cat?post=22271"},{"taxonomy":"product_tag","embeddable":true,"href":"https:\/\/www.zillions.nl\/de\/wp-json\/wp\/v2\/product_tag?post=22271"}],"curies":[{"name":"wp","href":"https:\/\/api.w.org\/{rel}","templated":true}]}}