{"id":22153,"date":"2026-03-12T14:17:56","date_gmt":"2026-03-12T13:17:56","guid":{"rendered":"https:\/\/www.zillions.nl\/?post_type=product&#038;p=22153"},"modified":"2026-04-28T11:39:33","modified_gmt":"2026-04-28T09:39:33","slug":"vitra-softshell-stoel-zwart-stof-chroom","status":"publish","type":"product","link":"https:\/\/www.zillions.nl\/de\/product\/vitra-softshell-stoel-zwart-stof-chroom\/","title":{"rendered":"Vitra Softshell-Stuhl, schwarzer Stoff \u2013 Chrom"},"content":{"rendered":"<h5>Vitra Softshell-Stuhl in schwarzem Stoff \u2013 Chromgestell<\/h5>\n<p><a href=\"\/de\/merken\/vitra\/\">Vitra<\/a> Der Softshell-Stuhl wurde von Ronan &amp; Erwan Bouroullec entworfen. Er ist mit schwarzem Stoff bezogen und hat ein verchromtes Gestell. Charakteristisch f\u00fcr das Design sind die weichen Formen und die flexible R\u00fcckenlehne, die sich leicht nachgibt und so f\u00fcr eine komfortable Sitzfl\u00e4che sorgt. Dadurch eignet sich der Stuhl auch f\u00fcr l\u00e4ngeres Sitzen. Er kann sowohl im privaten als auch im beruflichen Umfeld eingesetzt werden, beispielsweise in Esszimmern, B\u00fcros oder Besprechungsr\u00e4umen. Der Stuhl ist das Originalmodell 100% und tr\u00e4gt alle Echtheitsmerkmale.<\/p>\n<p><strong>Zustand:<\/strong> Neuwertiger Zustand; in einwandfreiem Zustand<\/p>\n<p><strong>Lieferung ab Lager<\/strong><\/p>\n<p><strong>Hinweis:<\/strong> Die angezeigten Preise sind <span style=\"text-decoration: underline\">pro St\u00fcck<\/span>!<\/p>\n<p><strong>Spezifikationen:<\/strong><\/p>\n<p><strong>Materialien:<\/strong> Staub\/Chrom<br \/>\n<strong>Zum Ausmalen:<\/strong> Schwarz<br \/>\n<strong>Sitzh\u00f6he:<\/strong> 44 cm<br \/>\n<strong>Sitzbreite:<\/strong> 45 cm<br \/>\n<strong>Sitztiefe:<\/strong> 47 cm<br \/>\n<strong>Volle H\u00f6he:<\/strong> 81,5 cm<br \/>\n<strong>Volle Breite:<\/strong> 62 cm<br \/>\n<strong>Volle Tiefe:<\/strong> 56,5 cm<br \/>\n<strong>Drehbar:<\/strong> Ja<\/p>\n<p>Bei Fragen oder zur Vereinbarung eines unverbindlichen Besichtigungstermins k\u00f6nnen Sie sich gerne an uns wenden. <a href=\"\/de\/contact\/\" target=\"_blank\" rel=\"noopener\">Kontakt<\/a> Kontaktieren Sie uns. Die Lieferung erfolgt \u00fcber unseren eigenen Lieferservice. Dieser Artikel l\u00e4sst sich einfach \u00fcber unseren Webshop bestellen. Hier finden Sie au\u00dferdem unser aktuelles Sortiment mit vielen weiteren Designartikeln.<\/p>\n<p><strong>Kontaktdaten (Besuch nach Vereinbarung):<\/strong><br \/>\nIndustrieweg 21<br \/>\n4131 NK Vianen<br \/>\ninfo@zillions.nl<br \/>\n030 20 72 146<\/p>","protected":false},"excerpt":{"rendered":"<p>Vitra Softshell stoel in zwart stof \u2013 chroom onderstel Vitra Softshell stoel is een ontwerp van Ronan &amp; Erwan Bouroullec. De stoel is uitgevoerd in een zwarte stof met een chroom onderstel. Het ontwerp kenmerkt zich door de zachte vormen en de flexibele rugschaal die licht meebeweegt en zorgt voor een ondersteunende zit. Hierdoor is [&hellip;]<\/p>\n","protected":false},"featured_media":22213,"template":"","meta":{"_acf_changed":false},"product_brand":[202],"product_cat":[16,186,185],"product_tag":[322],"class_list":{"0":"post-22153","1":"product","2":"type-product","3":"status-publish","4":"has-post-thumbnail","6":"product_brand-vitra","7":"product_cat-alle-producten","8":"product_cat-bureaustoelen","9":"product_cat-stoelen","10":"product_tag-vitra","12":"first","13":"instock","14":"sale","15":"purchasable","16":"product-type-simple"},"acf":[],"yoast_head":"<!-- This site is optimized with the Yoast SEO plugin v27.5 - https:\/\/yoast.com\/product\/yoast-seo-wordpress\/ -->\n<title>Vitra Softshell Stoel Zwart Stof - Chroom - Zillions: nieuw en gebruikt design meubilair en stoelen<\/title>\n<meta name=\"description\" content=\"Vitra Softshell Bureaustoel Zwart Bouroullec - chroom | Eenvoudig te bestellen via onze webshop. Ontdek dit model en vele anderen in ons ruime assortiment!\" \/>\n<meta name=\"robots\" content=\"index, follow, max-snippet:-1, max-image-preview:large, max-video-preview:-1\" \/>\n<link rel=\"canonical\" href=\"https:\/\/www.zillions.nl\/de\/product\/vitra-softshell-stoel-zwart-stof-chroom\/\" \/>\n<meta property=\"og:locale\" content=\"de_DE\" \/>\n<meta property=\"og:type\" content=\"article\" \/>\n<meta property=\"og:title\" content=\"Vitra Softshell Stoel Zwart Stof - Chroom - Zillions: nieuw en gebruikt design meubilair en stoelen\" \/>\n<meta property=\"og:description\" content=\"Vitra Softshell Bureaustoel Zwart Bouroullec - chroom | Eenvoudig te bestellen via onze webshop. Ontdek dit model en vele anderen in ons ruime assortiment!\" \/>\n<meta property=\"og:url\" content=\"https:\/\/www.zillions.nl\/de\/product\/vitra-softshell-stoel-zwart-stof-chroom\/\" \/>\n<meta property=\"og:site_name\" content=\"Zillions: nieuw en gebruikt design meubilair en stoelen\" \/>\n<meta property=\"article:modified_time\" content=\"2026-04-28T09:39:33+00:00\" \/>\n<meta property=\"og:image\" content=\"https:\/\/www.zillions.nl\/wp-content\/uploads\/2026\/03\/vitra-softshell-bureaustoel-zwart-bouroullec-chroom.jpg\" \/>\n\t<meta property=\"og:image:width\" content=\"1024\" \/>\n\t<meta property=\"og:image:height\" content=\"1024\" \/>\n\t<meta property=\"og:image:type\" content=\"image\/jpeg\" \/>\n<meta name=\"twitter:card\" content=\"summary_large_image\" \/>\n<meta name=\"twitter:label1\" content=\"Est. reading time\" \/>\n\t<meta name=\"twitter:data1\" content=\"2 minutes\" \/>\n<script type=\"application\/ld+json\" class=\"yoast-schema-graph\">{\"@context\":\"https:\\\/\\\/schema.org\",\"@graph\":[{\"@type\":\"WebPage\",\"@id\":\"https:\\\/\\\/www.zillions.nl\\\/product\\\/vitra-softshell-stoel-zwart-stof-chroom\\\/\",\"url\":\"https:\\\/\\\/www.zillions.nl\\\/product\\\/vitra-softshell-stoel-zwart-stof-chroom\\\/\",\"name\":\"Vitra Softshell Stoel Zwart Stof - Chroom - Zillions: nieuw en gebruikt design meubilair en stoelen\",\"isPartOf\":{\"@id\":\"https:\\\/\\\/www.zillions.nl\\\/de\\\/#website\"},\"primaryImageOfPage\":{\"@id\":\"https:\\\/\\\/www.zillions.nl\\\/product\\\/vitra-softshell-stoel-zwart-stof-chroom\\\/#primaryimage\"},\"image\":{\"@id\":\"https:\\\/\\\/www.zillions.nl\\\/product\\\/vitra-softshell-stoel-zwart-stof-chroom\\\/#primaryimage\"},\"thumbnailUrl\":\"https:\\\/\\\/www.zillions.nl\\\/wp-content\\\/uploads\\\/2026\\\/03\\\/vitra-softshell-bureaustoel-zwart-bouroullec-chroom.jpg\",\"datePublished\":\"2026-03-12T13:17:56+00:00\",\"dateModified\":\"2026-04-28T09:39:33+00:00\",\"description\":\"Vitra Softshell Bureaustoel Zwart Bouroullec - chroom | Eenvoudig te bestellen via onze webshop. Ontdek dit model en vele anderen in ons ruime assortiment!\",\"breadcrumb\":{\"@id\":\"https:\\\/\\\/www.zillions.nl\\\/product\\\/vitra-softshell-stoel-zwart-stof-chroom\\\/#breadcrumb\"},\"inLanguage\":\"de-DE\",\"potentialAction\":[{\"@type\":\"ReadAction\",\"target\":[\"https:\\\/\\\/www.zillions.nl\\\/product\\\/vitra-softshell-stoel-zwart-stof-chroom\\\/\"]}]},{\"@type\":\"ImageObject\",\"inLanguage\":\"de-DE\",\"@id\":\"https:\\\/\\\/www.zillions.nl\\\/product\\\/vitra-softshell-stoel-zwart-stof-chroom\\\/#primaryimage\",\"url\":\"https:\\\/\\\/www.zillions.nl\\\/wp-content\\\/uploads\\\/2026\\\/03\\\/vitra-softshell-bureaustoel-zwart-bouroullec-chroom.jpg\",\"contentUrl\":\"https:\\\/\\\/www.zillions.nl\\\/wp-content\\\/uploads\\\/2026\\\/03\\\/vitra-softshell-bureaustoel-zwart-bouroullec-chroom.jpg\",\"width\":1024,\"height\":1024,\"caption\":\"Vitra Softshell Bureaustoel Zwart Bouroullec - Chroom\"},{\"@type\":\"BreadcrumbList\",\"@id\":\"https:\\\/\\\/www.zillions.nl\\\/product\\\/vitra-softshell-stoel-zwart-stof-chroom\\\/#breadcrumb\",\"itemListElement\":[{\"@type\":\"ListItem\",\"position\":1,\"name\":\"Home\",\"item\":\"https:\\\/\\\/www.zillions.nl\\\/\"},{\"@type\":\"ListItem\",\"position\":2,\"name\":\"Shop\",\"item\":\"https:\\\/\\\/www.zillions.nl\\\/shop\\\/\"},{\"@type\":\"ListItem\",\"position\":3,\"name\":\"Vitra Softshell Stoel Zwart Stof &#8211; Chroom\"}]},{\"@type\":\"WebSite\",\"@id\":\"https:\\\/\\\/www.zillions.nl\\\/de\\\/#website\",\"url\":\"https:\\\/\\\/www.zillions.nl\\\/de\\\/\",\"name\":\"Zillions: nieuw en gebruikt design meubilair en stoelen\",\"description\":\"Welkom bij Zillions: Zillions is gespecialiseerd in nieuw en gebruikt design meubilair en stoelen.\",\"publisher\":{\"@id\":\"https:\\\/\\\/www.zillions.nl\\\/de\\\/#organization\"},\"potentialAction\":[{\"@type\":\"SearchAction\",\"target\":{\"@type\":\"EntryPoint\",\"urlTemplate\":\"https:\\\/\\\/www.zillions.nl\\\/de\\\/?s={search_term_string}\"},\"query-input\":{\"@type\":\"PropertyValueSpecification\",\"valueRequired\":true,\"valueName\":\"search_term_string\"}}],\"inLanguage\":\"de-DE\"},{\"@type\":\"Organization\",\"@id\":\"https:\\\/\\\/www.zillions.nl\\\/de\\\/#organization\",\"name\":\"Zillions: nieuw en gebruikt design meubilair en stoelen\",\"url\":\"https:\\\/\\\/www.zillions.nl\\\/de\\\/\",\"logo\":{\"@type\":\"ImageObject\",\"inLanguage\":\"de-DE\",\"@id\":\"https:\\\/\\\/www.zillions.nl\\\/de\\\/#\\\/schema\\\/logo\\\/image\\\/\",\"url\":\"https:\\\/\\\/www.zillions.nl\\\/wp-content\\\/uploads\\\/2022\\\/11\\\/zillions.svg\",\"contentUrl\":\"https:\\\/\\\/www.zillions.nl\\\/wp-content\\\/uploads\\\/2022\\\/11\\\/zillions.svg\",\"width\":208,\"height\":53,\"caption\":\"Zillions: nieuw en gebruikt design meubilair en stoelen\"},\"image\":{\"@id\":\"https:\\\/\\\/www.zillions.nl\\\/de\\\/#\\\/schema\\\/logo\\\/image\\\/\"}}]}<\/script>\n<!-- \/ Yoast SEO plugin. -->","yoast_head_json":{"title":"Vitra Softshell Stoel Zwart Stof - Chroom - Zillions: nieuw en gebruikt design meubilair en stoelen","description":"Vitra Softshell-B\u00fcrostuhl Schwarz Bouroullec \u2013 Chrom | Bestellen Sie bequem in unserem Webshop. Entdecken Sie dieses und viele weitere Modelle aus unserem umfangreichen Sortiment!","robots":{"index":"index","follow":"follow","max-snippet":"max-snippet:-1","max-image-preview":"max-image-preview:large","max-video-preview":"max-video-preview:-1"},"canonical":"https:\/\/www.zillions.nl\/de\/product\/vitra-softshell-stoel-zwart-stof-chroom\/","og_locale":"de_DE","og_type":"article","og_title":"Vitra Softshell Stoel Zwart Stof - Chroom - Zillions: nieuw en gebruikt design meubilair en stoelen","og_description":"Vitra Softshell Bureaustoel Zwart Bouroullec - chroom | Eenvoudig te bestellen via onze webshop. Ontdek dit model en vele anderen in ons ruime assortiment!","og_url":"https:\/\/www.zillions.nl\/de\/product\/vitra-softshell-stoel-zwart-stof-chroom\/","og_site_name":"Zillions: nieuw en gebruikt design meubilair en stoelen","article_modified_time":"2026-04-28T09:39:33+00:00","og_image":[{"width":1024,"height":1024,"url":"https:\/\/www.zillions.nl\/wp-content\/uploads\/2026\/03\/vitra-softshell-bureaustoel-zwart-bouroullec-chroom.jpg","type":"image\/jpeg"}],"twitter_card":"summary_large_image","twitter_misc":{"Est. reading time":"2 minutes"},"schema":{"@context":"https:\/\/schema.org","@graph":[{"@type":"WebPage","@id":"https:\/\/www.zillions.nl\/product\/vitra-softshell-stoel-zwart-stof-chroom\/","url":"https:\/\/www.zillions.nl\/product\/vitra-softshell-stoel-zwart-stof-chroom\/","name":"Vitra Softshell Stoel Zwart Stof - Chroom - Zillions: nieuw en gebruikt design meubilair en stoelen","isPartOf":{"@id":"https:\/\/www.zillions.nl\/de\/#website"},"primaryImageOfPage":{"@id":"https:\/\/www.zillions.nl\/product\/vitra-softshell-stoel-zwart-stof-chroom\/#primaryimage"},"image":{"@id":"https:\/\/www.zillions.nl\/product\/vitra-softshell-stoel-zwart-stof-chroom\/#primaryimage"},"thumbnailUrl":"https:\/\/www.zillions.nl\/wp-content\/uploads\/2026\/03\/vitra-softshell-bureaustoel-zwart-bouroullec-chroom.jpg","datePublished":"2026-03-12T13:17:56+00:00","dateModified":"2026-04-28T09:39:33+00:00","description":"Vitra Softshell-B\u00fcrostuhl Schwarz Bouroullec \u2013 Chrom | Bestellen Sie bequem in unserem Webshop. Entdecken Sie dieses und viele weitere Modelle aus unserem umfangreichen Sortiment!","breadcrumb":{"@id":"https:\/\/www.zillions.nl\/product\/vitra-softshell-stoel-zwart-stof-chroom\/#breadcrumb"},"inLanguage":"de-DE","potentialAction":[{"@type":"ReadAction","target":["https:\/\/www.zillions.nl\/product\/vitra-softshell-stoel-zwart-stof-chroom\/"]}]},{"@type":"ImageObject","inLanguage":"de-DE","@id":"https:\/\/www.zillions.nl\/product\/vitra-softshell-stoel-zwart-stof-chroom\/#primaryimage","url":"https:\/\/www.zillions.nl\/wp-content\/uploads\/2026\/03\/vitra-softshell-bureaustoel-zwart-bouroullec-chroom.jpg","contentUrl":"https:\/\/www.zillions.nl\/wp-content\/uploads\/2026\/03\/vitra-softshell-bureaustoel-zwart-bouroullec-chroom.jpg","width":1024,"height":1024,"caption":"Vitra Softshell Bureaustoel Zwart Bouroullec - Chroom"},{"@type":"BreadcrumbList","@id":"https:\/\/www.zillions.nl\/product\/vitra-softshell-stoel-zwart-stof-chroom\/#breadcrumb","itemListElement":[{"@type":"ListItem","position":1,"name":"Home","item":"https:\/\/www.zillions.nl\/"},{"@type":"ListItem","position":2,"name":"Shop","item":"https:\/\/www.zillions.nl\/shop\/"},{"@type":"ListItem","position":3,"name":"Vitra Softshell Stoel Zwart Stof &#8211; Chroom"}]},{"@type":"WebSite","@id":"https:\/\/www.zillions.nl\/de\/#website","url":"https:\/\/www.zillions.nl\/de\/","name":"Zillionen: neue und gebrauchte Designerm\u00f6bel und St\u00fchle","description":"Willkommen bei Zillions: Zillions ist auf neue und gebrauchte Designm\u00f6bel und St\u00fchle spezialisiert.","publisher":{"@id":"https:\/\/www.zillions.nl\/de\/#organization"},"potentialAction":[{"@type":"SearchAction","target":{"@type":"EntryPoint","urlTemplate":"https:\/\/www.zillions.nl\/de\/?s={search_term_string}"},"query-input":{"@type":"PropertyValueSpecification","valueRequired":true,"valueName":"search_term_string"}}],"inLanguage":"de-DE"},{"@type":"Organization","@id":"https:\/\/www.zillions.nl\/de\/#organization","name":"Zillionen: neue und gebrauchte Designerm\u00f6bel und St\u00fchle","url":"https:\/\/www.zillions.nl\/de\/","logo":{"@type":"ImageObject","inLanguage":"de-DE","@id":"https:\/\/www.zillions.nl\/de\/#\/schema\/logo\/image\/","url":"https:\/\/www.zillions.nl\/wp-content\/uploads\/2022\/11\/zillions.svg","contentUrl":"https:\/\/www.zillions.nl\/wp-content\/uploads\/2022\/11\/zillions.svg","width":208,"height":53,"caption":"Zillions: nieuw en gebruikt design meubilair en stoelen"},"image":{"@id":"https:\/\/www.zillions.nl\/de\/#\/schema\/logo\/image\/"}}]}},"_links":{"self":[{"href":"https:\/\/www.zillions.nl\/de\/wp-json\/wp\/v2\/product\/22153","targetHints":{"allow":["GET"]}}],"collection":[{"href":"https:\/\/www.zillions.nl\/de\/wp-json\/wp\/v2\/product"}],"about":[{"href":"https:\/\/www.zillions.nl\/de\/wp-json\/wp\/v2\/types\/product"}],"wp:featuredmedia":[{"embeddable":true,"href":"https:\/\/www.zillions.nl\/de\/wp-json\/wp\/v2\/media\/22213"}],"wp:attachment":[{"href":"https:\/\/www.zillions.nl\/de\/wp-json\/wp\/v2\/media?parent=22153"}],"wp:term":[{"taxonomy":"product_brand","embeddable":true,"href":"https:\/\/www.zillions.nl\/de\/wp-json\/wp\/v2\/product_brand?post=22153"},{"taxonomy":"product_cat","embeddable":true,"href":"https:\/\/www.zillions.nl\/de\/wp-json\/wp\/v2\/product_cat?post=22153"},{"taxonomy":"product_tag","embeddable":true,"href":"https:\/\/www.zillions.nl\/de\/wp-json\/wp\/v2\/product_tag?post=22153"}],"curies":[{"name":"wp","href":"https:\/\/api.w.org\/{rel}","templated":true}]}}