{"id":22066,"date":"2026-03-09T14:39:40","date_gmt":"2026-03-09T13:39:40","guid":{"rendered":"https:\/\/www.zillions.nl\/?post_type=product&#038;p=22066"},"modified":"2026-04-09T12:15:12","modified_gmt":"2026-04-09T10:15:12","slug":"vitra-eames-ea-219-bureaustoel-camel-leer-aluminium","status":"publish","type":"product","link":"https:\/\/www.zillions.nl\/de\/product\/vitra-eames-ea-219-bureaustoel-camel-leer-aluminium\/","title":{"rendered":"Vitra Eames EA 219 B\u00fcrostuhl, Kamelleder"},"content":{"rendered":"<h5 data-start=\"224\" data-end=\"517\">Vitra Eames EA 219 B\u00fcrostuhl, Kamelleder \u2013 Aluminiumfu\u00df<\/h5>\n<p>Das <a href=\"\/de\/merken\/vitra\/\">Vitra<\/a> Der von Charles &amp; Ray Eames entworfene B\u00fcrostuhl EA 219 ist mit Kamelleder bezogen und verf\u00fcgt \u00fcber ein Aluminiumgestell. Die hohe R\u00fcckenlehne und das schlanke Gestell verleihen dem Stuhl ein elegantes und zeitloses Aussehen. Dank Drehfunktion und verstellbarer Sitzh\u00f6he eignet er sich ideal f\u00fcr den Einsatz am Schreibtisch oder Arbeitsplatz. Der Stuhl ist original 100% und tr\u00e4gt alle Echtheitsmerkmale.<\/p>\n<p data-start=\"1220\" data-end=\"1277\"><strong data-start=\"1220\" data-end=\"1233\">Zustand:<\/strong> Zustand im Ausstellungsraum; im Neuzustand<\/p>\n<p data-start=\"1279\" data-end=\"1305\"><strong data-start=\"1279\" data-end=\"1305\">Lieferung ab Lager<\/strong><\/p>\n<p data-start=\"1307\" data-end=\"1352\"><strong>Hinweis:<\/strong> Die angezeigten Preise sind <span style=\"text-decoration: underline\">pro St\u00fcck<\/span>!<\/p>\n<p data-start=\"1386\" data-end=\"1404\"><strong data-start=\"1386\" data-end=\"1404\">Spezifikationen:<\/strong><\/p>\n<p data-start=\"1406\" data-end=\"1658\"><strong>Sitz:<\/strong> Leder, Kamel; schwenkbar, neigbar<br data-start=\"1450\" data-end=\"1453\" \/><strong>Rahmen:<\/strong> Aluminium<br data-start=\"1469\" data-end=\"1472\" \/><strong>R\u00fcckenlehne:<\/strong> hoch; 50 cm<br data-start=\"1495\" data-end=\"1498\" \/><strong>Armlehne:<\/strong> 23,3 cm hoch<br data-start=\"1522\" data-end=\"1525\" \/><strong>Sitzh\u00f6he:<\/strong> 38,5 cm \u2013 50 cm<br data-start=\"1551\" data-end=\"1554\" \/><strong>Volle H\u00f6he:<\/strong> 99,5 cm \u2013 110,5 cm; h\u00f6henverstellbar<br data-start=\"1613\" data-end=\"1616\" \/><strong>Sitzbreite:<\/strong> 52,5 cm<br data-start=\"1635\" data-end=\"1638\" \/><strong>Sitztiefe:<\/strong> 42,5 cm<\/p>\n<p data-prosemirror-content-type=\"node\" data-prosemirror-node-name=\"paragraph\" data-prosemirror-node-block=\"true\" data-pm-slice=\"1 1 []\">Bei Fragen oder zur Vereinbarung eines unverbindlichen Besichtigungstermins k\u00f6nnen Sie sich gerne an uns wenden.\u00a0<a href=\"https:\/\/www.zillions.nl\/de\/contact\/\">Kontakt<\/a>\u00a0Kontaktieren Sie uns. Die Lieferung erfolgt \u00fcber unseren eigenen Lieferservice. Dieser Artikel l\u00e4sst sich einfach \u00fcber unseren Webshop bestellen. Hier finden Sie au\u00dferdem unser aktuelles Sortiment mit vielen weiteren Designartikeln.<\/p>\n<p data-start=\"1901\" data-end=\"2013\"><strong data-start=\"1901\" data-end=\"1942\">Kontaktdaten (Besuch nach Vereinbarung):<\/strong><br data-start=\"1942\" data-end=\"1945\" \/>Industrieweg 21<br data-start=\"1960\" data-end=\"1963\" \/>4131NK Vianen<br data-start=\"1976\" data-end=\"1979\" \/><a class=\"decorated-link cursor-pointer\" rel=\"noopener\" data-start=\"1979\" data-end=\"1995\">info@zillions.nl<\/a><br data-start=\"1995\" data-end=\"1998\" \/>030 20 72 146<\/p>","protected":false},"excerpt":{"rendered":"<p>Vitra Eames EA 219 bureaustoel camel leer \u2013aluminium onderstel Deze Vitra EA 219 bureaustoel, ontworpen door Charles &amp; Ray Eames, is uitgevoerd in camel leer en voorzien van een aluminium onderstel. De hoge rugleuning en het slanke frame geven de stoel een elegante en tijdloze uitstraling. Dankzij de draaifunctie en verstelbare zithoogte is de stoel [&hellip;]<\/p>\n","protected":false},"featured_media":22068,"template":"","meta":{"_acf_changed":false},"product_brand":[202],"product_cat":[16,186],"product_tag":[322],"class_list":{"0":"post-22066","1":"product","2":"type-product","3":"status-publish","4":"has-post-thumbnail","6":"product_brand-vitra","7":"product_cat-alle-producten","8":"product_cat-bureaustoelen","9":"product_tag-vitra","10":"product_model-ea-219","12":"first","13":"instock","14":"sale","15":"purchasable","16":"product-type-simple"},"acf":[],"yoast_head":"<!-- This site is optimized with the Yoast SEO plugin v27.5 - https:\/\/yoast.com\/product\/yoast-seo-wordpress\/ -->\n<title>Vitra Eames EA 219 Bureaustoel Camel Leer - Zillions: nieuw en gebruikt design meubilair en stoelen<\/title>\n<meta name=\"robots\" content=\"index, follow, max-snippet:-1, max-image-preview:large, max-video-preview:-1\" \/>\n<link rel=\"canonical\" href=\"https:\/\/www.zillions.nl\/de\/product\/vitra-eames-ea-219-bureaustoel-camel-leer-aluminium\/\" \/>\n<meta property=\"og:locale\" content=\"de_DE\" \/>\n<meta property=\"og:type\" content=\"article\" \/>\n<meta property=\"og:title\" content=\"Vitra Eames EA 219 Bureaustoel Camel Leer - Zillions: nieuw en gebruikt design meubilair en stoelen\" \/>\n<meta property=\"og:description\" content=\"Vitra Eames EA 219 bureaustoel camel leer \u2013aluminium onderstel Deze Vitra EA 219 bureaustoel, ontworpen door Charles &amp; Ray Eames, is uitgevoerd in camel leer en voorzien van een aluminium onderstel. De hoge rugleuning en het slanke frame geven de stoel een elegante en tijdloze uitstraling. Dankzij de draaifunctie en verstelbare zithoogte is de stoel [&hellip;]\" \/>\n<meta property=\"og:url\" content=\"https:\/\/www.zillions.nl\/de\/product\/vitra-eames-ea-219-bureaustoel-camel-leer-aluminium\/\" \/>\n<meta property=\"og:site_name\" content=\"Zillions: nieuw en gebruikt design meubilair en stoelen\" \/>\n<meta property=\"article:modified_time\" content=\"2026-04-09T10:15:12+00:00\" \/>\n<meta property=\"og:image\" content=\"https:\/\/www.zillions.nl\/wp-content\/uploads\/2026\/03\/vitra-eames-ea219-bureaustoel-camel-leer-aluminium.jpg\" \/>\n\t<meta property=\"og:image:width\" content=\"1024\" \/>\n\t<meta property=\"og:image:height\" content=\"1024\" \/>\n\t<meta property=\"og:image:type\" content=\"image\/jpeg\" \/>\n<meta name=\"twitter:card\" content=\"summary_large_image\" \/>\n<meta name=\"twitter:label1\" content=\"Est. reading time\" \/>\n\t<meta name=\"twitter:data1\" content=\"2 minutes\" \/>\n<script type=\"application\/ld+json\" class=\"yoast-schema-graph\">{\"@context\":\"https:\\\/\\\/schema.org\",\"@graph\":[{\"@type\":\"WebPage\",\"@id\":\"https:\\\/\\\/www.zillions.nl\\\/product\\\/vitra-eames-ea-219-bureaustoel-camel-leer-aluminium\\\/\",\"url\":\"https:\\\/\\\/www.zillions.nl\\\/product\\\/vitra-eames-ea-219-bureaustoel-camel-leer-aluminium\\\/\",\"name\":\"Vitra Eames EA 219 Bureaustoel Camel Leer - Zillions: nieuw en gebruikt design meubilair en stoelen\",\"isPartOf\":{\"@id\":\"https:\\\/\\\/www.zillions.nl\\\/de\\\/#website\"},\"primaryImageOfPage\":{\"@id\":\"https:\\\/\\\/www.zillions.nl\\\/product\\\/vitra-eames-ea-219-bureaustoel-camel-leer-aluminium\\\/#primaryimage\"},\"image\":{\"@id\":\"https:\\\/\\\/www.zillions.nl\\\/product\\\/vitra-eames-ea-219-bureaustoel-camel-leer-aluminium\\\/#primaryimage\"},\"thumbnailUrl\":\"https:\\\/\\\/www.zillions.nl\\\/wp-content\\\/uploads\\\/2026\\\/03\\\/vitra-eames-ea219-bureaustoel-camel-leer-aluminium.jpg\",\"datePublished\":\"2026-03-09T13:39:40+00:00\",\"dateModified\":\"2026-04-09T10:15:12+00:00\",\"breadcrumb\":{\"@id\":\"https:\\\/\\\/www.zillions.nl\\\/product\\\/vitra-eames-ea-219-bureaustoel-camel-leer-aluminium\\\/#breadcrumb\"},\"inLanguage\":\"de-DE\",\"potentialAction\":[{\"@type\":\"ReadAction\",\"target\":[\"https:\\\/\\\/www.zillions.nl\\\/product\\\/vitra-eames-ea-219-bureaustoel-camel-leer-aluminium\\\/\"]}]},{\"@type\":\"ImageObject\",\"inLanguage\":\"de-DE\",\"@id\":\"https:\\\/\\\/www.zillions.nl\\\/product\\\/vitra-eames-ea-219-bureaustoel-camel-leer-aluminium\\\/#primaryimage\",\"url\":\"https:\\\/\\\/www.zillions.nl\\\/wp-content\\\/uploads\\\/2026\\\/03\\\/vitra-eames-ea219-bureaustoel-camel-leer-aluminium.jpg\",\"contentUrl\":\"https:\\\/\\\/www.zillions.nl\\\/wp-content\\\/uploads\\\/2026\\\/03\\\/vitra-eames-ea219-bureaustoel-camel-leer-aluminium.jpg\",\"width\":1024,\"height\":1024,\"caption\":\"Vitra Eames EA219 bureaustoel camel leer met aluminium onderstel\"},{\"@type\":\"BreadcrumbList\",\"@id\":\"https:\\\/\\\/www.zillions.nl\\\/product\\\/vitra-eames-ea-219-bureaustoel-camel-leer-aluminium\\\/#breadcrumb\",\"itemListElement\":[{\"@type\":\"ListItem\",\"position\":1,\"name\":\"Home\",\"item\":\"https:\\\/\\\/www.zillions.nl\\\/\"},{\"@type\":\"ListItem\",\"position\":2,\"name\":\"Shop\",\"item\":\"https:\\\/\\\/www.zillions.nl\\\/shop\\\/\"},{\"@type\":\"ListItem\",\"position\":3,\"name\":\"Vitra Eames EA 219 Bureaustoel Camel Leer\"}]},{\"@type\":\"WebSite\",\"@id\":\"https:\\\/\\\/www.zillions.nl\\\/de\\\/#website\",\"url\":\"https:\\\/\\\/www.zillions.nl\\\/de\\\/\",\"name\":\"Zillions: nieuw en gebruikt design meubilair en stoelen\",\"description\":\"Welkom bij Zillions: Zillions is gespecialiseerd in nieuw en gebruikt design meubilair en stoelen.\",\"publisher\":{\"@id\":\"https:\\\/\\\/www.zillions.nl\\\/de\\\/#organization\"},\"potentialAction\":[{\"@type\":\"SearchAction\",\"target\":{\"@type\":\"EntryPoint\",\"urlTemplate\":\"https:\\\/\\\/www.zillions.nl\\\/de\\\/?s={search_term_string}\"},\"query-input\":{\"@type\":\"PropertyValueSpecification\",\"valueRequired\":true,\"valueName\":\"search_term_string\"}}],\"inLanguage\":\"de-DE\"},{\"@type\":\"Organization\",\"@id\":\"https:\\\/\\\/www.zillions.nl\\\/de\\\/#organization\",\"name\":\"Zillions: nieuw en gebruikt design meubilair en stoelen\",\"url\":\"https:\\\/\\\/www.zillions.nl\\\/de\\\/\",\"logo\":{\"@type\":\"ImageObject\",\"inLanguage\":\"de-DE\",\"@id\":\"https:\\\/\\\/www.zillions.nl\\\/de\\\/#\\\/schema\\\/logo\\\/image\\\/\",\"url\":\"https:\\\/\\\/www.zillions.nl\\\/wp-content\\\/uploads\\\/2022\\\/11\\\/zillions.svg\",\"contentUrl\":\"https:\\\/\\\/www.zillions.nl\\\/wp-content\\\/uploads\\\/2022\\\/11\\\/zillions.svg\",\"width\":208,\"height\":53,\"caption\":\"Zillions: nieuw en gebruikt design meubilair en stoelen\"},\"image\":{\"@id\":\"https:\\\/\\\/www.zillions.nl\\\/de\\\/#\\\/schema\\\/logo\\\/image\\\/\"}}]}<\/script>\n<!-- \/ Yoast SEO plugin. -->","yoast_head_json":{"title":"Vitra Eames EA 219 B\u00fcrostuhl, Kamelleder \u2013 Zillions: Neue und gebrauchte Designerm\u00f6bel und St\u00fchle","robots":{"index":"index","follow":"follow","max-snippet":"max-snippet:-1","max-image-preview":"max-image-preview:large","max-video-preview":"max-video-preview:-1"},"canonical":"https:\/\/www.zillions.nl\/de\/product\/vitra-eames-ea-219-bureaustoel-camel-leer-aluminium\/","og_locale":"de_DE","og_type":"article","og_title":"Vitra Eames EA 219 Bureaustoel Camel Leer - Zillions: nieuw en gebruikt design meubilair en stoelen","og_description":"Vitra Eames EA 219 bureaustoel camel leer \u2013aluminium onderstel Deze Vitra EA 219 bureaustoel, ontworpen door Charles &amp; Ray Eames, is uitgevoerd in camel leer en voorzien van een aluminium onderstel. De hoge rugleuning en het slanke frame geven de stoel een elegante en tijdloze uitstraling. Dankzij de draaifunctie en verstelbare zithoogte is de stoel [&hellip;]","og_url":"https:\/\/www.zillions.nl\/de\/product\/vitra-eames-ea-219-bureaustoel-camel-leer-aluminium\/","og_site_name":"Zillions: nieuw en gebruikt design meubilair en stoelen","article_modified_time":"2026-04-09T10:15:12+00:00","og_image":[{"width":1024,"height":1024,"url":"https:\/\/www.zillions.nl\/wp-content\/uploads\/2026\/03\/vitra-eames-ea219-bureaustoel-camel-leer-aluminium.jpg","type":"image\/jpeg"}],"twitter_card":"summary_large_image","twitter_misc":{"Est. reading time":"2 minutes"},"schema":{"@context":"https:\/\/schema.org","@graph":[{"@type":"WebPage","@id":"https:\/\/www.zillions.nl\/product\/vitra-eames-ea-219-bureaustoel-camel-leer-aluminium\/","url":"https:\/\/www.zillions.nl\/product\/vitra-eames-ea-219-bureaustoel-camel-leer-aluminium\/","name":"Vitra Eames EA 219 B\u00fcrostuhl, Kamelleder \u2013 Zillions: Neue und gebrauchte Designerm\u00f6bel und St\u00fchle","isPartOf":{"@id":"https:\/\/www.zillions.nl\/de\/#website"},"primaryImageOfPage":{"@id":"https:\/\/www.zillions.nl\/product\/vitra-eames-ea-219-bureaustoel-camel-leer-aluminium\/#primaryimage"},"image":{"@id":"https:\/\/www.zillions.nl\/product\/vitra-eames-ea-219-bureaustoel-camel-leer-aluminium\/#primaryimage"},"thumbnailUrl":"https:\/\/www.zillions.nl\/wp-content\/uploads\/2026\/03\/vitra-eames-ea219-bureaustoel-camel-leer-aluminium.jpg","datePublished":"2026-03-09T13:39:40+00:00","dateModified":"2026-04-09T10:15:12+00:00","breadcrumb":{"@id":"https:\/\/www.zillions.nl\/product\/vitra-eames-ea-219-bureaustoel-camel-leer-aluminium\/#breadcrumb"},"inLanguage":"de-DE","potentialAction":[{"@type":"ReadAction","target":["https:\/\/www.zillions.nl\/product\/vitra-eames-ea-219-bureaustoel-camel-leer-aluminium\/"]}]},{"@type":"ImageObject","inLanguage":"de-DE","@id":"https:\/\/www.zillions.nl\/product\/vitra-eames-ea-219-bureaustoel-camel-leer-aluminium\/#primaryimage","url":"https:\/\/www.zillions.nl\/wp-content\/uploads\/2026\/03\/vitra-eames-ea219-bureaustoel-camel-leer-aluminium.jpg","contentUrl":"https:\/\/www.zillions.nl\/wp-content\/uploads\/2026\/03\/vitra-eames-ea219-bureaustoel-camel-leer-aluminium.jpg","width":1024,"height":1024,"caption":"Vitra Eames EA219 bureaustoel camel leer met aluminium onderstel"},{"@type":"BreadcrumbList","@id":"https:\/\/www.zillions.nl\/product\/vitra-eames-ea-219-bureaustoel-camel-leer-aluminium\/#breadcrumb","itemListElement":[{"@type":"ListItem","position":1,"name":"Home","item":"https:\/\/www.zillions.nl\/"},{"@type":"ListItem","position":2,"name":"Shop","item":"https:\/\/www.zillions.nl\/shop\/"},{"@type":"ListItem","position":3,"name":"Vitra Eames EA 219 Bureaustoel Camel Leer"}]},{"@type":"WebSite","@id":"https:\/\/www.zillions.nl\/de\/#website","url":"https:\/\/www.zillions.nl\/de\/","name":"Zillionen: neue und gebrauchte Designerm\u00f6bel und St\u00fchle","description":"Willkommen bei Zillions: Zillions ist auf neue und gebrauchte Designm\u00f6bel und St\u00fchle spezialisiert.","publisher":{"@id":"https:\/\/www.zillions.nl\/de\/#organization"},"potentialAction":[{"@type":"SearchAction","target":{"@type":"EntryPoint","urlTemplate":"https:\/\/www.zillions.nl\/de\/?s={search_term_string}"},"query-input":{"@type":"PropertyValueSpecification","valueRequired":true,"valueName":"search_term_string"}}],"inLanguage":"de-DE"},{"@type":"Organization","@id":"https:\/\/www.zillions.nl\/de\/#organization","name":"Zillionen: neue und gebrauchte Designerm\u00f6bel und St\u00fchle","url":"https:\/\/www.zillions.nl\/de\/","logo":{"@type":"ImageObject","inLanguage":"de-DE","@id":"https:\/\/www.zillions.nl\/de\/#\/schema\/logo\/image\/","url":"https:\/\/www.zillions.nl\/wp-content\/uploads\/2022\/11\/zillions.svg","contentUrl":"https:\/\/www.zillions.nl\/wp-content\/uploads\/2022\/11\/zillions.svg","width":208,"height":53,"caption":"Zillions: nieuw en gebruikt design meubilair en stoelen"},"image":{"@id":"https:\/\/www.zillions.nl\/de\/#\/schema\/logo\/image\/"}}]}},"_links":{"self":[{"href":"https:\/\/www.zillions.nl\/de\/wp-json\/wp\/v2\/product\/22066","targetHints":{"allow":["GET"]}}],"collection":[{"href":"https:\/\/www.zillions.nl\/de\/wp-json\/wp\/v2\/product"}],"about":[{"href":"https:\/\/www.zillions.nl\/de\/wp-json\/wp\/v2\/types\/product"}],"wp:featuredmedia":[{"embeddable":true,"href":"https:\/\/www.zillions.nl\/de\/wp-json\/wp\/v2\/media\/22068"}],"wp:attachment":[{"href":"https:\/\/www.zillions.nl\/de\/wp-json\/wp\/v2\/media?parent=22066"}],"wp:term":[{"taxonomy":"product_brand","embeddable":true,"href":"https:\/\/www.zillions.nl\/de\/wp-json\/wp\/v2\/product_brand?post=22066"},{"taxonomy":"product_cat","embeddable":true,"href":"https:\/\/www.zillions.nl\/de\/wp-json\/wp\/v2\/product_cat?post=22066"},{"taxonomy":"product_tag","embeddable":true,"href":"https:\/\/www.zillions.nl\/de\/wp-json\/wp\/v2\/product_tag?post=22066"}],"curies":[{"name":"wp","href":"https:\/\/api.w.org\/{rel}","templated":true}]}}