{"id":22064,"date":"2026-03-09T14:23:47","date_gmt":"2026-03-09T13:23:47","guid":{"rendered":"https:\/\/www.zillions.nl\/?post_type=product&#038;p=22064"},"modified":"2026-04-29T16:29:46","modified_gmt":"2026-04-29T14:29:46","slug":"vitra-eames-ea117-bureaustoel-rood-hopsak-aluminium","status":"publish","type":"product","link":"https:\/\/www.zillions.nl\/de\/product\/vitra-eames-ea117-bureaustoel-rood-hopsak-aluminium\/","title":{"rendered":"Vitra Eames EA 117 B\u00fcrostuhl Red Hopsak \u2013 Aluminium"},"content":{"rendered":"<h5 data-start=\"280\" data-end=\"621\">Vitra Eames EA 117 B\u00fcrostuhl rot Hopsak \u2013 Aluminiumfu\u00dfkreuz<\/h5>\n<p>Das <a href=\"\/de\/merken\/vitra\/\">Vitra<\/a> Der von Charles &amp; Ray Eames entworfene B\u00fcrostuhl EA 117 ist mit rotem Hopsak-Stoff bezogen und verf\u00fcgt \u00fcber ein Aluminiumgestell. Die niedrige R\u00fcckenlehne und das schlanke Gestell verleihen dem Stuhl ein zeitlos elegantes Aussehen. Er ist drehbar und h\u00f6henverstellbar und eignet sich daher ideal f\u00fcr den Einsatz am Schreibtisch oder Arbeitsplatz. Der Stuhl ist original (Nr. 100%) und tr\u00e4gt alle Echtheitsmerkmale.<\/p>\n<p><strong>Zustand:<\/strong> Leicht gebraucht; in gutem Zustand<\/p>\n<p><strong>Lieferung ab Lager<\/strong><\/p>\n<p><strong>Hinweis:\u00a0<\/strong>Die angezeigten Preise sind\u00a0<u>pro St\u00fcck<\/u>!<\/p>\n<p><strong>Technische Daten<\/strong>:<br \/>\n<strong>Sitz:<\/strong> Hopfensack, ; schwenkbar, neigbar<br \/>\n<strong>Rahmen:<\/strong> Aluminium<br \/>\n<strong>R\u00fcckenlehne:<\/strong>\u00a0halbhoch; 42 cm<br \/>\n<strong>Armlehne:<\/strong>\u00a026 cm hoch<br \/>\n<strong>Sitzh\u00f6he:<\/strong>\u00a038,5 cm \u2013 50,5 cm; h\u00f6henverstellbar<br \/>\n<strong>Volle H\u00f6he:<\/strong>\u00a083cm \u2013 95cm<br \/>\n<strong>Sitzbreite:<\/strong>\u00a052,5 cm<br \/>\n<strong>Sitztiefe:<\/strong>\u00a046,5 cm<\/p>\n<p data-prosemirror-content-type=\"node\" data-prosemirror-node-name=\"paragraph\" data-prosemirror-node-block=\"true\" data-pm-slice=\"1 1 []\">Bei Fragen oder zur Vereinbarung eines unverbindlichen Besichtigungstermins k\u00f6nnen Sie sich gerne an uns wenden. <a href=\"\/de\/contact\/\">Kontakt<\/a> Kontaktieren Sie uns. Die Lieferung erfolgt \u00fcber unseren eigenen Lieferservice. Dieser Artikel l\u00e4sst sich einfach \u00fcber unseren Webshop bestellen. Hier finden Sie au\u00dferdem unser aktuelles Sortiment mit vielen weiteren Designartikeln.<\/p>\n<p><strong>Kontaktdaten (Besuch nach Vereinbarung):<\/strong><br \/>\nIndustrieweg 21<br \/>\n4131NK Vianen<br \/>\ninfo@zillions.nl<br \/>\n030 20 72 146<\/p>","protected":false},"excerpt":{"rendered":"<p>Vitra Eames EA 117 bureaustoel rood hopsak \u2013 aluminium onderstel Deze Vitra EA 117 bureaustoel, ontworpen door Charles &amp; Ray Eames, is uitgevoerd in rode hopsak stof en voorzien van een aluminium onderstel. De lage rugleuning en het slanke frame geven de stoel een tijdloze en elegante uitstraling. De stoel is draaibaar en in hoogte [&hellip;]<\/p>\n","protected":false},"featured_media":22065,"template":"","meta":{"_acf_changed":false},"product_brand":[202],"product_cat":[16,186],"product_tag":[322],"class_list":{"0":"post-22064","1":"product","2":"type-product","3":"status-publish","4":"has-post-thumbnail","6":"product_brand-vitra","7":"product_cat-alle-producten","8":"product_cat-bureaustoelen","9":"product_tag-vitra","11":"first","12":"instock","13":"sale","14":"purchasable","15":"product-type-simple"},"acf":[],"yoast_head":"<!-- This site is optimized with the Yoast SEO plugin v27.5 - https:\/\/yoast.com\/product\/yoast-seo-wordpress\/ -->\n<title>Vitra Eames EA 117 Bureaustoel Rood Hopsak \u2013 Aluminium - Zillions: nieuw en gebruikt design meubilair en stoelen<\/title>\n<meta name=\"description\" content=\"Vitra Eames Ea117 Bureaustoel Rood Hopsak \u2013 Chroom| Eenvoudig te bestellen via onze webshop. Ontdek dit model en vele anderen in ons ruime assortiment!\" \/>\n<meta name=\"robots\" content=\"index, follow, max-snippet:-1, max-image-preview:large, max-video-preview:-1\" \/>\n<link rel=\"canonical\" href=\"https:\/\/www.zillions.nl\/de\/product\/vitra-eames-ea117-bureaustoel-rood-hopsak-aluminium\/\" \/>\n<meta property=\"og:locale\" content=\"de_DE\" \/>\n<meta property=\"og:type\" content=\"article\" \/>\n<meta property=\"og:title\" content=\"Vitra Eames EA 117 Bureaustoel Rood Hopsak \u2013 Aluminium - Zillions: nieuw en gebruikt design meubilair en stoelen\" \/>\n<meta property=\"og:description\" content=\"Vitra Eames Ea117 Bureaustoel Rood Hopsak \u2013 Chroom| Eenvoudig te bestellen via onze webshop. Ontdek dit model en vele anderen in ons ruime assortiment!\" \/>\n<meta property=\"og:url\" content=\"https:\/\/www.zillions.nl\/de\/product\/vitra-eames-ea117-bureaustoel-rood-hopsak-aluminium\/\" \/>\n<meta property=\"og:site_name\" content=\"Zillions: nieuw en gebruikt design meubilair en stoelen\" \/>\n<meta property=\"article:modified_time\" content=\"2026-04-29T14:29:46+00:00\" \/>\n<meta property=\"og:image\" content=\"https:\/\/www.zillions.nl\/wp-content\/uploads\/2026\/03\/vitra-eames-EA-117-bureaustoel-rood-hopsak-chromen-onderstel.jpg\" \/>\n\t<meta property=\"og:image:width\" content=\"1024\" \/>\n\t<meta property=\"og:image:height\" content=\"1024\" \/>\n\t<meta property=\"og:image:type\" content=\"image\/jpeg\" \/>\n<meta name=\"twitter:card\" content=\"summary_large_image\" \/>\n<meta name=\"twitter:label1\" content=\"Est. reading time\" \/>\n\t<meta name=\"twitter:data1\" content=\"2 minutes\" \/>\n<script type=\"application\/ld+json\" class=\"yoast-schema-graph\">{\"@context\":\"https:\\\/\\\/schema.org\",\"@graph\":[{\"@type\":\"WebPage\",\"@id\":\"https:\\\/\\\/www.zillions.nl\\\/product\\\/vitra-eames-ea117-bureaustoel-rood-hopsak-aluminium\\\/\",\"url\":\"https:\\\/\\\/www.zillions.nl\\\/product\\\/vitra-eames-ea117-bureaustoel-rood-hopsak-aluminium\\\/\",\"name\":\"Vitra Eames EA 117 Bureaustoel Rood Hopsak \u2013 Aluminium - Zillions: nieuw en gebruikt design meubilair en stoelen\",\"isPartOf\":{\"@id\":\"https:\\\/\\\/www.zillions.nl\\\/de\\\/#website\"},\"primaryImageOfPage\":{\"@id\":\"https:\\\/\\\/www.zillions.nl\\\/product\\\/vitra-eames-ea117-bureaustoel-rood-hopsak-aluminium\\\/#primaryimage\"},\"image\":{\"@id\":\"https:\\\/\\\/www.zillions.nl\\\/product\\\/vitra-eames-ea117-bureaustoel-rood-hopsak-aluminium\\\/#primaryimage\"},\"thumbnailUrl\":\"https:\\\/\\\/www.zillions.nl\\\/wp-content\\\/uploads\\\/2026\\\/03\\\/vitra-eames-EA-117-bureaustoel-rood-hopsak-chromen-onderstel.jpg\",\"datePublished\":\"2026-03-09T13:23:47+00:00\",\"dateModified\":\"2026-04-29T14:29:46+00:00\",\"description\":\"Vitra Eames Ea117 Bureaustoel Rood Hopsak \u2013 Chroom| Eenvoudig te bestellen via onze webshop. Ontdek dit model en vele anderen in ons ruime assortiment!\",\"breadcrumb\":{\"@id\":\"https:\\\/\\\/www.zillions.nl\\\/product\\\/vitra-eames-ea117-bureaustoel-rood-hopsak-aluminium\\\/#breadcrumb\"},\"inLanguage\":\"de-DE\",\"potentialAction\":[{\"@type\":\"ReadAction\",\"target\":[\"https:\\\/\\\/www.zillions.nl\\\/product\\\/vitra-eames-ea117-bureaustoel-rood-hopsak-aluminium\\\/\"]}]},{\"@type\":\"ImageObject\",\"inLanguage\":\"de-DE\",\"@id\":\"https:\\\/\\\/www.zillions.nl\\\/product\\\/vitra-eames-ea117-bureaustoel-rood-hopsak-aluminium\\\/#primaryimage\",\"url\":\"https:\\\/\\\/www.zillions.nl\\\/wp-content\\\/uploads\\\/2026\\\/03\\\/vitra-eames-EA-117-bureaustoel-rood-hopsak-chromen-onderstel.jpg\",\"contentUrl\":\"https:\\\/\\\/www.zillions.nl\\\/wp-content\\\/uploads\\\/2026\\\/03\\\/vitra-eames-EA-117-bureaustoel-rood-hopsak-chromen-onderstel.jpg\",\"width\":1024,\"height\":1024,\"caption\":\"Vitra Eames EA 117 bureaustoel in rood hopsak met chromen onderstel\"},{\"@type\":\"BreadcrumbList\",\"@id\":\"https:\\\/\\\/www.zillions.nl\\\/product\\\/vitra-eames-ea117-bureaustoel-rood-hopsak-aluminium\\\/#breadcrumb\",\"itemListElement\":[{\"@type\":\"ListItem\",\"position\":1,\"name\":\"Home\",\"item\":\"https:\\\/\\\/www.zillions.nl\\\/\"},{\"@type\":\"ListItem\",\"position\":2,\"name\":\"Shop\",\"item\":\"https:\\\/\\\/www.zillions.nl\\\/shop\\\/\"},{\"@type\":\"ListItem\",\"position\":3,\"name\":\"Vitra Eames EA 117 Bureaustoel Rood Hopsak \u2013 Aluminium\"}]},{\"@type\":\"WebSite\",\"@id\":\"https:\\\/\\\/www.zillions.nl\\\/de\\\/#website\",\"url\":\"https:\\\/\\\/www.zillions.nl\\\/de\\\/\",\"name\":\"Zillions: nieuw en gebruikt design meubilair en stoelen\",\"description\":\"Welkom bij Zillions: Zillions is gespecialiseerd in nieuw en gebruikt design meubilair en stoelen.\",\"publisher\":{\"@id\":\"https:\\\/\\\/www.zillions.nl\\\/de\\\/#organization\"},\"potentialAction\":[{\"@type\":\"SearchAction\",\"target\":{\"@type\":\"EntryPoint\",\"urlTemplate\":\"https:\\\/\\\/www.zillions.nl\\\/de\\\/?s={search_term_string}\"},\"query-input\":{\"@type\":\"PropertyValueSpecification\",\"valueRequired\":true,\"valueName\":\"search_term_string\"}}],\"inLanguage\":\"de-DE\"},{\"@type\":\"Organization\",\"@id\":\"https:\\\/\\\/www.zillions.nl\\\/de\\\/#organization\",\"name\":\"Zillions: nieuw en gebruikt design meubilair en stoelen\",\"url\":\"https:\\\/\\\/www.zillions.nl\\\/de\\\/\",\"logo\":{\"@type\":\"ImageObject\",\"inLanguage\":\"de-DE\",\"@id\":\"https:\\\/\\\/www.zillions.nl\\\/de\\\/#\\\/schema\\\/logo\\\/image\\\/\",\"url\":\"https:\\\/\\\/www.zillions.nl\\\/wp-content\\\/uploads\\\/2022\\\/11\\\/zillions.svg\",\"contentUrl\":\"https:\\\/\\\/www.zillions.nl\\\/wp-content\\\/uploads\\\/2022\\\/11\\\/zillions.svg\",\"width\":208,\"height\":53,\"caption\":\"Zillions: nieuw en gebruikt design meubilair en stoelen\"},\"image\":{\"@id\":\"https:\\\/\\\/www.zillions.nl\\\/de\\\/#\\\/schema\\\/logo\\\/image\\\/\"}}]}<\/script>\n<!-- \/ Yoast SEO plugin. -->","yoast_head_json":{"title":"Vitra Eames EA 117 Bureaustoel Rood Hopsak \u2013 Aluminium - Zillions: nieuw en gebruikt design meubilair en stoelen","description":"Vitra Eames EA117 B\u00fcrostuhl Red Hopsak \u2013 Chrom | Bestellen Sie bequem in unserem Webshop. Entdecken Sie dieses und viele weitere Modelle aus unserem umfangreichen Sortiment!","robots":{"index":"index","follow":"follow","max-snippet":"max-snippet:-1","max-image-preview":"max-image-preview:large","max-video-preview":"max-video-preview:-1"},"canonical":"https:\/\/www.zillions.nl\/de\/product\/vitra-eames-ea117-bureaustoel-rood-hopsak-aluminium\/","og_locale":"de_DE","og_type":"article","og_title":"Vitra Eames EA 117 Bureaustoel Rood Hopsak \u2013 Aluminium - Zillions: nieuw en gebruikt design meubilair en stoelen","og_description":"Vitra Eames Ea117 Bureaustoel Rood Hopsak \u2013 Chroom| Eenvoudig te bestellen via onze webshop. Ontdek dit model en vele anderen in ons ruime assortiment!","og_url":"https:\/\/www.zillions.nl\/de\/product\/vitra-eames-ea117-bureaustoel-rood-hopsak-aluminium\/","og_site_name":"Zillions: nieuw en gebruikt design meubilair en stoelen","article_modified_time":"2026-04-29T14:29:46+00:00","og_image":[{"width":1024,"height":1024,"url":"https:\/\/www.zillions.nl\/wp-content\/uploads\/2026\/03\/vitra-eames-EA-117-bureaustoel-rood-hopsak-chromen-onderstel.jpg","type":"image\/jpeg"}],"twitter_card":"summary_large_image","twitter_misc":{"Est. reading time":"2 minutes"},"schema":{"@context":"https:\/\/schema.org","@graph":[{"@type":"WebPage","@id":"https:\/\/www.zillions.nl\/product\/vitra-eames-ea117-bureaustoel-rood-hopsak-aluminium\/","url":"https:\/\/www.zillions.nl\/product\/vitra-eames-ea117-bureaustoel-rood-hopsak-aluminium\/","name":"Vitra Eames EA 117 Bureaustoel Rood Hopsak \u2013 Aluminium - Zillions: nieuw en gebruikt design meubilair en stoelen","isPartOf":{"@id":"https:\/\/www.zillions.nl\/de\/#website"},"primaryImageOfPage":{"@id":"https:\/\/www.zillions.nl\/product\/vitra-eames-ea117-bureaustoel-rood-hopsak-aluminium\/#primaryimage"},"image":{"@id":"https:\/\/www.zillions.nl\/product\/vitra-eames-ea117-bureaustoel-rood-hopsak-aluminium\/#primaryimage"},"thumbnailUrl":"https:\/\/www.zillions.nl\/wp-content\/uploads\/2026\/03\/vitra-eames-EA-117-bureaustoel-rood-hopsak-chromen-onderstel.jpg","datePublished":"2026-03-09T13:23:47+00:00","dateModified":"2026-04-29T14:29:46+00:00","description":"Vitra Eames EA117 B\u00fcrostuhl Red Hopsak \u2013 Chrom | Bestellen Sie bequem in unserem Webshop. Entdecken Sie dieses und viele weitere Modelle aus unserem umfangreichen Sortiment!","breadcrumb":{"@id":"https:\/\/www.zillions.nl\/product\/vitra-eames-ea117-bureaustoel-rood-hopsak-aluminium\/#breadcrumb"},"inLanguage":"de-DE","potentialAction":[{"@type":"ReadAction","target":["https:\/\/www.zillions.nl\/product\/vitra-eames-ea117-bureaustoel-rood-hopsak-aluminium\/"]}]},{"@type":"ImageObject","inLanguage":"de-DE","@id":"https:\/\/www.zillions.nl\/product\/vitra-eames-ea117-bureaustoel-rood-hopsak-aluminium\/#primaryimage","url":"https:\/\/www.zillions.nl\/wp-content\/uploads\/2026\/03\/vitra-eames-EA-117-bureaustoel-rood-hopsak-chromen-onderstel.jpg","contentUrl":"https:\/\/www.zillions.nl\/wp-content\/uploads\/2026\/03\/vitra-eames-EA-117-bureaustoel-rood-hopsak-chromen-onderstel.jpg","width":1024,"height":1024,"caption":"Vitra Eames EA 117 bureaustoel in rood hopsak met chromen onderstel"},{"@type":"BreadcrumbList","@id":"https:\/\/www.zillions.nl\/product\/vitra-eames-ea117-bureaustoel-rood-hopsak-aluminium\/#breadcrumb","itemListElement":[{"@type":"ListItem","position":1,"name":"Home","item":"https:\/\/www.zillions.nl\/"},{"@type":"ListItem","position":2,"name":"Shop","item":"https:\/\/www.zillions.nl\/shop\/"},{"@type":"ListItem","position":3,"name":"Vitra Eames EA 117 Bureaustoel Rood Hopsak \u2013 Aluminium"}]},{"@type":"WebSite","@id":"https:\/\/www.zillions.nl\/de\/#website","url":"https:\/\/www.zillions.nl\/de\/","name":"Zillionen: neue und gebrauchte Designerm\u00f6bel und St\u00fchle","description":"Willkommen bei Zillions: Zillions ist auf neue und gebrauchte Designm\u00f6bel und St\u00fchle spezialisiert.","publisher":{"@id":"https:\/\/www.zillions.nl\/de\/#organization"},"potentialAction":[{"@type":"SearchAction","target":{"@type":"EntryPoint","urlTemplate":"https:\/\/www.zillions.nl\/de\/?s={search_term_string}"},"query-input":{"@type":"PropertyValueSpecification","valueRequired":true,"valueName":"search_term_string"}}],"inLanguage":"de-DE"},{"@type":"Organization","@id":"https:\/\/www.zillions.nl\/de\/#organization","name":"Zillionen: neue und gebrauchte Designerm\u00f6bel und St\u00fchle","url":"https:\/\/www.zillions.nl\/de\/","logo":{"@type":"ImageObject","inLanguage":"de-DE","@id":"https:\/\/www.zillions.nl\/de\/#\/schema\/logo\/image\/","url":"https:\/\/www.zillions.nl\/wp-content\/uploads\/2022\/11\/zillions.svg","contentUrl":"https:\/\/www.zillions.nl\/wp-content\/uploads\/2022\/11\/zillions.svg","width":208,"height":53,"caption":"Zillions: nieuw en gebruikt design meubilair en stoelen"},"image":{"@id":"https:\/\/www.zillions.nl\/de\/#\/schema\/logo\/image\/"}}]}},"_links":{"self":[{"href":"https:\/\/www.zillions.nl\/de\/wp-json\/wp\/v2\/product\/22064","targetHints":{"allow":["GET"]}}],"collection":[{"href":"https:\/\/www.zillions.nl\/de\/wp-json\/wp\/v2\/product"}],"about":[{"href":"https:\/\/www.zillions.nl\/de\/wp-json\/wp\/v2\/types\/product"}],"wp:featuredmedia":[{"embeddable":true,"href":"https:\/\/www.zillions.nl\/de\/wp-json\/wp\/v2\/media\/22065"}],"wp:attachment":[{"href":"https:\/\/www.zillions.nl\/de\/wp-json\/wp\/v2\/media?parent=22064"}],"wp:term":[{"taxonomy":"product_brand","embeddable":true,"href":"https:\/\/www.zillions.nl\/de\/wp-json\/wp\/v2\/product_brand?post=22064"},{"taxonomy":"product_cat","embeddable":true,"href":"https:\/\/www.zillions.nl\/de\/wp-json\/wp\/v2\/product_cat?post=22064"},{"taxonomy":"product_tag","embeddable":true,"href":"https:\/\/www.zillions.nl\/de\/wp-json\/wp\/v2\/product_tag?post=22064"}],"curies":[{"name":"wp","href":"https:\/\/api.w.org\/{rel}","templated":true}]}}