{"id":21505,"date":"2026-02-06T13:41:29","date_gmt":"2026-02-06T12:41:29","guid":{"rendered":"https:\/\/www.zillions.nl\/?post_type=product&#038;p=21505"},"modified":"2026-03-24T15:43:50","modified_gmt":"2026-03-24T14:43:50","slug":"artifort-f976-fauteuil-grijs-leer-wit","status":"publish","type":"product","link":"https:\/\/www.zillions.nl\/de\/product\/artifort-f976-fauteuil-grijs-leer-wit\/","title":{"rendered":"Artifort F976 Sessel, graues Leder"},"content":{"rendered":"<h5>Artifort F976 Sessel, graues Leder \u2013 wei\u00dfes Gestell<\/h5>\n<p><a href=\"\/de\/merken\/artifort\/\">Artifort<\/a> Sessel F976, bezogen mit grauem Leder und mit wei\u00dfem Gestell. Das Design zeichnet sich durch seine kompakte und elegante Form aus, die Komfort und \u00c4sthetik vereint. Dank seiner ansprechenden Linienf\u00fchrung und der gro\u00dfz\u00fcgigen Sitzfl\u00e4che bietet dieser Sessel hohen Sitzkomfort und eignet sich sowohl f\u00fcr Wohnr\u00e4ume als auch f\u00fcr repr\u00e4sentative Umgebungen. Der Sessel ist original 100% und tr\u00e4gt alle Echtheitsmerkmale.<\/p>\n<p><strong>Zustand:<\/strong> Ausstellungszustand; neuwertiger Zustand<\/p>\n<p><strong>Lieferung ab Lager<\/strong><\/p>\n<p><strong>Hinweis:<\/strong> Die angezeigten Preise sind <u>pro St\u00fcck!<\/u><\/p>\n<p><strong>Spezifikationen:<\/strong><br \/>\n<strong>H\u00f6he:<\/strong> 65 cm<br \/>\n<strong>Breite:<\/strong> 70 cm<br \/>\n<strong>Tiefe:<\/strong> 70 cm<br \/>\n<strong>Sitzh\u00f6he:<\/strong> 37 cm<\/p>\n<p>Bei Fragen oder zur Vereinbarung eines unverbindlichen Besichtigungstermins k\u00f6nnen Sie sich jederzeit an uns wenden. Die Lieferung erfolgt \u00fcber unseren eigenen Lieferservice. Sie k\u00f6nnen diesen Artikel ganz einfach \u00fcber unseren Webshop bestellen. Dort finden Sie au\u00dferdem unser aktuelles Sortiment mit vielen weiteren Designartikeln.<\/p>\n<p><strong>Kontaktdaten (Besuch nach Vereinbarung):<\/strong><br \/>\nIndustrieweg 21<br \/>\n4131 NK Vianen<br \/>\ninfo@zillions.nl<br \/>\n030 20 72 146<\/p>","protected":false},"excerpt":{"rendered":"<p>Artifort F976 fauteuil grijs leer \u2013 wit onderstel Artifort F976 fauteuil uitgevoerd in grijs leer met een wit onderstel. Het ontwerp kenmerkt zich door een compact en elegant karakter waarbij comfort en vormgeving samenkomen. Dankzij de vriendelijke belijning en royale zit biedt deze fauteuil een prettig zitcomfort en is hij geschikt voor zowel woonruimtes als [&hellip;]<\/p>\n","protected":false},"featured_media":22413,"template":"","meta":{"_acf_changed":false},"product_brand":[223],"product_cat":[16,188],"product_tag":[315],"class_list":{"0":"post-21505","1":"product","2":"type-product","3":"status-publish","4":"has-post-thumbnail","6":"product_brand-artifort","7":"product_cat-alle-producten","8":"product_cat-fauteuils","9":"product_tag-artifort","11":"first","12":"instock","13":"sale","14":"purchasable","15":"product-type-simple"},"acf":[],"yoast_head":"<!-- This site is optimized with the Yoast SEO plugin v27.5 - https:\/\/yoast.com\/product\/yoast-seo-wordpress\/ -->\n<title>Artifort F976 Fauteuil Grijs Leer - Zillions: nieuw en gebruikt design meubilair en stoelen<\/title>\n<meta name=\"description\" content=\"Artifort F976 Fauteuil Grijs Leer - Wit| Eenvoudig te bestellen via onze webshop. Ontdek dit model en vele anderen in ons ruime assortiment!\" \/>\n<meta name=\"robots\" content=\"index, follow, max-snippet:-1, max-image-preview:large, max-video-preview:-1\" \/>\n<link rel=\"canonical\" href=\"https:\/\/www.zillions.nl\/de\/product\/artifort-f976-fauteuil-grijs-leer-wit\/\" \/>\n<meta property=\"og:locale\" content=\"de_DE\" \/>\n<meta property=\"og:type\" content=\"article\" \/>\n<meta property=\"og:title\" content=\"Artifort F976 Fauteuil Grijs Leer - Zillions: nieuw en gebruikt design meubilair en stoelen\" \/>\n<meta property=\"og:description\" content=\"Artifort F976 Fauteuil Grijs Leer - Wit| Eenvoudig te bestellen via onze webshop. Ontdek dit model en vele anderen in ons ruime assortiment!\" \/>\n<meta property=\"og:url\" content=\"https:\/\/www.zillions.nl\/de\/product\/artifort-f976-fauteuil-grijs-leer-wit\/\" \/>\n<meta property=\"og:site_name\" content=\"Zillions: nieuw en gebruikt design meubilair en stoelen\" \/>\n<meta property=\"article:modified_time\" content=\"2026-03-24T14:43:50+00:00\" \/>\n<meta property=\"og:image\" content=\"https:\/\/www.zillions.nl\/wp-content\/uploads\/2026\/02\/artifort-f976-fauteuil-grijs-leer-wit-onderstel.jpg\" \/>\n\t<meta property=\"og:image:width\" content=\"1024\" \/>\n\t<meta property=\"og:image:height\" content=\"1024\" \/>\n\t<meta property=\"og:image:type\" content=\"image\/jpeg\" \/>\n<meta name=\"twitter:card\" content=\"summary_large_image\" \/>\n<meta name=\"twitter:label1\" content=\"Est. reading time\" \/>\n\t<meta name=\"twitter:data1\" content=\"1 minute\" \/>\n<script type=\"application\/ld+json\" class=\"yoast-schema-graph\">{\"@context\":\"https:\\\/\\\/schema.org\",\"@graph\":[{\"@type\":\"WebPage\",\"@id\":\"https:\\\/\\\/www.zillions.nl\\\/product\\\/artifort-f976-fauteuil-grijs-leer-wit\\\/\",\"url\":\"https:\\\/\\\/www.zillions.nl\\\/product\\\/artifort-f976-fauteuil-grijs-leer-wit\\\/\",\"name\":\"Artifort F976 Fauteuil Grijs Leer - Zillions: nieuw en gebruikt design meubilair en stoelen\",\"isPartOf\":{\"@id\":\"https:\\\/\\\/www.zillions.nl\\\/de\\\/#website\"},\"primaryImageOfPage\":{\"@id\":\"https:\\\/\\\/www.zillions.nl\\\/product\\\/artifort-f976-fauteuil-grijs-leer-wit\\\/#primaryimage\"},\"image\":{\"@id\":\"https:\\\/\\\/www.zillions.nl\\\/product\\\/artifort-f976-fauteuil-grijs-leer-wit\\\/#primaryimage\"},\"thumbnailUrl\":\"https:\\\/\\\/www.zillions.nl\\\/wp-content\\\/uploads\\\/2026\\\/02\\\/artifort-f976-fauteuil-grijs-leer-wit-onderstel.jpg\",\"datePublished\":\"2026-02-06T12:41:29+00:00\",\"dateModified\":\"2026-03-24T14:43:50+00:00\",\"description\":\"Artifort F976 Fauteuil Grijs Leer - Wit| Eenvoudig te bestellen via onze webshop. Ontdek dit model en vele anderen in ons ruime assortiment!\",\"breadcrumb\":{\"@id\":\"https:\\\/\\\/www.zillions.nl\\\/product\\\/artifort-f976-fauteuil-grijs-leer-wit\\\/#breadcrumb\"},\"inLanguage\":\"de-DE\",\"potentialAction\":[{\"@type\":\"ReadAction\",\"target\":[\"https:\\\/\\\/www.zillions.nl\\\/product\\\/artifort-f976-fauteuil-grijs-leer-wit\\\/\"]}]},{\"@type\":\"ImageObject\",\"inLanguage\":\"de-DE\",\"@id\":\"https:\\\/\\\/www.zillions.nl\\\/product\\\/artifort-f976-fauteuil-grijs-leer-wit\\\/#primaryimage\",\"url\":\"https:\\\/\\\/www.zillions.nl\\\/wp-content\\\/uploads\\\/2026\\\/02\\\/artifort-f976-fauteuil-grijs-leer-wit-onderstel.jpg\",\"contentUrl\":\"https:\\\/\\\/www.zillions.nl\\\/wp-content\\\/uploads\\\/2026\\\/02\\\/artifort-f976-fauteuil-grijs-leer-wit-onderstel.jpg\",\"width\":1024,\"height\":1024,\"caption\":\"Artifort F976 fauteuil grijs leer met wit onderstel\"},{\"@type\":\"BreadcrumbList\",\"@id\":\"https:\\\/\\\/www.zillions.nl\\\/product\\\/artifort-f976-fauteuil-grijs-leer-wit\\\/#breadcrumb\",\"itemListElement\":[{\"@type\":\"ListItem\",\"position\":1,\"name\":\"Home\",\"item\":\"https:\\\/\\\/www.zillions.nl\\\/\"},{\"@type\":\"ListItem\",\"position\":2,\"name\":\"Shop\",\"item\":\"https:\\\/\\\/www.zillions.nl\\\/shop\\\/\"},{\"@type\":\"ListItem\",\"position\":3,\"name\":\"Artifort F976 Fauteuil Grijs Leer\"}]},{\"@type\":\"WebSite\",\"@id\":\"https:\\\/\\\/www.zillions.nl\\\/de\\\/#website\",\"url\":\"https:\\\/\\\/www.zillions.nl\\\/de\\\/\",\"name\":\"Zillions: nieuw en gebruikt design meubilair en stoelen\",\"description\":\"Welkom bij Zillions: Zillions is gespecialiseerd in nieuw en gebruikt design meubilair en stoelen.\",\"publisher\":{\"@id\":\"https:\\\/\\\/www.zillions.nl\\\/de\\\/#organization\"},\"potentialAction\":[{\"@type\":\"SearchAction\",\"target\":{\"@type\":\"EntryPoint\",\"urlTemplate\":\"https:\\\/\\\/www.zillions.nl\\\/de\\\/?s={search_term_string}\"},\"query-input\":{\"@type\":\"PropertyValueSpecification\",\"valueRequired\":true,\"valueName\":\"search_term_string\"}}],\"inLanguage\":\"de-DE\"},{\"@type\":\"Organization\",\"@id\":\"https:\\\/\\\/www.zillions.nl\\\/de\\\/#organization\",\"name\":\"Zillions: nieuw en gebruikt design meubilair en stoelen\",\"url\":\"https:\\\/\\\/www.zillions.nl\\\/de\\\/\",\"logo\":{\"@type\":\"ImageObject\",\"inLanguage\":\"de-DE\",\"@id\":\"https:\\\/\\\/www.zillions.nl\\\/de\\\/#\\\/schema\\\/logo\\\/image\\\/\",\"url\":\"https:\\\/\\\/www.zillions.nl\\\/wp-content\\\/uploads\\\/2022\\\/11\\\/zillions.svg\",\"contentUrl\":\"https:\\\/\\\/www.zillions.nl\\\/wp-content\\\/uploads\\\/2022\\\/11\\\/zillions.svg\",\"width\":208,\"height\":53,\"caption\":\"Zillions: nieuw en gebruikt design meubilair en stoelen\"},\"image\":{\"@id\":\"https:\\\/\\\/www.zillions.nl\\\/de\\\/#\\\/schema\\\/logo\\\/image\\\/\"}}]}<\/script>\n<!-- \/ Yoast SEO plugin. -->","yoast_head_json":{"title":"Artifort F976 Fauteuil Grijs Leer - Zillions: nieuw en gebruikt design meubilair en stoelen","description":"Artifort F976 Fauteuil Grijs Leer - Wit| Eenvoudig te bestellen via onze webshop. Ontdek dit model en vele anderen in ons ruime assortiment!","robots":{"index":"index","follow":"follow","max-snippet":"max-snippet:-1","max-image-preview":"max-image-preview:large","max-video-preview":"max-video-preview:-1"},"canonical":"https:\/\/www.zillions.nl\/de\/product\/artifort-f976-fauteuil-grijs-leer-wit\/","og_locale":"de_DE","og_type":"article","og_title":"Artifort F976 Fauteuil Grijs Leer - Zillions: nieuw en gebruikt design meubilair en stoelen","og_description":"Artifort F976 Fauteuil Grijs Leer - Wit| Eenvoudig te bestellen via onze webshop. Ontdek dit model en vele anderen in ons ruime assortiment!","og_url":"https:\/\/www.zillions.nl\/de\/product\/artifort-f976-fauteuil-grijs-leer-wit\/","og_site_name":"Zillions: nieuw en gebruikt design meubilair en stoelen","article_modified_time":"2026-03-24T14:43:50+00:00","og_image":[{"width":1024,"height":1024,"url":"https:\/\/www.zillions.nl\/wp-content\/uploads\/2026\/02\/artifort-f976-fauteuil-grijs-leer-wit-onderstel.jpg","type":"image\/jpeg"}],"twitter_card":"summary_large_image","twitter_misc":{"Est. reading time":"1 minute"},"schema":{"@context":"https:\/\/schema.org","@graph":[{"@type":"WebPage","@id":"https:\/\/www.zillions.nl\/product\/artifort-f976-fauteuil-grijs-leer-wit\/","url":"https:\/\/www.zillions.nl\/product\/artifort-f976-fauteuil-grijs-leer-wit\/","name":"Artifort F976 Fauteuil Grijs Leer - Zillions: nieuw en gebruikt design meubilair en stoelen","isPartOf":{"@id":"https:\/\/www.zillions.nl\/de\/#website"},"primaryImageOfPage":{"@id":"https:\/\/www.zillions.nl\/product\/artifort-f976-fauteuil-grijs-leer-wit\/#primaryimage"},"image":{"@id":"https:\/\/www.zillions.nl\/product\/artifort-f976-fauteuil-grijs-leer-wit\/#primaryimage"},"thumbnailUrl":"https:\/\/www.zillions.nl\/wp-content\/uploads\/2026\/02\/artifort-f976-fauteuil-grijs-leer-wit-onderstel.jpg","datePublished":"2026-02-06T12:41:29+00:00","dateModified":"2026-03-24T14:43:50+00:00","description":"Artifort F976 Fauteuil Grijs Leer - Wit| Eenvoudig te bestellen via onze webshop. Ontdek dit model en vele anderen in ons ruime assortiment!","breadcrumb":{"@id":"https:\/\/www.zillions.nl\/product\/artifort-f976-fauteuil-grijs-leer-wit\/#breadcrumb"},"inLanguage":"de-DE","potentialAction":[{"@type":"ReadAction","target":["https:\/\/www.zillions.nl\/product\/artifort-f976-fauteuil-grijs-leer-wit\/"]}]},{"@type":"ImageObject","inLanguage":"de-DE","@id":"https:\/\/www.zillions.nl\/product\/artifort-f976-fauteuil-grijs-leer-wit\/#primaryimage","url":"https:\/\/www.zillions.nl\/wp-content\/uploads\/2026\/02\/artifort-f976-fauteuil-grijs-leer-wit-onderstel.jpg","contentUrl":"https:\/\/www.zillions.nl\/wp-content\/uploads\/2026\/02\/artifort-f976-fauteuil-grijs-leer-wit-onderstel.jpg","width":1024,"height":1024,"caption":"Artifort F976 fauteuil grijs leer met wit onderstel"},{"@type":"BreadcrumbList","@id":"https:\/\/www.zillions.nl\/product\/artifort-f976-fauteuil-grijs-leer-wit\/#breadcrumb","itemListElement":[{"@type":"ListItem","position":1,"name":"Home","item":"https:\/\/www.zillions.nl\/"},{"@type":"ListItem","position":2,"name":"Shop","item":"https:\/\/www.zillions.nl\/shop\/"},{"@type":"ListItem","position":3,"name":"Artifort F976 Fauteuil Grijs Leer"}]},{"@type":"WebSite","@id":"https:\/\/www.zillions.nl\/de\/#website","url":"https:\/\/www.zillions.nl\/de\/","name":"Zillionen: neue und gebrauchte Designerm\u00f6bel und St\u00fchle","description":"Willkommen bei Zillions: Zillions ist auf neue und gebrauchte Designm\u00f6bel und St\u00fchle spezialisiert.","publisher":{"@id":"https:\/\/www.zillions.nl\/de\/#organization"},"potentialAction":[{"@type":"SearchAction","target":{"@type":"EntryPoint","urlTemplate":"https:\/\/www.zillions.nl\/de\/?s={search_term_string}"},"query-input":{"@type":"PropertyValueSpecification","valueRequired":true,"valueName":"search_term_string"}}],"inLanguage":"de-DE"},{"@type":"Organization","@id":"https:\/\/www.zillions.nl\/de\/#organization","name":"Zillionen: neue und gebrauchte Designerm\u00f6bel und St\u00fchle","url":"https:\/\/www.zillions.nl\/de\/","logo":{"@type":"ImageObject","inLanguage":"de-DE","@id":"https:\/\/www.zillions.nl\/de\/#\/schema\/logo\/image\/","url":"https:\/\/www.zillions.nl\/wp-content\/uploads\/2022\/11\/zillions.svg","contentUrl":"https:\/\/www.zillions.nl\/wp-content\/uploads\/2022\/11\/zillions.svg","width":208,"height":53,"caption":"Zillions: nieuw en gebruikt design meubilair en stoelen"},"image":{"@id":"https:\/\/www.zillions.nl\/de\/#\/schema\/logo\/image\/"}}]}},"_links":{"self":[{"href":"https:\/\/www.zillions.nl\/de\/wp-json\/wp\/v2\/product\/21505","targetHints":{"allow":["GET"]}}],"collection":[{"href":"https:\/\/www.zillions.nl\/de\/wp-json\/wp\/v2\/product"}],"about":[{"href":"https:\/\/www.zillions.nl\/de\/wp-json\/wp\/v2\/types\/product"}],"wp:featuredmedia":[{"embeddable":true,"href":"https:\/\/www.zillions.nl\/de\/wp-json\/wp\/v2\/media\/22413"}],"wp:attachment":[{"href":"https:\/\/www.zillions.nl\/de\/wp-json\/wp\/v2\/media?parent=21505"}],"wp:term":[{"taxonomy":"product_brand","embeddable":true,"href":"https:\/\/www.zillions.nl\/de\/wp-json\/wp\/v2\/product_brand?post=21505"},{"taxonomy":"product_cat","embeddable":true,"href":"https:\/\/www.zillions.nl\/de\/wp-json\/wp\/v2\/product_cat?post=21505"},{"taxonomy":"product_tag","embeddable":true,"href":"https:\/\/www.zillions.nl\/de\/wp-json\/wp\/v2\/product_tag?post=21505"}],"curies":[{"name":"wp","href":"https:\/\/api.w.org\/{rel}","templated":true}]}}