{"id":20882,"date":"2026-01-07T11:06:55","date_gmt":"2026-01-07T10:06:55","guid":{"rendered":"https:\/\/www.zillions.nl\/?post_type=product&#038;p=20882"},"modified":"2026-01-08T09:47:08","modified_gmt":"2026-01-08T08:47:08","slug":"cassina-le-corbusier-lc6-tafel-helder-glas-zwart","status":"publish","type":"product","link":"https:\/\/www.zillions.nl\/de\/product\/cassina-le-corbusier-lc6-tafel-helder-glas-zwart\/","title":{"rendered":"Cassina Le Corbusier LC6 Tisch Klarglas \u2013 Schwarz"},"content":{"rendered":"<p>Cassina Le Corbusier LC6 Esstisch mit klarer Glasplatte und schwarzem Untergestell<\/p>\n<p>Dieser ikonische Cassina LC6 Tisch, entworfen von Le Corbusier, Pierre Jeanneret und Charlotte Perriand, verf\u00fcgt \u00fcber eine klare Glasplatte und ein schwarz pulverbeschichtetes Stahlgestell. Das Design zeichnet sich durch den markanten Kontrast zwischen Gestell und Tischplatte aus, der ein modernes und stilvolles Ensemble schafft. Dank seiner vier schwenkbaren St\u00fctzen ist der Tisch h\u00f6henverstellbar und somit flexibel und an verschiedene Situationen anpassbar. Das robuste Stahlgestell und die transparente Tischplatte erzeugen einen eleganten, gro\u00dfz\u00fcgigen Look, der sich sowohl f\u00fcr Gesch\u00e4fts- als auch f\u00fcr Wohnr\u00e4ume eignet. Der Tisch ist original 100% und verf\u00fcgt \u00fcber alle Echtheitsmerkmale.<\/p>\n<p><strong>Zustand:<\/strong>\u00a0Zustand im Ausstellungsraum; im Neuzustand<\/p>\n<p><strong>Lieferung ab Lager<\/strong><\/p>\n<p><strong>Hinweis:<\/strong>\u00a0Die angezeigten Preise sind\u00a0<u>pro St\u00fcck!<\/u><\/p>\n<p>Spezifikationen:<br \/>\n<strong>Tischplatte:\u00a0<\/strong>Glas, klar<br \/>\n<strong>Base:<\/strong>\u00a0Stahl, schwarz<br \/>\n<strong>H\u00f6he:<\/strong>\u00a069 cm<br \/>\n<strong>Breite:\u00a0<\/strong>160 cm<br \/>\n<strong>Tiefe:<\/strong>\u00a070 cm<br \/>\n<strong>Gesamth\u00f6he:<\/strong>\u00a069 \u2013 74 cm<br \/>\n<strong>Gesamtbreite:<\/strong>\u00a0225 cm<br \/>\n<strong>Gesamttiefe:<\/strong>\u00a085 cm<\/p>\n<p>Wenn Sie Fragen haben oder einen unverbindlichen Besichtigungstermin vereinbaren m\u00f6chten, k\u00f6nnen Sie sich gerne an uns wenden. Lieferung durch unseren eigenen Lieferservice m\u00f6glich! Besuchen Sie unsere Website f\u00fcr viele weitere Designartikel!<\/p>\n<p><strong>Kontaktdaten (Besuch nach Vereinbarung):<\/strong><br \/>\nIndustrieweg 21<br \/>\n4131NK Vianen<br \/>\ninfo@zillions.nl<br \/>\n030 20 72 146<\/p>","protected":false},"excerpt":{"rendered":"<p>Cassina Le Corbusier LC6 eettafel met helder glazen tafelblad &#8211; zwart onderstel Deze iconische\u00a0Cassina LC6 tafel, ontworpen door Le Corbusier, Pierre Jeanneret en Charlotte Perriand, is uitgevoerd met een tafelblad van helder glas en een stalen onderstel dat is afgewerkt met zwarte poedercoating. Het ontwerp kenmerkt zich door het opvallende contrast tussen het dragende frame [&hellip;]<\/p>\n","protected":false},"featured_media":20884,"template":"","meta":{"_acf_changed":false},"product_brand":[203],"product_cat":[16,191],"product_tag":[],"class_list":{"0":"post-20882","1":"product","2":"type-product","3":"status-publish","4":"has-post-thumbnail","6":"product_brand-cassina","7":"product_cat-alle-producten","8":"product_cat-tafels","10":"first","11":"instock","12":"purchasable","13":"product-type-simple"},"acf":[],"yoast_head":"<!-- This site is optimized with the Yoast SEO plugin v27.5 - https:\/\/yoast.com\/product\/yoast-seo-wordpress\/ -->\n<title>Cassina Le Corbusier LC6 Tafel Helder Glas - Zwart - Zillions: nieuw en gebruikt design meubilair en stoelen<\/title>\n<meta name=\"description\" content=\"Cassina Le Corbusier LC6 Tafel Helder Glas - Zwart| Eenvoudig te bestellen via onze webshop. Ontdek dit model en vele anderen in ons ruime assortiment!\" \/>\n<meta name=\"robots\" content=\"index, follow, max-snippet:-1, max-image-preview:large, max-video-preview:-1\" \/>\n<link rel=\"canonical\" href=\"https:\/\/www.zillions.nl\/de\/product\/cassina-le-corbusier-lc6-tafel-helder-glas-zwart\/\" \/>\n<meta property=\"og:locale\" content=\"de_DE\" \/>\n<meta property=\"og:type\" content=\"article\" \/>\n<meta property=\"og:title\" content=\"Cassina Le Corbusier LC6 Tafel Helder Glas - Zwart - Zillions: nieuw en gebruikt design meubilair en stoelen\" \/>\n<meta property=\"og:description\" content=\"Cassina Le Corbusier LC6 Tafel Helder Glas - Zwart| Eenvoudig te bestellen via onze webshop. Ontdek dit model en vele anderen in ons ruime assortiment!\" \/>\n<meta property=\"og:url\" content=\"https:\/\/www.zillions.nl\/de\/product\/cassina-le-corbusier-lc6-tafel-helder-glas-zwart\/\" \/>\n<meta property=\"og:site_name\" content=\"Zillions: nieuw en gebruikt design meubilair en stoelen\" \/>\n<meta property=\"article:modified_time\" content=\"2026-01-08T08:47:08+00:00\" \/>\n<meta name=\"twitter:card\" content=\"summary_large_image\" \/>\n<meta name=\"twitter:label1\" content=\"Est. reading time\" \/>\n\t<meta name=\"twitter:data1\" content=\"2 minutes\" \/>\n<script type=\"application\/ld+json\" class=\"yoast-schema-graph\">{\"@context\":\"https:\\\/\\\/schema.org\",\"@graph\":[{\"@type\":\"WebPage\",\"@id\":\"https:\\\/\\\/www.zillions.nl\\\/product\\\/cassina-le-corbusier-lc6-tafel-helder-glas-zwart\\\/\",\"url\":\"https:\\\/\\\/www.zillions.nl\\\/product\\\/cassina-le-corbusier-lc6-tafel-helder-glas-zwart\\\/\",\"name\":\"Cassina Le Corbusier LC6 Tafel Helder Glas - Zwart - Zillions: nieuw en gebruikt design meubilair en stoelen\",\"isPartOf\":{\"@id\":\"https:\\\/\\\/www.zillions.nl\\\/de\\\/#website\"},\"primaryImageOfPage\":{\"@id\":\"https:\\\/\\\/www.zillions.nl\\\/product\\\/cassina-le-corbusier-lc6-tafel-helder-glas-zwart\\\/#primaryimage\"},\"image\":{\"@id\":\"https:\\\/\\\/www.zillions.nl\\\/product\\\/cassina-le-corbusier-lc6-tafel-helder-glas-zwart\\\/#primaryimage\"},\"thumbnailUrl\":\"https:\\\/\\\/www.zillions.nl\\\/wp-content\\\/uploads\\\/2026\\\/01\\\/cassina-lc6-tafel.avif\",\"datePublished\":\"2026-01-07T10:06:55+00:00\",\"dateModified\":\"2026-01-08T08:47:08+00:00\",\"description\":\"Cassina Le Corbusier LC6 Tafel Helder Glas - Zwart| Eenvoudig te bestellen via onze webshop. Ontdek dit model en vele anderen in ons ruime assortiment!\",\"breadcrumb\":{\"@id\":\"https:\\\/\\\/www.zillions.nl\\\/product\\\/cassina-le-corbusier-lc6-tafel-helder-glas-zwart\\\/#breadcrumb\"},\"inLanguage\":\"de-DE\",\"potentialAction\":[{\"@type\":\"ReadAction\",\"target\":[\"https:\\\/\\\/www.zillions.nl\\\/product\\\/cassina-le-corbusier-lc6-tafel-helder-glas-zwart\\\/\"]}]},{\"@type\":\"ImageObject\",\"inLanguage\":\"de-DE\",\"@id\":\"https:\\\/\\\/www.zillions.nl\\\/product\\\/cassina-le-corbusier-lc6-tafel-helder-glas-zwart\\\/#primaryimage\",\"url\":\"https:\\\/\\\/www.zillions.nl\\\/wp-content\\\/uploads\\\/2026\\\/01\\\/cassina-lc6-tafel.avif\",\"contentUrl\":\"https:\\\/\\\/www.zillions.nl\\\/wp-content\\\/uploads\\\/2026\\\/01\\\/cassina-lc6-tafel.avif\",\"width\":700,\"height\":700},{\"@type\":\"BreadcrumbList\",\"@id\":\"https:\\\/\\\/www.zillions.nl\\\/product\\\/cassina-le-corbusier-lc6-tafel-helder-glas-zwart\\\/#breadcrumb\",\"itemListElement\":[{\"@type\":\"ListItem\",\"position\":1,\"name\":\"Home\",\"item\":\"https:\\\/\\\/www.zillions.nl\\\/\"},{\"@type\":\"ListItem\",\"position\":2,\"name\":\"Shop\",\"item\":\"https:\\\/\\\/www.zillions.nl\\\/shop\\\/\"},{\"@type\":\"ListItem\",\"position\":3,\"name\":\"Cassina Le Corbusier LC6 Tafel Helder Glas &#8211; Zwart\"}]},{\"@type\":\"WebSite\",\"@id\":\"https:\\\/\\\/www.zillions.nl\\\/de\\\/#website\",\"url\":\"https:\\\/\\\/www.zillions.nl\\\/de\\\/\",\"name\":\"Zillions: nieuw en gebruikt design meubilair en stoelen\",\"description\":\"Welkom bij Zillions: Zillions is gespecialiseerd in nieuw en gebruikt design meubilair en stoelen.\",\"publisher\":{\"@id\":\"https:\\\/\\\/www.zillions.nl\\\/de\\\/#organization\"},\"potentialAction\":[{\"@type\":\"SearchAction\",\"target\":{\"@type\":\"EntryPoint\",\"urlTemplate\":\"https:\\\/\\\/www.zillions.nl\\\/de\\\/?s={search_term_string}\"},\"query-input\":{\"@type\":\"PropertyValueSpecification\",\"valueRequired\":true,\"valueName\":\"search_term_string\"}}],\"inLanguage\":\"de-DE\"},{\"@type\":\"Organization\",\"@id\":\"https:\\\/\\\/www.zillions.nl\\\/de\\\/#organization\",\"name\":\"Zillions: nieuw en gebruikt design meubilair en stoelen\",\"url\":\"https:\\\/\\\/www.zillions.nl\\\/de\\\/\",\"logo\":{\"@type\":\"ImageObject\",\"inLanguage\":\"de-DE\",\"@id\":\"https:\\\/\\\/www.zillions.nl\\\/de\\\/#\\\/schema\\\/logo\\\/image\\\/\",\"url\":\"https:\\\/\\\/www.zillions.nl\\\/wp-content\\\/uploads\\\/2022\\\/11\\\/zillions.svg\",\"contentUrl\":\"https:\\\/\\\/www.zillions.nl\\\/wp-content\\\/uploads\\\/2022\\\/11\\\/zillions.svg\",\"width\":208,\"height\":53,\"caption\":\"Zillions: nieuw en gebruikt design meubilair en stoelen\"},\"image\":{\"@id\":\"https:\\\/\\\/www.zillions.nl\\\/de\\\/#\\\/schema\\\/logo\\\/image\\\/\"}}]}<\/script>\n<!-- \/ Yoast SEO plugin. -->","yoast_head_json":{"title":"Cassina Le Corbusier LC6 Tisch, Klarglas \u2013 Schwarz \u2013 Zillions: Neue und gebrauchte Designerm\u00f6bel und St\u00fchle","description":"Cassina Le Corbusier LC6 Tisch, Klarglas \u2013 Schwarz | Bestellen Sie bequem in unserem Webshop. Entdecken Sie dieses und viele weitere Modelle aus unserem umfangreichen Sortiment!","robots":{"index":"index","follow":"follow","max-snippet":"max-snippet:-1","max-image-preview":"max-image-preview:large","max-video-preview":"max-video-preview:-1"},"canonical":"https:\/\/www.zillions.nl\/de\/product\/cassina-le-corbusier-lc6-tafel-helder-glas-zwart\/","og_locale":"de_DE","og_type":"article","og_title":"Cassina Le Corbusier LC6 Tafel Helder Glas - Zwart - Zillions: nieuw en gebruikt design meubilair en stoelen","og_description":"Cassina Le Corbusier LC6 Tafel Helder Glas - Zwart| Eenvoudig te bestellen via onze webshop. Ontdek dit model en vele anderen in ons ruime assortiment!","og_url":"https:\/\/www.zillions.nl\/de\/product\/cassina-le-corbusier-lc6-tafel-helder-glas-zwart\/","og_site_name":"Zillions: nieuw en gebruikt design meubilair en stoelen","article_modified_time":"2026-01-08T08:47:08+00:00","twitter_card":"summary_large_image","twitter_misc":{"Est. reading time":"2 minutes"},"schema":{"@context":"https:\/\/schema.org","@graph":[{"@type":"WebPage","@id":"https:\/\/www.zillions.nl\/product\/cassina-le-corbusier-lc6-tafel-helder-glas-zwart\/","url":"https:\/\/www.zillions.nl\/product\/cassina-le-corbusier-lc6-tafel-helder-glas-zwart\/","name":"Cassina Le Corbusier LC6 Tisch, Klarglas \u2013 Schwarz \u2013 Zillions: Neue und gebrauchte Designerm\u00f6bel und St\u00fchle","isPartOf":{"@id":"https:\/\/www.zillions.nl\/de\/#website"},"primaryImageOfPage":{"@id":"https:\/\/www.zillions.nl\/product\/cassina-le-corbusier-lc6-tafel-helder-glas-zwart\/#primaryimage"},"image":{"@id":"https:\/\/www.zillions.nl\/product\/cassina-le-corbusier-lc6-tafel-helder-glas-zwart\/#primaryimage"},"thumbnailUrl":"https:\/\/www.zillions.nl\/wp-content\/uploads\/2026\/01\/cassina-lc6-tafel.avif","datePublished":"2026-01-07T10:06:55+00:00","dateModified":"2026-01-08T08:47:08+00:00","description":"Cassina Le Corbusier LC6 Tisch, Klarglas \u2013 Schwarz | Bestellen Sie bequem in unserem Webshop. Entdecken Sie dieses und viele weitere Modelle aus unserem umfangreichen Sortiment!","breadcrumb":{"@id":"https:\/\/www.zillions.nl\/product\/cassina-le-corbusier-lc6-tafel-helder-glas-zwart\/#breadcrumb"},"inLanguage":"de-DE","potentialAction":[{"@type":"ReadAction","target":["https:\/\/www.zillions.nl\/product\/cassina-le-corbusier-lc6-tafel-helder-glas-zwart\/"]}]},{"@type":"ImageObject","inLanguage":"de-DE","@id":"https:\/\/www.zillions.nl\/product\/cassina-le-corbusier-lc6-tafel-helder-glas-zwart\/#primaryimage","url":"https:\/\/www.zillions.nl\/wp-content\/uploads\/2026\/01\/cassina-lc6-tafel.avif","contentUrl":"https:\/\/www.zillions.nl\/wp-content\/uploads\/2026\/01\/cassina-lc6-tafel.avif","width":700,"height":700},{"@type":"BreadcrumbList","@id":"https:\/\/www.zillions.nl\/product\/cassina-le-corbusier-lc6-tafel-helder-glas-zwart\/#breadcrumb","itemListElement":[{"@type":"ListItem","position":1,"name":"Home","item":"https:\/\/www.zillions.nl\/"},{"@type":"ListItem","position":2,"name":"Shop","item":"https:\/\/www.zillions.nl\/shop\/"},{"@type":"ListItem","position":3,"name":"Cassina Le Corbusier LC6 Tafel Helder Glas &#8211; Zwart"}]},{"@type":"WebSite","@id":"https:\/\/www.zillions.nl\/de\/#website","url":"https:\/\/www.zillions.nl\/de\/","name":"Zillionen: neue und gebrauchte Designerm\u00f6bel und St\u00fchle","description":"Willkommen bei Zillions: Zillions ist auf neue und gebrauchte Designm\u00f6bel und St\u00fchle spezialisiert.","publisher":{"@id":"https:\/\/www.zillions.nl\/de\/#organization"},"potentialAction":[{"@type":"SearchAction","target":{"@type":"EntryPoint","urlTemplate":"https:\/\/www.zillions.nl\/de\/?s={search_term_string}"},"query-input":{"@type":"PropertyValueSpecification","valueRequired":true,"valueName":"search_term_string"}}],"inLanguage":"de-DE"},{"@type":"Organization","@id":"https:\/\/www.zillions.nl\/de\/#organization","name":"Zillionen: neue und gebrauchte Designerm\u00f6bel und St\u00fchle","url":"https:\/\/www.zillions.nl\/de\/","logo":{"@type":"ImageObject","inLanguage":"de-DE","@id":"https:\/\/www.zillions.nl\/de\/#\/schema\/logo\/image\/","url":"https:\/\/www.zillions.nl\/wp-content\/uploads\/2022\/11\/zillions.svg","contentUrl":"https:\/\/www.zillions.nl\/wp-content\/uploads\/2022\/11\/zillions.svg","width":208,"height":53,"caption":"Zillions: nieuw en gebruikt design meubilair en stoelen"},"image":{"@id":"https:\/\/www.zillions.nl\/de\/#\/schema\/logo\/image\/"}}]}},"_links":{"self":[{"href":"https:\/\/www.zillions.nl\/de\/wp-json\/wp\/v2\/product\/20882","targetHints":{"allow":["GET"]}}],"collection":[{"href":"https:\/\/www.zillions.nl\/de\/wp-json\/wp\/v2\/product"}],"about":[{"href":"https:\/\/www.zillions.nl\/de\/wp-json\/wp\/v2\/types\/product"}],"wp:featuredmedia":[{"embeddable":true,"href":"https:\/\/www.zillions.nl\/de\/wp-json\/wp\/v2\/media\/20884"}],"wp:attachment":[{"href":"https:\/\/www.zillions.nl\/de\/wp-json\/wp\/v2\/media?parent=20882"}],"wp:term":[{"taxonomy":"product_brand","embeddable":true,"href":"https:\/\/www.zillions.nl\/de\/wp-json\/wp\/v2\/product_brand?post=20882"},{"taxonomy":"product_cat","embeddable":true,"href":"https:\/\/www.zillions.nl\/de\/wp-json\/wp\/v2\/product_cat?post=20882"},{"taxonomy":"product_tag","embeddable":true,"href":"https:\/\/www.zillions.nl\/de\/wp-json\/wp\/v2\/product_tag?post=20882"}],"curies":[{"name":"wp","href":"https:\/\/api.w.org\/{rel}","templated":true}]}}