{"id":20637,"date":"2025-12-22T15:10:51","date_gmt":"2025-12-22T14:10:51","guid":{"rendered":"https:\/\/www.zillions.nl\/?post_type=product&#038;p=20637"},"modified":"2026-01-10T16:43:48","modified_gmt":"2026-01-10T15:43:48","slug":"leolux-parabolica-fauteuil-senso-teal-leer-aluminium","status":"publish","type":"product","link":"https:\/\/www.zillions.nl\/de\/product\/leolux-parabolica-fauteuil-senso-teal-leer-aluminium\/","title":{"rendered":"Leolux Parabolica Sessel Senso, Leder in T\u00fcrkis \u2013 Aluminium"},"content":{"rendered":"<p>Leolux Parabolica Sessel in Senso Teal Leder und mit Aluminiumrahmen.<\/p>\n<p>Dieser ikonische Leolux Parabolica Drehsessel, entworfen von Stefan Heiliger, ist mit luxuri\u00f6sem Senso-Leder in Petrol bezogen und verf\u00fcgt \u00fcber ein Aluminiumgestell. Der Parabolica Sessel ist vielseitig und flexibel einsetzbar. Dank seiner einzigartigen asymmetrischen Form und der hochwertigen Verarbeitung ist er nicht nur ein funktionales M\u00f6belst\u00fcck, sondern auch ein echter Blickfang und eine stilvolle, zeitlose Bereicherung f\u00fcr jedes Interieur. Die Sessel sind Originale der Marke 100% und weisen alle Authentizit\u00e4tsmerkmale auf.<\/p>\n<p><strong>Zustand:<\/strong>\u00a0neu; 100% neu, unbenutzt, in der versiegelten Verpackung<\/p>\n<p><strong>Lieferung ab Lager<\/strong><\/p>\n<p><strong>Hinweis:\u00a0<\/strong>Die angezeigten Preise sind\u00a0<u>pro St\u00fcck<\/u>!<\/p>\n<p>Spezifikationen:<br \/>\n<strong>Sitz:<\/strong> Leder, Senso: T\u00fcrkis; drehbar<br \/>\n<strong>Rahmen:<\/strong>\u00a0Aluminium, geb\u00fcrstet<br \/>\n<strong>Armlehne:<\/strong>\u00a024 cm hoch<br \/>\n<strong>R\u00fcckenlehne:<\/strong>\u00a060 cm<br \/>\n<strong>Sitzh\u00f6he:<\/strong>\u00a034 cm<br \/>\n<strong>Sitzbreite:<\/strong>\u00a046 cm<br \/>\n<strong>Sitztiefe:\u00a0<\/strong>105 cm<br \/>\n<strong>Volle H\u00f6he:<\/strong>\u00a082 cm<br \/>\n<strong>Volle Breite:<\/strong>\u00a095 cm<br \/>\n<strong>Volle Tiefe:\u00a0<\/strong>150 cm<\/p>\n<p>Wenn Sie Fragen haben oder einen unverbindlichen Besichtigungstermin vereinbaren m\u00f6chten, k\u00f6nnen Sie sich gerne an uns wenden. Lieferung durch unseren eigenen Lieferservice m\u00f6glich! Besuchen Sie unsere Website f\u00fcr viele weitere Designartikel!<\/p>\n<p><strong>Kontaktdaten (Besuch nach Vereinbarung):<\/strong><br \/>\nIndustrieweg 21<br \/>\n4131NK Vianen<br \/>\ninfo@zillions.nl<br \/>\n030 20 72 146<\/p>","protected":false},"excerpt":{"rendered":"<p>Leolux Parabolica fauteuil in Senso Teal leer en met een aluminium frame. Deze iconische Leolux Parabolica draaifauteuil, ontworpen door Stefan Heiliger, is uitgevoerd in luxe Senso leder in de kleur Teal en is voorzien van een aluminium onderstel. de Parabolica fauteuil zorgt voor veelzijdigheid en flexibiliteit in gebruik en dankzij de unieke asymmetrische vorm en [&hellip;]<\/p>\n","protected":false},"featured_media":20638,"template":"","meta":{"_acf_changed":false},"product_brand":[225],"product_cat":[16,188],"product_tag":[],"class_list":{"0":"post-20637","1":"product","2":"type-product","3":"status-publish","4":"has-post-thumbnail","6":"product_brand-leolux","7":"product_cat-alle-producten","8":"product_cat-fauteuils","10":"first","11":"outofstock","12":"purchasable","13":"product-type-simple"},"acf":[],"yoast_head":"<!-- This site is optimized with the Yoast SEO plugin v27.5 - https:\/\/yoast.com\/product\/yoast-seo-wordpress\/ -->\n<title>Leolux Parabolica Fauteuil Senso Teal Leer \u2013 Aluminium - Zillions: nieuw en gebruikt design meubilair en stoelen<\/title>\n<meta name=\"description\" content=\"Leolux Parabolica Fauteuil Senso Teal Leer \u2013 Aluminium| Eenvoudig te bestellen via onze webshop. Ontdek dit model en vele anderen in ons ruime assortiment!\" \/>\n<meta name=\"robots\" content=\"index, follow, max-snippet:-1, max-image-preview:large, max-video-preview:-1\" \/>\n<link rel=\"canonical\" href=\"https:\/\/www.zillions.nl\/de\/product\/leolux-parabolica-fauteuil-senso-teal-leer-aluminium\/\" \/>\n<meta property=\"og:locale\" content=\"de_DE\" \/>\n<meta property=\"og:type\" content=\"article\" \/>\n<meta property=\"og:title\" content=\"Leolux Parabolica Fauteuil Senso Teal Leer \u2013 Aluminium - Zillions: nieuw en gebruikt design meubilair en stoelen\" \/>\n<meta property=\"og:description\" content=\"Leolux Parabolica Fauteuil Senso Teal Leer \u2013 Aluminium| Eenvoudig te bestellen via onze webshop. Ontdek dit model en vele anderen in ons ruime assortiment!\" \/>\n<meta property=\"og:url\" content=\"https:\/\/www.zillions.nl\/de\/product\/leolux-parabolica-fauteuil-senso-teal-leer-aluminium\/\" \/>\n<meta property=\"og:site_name\" content=\"Zillions: nieuw en gebruikt design meubilair en stoelen\" \/>\n<meta property=\"article:modified_time\" content=\"2026-01-10T15:43:48+00:00\" \/>\n<meta property=\"og:image\" content=\"https:\/\/www.zillions.nl\/wp-content\/uploads\/2025\/12\/Leolux-Parabolica-Fauteuil-Senso-Teal-Leer-\u2013-Aluminium2.png\" \/>\n\t<meta property=\"og:image:width\" content=\"705\" \/>\n\t<meta property=\"og:image:height\" content=\"813\" \/>\n\t<meta property=\"og:image:type\" content=\"image\/png\" \/>\n<meta name=\"twitter:card\" content=\"summary_large_image\" \/>\n<meta name=\"twitter:label1\" content=\"Est. reading time\" \/>\n\t<meta name=\"twitter:data1\" content=\"2 minutes\" \/>\n<script type=\"application\/ld+json\" class=\"yoast-schema-graph\">{\"@context\":\"https:\\\/\\\/schema.org\",\"@graph\":[{\"@type\":\"WebPage\",\"@id\":\"https:\\\/\\\/www.zillions.nl\\\/product\\\/leolux-parabolica-fauteuil-senso-teal-leer-aluminium\\\/\",\"url\":\"https:\\\/\\\/www.zillions.nl\\\/product\\\/leolux-parabolica-fauteuil-senso-teal-leer-aluminium\\\/\",\"name\":\"Leolux Parabolica Fauteuil Senso Teal Leer \u2013 Aluminium - Zillions: nieuw en gebruikt design meubilair en stoelen\",\"isPartOf\":{\"@id\":\"https:\\\/\\\/www.zillions.nl\\\/de\\\/#website\"},\"primaryImageOfPage\":{\"@id\":\"https:\\\/\\\/www.zillions.nl\\\/product\\\/leolux-parabolica-fauteuil-senso-teal-leer-aluminium\\\/#primaryimage\"},\"image\":{\"@id\":\"https:\\\/\\\/www.zillions.nl\\\/product\\\/leolux-parabolica-fauteuil-senso-teal-leer-aluminium\\\/#primaryimage\"},\"thumbnailUrl\":\"https:\\\/\\\/www.zillions.nl\\\/wp-content\\\/uploads\\\/2025\\\/12\\\/Leolux-Parabolica-Fauteuil-Senso-Teal-Leer-\u2013-Aluminium2.png\",\"datePublished\":\"2025-12-22T14:10:51+00:00\",\"dateModified\":\"2026-01-10T15:43:48+00:00\",\"description\":\"Leolux Parabolica Fauteuil Senso Teal Leer \u2013 Aluminium| Eenvoudig te bestellen via onze webshop. Ontdek dit model en vele anderen in ons ruime assortiment!\",\"breadcrumb\":{\"@id\":\"https:\\\/\\\/www.zillions.nl\\\/product\\\/leolux-parabolica-fauteuil-senso-teal-leer-aluminium\\\/#breadcrumb\"},\"inLanguage\":\"de-DE\",\"potentialAction\":[{\"@type\":\"ReadAction\",\"target\":[\"https:\\\/\\\/www.zillions.nl\\\/product\\\/leolux-parabolica-fauteuil-senso-teal-leer-aluminium\\\/\"]}]},{\"@type\":\"ImageObject\",\"inLanguage\":\"de-DE\",\"@id\":\"https:\\\/\\\/www.zillions.nl\\\/product\\\/leolux-parabolica-fauteuil-senso-teal-leer-aluminium\\\/#primaryimage\",\"url\":\"https:\\\/\\\/www.zillions.nl\\\/wp-content\\\/uploads\\\/2025\\\/12\\\/Leolux-Parabolica-Fauteuil-Senso-Teal-Leer-\u2013-Aluminium2.png\",\"contentUrl\":\"https:\\\/\\\/www.zillions.nl\\\/wp-content\\\/uploads\\\/2025\\\/12\\\/Leolux-Parabolica-Fauteuil-Senso-Teal-Leer-\u2013-Aluminium2.png\",\"width\":705,\"height\":813},{\"@type\":\"BreadcrumbList\",\"@id\":\"https:\\\/\\\/www.zillions.nl\\\/product\\\/leolux-parabolica-fauteuil-senso-teal-leer-aluminium\\\/#breadcrumb\",\"itemListElement\":[{\"@type\":\"ListItem\",\"position\":1,\"name\":\"Home\",\"item\":\"https:\\\/\\\/www.zillions.nl\\\/\"},{\"@type\":\"ListItem\",\"position\":2,\"name\":\"Shop\",\"item\":\"https:\\\/\\\/www.zillions.nl\\\/shop\\\/\"},{\"@type\":\"ListItem\",\"position\":3,\"name\":\"Leolux Parabolica Fauteuil Senso Teal Leer \u2013 Aluminium\"}]},{\"@type\":\"WebSite\",\"@id\":\"https:\\\/\\\/www.zillions.nl\\\/de\\\/#website\",\"url\":\"https:\\\/\\\/www.zillions.nl\\\/de\\\/\",\"name\":\"Zillions: nieuw en gebruikt design meubilair en stoelen\",\"description\":\"Welkom bij Zillions: Zillions is gespecialiseerd in nieuw en gebruikt design meubilair en stoelen.\",\"publisher\":{\"@id\":\"https:\\\/\\\/www.zillions.nl\\\/de\\\/#organization\"},\"potentialAction\":[{\"@type\":\"SearchAction\",\"target\":{\"@type\":\"EntryPoint\",\"urlTemplate\":\"https:\\\/\\\/www.zillions.nl\\\/de\\\/?s={search_term_string}\"},\"query-input\":{\"@type\":\"PropertyValueSpecification\",\"valueRequired\":true,\"valueName\":\"search_term_string\"}}],\"inLanguage\":\"de-DE\"},{\"@type\":\"Organization\",\"@id\":\"https:\\\/\\\/www.zillions.nl\\\/de\\\/#organization\",\"name\":\"Zillions: nieuw en gebruikt design meubilair en stoelen\",\"url\":\"https:\\\/\\\/www.zillions.nl\\\/de\\\/\",\"logo\":{\"@type\":\"ImageObject\",\"inLanguage\":\"de-DE\",\"@id\":\"https:\\\/\\\/www.zillions.nl\\\/de\\\/#\\\/schema\\\/logo\\\/image\\\/\",\"url\":\"https:\\\/\\\/www.zillions.nl\\\/wp-content\\\/uploads\\\/2022\\\/11\\\/zillions.svg\",\"contentUrl\":\"https:\\\/\\\/www.zillions.nl\\\/wp-content\\\/uploads\\\/2022\\\/11\\\/zillions.svg\",\"width\":208,\"height\":53,\"caption\":\"Zillions: nieuw en gebruikt design meubilair en stoelen\"},\"image\":{\"@id\":\"https:\\\/\\\/www.zillions.nl\\\/de\\\/#\\\/schema\\\/logo\\\/image\\\/\"}}]}<\/script>\n<!-- \/ Yoast SEO plugin. -->","yoast_head_json":{"title":"Leolux Parabolica Sessel Senso, Leder in T\u00fcrkis \u2013 Aluminium \u2013 Zillions: Neue und gebrauchte Designm\u00f6bel und St\u00fchle","description":"Leolux Parabolica Sessel Senso, Leder in T\u00fcrkis \u2013 Aluminium | Bestellen Sie bequem in unserem Webshop. Entdecken Sie dieses und viele weitere Modelle aus unserem umfangreichen Sortiment!","robots":{"index":"index","follow":"follow","max-snippet":"max-snippet:-1","max-image-preview":"max-image-preview:large","max-video-preview":"max-video-preview:-1"},"canonical":"https:\/\/www.zillions.nl\/de\/product\/leolux-parabolica-fauteuil-senso-teal-leer-aluminium\/","og_locale":"de_DE","og_type":"article","og_title":"Leolux Parabolica Fauteuil Senso Teal Leer \u2013 Aluminium - Zillions: nieuw en gebruikt design meubilair en stoelen","og_description":"Leolux Parabolica Fauteuil Senso Teal Leer \u2013 Aluminium| Eenvoudig te bestellen via onze webshop. Ontdek dit model en vele anderen in ons ruime assortiment!","og_url":"https:\/\/www.zillions.nl\/de\/product\/leolux-parabolica-fauteuil-senso-teal-leer-aluminium\/","og_site_name":"Zillions: nieuw en gebruikt design meubilair en stoelen","article_modified_time":"2026-01-10T15:43:48+00:00","og_image":[{"width":705,"height":813,"url":"https:\/\/www.zillions.nl\/wp-content\/uploads\/2025\/12\/Leolux-Parabolica-Fauteuil-Senso-Teal-Leer-\u2013-Aluminium2.png","type":"image\/png"}],"twitter_card":"summary_large_image","twitter_misc":{"Est. reading time":"2 minutes"},"schema":{"@context":"https:\/\/schema.org","@graph":[{"@type":"WebPage","@id":"https:\/\/www.zillions.nl\/product\/leolux-parabolica-fauteuil-senso-teal-leer-aluminium\/","url":"https:\/\/www.zillions.nl\/product\/leolux-parabolica-fauteuil-senso-teal-leer-aluminium\/","name":"Leolux Parabolica Sessel Senso, Leder in T\u00fcrkis \u2013 Aluminium \u2013 Zillions: Neue und gebrauchte Designm\u00f6bel und St\u00fchle","isPartOf":{"@id":"https:\/\/www.zillions.nl\/de\/#website"},"primaryImageOfPage":{"@id":"https:\/\/www.zillions.nl\/product\/leolux-parabolica-fauteuil-senso-teal-leer-aluminium\/#primaryimage"},"image":{"@id":"https:\/\/www.zillions.nl\/product\/leolux-parabolica-fauteuil-senso-teal-leer-aluminium\/#primaryimage"},"thumbnailUrl":"https:\/\/www.zillions.nl\/wp-content\/uploads\/2025\/12\/Leolux-Parabolica-Fauteuil-Senso-Teal-Leer-\u2013-Aluminium2.png","datePublished":"2025-12-22T14:10:51+00:00","dateModified":"2026-01-10T15:43:48+00:00","description":"Leolux Parabolica Sessel Senso, Leder in T\u00fcrkis \u2013 Aluminium | Bestellen Sie bequem in unserem Webshop. Entdecken Sie dieses und viele weitere Modelle aus unserem umfangreichen Sortiment!","breadcrumb":{"@id":"https:\/\/www.zillions.nl\/product\/leolux-parabolica-fauteuil-senso-teal-leer-aluminium\/#breadcrumb"},"inLanguage":"de-DE","potentialAction":[{"@type":"ReadAction","target":["https:\/\/www.zillions.nl\/product\/leolux-parabolica-fauteuil-senso-teal-leer-aluminium\/"]}]},{"@type":"ImageObject","inLanguage":"de-DE","@id":"https:\/\/www.zillions.nl\/product\/leolux-parabolica-fauteuil-senso-teal-leer-aluminium\/#primaryimage","url":"https:\/\/www.zillions.nl\/wp-content\/uploads\/2025\/12\/Leolux-Parabolica-Fauteuil-Senso-Teal-Leer-\u2013-Aluminium2.png","contentUrl":"https:\/\/www.zillions.nl\/wp-content\/uploads\/2025\/12\/Leolux-Parabolica-Fauteuil-Senso-Teal-Leer-\u2013-Aluminium2.png","width":705,"height":813},{"@type":"BreadcrumbList","@id":"https:\/\/www.zillions.nl\/product\/leolux-parabolica-fauteuil-senso-teal-leer-aluminium\/#breadcrumb","itemListElement":[{"@type":"ListItem","position":1,"name":"Home","item":"https:\/\/www.zillions.nl\/"},{"@type":"ListItem","position":2,"name":"Shop","item":"https:\/\/www.zillions.nl\/shop\/"},{"@type":"ListItem","position":3,"name":"Leolux Parabolica Fauteuil Senso Teal Leer \u2013 Aluminium"}]},{"@type":"WebSite","@id":"https:\/\/www.zillions.nl\/de\/#website","url":"https:\/\/www.zillions.nl\/de\/","name":"Zillionen: neue und gebrauchte Designerm\u00f6bel und St\u00fchle","description":"Willkommen bei Zillions: Zillions ist auf neue und gebrauchte Designm\u00f6bel und St\u00fchle spezialisiert.","publisher":{"@id":"https:\/\/www.zillions.nl\/de\/#organization"},"potentialAction":[{"@type":"SearchAction","target":{"@type":"EntryPoint","urlTemplate":"https:\/\/www.zillions.nl\/de\/?s={search_term_string}"},"query-input":{"@type":"PropertyValueSpecification","valueRequired":true,"valueName":"search_term_string"}}],"inLanguage":"de-DE"},{"@type":"Organization","@id":"https:\/\/www.zillions.nl\/de\/#organization","name":"Zillionen: neue und gebrauchte Designerm\u00f6bel und St\u00fchle","url":"https:\/\/www.zillions.nl\/de\/","logo":{"@type":"ImageObject","inLanguage":"de-DE","@id":"https:\/\/www.zillions.nl\/de\/#\/schema\/logo\/image\/","url":"https:\/\/www.zillions.nl\/wp-content\/uploads\/2022\/11\/zillions.svg","contentUrl":"https:\/\/www.zillions.nl\/wp-content\/uploads\/2022\/11\/zillions.svg","width":208,"height":53,"caption":"Zillions: nieuw en gebruikt design meubilair en stoelen"},"image":{"@id":"https:\/\/www.zillions.nl\/de\/#\/schema\/logo\/image\/"}}]}},"_links":{"self":[{"href":"https:\/\/www.zillions.nl\/de\/wp-json\/wp\/v2\/product\/20637","targetHints":{"allow":["GET"]}}],"collection":[{"href":"https:\/\/www.zillions.nl\/de\/wp-json\/wp\/v2\/product"}],"about":[{"href":"https:\/\/www.zillions.nl\/de\/wp-json\/wp\/v2\/types\/product"}],"wp:featuredmedia":[{"embeddable":true,"href":"https:\/\/www.zillions.nl\/de\/wp-json\/wp\/v2\/media\/20638"}],"wp:attachment":[{"href":"https:\/\/www.zillions.nl\/de\/wp-json\/wp\/v2\/media?parent=20637"}],"wp:term":[{"taxonomy":"product_brand","embeddable":true,"href":"https:\/\/www.zillions.nl\/de\/wp-json\/wp\/v2\/product_brand?post=20637"},{"taxonomy":"product_cat","embeddable":true,"href":"https:\/\/www.zillions.nl\/de\/wp-json\/wp\/v2\/product_cat?post=20637"},{"taxonomy":"product_tag","embeddable":true,"href":"https:\/\/www.zillions.nl\/de\/wp-json\/wp\/v2\/product_tag?post=20637"}],"curies":[{"name":"wp","href":"https:\/\/api.w.org\/{rel}","templated":true}]}}